{"id":979,"date":"2022-03-25T17:17:24","date_gmt":"2022-03-25T17:17:24","guid":{"rendered":"https:\/\/www.safinel.fr\/?post_type=product&#038;p=979"},"modified":"2025-11-06T10:35:56","modified_gmt":"2025-11-06T10:35:56","slug":"folha-de-eucalipto","status":"publish","type":"product","link":"https:\/\/www.safinel.fr\/pt\/product-2\/folha-de-eucalipto\/","title":{"rendered":"Folha de eucalipto 100 g"},"content":{"rendered":"<p>A<strong>\u00a0folha de eucalipto\u00a0<\/strong>? Esta<strong>\u00a0planta multiuso\u00a0<\/strong>\u00e9 um segredo de beleza que faz maravilhas.<\/p>\n<p>Ela possui\u00a0<strong>benef\u00edcios\u00a0<\/strong>que n\u00e3o s\u00e3o insignificantes! Na verdade, trata-se do\u00a0<strong>indispens\u00e1vel<\/strong>\u00a0para a sua rotina de cuidados e beleza.<\/p>\n<h2><strong>Folha de eucalipto: o que \u00e9 isso?<\/strong><\/h2>\n<p>O\u2019<strong>eucalipto<\/strong>\u00a0chamado por vezes de \u201cgommier\u201d \u00e9 um<strong>\u00a0grande \u00e1rvore arom\u00e1tica<\/strong>\u00a0origin\u00e1ria essencialmente da Austr\u00e1lia. Representa 95% das florestas do continente. Da mesma forma, hoje em dia est\u00e3o presentes em\u00a0<strong>muitas regi\u00f5es do mundo<\/strong>. De facto, foram registadas mais de 800 esp\u00e9cies.<\/p>\n<p>\u00c9 importante notar tamb\u00e9m que este tipo de \u00e1rvore pode variar em tamanho e atingir at\u00e9 90 metros de altura. A sua principal vantagem \u00e9\u00a0<strong>a sua folhagem\u00a0<\/strong>de uma beleza incompar\u00e1vel e de<strong>\u00a0benef\u00edcios surpreendentes<\/strong>.<\/p>\n<p>De facto, a\u00a0<strong>folha de eucalipto<\/strong>\u00a0\u00e9 rico em \u00f3leo essencial e \u00e9 utilizado na fitoterapia para ajudar a tratar\u00a0<strong>diferentes males<\/strong>. Pode ser utilizada de v\u00e1rias formas (infus\u00e3o, c\u00e1psulas, solu\u00e7\u00e3o beb\u00edvel, etc.). Al\u00e9m disso, esta folha possui um aroma e um sabor caracter\u00edsticos muito frescos e intensos. Por isso, a infus\u00e3o desta folha \u00e9 muito agrad\u00e1vel de beber.<\/p>\n<p>A folha de eucalipto tem in\u00fameros benef\u00edcios que v\u00e3o surpreender voc\u00ea! Ent\u00e3o n\u00e3o espere mais para adquirir a sua.\u00a0<strong>esta planta<\/strong>.<\/p>\n<h2><strong>A composi\u00e7\u00e3o do eucalipto\u00a0<\/strong><\/h2>\n<p>Poder\u00edamos perguntar-nos por que raz\u00e3o estas folhas s\u00e3o\u00a0<strong>ricos em virtudes<\/strong>. Isso deve-se simplesmente \u00e0 sua composi\u00e7\u00e3o.<\/p>\n<p>Colhida na matura\u00e7\u00e3o, esta folha \u00e9 utilizada na fitoterapia gra\u00e7as aos princ\u00edpios ativos que cont\u00e9m. E essas propriedades prov\u00eam principalmente de um\u00a0<strong>\u00e9ter-\u00f3xido terpenico<\/strong>\u00a0contido no \u00f3leo essencial desta folha, o\u00a0<strong>cineol<\/strong>. Mas tamb\u00e9m devido \u00e0 sua concentra\u00e7\u00e3o em\u00a0<strong>flavonoides<\/strong>,<strong>\u00a0taninos<\/strong>,\u00a0<strong>resina<\/strong>, etc.<\/p>\n<p>Esta folha \u00e9 utilizada fresca ou seca para fazer infus\u00f5es ou mesmo tinturas, por exemplo. Pode at\u00e9 ser destilada para obter \u00f3leo essencial.<\/p>\n<h3><strong>Quais s\u00e3o os benef\u00edcios da folha de eucalipto?\u00a0<\/strong><\/h3>\n<p>A folha de eucalipto possui\u00a0<strong>muitas propriedades<\/strong>. Para isso, vamos descobrir alguns desses benef\u00edcios.<\/p>\n<ul>\n<li><strong>A\u00e7\u00e3o na esfera respirat\u00f3ria<\/strong>\u00a0:<\/li>\n<\/ul>\n<p>O eucalipto \u00e9, sem d\u00favida, uma das variedades mais eficazes no que diz respeito aos seus efeitos sobre o sistema respirat\u00f3rio. E isso gra\u00e7as \u00e0s suas propriedades expectorantes, descongestionantes e antiss\u00e9pticas.<\/p>\n<p>A sua a\u00e7\u00e3o descongestionante serve para regular a hipersecre\u00e7\u00e3o de muco pelos br\u00f4nquios e o cineol fluidifica. Da mesma forma, ajuda a expelir o muco das vias respirat\u00f3rias.<\/p>\n<p>Essa mesma combina\u00e7\u00e3o confere \u00e0 folha de eucalipto suas propriedades antiss\u00e9pticas, antibacterianas, antivirais e antif\u00fangicas. Isso permite combater certos tipos de bact\u00e9rias, v\u00edrus e fungos.<\/p>\n<p>Assim, \u00e9 geralmente prescrita na medicina tradicional contra bronquites, rinofaringites, constipa\u00e7\u00f5es, dores de garganta ou mesmo estados gripais.<\/p>\n<p>Da mesma forma, se procura uma planta com a\u00e7\u00e3o na esfera respirat\u00f3ria, descubra\u00a0<a href=\"https:\/\/www.safinel.fr\/pt\/product-2\/hissopo\/\"><strong>as folhas de hissopo<\/strong><\/a>. Esta ajuda a desobstruir o sistema respirat\u00f3rio.<\/p>\n<ul>\n<li>Al\u00e9m disso, ela possui uma<strong>\u00a0efeito analg\u00e9sico<\/strong>\u00a0:<\/li>\n<\/ul>\n<p>A folha de eucalipto tamb\u00e9m \u00e9 utilizada pelas suas propriedades analg\u00e9sicas e anti-inflamat\u00f3rias para combater a inflama\u00e7\u00e3o e as dores. Permite aliviar as dores relacionadas com a artrite e o reumatismo, mas tamb\u00e9m as dores das enxaquecas e as inflama\u00e7\u00f5es das mucosas.<\/p>\n<ul>\n<li>Por fim,\u00a0<strong>a\u00e7\u00e3o sobre as infec\u00e7\u00f5es<\/strong>\u00a0:<\/li>\n<\/ul>\n<p>Gra\u00e7as \u00e0s suas\u00a0<strong>poderosas propriedades antiss\u00e9pticas<\/strong>, o eucalipto pode ajudar a aliviar infec\u00e7\u00f5es. E, em particular, infec\u00e7\u00f5es urin\u00e1rias.<\/p>\n<ul>\n<li>E\u00a0<strong>outros benef\u00edcios\u00a0<\/strong>:<\/li>\n<\/ul>\n<p>A folha de eucalipto tamb\u00e9m pode ser \u00fatil para:<\/p>\n<ul>\n<li>Ondas de calor (como as da menopausa); ;<\/li>\n<li>Incha\u00e7o abdominal; ;<\/li>\n<li>Contra a fadiga; ;<\/li>\n<li>Diabetes; ;<\/li>\n<li>Ou ainda para a digest\u00e3o.<\/li>\n<\/ul>\n<p>Basta escolher para que benef\u00edcios deseja utiliz\u00e1-lo.<\/p>\n<h2><strong>Como aproveitar os benef\u00edcios da folha de eucalipto?\u00a0<\/strong><\/h2>\n<p>Para aproveitar os benef\u00edcios da folha de eucalipto, h\u00e1 muitas op\u00e7\u00f5es \u00e0 sua disposi\u00e7\u00e3o.<\/p>\n<ul>\n<li>De facto, poder\u00e1 utiliz\u00e1-lo em\u00a0<strong>infus\u00e3o<\/strong>\u00a0:<\/li>\n<\/ul>\n<p>Basta aquecer 150 ml de \u00e1gua e, quando ferver, colocar entre 3 a 4 g de folhas secas para infundir durante cerca de dez minutos.<\/p>\n<p>No que diz respeito \u00e0\u00a0<strong>dosagem<\/strong>, recomenda-se beber 2 a 3 ch\u00e1venas por dia.<\/p>\n<ul>\n<li>Al\u00e9m disso, tamb\u00e9m poder\u00e1 fazer<strong>\u00a0enxaguantes bucais\u00a0<\/strong>:<\/li>\n<\/ul>\n<p>Para isso, ferva 100 ml de \u00e1gua e adicione folhas de eucalipto durante 10 a 15 minutos.<\/p>\n<p>Depois, basta usar a infus\u00e3o, uma vez arrefecida, para enxaguar a boca, duas a tr\u00eas vezes por dia.<\/p>\n<ul>\n<li>Por fim, tamb\u00e9m poder\u00e1 fazer\u00a0<strong>associa\u00e7\u00f5es ben\u00e9ficas<\/strong>\u00a0:<\/li>\n<\/ul>\n<p>Associadas a outras plantas, especiarias ou ervas medicinais, as<strong>\u00a0virtudes da folha de eucalipto<\/strong>\u00a0ser\u00e3o refor\u00e7adas.<\/p>\n<p>Para usar a sua a\u00e7\u00e3o principal, contra gripes, constipa\u00e7\u00f5es e outros problemas virais, \u00e9 bom adicionar outras ervas antiss\u00e9pticas. Tais como<strong>\u00a0<a href=\"https:\/\/www.safinel.fr\/pt\/product-2\/folhas-de-tulsi\/\">folhas de tulsi<\/a><\/strong>, manjeric\u00e3o ou cravo-da-\u00edndia.<\/p>\n<p>No que diz respeito \u00e0 dor de garganta, pode ser ben\u00e9fico adicionar tomilho ou mesmo mel.<\/p>\n<p>No que diz respeito ao incha\u00e7o, \u00e9 interessante associar o eucalipto a plantas com a mesma a\u00e7\u00e3o.<\/p>\n<p>Seja qual for o mal que voc\u00ea deseja aliviar, a folha de eucalipto tem muito mais do que um truque na manga para satisfazer voc\u00ea!<\/p>\n<h2><strong>Como conservar a folha de eucalipto?<\/strong><\/h2>\n<p>Os<strong>\u00a0folhas<\/strong>\u00a0que lhe oferecemos s\u00e3o previamente secas. Al\u00e9m disso, isso poupar-lhe-\u00e1 tempo. Com efeito, estas folhas beneficiaram de um\u00a0<strong>secagem natural\u00a0<\/strong>o que permite que sejam conservados de forma ideal.<\/p>\n<p>Estas \u00faltimas podem ser conservadas durante um longo per\u00edodo. Para tal, existem algumas condi\u00e7\u00f5es que devem ser cumpridas. Vamos analis\u00e1-las em conjunto:<\/p>\n<ul>\n<li>Em primeiro lugar, deve-se colocar essas folhas num local arejado e escuro, sem contacto direto com o sol. Na verdade, os raios UV podem ter efeitos nocivos nas folhas e nos seus nutrientes.<\/li>\n<\/ul>\n<ul>\n<li>Al\u00e9m disso, \u00e9 importante proteg\u00ea-los da humidade. Devem ser guardados num local limpo e seco.<\/li>\n<\/ul>\n<ul>\n<li>Por fim, \u00e9 fundamental armazen\u00e1-los num recipiente hermeticamente fechado.<\/li>\n<\/ul>\n<h3><strong>Precau\u00e7\u00f5es<\/strong><\/h3>\n<p>Por precau\u00e7\u00e3o, \u00e9\u00a0<strong>desaconselhado<\/strong>\u00a0utilizar eucalipto em crian\u00e7as pequenas e em mulheres gr\u00e1vidas ou a amamentar.<\/p>\n<p>Da mesma forma, \u00e9 importante notar que o consumo excessivo da folha de eucalipto pode causar n\u00e1useas, v\u00f3mitos ou diarreia. Se notar sintomas suspeitos, \u00e9 aconselh\u00e1vel<strong>\u00a0interromper a utiliza\u00e7\u00e3o<\/strong>.<\/p>\n<p>Por \u00faltimo, se estiver a fazer um tratamento, n\u00e3o \u00e9 aconselh\u00e1vel consumir este produto. \u00c9 prefer\u00edvel consultar o seu m\u00e9dico.<\/p>","protected":false},"excerpt":{"rendered":"<p>La\u00a0feuille d\u2019eucalyptus\u00a0? Cette\u00a0plante multi-usage\u00a0est un secret de beaut\u00e9 qui fait bien des merveilles. Elle poss\u00e8de des\u00a0bienfaits\u00a0qui ne sont pas n\u00e9gligeables ! En effet, il s\u2019agit du\u00a0must have\u00a0pour votre routine soin et beaut\u00e9. Feuille d&rsquo;eucalyptus : qu\u00e9saco ? L\u2019eucalyptus\u00a0appel\u00e9 quelques fois \u201cgommier\u201d est un\u00a0grand arbre aromatique\u00a0originaire essentiellement d\u2019Australie. Il repr\u00e9sente 95 % des for\u00eats du continent. [&#8230;]","protected":false},"featured_media":980,"template":"","meta":[],"product_brand":[],"product_cat":[27],"product_tag":[],"class_list":{"0":"post-979","1":"product","2":"type-product","3":"status-publish","4":"has-post-thumbnail","6":"product_cat-plantes-medicinales","8":"first","9":"outofstock","10":"shipping-taxable","11":"purchasable","12":"product-type-simple"},"yoast_head":"<!-- This site is optimized with the Yoast SEO plugin v26.6 - https:\/\/yoast.com\/wordpress\/plugins\/seo\/ -->\n<title>Feuille d&#039;eucalyptus I Bienfaits nombreux I Contenance 100g<\/title>\n<meta name=\"description\" content=\"La\u00a0feuille d\u2019eucalyptus\u00a0est riche en huile essentielle et sert en phytoth\u00e9rapie pour aider \u00e0 traiter\u00a0diff\u00e9rents maux. Adoptez-l\u00e0 !\" \/>\n<meta name=\"robots\" content=\"index, follow, max-snippet:-1, max-image-preview:large, max-video-preview:-1\" \/>\n<link rel=\"canonical\" href=\"https:\/\/www.safinel.fr\/pt\/product-2\/folha-de-eucalipto\/\" \/>\n<meta property=\"og:locale\" content=\"pt_PT\" \/>\n<meta property=\"og:type\" content=\"article\" \/>\n<meta property=\"og:title\" content=\"Feuille d&#039;eucalyptus I Bienfaits nombreux I Contenance 100g\" \/>\n<meta property=\"og:description\" content=\"La\u00a0feuille d\u2019eucalyptus\u00a0est riche en huile essentielle et sert en phytoth\u00e9rapie pour aider \u00e0 traiter\u00a0diff\u00e9rents maux. Adoptez-l\u00e0 !\" \/>\n<meta property=\"og:url\" content=\"https:\/\/www.safinel.fr\/pt\/product-2\/folha-de-eucalipto\/\" \/>\n<meta property=\"og:site_name\" content=\"Safinel\" \/>\n<meta property=\"article:modified_time\" content=\"2025-11-06T10:35:56+00:00\" \/>\n<meta property=\"og:image\" content=\"https:\/\/www.safinel.fr\/wp-content\/uploads\/2022\/03\/feuilles-d-eucalyptus.jpg\" \/>\n\t<meta property=\"og:image:width\" content=\"600\" \/>\n\t<meta property=\"og:image:height\" content=\"600\" \/>\n\t<meta property=\"og:image:type\" content=\"image\/jpeg\" \/>\n<meta name=\"twitter:card\" content=\"summary_large_image\" \/>\n<meta name=\"twitter:label1\" content=\"Tempo estimado de leitura\" \/>\n\t<meta name=\"twitter:data1\" content=\"6 minutos\" \/>\n<script type=\"application\/ld+json\" class=\"yoast-schema-graph\">{\"@context\":\"https:\/\/schema.org\",\"@graph\":[{\"@type\":\"WebPage\",\"@id\":\"https:\/\/www.safinel.fr\/produit\/feuille-deucalyptus\/\",\"url\":\"https:\/\/www.safinel.fr\/produit\/feuille-deucalyptus\/\",\"name\":\"Feuille d'eucalyptus I Bienfaits nombreux I Contenance 100g\",\"isPartOf\":{\"@id\":\"https:\/\/www.safinel.fr\/#website\"},\"primaryImageOfPage\":{\"@id\":\"https:\/\/www.safinel.fr\/produit\/feuille-deucalyptus\/#primaryimage\"},\"image\":{\"@id\":\"https:\/\/www.safinel.fr\/produit\/feuille-deucalyptus\/#primaryimage\"},\"thumbnailUrl\":\"https:\/\/www.safinel.fr\/wp-content\/uploads\/2022\/03\/feuilles-d-eucalyptus.jpg\",\"datePublished\":\"2022-03-25T17:17:24+00:00\",\"dateModified\":\"2025-11-06T10:35:56+00:00\",\"description\":\"La\u00a0feuille d\u2019eucalyptus\u00a0est riche en huile essentielle et sert en phytoth\u00e9rapie pour aider \u00e0 traiter\u00a0diff\u00e9rents maux. Adoptez-l\u00e0 !\",\"breadcrumb\":{\"@id\":\"https:\/\/www.safinel.fr\/produit\/feuille-deucalyptus\/#breadcrumb\"},\"inLanguage\":\"pt-PT\",\"potentialAction\":[{\"@type\":\"ReadAction\",\"target\":[\"https:\/\/www.safinel.fr\/produit\/feuille-deucalyptus\/\"]}]},{\"@type\":\"ImageObject\",\"inLanguage\":\"pt-PT\",\"@id\":\"https:\/\/www.safinel.fr\/produit\/feuille-deucalyptus\/#primaryimage\",\"url\":\"https:\/\/www.safinel.fr\/wp-content\/uploads\/2022\/03\/feuilles-d-eucalyptus.jpg\",\"contentUrl\":\"https:\/\/www.safinel.fr\/wp-content\/uploads\/2022\/03\/feuilles-d-eucalyptus.jpg\",\"width\":600,\"height\":600,\"caption\":\"Feuille d'eucalyptus\"},{\"@type\":\"BreadcrumbList\",\"@id\":\"https:\/\/www.safinel.fr\/produit\/feuille-deucalyptus\/#breadcrumb\",\"itemListElement\":[{\"@type\":\"ListItem\",\"position\":1,\"name\":\"Accueil\",\"item\":\"https:\/\/www.safinel.fr\/\"},{\"@type\":\"ListItem\",\"position\":2,\"name\":\"Boutique\",\"item\":\"https:\/\/www.safinel.fr\/boutique\/\"},{\"@type\":\"ListItem\",\"position\":3,\"name\":\"Feuille d&rsquo;eucalyptus 100g\"}]},{\"@type\":\"WebSite\",\"@id\":\"https:\/\/www.safinel.fr\/#website\",\"url\":\"https:\/\/www.safinel.fr\/\",\"name\":\"Safinel\",\"description\":\"\",\"publisher\":{\"@id\":\"https:\/\/www.safinel.fr\/#organization\"},\"potentialAction\":[{\"@type\":\"SearchAction\",\"target\":{\"@type\":\"EntryPoint\",\"urlTemplate\":\"https:\/\/www.safinel.fr\/?s={search_term_string}\"},\"query-input\":{\"@type\":\"PropertyValueSpecification\",\"valueRequired\":true,\"valueName\":\"search_term_string\"}}],\"inLanguage\":\"pt-PT\"},{\"@type\":\"Organization\",\"@id\":\"https:\/\/www.safinel.fr\/#organization\",\"name\":\"Safinel\",\"url\":\"https:\/\/www.safinel.fr\/\",\"logo\":{\"@type\":\"ImageObject\",\"inLanguage\":\"pt-PT\",\"@id\":\"https:\/\/www.safinel.fr\/#\/schema\/logo\/image\/\",\"url\":\"https:\/\/www.safinel.fr\/wp-content\/uploads\/2021\/05\/boutique-cosmetique.png\",\"contentUrl\":\"https:\/\/www.safinel.fr\/wp-content\/uploads\/2021\/05\/boutique-cosmetique.png\",\"width\":800,\"height\":200,\"caption\":\"Safinel\"},\"image\":{\"@id\":\"https:\/\/www.safinel.fr\/#\/schema\/logo\/image\/\"}}]}<\/script>\n<!-- \/ Yoast SEO plugin. -->","yoast_head_json":{"title":"Folha de eucalipto I In\u00fameros benef\u00edcios I Conte\u00fado: 100 g","description":"A folha de eucalipto \u00e9 rica em \u00f3leo essencial e \u00e9 utilizada na fitoterapia para ajudar a tratar v\u00e1rias doen\u00e7as. Adote-a!","robots":{"index":"index","follow":"follow","max-snippet":"max-snippet:-1","max-image-preview":"max-image-preview:large","max-video-preview":"max-video-preview:-1"},"canonical":"https:\/\/www.safinel.fr\/pt\/product-2\/folha-de-eucalipto\/","og_locale":"pt_PT","og_type":"article","og_title":"Feuille d'eucalyptus I Bienfaits nombreux I Contenance 100g","og_description":"La\u00a0feuille d\u2019eucalyptus\u00a0est riche en huile essentielle et sert en phytoth\u00e9rapie pour aider \u00e0 traiter\u00a0diff\u00e9rents maux. Adoptez-l\u00e0 !","og_url":"https:\/\/www.safinel.fr\/pt\/product-2\/folha-de-eucalipto\/","og_site_name":"Safinel","article_modified_time":"2025-11-06T10:35:56+00:00","og_image":[{"width":600,"height":600,"url":"https:\/\/www.safinel.fr\/wp-content\/uploads\/2022\/03\/feuilles-d-eucalyptus.jpg","type":"image\/jpeg"}],"twitter_card":"summary_large_image","twitter_misc":{"Tempo estimado de leitura":"6 minutos"},"schema":{"@context":"https:\/\/schema.org","@graph":[{"@type":"WebPage","@id":"https:\/\/www.safinel.fr\/produit\/feuille-deucalyptus\/","url":"https:\/\/www.safinel.fr\/produit\/feuille-deucalyptus\/","name":"Folha de eucalipto I In\u00fameros benef\u00edcios I Conte\u00fado: 100 g","isPartOf":{"@id":"https:\/\/www.safinel.fr\/#website"},"primaryImageOfPage":{"@id":"https:\/\/www.safinel.fr\/produit\/feuille-deucalyptus\/#primaryimage"},"image":{"@id":"https:\/\/www.safinel.fr\/produit\/feuille-deucalyptus\/#primaryimage"},"thumbnailUrl":"https:\/\/www.safinel.fr\/wp-content\/uploads\/2022\/03\/feuilles-d-eucalyptus.jpg","datePublished":"2022-03-25T17:17:24+00:00","dateModified":"2025-11-06T10:35:56+00:00","description":"A folha de eucalipto \u00e9 rica em \u00f3leo essencial e \u00e9 utilizada na fitoterapia para ajudar a tratar v\u00e1rias doen\u00e7as. Adote-a!","breadcrumb":{"@id":"https:\/\/www.safinel.fr\/produit\/feuille-deucalyptus\/#breadcrumb"},"inLanguage":"pt-PT","potentialAction":[{"@type":"ReadAction","target":["https:\/\/www.safinel.fr\/produit\/feuille-deucalyptus\/"]}]},{"@type":"ImageObject","inLanguage":"pt-PT","@id":"https:\/\/www.safinel.fr\/produit\/feuille-deucalyptus\/#primaryimage","url":"https:\/\/www.safinel.fr\/wp-content\/uploads\/2022\/03\/feuilles-d-eucalyptus.jpg","contentUrl":"https:\/\/www.safinel.fr\/wp-content\/uploads\/2022\/03\/feuilles-d-eucalyptus.jpg","width":600,"height":600,"caption":"Feuille d'eucalyptus"},{"@type":"BreadcrumbList","@id":"https:\/\/www.safinel.fr\/produit\/feuille-deucalyptus\/#breadcrumb","itemListElement":[{"@type":"ListItem","position":1,"name":"Accueil","item":"https:\/\/www.safinel.fr\/"},{"@type":"ListItem","position":2,"name":"Boutique","item":"https:\/\/www.safinel.fr\/boutique\/"},{"@type":"ListItem","position":3,"name":"Feuille d&rsquo;eucalyptus 100g"}]},{"@type":"WebSite","@id":"https:\/\/www.safinel.fr\/#website","url":"https:\/\/www.safinel.fr\/","name":"Safinel","description":"","publisher":{"@id":"https:\/\/www.safinel.fr\/#organization"},"potentialAction":[{"@type":"SearchAction","target":{"@type":"EntryPoint","urlTemplate":"https:\/\/www.safinel.fr\/?s={search_term_string}"},"query-input":{"@type":"PropertyValueSpecification","valueRequired":true,"valueName":"search_term_string"}}],"inLanguage":"pt-PT"},{"@type":"Organization","@id":"https:\/\/www.safinel.fr\/#organization","name":"Safinel","url":"https:\/\/www.safinel.fr\/","logo":{"@type":"ImageObject","inLanguage":"pt-PT","@id":"https:\/\/www.safinel.fr\/#\/schema\/logo\/image\/","url":"https:\/\/www.safinel.fr\/wp-content\/uploads\/2021\/05\/boutique-cosmetique.png","contentUrl":"https:\/\/www.safinel.fr\/wp-content\/uploads\/2021\/05\/boutique-cosmetique.png","width":800,"height":200,"caption":"Safinel"},"image":{"@id":"https:\/\/www.safinel.fr\/#\/schema\/logo\/image\/"}}]}},"_links":{"self":[{"href":"https:\/\/www.safinel.fr\/pt\/wp-json\/wp\/v2\/product\/979","targetHints":{"allow":["GET"]}}],"collection":[{"href":"https:\/\/www.safinel.fr\/pt\/wp-json\/wp\/v2\/product"}],"about":[{"href":"https:\/\/www.safinel.fr\/pt\/wp-json\/wp\/v2\/types\/product"}],"wp:featuredmedia":[{"embeddable":true,"href":"https:\/\/www.safinel.fr\/pt\/wp-json\/wp\/v2\/media\/980"}],"wp:attachment":[{"href":"https:\/\/www.safinel.fr\/pt\/wp-json\/wp\/v2\/media?parent=979"}],"wp:term":[{"taxonomy":"product_brand","embeddable":true,"href":"https:\/\/www.safinel.fr\/pt\/wp-json\/wp\/v2\/product_brand?post=979"},{"taxonomy":"product_cat","embeddable":true,"href":"https:\/\/www.safinel.fr\/pt\/wp-json\/wp\/v2\/product_cat?post=979"},{"taxonomy":"product_tag","embeddable":true,"href":"https:\/\/www.safinel.fr\/pt\/wp-json\/wp\/v2\/product_tag?post=979"}],"curies":[{"name":"wp","href":"https:\/\/api.w.org\/{rel}","templated":true}]}}