{"id":9441,"date":"2023-11-07T17:23:55","date_gmt":"2023-11-07T17:23:55","guid":{"rendered":"https:\/\/www.safinel.fr\/?post_type=product&#038;p=9441"},"modified":"2023-12-28T17:16:13","modified_gmt":"2023-12-28T17:16:13","slug":"musk-tahara-banana","status":"publish","type":"product","link":"https:\/\/www.safinel.fr\/pt\/product-2\/musk-tahara-banana\/","title":{"rendered":"Alm\u00edscar Tahara banana 3 ml"},"content":{"rendered":"<p>Descubra finalmente o perfume \u00edntimo aromatizado\u00a0<strong>Alm\u00edscar tahara banana<\/strong>, uma fragr\u00e2ncia \u00fanica que o transporta para um mundo de suavidade e confian\u00e7a. Este alm\u00edscar requintado foi concebido para lhe proporcionar uma experi\u00eancia olfativa inesquec\u00edvel, ao mesmo tempo que lhe d\u00e1 uma sensa\u00e7\u00e3o de frescura e bem-estar. Com as suas notas frutadas, \u00e9 a escolha perfeita para quem procura um perfume \u00edntimo e delicado.<\/p>\n<h2><strong>Um perfume \u00edntimo aromatizado<\/strong><\/h2>\n<p>O\u00a0<strong>musk tahara banana<\/strong>\u00a0\u00e9 muito mais do que um simples perfume. Foi especialmente concebido para ser utilizado como um alm\u00edscar \u00edntimo. D\u00e1 um toque de sensualidade \u00e0 sua rotina di\u00e1ria. Na verdade, as notas doces da banana combinam harmoniosamente com os acordes almiscarados, criando assim uma fragr\u00e2ncia \u00fanica.<\/p>\n<h2><strong>O perfume tahara banana para recuperar a confian\u00e7a<\/strong><\/h2>\n<p>O perfume que usa pode, assim, ter um impacto significativo na sua autoconfian\u00e7a. No entanto, com o<strong>\u00a0musk \u00edntimo<\/strong>\u00a0Com banana, pode recuperar essa confian\u00e7a em si mesmo.<\/p>\n<p>As notas frutadas e doces da banana envolvem-no numa aura de positividade e alegria, dando-lhe a confian\u00e7a necess\u00e1ria para enfrentar o seu dia com serenidade.<\/p>\n<h3><strong>Depois do alm\u00edscar tahara banana, descubra o alm\u00edscar tahara anan\u00e1s<\/strong><\/h3>\n<p>Se gostou da experi\u00eancia do Musc Tahara Banane, ficar\u00e1 encantado ao descobrir o <a href=\"https:\/\/www.safinel.fr\/pt\/product-2\/musgo-tahara-ananas\/\"><strong>musgo tahara anan\u00e1s<\/strong><\/a>. Esta\u00a0<strong>fragr\u00e2ncia ex\u00f3tica<\/strong>\u00a0e refrescante transporta-o para uma atmosfera tropical... Tal como o seu antecessor, o Musc Tahara Ananas foi concebido para ser utilizado como um alm\u00edscar \u00edntimo. Proporciona-lhe assim uma experi\u00eancia olfativa \u00fanica e sensual. Deixe-se levar por esta nova aventura perfumada e descubra o alm\u00edscar tahara ananas.<\/p>\n<p>\u00c9 uma experi\u00eancia olfativa \u00fanica que o transporta para um mundo de suavidade e confian\u00e7a. E se estiver pronto para explorar novas sensa\u00e7\u00f5es, muitos alm\u00edscares esperam por si para uma aventura perfumada.<\/p>\n<p>Deixe-se seduzir pelos nossos<strong>\u00a0perfumes \u00edntimos<\/strong>\u00a0e descubra o poder das fragr\u00e2ncias frutadas e sensuais.<\/p>","protected":false},"excerpt":{"rendered":"<p><img decoding=\"async\" class=\"size-full wp-image-5091 aligncenter\" src=\"https:\/\/www.safinel.fr\/wp-content\/uploads\/2021\/06\/BANNIERE-ICONE-SAFINEL.webp\" alt=\"resseguro satinado\" width=\"800\" height=\"200\" srcset=\"https:\/\/www.safinel.fr\/wp-content\/uploads\/2021\/06\/BANNIERE-ICONE-SAFINEL.webp 800w, https:\/\/www.safinel.fr\/wp-content\/uploads\/2021\/06\/BANNIERE-ICONE-SAFINEL-600x150.webp 600w, https:\/\/www.safinel.fr\/wp-content\/uploads\/2021\/06\/BANNIERE-ICONE-SAFINEL-768x192.webp 768w\" sizes=\"(max-width: 800px) 100vw, 800px\" \/><\/p>","protected":false},"featured_media":9442,"template":"","meta":[],"product_brand":[],"product_cat":[127],"product_tag":[],"class_list":{"0":"post-9441","1":"product","2":"type-product","3":"status-publish","4":"has-post-thumbnail","6":"product_cat-musc-tahara-intime","8":"first","9":"instock","10":"shipping-taxable","11":"purchasable","12":"product-type-simple"},"yoast_head":"<!-- This site is optimized with the Yoast SEO plugin v26.6 - https:\/\/yoast.com\/wordpress\/plugins\/seo\/ -->\n<title>Musc Tahara banane I Odeur exquise I Contenance 3ml<\/title>\n<meta name=\"description\" content=\"D\u00e9couvrez enfin le parfum intime aromatis\u00e9\u00a0Musc tahara banane, une fragrance unique qui vous transporte dans un monde de douceur et de confiance.\" \/>\n<meta name=\"robots\" content=\"index, follow, max-snippet:-1, max-image-preview:large, max-video-preview:-1\" \/>\n<link rel=\"canonical\" href=\"https:\/\/www.safinel.fr\/pt\/product-2\/musk-tahara-banana\/\" \/>\n<meta property=\"og:locale\" content=\"pt_PT\" \/>\n<meta property=\"og:type\" content=\"article\" \/>\n<meta property=\"og:title\" content=\"Musc Tahara banane I Odeur exquise I Contenance 3ml\" \/>\n<meta property=\"og:description\" content=\"D\u00e9couvrez enfin le parfum intime aromatis\u00e9\u00a0Musc tahara banane, une fragrance unique qui vous transporte dans un monde de douceur et de confiance.\" \/>\n<meta property=\"og:url\" content=\"https:\/\/www.safinel.fr\/pt\/product-2\/musk-tahara-banana\/\" \/>\n<meta property=\"og:site_name\" content=\"Safinel\" \/>\n<meta property=\"article:modified_time\" content=\"2023-12-28T17:16:13+00:00\" \/>\n<meta property=\"og:image\" content=\"https:\/\/www.safinel.fr\/wp-content\/uploads\/2023\/11\/Musc-Tahara-banane-3ml.jpg\" \/>\n\t<meta property=\"og:image:width\" content=\"600\" \/>\n\t<meta property=\"og:image:height\" content=\"600\" \/>\n\t<meta property=\"og:image:type\" content=\"image\/jpeg\" \/>\n<meta name=\"twitter:card\" content=\"summary_large_image\" \/>\n<meta name=\"twitter:label1\" content=\"Tempo estimado de leitura\" \/>\n\t<meta name=\"twitter:data1\" content=\"2 minutos\" \/>\n<script type=\"application\/ld+json\" class=\"yoast-schema-graph\">{\"@context\":\"https:\/\/schema.org\",\"@graph\":[{\"@type\":\"WebPage\",\"@id\":\"https:\/\/www.safinel.fr\/produit\/musc-tahara-banane\/\",\"url\":\"https:\/\/www.safinel.fr\/produit\/musc-tahara-banane\/\",\"name\":\"Musc Tahara banane I Odeur exquise I Contenance 3ml\",\"isPartOf\":{\"@id\":\"https:\/\/www.safinel.fr\/#website\"},\"primaryImageOfPage\":{\"@id\":\"https:\/\/www.safinel.fr\/produit\/musc-tahara-banane\/#primaryimage\"},\"image\":{\"@id\":\"https:\/\/www.safinel.fr\/produit\/musc-tahara-banane\/#primaryimage\"},\"thumbnailUrl\":\"https:\/\/www.safinel.fr\/wp-content\/uploads\/2023\/11\/Musc-Tahara-banane-3ml.jpg\",\"datePublished\":\"2023-11-07T17:23:55+00:00\",\"dateModified\":\"2023-12-28T17:16:13+00:00\",\"description\":\"D\u00e9couvrez enfin le parfum intime aromatis\u00e9\u00a0Musc tahara banane, une fragrance unique qui vous transporte dans un monde de douceur et de confiance.\",\"breadcrumb\":{\"@id\":\"https:\/\/www.safinel.fr\/produit\/musc-tahara-banane\/#breadcrumb\"},\"inLanguage\":\"pt-PT\",\"potentialAction\":[{\"@type\":\"ReadAction\",\"target\":[\"https:\/\/www.safinel.fr\/produit\/musc-tahara-banane\/\"]}]},{\"@type\":\"ImageObject\",\"inLanguage\":\"pt-PT\",\"@id\":\"https:\/\/www.safinel.fr\/produit\/musc-tahara-banane\/#primaryimage\",\"url\":\"https:\/\/www.safinel.fr\/wp-content\/uploads\/2023\/11\/Musc-Tahara-banane-3ml.jpg\",\"contentUrl\":\"https:\/\/www.safinel.fr\/wp-content\/uploads\/2023\/11\/Musc-Tahara-banane-3ml.jpg\",\"width\":600,\"height\":600,\"caption\":\"Musc Tahara banane 3ml\"},{\"@type\":\"BreadcrumbList\",\"@id\":\"https:\/\/www.safinel.fr\/produit\/musc-tahara-banane\/#breadcrumb\",\"itemListElement\":[{\"@type\":\"ListItem\",\"position\":1,\"name\":\"Accueil\",\"item\":\"https:\/\/www.safinel.fr\/\"},{\"@type\":\"ListItem\",\"position\":2,\"name\":\"Boutique\",\"item\":\"https:\/\/www.safinel.fr\/boutique\/\"},{\"@type\":\"ListItem\",\"position\":3,\"name\":\"Musc Tahara banane 3ml\"}]},{\"@type\":\"WebSite\",\"@id\":\"https:\/\/www.safinel.fr\/#website\",\"url\":\"https:\/\/www.safinel.fr\/\",\"name\":\"Safinel\",\"description\":\"\",\"publisher\":{\"@id\":\"https:\/\/www.safinel.fr\/#organization\"},\"potentialAction\":[{\"@type\":\"SearchAction\",\"target\":{\"@type\":\"EntryPoint\",\"urlTemplate\":\"https:\/\/www.safinel.fr\/?s={search_term_string}\"},\"query-input\":{\"@type\":\"PropertyValueSpecification\",\"valueRequired\":true,\"valueName\":\"search_term_string\"}}],\"inLanguage\":\"pt-PT\"},{\"@type\":\"Organization\",\"@id\":\"https:\/\/www.safinel.fr\/#organization\",\"name\":\"Safinel\",\"url\":\"https:\/\/www.safinel.fr\/\",\"logo\":{\"@type\":\"ImageObject\",\"inLanguage\":\"pt-PT\",\"@id\":\"https:\/\/www.safinel.fr\/#\/schema\/logo\/image\/\",\"url\":\"https:\/\/www.safinel.fr\/wp-content\/uploads\/2021\/05\/boutique-cosmetique.png\",\"contentUrl\":\"https:\/\/www.safinel.fr\/wp-content\/uploads\/2021\/05\/boutique-cosmetique.png\",\"width\":800,\"height\":200,\"caption\":\"Safinel\"},\"image\":{\"@id\":\"https:\/\/www.safinel.fr\/#\/schema\/logo\/image\/\"}}]}<\/script>\n<!-- \/ Yoast SEO plugin. -->","yoast_head_json":{"title":"Alm\u00edscar Tahara banana I Aroma requintado I Capacidade 3 ml","description":"Descubra finalmente o perfume \u00edntimo aromatizado Musc tahara banana, uma fragr\u00e2ncia \u00fanica que o transporta para um mundo de suavidade e confian\u00e7a.","robots":{"index":"index","follow":"follow","max-snippet":"max-snippet:-1","max-image-preview":"max-image-preview:large","max-video-preview":"max-video-preview:-1"},"canonical":"https:\/\/www.safinel.fr\/pt\/product-2\/musk-tahara-banana\/","og_locale":"pt_PT","og_type":"article","og_title":"Musc Tahara banane I Odeur exquise I Contenance 3ml","og_description":"D\u00e9couvrez enfin le parfum intime aromatis\u00e9\u00a0Musc tahara banane, une fragrance unique qui vous transporte dans un monde de douceur et de confiance.","og_url":"https:\/\/www.safinel.fr\/pt\/product-2\/musk-tahara-banana\/","og_site_name":"Safinel","article_modified_time":"2023-12-28T17:16:13+00:00","og_image":[{"width":600,"height":600,"url":"https:\/\/www.safinel.fr\/wp-content\/uploads\/2023\/11\/Musc-Tahara-banane-3ml.jpg","type":"image\/jpeg"}],"twitter_card":"summary_large_image","twitter_misc":{"Tempo estimado de leitura":"2 minutos"},"schema":{"@context":"https:\/\/schema.org","@graph":[{"@type":"WebPage","@id":"https:\/\/www.safinel.fr\/produit\/musc-tahara-banane\/","url":"https:\/\/www.safinel.fr\/produit\/musc-tahara-banane\/","name":"Alm\u00edscar Tahara banana I Aroma requintado I Capacidade 3 ml","isPartOf":{"@id":"https:\/\/www.safinel.fr\/#website"},"primaryImageOfPage":{"@id":"https:\/\/www.safinel.fr\/produit\/musc-tahara-banane\/#primaryimage"},"image":{"@id":"https:\/\/www.safinel.fr\/produit\/musc-tahara-banane\/#primaryimage"},"thumbnailUrl":"https:\/\/www.safinel.fr\/wp-content\/uploads\/2023\/11\/Musc-Tahara-banane-3ml.jpg","datePublished":"2023-11-07T17:23:55+00:00","dateModified":"2023-12-28T17:16:13+00:00","description":"Descubra finalmente o perfume \u00edntimo aromatizado Musc tahara banana, uma fragr\u00e2ncia \u00fanica que o transporta para um mundo de suavidade e confian\u00e7a.","breadcrumb":{"@id":"https:\/\/www.safinel.fr\/produit\/musc-tahara-banane\/#breadcrumb"},"inLanguage":"pt-PT","potentialAction":[{"@type":"ReadAction","target":["https:\/\/www.safinel.fr\/produit\/musc-tahara-banane\/"]}]},{"@type":"ImageObject","inLanguage":"pt-PT","@id":"https:\/\/www.safinel.fr\/produit\/musc-tahara-banane\/#primaryimage","url":"https:\/\/www.safinel.fr\/wp-content\/uploads\/2023\/11\/Musc-Tahara-banane-3ml.jpg","contentUrl":"https:\/\/www.safinel.fr\/wp-content\/uploads\/2023\/11\/Musc-Tahara-banane-3ml.jpg","width":600,"height":600,"caption":"Musc Tahara banane 3ml"},{"@type":"BreadcrumbList","@id":"https:\/\/www.safinel.fr\/produit\/musc-tahara-banane\/#breadcrumb","itemListElement":[{"@type":"ListItem","position":1,"name":"Accueil","item":"https:\/\/www.safinel.fr\/"},{"@type":"ListItem","position":2,"name":"Boutique","item":"https:\/\/www.safinel.fr\/boutique\/"},{"@type":"ListItem","position":3,"name":"Musc Tahara banane 3ml"}]},{"@type":"WebSite","@id":"https:\/\/www.safinel.fr\/#website","url":"https:\/\/www.safinel.fr\/","name":"Safinel","description":"","publisher":{"@id":"https:\/\/www.safinel.fr\/#organization"},"potentialAction":[{"@type":"SearchAction","target":{"@type":"EntryPoint","urlTemplate":"https:\/\/www.safinel.fr\/?s={search_term_string}"},"query-input":{"@type":"PropertyValueSpecification","valueRequired":true,"valueName":"search_term_string"}}],"inLanguage":"pt-PT"},{"@type":"Organization","@id":"https:\/\/www.safinel.fr\/#organization","name":"Safinel","url":"https:\/\/www.safinel.fr\/","logo":{"@type":"ImageObject","inLanguage":"pt-PT","@id":"https:\/\/www.safinel.fr\/#\/schema\/logo\/image\/","url":"https:\/\/www.safinel.fr\/wp-content\/uploads\/2021\/05\/boutique-cosmetique.png","contentUrl":"https:\/\/www.safinel.fr\/wp-content\/uploads\/2021\/05\/boutique-cosmetique.png","width":800,"height":200,"caption":"Safinel"},"image":{"@id":"https:\/\/www.safinel.fr\/#\/schema\/logo\/image\/"}}]}},"_links":{"self":[{"href":"https:\/\/www.safinel.fr\/pt\/wp-json\/wp\/v2\/product\/9441","targetHints":{"allow":["GET"]}}],"collection":[{"href":"https:\/\/www.safinel.fr\/pt\/wp-json\/wp\/v2\/product"}],"about":[{"href":"https:\/\/www.safinel.fr\/pt\/wp-json\/wp\/v2\/types\/product"}],"wp:featuredmedia":[{"embeddable":true,"href":"https:\/\/www.safinel.fr\/pt\/wp-json\/wp\/v2\/media\/9442"}],"wp:attachment":[{"href":"https:\/\/www.safinel.fr\/pt\/wp-json\/wp\/v2\/media?parent=9441"}],"wp:term":[{"taxonomy":"product_brand","embeddable":true,"href":"https:\/\/www.safinel.fr\/pt\/wp-json\/wp\/v2\/product_brand?post=9441"},{"taxonomy":"product_cat","embeddable":true,"href":"https:\/\/www.safinel.fr\/pt\/wp-json\/wp\/v2\/product_cat?post=9441"},{"taxonomy":"product_tag","embeddable":true,"href":"https:\/\/www.safinel.fr\/pt\/wp-json\/wp\/v2\/product_tag?post=9441"}],"curies":[{"name":"wp","href":"https:\/\/api.w.org\/{rel}","templated":true}]}}