{"id":926,"date":"2022-03-05T13:57:34","date_gmt":"2022-03-05T13:57:34","guid":{"rendered":"https:\/\/www.safinel.fr\/?post_type=product&#038;p=926"},"modified":"2024-02-21T11:03:28","modified_gmt":"2024-02-21T11:03:28","slug":"calculo-vaginal","status":"publish","type":"product","link":"https:\/\/www.safinel.fr\/pt\/product-2\/calculo-vaginal\/","title":{"rendered":"Giz vaginal com estojo"},"content":{"rendered":"<p>A <strong>c\u00e1lculo vaginal<\/strong> \u00e9 um produto natural, destinado a <strong>melhorar a sa\u00fade da sua vagina<\/strong> e <strong>o seu prazer durante as rela\u00e7\u00f5es sexuais<\/strong>.<\/p>\n<p><strong>A sua privacidade \u00e9 fr\u00e1gil<\/strong> e sofre muitas agress\u00f5es ao longo da sua vida. Produtos qu\u00edmicos, lavagens agressivas, pensos higi\u00e9nicos, tamp\u00f5es, partos... A sua vagina tem uma vida dif\u00edcil. No entanto, n\u00e3o aprendemos a cuidar dela. <strong>cuidar<\/strong>.<\/p>\n<p>N\u00e3o nos esque\u00e7amos da intimidade: quantas mulheres j\u00e1 n\u00e3o desfrutam das suas rela\u00e7\u00f5es conjugais? O orgasmo \u00e9 mais uma fantasia do que uma realidade. Fique tranquila: o giz \u00edntimo pode <strong>impactar positivamente a sua vida sexual<\/strong> para sempre.<\/p>\n<p><strong>E se cuidasse de si com o nosso bast\u00e3o de contra\u00e7\u00e3o vaginal?<\/strong><\/p>\n<h2><strong>O sabonete \u00edntimo: o amigo da sua intimidade<\/strong><\/h2>\n<p><strong>A vagina \u00e9 uma zona sens\u00edvel<\/strong>. Um estilo de vida saud\u00e1vel reduz os riscos de infec\u00e7\u00f5es e dores. Infelizmente, nem sempre basta estar atento para proteger a sua intimidade. Partos, rela\u00e7\u00f5es sexuais e uso de produtos agressivos t\u00eam um impacto consider\u00e1vel na sua flora vaginal. Recomendamos, ali\u00e1s, que <a href=\"https:\/\/mamanetbebenature.fr\/178-proteges-slips\" target=\"_blank\" rel=\"noopener\"><strong>prote\u00e7\u00f5es \u00edntimas lav\u00e1veis de qualidade<\/strong><\/a> para aperfei\u00e7oar a sua higiene \u00edntima.<\/p>\n<p>Com o tempo, as rela\u00e7\u00f5es sexuais e os partos, a vagina alarga-se e enfraquece. A sua intimidade \u00e9 afetada: pouco ou nenhum prazer, diminui\u00e7\u00e3o da libido, poucas sensa\u00e7\u00f5es durante a penetra\u00e7\u00e3o... \u00c9 toda a vida do casal que sofre com isso.<\/p>\n<p><strong>O giz vaginal atua em profundidade e estimula a sua vagina.<\/strong> Composta por ingredientes naturais, os seus benef\u00edcios s\u00e3o incompar\u00e1veis na vida de uma mulher:<\/p>\n<ul>\n<li>Restaura a flora vaginal;<\/li>\n<li>Melhora a elasticidade das paredes da vagina<\/li>\n<li>Aumenta o prazer sexual em mulheres e homens<\/li>\n<li>Trata infec\u00e7\u00f5es urin\u00e1rias<\/li>\n<li><a href=\"https:\/\/www.safinel.fr\/pt\/product-2\/diamante-kiss\/\"><strong>Aumenta a libido<\/strong><\/a><\/li>\n<li>Acalma as irrita\u00e7\u00f5es<\/li>\n<li>Elimina os maus odores<\/li>\n<\/ul>\n<p>A sa\u00fade vaginal \u00e9 muitas vezes negligenciada, ou mesmo ignorada. No entanto, a vagina \u00e9 um \u00f3rg\u00e3o importante na vida de uma mulher: dar \u00e0 luz, menstrua\u00e7\u00e3o, rela\u00e7\u00f5es sexuais...<\/p>\n<p><strong>Opte pelo nosso giz vaginal para cuidar de si por dentro.<\/strong><\/p>\n<h2><strong>Como usar o bast\u00e3o de contra\u00e7\u00e3o vaginal?<\/strong><\/h2>\n<p>O sabonete vaginal \u00e9 f\u00e1cil de usar:<\/p>\n<ul>\n<li>Humede\u00e7a ligeiramente a ponta do giz<\/li>\n<li>Insira o bast\u00e3o de compress\u00e3o vaginal at\u00e9 cerca de metade<\/li>\n<li>Gire-o por 15 a 30 segundos na vagina.<\/li>\n<li>Retire o giz e limpe-o<\/li>\n<\/ul>\n<p>O sabonete \u00edntimo vaginal pode ser reutilizado entre 30 a 60 vezes e tem uma validade m\u00e1xima de 3 meses ap\u00f3s a abertura. A sua intimidade \u00e9 fr\u00e1gil: mantenha-a sempre limpa.<\/p>\n<h2><strong>O sabonete vaginal: cuidar de si ap\u00f3s o parto<\/strong><\/h2>\n<p><strong>Dar vida<\/strong> \u00e9 uma etapa maravilhosa na vida de uma mulher. No entanto, dar \u00e0 luz n\u00e3o \u00e9 algo trivial e pode causar <strong>danos consider\u00e1veis na sua vagina<\/strong>, e at\u00e9 mesmo a sua sa\u00fade em geral.<\/p>\n<p>Ap\u00f3s o parto, deve cuidar de si e da sua intimidade. <strong>O sabonete \u00edntimo \u00e9 um aliado de elei\u00e7\u00e3o<\/strong>. Ela aperta naturalmente as paredes vaginais, previne o risco de infec\u00e7\u00f5es e ajuda a restaurar a flora vaginal.<\/p>\n<p>Embora seja indicada ap\u00f3s o parto, ela n\u00e3o substitui a reabilita\u00e7\u00e3o do per\u00edneo, se necess\u00e1rio. N\u00e3o substitua as sess\u00f5es de reabilita\u00e7\u00e3o com a sua parteira pelo stick de contra\u00e7\u00e3o vaginal, mas combine os dois!<\/p>\n<h3><strong>Precau\u00e7\u00f5es de utiliza\u00e7\u00e3o<\/strong><\/h3>\n<p>Este produto \u00e9 contraindicado durante a gravidez e a menstrua\u00e7\u00e3o. Mantenha-o bem seco e protegido da luz.<\/p>","protected":false},"excerpt":{"rendered":"<p>O sabonete vaginal \u00e9 um produto natural, destinado a melhorar a sa\u00fade da sua vagina e o seu prazer durante as rela\u00e7\u00f5es sexuais. A sua intimidade \u00e9 fr\u00e1gil e sofre muitas agress\u00f5es ao longo da sua vida. Produtos qu\u00edmicos, lavagens agressivas, pensos higi\u00e9nicos, tamp\u00f5es, partos... A sua vagina tem uma vida dif\u00edcil. No entanto, n\u00e3o aprendemos a [...]","protected":false},"featured_media":927,"template":"","meta":[],"product_brand":[],"product_cat":[109,23],"product_tag":[],"class_list":{"0":"post-926","1":"product","2":"type-product","3":"status-publish","4":"has-post-thumbnail","6":"product_cat-exercice-de-kegel","7":"product_cat-hygiene-feminine","9":"first","10":"instock","11":"shipping-taxable","12":"purchasable","13":"product-type-simple"},"yoast_head":"<!-- This site is optimized with the Yoast SEO plugin v26.6 - https:\/\/yoast.com\/wordpress\/plugins\/seo\/ -->\n<title>Craie vaginale\u00a0| Am\u00e9liore la sant\u00e9 de votre vagin \u00a0| Achat s\u00e9curis\u00e9<\/title>\n<meta name=\"description\" content=\"La craie vaginale est un produit naturel, destin\u00e9e \u00e0 am\u00e9liorer la sant\u00e9 de votre vagin et votre plaisir lors des rapports sexuels.\" \/>\n<meta name=\"robots\" content=\"index, follow, max-snippet:-1, max-image-preview:large, max-video-preview:-1\" \/>\n<link rel=\"canonical\" href=\"https:\/\/www.safinel.fr\/pt\/product-2\/calculo-vaginal\/\" \/>\n<meta property=\"og:locale\" content=\"pt_PT\" \/>\n<meta property=\"og:type\" content=\"article\" \/>\n<meta property=\"og:title\" content=\"Craie vaginale\u00a0| Am\u00e9liore la sant\u00e9 de votre vagin \u00a0| Achat s\u00e9curis\u00e9\" \/>\n<meta property=\"og:description\" content=\"La craie vaginale est un produit naturel, destin\u00e9e \u00e0 am\u00e9liorer la sant\u00e9 de votre vagin et votre plaisir lors des rapports sexuels.\" \/>\n<meta property=\"og:url\" content=\"https:\/\/www.safinel.fr\/pt\/product-2\/calculo-vaginal\/\" \/>\n<meta property=\"og:site_name\" content=\"Safinel\" \/>\n<meta property=\"article:modified_time\" content=\"2024-02-21T11:03:28+00:00\" \/>\n<meta property=\"og:image\" content=\"https:\/\/www.safinel.fr\/wp-content\/uploads\/2022\/03\/craie-vaginale.jpg\" \/>\n\t<meta property=\"og:image:width\" content=\"600\" \/>\n\t<meta property=\"og:image:height\" content=\"600\" \/>\n\t<meta property=\"og:image:type\" content=\"image\/jpeg\" \/>\n<meta name=\"twitter:card\" content=\"summary_large_image\" \/>\n<meta name=\"twitter:label1\" content=\"Tempo estimado de leitura\" \/>\n\t<meta name=\"twitter:data1\" content=\"3 minutos\" \/>\n<script type=\"application\/ld+json\" class=\"yoast-schema-graph\">{\"@context\":\"https:\/\/schema.org\",\"@graph\":[{\"@type\":\"WebPage\",\"@id\":\"https:\/\/www.safinel.fr\/produit\/craie-vaginale\/\",\"url\":\"https:\/\/www.safinel.fr\/produit\/craie-vaginale\/\",\"name\":\"Craie vaginale\u00a0| Am\u00e9liore la sant\u00e9 de votre vagin \u00a0| Achat s\u00e9curis\u00e9\",\"isPartOf\":{\"@id\":\"https:\/\/www.safinel.fr\/#website\"},\"primaryImageOfPage\":{\"@id\":\"https:\/\/www.safinel.fr\/produit\/craie-vaginale\/#primaryimage\"},\"image\":{\"@id\":\"https:\/\/www.safinel.fr\/produit\/craie-vaginale\/#primaryimage\"},\"thumbnailUrl\":\"https:\/\/www.safinel.fr\/wp-content\/uploads\/2022\/03\/craie-vaginale.jpg\",\"datePublished\":\"2022-03-05T13:57:34+00:00\",\"dateModified\":\"2024-02-21T11:03:28+00:00\",\"description\":\"La craie vaginale est un produit naturel, destin\u00e9e \u00e0 am\u00e9liorer la sant\u00e9 de votre vagin et votre plaisir lors des rapports sexuels.\",\"breadcrumb\":{\"@id\":\"https:\/\/www.safinel.fr\/produit\/craie-vaginale\/#breadcrumb\"},\"inLanguage\":\"pt-PT\",\"potentialAction\":[{\"@type\":\"ReadAction\",\"target\":[\"https:\/\/www.safinel.fr\/produit\/craie-vaginale\/\"]}]},{\"@type\":\"ImageObject\",\"inLanguage\":\"pt-PT\",\"@id\":\"https:\/\/www.safinel.fr\/produit\/craie-vaginale\/#primaryimage\",\"url\":\"https:\/\/www.safinel.fr\/wp-content\/uploads\/2022\/03\/craie-vaginale.jpg\",\"contentUrl\":\"https:\/\/www.safinel.fr\/wp-content\/uploads\/2022\/03\/craie-vaginale.jpg\",\"width\":600,\"height\":600,\"caption\":\"craie vaginale\"},{\"@type\":\"BreadcrumbList\",\"@id\":\"https:\/\/www.safinel.fr\/produit\/craie-vaginale\/#breadcrumb\",\"itemListElement\":[{\"@type\":\"ListItem\",\"position\":1,\"name\":\"Accueil\",\"item\":\"https:\/\/www.safinel.fr\/\"},{\"@type\":\"ListItem\",\"position\":2,\"name\":\"Boutique\",\"item\":\"https:\/\/www.safinel.fr\/boutique\/\"},{\"@type\":\"ListItem\",\"position\":3,\"name\":\"Craie vaginale avec \u00e9tui\"}]},{\"@type\":\"WebSite\",\"@id\":\"https:\/\/www.safinel.fr\/#website\",\"url\":\"https:\/\/www.safinel.fr\/\",\"name\":\"Safinel\",\"description\":\"\",\"publisher\":{\"@id\":\"https:\/\/www.safinel.fr\/#organization\"},\"potentialAction\":[{\"@type\":\"SearchAction\",\"target\":{\"@type\":\"EntryPoint\",\"urlTemplate\":\"https:\/\/www.safinel.fr\/?s={search_term_string}\"},\"query-input\":{\"@type\":\"PropertyValueSpecification\",\"valueRequired\":true,\"valueName\":\"search_term_string\"}}],\"inLanguage\":\"pt-PT\"},{\"@type\":\"Organization\",\"@id\":\"https:\/\/www.safinel.fr\/#organization\",\"name\":\"Safinel\",\"url\":\"https:\/\/www.safinel.fr\/\",\"logo\":{\"@type\":\"ImageObject\",\"inLanguage\":\"pt-PT\",\"@id\":\"https:\/\/www.safinel.fr\/#\/schema\/logo\/image\/\",\"url\":\"https:\/\/www.safinel.fr\/wp-content\/uploads\/2021\/05\/boutique-cosmetique.png\",\"contentUrl\":\"https:\/\/www.safinel.fr\/wp-content\/uploads\/2021\/05\/boutique-cosmetique.png\",\"width\":800,\"height\":200,\"caption\":\"Safinel\"},\"image\":{\"@id\":\"https:\/\/www.safinel.fr\/#\/schema\/logo\/image\/\"}}]}<\/script>\n<!-- \/ Yoast SEO plugin. -->","yoast_head_json":{"title":"Giz vaginal | Melhora a sa\u00fade da sua vagina  | Compra segura","description":"O sabonete vaginal \u00e9 um produto natural, destinado a melhorar a sa\u00fade da sua vagina e o seu prazer durante as rela\u00e7\u00f5es sexuais.","robots":{"index":"index","follow":"follow","max-snippet":"max-snippet:-1","max-image-preview":"max-image-preview:large","max-video-preview":"max-video-preview:-1"},"canonical":"https:\/\/www.safinel.fr\/pt\/product-2\/calculo-vaginal\/","og_locale":"pt_PT","og_type":"article","og_title":"Craie vaginale\u00a0| Am\u00e9liore la sant\u00e9 de votre vagin \u00a0| Achat s\u00e9curis\u00e9","og_description":"La craie vaginale est un produit naturel, destin\u00e9e \u00e0 am\u00e9liorer la sant\u00e9 de votre vagin et votre plaisir lors des rapports sexuels.","og_url":"https:\/\/www.safinel.fr\/pt\/product-2\/calculo-vaginal\/","og_site_name":"Safinel","article_modified_time":"2024-02-21T11:03:28+00:00","og_image":[{"width":600,"height":600,"url":"https:\/\/www.safinel.fr\/wp-content\/uploads\/2022\/03\/craie-vaginale.jpg","type":"image\/jpeg"}],"twitter_card":"summary_large_image","twitter_misc":{"Tempo estimado de leitura":"3 minutos"},"schema":{"@context":"https:\/\/schema.org","@graph":[{"@type":"WebPage","@id":"https:\/\/www.safinel.fr\/produit\/craie-vaginale\/","url":"https:\/\/www.safinel.fr\/produit\/craie-vaginale\/","name":"Giz vaginal | Melhora a sa\u00fade da sua vagina  | Compra segura","isPartOf":{"@id":"https:\/\/www.safinel.fr\/#website"},"primaryImageOfPage":{"@id":"https:\/\/www.safinel.fr\/produit\/craie-vaginale\/#primaryimage"},"image":{"@id":"https:\/\/www.safinel.fr\/produit\/craie-vaginale\/#primaryimage"},"thumbnailUrl":"https:\/\/www.safinel.fr\/wp-content\/uploads\/2022\/03\/craie-vaginale.jpg","datePublished":"2022-03-05T13:57:34+00:00","dateModified":"2024-02-21T11:03:28+00:00","description":"O sabonete vaginal \u00e9 um produto natural, destinado a melhorar a sa\u00fade da sua vagina e o seu prazer durante as rela\u00e7\u00f5es sexuais.","breadcrumb":{"@id":"https:\/\/www.safinel.fr\/produit\/craie-vaginale\/#breadcrumb"},"inLanguage":"pt-PT","potentialAction":[{"@type":"ReadAction","target":["https:\/\/www.safinel.fr\/produit\/craie-vaginale\/"]}]},{"@type":"ImageObject","inLanguage":"pt-PT","@id":"https:\/\/www.safinel.fr\/produit\/craie-vaginale\/#primaryimage","url":"https:\/\/www.safinel.fr\/wp-content\/uploads\/2022\/03\/craie-vaginale.jpg","contentUrl":"https:\/\/www.safinel.fr\/wp-content\/uploads\/2022\/03\/craie-vaginale.jpg","width":600,"height":600,"caption":"craie vaginale"},{"@type":"BreadcrumbList","@id":"https:\/\/www.safinel.fr\/produit\/craie-vaginale\/#breadcrumb","itemListElement":[{"@type":"ListItem","position":1,"name":"Accueil","item":"https:\/\/www.safinel.fr\/"},{"@type":"ListItem","position":2,"name":"Boutique","item":"https:\/\/www.safinel.fr\/boutique\/"},{"@type":"ListItem","position":3,"name":"Craie vaginale avec \u00e9tui"}]},{"@type":"WebSite","@id":"https:\/\/www.safinel.fr\/#website","url":"https:\/\/www.safinel.fr\/","name":"Safinel","description":"","publisher":{"@id":"https:\/\/www.safinel.fr\/#organization"},"potentialAction":[{"@type":"SearchAction","target":{"@type":"EntryPoint","urlTemplate":"https:\/\/www.safinel.fr\/?s={search_term_string}"},"query-input":{"@type":"PropertyValueSpecification","valueRequired":true,"valueName":"search_term_string"}}],"inLanguage":"pt-PT"},{"@type":"Organization","@id":"https:\/\/www.safinel.fr\/#organization","name":"Safinel","url":"https:\/\/www.safinel.fr\/","logo":{"@type":"ImageObject","inLanguage":"pt-PT","@id":"https:\/\/www.safinel.fr\/#\/schema\/logo\/image\/","url":"https:\/\/www.safinel.fr\/wp-content\/uploads\/2021\/05\/boutique-cosmetique.png","contentUrl":"https:\/\/www.safinel.fr\/wp-content\/uploads\/2021\/05\/boutique-cosmetique.png","width":800,"height":200,"caption":"Safinel"},"image":{"@id":"https:\/\/www.safinel.fr\/#\/schema\/logo\/image\/"}}]}},"_links":{"self":[{"href":"https:\/\/www.safinel.fr\/pt\/wp-json\/wp\/v2\/product\/926","targetHints":{"allow":["GET"]}}],"collection":[{"href":"https:\/\/www.safinel.fr\/pt\/wp-json\/wp\/v2\/product"}],"about":[{"href":"https:\/\/www.safinel.fr\/pt\/wp-json\/wp\/v2\/types\/product"}],"wp:featuredmedia":[{"embeddable":true,"href":"https:\/\/www.safinel.fr\/pt\/wp-json\/wp\/v2\/media\/927"}],"wp:attachment":[{"href":"https:\/\/www.safinel.fr\/pt\/wp-json\/wp\/v2\/media?parent=926"}],"wp:term":[{"taxonomy":"product_brand","embeddable":true,"href":"https:\/\/www.safinel.fr\/pt\/wp-json\/wp\/v2\/product_brand?post=926"},{"taxonomy":"product_cat","embeddable":true,"href":"https:\/\/www.safinel.fr\/pt\/wp-json\/wp\/v2\/product_cat?post=926"},{"taxonomy":"product_tag","embeddable":true,"href":"https:\/\/www.safinel.fr\/pt\/wp-json\/wp\/v2\/product_tag?post=926"}],"curies":[{"name":"wp","href":"https:\/\/api.w.org\/{rel}","templated":true}]}}