{"id":891,"date":"2022-02-26T10:07:09","date_gmt":"2022-02-26T10:07:09","guid":{"rendered":"https:\/\/www.safinel.fr\/?post_type=product&#038;p=891"},"modified":"2023-12-28T17:15:13","modified_gmt":"2023-12-28T17:15:13","slug":"rosa-de-jerico-chajarat-mariam","status":"publish","type":"product","link":"https:\/\/www.safinel.fr\/pt\/product-2\/rosa-de-jerico-chajarat-mariam\/","title":{"rendered":"Rosa de Jeric\u00f3 (Chajarat mariam)"},"content":{"rendered":"<p><strong>Sejamos claros: a rosa de Jeric\u00f3 n\u00e3o \u00e9 uma rosa verdadeira.<\/strong>. O seu nome deriva de um mito b\u00edblico, a cidade de Jeric\u00f3, considerada a cidade do \u00abrenascimento\u00bb.<\/p>\n<p>Na realidade,\u00a0<strong>Chajarat Mariam<\/strong>\u00a0\u00e9 uma planta do deserto. De cor acastanhada em caso de seca, ela fica verde e desdobra as suas folhas ao entrar em contacto com a \u00e1gua. A sua capacidade de adapta\u00e7\u00e3o permite-lhe sobreviver meses, ou mesmo anos, sem ser hidratada.<\/p>\n<p>H\u00e1 s\u00e9culos que \u00e9 utilizada na medicina, nos pa\u00edses des\u00e9rticos. Nas zonas rurais dos pa\u00edses \u00e1rabes, \u00e9 um rem\u00e9dio para as mulheres que d\u00e3o \u00e0 luz sem assist\u00eancia m\u00e9dica.<\/p>\n<p>Ela cresce principalmente no M\u00e9dio Oriente e no M\u00e9xico. \u00c9 conhecida pelas suas\u00a0<strong>benef\u00edcios para a fertilidade<\/strong>, \u00e9 importada para muitos pa\u00edses do mundo.<\/p>\n<p>A Chajarat Mariam surpreende. Desde a sua apar\u00eancia at\u00e9 \u00e0 sua utiliza\u00e7\u00e3o, passando pelas suas origens e pelos mitos que a rodeiam, tudo leva a crer que esta samambaia do deserto esconde um tesouro.\u00a0<strong>Um tesouro de mulheres.<\/strong><\/p>\n<h2><strong>E se descobrisse mais sobre ela?<\/strong><\/h2>\n<h3><strong>Os efeitos de Chajarat Mariam na feminilidade<\/strong><\/h3>\n<p>Chajarat Mariam \u00e9 amiga \u00edntima das mulheres. Ela:<\/p>\n<ul>\n<li>Estimula a fertilidade na mulher (e no homem!);<\/li>\n<li>Promove o per\u00edodo de ovula\u00e7\u00e3o;<\/li>\n<li>Facilita o parto; ;<\/li>\n<li>Acalma os inc\u00f3modos e os dist\u00farbios causados pela <a href=\"https:\/\/www.safinel.fr\/pt\/product-2\/colar-apertar\/\"><strong>menopausa<\/strong><\/a>\u00a0;<\/li>\n<li>Regula o ciclo menstrual;<\/li>\n<li>Acalma o peito dolorido;<\/li>\n<li>Alivia os sintomas da s\u00edndrome pr\u00e9-menstrual;<\/li>\n<\/ul>\n<p><strong>A Rosa de Jeric\u00f3 \u00e9 a aliada das mulheres ao longo de toda a sua vida.<\/strong>\u00a0Ela acompanha-o em cada etapa. T\u00ea-la consigo permite prevenir muitos males do dia a dia.<\/p>\n<h2><strong>Como usar a rosa de Jeric\u00f3?<\/strong><\/h2>\n<p>Existem duas formas principais de utilizar Chajarat Mariam. Ambas s\u00e3o infus\u00f5es, preparadas de maneiras diferentes.<\/p>\n<h3><strong>Primeiro m\u00e9todo de utiliza\u00e7\u00e3o da Rosa de Jeric\u00f3<\/strong><\/h3>\n<p>Este m\u00e9todo serve apenas para uma \u00fanica infus\u00e3o.<\/p>\n<ul>\n<li>Ferva \u00e1gua;<\/li>\n<li>Esperar que a temperatura des\u00e7a para 40 graus;<\/li>\n<li>Coloque a planta e deixe repousar durante alguns minutos;<\/li>\n<li>Retire-a e aperte-a bem para extrair toda a \u00e1gua;<\/li>\n<li>Beber a decoc\u00e7\u00e3o;<\/li>\n<\/ul>\n<h3><strong>Segundo m\u00e9todo de utiliza\u00e7\u00e3o de Chajarat Mariam<\/strong><\/h3>\n<ul>\n<li>Coloque a planta num recipiente com \u00e1gua \u00e0 temperatura ambiente.<\/li>\n<li>Aguarde at\u00e9 que a planta se abra<\/li>\n<li>Retire a planta e deixe-a secar<\/li>\n<li>Aque\u00e7a a \u00e1gua, sem ultrapassar os 40 graus.<\/li>\n<li>Beber a mistura<\/li>\n<\/ul>\n<p>\u00c9 poss\u00edvel reutilizar Lalla Mariam v\u00e1rias vezes quando preparada desta forma.<\/p>\n<h2><strong>Outros benef\u00edcios da rosa de Jeric\u00f3<\/strong><\/h2>\n<p>A Rosa de Jeric\u00f3 \u00e9 a melhor amiga das mulheres, mas n\u00e3o s\u00f3!<\/p>\n<ul>\n<li>Propriedades hepatoprotetoras: protege o f\u00edgado contra infe\u00e7\u00f5es e doen\u00e7as;<\/li>\n<li>Propriedades diur\u00e9ticas: estimula os rins e favorece a produ\u00e7\u00e3o de urina;<\/li>\n<li>Eficaz em casos de reten\u00e7\u00e3o de l\u00edquidos;<\/li>\n<li>Efeito positivo sobre a diabetes: regula os n\u00edveis de glicemia e reduz os n\u00edveis de glicose;<\/li>\n<\/ul>\n<p>\u00c9 um verdadeiro tesouro para a sa\u00fade, especialmente feminina.<strong>O que est\u00e1 \u00e0 espera para aproveitar os benef\u00edcios da Rosa de Jeric\u00f3?<\/strong><\/p>","protected":false},"excerpt":{"rendered":"<p>O saquinho cont\u00e9m uma ou duas rosas, dependendo do tamanho da rosa. Uma rosa permite preparar v\u00e1rias infus\u00f5es, podendo ser cortada em v\u00e1rios peda\u00e7os.<\/p>","protected":false},"featured_media":892,"template":"","meta":[],"product_brand":[],"product_cat":[15],"product_tag":[],"class_list":{"0":"post-891","1":"product","2":"type-product","3":"status-publish","4":"has-post-thumbnail","6":"product_cat-fertilite","8":"first","9":"instock","10":"shipping-taxable","11":"purchasable","12":"product-type-simple"},"yoast_head":"<!-- This site is optimized with the Yoast SEO plugin v26.6 - https:\/\/yoast.com\/wordpress\/plugins\/seo\/ -->\n<title>Rose de Jericho | Chajarat mariam | Plante luttant contre l&#039;infertilit\u00e9<\/title>\n<meta name=\"description\" content=\"Chajarat Mariam ou Rose de Jericho\u00a0est une plante du d\u00e9sert de couleur brun\u00e2tre. R\u00e9put\u00e9e pour ses\u00a0bienfaits sur la fertilit\u00e9.\" \/>\n<meta name=\"robots\" content=\"index, follow, max-snippet:-1, max-image-preview:large, max-video-preview:-1\" \/>\n<link rel=\"canonical\" href=\"https:\/\/www.safinel.fr\/pt\/product-2\/rosa-de-jerico-chajarat-mariam\/\" \/>\n<meta property=\"og:locale\" content=\"pt_PT\" \/>\n<meta property=\"og:type\" content=\"article\" \/>\n<meta property=\"og:title\" content=\"Rose de Jericho | Chajarat mariam | Plante luttant contre l&#039;infertilit\u00e9\" \/>\n<meta property=\"og:description\" content=\"Chajarat Mariam ou Rose de Jericho\u00a0est une plante du d\u00e9sert de couleur brun\u00e2tre. R\u00e9put\u00e9e pour ses\u00a0bienfaits sur la fertilit\u00e9.\" \/>\n<meta property=\"og:url\" content=\"https:\/\/www.safinel.fr\/pt\/product-2\/rosa-de-jerico-chajarat-mariam\/\" \/>\n<meta property=\"og:site_name\" content=\"Safinel\" \/>\n<meta property=\"article:modified_time\" content=\"2023-12-28T17:15:13+00:00\" \/>\n<meta property=\"og:image\" content=\"https:\/\/www.safinel.fr\/wp-content\/uploads\/2022\/02\/rose-de-jericho.jpg\" \/>\n\t<meta property=\"og:image:width\" content=\"600\" \/>\n\t<meta property=\"og:image:height\" content=\"600\" \/>\n\t<meta property=\"og:image:type\" content=\"image\/jpeg\" \/>\n<meta name=\"twitter:card\" content=\"summary_large_image\" \/>\n<meta name=\"twitter:label1\" content=\"Tempo estimado de leitura\" \/>\n\t<meta name=\"twitter:data1\" content=\"3 minutos\" \/>\n<script type=\"application\/ld+json\" class=\"yoast-schema-graph\">{\"@context\":\"https:\/\/schema.org\",\"@graph\":[{\"@type\":\"WebPage\",\"@id\":\"https:\/\/www.safinel.fr\/produit\/rose-de-jericho-chajarat-mariam\/\",\"url\":\"https:\/\/www.safinel.fr\/produit\/rose-de-jericho-chajarat-mariam\/\",\"name\":\"Rose de Jericho | Chajarat mariam | Plante luttant contre l'infertilit\u00e9\",\"isPartOf\":{\"@id\":\"https:\/\/www.safinel.fr\/#website\"},\"primaryImageOfPage\":{\"@id\":\"https:\/\/www.safinel.fr\/produit\/rose-de-jericho-chajarat-mariam\/#primaryimage\"},\"image\":{\"@id\":\"https:\/\/www.safinel.fr\/produit\/rose-de-jericho-chajarat-mariam\/#primaryimage\"},\"thumbnailUrl\":\"https:\/\/www.safinel.fr\/wp-content\/uploads\/2022\/02\/rose-de-jericho.jpg\",\"datePublished\":\"2022-02-26T10:07:09+00:00\",\"dateModified\":\"2023-12-28T17:15:13+00:00\",\"description\":\"Chajarat Mariam ou Rose de Jericho\u00a0est une plante du d\u00e9sert de couleur brun\u00e2tre. R\u00e9put\u00e9e pour ses\u00a0bienfaits sur la fertilit\u00e9.\",\"breadcrumb\":{\"@id\":\"https:\/\/www.safinel.fr\/produit\/rose-de-jericho-chajarat-mariam\/#breadcrumb\"},\"inLanguage\":\"pt-PT\",\"potentialAction\":[{\"@type\":\"ReadAction\",\"target\":[\"https:\/\/www.safinel.fr\/produit\/rose-de-jericho-chajarat-mariam\/\"]}]},{\"@type\":\"ImageObject\",\"inLanguage\":\"pt-PT\",\"@id\":\"https:\/\/www.safinel.fr\/produit\/rose-de-jericho-chajarat-mariam\/#primaryimage\",\"url\":\"https:\/\/www.safinel.fr\/wp-content\/uploads\/2022\/02\/rose-de-jericho.jpg\",\"contentUrl\":\"https:\/\/www.safinel.fr\/wp-content\/uploads\/2022\/02\/rose-de-jericho.jpg\",\"width\":600,\"height\":600,\"caption\":\"Rose de Jericho (Chajarat mariam)\"},{\"@type\":\"BreadcrumbList\",\"@id\":\"https:\/\/www.safinel.fr\/produit\/rose-de-jericho-chajarat-mariam\/#breadcrumb\",\"itemListElement\":[{\"@type\":\"ListItem\",\"position\":1,\"name\":\"Accueil\",\"item\":\"https:\/\/www.safinel.fr\/\"},{\"@type\":\"ListItem\",\"position\":2,\"name\":\"Boutique\",\"item\":\"https:\/\/www.safinel.fr\/boutique\/\"},{\"@type\":\"ListItem\",\"position\":3,\"name\":\"Rose de Jericho (Chajarat mariam)\"}]},{\"@type\":\"WebSite\",\"@id\":\"https:\/\/www.safinel.fr\/#website\",\"url\":\"https:\/\/www.safinel.fr\/\",\"name\":\"Safinel\",\"description\":\"\",\"publisher\":{\"@id\":\"https:\/\/www.safinel.fr\/#organization\"},\"potentialAction\":[{\"@type\":\"SearchAction\",\"target\":{\"@type\":\"EntryPoint\",\"urlTemplate\":\"https:\/\/www.safinel.fr\/?s={search_term_string}\"},\"query-input\":{\"@type\":\"PropertyValueSpecification\",\"valueRequired\":true,\"valueName\":\"search_term_string\"}}],\"inLanguage\":\"pt-PT\"},{\"@type\":\"Organization\",\"@id\":\"https:\/\/www.safinel.fr\/#organization\",\"name\":\"Safinel\",\"url\":\"https:\/\/www.safinel.fr\/\",\"logo\":{\"@type\":\"ImageObject\",\"inLanguage\":\"pt-PT\",\"@id\":\"https:\/\/www.safinel.fr\/#\/schema\/logo\/image\/\",\"url\":\"https:\/\/www.safinel.fr\/wp-content\/uploads\/2021\/05\/boutique-cosmetique.png\",\"contentUrl\":\"https:\/\/www.safinel.fr\/wp-content\/uploads\/2021\/05\/boutique-cosmetique.png\",\"width\":800,\"height\":200,\"caption\":\"Safinel\"},\"image\":{\"@id\":\"https:\/\/www.safinel.fr\/#\/schema\/logo\/image\/\"}}]}<\/script>\n<!-- \/ Yoast SEO plugin. -->","yoast_head_json":{"title":"Rosa de Jeric\u00f3 | Chajarat mariam | Planta que combate a infertilidade","description":"Chajarat Mariam ou Rosa de Jeric\u00f3 \u00e9 uma planta do deserto de cor acastanhada. Conhecida pelos seus benef\u00edcios para a fertilidade.","robots":{"index":"index","follow":"follow","max-snippet":"max-snippet:-1","max-image-preview":"max-image-preview:large","max-video-preview":"max-video-preview:-1"},"canonical":"https:\/\/www.safinel.fr\/pt\/product-2\/rosa-de-jerico-chajarat-mariam\/","og_locale":"pt_PT","og_type":"article","og_title":"Rose de Jericho | Chajarat mariam | Plante luttant contre l'infertilit\u00e9","og_description":"Chajarat Mariam ou Rose de Jericho\u00a0est une plante du d\u00e9sert de couleur brun\u00e2tre. R\u00e9put\u00e9e pour ses\u00a0bienfaits sur la fertilit\u00e9.","og_url":"https:\/\/www.safinel.fr\/pt\/product-2\/rosa-de-jerico-chajarat-mariam\/","og_site_name":"Safinel","article_modified_time":"2023-12-28T17:15:13+00:00","og_image":[{"width":600,"height":600,"url":"https:\/\/www.safinel.fr\/wp-content\/uploads\/2022\/02\/rose-de-jericho.jpg","type":"image\/jpeg"}],"twitter_card":"summary_large_image","twitter_misc":{"Tempo estimado de leitura":"3 minutos"},"schema":{"@context":"https:\/\/schema.org","@graph":[{"@type":"WebPage","@id":"https:\/\/www.safinel.fr\/produit\/rose-de-jericho-chajarat-mariam\/","url":"https:\/\/www.safinel.fr\/produit\/rose-de-jericho-chajarat-mariam\/","name":"Rosa de Jeric\u00f3 | Chajarat mariam | Planta que combate a infertilidade","isPartOf":{"@id":"https:\/\/www.safinel.fr\/#website"},"primaryImageOfPage":{"@id":"https:\/\/www.safinel.fr\/produit\/rose-de-jericho-chajarat-mariam\/#primaryimage"},"image":{"@id":"https:\/\/www.safinel.fr\/produit\/rose-de-jericho-chajarat-mariam\/#primaryimage"},"thumbnailUrl":"https:\/\/www.safinel.fr\/wp-content\/uploads\/2022\/02\/rose-de-jericho.jpg","datePublished":"2022-02-26T10:07:09+00:00","dateModified":"2023-12-28T17:15:13+00:00","description":"Chajarat Mariam ou Rosa de Jeric\u00f3 \u00e9 uma planta do deserto de cor acastanhada. Conhecida pelos seus benef\u00edcios para a fertilidade.","breadcrumb":{"@id":"https:\/\/www.safinel.fr\/produit\/rose-de-jericho-chajarat-mariam\/#breadcrumb"},"inLanguage":"pt-PT","potentialAction":[{"@type":"ReadAction","target":["https:\/\/www.safinel.fr\/produit\/rose-de-jericho-chajarat-mariam\/"]}]},{"@type":"ImageObject","inLanguage":"pt-PT","@id":"https:\/\/www.safinel.fr\/produit\/rose-de-jericho-chajarat-mariam\/#primaryimage","url":"https:\/\/www.safinel.fr\/wp-content\/uploads\/2022\/02\/rose-de-jericho.jpg","contentUrl":"https:\/\/www.safinel.fr\/wp-content\/uploads\/2022\/02\/rose-de-jericho.jpg","width":600,"height":600,"caption":"Rose de Jericho (Chajarat mariam)"},{"@type":"BreadcrumbList","@id":"https:\/\/www.safinel.fr\/produit\/rose-de-jericho-chajarat-mariam\/#breadcrumb","itemListElement":[{"@type":"ListItem","position":1,"name":"Accueil","item":"https:\/\/www.safinel.fr\/"},{"@type":"ListItem","position":2,"name":"Boutique","item":"https:\/\/www.safinel.fr\/boutique\/"},{"@type":"ListItem","position":3,"name":"Rose de Jericho (Chajarat mariam)"}]},{"@type":"WebSite","@id":"https:\/\/www.safinel.fr\/#website","url":"https:\/\/www.safinel.fr\/","name":"Safinel","description":"","publisher":{"@id":"https:\/\/www.safinel.fr\/#organization"},"potentialAction":[{"@type":"SearchAction","target":{"@type":"EntryPoint","urlTemplate":"https:\/\/www.safinel.fr\/?s={search_term_string}"},"query-input":{"@type":"PropertyValueSpecification","valueRequired":true,"valueName":"search_term_string"}}],"inLanguage":"pt-PT"},{"@type":"Organization","@id":"https:\/\/www.safinel.fr\/#organization","name":"Safinel","url":"https:\/\/www.safinel.fr\/","logo":{"@type":"ImageObject","inLanguage":"pt-PT","@id":"https:\/\/www.safinel.fr\/#\/schema\/logo\/image\/","url":"https:\/\/www.safinel.fr\/wp-content\/uploads\/2021\/05\/boutique-cosmetique.png","contentUrl":"https:\/\/www.safinel.fr\/wp-content\/uploads\/2021\/05\/boutique-cosmetique.png","width":800,"height":200,"caption":"Safinel"},"image":{"@id":"https:\/\/www.safinel.fr\/#\/schema\/logo\/image\/"}}]}},"_links":{"self":[{"href":"https:\/\/www.safinel.fr\/pt\/wp-json\/wp\/v2\/product\/891","targetHints":{"allow":["GET"]}}],"collection":[{"href":"https:\/\/www.safinel.fr\/pt\/wp-json\/wp\/v2\/product"}],"about":[{"href":"https:\/\/www.safinel.fr\/pt\/wp-json\/wp\/v2\/types\/product"}],"wp:featuredmedia":[{"embeddable":true,"href":"https:\/\/www.safinel.fr\/pt\/wp-json\/wp\/v2\/media\/892"}],"wp:attachment":[{"href":"https:\/\/www.safinel.fr\/pt\/wp-json\/wp\/v2\/media?parent=891"}],"wp:term":[{"taxonomy":"product_brand","embeddable":true,"href":"https:\/\/www.safinel.fr\/pt\/wp-json\/wp\/v2\/product_brand?post=891"},{"taxonomy":"product_cat","embeddable":true,"href":"https:\/\/www.safinel.fr\/pt\/wp-json\/wp\/v2\/product_cat?post=891"},{"taxonomy":"product_tag","embeddable":true,"href":"https:\/\/www.safinel.fr\/pt\/wp-json\/wp\/v2\/product_tag?post=891"}],"curies":[{"name":"wp","href":"https:\/\/api.w.org\/{rel}","templated":true}]}}