{"id":873,"date":"2022-02-24T09:27:51","date_gmt":"2022-02-24T09:27:51","guid":{"rendered":"https:\/\/www.safinel.fr\/?post_type=product&#038;p=873"},"modified":"2025-05-04T15:36:15","modified_gmt":"2025-05-04T15:36:15","slug":"gymnema","status":"publish","type":"product","link":"https:\/\/www.safinel.fr\/pt\/product-2\/gymnema\/","title":{"rendered":"Gymnema 100 g"},"content":{"rendered":"<p>Mas o que \u00e9 essa estranha\u00a0<strong>planta ayurv\u00e9dica\u00a0<\/strong>que acaba de se juntar \u00e0 Safinel? O\u00a0<strong>Gymnema Sylvestre<\/strong>\u00a0\u00e9 um\u00a0<strong>suplemento alimentar<\/strong>\u00a0de grande import\u00e2ncia, que contribui para a nossa boa alimenta\u00e7\u00e3o. E, em particular, para\u00a0<strong>reduzir o nosso desejo por a\u00e7\u00facar<\/strong>\u00a0Como funciona? Quais s\u00e3o as suas virtudes? Vamos contar-lhe mais agora mesmo!<\/p>\n<h2><strong>Gymnema sylvestre: a planta destruidora... do a\u00e7\u00facar!\u00a0<\/strong><\/h2>\n<p>Origin\u00e1ria da \u00cdndia e utilizada h\u00e1 mais de 1500 anos na medicina ayurv\u00e9dica, esta planta tem v\u00e1rios nomes.\u00a0<strong>Shardunika<\/strong>, ou ainda\u00a0<strong>Gurmar<\/strong>, em hindi, que significa \u00abaquele que destr\u00f3i o a\u00e7\u00facar\u00bb. O que nos esclarece, de facto, sobre a sua utiliza\u00e7\u00e3o! Os mais divertidos tamb\u00e9m lhe chamam \u00ab<strong>\u00a0fruta milagrosa<\/strong>\u00a0\u00bb. \u00c9 preciso dizer que o seu amplo leque de propriedades ainda nos deixa perplexos.<\/p>\n<p>Al\u00e9m disso, o gymnema \u00e9 comumente usado por m\u00e9dicos indianos. Eles o utilizam contra o\u00a0<strong>Madhu Meha<\/strong>, que significa literalmente \u00aburina de mel\u00bb. Por outras palavras, contra o\u00a0<strong>diabetes mellitus<\/strong>.<\/p>\n<p>\u00c9 importante saber que na Safinel n\u00e3o selecion\u00e1mos este\u00a0<strong>suplemento natural\u00a0<\/strong>ao acaso. Na verdade, ele foi objeto de pesquisas que comprovam sua a\u00e7\u00e3o como\u2019<strong>inibidor de a\u00e7\u00facar.\u00a0<\/strong><\/p>\n<h2><strong>Como os benef\u00edcios da Gymnema atuam no corpo?\u00a0<\/strong><\/h2>\n<p>As propriedades desta<strong>\u00a0planta medicinal<\/strong>\u00a0devem-se ao\u2019<strong>\u00e1cido gymn\u00e9mico<\/strong>, que \u00e9 o seu principal princ\u00edpio ativo.<\/p>\n<p>Eis como estas folhas atuam:<\/p>\n<ul>\n<li>Elas diminuem a vontade de consumir a\u00e7\u00facar; ;<\/li>\n<li>Al\u00e9m disso, podem ser utilizadas no \u00e2mbito do controlo de peso, nomeadamente reduzindo o aporte cal\u00f3rico. Mas tamb\u00e9m o apetite em geral, tal como o\u00a0<a href=\"https:\/\/manelya.com\/produit\/huile-de-fenugrec-pression-a-froid\/\" target=\"_blank\" rel=\"noopener\"><strong>feno-grego<\/strong><\/a>\u00a0;<\/li>\n<li>Ajudam a manter um n\u00edvel normal de glicose no sangue em diab\u00e9ticos tipo 1 e 2; ;<\/li>\n<li>Possuem a\u00e7\u00e3o antioxidante; ;<\/li>\n<li>Por outro lado, ajudam na regenera\u00e7\u00e3o das c\u00e9lulas que sintetizam insulina; ;<\/li>\n<li>\u00c9 um\u00a0<strong>suplemento alimentar natural contra a vontade de petiscar.\u00a0<\/strong><\/li>\n<\/ul>\n<p>Como j\u00e1 deve ter percebido, esta planta \u00e9 uma verdadeira<strong>\u00a0aliada dos diab\u00e9ticos<\/strong>. Mas tamb\u00e9m para pessoas que aspiram a\u00a0<strong>reduzir o consumo de a\u00e7\u00facar<\/strong>. Assim como para aquelas que t\u00eam em vista uma\u00a0<a href=\"https:\/\/www.safinel.fr\/pt\/product-2\/caules-de-cerejas\/\"><strong>perda de peso<\/strong><\/a>.<\/p>\n<p>Com o mesmo objetivo, o<strong>\u00a0cola pequena\u00a0<\/strong>tamb\u00e9m \u00e9 recomendado no \u00e2mbito da perda de peso, como\u00a0<strong>inibidor de apetite<\/strong>.<\/p>\n<h2><strong>A infus\u00e3o que faz bem: dicas de uso\u00a0<\/strong><\/h2>\n<p>Nosso\u00a0<strong>loja online de bem-estar\u00a0<\/strong>oferece-lhe a gymnema sylvestre na sua forma mais natural: em\u00a0<strong>folhas<\/strong>.<\/p>\n<p>Assim, poder\u00e1 tomar este\u00a0<strong>destruidor de a\u00e7\u00facar\u00a0<\/strong>em infus\u00e3o, na propor\u00e7\u00e3o de 3 a 4 ch\u00e1venas por dia, fora das refei\u00e7\u00f5es.<\/p>\n<p>Basta usar 1 colher de sopa de folhas de gymnema por ch\u00e1vena, para 150 ml de \u00e1gua a ferver. Deixe em infus\u00e3o durante pelo menos 10 minutos e, em seguida, coe.<\/p>\n<p>Paradoxalmente, este suplemento alimentar tem um sabor ligeiramente adocicado. Bastante agrad\u00e1vel, n\u00e3o \u00e9?!<\/p>\n<h3><strong>Precau\u00e7\u00f5es sobre o gymnema\u00a0<\/strong><\/h3>\n<p>Em caso de diabetes, \u00e9 obviamente imperativo ser acompanhado por um m\u00e9dico e n\u00e3o recorrer \u00e0 automedica\u00e7\u00e3o.\u00a0<strong>Sempre consulte um profissional de sa\u00fade antes de tomar suplementos alimentares.\u00a0<\/strong><\/p>\n<p>Por outro lado, o Gurmar \u00e9 desaconselhado para mulheres gr\u00e1vidas e lactantes devido \u00e0 falta de estudos sobre o assunto.<\/p>\n<p>Por fim, certifique-se de sempre respeitar a dosagem indicada e n\u00e3o exced\u00ea-la.<\/p>","protected":false},"excerpt":{"rendered":"<p>Mas o que \u00e9 essa planta ayurv\u00e9dica t\u00e3o curiosa que acaba de se juntar \u00e0 gama Safinel? A Gymnema Sylvestre \u00e9 um suplemento alimentar importante, que contribui para uma boa alimenta\u00e7\u00e3o. E, em particular, para reduzir os nossos desejos por a\u00e7\u00facar! Como \u00e9 que ela atua? Quais s\u00e3o as suas virtudes? Vamos contar-lhe mais agora mesmo! Gymnema sylvestre: a planta [\u2026]","protected":false},"featured_media":876,"template":"","meta":[],"product_brand":[],"product_cat":[27],"product_tag":[],"class_list":{"0":"post-873","1":"product","2":"type-product","3":"status-publish","4":"has-post-thumbnail","6":"product_cat-plantes-medicinales","8":"first","9":"instock","10":"shipping-taxable","11":"purchasable","12":"product-type-variable"},"yoast_head":"<!-- This site is optimized with the Yoast SEO plugin v26.6 - https:\/\/yoast.com\/wordpress\/plugins\/seo\/ -->\n<title>Gymnema Sylvestre I Bienfaits nombreux I Achat en ligne s\u00e9curis\u00e9<\/title>\n<meta name=\"description\" content=\"Le\u00a0Gymnema Sylvestre\u00a0est un\u00a0compl\u00e9ment alimentaire\u00a0d\u2019envergure, qui participe \u00e0 notre bonne alimentation. Adoptez-le rapidement !\" \/>\n<meta name=\"robots\" content=\"index, follow, max-snippet:-1, max-image-preview:large, max-video-preview:-1\" \/>\n<link rel=\"canonical\" href=\"https:\/\/www.safinel.fr\/pt\/product-2\/gymnema\/\" \/>\n<meta property=\"og:locale\" content=\"pt_PT\" \/>\n<meta property=\"og:type\" content=\"article\" \/>\n<meta property=\"og:title\" content=\"Gymnema Sylvestre I Bienfaits nombreux I Achat en ligne s\u00e9curis\u00e9\" \/>\n<meta property=\"og:description\" content=\"Le\u00a0Gymnema Sylvestre\u00a0est un\u00a0compl\u00e9ment alimentaire\u00a0d\u2019envergure, qui participe \u00e0 notre bonne alimentation. Adoptez-le rapidement !\" \/>\n<meta property=\"og:url\" content=\"https:\/\/www.safinel.fr\/pt\/product-2\/gymnema\/\" \/>\n<meta property=\"og:site_name\" content=\"Safinel\" \/>\n<meta property=\"article:modified_time\" content=\"2025-05-04T15:36:15+00:00\" \/>\n<meta property=\"og:image\" content=\"https:\/\/www.safinel.fr\/wp-content\/uploads\/2022\/02\/gymnema-feuilles.jpg\" \/>\n\t<meta property=\"og:image:width\" content=\"600\" \/>\n\t<meta property=\"og:image:height\" content=\"600\" \/>\n\t<meta property=\"og:image:type\" content=\"image\/jpeg\" \/>\n<meta name=\"twitter:card\" content=\"summary_large_image\" \/>\n<meta name=\"twitter:label1\" content=\"Tempo estimado de leitura\" \/>\n\t<meta name=\"twitter:data1\" content=\"3 minutos\" \/>\n<script type=\"application\/ld+json\" class=\"yoast-schema-graph\">{\"@context\":\"https:\/\/schema.org\",\"@graph\":[{\"@type\":\"WebPage\",\"@id\":\"https:\/\/www.safinel.fr\/produit\/gymnema\/\",\"url\":\"https:\/\/www.safinel.fr\/produit\/gymnema\/\",\"name\":\"Gymnema Sylvestre I Bienfaits nombreux I Achat en ligne s\u00e9curis\u00e9\",\"isPartOf\":{\"@id\":\"https:\/\/www.safinel.fr\/#website\"},\"primaryImageOfPage\":{\"@id\":\"https:\/\/www.safinel.fr\/produit\/gymnema\/#primaryimage\"},\"image\":{\"@id\":\"https:\/\/www.safinel.fr\/produit\/gymnema\/#primaryimage\"},\"thumbnailUrl\":\"https:\/\/www.safinel.fr\/wp-content\/uploads\/2022\/02\/gymnema-feuilles.jpg\",\"datePublished\":\"2022-02-24T09:27:51+00:00\",\"dateModified\":\"2025-05-04T15:36:15+00:00\",\"description\":\"Le\u00a0Gymnema Sylvestre\u00a0est un\u00a0compl\u00e9ment alimentaire\u00a0d\u2019envergure, qui participe \u00e0 notre bonne alimentation. Adoptez-le rapidement !\",\"breadcrumb\":{\"@id\":\"https:\/\/www.safinel.fr\/produit\/gymnema\/#breadcrumb\"},\"inLanguage\":\"pt-PT\",\"potentialAction\":[{\"@type\":\"ReadAction\",\"target\":[\"https:\/\/www.safinel.fr\/produit\/gymnema\/\"]}]},{\"@type\":\"ImageObject\",\"inLanguage\":\"pt-PT\",\"@id\":\"https:\/\/www.safinel.fr\/produit\/gymnema\/#primaryimage\",\"url\":\"https:\/\/www.safinel.fr\/wp-content\/uploads\/2022\/02\/gymnema-feuilles.jpg\",\"contentUrl\":\"https:\/\/www.safinel.fr\/wp-content\/uploads\/2022\/02\/gymnema-feuilles.jpg\",\"width\":600,\"height\":600,\"caption\":\"gymnema feuilles\"},{\"@type\":\"BreadcrumbList\",\"@id\":\"https:\/\/www.safinel.fr\/produit\/gymnema\/#breadcrumb\",\"itemListElement\":[{\"@type\":\"ListItem\",\"position\":1,\"name\":\"Accueil\",\"item\":\"https:\/\/www.safinel.fr\/\"},{\"@type\":\"ListItem\",\"position\":2,\"name\":\"Boutique\",\"item\":\"https:\/\/www.safinel.fr\/boutique\/\"},{\"@type\":\"ListItem\",\"position\":3,\"name\":\"Gymnema 100g\"}]},{\"@type\":\"WebSite\",\"@id\":\"https:\/\/www.safinel.fr\/#website\",\"url\":\"https:\/\/www.safinel.fr\/\",\"name\":\"Safinel\",\"description\":\"\",\"publisher\":{\"@id\":\"https:\/\/www.safinel.fr\/#organization\"},\"potentialAction\":[{\"@type\":\"SearchAction\",\"target\":{\"@type\":\"EntryPoint\",\"urlTemplate\":\"https:\/\/www.safinel.fr\/?s={search_term_string}\"},\"query-input\":{\"@type\":\"PropertyValueSpecification\",\"valueRequired\":true,\"valueName\":\"search_term_string\"}}],\"inLanguage\":\"pt-PT\"},{\"@type\":\"Organization\",\"@id\":\"https:\/\/www.safinel.fr\/#organization\",\"name\":\"Safinel\",\"url\":\"https:\/\/www.safinel.fr\/\",\"logo\":{\"@type\":\"ImageObject\",\"inLanguage\":\"pt-PT\",\"@id\":\"https:\/\/www.safinel.fr\/#\/schema\/logo\/image\/\",\"url\":\"https:\/\/www.safinel.fr\/wp-content\/uploads\/2021\/05\/boutique-cosmetique.png\",\"contentUrl\":\"https:\/\/www.safinel.fr\/wp-content\/uploads\/2021\/05\/boutique-cosmetique.png\",\"width\":800,\"height\":200,\"caption\":\"Safinel\"},\"image\":{\"@id\":\"https:\/\/www.safinel.fr\/#\/schema\/logo\/image\/\"}}]}<\/script>\n<!-- \/ Yoast SEO plugin. -->","yoast_head_json":{"title":"Gymnema Sylvestre I In\u00fameros benef\u00edcios I Compra online segura","description":"O Gymnema Sylvestre \u00e9 um suplemento alimentar importante, que contribui para uma boa alimenta\u00e7\u00e3o. Adote-o rapidamente!","robots":{"index":"index","follow":"follow","max-snippet":"max-snippet:-1","max-image-preview":"max-image-preview:large","max-video-preview":"max-video-preview:-1"},"canonical":"https:\/\/www.safinel.fr\/pt\/product-2\/gymnema\/","og_locale":"pt_PT","og_type":"article","og_title":"Gymnema Sylvestre I Bienfaits nombreux I Achat en ligne s\u00e9curis\u00e9","og_description":"Le\u00a0Gymnema Sylvestre\u00a0est un\u00a0compl\u00e9ment alimentaire\u00a0d\u2019envergure, qui participe \u00e0 notre bonne alimentation. Adoptez-le rapidement !","og_url":"https:\/\/www.safinel.fr\/pt\/product-2\/gymnema\/","og_site_name":"Safinel","article_modified_time":"2025-05-04T15:36:15+00:00","og_image":[{"width":600,"height":600,"url":"https:\/\/www.safinel.fr\/wp-content\/uploads\/2022\/02\/gymnema-feuilles.jpg","type":"image\/jpeg"}],"twitter_card":"summary_large_image","twitter_misc":{"Tempo estimado de leitura":"3 minutos"},"schema":{"@context":"https:\/\/schema.org","@graph":[{"@type":"WebPage","@id":"https:\/\/www.safinel.fr\/produit\/gymnema\/","url":"https:\/\/www.safinel.fr\/produit\/gymnema\/","name":"Gymnema Sylvestre I In\u00fameros benef\u00edcios I Compra online segura","isPartOf":{"@id":"https:\/\/www.safinel.fr\/#website"},"primaryImageOfPage":{"@id":"https:\/\/www.safinel.fr\/produit\/gymnema\/#primaryimage"},"image":{"@id":"https:\/\/www.safinel.fr\/produit\/gymnema\/#primaryimage"},"thumbnailUrl":"https:\/\/www.safinel.fr\/wp-content\/uploads\/2022\/02\/gymnema-feuilles.jpg","datePublished":"2022-02-24T09:27:51+00:00","dateModified":"2025-05-04T15:36:15+00:00","description":"O Gymnema Sylvestre \u00e9 um suplemento alimentar importante, que contribui para uma boa alimenta\u00e7\u00e3o. Adote-o rapidamente!","breadcrumb":{"@id":"https:\/\/www.safinel.fr\/produit\/gymnema\/#breadcrumb"},"inLanguage":"pt-PT","potentialAction":[{"@type":"ReadAction","target":["https:\/\/www.safinel.fr\/produit\/gymnema\/"]}]},{"@type":"ImageObject","inLanguage":"pt-PT","@id":"https:\/\/www.safinel.fr\/produit\/gymnema\/#primaryimage","url":"https:\/\/www.safinel.fr\/wp-content\/uploads\/2022\/02\/gymnema-feuilles.jpg","contentUrl":"https:\/\/www.safinel.fr\/wp-content\/uploads\/2022\/02\/gymnema-feuilles.jpg","width":600,"height":600,"caption":"gymnema feuilles"},{"@type":"BreadcrumbList","@id":"https:\/\/www.safinel.fr\/produit\/gymnema\/#breadcrumb","itemListElement":[{"@type":"ListItem","position":1,"name":"Accueil","item":"https:\/\/www.safinel.fr\/"},{"@type":"ListItem","position":2,"name":"Boutique","item":"https:\/\/www.safinel.fr\/boutique\/"},{"@type":"ListItem","position":3,"name":"Gymnema 100g"}]},{"@type":"WebSite","@id":"https:\/\/www.safinel.fr\/#website","url":"https:\/\/www.safinel.fr\/","name":"Safinel","description":"","publisher":{"@id":"https:\/\/www.safinel.fr\/#organization"},"potentialAction":[{"@type":"SearchAction","target":{"@type":"EntryPoint","urlTemplate":"https:\/\/www.safinel.fr\/?s={search_term_string}"},"query-input":{"@type":"PropertyValueSpecification","valueRequired":true,"valueName":"search_term_string"}}],"inLanguage":"pt-PT"},{"@type":"Organization","@id":"https:\/\/www.safinel.fr\/#organization","name":"Safinel","url":"https:\/\/www.safinel.fr\/","logo":{"@type":"ImageObject","inLanguage":"pt-PT","@id":"https:\/\/www.safinel.fr\/#\/schema\/logo\/image\/","url":"https:\/\/www.safinel.fr\/wp-content\/uploads\/2021\/05\/boutique-cosmetique.png","contentUrl":"https:\/\/www.safinel.fr\/wp-content\/uploads\/2021\/05\/boutique-cosmetique.png","width":800,"height":200,"caption":"Safinel"},"image":{"@id":"https:\/\/www.safinel.fr\/#\/schema\/logo\/image\/"}}]}},"_links":{"self":[{"href":"https:\/\/www.safinel.fr\/pt\/wp-json\/wp\/v2\/product\/873","targetHints":{"allow":["GET"]}}],"collection":[{"href":"https:\/\/www.safinel.fr\/pt\/wp-json\/wp\/v2\/product"}],"about":[{"href":"https:\/\/www.safinel.fr\/pt\/wp-json\/wp\/v2\/types\/product"}],"wp:featuredmedia":[{"embeddable":true,"href":"https:\/\/www.safinel.fr\/pt\/wp-json\/wp\/v2\/media\/876"}],"wp:attachment":[{"href":"https:\/\/www.safinel.fr\/pt\/wp-json\/wp\/v2\/media?parent=873"}],"wp:term":[{"taxonomy":"product_brand","embeddable":true,"href":"https:\/\/www.safinel.fr\/pt\/wp-json\/wp\/v2\/product_brand?post=873"},{"taxonomy":"product_cat","embeddable":true,"href":"https:\/\/www.safinel.fr\/pt\/wp-json\/wp\/v2\/product_cat?post=873"},{"taxonomy":"product_tag","embeddable":true,"href":"https:\/\/www.safinel.fr\/pt\/wp-json\/wp\/v2\/product_tag?post=873"}],"curies":[{"name":"wp","href":"https:\/\/api.w.org\/{rel}","templated":true}]}}