{"id":865,"date":"2022-02-23T19:50:56","date_gmt":"2022-02-23T19:50:56","guid":{"rendered":"https:\/\/www.safinel.fr\/?post_type=product&#038;p=865"},"modified":"2024-07-04T14:07:43","modified_gmt":"2024-07-04T14:07:43","slug":"cha-de-alcacuz","status":"publish","type":"product","link":"https:\/\/www.safinel.fr\/pt\/product-2\/cha-de-alcacuz\/","title":{"rendered":"Ch\u00e1 de alca\u00e7uz 100 g"},"content":{"rendered":"<p>Bem-vindo \u00e0 loja de bem-estar Safinel! Na ordem do dia: sabor e prazer! Recebeu o seu convite? Se n\u00e3o, deixe-nos resolver isso para que possa aproveitar este momento t\u00e3o especial!\u00a0<strong>Gourmandise e prazer<\/strong>\u00a0est\u00e3o \u00e0 sua espera, descubra sem mais demora o convidado VIP, a\u00a0<strong>Ch\u00e1 de alca\u00e7uz<\/strong>\u00a0!<\/p>\n<h2><strong>O ch\u00e1 de alca\u00e7uz: um convidado surpreendente!\u00a0<\/strong><\/h2>\n<p>Primeiro, como entrada, descubra o que realmente \u00e9<strong>\u00a0o alca\u00e7uz\u00a0<\/strong>!<\/p>\n<p>Frequentemente associada \u00e0\u00a0<strong>guloseima torcida<\/strong>, ela faz parte da\u00a0<strong>fam\u00edlia das Fab\u00e1ceas<\/strong>\u00a0! Uma planta que geralmente cresce em climas oce\u00e2nicos ! Ela mede entre 1 metro e 1,5 metros  ! \u00c9 poss\u00edvel reconhec\u00ea-la pelo aparecimento de suas flores entre os meses de junho e julho ! Sua apar\u00eancia atraente e agrad\u00e1vel revela uma cor violeta: o ver\u00e3o est\u00e1 em destaque !<\/p>\n<p>Al\u00e9m disso, esta convidada tem v\u00e1rias facetas. Ela \u00e9 uma\u00a0<strong>guloseima matinal<\/strong>, e um\u00a0<strong>tempero<\/strong>\u00a0das festas! A sua utiliza\u00e7\u00e3o varia consoante as comunidades e as idades! O alca\u00e7uz agrada pelo seu sabor, mas tamb\u00e9m pelo seu aroma muito atraente e agrad\u00e1vel.<\/p>\n<h2><strong>As qualidades e virtudes desta infus\u00e3o de alca\u00e7uz!\u00a0<\/strong><\/h2>\n<p>Se deseja saber por que ela \u00e9 a convidada de honra deste evento, \u00e9 em parte por todas as qualidades que ela demonstra! Deixe-se encantar por sua\u00a0<strong>bem-estar natural\u00a0<\/strong>e a sua atitude\u00a0<strong>anti-stress<\/strong>\u00a0Ela saber\u00e1 tranquiliz\u00e1-lo e estar\u00e1 presente nos momentos dif\u00edceis!<\/p>\n<p>Como pode ver, sem ela, as coisas seriam diferentes! Vamos descobrir juntos o que esta planta famosa nos reserva!<\/p>\n<ul>\n<li>Pode ajudar a combater dores de garganta<\/li>\n<li>Ben\u00e9fico para facilitar a digest\u00e3o<\/li>\n<li>Pode ser ben\u00e9fico para as articula\u00e7\u00f5es e as dores nas mesmas<\/li>\n<li>D\u00e1 uma sensa\u00e7\u00e3o de saciedade, tal como o\u00a0<strong>feno-grego<\/strong><\/li>\n<\/ul>\n<h2><strong>Algumas dicas para aproveitar ao m\u00e1ximo a infus\u00e3o de alca\u00e7uz!<\/strong><\/h2>\n<p>A noite est\u00e1 a chegar ao fim, ainda h\u00e1 gulosos por a\u00ed? Se sim, aqui v\u00e3o algumas dicas para aproveitar o nosso convidado! Ao acordar, ao pequeno-almo\u00e7o ou depois do jantar, ele ser\u00e1 o seu aliado di\u00e1rio. Muito guloso e\u00a0<strong>ben\u00e9fico para a sa\u00fade<\/strong>, prepare-se para ser seduzido!<\/p>\n<p>Al\u00e9m disso, em infus\u00e3o, e especialmente em ch\u00e1, ela ser\u00e1 adequada para si. Entre 2 e 3 vezes ao dia para os mais gulosos, a sua efic\u00e1cia em<strong>\u00a0facilitar a digest\u00e3o\u00a0<\/strong>ser\u00e1 muito \u00fatil para si.<\/p>\n<p>Portanto, para aproveitar, ferva \u00e1gua. Em seguida, despeje-a na sua ch\u00e1vena. Com uma colher de ch\u00e1, infunda o seu\u00a0<strong>ch\u00e1 de alca\u00e7uz<\/strong>\u00a0Corte finamente! Deixe repousar alguns minutos e saboreie!<\/p>\n<h3><strong>O seu especialista em produtos naturais tamb\u00e9m gostaria de lhe apresentar...<\/strong><\/h3>\n<p>A sua loja online Safinel deseja organizar outros eventos com outros convidados igualmente simp\u00e1ticos e ben\u00e9ficos! Tais como os famosos<strong>\u00a0<a href=\"https:\/\/www.safinel.fr\/pt\/product-2\/caules-de-cerejas\/\">Caules de cerejas<\/a><\/strong>\u00a0e suas propriedades desintoxicantes, ou ainda o<strong>\u2019<a href=\"https:\/\/www.safinel.fr\/pt\/product-2\/aswaganda-racine-entiere\/\">Raiz inteira de Aswaganda<\/a><\/strong>\u00a0!<\/p>\n<p>Como j\u00e1 percebeu, a sua loja, especializada em\u00a0<strong>produtos naturais<\/strong>, est\u00e1 sempre preocupada em oferecer artigos que lhe interessem! A natureza \u00e9 uma riqueza por vezes subestimada, e \u00e9 por isso que queremos destac\u00e1-la.<\/p>\n<p>Aproveite as nossas in\u00fameras\u00a0<strong>produtos alimentares<\/strong>\u00a0certamente, mas tamb\u00e9m bem-estar.<\/p>","protected":false},"excerpt":{"rendered":"<p>Bem-vindo \u00e0 loja de bem-estar Safinel! Na ordem do dia: sabor e prazer! Recebeu o seu convite? Se n\u00e3o, vamos remediar isso para que possa aproveitar este momento t\u00e3o especial! Del\u00edcias e prazer est\u00e3o \u00e0 sua espera, descubra sem demora o convidado VIP, a Tisana de alca\u00e7uz! A [\u2026]","protected":false},"featured_media":866,"template":"","meta":[],"product_brand":[],"product_cat":[19],"product_tag":[],"class_list":{"0":"post-865","1":"product","2":"type-product","3":"status-publish","4":"has-post-thumbnail","6":"product_cat-thes-tisanes","8":"first","9":"outofstock","10":"shipping-taxable","11":"purchasable","12":"product-type-simple"},"yoast_head":"<!-- This site is optimized with the Yoast SEO plugin v26.6 - https:\/\/yoast.com\/wordpress\/plugins\/seo\/ -->\n<title>Tisane de r\u00e9glisse I Finement coup\u00e9 I Contenance 100g<\/title>\n<meta name=\"description\" content=\"Gourmandise et plaisir\u00a0sont au rendez-vous, d\u00e9couvrez sans plus attendre l\u2019invit\u00e9 V.I.P, la\u00a0Tisane de r\u00e9glisse\u00a0!\u00a0\" \/>\n<meta name=\"robots\" content=\"index, follow, max-snippet:-1, max-image-preview:large, max-video-preview:-1\" \/>\n<link rel=\"canonical\" href=\"https:\/\/www.safinel.fr\/pt\/product-2\/cha-de-alcacuz\/\" \/>\n<meta property=\"og:locale\" content=\"pt_PT\" \/>\n<meta property=\"og:type\" content=\"article\" \/>\n<meta property=\"og:title\" content=\"Tisane de r\u00e9glisse I Finement coup\u00e9 I Contenance 100g\" \/>\n<meta property=\"og:description\" content=\"Gourmandise et plaisir\u00a0sont au rendez-vous, d\u00e9couvrez sans plus attendre l\u2019invit\u00e9 V.I.P, la\u00a0Tisane de r\u00e9glisse\u00a0!\u00a0\" \/>\n<meta property=\"og:url\" content=\"https:\/\/www.safinel.fr\/pt\/product-2\/cha-de-alcacuz\/\" \/>\n<meta property=\"og:site_name\" content=\"Safinel\" \/>\n<meta property=\"article:modified_time\" content=\"2024-07-04T14:07:43+00:00\" \/>\n<meta property=\"og:image\" content=\"https:\/\/www.safinel.fr\/wp-content\/uploads\/2022\/02\/tisane-de-reglisse.jpg\" \/>\n\t<meta property=\"og:image:width\" content=\"600\" \/>\n\t<meta property=\"og:image:height\" content=\"600\" \/>\n\t<meta property=\"og:image:type\" content=\"image\/jpeg\" \/>\n<meta name=\"twitter:card\" content=\"summary_large_image\" \/>\n<meta name=\"twitter:label1\" content=\"Tempo estimado de leitura\" \/>\n\t<meta name=\"twitter:data1\" content=\"3 minutos\" \/>\n<script type=\"application\/ld+json\" class=\"yoast-schema-graph\">{\"@context\":\"https:\/\/schema.org\",\"@graph\":[{\"@type\":\"WebPage\",\"@id\":\"https:\/\/www.safinel.fr\/produit\/tisane-de-reglisse\/\",\"url\":\"https:\/\/www.safinel.fr\/produit\/tisane-de-reglisse\/\",\"name\":\"Tisane de r\u00e9glisse I Finement coup\u00e9 I Contenance 100g\",\"isPartOf\":{\"@id\":\"https:\/\/www.safinel.fr\/#website\"},\"primaryImageOfPage\":{\"@id\":\"https:\/\/www.safinel.fr\/produit\/tisane-de-reglisse\/#primaryimage\"},\"image\":{\"@id\":\"https:\/\/www.safinel.fr\/produit\/tisane-de-reglisse\/#primaryimage\"},\"thumbnailUrl\":\"https:\/\/www.safinel.fr\/wp-content\/uploads\/2022\/02\/tisane-de-reglisse.jpg\",\"datePublished\":\"2022-02-23T19:50:56+00:00\",\"dateModified\":\"2024-07-04T14:07:43+00:00\",\"description\":\"Gourmandise et plaisir\u00a0sont au rendez-vous, d\u00e9couvrez sans plus attendre l\u2019invit\u00e9 V.I.P, la\u00a0Tisane de r\u00e9glisse\u00a0!\u00a0\",\"breadcrumb\":{\"@id\":\"https:\/\/www.safinel.fr\/produit\/tisane-de-reglisse\/#breadcrumb\"},\"inLanguage\":\"pt-PT\",\"potentialAction\":[{\"@type\":\"ReadAction\",\"target\":[\"https:\/\/www.safinel.fr\/produit\/tisane-de-reglisse\/\"]}]},{\"@type\":\"ImageObject\",\"inLanguage\":\"pt-PT\",\"@id\":\"https:\/\/www.safinel.fr\/produit\/tisane-de-reglisse\/#primaryimage\",\"url\":\"https:\/\/www.safinel.fr\/wp-content\/uploads\/2022\/02\/tisane-de-reglisse.jpg\",\"contentUrl\":\"https:\/\/www.safinel.fr\/wp-content\/uploads\/2022\/02\/tisane-de-reglisse.jpg\",\"width\":600,\"height\":600,\"caption\":\"Tisane de r\u00e9glisse 100g\"},{\"@type\":\"BreadcrumbList\",\"@id\":\"https:\/\/www.safinel.fr\/produit\/tisane-de-reglisse\/#breadcrumb\",\"itemListElement\":[{\"@type\":\"ListItem\",\"position\":1,\"name\":\"Accueil\",\"item\":\"https:\/\/www.safinel.fr\/\"},{\"@type\":\"ListItem\",\"position\":2,\"name\":\"Boutique\",\"item\":\"https:\/\/www.safinel.fr\/boutique\/\"},{\"@type\":\"ListItem\",\"position\":3,\"name\":\"Tisane de r\u00e9glisse 100g\"}]},{\"@type\":\"WebSite\",\"@id\":\"https:\/\/www.safinel.fr\/#website\",\"url\":\"https:\/\/www.safinel.fr\/\",\"name\":\"Safinel\",\"description\":\"\",\"publisher\":{\"@id\":\"https:\/\/www.safinel.fr\/#organization\"},\"potentialAction\":[{\"@type\":\"SearchAction\",\"target\":{\"@type\":\"EntryPoint\",\"urlTemplate\":\"https:\/\/www.safinel.fr\/?s={search_term_string}\"},\"query-input\":{\"@type\":\"PropertyValueSpecification\",\"valueRequired\":true,\"valueName\":\"search_term_string\"}}],\"inLanguage\":\"pt-PT\"},{\"@type\":\"Organization\",\"@id\":\"https:\/\/www.safinel.fr\/#organization\",\"name\":\"Safinel\",\"url\":\"https:\/\/www.safinel.fr\/\",\"logo\":{\"@type\":\"ImageObject\",\"inLanguage\":\"pt-PT\",\"@id\":\"https:\/\/www.safinel.fr\/#\/schema\/logo\/image\/\",\"url\":\"https:\/\/www.safinel.fr\/wp-content\/uploads\/2021\/05\/boutique-cosmetique.png\",\"contentUrl\":\"https:\/\/www.safinel.fr\/wp-content\/uploads\/2021\/05\/boutique-cosmetique.png\",\"width\":800,\"height\":200,\"caption\":\"Safinel\"},\"image\":{\"@id\":\"https:\/\/www.safinel.fr\/#\/schema\/logo\/image\/\"}}]}<\/script>\n<!-- \/ Yoast SEO plugin. -->","yoast_head_json":{"title":"Ch\u00e1 de alca\u00e7uz I Finamente cortado I Conte\u00fado 100 g","description":"Gourmandise e prazer est\u00e3o \u00e0 sua espera, descubra sem mais demora o convidado VIP, a Tisana de alca\u00e7uz!\u00a0","robots":{"index":"index","follow":"follow","max-snippet":"max-snippet:-1","max-image-preview":"max-image-preview:large","max-video-preview":"max-video-preview:-1"},"canonical":"https:\/\/www.safinel.fr\/pt\/product-2\/cha-de-alcacuz\/","og_locale":"pt_PT","og_type":"article","og_title":"Tisane de r\u00e9glisse I Finement coup\u00e9 I Contenance 100g","og_description":"Gourmandise et plaisir\u00a0sont au rendez-vous, d\u00e9couvrez sans plus attendre l\u2019invit\u00e9 V.I.P, la\u00a0Tisane de r\u00e9glisse\u00a0!\u00a0","og_url":"https:\/\/www.safinel.fr\/pt\/product-2\/cha-de-alcacuz\/","og_site_name":"Safinel","article_modified_time":"2024-07-04T14:07:43+00:00","og_image":[{"width":600,"height":600,"url":"https:\/\/www.safinel.fr\/wp-content\/uploads\/2022\/02\/tisane-de-reglisse.jpg","type":"image\/jpeg"}],"twitter_card":"summary_large_image","twitter_misc":{"Tempo estimado de leitura":"3 minutos"},"schema":{"@context":"https:\/\/schema.org","@graph":[{"@type":"WebPage","@id":"https:\/\/www.safinel.fr\/produit\/tisane-de-reglisse\/","url":"https:\/\/www.safinel.fr\/produit\/tisane-de-reglisse\/","name":"Ch\u00e1 de alca\u00e7uz I Finamente cortado I Conte\u00fado 100 g","isPartOf":{"@id":"https:\/\/www.safinel.fr\/#website"},"primaryImageOfPage":{"@id":"https:\/\/www.safinel.fr\/produit\/tisane-de-reglisse\/#primaryimage"},"image":{"@id":"https:\/\/www.safinel.fr\/produit\/tisane-de-reglisse\/#primaryimage"},"thumbnailUrl":"https:\/\/www.safinel.fr\/wp-content\/uploads\/2022\/02\/tisane-de-reglisse.jpg","datePublished":"2022-02-23T19:50:56+00:00","dateModified":"2024-07-04T14:07:43+00:00","description":"Gourmandise e prazer est\u00e3o \u00e0 sua espera, descubra sem mais demora o convidado VIP, a Tisana de alca\u00e7uz!\u00a0","breadcrumb":{"@id":"https:\/\/www.safinel.fr\/produit\/tisane-de-reglisse\/#breadcrumb"},"inLanguage":"pt-PT","potentialAction":[{"@type":"ReadAction","target":["https:\/\/www.safinel.fr\/produit\/tisane-de-reglisse\/"]}]},{"@type":"ImageObject","inLanguage":"pt-PT","@id":"https:\/\/www.safinel.fr\/produit\/tisane-de-reglisse\/#primaryimage","url":"https:\/\/www.safinel.fr\/wp-content\/uploads\/2022\/02\/tisane-de-reglisse.jpg","contentUrl":"https:\/\/www.safinel.fr\/wp-content\/uploads\/2022\/02\/tisane-de-reglisse.jpg","width":600,"height":600,"caption":"Tisane de r\u00e9glisse 100g"},{"@type":"BreadcrumbList","@id":"https:\/\/www.safinel.fr\/produit\/tisane-de-reglisse\/#breadcrumb","itemListElement":[{"@type":"ListItem","position":1,"name":"Accueil","item":"https:\/\/www.safinel.fr\/"},{"@type":"ListItem","position":2,"name":"Boutique","item":"https:\/\/www.safinel.fr\/boutique\/"},{"@type":"ListItem","position":3,"name":"Tisane de r\u00e9glisse 100g"}]},{"@type":"WebSite","@id":"https:\/\/www.safinel.fr\/#website","url":"https:\/\/www.safinel.fr\/","name":"Safinel","description":"","publisher":{"@id":"https:\/\/www.safinel.fr\/#organization"},"potentialAction":[{"@type":"SearchAction","target":{"@type":"EntryPoint","urlTemplate":"https:\/\/www.safinel.fr\/?s={search_term_string}"},"query-input":{"@type":"PropertyValueSpecification","valueRequired":true,"valueName":"search_term_string"}}],"inLanguage":"pt-PT"},{"@type":"Organization","@id":"https:\/\/www.safinel.fr\/#organization","name":"Safinel","url":"https:\/\/www.safinel.fr\/","logo":{"@type":"ImageObject","inLanguage":"pt-PT","@id":"https:\/\/www.safinel.fr\/#\/schema\/logo\/image\/","url":"https:\/\/www.safinel.fr\/wp-content\/uploads\/2021\/05\/boutique-cosmetique.png","contentUrl":"https:\/\/www.safinel.fr\/wp-content\/uploads\/2021\/05\/boutique-cosmetique.png","width":800,"height":200,"caption":"Safinel"},"image":{"@id":"https:\/\/www.safinel.fr\/#\/schema\/logo\/image\/"}}]}},"_links":{"self":[{"href":"https:\/\/www.safinel.fr\/pt\/wp-json\/wp\/v2\/product\/865","targetHints":{"allow":["GET"]}}],"collection":[{"href":"https:\/\/www.safinel.fr\/pt\/wp-json\/wp\/v2\/product"}],"about":[{"href":"https:\/\/www.safinel.fr\/pt\/wp-json\/wp\/v2\/types\/product"}],"wp:featuredmedia":[{"embeddable":true,"href":"https:\/\/www.safinel.fr\/pt\/wp-json\/wp\/v2\/media\/866"}],"wp:attachment":[{"href":"https:\/\/www.safinel.fr\/pt\/wp-json\/wp\/v2\/media?parent=865"}],"wp:term":[{"taxonomy":"product_brand","embeddable":true,"href":"https:\/\/www.safinel.fr\/pt\/wp-json\/wp\/v2\/product_brand?post=865"},{"taxonomy":"product_cat","embeddable":true,"href":"https:\/\/www.safinel.fr\/pt\/wp-json\/wp\/v2\/product_cat?post=865"},{"taxonomy":"product_tag","embeddable":true,"href":"https:\/\/www.safinel.fr\/pt\/wp-json\/wp\/v2\/product_tag?post=865"}],"curies":[{"name":"wp","href":"https:\/\/api.w.org\/{rel}","templated":true}]}}