{"id":860,"date":"2022-02-23T19:43:21","date_gmt":"2022-02-23T19:43:21","guid":{"rendered":"https:\/\/www.safinel.fr\/?post_type=product&#038;p=860"},"modified":"2024-12-31T02:17:41","modified_gmt":"2024-12-31T02:17:41","slug":"tribulus","status":"publish","type":"product","link":"https:\/\/www.safinel.fr\/pt\/product-2\/tribulus\/","title":{"rendered":"Tribulus (Tribulus) 100 g"},"content":{"rendered":"<p><strong>O tribulus<\/strong>, tamb\u00e9m chamado\u00a0<strong>\u201ctribula\u00e7\u00e3o terrena\u201d,<\/strong>\u00a0ou ainda\u00a0<strong>\u201ccruz de Malta\u201d,<\/strong>\u00a0\u00e9 um rem\u00e9dio ancestral. Na verdade, \u00e9 utilizado em algumas regi\u00f5es do mundo (\u00cdndia, China...) h\u00e1 s\u00e9culos pelas suas\u00a0<strong>propriedades terap\u00eauticas<\/strong>. E mais particularmente pelas suas propriedades\u00a0<strong>fortificantes, afrodis\u00edacos<\/strong>\u00a0(para homens e mulheres) e\u00a0<strong>protetoras do sistema cardiovascular<\/strong>.<\/p>\n<p>Estamos ansiosos por falar-lhe sobre isso!<\/p>\n<h2><strong>Tribulus: uma planta surpreendente!\u00a0<\/strong><\/h2>\n<p>O seu nome, cruz de Malta, vem da forma estrelada do seu fruto, que \u00e9 composto por cinco s\u00e9palas. Todas as partes da planta s\u00e3o utilizadas, tanto o fruto como as folhas, ou ainda as ra\u00edzes e as sementes.<\/p>\n<p>Este\u00a0<strong>alicament<\/strong>\u00a0\u00e9 tamb\u00e9m rico em princ\u00edpios ativos que lhe conferem uma a\u00e7\u00e3o sobre as hormonas ou ainda sobre o fluxo sangu\u00edneo.<\/p>\n<p>S\u00e3o principalmente os extratos da raiz e das sementes da planta que s\u00e3o utilizados na fitoterapia.<\/p>\n<h3><strong>Os princ\u00edpios ativos deste superalimento conferem-lhe propriedades incr\u00edveis:<\/strong><\/h3>\n<ul>\n<li>anabolizante natural<\/li>\n<li>eficaz em problemas cardiovasculares<\/li>\n<li>revitalizante e energizante<\/li>\n<li>aumenta a energia sexual<\/li>\n<li>decuplica a energia f\u00edsica<\/li>\n<li>acalma o stress<\/li>\n<li>dissipa a ins\u00f3nia<\/li>\n<li>ajuda \u00e0 concentra\u00e7\u00e3o<\/li>\n<li>alivia os sintomas da menopausa<\/li>\n<li>resolve os problemas relacionados com a menstrua\u00e7\u00e3o<\/li>\n<\/ul>\n<p>(Lista n\u00e3o exaustiva)<\/p>\n<h2><strong>As propriedades terap\u00eauticas do tribulus<\/strong><\/h2>\n<p>Os seus benef\u00edcios para a sa\u00fade s\u00e3o ainda mais importantes. Al\u00e9m disso, muitos cientistas descobriram outros benef\u00edcios medicinais ainda desconhecidos at\u00e9 agora...<\/p>\n<h3><strong>Estimulante e anabolizante<\/strong><\/h3>\n<p><strong>Anabolizante natural<\/strong>, esta planta ajuda a\u2019<strong>aumento da massa muscular<\/strong>\u00a0mas tamb\u00e9m \u00e0 recupera\u00e7\u00e3o ap\u00f3s o esfor\u00e7o. Por isso, ela\u00a0<strong>aumenta o desempenho desportivo<\/strong>\u00a0e isso gra\u00e7as ao seu efeito sobre a produ\u00e7\u00e3o de testosterona.<\/p>\n<p>Tem o poder de estimular a produ\u00e7\u00e3o de  testosterona. \u00c9 por isso que o encontramos em v\u00e1rios suplementos alimentares e outros tratamentos de sa\u00fade espec\u00edficos para homens.<\/p>\n<h3><strong>Tribulus: t\u00f4nico e afrodis\u00edaco <\/strong><\/h3>\n<p>Ao estimular hormonas como a testosterona e a progesterona, o<strong>O tribulus ajuda a combater a impot\u00eancia e a frigidez.<\/strong>.<\/p>\n<p>De facto, \u00e9 altamente recomendado como afrodis\u00edaco para reavivar a energia sexual e aumentar o desejo em homens e mulheres.<\/p>\n<p>\u00c9 tamb\u00e9m um excelente\u00a0<strong>rem\u00e9dio natural\u00a0<\/strong>para aqueles que sofrem de diminui\u00e7\u00e3o da libido relacionada com a fadiga ou impot\u00eancia.<\/p>\n<p>A Safinel oferece ainda outras plantas afrodis\u00edacas, entre elas, a\u00a0<a href=\"https:\/\/www.safinel.fr\/pt\/product-2\/kigelia-africana\/\"><strong>Kigelia africana<\/strong><\/a>.<\/p>\n<h3><strong>Dist\u00farbios espec\u00edficos da mulher<\/strong><\/h3>\n<p>Esta planta tamb\u00e9m regula as hormonas nas mulheres, promovendo a sua produ\u00e7\u00e3o, em particular os estrog\u00e9nios. De facto, pode revelar-se\u00a0<strong>eficaz para regular os ciclos menstruais<\/strong>\u00a0ou ainda\u00a0<strong>facilitar o per\u00edodo da menopausa<\/strong>.<\/p>\n<p>Al\u00e9m disso, diminui o fluxo e as dores relacionadas com a menstrua\u00e7\u00e3o, bem como os inc\u00f3modos causados pela menopausa.<\/p>\n<p>Descubra a\u00a0<a href=\"https:\/\/www.safinel.fr\/pt\/product-2\/folhas-de-djeka\/\"><strong>Folhas de Djeka<\/strong><\/a>. Al\u00e9m de aliviar as dores menstruais, esta planta \u00e9 recomendada para limpar o \u00fatero ap\u00f3s o parto.<\/p>\n<h3><strong>Tribulus e aumento da fertilidade<\/strong><\/h3>\n<p>Foram realizadas pesquisas sobre o\u00a0<strong>tribula\u00e7\u00e3o terrena<\/strong>\u00a0e elas mostraram que ele podia\u00a0<strong>ajudar a melhorar a fertilidade<\/strong>.<\/p>\n<p>No entanto, a maioria delas foi realizada em animais. Eles observaram uma\u00a0<strong>aumento do n\u00famero de espermatozoides<\/strong>\u00a0nos homens. Mas tamb\u00e9m um fortalecimento dos ov\u00e1rios nas mulheres.<\/p>\n<h3><strong>Facilita a perda de peso<\/strong><\/h3>\n<p>Foi realizado um estudo de 12 semanas com homens entre 45 e 60 anos. O estudo consistiu na administra\u00e7\u00e3o de c\u00e1psulas para estudar o efeito do tribulus na perda de peso.<\/p>\n<p>Este rem\u00e9dio natural ajudou a melhorar a produ\u00e7\u00e3o de hormonas nos indiv\u00edduos.<\/p>\n<p>De facto, verificou-se uma\u00a0<strong>redu\u00e7\u00e3o da massa gorda e aumento da massa muscular<\/strong>.<\/p>\n<p>Note-se que a pr\u00e1tica de desporto, em complemento a este tratamento, apenas melhorou os resultados.<\/p>\n<p>Al\u00e9m disso, tamb\u00e9m encontrar\u00e1 na nossa loja online o\u00a0<strong>Triphala biol\u00f3gico.\u00a0<\/strong>Esta \u00faltima facilita a perda de peso e ajuda na digest\u00e3o.<\/p>\n<h3><strong>O tribulus b<\/strong><strong>fortalece o sistema imunol\u00f3gico<\/strong><\/h3>\n<p>O tribulus terrestre tamb\u00e9m \u00e9 recomendado para\u00a0<strong>revitalizar o organismo e refor\u00e7ar as defesas imunit\u00e1rias<\/strong>. Mas tamb\u00e9m \u00e9 recomendada em casos de fadiga cr\u00f3nica, pois fortalece  as gl\u00e2ndulas supra-renais.<\/p>\n<p>Essas gl\u00e2ndulas produzem hormonas ester\u00f3ides, como o cortisol (tamb\u00e9m chamadas de corticosteroides).<\/p>\n<p>Um stress intenso, seja f\u00edsico, emocional, psicol\u00f3gico ou ambiental, pode esgotar as gl\u00e2ndulas supra-renais. Estas reduzem ent\u00e3o a produ\u00e7\u00e3o de hormonas como o cortisol.<\/p>\n<h3><strong>Doen\u00e7as cardiovasculares e outras a\u00e7\u00f5es<\/strong><\/h3>\n<p><strong>Fluidificante sangu\u00edneo<\/strong>, O tribulus protege contra doen\u00e7as cardiovasculares, problemas card\u00edacos e previne a forma\u00e7\u00e3o de co\u00e1gulos sangu\u00edneos.<\/p>\n<p>\u00c9 tamb\u00e9m um\u00a0<strong>aliado para pessoas que sofrem de anemia\u00a0<\/strong>porque ajuda na multiplica\u00e7\u00e3o dos gl\u00f3bulos vermelhos.<\/p>\n<p>Ele tamb\u00e9m atua na\u00a0<strong>prote\u00e7\u00e3o do f\u00edgado e da ves\u00edcula biliar<\/strong>\u00a0estimulando-os e ajudando-os na sua fun\u00e7\u00e3o desintoxicante.<\/p>\n<p><strong>Combate ao stress, nervosismo e ins\u00f3nia<\/strong><\/p>\n<p>Al\u00e9m disso, estudos comprovaram que\u00a0<strong>os seus extratos contribuem para o equil\u00edbrio do sistema nervoso<\/strong>. Al\u00e9m disso, acalma a carga mental e o stress gra\u00e7as \u00e0s suas propriedades adaptog\u00e9nicas.<\/p>\n<p>Al\u00e9m disso, ele\u00a0<strong>combate a ins\u00f3nia<\/strong>\u00a0promovendo um sono reparador e a recupera\u00e7\u00e3o durante o sono.<\/p>\n<p><strong>Tribulus: uma planta adaptog\u00e9nica<\/strong><\/p>\n<p>Estas plantas s\u00e3o\u00a0<strong>reguladores do metabolismo<\/strong>\u00a0humano. A sua a\u00e7\u00e3o permite aumentar a capacidade do organismo de se adaptar a certos fatores ambientais, como a fadiga ou o stress.<\/p>\n<p>De facto, estes adapt\u00f3genos podem ser particularmente eficazes no combate ao stress em geral e, consequentemente, no reequil\u00edbrio do organismo.<\/p>\n<p>Al\u00e9m das propriedades mencionadas, estas plantas podem ser t\u00f4nicas e energizantes. Elas possuem, nomeadamente, virtudes tonificantes para o corpo e estimulam o organismo em caso de fadiga.<\/p>\n<p>Assim, os adapt\u00f3genos contribuem para promover a sa\u00fade geral do organismo. Dito isto, cada um deles \u00e9 \u00fanico e possui propriedades pr\u00f3prias.<\/p>\n<p>Por exemplo, alguns s\u00e3o considerados estimulantes, outros calmantes e outros ainda antioxidantes.<\/p>\n<h2><strong>Tribulus terrestris: Posologia e recomenda\u00e7\u00f5es<\/strong><\/h2>\n<h3><strong>Posologia\u00a0<\/strong><\/h3>\n<p>Esta planta n\u00e3o tem efeitos secund\u00e1rios conhecidos se a dosagem for respeitada. Dito isto, n\u00e3o se deve exceder os 1200 mg di\u00e1rios e deve fazer pausas de uma semana a cada duas semanas.<\/p>\n<p>Obviamente, a dosagem depender\u00e1 do problema de sa\u00fade a ser tratado.<\/p>\n<p>Recomenda-se tamb\u00e9m tom\u00e1-lo em duas doses ao longo do dia, de prefer\u00eancia.<\/p>\n<h3><strong>Contraindica\u00e7\u00f5es<\/strong><\/h3>\n<p>Este rem\u00e9dio natural \u00e9 contraindicado para mulheres gr\u00e1vidas., <a href=\"https:\/\/mamanetbebenature.fr\/406-tisane-d-allaitement\" target=\"_blank\" rel=\"noopener\"><strong>amamentando<\/strong><\/a> e as crian\u00e7as.<\/p>\n<p>Al\u00e9m disso, n\u00e3o \u00e9 recomendado para pessoas com problemas renais, pois pode causar estimula\u00e7\u00e3o dos rins.<\/p>\n<p>N\u00e3o exceda as doses di\u00e1rias recomendadas e evite tomar com estimulantes como caf\u00e9 ou guaran\u00e1.<\/p>\n<p>Estas recomenda\u00e7\u00f5es s\u00e3o meramente informativas e n\u00e3o substituem um tratamento m\u00e9dico. Consulte sempre um profissional de sa\u00fade.<\/p>","protected":false},"excerpt":{"rendered":"<p>O tribulus, tamb\u00e9m chamado de \u201ctribulo terrestre\u201d ou \u201ccruz de Malta\u201d, \u00e9 um rem\u00e9dio ancestral. Na verdade, \u00e9 utilizado em algumas regi\u00f5es do mundo (\u00cdndia, China...) h\u00e1 s\u00e9culos pelas suas virtudes terap\u00eauticas. E, mais particularmente, pelas suas propriedades fortificantes, afrodis\u00edacas (para homens e mulheres) e protetoras do sistema cardiovascular. Estamos ansiosos por falar-lhe sobre ele! O tribulus [...]","protected":false},"featured_media":862,"template":"","meta":[],"product_brand":[],"product_cat":[27],"product_tag":[],"class_list":{"0":"post-860","1":"product","2":"type-product","3":"status-publish","4":"has-post-thumbnail","6":"product_cat-plantes-medicinales","8":"first","9":"outofstock","10":"shipping-taxable","11":"purchasable","12":"product-type-variable"},"yoast_head":"<!-- This site is optimized with the Yoast SEO plugin v26.6 - https:\/\/yoast.com\/wordpress\/plugins\/seo\/ -->\n<title>Tribulus I Tribule terrestre I Rem\u00e8de naturel \u00e0 d\u00e9couvrir<\/title>\n<meta name=\"description\" content=\"Le tribulus, \u00e9galement appel\u00e9\u00a0\u201ctribule terrestre\u201d,\u00a0ou encore\u00a0\u201ccroix de Malte\u201d,\u00a0est un rem\u00e8de ancestral. D\u00e9couvrez-le sans plus attendre !\" \/>\n<meta name=\"robots\" content=\"index, follow, max-snippet:-1, max-image-preview:large, max-video-preview:-1\" \/>\n<link rel=\"canonical\" href=\"https:\/\/www.safinel.fr\/pt\/product-2\/tribulus\/\" \/>\n<meta property=\"og:locale\" content=\"pt_PT\" \/>\n<meta property=\"og:type\" content=\"article\" \/>\n<meta property=\"og:title\" content=\"Tribulus I Tribule terrestre I Rem\u00e8de naturel \u00e0 d\u00e9couvrir\" \/>\n<meta property=\"og:description\" content=\"Le tribulus, \u00e9galement appel\u00e9\u00a0\u201ctribule terrestre\u201d,\u00a0ou encore\u00a0\u201ccroix de Malte\u201d,\u00a0est un rem\u00e8de ancestral. D\u00e9couvrez-le sans plus attendre !\" \/>\n<meta property=\"og:url\" content=\"https:\/\/www.safinel.fr\/pt\/product-2\/tribulus\/\" \/>\n<meta property=\"og:site_name\" content=\"Safinel\" \/>\n<meta property=\"article:modified_time\" content=\"2024-12-31T02:17:41+00:00\" \/>\n<meta property=\"og:image\" content=\"https:\/\/www.safinel.fr\/wp-content\/uploads\/2022\/02\/tribule-fruit-entier.jpg\" \/>\n\t<meta property=\"og:image:width\" content=\"600\" \/>\n\t<meta property=\"og:image:height\" content=\"600\" \/>\n\t<meta property=\"og:image:type\" content=\"image\/jpeg\" \/>\n<meta name=\"twitter:card\" content=\"summary_large_image\" \/>\n<meta name=\"twitter:label1\" content=\"Tempo estimado de leitura\" \/>\n\t<meta name=\"twitter:data1\" content=\"6 minutos\" \/>\n<script type=\"application\/ld+json\" class=\"yoast-schema-graph\">{\"@context\":\"https:\/\/schema.org\",\"@graph\":[{\"@type\":\"WebPage\",\"@id\":\"https:\/\/www.safinel.fr\/produit\/tribulus\/\",\"url\":\"https:\/\/www.safinel.fr\/produit\/tribulus\/\",\"name\":\"Tribulus I Tribule terrestre I Rem\u00e8de naturel \u00e0 d\u00e9couvrir\",\"isPartOf\":{\"@id\":\"https:\/\/www.safinel.fr\/#website\"},\"primaryImageOfPage\":{\"@id\":\"https:\/\/www.safinel.fr\/produit\/tribulus\/#primaryimage\"},\"image\":{\"@id\":\"https:\/\/www.safinel.fr\/produit\/tribulus\/#primaryimage\"},\"thumbnailUrl\":\"https:\/\/www.safinel.fr\/wp-content\/uploads\/2022\/02\/tribule-fruit-entier.jpg\",\"datePublished\":\"2022-02-23T19:43:21+00:00\",\"dateModified\":\"2024-12-31T02:17:41+00:00\",\"description\":\"Le tribulus, \u00e9galement appel\u00e9\u00a0\u201ctribule terrestre\u201d,\u00a0ou encore\u00a0\u201ccroix de Malte\u201d,\u00a0est un rem\u00e8de ancestral. D\u00e9couvrez-le sans plus attendre !\",\"breadcrumb\":{\"@id\":\"https:\/\/www.safinel.fr\/produit\/tribulus\/#breadcrumb\"},\"inLanguage\":\"pt-PT\",\"potentialAction\":[{\"@type\":\"ReadAction\",\"target\":[\"https:\/\/www.safinel.fr\/produit\/tribulus\/\"]}]},{\"@type\":\"ImageObject\",\"inLanguage\":\"pt-PT\",\"@id\":\"https:\/\/www.safinel.fr\/produit\/tribulus\/#primaryimage\",\"url\":\"https:\/\/www.safinel.fr\/wp-content\/uploads\/2022\/02\/tribule-fruit-entier.jpg\",\"contentUrl\":\"https:\/\/www.safinel.fr\/wp-content\/uploads\/2022\/02\/tribule-fruit-entier.jpg\",\"width\":600,\"height\":600,\"caption\":\"Tribulus I Tribule terrestre\"},{\"@type\":\"BreadcrumbList\",\"@id\":\"https:\/\/www.safinel.fr\/produit\/tribulus\/#breadcrumb\",\"itemListElement\":[{\"@type\":\"ListItem\",\"position\":1,\"name\":\"Accueil\",\"item\":\"https:\/\/www.safinel.fr\/\"},{\"@type\":\"ListItem\",\"position\":2,\"name\":\"Boutique\",\"item\":\"https:\/\/www.safinel.fr\/boutique\/\"},{\"@type\":\"ListItem\",\"position\":3,\"name\":\"Tribule (Tribulus) 100g\"}]},{\"@type\":\"WebSite\",\"@id\":\"https:\/\/www.safinel.fr\/#website\",\"url\":\"https:\/\/www.safinel.fr\/\",\"name\":\"Safinel\",\"description\":\"\",\"publisher\":{\"@id\":\"https:\/\/www.safinel.fr\/#organization\"},\"potentialAction\":[{\"@type\":\"SearchAction\",\"target\":{\"@type\":\"EntryPoint\",\"urlTemplate\":\"https:\/\/www.safinel.fr\/?s={search_term_string}\"},\"query-input\":{\"@type\":\"PropertyValueSpecification\",\"valueRequired\":true,\"valueName\":\"search_term_string\"}}],\"inLanguage\":\"pt-PT\"},{\"@type\":\"Organization\",\"@id\":\"https:\/\/www.safinel.fr\/#organization\",\"name\":\"Safinel\",\"url\":\"https:\/\/www.safinel.fr\/\",\"logo\":{\"@type\":\"ImageObject\",\"inLanguage\":\"pt-PT\",\"@id\":\"https:\/\/www.safinel.fr\/#\/schema\/logo\/image\/\",\"url\":\"https:\/\/www.safinel.fr\/wp-content\/uploads\/2021\/05\/boutique-cosmetique.png\",\"contentUrl\":\"https:\/\/www.safinel.fr\/wp-content\/uploads\/2021\/05\/boutique-cosmetique.png\",\"width\":800,\"height\":200,\"caption\":\"Safinel\"},\"image\":{\"@id\":\"https:\/\/www.safinel.fr\/#\/schema\/logo\/image\/\"}}]}<\/script>\n<!-- \/ Yoast SEO plugin. -->","yoast_head_json":{"title":"Tribulus I Tribulus terrestre I Rem\u00e9dio natural a descobrir","description":"O tribulus, tamb\u00e9m chamado de \u201ctribulo terrestre\u201d ou \u201ccruz de Malta\u201d, \u00e9 um rem\u00e9dio ancestral. Descubra-o sem mais demora!","robots":{"index":"index","follow":"follow","max-snippet":"max-snippet:-1","max-image-preview":"max-image-preview:large","max-video-preview":"max-video-preview:-1"},"canonical":"https:\/\/www.safinel.fr\/pt\/product-2\/tribulus\/","og_locale":"pt_PT","og_type":"article","og_title":"Tribulus I Tribule terrestre I Rem\u00e8de naturel \u00e0 d\u00e9couvrir","og_description":"Le tribulus, \u00e9galement appel\u00e9\u00a0\u201ctribule terrestre\u201d,\u00a0ou encore\u00a0\u201ccroix de Malte\u201d,\u00a0est un rem\u00e8de ancestral. D\u00e9couvrez-le sans plus attendre !","og_url":"https:\/\/www.safinel.fr\/pt\/product-2\/tribulus\/","og_site_name":"Safinel","article_modified_time":"2024-12-31T02:17:41+00:00","og_image":[{"width":600,"height":600,"url":"https:\/\/www.safinel.fr\/wp-content\/uploads\/2022\/02\/tribule-fruit-entier.jpg","type":"image\/jpeg"}],"twitter_card":"summary_large_image","twitter_misc":{"Tempo estimado de leitura":"6 minutos"},"schema":{"@context":"https:\/\/schema.org","@graph":[{"@type":"WebPage","@id":"https:\/\/www.safinel.fr\/produit\/tribulus\/","url":"https:\/\/www.safinel.fr\/produit\/tribulus\/","name":"Tribulus I Tribulus terrestre I Rem\u00e9dio natural a descobrir","isPartOf":{"@id":"https:\/\/www.safinel.fr\/#website"},"primaryImageOfPage":{"@id":"https:\/\/www.safinel.fr\/produit\/tribulus\/#primaryimage"},"image":{"@id":"https:\/\/www.safinel.fr\/produit\/tribulus\/#primaryimage"},"thumbnailUrl":"https:\/\/www.safinel.fr\/wp-content\/uploads\/2022\/02\/tribule-fruit-entier.jpg","datePublished":"2022-02-23T19:43:21+00:00","dateModified":"2024-12-31T02:17:41+00:00","description":"O tribulus, tamb\u00e9m chamado de \u201ctribulo terrestre\u201d ou \u201ccruz de Malta\u201d, \u00e9 um rem\u00e9dio ancestral. Descubra-o sem mais demora!","breadcrumb":{"@id":"https:\/\/www.safinel.fr\/produit\/tribulus\/#breadcrumb"},"inLanguage":"pt-PT","potentialAction":[{"@type":"ReadAction","target":["https:\/\/www.safinel.fr\/produit\/tribulus\/"]}]},{"@type":"ImageObject","inLanguage":"pt-PT","@id":"https:\/\/www.safinel.fr\/produit\/tribulus\/#primaryimage","url":"https:\/\/www.safinel.fr\/wp-content\/uploads\/2022\/02\/tribule-fruit-entier.jpg","contentUrl":"https:\/\/www.safinel.fr\/wp-content\/uploads\/2022\/02\/tribule-fruit-entier.jpg","width":600,"height":600,"caption":"Tribulus I Tribule terrestre"},{"@type":"BreadcrumbList","@id":"https:\/\/www.safinel.fr\/produit\/tribulus\/#breadcrumb","itemListElement":[{"@type":"ListItem","position":1,"name":"Accueil","item":"https:\/\/www.safinel.fr\/"},{"@type":"ListItem","position":2,"name":"Boutique","item":"https:\/\/www.safinel.fr\/boutique\/"},{"@type":"ListItem","position":3,"name":"Tribule (Tribulus) 100g"}]},{"@type":"WebSite","@id":"https:\/\/www.safinel.fr\/#website","url":"https:\/\/www.safinel.fr\/","name":"Safinel","description":"","publisher":{"@id":"https:\/\/www.safinel.fr\/#organization"},"potentialAction":[{"@type":"SearchAction","target":{"@type":"EntryPoint","urlTemplate":"https:\/\/www.safinel.fr\/?s={search_term_string}"},"query-input":{"@type":"PropertyValueSpecification","valueRequired":true,"valueName":"search_term_string"}}],"inLanguage":"pt-PT"},{"@type":"Organization","@id":"https:\/\/www.safinel.fr\/#organization","name":"Safinel","url":"https:\/\/www.safinel.fr\/","logo":{"@type":"ImageObject","inLanguage":"pt-PT","@id":"https:\/\/www.safinel.fr\/#\/schema\/logo\/image\/","url":"https:\/\/www.safinel.fr\/wp-content\/uploads\/2021\/05\/boutique-cosmetique.png","contentUrl":"https:\/\/www.safinel.fr\/wp-content\/uploads\/2021\/05\/boutique-cosmetique.png","width":800,"height":200,"caption":"Safinel"},"image":{"@id":"https:\/\/www.safinel.fr\/#\/schema\/logo\/image\/"}}]}},"_links":{"self":[{"href":"https:\/\/www.safinel.fr\/pt\/wp-json\/wp\/v2\/product\/860","targetHints":{"allow":["GET"]}}],"collection":[{"href":"https:\/\/www.safinel.fr\/pt\/wp-json\/wp\/v2\/product"}],"about":[{"href":"https:\/\/www.safinel.fr\/pt\/wp-json\/wp\/v2\/types\/product"}],"wp:featuredmedia":[{"embeddable":true,"href":"https:\/\/www.safinel.fr\/pt\/wp-json\/wp\/v2\/media\/862"}],"wp:attachment":[{"href":"https:\/\/www.safinel.fr\/pt\/wp-json\/wp\/v2\/media?parent=860"}],"wp:term":[{"taxonomy":"product_brand","embeddable":true,"href":"https:\/\/www.safinel.fr\/pt\/wp-json\/wp\/v2\/product_brand?post=860"},{"taxonomy":"product_cat","embeddable":true,"href":"https:\/\/www.safinel.fr\/pt\/wp-json\/wp\/v2\/product_cat?post=860"},{"taxonomy":"product_tag","embeddable":true,"href":"https:\/\/www.safinel.fr\/pt\/wp-json\/wp\/v2\/product_tag?post=860"}],"curies":[{"name":"wp","href":"https:\/\/api.w.org\/{rel}","templated":true}]}}