{"id":8243,"date":"2023-09-02T18:28:11","date_gmt":"2023-09-02T18:28:11","guid":{"rendered":"https:\/\/www.safinel.fr\/?post_type=product&#038;p=8243"},"modified":"2024-02-07T12:45:16","modified_gmt":"2024-02-07T12:45:16","slug":"polen-de-palmeira","status":"publish","type":"product","link":"https:\/\/www.safinel.fr\/pt\/product-2\/polen-de-palmeira\/","title":{"rendered":"P\u00f3len de palmeira 25 g"},"content":{"rendered":"<p>Conhece o\u00a0<strong>p\u00f3len de palmeira<\/strong>\u00a0Este produto natural, h\u00e1 muito desconhecido, tem, no entanto, in\u00fameras virtudes. Proveniente diretamente das regi\u00f5es tropicais e subtropicais onde crescem as palmeiras, este precioso p\u00f3len est\u00e1 a ganhar terreno entre os apreciadores de produtos naturais gra\u00e7as aos seus efeitos positivos para a sa\u00fade.<\/p>\n<h2><strong>A origem e a colheita do p\u00f3len de palmeira<\/strong><\/h2>\n<p>O p\u00f3len de palmeira prov\u00e9m, como o pr\u00f3prio nome indica, da palmeira. Uma fam\u00edlia de plantas chamada Arecaceae, que inclui mais de 200 esp\u00e9cies distribu\u00eddas por diferentes regi\u00f5es do mundo. Para recolher este precioso p\u00f3len, \u00e9 necess\u00e1rio esperar que as flores masculinas \u2013 tamb\u00e9m chamadas infloresc\u00eancias \u2013 da palmeira desabrochem, libertando assim enormes quantidades de gr\u00e3os de p\u00f3len amarelo palha.<\/p>\n<p>S\u00e3o esses pequenos gr\u00e3os, com forte poder nutritivo, que ser\u00e3o colhidos \u00e0 m\u00e3o ou com ferramentas espec\u00edficas antes de serem secos ao sol e armazenados. Depois de cuidadosamente preparado, esse p\u00f3 que ajuda na fertilidade pode ser oferecido em diferentes formas (c\u00e1psulas, p\u00f3...) para melhor atender \u00e0s necessidades e expectativas de cada um.<\/p>\n<h2><strong>Os benef\u00edcios do p\u00f3len de palmeira para a fertilidade masculina<\/strong><\/h2>\n<p>Nos \u00faltimos anos, os investigadores t\u00eam demonstrado um interesse crescente por este p\u00f3 natural e pelas suas propriedades medicinais. Em particular no que diz respeito \u00e0\u00a0<a href=\"https:\/\/www.safinel.fr\/pt\/product-category-2\/intimidade-masculina\/\"><strong>fertilidade masculina<\/strong><\/a>. V\u00e1rios estudos demonstraram que o p\u00f3len de palmeira pode ter um efeito positivo no n\u00famero, na mobilidade e na vitalidade dos espermatozoides.<\/p>\n<ul>\n<li><strong>Melhor qualidade do esperma<\/strong><\/li>\n<\/ul>\n<p>O p\u00f3len de palmeira \u00e9 rico em prote\u00ednas, vitaminas e minerais essenciais para o bom funcionamento do organismo. Encontram-se nele, entre outros, c\u00e1lcio, ferro, cobre, <a href=\"https:\/\/www.safinel.fr\/pt\/product-2\/bisglicinato-de-zinco\/\"><strong>zinco<\/strong><\/a> e sel\u00e9nio. Elementos indispens\u00e1veis para uma boa produ\u00e7\u00e3o de espermatozoides. Em complemento a uma alimenta\u00e7\u00e3o equilibrada. O consumo regular de p\u00f3len de palmeira pode, assim, contribuir para melhorar a qualidade do esperma em homens que sofrem de infertilidade.<\/p>\n<ul>\n<li><strong>Um impacto na libido<\/strong><\/li>\n<\/ul>\n<p>Os efeitos ben\u00e9ficos do p\u00f3len de palmeira n\u00e3o se limitam apenas \u00e0 fertilidade masculina. Parece tamb\u00e9m que ele pode desempenhar um papel na estimula\u00e7\u00e3o da libido nos homens. Por exemplo, ajudando a combater a fadiga ou promovendo o relaxamento. Complemento natural com propriedades afrodis\u00edacas, ele \u00e9 uma alternativa interessante para pessoas que buscam aumentar o desejo sexual.<\/p>\n<h2><strong>Outros benef\u00edcios para a sa\u00fade<\/strong><\/h2>\n<p>Embora o p\u00f3len de palmeira seja mais conhecido pela sua a\u00e7\u00e3o na fertilidade masculina, ele tamb\u00e9m possui muitos outros benef\u00edcios:<\/p>\n<ul>\n<li><strong>Um papel na regula\u00e7\u00e3o do sistema hormonal<\/strong>\u00a0: gra\u00e7as \u00e0 sua riqueza em vitaminas e minerais. Contribui para equilibrar os n\u00edveis hormonais tanto nas mulheres como nos homens. Ajuda assim a combater certos problemas relacionados com o desequil\u00edbrio hormonal (s\u00edndrome pr\u00e9-menstrual, dist\u00farbios da menopausa, etc.).<\/li>\n<li><strong>A\u00e7\u00e3o sobre o sistema imunol\u00f3gico<\/strong>\u00a0: o p\u00f3len de palmeira tamb\u00e9m \u00e9 conhecido pelos seus efeitos positivos no sistema imunit\u00e1rio. Ajuda, nomeadamente, a refor\u00e7ar as defesas naturais do organismo.<\/li>\n<li><strong>Propriedades antioxidantes<\/strong>\u00a0: tal como o p\u00f3len \u00abcl\u00e1ssico\u00bb recolhido pelas abelhas. Este p\u00f3, que ajuda na fertilidade, cont\u00e9m antioxidantes que combatem os radicais livres respons\u00e1veis pelo envelhecimento prematuro das c\u00e9lulas.<\/li>\n<\/ul>\n<h2><strong>Onde encontrar p\u00f3len de palmeira?<\/strong><\/h2>\n<p>Atualmente, a procura n\u00e3o para de aumentar e, por isso, \u00e9 mais f\u00e1cil encontr\u00e1-lo do que antes. Pode comprar este produto, nomeadamente, em\u00a0<strong>lojas especializadas<\/strong>, sejam lojas f\u00edsicas ou lojas online dedicadas a produtos naturais ou vegetais.<\/p>\n<p>Sempre com o objetivo de satisfazer da melhor forma os consumidores. O p\u00f3len de palmeira \u00e9 oferecido em v\u00e1rias formas: <a href=\"https:\/\/www.safinel.fr\/pt\/product-2\/capsulas-de-polen-de-palmeira\/\"><strong>c\u00e1psulas<\/strong><\/a>, em p\u00f3 ou ainda em misturas. Existem at\u00e9 receitas \u00e0 base de p\u00f3len de palmeira para os apreciadores da gastronomia que desejam descobri-lo de outra forma e aproveitar os seus benef\u00edcios.<\/p>\n<h3><strong>Um aliado natural para a sa\u00fade<\/strong><\/h3>\n<p>Em resumo, o p\u00f3len de palmeira \u00e9 uma verdadeira mina de ouro para quem procura solu\u00e7\u00f5es naturais para melhorar a sua sa\u00fade e bem-estar. Gra\u00e7as \u00e0s descobertas cient\u00edficas e aos in\u00fameros testemunhos de consumidores conquistados pelos seus efeitos positivos na fertilidade masculina, no sistema hormonal e no sistema imunit\u00e1rio, est\u00e1 a ganhar cada vez mais notoriedade e a impor-se como um produto indispens\u00e1vel para os adeptos de produtos naturais.<\/p>","protected":false},"excerpt":{"rendered":"<p><strong>NB<\/strong> : o p\u00f3len de palmeira n\u00e3o \u00e9 adequado para mulheres que sofrem de s\u00edndrome dos ov\u00e1rios polic\u00edsticos, miomas, p\u00f3lipos, endometriose, quistos, bem como para aquelas que tomam <a href=\"https:\/\/www.safinel.fr\/pt\/product-2\/agripalma\/\"><strong>ch\u00e1 de agnocasto<\/strong><\/a>.<\/p>\n<p>Saqueta de 25 g<\/p>\n<p><img decoding=\"async\" class=\"size-full wp-image-5091 aligncenter\" src=\"https:\/\/www.safinel.fr\/wp-content\/uploads\/2021\/06\/BANNIERE-ICONE-SAFINEL.webp\" alt=\"resseguro satinado\" width=\"800\" height=\"200\" srcset=\"https:\/\/www.safinel.fr\/wp-content\/uploads\/2021\/06\/BANNIERE-ICONE-SAFINEL.webp 800w, https:\/\/www.safinel.fr\/wp-content\/uploads\/2021\/06\/BANNIERE-ICONE-SAFINEL-600x150.webp 600w, https:\/\/www.safinel.fr\/wp-content\/uploads\/2021\/06\/BANNIERE-ICONE-SAFINEL-768x192.webp 768w\" sizes=\"(max-width: 800px) 100vw, 800px\" \/><\/p>","protected":false},"featured_media":8244,"template":"","meta":[],"product_brand":[],"product_cat":[15],"product_tag":[],"class_list":{"0":"post-8243","1":"product","2":"type-product","3":"status-publish","4":"has-post-thumbnail","6":"product_cat-fertilite","8":"first","9":"instock","10":"shipping-taxable","11":"purchasable","12":"product-type-simple"},"yoast_head":"<!-- This site is optimized with the Yoast SEO plugin v26.6 - https:\/\/yoast.com\/wordpress\/plugins\/seo\/ -->\n<title>Pollen de palmier | Poudre naturelle qui favorise la fertilit\u00e9<\/title>\n<meta name=\"description\" content=\"Connaissez-vous le\u00a0pollen de palmier\u00a0? Ce produit naturel, longtemps m\u00e9connu, a pourtant de nombreuses vertus. Adoptez-le sans plus attendre !\" \/>\n<meta name=\"robots\" content=\"index, follow, max-snippet:-1, max-image-preview:large, max-video-preview:-1\" \/>\n<link rel=\"canonical\" href=\"https:\/\/www.safinel.fr\/pt\/product-2\/polen-de-palmeira\/\" \/>\n<meta property=\"og:locale\" content=\"pt_PT\" \/>\n<meta property=\"og:type\" content=\"article\" \/>\n<meta property=\"og:title\" content=\"Pollen de palmier | Poudre naturelle qui favorise la fertilit\u00e9\" \/>\n<meta property=\"og:description\" content=\"Connaissez-vous le\u00a0pollen de palmier\u00a0? Ce produit naturel, longtemps m\u00e9connu, a pourtant de nombreuses vertus. Adoptez-le sans plus attendre !\" \/>\n<meta property=\"og:url\" content=\"https:\/\/www.safinel.fr\/pt\/product-2\/polen-de-palmeira\/\" \/>\n<meta property=\"og:site_name\" content=\"Safinel\" \/>\n<meta property=\"article:modified_time\" content=\"2024-02-07T12:45:16+00:00\" \/>\n<meta property=\"og:image\" content=\"https:\/\/www.safinel.fr\/wp-content\/uploads\/2023\/09\/pollen-de-palmier.jpg\" \/>\n\t<meta property=\"og:image:width\" content=\"600\" \/>\n\t<meta property=\"og:image:height\" content=\"600\" \/>\n\t<meta property=\"og:image:type\" content=\"image\/jpeg\" \/>\n<meta name=\"twitter:card\" content=\"summary_large_image\" \/>\n<meta name=\"twitter:label1\" content=\"Tempo estimado de leitura\" \/>\n\t<meta name=\"twitter:data1\" content=\"4 minutos\" \/>\n<script type=\"application\/ld+json\" class=\"yoast-schema-graph\">{\"@context\":\"https:\/\/schema.org\",\"@graph\":[{\"@type\":\"WebPage\",\"@id\":\"https:\/\/www.safinel.fr\/produit\/pollen-de-palmier\/\",\"url\":\"https:\/\/www.safinel.fr\/produit\/pollen-de-palmier\/\",\"name\":\"Pollen de palmier | Poudre naturelle qui favorise la fertilit\u00e9\",\"isPartOf\":{\"@id\":\"https:\/\/www.safinel.fr\/#website\"},\"primaryImageOfPage\":{\"@id\":\"https:\/\/www.safinel.fr\/produit\/pollen-de-palmier\/#primaryimage\"},\"image\":{\"@id\":\"https:\/\/www.safinel.fr\/produit\/pollen-de-palmier\/#primaryimage\"},\"thumbnailUrl\":\"https:\/\/www.safinel.fr\/wp-content\/uploads\/2023\/09\/pollen-de-palmier.jpg\",\"datePublished\":\"2023-09-02T18:28:11+00:00\",\"dateModified\":\"2024-02-07T12:45:16+00:00\",\"description\":\"Connaissez-vous le\u00a0pollen de palmier\u00a0? Ce produit naturel, longtemps m\u00e9connu, a pourtant de nombreuses vertus. Adoptez-le sans plus attendre !\",\"breadcrumb\":{\"@id\":\"https:\/\/www.safinel.fr\/produit\/pollen-de-palmier\/#breadcrumb\"},\"inLanguage\":\"pt-PT\",\"potentialAction\":[{\"@type\":\"ReadAction\",\"target\":[\"https:\/\/www.safinel.fr\/produit\/pollen-de-palmier\/\"]}]},{\"@type\":\"ImageObject\",\"inLanguage\":\"pt-PT\",\"@id\":\"https:\/\/www.safinel.fr\/produit\/pollen-de-palmier\/#primaryimage\",\"url\":\"https:\/\/www.safinel.fr\/wp-content\/uploads\/2023\/09\/pollen-de-palmier.jpg\",\"contentUrl\":\"https:\/\/www.safinel.fr\/wp-content\/uploads\/2023\/09\/pollen-de-palmier.jpg\",\"width\":600,\"height\":600,\"caption\":\"Pollen de palmier\"},{\"@type\":\"BreadcrumbList\",\"@id\":\"https:\/\/www.safinel.fr\/produit\/pollen-de-palmier\/#breadcrumb\",\"itemListElement\":[{\"@type\":\"ListItem\",\"position\":1,\"name\":\"Accueil\",\"item\":\"https:\/\/www.safinel.fr\/\"},{\"@type\":\"ListItem\",\"position\":2,\"name\":\"Boutique\",\"item\":\"https:\/\/www.safinel.fr\/boutique\/\"},{\"@type\":\"ListItem\",\"position\":3,\"name\":\"Pollen de palmier 25g\"}]},{\"@type\":\"WebSite\",\"@id\":\"https:\/\/www.safinel.fr\/#website\",\"url\":\"https:\/\/www.safinel.fr\/\",\"name\":\"Safinel\",\"description\":\"\",\"publisher\":{\"@id\":\"https:\/\/www.safinel.fr\/#organization\"},\"potentialAction\":[{\"@type\":\"SearchAction\",\"target\":{\"@type\":\"EntryPoint\",\"urlTemplate\":\"https:\/\/www.safinel.fr\/?s={search_term_string}\"},\"query-input\":{\"@type\":\"PropertyValueSpecification\",\"valueRequired\":true,\"valueName\":\"search_term_string\"}}],\"inLanguage\":\"pt-PT\"},{\"@type\":\"Organization\",\"@id\":\"https:\/\/www.safinel.fr\/#organization\",\"name\":\"Safinel\",\"url\":\"https:\/\/www.safinel.fr\/\",\"logo\":{\"@type\":\"ImageObject\",\"inLanguage\":\"pt-PT\",\"@id\":\"https:\/\/www.safinel.fr\/#\/schema\/logo\/image\/\",\"url\":\"https:\/\/www.safinel.fr\/wp-content\/uploads\/2021\/05\/boutique-cosmetique.png\",\"contentUrl\":\"https:\/\/www.safinel.fr\/wp-content\/uploads\/2021\/05\/boutique-cosmetique.png\",\"width\":800,\"height\":200,\"caption\":\"Safinel\"},\"image\":{\"@id\":\"https:\/\/www.safinel.fr\/#\/schema\/logo\/image\/\"}}]}<\/script>\n<!-- \/ Yoast SEO plugin. -->","yoast_head_json":{"title":"P\u00f3len de palmeira | P\u00f3 natural que promove a fertilidade","description":"Conhece o p\u00f3len de palmeira? Este produto natural, h\u00e1 muito desconhecido, tem, no entanto, in\u00fameras virtudes. Adote-o sem mais demora!","robots":{"index":"index","follow":"follow","max-snippet":"max-snippet:-1","max-image-preview":"max-image-preview:large","max-video-preview":"max-video-preview:-1"},"canonical":"https:\/\/www.safinel.fr\/pt\/product-2\/polen-de-palmeira\/","og_locale":"pt_PT","og_type":"article","og_title":"Pollen de palmier | Poudre naturelle qui favorise la fertilit\u00e9","og_description":"Connaissez-vous le\u00a0pollen de palmier\u00a0? Ce produit naturel, longtemps m\u00e9connu, a pourtant de nombreuses vertus. Adoptez-le sans plus attendre !","og_url":"https:\/\/www.safinel.fr\/pt\/product-2\/polen-de-palmeira\/","og_site_name":"Safinel","article_modified_time":"2024-02-07T12:45:16+00:00","og_image":[{"width":600,"height":600,"url":"https:\/\/www.safinel.fr\/wp-content\/uploads\/2023\/09\/pollen-de-palmier.jpg","type":"image\/jpeg"}],"twitter_card":"summary_large_image","twitter_misc":{"Tempo estimado de leitura":"4 minutos"},"schema":{"@context":"https:\/\/schema.org","@graph":[{"@type":"WebPage","@id":"https:\/\/www.safinel.fr\/produit\/pollen-de-palmier\/","url":"https:\/\/www.safinel.fr\/produit\/pollen-de-palmier\/","name":"P\u00f3len de palmeira | P\u00f3 natural que promove a fertilidade","isPartOf":{"@id":"https:\/\/www.safinel.fr\/#website"},"primaryImageOfPage":{"@id":"https:\/\/www.safinel.fr\/produit\/pollen-de-palmier\/#primaryimage"},"image":{"@id":"https:\/\/www.safinel.fr\/produit\/pollen-de-palmier\/#primaryimage"},"thumbnailUrl":"https:\/\/www.safinel.fr\/wp-content\/uploads\/2023\/09\/pollen-de-palmier.jpg","datePublished":"2023-09-02T18:28:11+00:00","dateModified":"2024-02-07T12:45:16+00:00","description":"Conhece o p\u00f3len de palmeira? Este produto natural, h\u00e1 muito desconhecido, tem, no entanto, in\u00fameras virtudes. Adote-o sem mais demora!","breadcrumb":{"@id":"https:\/\/www.safinel.fr\/produit\/pollen-de-palmier\/#breadcrumb"},"inLanguage":"pt-PT","potentialAction":[{"@type":"ReadAction","target":["https:\/\/www.safinel.fr\/produit\/pollen-de-palmier\/"]}]},{"@type":"ImageObject","inLanguage":"pt-PT","@id":"https:\/\/www.safinel.fr\/produit\/pollen-de-palmier\/#primaryimage","url":"https:\/\/www.safinel.fr\/wp-content\/uploads\/2023\/09\/pollen-de-palmier.jpg","contentUrl":"https:\/\/www.safinel.fr\/wp-content\/uploads\/2023\/09\/pollen-de-palmier.jpg","width":600,"height":600,"caption":"Pollen de palmier"},{"@type":"BreadcrumbList","@id":"https:\/\/www.safinel.fr\/produit\/pollen-de-palmier\/#breadcrumb","itemListElement":[{"@type":"ListItem","position":1,"name":"Accueil","item":"https:\/\/www.safinel.fr\/"},{"@type":"ListItem","position":2,"name":"Boutique","item":"https:\/\/www.safinel.fr\/boutique\/"},{"@type":"ListItem","position":3,"name":"Pollen de palmier 25g"}]},{"@type":"WebSite","@id":"https:\/\/www.safinel.fr\/#website","url":"https:\/\/www.safinel.fr\/","name":"Safinel","description":"","publisher":{"@id":"https:\/\/www.safinel.fr\/#organization"},"potentialAction":[{"@type":"SearchAction","target":{"@type":"EntryPoint","urlTemplate":"https:\/\/www.safinel.fr\/?s={search_term_string}"},"query-input":{"@type":"PropertyValueSpecification","valueRequired":true,"valueName":"search_term_string"}}],"inLanguage":"pt-PT"},{"@type":"Organization","@id":"https:\/\/www.safinel.fr\/#organization","name":"Safinel","url":"https:\/\/www.safinel.fr\/","logo":{"@type":"ImageObject","inLanguage":"pt-PT","@id":"https:\/\/www.safinel.fr\/#\/schema\/logo\/image\/","url":"https:\/\/www.safinel.fr\/wp-content\/uploads\/2021\/05\/boutique-cosmetique.png","contentUrl":"https:\/\/www.safinel.fr\/wp-content\/uploads\/2021\/05\/boutique-cosmetique.png","width":800,"height":200,"caption":"Safinel"},"image":{"@id":"https:\/\/www.safinel.fr\/#\/schema\/logo\/image\/"}}]}},"_links":{"self":[{"href":"https:\/\/www.safinel.fr\/pt\/wp-json\/wp\/v2\/product\/8243","targetHints":{"allow":["GET"]}}],"collection":[{"href":"https:\/\/www.safinel.fr\/pt\/wp-json\/wp\/v2\/product"}],"about":[{"href":"https:\/\/www.safinel.fr\/pt\/wp-json\/wp\/v2\/types\/product"}],"wp:featuredmedia":[{"embeddable":true,"href":"https:\/\/www.safinel.fr\/pt\/wp-json\/wp\/v2\/media\/8244"}],"wp:attachment":[{"href":"https:\/\/www.safinel.fr\/pt\/wp-json\/wp\/v2\/media?parent=8243"}],"wp:term":[{"taxonomy":"product_brand","embeddable":true,"href":"https:\/\/www.safinel.fr\/pt\/wp-json\/wp\/v2\/product_brand?post=8243"},{"taxonomy":"product_cat","embeddable":true,"href":"https:\/\/www.safinel.fr\/pt\/wp-json\/wp\/v2\/product_cat?post=8243"},{"taxonomy":"product_tag","embeddable":true,"href":"https:\/\/www.safinel.fr\/pt\/wp-json\/wp\/v2\/product_tag?post=8243"}],"curies":[{"name":"wp","href":"https:\/\/api.w.org\/{rel}","templated":true}]}}