{"id":82,"date":"2021-06-01T14:59:06","date_gmt":"2021-06-01T14:59:06","guid":{"rendered":"https:\/\/www.safinel.fr\/?post_type=product&#038;p=82"},"modified":"2026-01-21T01:57:14","modified_gmt":"2026-01-21T01:57:14","slug":"folhas-de-framboesa","status":"publish","type":"product","link":"https:\/\/www.safinel.fr\/pt\/product-2\/folhas-de-framboesa\/","title":{"rendered":"Folhas secas de framboesa"},"content":{"rendered":"<p>Os <b>folhas de framboesa<\/b> s\u00e3o consideradas as \u201cmelhores aliadas da mulher\u201d.<span class=\"Apple-converted-space\">\u00a0<\/span><\/p>\n<p>Quem n\u00e3o conhece a framboesa? Esta planta, bem conhecida pelos seus frutos de sabor t\u00e3o delicado, \u00e9 unanimidade... Muito populares h\u00e1 s\u00e9culos, os frutos da framboesa ajudam-nos a manter uma boa sa\u00fade.<span class=\"Apple-converted-space\">\u00a0<\/span><\/p>\n<p>No entanto, esses frutos deliciosos n\u00e3o s\u00e3o o que nos interessa hoje. Na verdade, os <b>folhas de framboesa <\/b>tamb\u00e9m s\u00e3o muito utilizadas e recomendadas pelos seus m\u00faltiplos benef\u00edcios para o organismo.<span class=\"Apple-converted-space\">\u00a0<\/span><\/p>\n<p>Por isso, n\u00f3s da <i>Safinel<\/i>, dos <b>folhas de framboesa<\/b> secas em embalagens de 100 g ou 200 g, \u00e0 escolha. Fique connosco e descubra mais sobre as suas particularidades!<\/p>\n<h2><b>Folhas de framboesa: uma maravilha medicinal<span class=\"Apple-converted-space\">\u00a0<\/span><\/b><\/h2>\n<p>Todos conhecem a framboesa, mas poucas pessoas sabem que a framboeseira \u00e9 uma das plantas medicinais por excel\u00eancia.<span class=\"Apple-converted-space\">\u00a0<\/span><\/p>\n<p>Tamb\u00e9m chamado de <b>l<\/b><b>a amoreira silvestre do Monte Ida<\/b>, A framboesa faz parte da fam\u00edlia das ros\u00e1ceas. Origin\u00e1ria da Europa Ocidental, esta \u00e1rvore perene pode atingir at\u00e9 dois metros de altura. Cultivada ou selvagem, tem prefer\u00eancia por solos leves e ricos em h\u00famus.<\/p>\n<p>A framboesa produz flores brancas auto-fertilizantes e frutos constitu\u00eddos por pequenas bolas vermelhas \u00e1cidas e perfumadas. Quanto \u00e0s suas folhas, s\u00e3o ovais, tomentosas e esbranqui\u00e7adas na parte inferior.<span class=\"Apple-converted-space\">\u00a0<\/span><\/p>\n<p>Os <b>folhas de framboesa <\/b>s\u00e3o colhidas durante a flora\u00e7\u00e3o. Em seguida, s\u00e3o secas ao sol para obter folhas de boa qualidade e ricas em nutrientes. Na verdade, as suas virtudes s\u00e3o apreciadas em todo o mundo.<\/p>\n<p>O uso dessas folhas \u00e9 muito comum nos pa\u00edses anglo-sax\u00f5es. Eles prescrevem essas folhas durante os per\u00edodos de altera\u00e7\u00f5es hormonais.<\/p>\n<p>Hoje em dia, s\u00e3o geralmente prescritos para manter uma boa atividade dos \u00f3rg\u00e3os reprodutivos femininos.<\/p>\n<p>N\u00e3o confundir: os <b>folhas de framboesa<\/b> s\u00e3o por vezes confundidas com a cetona de framboesa, normalmente comercializada como suplemento alimentar para queimar gordura. Trata-se de dois produtos totalmente diferentes.<span class=\"Apple-converted-space\">\u00a0<\/span><\/p>\n<h2><b>Qual \u00e9 a composi\u00e7\u00e3o das folhas de framboesa?<span class=\"Apple-converted-space\">\u00a0<\/span><\/b><\/h2>\n<p>Os <b>folhas de framboesa<\/b> n\u00e3o deixam de surpreender. Na verdade, elas s\u00e3o ricas em nutrientes ben\u00e9ficos para a sa\u00fade e o organismo. Encontramos muitos princ\u00edpios ativos, principalmente:<span class=\"Apple-converted-space\">\u00a0<\/span><\/p>\n<ul>\n<li>Vitaminas A, B, C, E<span class=\"Apple-converted-space\">\u00a0<\/span><\/li>\n<li>C\u00e1lcio<\/li>\n<li>Magn\u00e9sio<\/li>\n<li>Pot\u00e1ssio<\/li>\n<li>Fer<\/li>\n<li>Zinco<\/li>\n<li>Cromo<\/li>\n<li>Mangan\u00eas<\/li>\n<li>Fragina<\/li>\n<li>Taninos<\/li>\n<li>Flavonoides<\/li>\n<\/ul>\n<p>Como pode ver, estas folhas s\u00e3o not\u00e1veis. Gra\u00e7as aos seus componentes, elas s\u00e3o, h\u00e1 muito tempo, aliadas da mulher, ou melhor, do seu sistema reprodutor.<span class=\"Apple-converted-space\">\u00a0<\/span><\/p>\n<h2><b>Os in\u00fameros benef\u00edcios das folhas de framboesa<span class=\"Apple-converted-space\">\u00a0<\/span><\/b><\/h2>\n<p>A maravilhosa composi\u00e7\u00e3o das folhas de framboesa confere-lhe enormes benef\u00edcios para o nosso organismo. Por isso, vamos descobrir juntos tudo o que h\u00e1 para saber sobre estas folhas maravilhosas.<span class=\"Apple-converted-space\">\u00a0<\/span><\/p>\n<p>Em primeiro lugar, elas combatem problemas intestinais, como diarreia e indigest\u00e3o. Tamb\u00e9m facilitam a digest\u00e3o e at\u00e9 aliviam dores de garganta.<span class=\"Apple-converted-space\">\u00a0<\/span><\/p>\n<p>Mas ainda n\u00e3o acabou... Este <b>suplemento alimentar natural<\/b> \u00e9 muito mais reconhecido pelas suas virtudes no organismo feminino:<span class=\"Apple-converted-space\">\u00a0<\/span><\/p>\n<p>Em primeiro lugar, ajuda as mulheres a controlar o equil\u00edbrio hormonal, o que facilita a regulariza\u00e7\u00e3o dos ciclos menstruais. O seu efeito antiespasm\u00f3dico ajuda a aliviar as menstrua\u00e7\u00f5es dolorosas. E o seu teor de c\u00e1lcio tonifica o \u00fatero, estimulando assim a fertilidade.<\/p>\n<p>Em segundo lugar, <b>folha de framboesa <\/b>reduz os riscos de aborto espont\u00e2neo e limita as hemorragias p\u00f3s-parto. Al\u00e9m disso, limita os inconvenientes da gravidez, como n\u00e1useas...<\/p>\n<p>E, por fim, gra\u00e7as \u00e0 sua a\u00e7\u00e3o estimulante e tonificante, ajuda a reduzir a dura\u00e7\u00e3o do parto. Da mesma forma, a folha de framboesa pode ser usada ap\u00f3s o parto para tonificar os m\u00fasculos do \u00fatero e revitaliz\u00e1-los.<\/p>\n<h2><b>Que tal preparar uma infus\u00e3o?<span class=\"Apple-converted-space\">\u00a0<\/span><\/b><\/h2>\n<p>Os <b>folhas de framboesa<\/b> podem ser consumidas na forma de ch\u00e1. Para isso, coloque 1 a 2 colheres de ch\u00e1 de folhas em 200 ml de \u00e1gua a ferver durante 10 minutos. Esta infus\u00e3o pode ser consumida quente ou fria.<\/p>\n<p>A infus\u00e3o pode ser consumida a qualquer momento, exceto durante a gravidez. Para mulheres gr\u00e1vidas, \u00e9 recomend\u00e1vel esperar at\u00e9 ao terceiro m\u00eas, com uma quantidade de 2 a 3 ch\u00e1venas por dia.<span class=\"Apple-converted-space\">\u00a0<\/span><\/p>\n<p>No entanto, muitas parteiras recomendam esperar at\u00e9 o segundo trimestre. <b>A opini\u00e3o de um especialista \u00e9 indispens\u00e1vel!<span class=\"Apple-converted-space\">\u00a0<\/span><\/b><\/p>\n<p>Por outro lado, se esta infus\u00e3o for consumida para combater a diarreia, tome um ter\u00e7o de ch\u00e1vena, 3 a 4 vezes por dia.<span class=\"Apple-converted-space\">\u00a0<\/span><\/p>\n<p><b>Em rela\u00e7\u00e3o a cada indica\u00e7\u00e3o, consulte um especialista para obter uma dosagem mais personalizada.<\/b><\/p>\n<h3><b>Conserva\u00e7\u00e3o das folhas de framboesa<span class=\"Apple-converted-space\">\u00a0<\/span><\/b><\/h3>\n<p>As folhas que vendemos s\u00e3o previamente secas, o que lhe permitir\u00e1 poupar tempo! Estas folhas foram secas naturalmente, o que lhes permite conservar ao m\u00e1ximo as suas propriedades ben\u00e9ficas.<\/p>\n<p>Estas podem ser conservadas durante um longo per\u00edodo, desde que sejam mantidas em condi\u00e7\u00f5es ideais. Por isso, aqui ficam algumas dicas:<\/p>\n<ul>\n<li>Primeiro, coloque-as num local arejado e escuro, sem luz solar direta. Na verdade, os raios UV podem danificar as folhas e os seus nutrientes.<\/li>\n<li>Em seguida, mantenha-os protegidos da humidade, eles devem estar num local saud\u00e1vel e seco.<span class=\"Apple-converted-space\">\u00a0<\/span><\/li>\n<li>E, por fim, guarde-os num recipiente hermeticamente fechado.<span class=\"Apple-converted-space\">\u00a0<\/span><\/li>\n<\/ul>\n<h3><b>Precau\u00e7\u00f5es<span class=\"Apple-converted-space\">\u00a0<\/span><\/b><\/h3>\n<p>Os <b>folhas de framboesa<\/b> n\u00e3o t\u00eam contraindica\u00e7\u00f5es reais, s\u00e3o consideradas plantas medicinais com in\u00fameras virtudes. Na verdade, s\u00e3o apelidadas de plantas da <a href=\"https:\/\/mamanetbebenature.fr\" target=\"_blank\" rel=\"noopener\"><strong>maternidade harmoniosa<\/strong><\/a>.<\/p>\n<p>No entanto, n\u00e3o \u00e9 recomend\u00e1vel beber durante os primeiros meses de gravidez. E deve ser evitado durante a menstrua\u00e7\u00e3o.<\/p>\n<p>Como para todas as plantas, \u00e9 altamente recomend\u00e1vel consultar um especialista.<\/p>\n<p>Por fim, se estiver a fazer algum tratamento m\u00e9dico, consulte o seu m\u00e9dico antes de consumir qualquer produto.<\/p>\n<ul>\n<li><b>Associa\u00e7\u00f5es ben\u00e9ficas...<span class=\"Apple-converted-space\">\u00a0<\/span><\/b><\/li>\n<\/ul>\n<p>Pode ser ben\u00e9fico associar os <b>folhas de framboesa<\/b> com outras plantas presentes no nosso site. Isto tem como objetivo aumentar os benef\u00edcios e os nutrientes.<span class=\"Apple-converted-space\">\u00a0<\/span><\/p>\n<p>Aqui est\u00e1 uma pequena ideia de receita para uma infus\u00e3o:<\/p>\n<p>Ingredientes:<span class=\"Apple-converted-space\">\u00a0<\/span><\/p>\n<ul>\n<li><b><\/b><b>Folhas secas de framboesa<\/b><\/li>\n<li><b><\/b><b><a href=\"https:\/\/www.safinel.fr\/pt\/product-2\/trevo-vermelho-flores-inteiras\/\">Trevo vermelho<\/a><span class=\"Apple-converted-space\">\u00a0<\/span><\/b><\/li>\n<li><b><\/b><a href=\"https:\/\/www.safinel.fr\/pt\/product-2\/urtiga-picante-100-g\/\"><b>Urtiga picante<\/b><\/a><\/li>\n<li><b><\/b><a href=\"https:\/\/www.safinel.fr\/pt\/product-2\/raiz-de-dente-de-leao\/\"><b>Raiz de dente-de-le\u00e3o<\/b><\/a><\/li>\n<\/ul>\n<p>Prepara\u00e7\u00e3o:<\/p>\n<ol>\n<li>Primeiro, misture todos os ingredientes.<span class=\"Apple-converted-space\">\u00a0<\/span><\/li>\n<li>Em seguida, pegue 2 colheres de sopa da mistura e deixe-as em infus\u00e3o em 1 litro de \u00e1gua a ferver durante cerca de dez minutos.<\/li>\n<\/ol>\n<p>Encontrar\u00e1 no nosso site tudo o que precisa para preparar esta receita!<\/p>","protected":false},"excerpt":{"rendered":"<p>As folhas da framboesa s\u00e3o consideradas as \u201cmelhores aliadas da mulher\u201d. Quem n\u00e3o conhece a framboesa? Esta planta, bem conhecida pelos seus frutos de sabor t\u00e3o delicado, \u00e9 unanimidade... Muito populares h\u00e1 s\u00e9culos, os frutos da framboesa ajudam-nos a manter uma boa sa\u00fade. No entanto, estes frutos deliciosos n\u00e3o [...]","protected":false},"featured_media":67,"template":"","meta":[],"product_brand":[],"product_cat":[15,27,19],"product_tag":[],"class_list":{"0":"post-82","1":"product","2":"type-product","3":"status-publish","4":"has-post-thumbnail","6":"product_cat-fertilite","7":"product_cat-plantes-medicinales","8":"product_cat-thes-tisanes","10":"first","11":"instock","12":"shipping-taxable","13":"purchasable","14":"product-type-variable"},"yoast_head":"<!-- This site is optimized with the Yoast SEO plugin v26.6 - https:\/\/yoast.com\/wordpress\/plugins\/seo\/ -->\n<title>Feuilles de framboisier | Tisane et infusion | Feuilles s\u00e9ch\u00e9es<\/title>\n<meta name=\"description\" content=\"Les feuilles de framboisier sont r\u00e9colt\u00e9es pendant la floraison. Elles sont s\u00e9ch\u00e9es en plein soleil afin d\u2019obtenir des feuilles de qualit\u00e9.\" \/>\n<meta name=\"robots\" content=\"index, follow, max-snippet:-1, max-image-preview:large, max-video-preview:-1\" \/>\n<link rel=\"canonical\" href=\"https:\/\/www.safinel.fr\/pt\/product-2\/folhas-de-framboesa\/\" \/>\n<meta property=\"og:locale\" content=\"pt_PT\" \/>\n<meta property=\"og:type\" content=\"article\" \/>\n<meta property=\"og:title\" content=\"Feuilles de framboisier | Tisane et infusion | Feuilles s\u00e9ch\u00e9es\" \/>\n<meta property=\"og:description\" content=\"Les feuilles de framboisier sont r\u00e9colt\u00e9es pendant la floraison. Elles sont s\u00e9ch\u00e9es en plein soleil afin d\u2019obtenir des feuilles de qualit\u00e9.\" \/>\n<meta property=\"og:url\" content=\"https:\/\/www.safinel.fr\/pt\/product-2\/folhas-de-framboesa\/\" \/>\n<meta property=\"og:site_name\" content=\"Safinel\" \/>\n<meta property=\"article:modified_time\" content=\"2026-01-21T01:57:14+00:00\" \/>\n<meta property=\"og:image\" content=\"https:\/\/www.safinel.fr\/wp-content\/uploads\/2021\/05\/feuille-de-framboisier-site.jpg\" \/>\n\t<meta property=\"og:image:width\" content=\"341\" \/>\n\t<meta property=\"og:image:height\" content=\"400\" \/>\n\t<meta property=\"og:image:type\" content=\"image\/jpeg\" \/>\n<meta name=\"twitter:card\" content=\"summary_large_image\" \/>\n<meta name=\"twitter:label1\" content=\"Tempo estimado de leitura\" \/>\n\t<meta name=\"twitter:data1\" content=\"5 minutos\" \/>\n<script type=\"application\/ld+json\" class=\"yoast-schema-graph\">{\"@context\":\"https:\/\/schema.org\",\"@graph\":[{\"@type\":\"WebPage\",\"@id\":\"https:\/\/www.safinel.fr\/produit\/feuilles-de-framboisier\/\",\"url\":\"https:\/\/www.safinel.fr\/produit\/feuilles-de-framboisier\/\",\"name\":\"Feuilles de framboisier | Tisane et infusion | Feuilles s\u00e9ch\u00e9es\",\"isPartOf\":{\"@id\":\"https:\/\/www.safinel.fr\/#website\"},\"primaryImageOfPage\":{\"@id\":\"https:\/\/www.safinel.fr\/produit\/feuilles-de-framboisier\/#primaryimage\"},\"image\":{\"@id\":\"https:\/\/www.safinel.fr\/produit\/feuilles-de-framboisier\/#primaryimage\"},\"thumbnailUrl\":\"https:\/\/www.safinel.fr\/wp-content\/uploads\/2021\/05\/feuille-de-framboisier-site.jpg\",\"datePublished\":\"2021-06-01T14:59:06+00:00\",\"dateModified\":\"2026-01-21T01:57:14+00:00\",\"description\":\"Les feuilles de framboisier sont r\u00e9colt\u00e9es pendant la floraison. Elles sont s\u00e9ch\u00e9es en plein soleil afin d\u2019obtenir des feuilles de qualit\u00e9.\",\"breadcrumb\":{\"@id\":\"https:\/\/www.safinel.fr\/produit\/feuilles-de-framboisier\/#breadcrumb\"},\"inLanguage\":\"pt-PT\",\"potentialAction\":[{\"@type\":\"ReadAction\",\"target\":[\"https:\/\/www.safinel.fr\/produit\/feuilles-de-framboisier\/\"]}]},{\"@type\":\"ImageObject\",\"inLanguage\":\"pt-PT\",\"@id\":\"https:\/\/www.safinel.fr\/produit\/feuilles-de-framboisier\/#primaryimage\",\"url\":\"https:\/\/www.safinel.fr\/wp-content\/uploads\/2021\/05\/feuille-de-framboisier-site.jpg\",\"contentUrl\":\"https:\/\/www.safinel.fr\/wp-content\/uploads\/2021\/05\/feuille-de-framboisier-site.jpg\",\"width\":341,\"height\":400,\"caption\":\"Feuilles de framboisier s\u00e9ch\u00e9es\"},{\"@type\":\"BreadcrumbList\",\"@id\":\"https:\/\/www.safinel.fr\/produit\/feuilles-de-framboisier\/#breadcrumb\",\"itemListElement\":[{\"@type\":\"ListItem\",\"position\":1,\"name\":\"Accueil\",\"item\":\"https:\/\/www.safinel.fr\/\"},{\"@type\":\"ListItem\",\"position\":2,\"name\":\"Boutique\",\"item\":\"https:\/\/www.safinel.fr\/boutique\/\"},{\"@type\":\"ListItem\",\"position\":3,\"name\":\"Feuilles de framboisier s\u00e9ch\u00e9es\"}]},{\"@type\":\"WebSite\",\"@id\":\"https:\/\/www.safinel.fr\/#website\",\"url\":\"https:\/\/www.safinel.fr\/\",\"name\":\"Safinel\",\"description\":\"\",\"publisher\":{\"@id\":\"https:\/\/www.safinel.fr\/#organization\"},\"potentialAction\":[{\"@type\":\"SearchAction\",\"target\":{\"@type\":\"EntryPoint\",\"urlTemplate\":\"https:\/\/www.safinel.fr\/?s={search_term_string}\"},\"query-input\":{\"@type\":\"PropertyValueSpecification\",\"valueRequired\":true,\"valueName\":\"search_term_string\"}}],\"inLanguage\":\"pt-PT\"},{\"@type\":\"Organization\",\"@id\":\"https:\/\/www.safinel.fr\/#organization\",\"name\":\"Safinel\",\"url\":\"https:\/\/www.safinel.fr\/\",\"logo\":{\"@type\":\"ImageObject\",\"inLanguage\":\"pt-PT\",\"@id\":\"https:\/\/www.safinel.fr\/#\/schema\/logo\/image\/\",\"url\":\"https:\/\/www.safinel.fr\/wp-content\/uploads\/2021\/05\/boutique-cosmetique.png\",\"contentUrl\":\"https:\/\/www.safinel.fr\/wp-content\/uploads\/2021\/05\/boutique-cosmetique.png\",\"width\":800,\"height\":200,\"caption\":\"Safinel\"},\"image\":{\"@id\":\"https:\/\/www.safinel.fr\/#\/schema\/logo\/image\/\"}}]}<\/script>\n<!-- \/ Yoast SEO plugin. -->","yoast_head_json":{"title":"Folhas de framboesa | Ch\u00e1 e infus\u00e3o | Folhas secas","description":"As folhas da framboesa s\u00e3o colhidas durante a flora\u00e7\u00e3o. S\u00e3o secas ao sol para obter folhas de qualidade.","robots":{"index":"index","follow":"follow","max-snippet":"max-snippet:-1","max-image-preview":"max-image-preview:large","max-video-preview":"max-video-preview:-1"},"canonical":"https:\/\/www.safinel.fr\/pt\/product-2\/folhas-de-framboesa\/","og_locale":"pt_PT","og_type":"article","og_title":"Feuilles de framboisier | Tisane et infusion | Feuilles s\u00e9ch\u00e9es","og_description":"Les feuilles de framboisier sont r\u00e9colt\u00e9es pendant la floraison. Elles sont s\u00e9ch\u00e9es en plein soleil afin d\u2019obtenir des feuilles de qualit\u00e9.","og_url":"https:\/\/www.safinel.fr\/pt\/product-2\/folhas-de-framboesa\/","og_site_name":"Safinel","article_modified_time":"2026-01-21T01:57:14+00:00","og_image":[{"width":341,"height":400,"url":"https:\/\/www.safinel.fr\/wp-content\/uploads\/2021\/05\/feuille-de-framboisier-site.jpg","type":"image\/jpeg"}],"twitter_card":"summary_large_image","twitter_misc":{"Tempo estimado de leitura":"5 minutos"},"schema":{"@context":"https:\/\/schema.org","@graph":[{"@type":"WebPage","@id":"https:\/\/www.safinel.fr\/produit\/feuilles-de-framboisier\/","url":"https:\/\/www.safinel.fr\/produit\/feuilles-de-framboisier\/","name":"Folhas de framboesa | Ch\u00e1 e infus\u00e3o | Folhas secas","isPartOf":{"@id":"https:\/\/www.safinel.fr\/#website"},"primaryImageOfPage":{"@id":"https:\/\/www.safinel.fr\/produit\/feuilles-de-framboisier\/#primaryimage"},"image":{"@id":"https:\/\/www.safinel.fr\/produit\/feuilles-de-framboisier\/#primaryimage"},"thumbnailUrl":"https:\/\/www.safinel.fr\/wp-content\/uploads\/2021\/05\/feuille-de-framboisier-site.jpg","datePublished":"2021-06-01T14:59:06+00:00","dateModified":"2026-01-21T01:57:14+00:00","description":"As folhas da framboesa s\u00e3o colhidas durante a flora\u00e7\u00e3o. S\u00e3o secas ao sol para obter folhas de qualidade.","breadcrumb":{"@id":"https:\/\/www.safinel.fr\/produit\/feuilles-de-framboisier\/#breadcrumb"},"inLanguage":"pt-PT","potentialAction":[{"@type":"ReadAction","target":["https:\/\/www.safinel.fr\/produit\/feuilles-de-framboisier\/"]}]},{"@type":"ImageObject","inLanguage":"pt-PT","@id":"https:\/\/www.safinel.fr\/produit\/feuilles-de-framboisier\/#primaryimage","url":"https:\/\/www.safinel.fr\/wp-content\/uploads\/2021\/05\/feuille-de-framboisier-site.jpg","contentUrl":"https:\/\/www.safinel.fr\/wp-content\/uploads\/2021\/05\/feuille-de-framboisier-site.jpg","width":341,"height":400,"caption":"Feuilles de framboisier s\u00e9ch\u00e9es"},{"@type":"BreadcrumbList","@id":"https:\/\/www.safinel.fr\/produit\/feuilles-de-framboisier\/#breadcrumb","itemListElement":[{"@type":"ListItem","position":1,"name":"Accueil","item":"https:\/\/www.safinel.fr\/"},{"@type":"ListItem","position":2,"name":"Boutique","item":"https:\/\/www.safinel.fr\/boutique\/"},{"@type":"ListItem","position":3,"name":"Feuilles de framboisier s\u00e9ch\u00e9es"}]},{"@type":"WebSite","@id":"https:\/\/www.safinel.fr\/#website","url":"https:\/\/www.safinel.fr\/","name":"Safinel","description":"","publisher":{"@id":"https:\/\/www.safinel.fr\/#organization"},"potentialAction":[{"@type":"SearchAction","target":{"@type":"EntryPoint","urlTemplate":"https:\/\/www.safinel.fr\/?s={search_term_string}"},"query-input":{"@type":"PropertyValueSpecification","valueRequired":true,"valueName":"search_term_string"}}],"inLanguage":"pt-PT"},{"@type":"Organization","@id":"https:\/\/www.safinel.fr\/#organization","name":"Safinel","url":"https:\/\/www.safinel.fr\/","logo":{"@type":"ImageObject","inLanguage":"pt-PT","@id":"https:\/\/www.safinel.fr\/#\/schema\/logo\/image\/","url":"https:\/\/www.safinel.fr\/wp-content\/uploads\/2021\/05\/boutique-cosmetique.png","contentUrl":"https:\/\/www.safinel.fr\/wp-content\/uploads\/2021\/05\/boutique-cosmetique.png","width":800,"height":200,"caption":"Safinel"},"image":{"@id":"https:\/\/www.safinel.fr\/#\/schema\/logo\/image\/"}}]}},"_links":{"self":[{"href":"https:\/\/www.safinel.fr\/pt\/wp-json\/wp\/v2\/product\/82","targetHints":{"allow":["GET"]}}],"collection":[{"href":"https:\/\/www.safinel.fr\/pt\/wp-json\/wp\/v2\/product"}],"about":[{"href":"https:\/\/www.safinel.fr\/pt\/wp-json\/wp\/v2\/types\/product"}],"wp:featuredmedia":[{"embeddable":true,"href":"https:\/\/www.safinel.fr\/pt\/wp-json\/wp\/v2\/media\/67"}],"wp:attachment":[{"href":"https:\/\/www.safinel.fr\/pt\/wp-json\/wp\/v2\/media?parent=82"}],"wp:term":[{"taxonomy":"product_brand","embeddable":true,"href":"https:\/\/www.safinel.fr\/pt\/wp-json\/wp\/v2\/product_brand?post=82"},{"taxonomy":"product_cat","embeddable":true,"href":"https:\/\/www.safinel.fr\/pt\/wp-json\/wp\/v2\/product_cat?post=82"},{"taxonomy":"product_tag","embeddable":true,"href":"https:\/\/www.safinel.fr\/pt\/wp-json\/wp\/v2\/product_tag?post=82"}],"curies":[{"name":"wp","href":"https:\/\/api.w.org\/{rel}","templated":true}]}}