{"id":804,"date":"2022-02-11T12:23:24","date_gmt":"2022-02-11T12:23:24","guid":{"rendered":"https:\/\/www.safinel.fr\/?post_type=product&#038;p=804"},"modified":"2024-01-17T11:40:56","modified_gmt":"2024-01-17T11:40:56","slug":"oleo-de-kigelia-africana","status":"publish","type":"product","link":"https:\/\/www.safinel.fr\/pt\/product-2\/oleo-de-kigelia-africana\/","title":{"rendered":"\u00d3leo de kigelia africana"},"content":{"rendered":"<p><strong>\u00d3leo de kigelia<\/strong> \u00e9 um pequeno tesouro com in\u00fameras propriedades ben\u00e9ficas para o corpo.<\/p>\n<p>Portanto, se procura uma <strong>\u00f3leo vegetal natural<\/strong>, este produto tornar-se-\u00e1 o seu novo aliado de bem-estar. Este cosm\u00e9tico ser\u00e1, sem d\u00favida, o seu favorito!<\/p>\n<h2><strong>\u00d3leo de kigelia africana: um \u00f3leo diferente dos outros\u00a0<\/strong><\/h2>\n<p>O \u00f3leo de kig\u00e9lia que lhe oferecemos \u00e9 um \u00f3leo extra\u00eddo a frio da \u00e1rvore de kig\u00e9lia. A kigelia africana \u00e9 uma \u00e1rvore africana que cresce abundantemente em \u00c1frica. Ela d\u00e1 origem a frutos grandes e bastante surpreendentes.<\/p>\n<p>Na verdade, esses frutos t\u00eam a forma de uma salsicha e podem pesar at\u00e9 12 kg. \u00c9 por isso que a \u00e1rvore \u00e9 conhecida como \u00e1rvore da salsicha.<\/p>\n<p>\u00c9 desses famosos frutos que s\u00e3o extra\u00eddos os princ\u00edpios ativos. Os quais s\u00e3o utilizados para cuidados de beleza.<\/p>\n<p>Descubra abaixo todos os benef\u00edcios deste produto natural. Que certamente ir\u00e1 satisfazer voc\u00ea em todos os aspectos!<\/p>\n<h2><strong>Os benef\u00edcios not\u00e1veis do \u00f3leo de kig\u00e9lia<\/strong><\/h2>\n<p>Este \u00f3leo tem mais do que um truque na manga. Na verdade, ele est\u00e1 repleto de benef\u00edcios:<\/p>\n<ul>\n<li>Em primeiro lugar, \u00e9 reconhecida pelas suas propriedades tonificantes e reafirmantes dos tecidos cut\u00e2neos.<\/li>\n<\/ul>\n<ul>\n<li>Permite atenuar as vermelhid\u00f5es difusas e contribui para a tonifica\u00e7\u00e3o da pele gra\u00e7as aos seus numerosos ingredientes ativos.<\/li>\n<\/ul>\n<ul>\n<li>Al\u00e9m disso, tamb\u00e9m \u00e9 utilizada como tensor e repovoador do busto. Na verdade, ela d\u00e1 forma ao peito.<\/li>\n<\/ul>\n<ul>\n<li>Esta planta \u00e9 conhecida por aumentar tamb\u00e9m o tamanho do aparelho genital masculino e dar volume \u00e0s n\u00e1degas.<\/li>\n<\/ul>\n<ul>\n<li>\u00c9 tamb\u00e9m um antienvelhecimento rico em antioxidantes. Combate os efeitos dos radicais livres e os sinais de envelhecimento precoce da pele.<\/li>\n<\/ul>\n<ul>\n<li>Este elixir alivia a pele sens\u00edvel e delicada gra\u00e7as \u00e0s suas propriedades calmantes.<\/li>\n<\/ul>\n<ul>\n<li>Da mesma forma, tamb\u00e9m pode ser utilizada em cuidados capilares tonificantes. Estimula o crescimento do cabelo, pelo que pode ser incorporada num banho de \u00f3leo, por exemplo. Para devolver o vigor e a vitalidade ao cabelo ba\u00e7o e cansado.<\/li>\n<\/ul>\n<p>Al\u00e9m disso, tamb\u00e9m pode associar este<strong> cosm\u00e9tico natural<\/strong> com <a href=\"https:\/\/www.safinel.fr\/pt\/product-2\/manteiga-vegetal-de-karite-crua-certificada-como-organica-100-ml\/\"><strong>manteiga de karit\u00e9<\/strong><\/a>. Um ingrediente de elei\u00e7\u00e3o para a realiza\u00e7\u00e3o dos seus produtos de beleza.<\/p>\n<h2><strong>Como usar o \u00f3leo de kigelia?\u00a0<\/strong><\/h2>\n<p><strong>O extrato de kigelia<\/strong> \u00e9 utilizado como ingrediente em muitas prepara\u00e7\u00f5es, tais como:<\/p>\n<ul>\n<li>Cuidados calmantes para peles sens\u00edveis do rosto e do corpo (leites, cremes, etc.); ;<\/li>\n<li>Leites e g\u00e9is repovoadores e modeladores para o busto; ;<\/li>\n<li>Cuidados tensores e reafirmantes. Misture com cola pequena ou p\u00f3 de kig\u00e9lia.<\/li>\n<li>Ou ainda, cremes e leites antienvelhecimento; ;<\/li>\n<li>Cuidados tonificantes para peles com tend\u00eancia a vermelhid\u00e3o e couro cabeludo; ;<\/li>\n<li>Por fim, como produto antienvelhecimento para a pele.<\/li>\n<\/ul>\n<p>Cabe a si decidir como deseja utiliz\u00e1-lo! E se preferir a vers\u00e3o em p\u00f3, tamb\u00e9m a temos dispon\u00edvel no nosso site SAFINEL.<\/p>\n<h3><strong>Precau\u00e7\u00f5es\u00a0<\/strong><\/h3>\n<p>Em primeiro lugar, recomenda-se fazer um teste na dobra do cotovelo antes de usar este produto. <strong>produto de beleza.<\/strong><\/p>\n<p>Al\u00e9m disso, deve ser mantido fora do alcance das crian\u00e7as e deve-se evitar o contacto com os olhos. Em caso de contacto, lave abundantemente com \u00e1gua morna.<\/p>\n<p>Por fim, este cosm\u00e9tico deve ser evitado por mulheres gr\u00e1vidas e lactantes.<\/p>","protected":false},"excerpt":{"rendered":"<p>100 ml = Frasco de vidro \u00e2mbar com tampa spray ou pipeta<\/p>\n<p>&nbsp;<\/p>","protected":false},"featured_media":1702,"template":"","meta":[],"product_brand":[],"product_cat":[122,41],"product_tag":[],"class_list":{"0":"post-804","1":"product","2":"type-product","3":"status-publish","4":"has-post-thumbnail","6":"product_cat-huile-vegetale","7":"product_cat-produits-naturels-divers","9":"first","10":"instock","11":"shipping-taxable","12":"purchasable","13":"product-type-variable"},"yoast_head":"<!-- This site is optimized with the Yoast SEO plugin v26.6 - https:\/\/yoast.com\/wordpress\/plugins\/seo\/ -->\n<title>Huile de kigelia africana | Bienfaits nombreux | 60ml &amp; 100ml<\/title>\n<meta name=\"description\" content=\"L\u2019huile de kigelia africana est un petit tr\u00e9sor poss\u00e9dant de nombreuses propri\u00e9t\u00e9s pour le corps.\u00a0D\u00e9couvrez-l\u00e0 sans plus attendre.\" \/>\n<meta name=\"robots\" content=\"index, follow, max-snippet:-1, max-image-preview:large, max-video-preview:-1\" \/>\n<link rel=\"canonical\" href=\"https:\/\/www.safinel.fr\/pt\/product-2\/oleo-de-kigelia-africana\/\" \/>\n<meta property=\"og:locale\" content=\"pt_PT\" \/>\n<meta property=\"og:type\" content=\"article\" \/>\n<meta property=\"og:title\" content=\"Huile de kigelia africana | Bienfaits nombreux | 60ml &amp; 100ml\" \/>\n<meta property=\"og:description\" content=\"L\u2019huile de kigelia africana est un petit tr\u00e9sor poss\u00e9dant de nombreuses propri\u00e9t\u00e9s pour le corps.\u00a0D\u00e9couvrez-l\u00e0 sans plus attendre.\" \/>\n<meta property=\"og:url\" content=\"https:\/\/www.safinel.fr\/pt\/product-2\/oleo-de-kigelia-africana\/\" \/>\n<meta property=\"og:site_name\" content=\"Safinel\" \/>\n<meta property=\"article:modified_time\" content=\"2024-01-17T11:40:56+00:00\" \/>\n<meta property=\"og:image\" content=\"https:\/\/www.safinel.fr\/wp-content\/uploads\/2022\/05\/huile-de-kigelia-60ml.jpg\" \/>\n\t<meta property=\"og:image:width\" content=\"600\" \/>\n\t<meta property=\"og:image:height\" content=\"600\" \/>\n\t<meta property=\"og:image:type\" content=\"image\/jpeg\" \/>\n<meta name=\"twitter:card\" content=\"summary_large_image\" \/>\n<meta name=\"twitter:label1\" content=\"Tempo estimado de leitura\" \/>\n\t<meta name=\"twitter:data1\" content=\"3 minutos\" \/>\n<script type=\"application\/ld+json\" class=\"yoast-schema-graph\">{\"@context\":\"https:\/\/schema.org\",\"@graph\":[{\"@type\":\"WebPage\",\"@id\":\"https:\/\/www.safinel.fr\/produit\/huile-de-kigelia-africana\/\",\"url\":\"https:\/\/www.safinel.fr\/produit\/huile-de-kigelia-africana\/\",\"name\":\"Huile de kigelia africana | Bienfaits nombreux | 60ml & 100ml\",\"isPartOf\":{\"@id\":\"https:\/\/www.safinel.fr\/#website\"},\"primaryImageOfPage\":{\"@id\":\"https:\/\/www.safinel.fr\/produit\/huile-de-kigelia-africana\/#primaryimage\"},\"image\":{\"@id\":\"https:\/\/www.safinel.fr\/produit\/huile-de-kigelia-africana\/#primaryimage\"},\"thumbnailUrl\":\"https:\/\/www.safinel.fr\/wp-content\/uploads\/2022\/05\/huile-de-kigelia-60ml.jpg\",\"datePublished\":\"2022-02-11T12:23:24+00:00\",\"dateModified\":\"2024-01-17T11:40:56+00:00\",\"description\":\"L\u2019huile de kigelia africana est un petit tr\u00e9sor poss\u00e9dant de nombreuses propri\u00e9t\u00e9s pour le corps.\u00a0D\u00e9couvrez-l\u00e0 sans plus attendre.\",\"breadcrumb\":{\"@id\":\"https:\/\/www.safinel.fr\/produit\/huile-de-kigelia-africana\/#breadcrumb\"},\"inLanguage\":\"pt-PT\",\"potentialAction\":[{\"@type\":\"ReadAction\",\"target\":[\"https:\/\/www.safinel.fr\/produit\/huile-de-kigelia-africana\/\"]}]},{\"@type\":\"ImageObject\",\"inLanguage\":\"pt-PT\",\"@id\":\"https:\/\/www.safinel.fr\/produit\/huile-de-kigelia-africana\/#primaryimage\",\"url\":\"https:\/\/www.safinel.fr\/wp-content\/uploads\/2022\/05\/huile-de-kigelia-60ml.jpg\",\"contentUrl\":\"https:\/\/www.safinel.fr\/wp-content\/uploads\/2022\/05\/huile-de-kigelia-60ml.jpg\",\"width\":600,\"height\":600,\"caption\":\"huile de kigelia 60ml\"},{\"@type\":\"BreadcrumbList\",\"@id\":\"https:\/\/www.safinel.fr\/produit\/huile-de-kigelia-africana\/#breadcrumb\",\"itemListElement\":[{\"@type\":\"ListItem\",\"position\":1,\"name\":\"Accueil\",\"item\":\"https:\/\/www.safinel.fr\/\"},{\"@type\":\"ListItem\",\"position\":2,\"name\":\"Boutique\",\"item\":\"https:\/\/www.safinel.fr\/boutique\/\"},{\"@type\":\"ListItem\",\"position\":3,\"name\":\"Huile de kigelia africana\"}]},{\"@type\":\"WebSite\",\"@id\":\"https:\/\/www.safinel.fr\/#website\",\"url\":\"https:\/\/www.safinel.fr\/\",\"name\":\"Safinel\",\"description\":\"\",\"publisher\":{\"@id\":\"https:\/\/www.safinel.fr\/#organization\"},\"potentialAction\":[{\"@type\":\"SearchAction\",\"target\":{\"@type\":\"EntryPoint\",\"urlTemplate\":\"https:\/\/www.safinel.fr\/?s={search_term_string}\"},\"query-input\":{\"@type\":\"PropertyValueSpecification\",\"valueRequired\":true,\"valueName\":\"search_term_string\"}}],\"inLanguage\":\"pt-PT\"},{\"@type\":\"Organization\",\"@id\":\"https:\/\/www.safinel.fr\/#organization\",\"name\":\"Safinel\",\"url\":\"https:\/\/www.safinel.fr\/\",\"logo\":{\"@type\":\"ImageObject\",\"inLanguage\":\"pt-PT\",\"@id\":\"https:\/\/www.safinel.fr\/#\/schema\/logo\/image\/\",\"url\":\"https:\/\/www.safinel.fr\/wp-content\/uploads\/2021\/05\/boutique-cosmetique.png\",\"contentUrl\":\"https:\/\/www.safinel.fr\/wp-content\/uploads\/2021\/05\/boutique-cosmetique.png\",\"width\":800,\"height\":200,\"caption\":\"Safinel\"},\"image\":{\"@id\":\"https:\/\/www.safinel.fr\/#\/schema\/logo\/image\/\"}}]}<\/script>\n<!-- \/ Yoast SEO plugin. -->","yoast_head_json":{"title":"\u00d3leo de kigelia africana | In\u00fameros benef\u00edcios | 60 ml e 100 ml","description":"O \u00f3leo de kigelia africana \u00e9 um pequeno tesouro com in\u00fameras propriedades ben\u00e9ficas para o corpo. Descubra-o sem mais demora.","robots":{"index":"index","follow":"follow","max-snippet":"max-snippet:-1","max-image-preview":"max-image-preview:large","max-video-preview":"max-video-preview:-1"},"canonical":"https:\/\/www.safinel.fr\/pt\/product-2\/oleo-de-kigelia-africana\/","og_locale":"pt_PT","og_type":"article","og_title":"Huile de kigelia africana | Bienfaits nombreux | 60ml & 100ml","og_description":"L\u2019huile de kigelia africana est un petit tr\u00e9sor poss\u00e9dant de nombreuses propri\u00e9t\u00e9s pour le corps.\u00a0D\u00e9couvrez-l\u00e0 sans plus attendre.","og_url":"https:\/\/www.safinel.fr\/pt\/product-2\/oleo-de-kigelia-africana\/","og_site_name":"Safinel","article_modified_time":"2024-01-17T11:40:56+00:00","og_image":[{"width":600,"height":600,"url":"https:\/\/www.safinel.fr\/wp-content\/uploads\/2022\/05\/huile-de-kigelia-60ml.jpg","type":"image\/jpeg"}],"twitter_card":"summary_large_image","twitter_misc":{"Tempo estimado de leitura":"3 minutos"},"schema":{"@context":"https:\/\/schema.org","@graph":[{"@type":"WebPage","@id":"https:\/\/www.safinel.fr\/produit\/huile-de-kigelia-africana\/","url":"https:\/\/www.safinel.fr\/produit\/huile-de-kigelia-africana\/","name":"\u00d3leo de kigelia africana | In\u00fameros benef\u00edcios | 60 ml e 100 ml","isPartOf":{"@id":"https:\/\/www.safinel.fr\/#website"},"primaryImageOfPage":{"@id":"https:\/\/www.safinel.fr\/produit\/huile-de-kigelia-africana\/#primaryimage"},"image":{"@id":"https:\/\/www.safinel.fr\/produit\/huile-de-kigelia-africana\/#primaryimage"},"thumbnailUrl":"https:\/\/www.safinel.fr\/wp-content\/uploads\/2022\/05\/huile-de-kigelia-60ml.jpg","datePublished":"2022-02-11T12:23:24+00:00","dateModified":"2024-01-17T11:40:56+00:00","description":"O \u00f3leo de kigelia africana \u00e9 um pequeno tesouro com in\u00fameras propriedades ben\u00e9ficas para o corpo. Descubra-o sem mais demora.","breadcrumb":{"@id":"https:\/\/www.safinel.fr\/produit\/huile-de-kigelia-africana\/#breadcrumb"},"inLanguage":"pt-PT","potentialAction":[{"@type":"ReadAction","target":["https:\/\/www.safinel.fr\/produit\/huile-de-kigelia-africana\/"]}]},{"@type":"ImageObject","inLanguage":"pt-PT","@id":"https:\/\/www.safinel.fr\/produit\/huile-de-kigelia-africana\/#primaryimage","url":"https:\/\/www.safinel.fr\/wp-content\/uploads\/2022\/05\/huile-de-kigelia-60ml.jpg","contentUrl":"https:\/\/www.safinel.fr\/wp-content\/uploads\/2022\/05\/huile-de-kigelia-60ml.jpg","width":600,"height":600,"caption":"huile de kigelia 60ml"},{"@type":"BreadcrumbList","@id":"https:\/\/www.safinel.fr\/produit\/huile-de-kigelia-africana\/#breadcrumb","itemListElement":[{"@type":"ListItem","position":1,"name":"Accueil","item":"https:\/\/www.safinel.fr\/"},{"@type":"ListItem","position":2,"name":"Boutique","item":"https:\/\/www.safinel.fr\/boutique\/"},{"@type":"ListItem","position":3,"name":"Huile de kigelia africana"}]},{"@type":"WebSite","@id":"https:\/\/www.safinel.fr\/#website","url":"https:\/\/www.safinel.fr\/","name":"Safinel","description":"","publisher":{"@id":"https:\/\/www.safinel.fr\/#organization"},"potentialAction":[{"@type":"SearchAction","target":{"@type":"EntryPoint","urlTemplate":"https:\/\/www.safinel.fr\/?s={search_term_string}"},"query-input":{"@type":"PropertyValueSpecification","valueRequired":true,"valueName":"search_term_string"}}],"inLanguage":"pt-PT"},{"@type":"Organization","@id":"https:\/\/www.safinel.fr\/#organization","name":"Safinel","url":"https:\/\/www.safinel.fr\/","logo":{"@type":"ImageObject","inLanguage":"pt-PT","@id":"https:\/\/www.safinel.fr\/#\/schema\/logo\/image\/","url":"https:\/\/www.safinel.fr\/wp-content\/uploads\/2021\/05\/boutique-cosmetique.png","contentUrl":"https:\/\/www.safinel.fr\/wp-content\/uploads\/2021\/05\/boutique-cosmetique.png","width":800,"height":200,"caption":"Safinel"},"image":{"@id":"https:\/\/www.safinel.fr\/#\/schema\/logo\/image\/"}}]}},"_links":{"self":[{"href":"https:\/\/www.safinel.fr\/pt\/wp-json\/wp\/v2\/product\/804","targetHints":{"allow":["GET"]}}],"collection":[{"href":"https:\/\/www.safinel.fr\/pt\/wp-json\/wp\/v2\/product"}],"about":[{"href":"https:\/\/www.safinel.fr\/pt\/wp-json\/wp\/v2\/types\/product"}],"wp:featuredmedia":[{"embeddable":true,"href":"https:\/\/www.safinel.fr\/pt\/wp-json\/wp\/v2\/media\/1702"}],"wp:attachment":[{"href":"https:\/\/www.safinel.fr\/pt\/wp-json\/wp\/v2\/media?parent=804"}],"wp:term":[{"taxonomy":"product_brand","embeddable":true,"href":"https:\/\/www.safinel.fr\/pt\/wp-json\/wp\/v2\/product_brand?post=804"},{"taxonomy":"product_cat","embeddable":true,"href":"https:\/\/www.safinel.fr\/pt\/wp-json\/wp\/v2\/product_cat?post=804"},{"taxonomy":"product_tag","embeddable":true,"href":"https:\/\/www.safinel.fr\/pt\/wp-json\/wp\/v2\/product_tag?post=804"}],"curies":[{"name":"wp","href":"https:\/\/api.w.org\/{rel}","templated":true}]}}