{"id":7962,"date":"2023-08-20T18:04:50","date_gmt":"2023-08-20T18:04:50","guid":{"rendered":"https:\/\/www.safinel.fr\/?post_type=product&#038;p=7962"},"modified":"2024-02-13T17:54:39","modified_gmt":"2024-02-13T17:54:39","slug":"oleo-de-rosa","status":"publish","type":"product","link":"https:\/\/www.safinel.fr\/pt\/product-2\/oleo-de-rosa\/","title":{"rendered":"\u00d3leo de rosa 30 ml"},"content":{"rendered":"<p>Origin\u00e1ria do Oriente e conhecida pelas suas propriedades excepcionais,\u00a0<strong>\u00f3leo de rosa<\/strong>\u00a0\u00e9 um verdadeiro tesouro da natureza. Rica em vitaminas e com propriedades regeneradoras, possui in\u00fameros benef\u00edcios para a pele e o cabelo.<\/p>\n<p>Aqui, convidamo-lo a descobrir este \u00f3leo precioso e a saber como comprar \u00f3leo de rosa em safinel.fr.<\/p>\n<h2><strong>As origens e a produ\u00e7\u00e3o do \u00f3leo de rosa<\/strong><\/h2>\n<p>O \u00f3leo de rosa \u00e9 obtido a partir das p\u00e9talas da rosa mosqueta, uma variedade de rosa muito apreciada por <a href=\"https:\/\/www.fragrance-imperiale.com\" target=\"_blank\" rel=\"noopener\"><strong>o seu perfume encantador<\/strong><\/a> e as suas qualidades medicinais. \u00c9 cultivada principalmente no Oriente, nomeadamente no Ir\u00e3o, Marrocos e Turquia, onde se extrai \u00f3leo essencial de rosa h\u00e1 mil\u00e9nios.<\/p>\n<p>A fabrica\u00e7\u00e3o \u00e9 geralmente feita por destila\u00e7\u00e3o a vapor das p\u00e9talas rec\u00e9m-colhidas. Essa t\u00e9cnica permite preservar todas as propriedades e o perfume delicado da flor. O \u00f3leo assim obtido \u00e9 uma subst\u00e2ncia incolor a amarelo p\u00e1lido, ligeiramente viscosa e com um aroma intenso e floral.<\/p>\n<h2><strong>Os m\u00faltiplos benef\u00edcios do \u00f3leo de rosa<\/strong><\/h2>\n<ul>\n<li><strong>Propriedades regeneradoras para a pele<\/strong><\/li>\n<\/ul>\n<p>Este \u00f3leo natural \u00e9 apreciado principalmente pelas suas propriedades regeneradoras da pele. Na verdade, \u00e9 rico em vitaminas A, C e E, bem como em \u00e1cidos gordos essenciais, como o \u00e1cido linoleico (\u00f3mega-6) e o \u00e1cido alfa-linol\u00e9nico (\u00f3mega-3). Estes nutrientes contribuem para\u00a0<strong>nutrir, hidratar e reparar a pele<\/strong>, melhorando a sua elasticidade e firmeza.<\/p>\n<p>Al\u00e9m disso, possui propriedades antienvelhecimento not\u00e1veis. Ajuda a prevenir o aparecimento de rugas e manchas escuras, ao mesmo tempo que estimula a produ\u00e7\u00e3o de colag\u00e9nio para uma pele mais jovem e radiante. Por fim, gra\u00e7as aos seus antioxidantes naturais, protege a pele contra agress\u00f5es externas e envelhecimento precoce.<\/p>\n<ul>\n<li><strong>Um aliado para cabelos saud\u00e1veis e brilhantes<\/strong><\/li>\n<\/ul>\n<p>Al\u00e9m dos benef\u00edcios para a pele, o \u00f3leo de rosa tamb\u00e9m \u00e9 ben\u00e9fico para o cabelo. As vitaminas e os \u00e1cidos gordos que cont\u00e9m ajudam a\u00a0<a href=\"https:\/\/www.safinel.fr\/pt\/oleo-de-cobra\/\"><strong>nutrir e fortalecer o cabelo<\/strong><\/a>, ao mesmo tempo que lhes confere brilho e suavidade. \u00c9 particularmente adequada para cabelos secos, danificados ou enfraquecidos por tratamentos qu\u00edmicos.<\/p>\n<p>Por fim, o \u00f3leo de rosa \u00e9 conhecido pelas suas propriedades calmantes e anti-inflamat\u00f3rias. Por isso, pode ser usado para aliviar o couro cabeludo irritado, a comich\u00e3o ou at\u00e9 mesmo a caspa.<\/p>\n<h2><strong>Como usar o \u00f3leo de rosa?<\/strong><\/h2>\n<p>A utiliza\u00e7\u00e3o do \u00f3leo de rosa \u00e9 muito simples e adapta-se a diferentes necessidades. Aqui est\u00e3o algumas ideias para aproveitar os seus benef\u00edcios:<\/p>\n<ul>\n<li><strong>Para o rosto:<\/strong>\u00a0Aplique algumas gotas de \u00f3leo puro ou misturado com o seu creme hidratante habitual, de manh\u00e3 e \u00e0 noite, sobre a pele limpa e seca.<\/li>\n<li><strong>Para o corpo:<\/strong>\u00a0Massaje as \u00e1reas afetadas (estrias, cicatrizes, manchas escuras...) at\u00e9 \u00e0 completa penetra\u00e7\u00e3o do produto.<\/li>\n<li><strong>Para o cabelo:<\/strong>\u00a0Aplique algumas gotas de \u00f3leo de rosa nos comprimentos e pontas do cabelo, insistindo nas \u00e1reas danificadas. Deixe agir por pelo menos 30 minutos antes de lavar com champ\u00f4 ou durante toda a noite para um tratamento mais intenso.<\/li>\n<li><strong>Em banho de \u00f3leo:<\/strong>\u00a0Misture com outros \u00f3leos vegetais (arg\u00e3o, coco, jojoba...) para criar um banho de \u00f3leo nutritivo e reparador para o cabelo.<\/li>\n<\/ul>\n<h3><strong>Compre com toda a tranquilidade em safinel.fr<\/strong><\/h3>\n<p>Para comprar \u00f3leo de rosa de qualidade, visite o site safinel.fr. Especialista em \u00f3leos essenciais e vegetais, a Safinel oferece uma\u00a0<strong>\u00f3leo 100% puro e natural<\/strong>, obtida por destila\u00e7\u00e3o a vapor das p\u00e9talas de rosa mosqueta. \u00c9 garantida sem aditivos, corantes ou conservantes, para lhe oferecer todos os benef\u00edcios deste \u00f3leo precioso.<\/p>\n<p>Al\u00e9m disso, ao comprar em safinel.fr, beneficia de um servi\u00e7o de apoio ao cliente competente e atencioso, bem como de uma entrega r\u00e1pida e cuidadosa. N\u00e3o hesite em consultar o cat\u00e1logo online para descobrir tamb\u00e9m outros \u00f3leos essenciais e vegetais com propriedades complementares a este \u00f3leo natural.<\/p>","protected":false},"excerpt":{"rendered":"<p>Origin\u00e1ria do Oriente e conhecida pelas suas propriedades excepcionais,\u00a0<strong>\u00f3leo de rosa<\/strong>\u00a0\u00e9 um verdadeiro tesouro da natureza.<\/p>\n<p>Rica em vitaminas e com propriedades regeneradoras, possui in\u00fameros benef\u00edcios para a pele e o cabelo.<\/p>\n<p><img decoding=\"async\" class=\"size-full wp-image-5091 aligncenter\" src=\"https:\/\/www.safinel.fr\/wp-content\/uploads\/2021\/06\/BANNIERE-ICONE-SAFINEL.webp\" alt=\"resseguro satinado\" width=\"800\" height=\"200\" srcset=\"https:\/\/www.safinel.fr\/wp-content\/uploads\/2021\/06\/BANNIERE-ICONE-SAFINEL.webp 800w, https:\/\/www.safinel.fr\/wp-content\/uploads\/2021\/06\/BANNIERE-ICONE-SAFINEL-600x150.webp 600w, https:\/\/www.safinel.fr\/wp-content\/uploads\/2021\/06\/BANNIERE-ICONE-SAFINEL-768x192.webp 768w\" sizes=\"(max-width: 800px) 100vw, 800px\" \/><\/p>\n<p>&nbsp;<\/p>","protected":false},"featured_media":7963,"template":"","meta":[],"product_brand":[],"product_cat":[122],"product_tag":[],"class_list":{"0":"post-7962","1":"product","2":"type-product","3":"status-publish","4":"has-post-thumbnail","6":"product_cat-huile-vegetale","8":"first","9":"outofstock","10":"shipping-taxable","11":"purchasable","12":"product-type-simple"},"yoast_head":"<!-- This site is optimized with the Yoast SEO plugin v26.6 - https:\/\/yoast.com\/wordpress\/plugins\/seo\/ -->\n<title>Huile de rose | Huile naturelle | Bienfaits nombreux<\/title>\n<meta name=\"description\" content=\"Originaire d&#039;Orient et r\u00e9put\u00e9e pour ses vertus exceptionnelles,\u00a0l&#039;huile de rose\u00a0est un v\u00e9ritable tr\u00e9sor de la nature. Adoptez-l\u00e0 !\" \/>\n<meta name=\"robots\" content=\"index, follow, max-snippet:-1, max-image-preview:large, max-video-preview:-1\" \/>\n<link rel=\"canonical\" href=\"https:\/\/www.safinel.fr\/pt\/product-2\/oleo-de-rosa\/\" \/>\n<meta property=\"og:locale\" content=\"pt_PT\" \/>\n<meta property=\"og:type\" content=\"article\" \/>\n<meta property=\"og:title\" content=\"Huile de rose | Huile naturelle | Bienfaits nombreux\" \/>\n<meta property=\"og:description\" content=\"Originaire d&#039;Orient et r\u00e9put\u00e9e pour ses vertus exceptionnelles,\u00a0l&#039;huile de rose\u00a0est un v\u00e9ritable tr\u00e9sor de la nature. Adoptez-l\u00e0 !\" \/>\n<meta property=\"og:url\" content=\"https:\/\/www.safinel.fr\/pt\/product-2\/oleo-de-rosa\/\" \/>\n<meta property=\"og:site_name\" content=\"Safinel\" \/>\n<meta property=\"article:modified_time\" content=\"2024-02-13T17:54:39+00:00\" \/>\n<meta property=\"og:image\" content=\"https:\/\/www.safinel.fr\/wp-content\/uploads\/2023\/08\/huile-de-rose.jpg\" \/>\n\t<meta property=\"og:image:width\" content=\"600\" \/>\n\t<meta property=\"og:image:height\" content=\"600\" \/>\n\t<meta property=\"og:image:type\" content=\"image\/jpeg\" \/>\n<meta name=\"twitter:card\" content=\"summary_large_image\" \/>\n<meta name=\"twitter:label1\" content=\"Tempo estimado de leitura\" \/>\n\t<meta name=\"twitter:data1\" content=\"4 minutos\" \/>\n<script type=\"application\/ld+json\" class=\"yoast-schema-graph\">{\"@context\":\"https:\/\/schema.org\",\"@graph\":[{\"@type\":\"WebPage\",\"@id\":\"https:\/\/www.safinel.fr\/produit\/huile-de-rose\/\",\"url\":\"https:\/\/www.safinel.fr\/produit\/huile-de-rose\/\",\"name\":\"Huile de rose | Huile naturelle | Bienfaits nombreux\",\"isPartOf\":{\"@id\":\"https:\/\/www.safinel.fr\/#website\"},\"primaryImageOfPage\":{\"@id\":\"https:\/\/www.safinel.fr\/produit\/huile-de-rose\/#primaryimage\"},\"image\":{\"@id\":\"https:\/\/www.safinel.fr\/produit\/huile-de-rose\/#primaryimage\"},\"thumbnailUrl\":\"https:\/\/www.safinel.fr\/wp-content\/uploads\/2023\/08\/huile-de-rose.jpg\",\"datePublished\":\"2023-08-20T18:04:50+00:00\",\"dateModified\":\"2024-02-13T17:54:39+00:00\",\"description\":\"Originaire d'Orient et r\u00e9put\u00e9e pour ses vertus exceptionnelles,\u00a0l'huile de rose\u00a0est un v\u00e9ritable tr\u00e9sor de la nature. Adoptez-l\u00e0 !\",\"breadcrumb\":{\"@id\":\"https:\/\/www.safinel.fr\/produit\/huile-de-rose\/#breadcrumb\"},\"inLanguage\":\"pt-PT\",\"potentialAction\":[{\"@type\":\"ReadAction\",\"target\":[\"https:\/\/www.safinel.fr\/produit\/huile-de-rose\/\"]}]},{\"@type\":\"ImageObject\",\"inLanguage\":\"pt-PT\",\"@id\":\"https:\/\/www.safinel.fr\/produit\/huile-de-rose\/#primaryimage\",\"url\":\"https:\/\/www.safinel.fr\/wp-content\/uploads\/2023\/08\/huile-de-rose.jpg\",\"contentUrl\":\"https:\/\/www.safinel.fr\/wp-content\/uploads\/2023\/08\/huile-de-rose.jpg\",\"width\":600,\"height\":600,\"caption\":\"Huile de rose 30ml\"},{\"@type\":\"BreadcrumbList\",\"@id\":\"https:\/\/www.safinel.fr\/produit\/huile-de-rose\/#breadcrumb\",\"itemListElement\":[{\"@type\":\"ListItem\",\"position\":1,\"name\":\"Accueil\",\"item\":\"https:\/\/www.safinel.fr\/\"},{\"@type\":\"ListItem\",\"position\":2,\"name\":\"Boutique\",\"item\":\"https:\/\/www.safinel.fr\/boutique\/\"},{\"@type\":\"ListItem\",\"position\":3,\"name\":\"Huile de rose 30ml\"}]},{\"@type\":\"WebSite\",\"@id\":\"https:\/\/www.safinel.fr\/#website\",\"url\":\"https:\/\/www.safinel.fr\/\",\"name\":\"Safinel\",\"description\":\"\",\"publisher\":{\"@id\":\"https:\/\/www.safinel.fr\/#organization\"},\"potentialAction\":[{\"@type\":\"SearchAction\",\"target\":{\"@type\":\"EntryPoint\",\"urlTemplate\":\"https:\/\/www.safinel.fr\/?s={search_term_string}\"},\"query-input\":{\"@type\":\"PropertyValueSpecification\",\"valueRequired\":true,\"valueName\":\"search_term_string\"}}],\"inLanguage\":\"pt-PT\"},{\"@type\":\"Organization\",\"@id\":\"https:\/\/www.safinel.fr\/#organization\",\"name\":\"Safinel\",\"url\":\"https:\/\/www.safinel.fr\/\",\"logo\":{\"@type\":\"ImageObject\",\"inLanguage\":\"pt-PT\",\"@id\":\"https:\/\/www.safinel.fr\/#\/schema\/logo\/image\/\",\"url\":\"https:\/\/www.safinel.fr\/wp-content\/uploads\/2021\/05\/boutique-cosmetique.png\",\"contentUrl\":\"https:\/\/www.safinel.fr\/wp-content\/uploads\/2021\/05\/boutique-cosmetique.png\",\"width\":800,\"height\":200,\"caption\":\"Safinel\"},\"image\":{\"@id\":\"https:\/\/www.safinel.fr\/#\/schema\/logo\/image\/\"}}]}<\/script>\n<!-- \/ Yoast SEO plugin. -->","yoast_head_json":{"title":"\u00d3leo de rosa | \u00d3leo natural | In\u00fameros benef\u00edcios","description":"Origin\u00e1rio do Oriente e conhecido pelas suas propriedades excepcionais, o \u00f3leo de rosa \u00e9 um verdadeiro tesouro da natureza. Adote-o!","robots":{"index":"index","follow":"follow","max-snippet":"max-snippet:-1","max-image-preview":"max-image-preview:large","max-video-preview":"max-video-preview:-1"},"canonical":"https:\/\/www.safinel.fr\/pt\/product-2\/oleo-de-rosa\/","og_locale":"pt_PT","og_type":"article","og_title":"Huile de rose | Huile naturelle | Bienfaits nombreux","og_description":"Originaire d'Orient et r\u00e9put\u00e9e pour ses vertus exceptionnelles,\u00a0l'huile de rose\u00a0est un v\u00e9ritable tr\u00e9sor de la nature. Adoptez-l\u00e0 !","og_url":"https:\/\/www.safinel.fr\/pt\/product-2\/oleo-de-rosa\/","og_site_name":"Safinel","article_modified_time":"2024-02-13T17:54:39+00:00","og_image":[{"width":600,"height":600,"url":"https:\/\/www.safinel.fr\/wp-content\/uploads\/2023\/08\/huile-de-rose.jpg","type":"image\/jpeg"}],"twitter_card":"summary_large_image","twitter_misc":{"Tempo estimado de leitura":"4 minutos"},"schema":{"@context":"https:\/\/schema.org","@graph":[{"@type":"WebPage","@id":"https:\/\/www.safinel.fr\/produit\/huile-de-rose\/","url":"https:\/\/www.safinel.fr\/produit\/huile-de-rose\/","name":"\u00d3leo de rosa | \u00d3leo natural | In\u00fameros benef\u00edcios","isPartOf":{"@id":"https:\/\/www.safinel.fr\/#website"},"primaryImageOfPage":{"@id":"https:\/\/www.safinel.fr\/produit\/huile-de-rose\/#primaryimage"},"image":{"@id":"https:\/\/www.safinel.fr\/produit\/huile-de-rose\/#primaryimage"},"thumbnailUrl":"https:\/\/www.safinel.fr\/wp-content\/uploads\/2023\/08\/huile-de-rose.jpg","datePublished":"2023-08-20T18:04:50+00:00","dateModified":"2024-02-13T17:54:39+00:00","description":"Origin\u00e1rio do Oriente e conhecido pelas suas propriedades excepcionais, o \u00f3leo de rosa \u00e9 um verdadeiro tesouro da natureza. Adote-o!","breadcrumb":{"@id":"https:\/\/www.safinel.fr\/produit\/huile-de-rose\/#breadcrumb"},"inLanguage":"pt-PT","potentialAction":[{"@type":"ReadAction","target":["https:\/\/www.safinel.fr\/produit\/huile-de-rose\/"]}]},{"@type":"ImageObject","inLanguage":"pt-PT","@id":"https:\/\/www.safinel.fr\/produit\/huile-de-rose\/#primaryimage","url":"https:\/\/www.safinel.fr\/wp-content\/uploads\/2023\/08\/huile-de-rose.jpg","contentUrl":"https:\/\/www.safinel.fr\/wp-content\/uploads\/2023\/08\/huile-de-rose.jpg","width":600,"height":600,"caption":"Huile de rose 30ml"},{"@type":"BreadcrumbList","@id":"https:\/\/www.safinel.fr\/produit\/huile-de-rose\/#breadcrumb","itemListElement":[{"@type":"ListItem","position":1,"name":"Accueil","item":"https:\/\/www.safinel.fr\/"},{"@type":"ListItem","position":2,"name":"Boutique","item":"https:\/\/www.safinel.fr\/boutique\/"},{"@type":"ListItem","position":3,"name":"Huile de rose 30ml"}]},{"@type":"WebSite","@id":"https:\/\/www.safinel.fr\/#website","url":"https:\/\/www.safinel.fr\/","name":"Safinel","description":"","publisher":{"@id":"https:\/\/www.safinel.fr\/#organization"},"potentialAction":[{"@type":"SearchAction","target":{"@type":"EntryPoint","urlTemplate":"https:\/\/www.safinel.fr\/?s={search_term_string}"},"query-input":{"@type":"PropertyValueSpecification","valueRequired":true,"valueName":"search_term_string"}}],"inLanguage":"pt-PT"},{"@type":"Organization","@id":"https:\/\/www.safinel.fr\/#organization","name":"Safinel","url":"https:\/\/www.safinel.fr\/","logo":{"@type":"ImageObject","inLanguage":"pt-PT","@id":"https:\/\/www.safinel.fr\/#\/schema\/logo\/image\/","url":"https:\/\/www.safinel.fr\/wp-content\/uploads\/2021\/05\/boutique-cosmetique.png","contentUrl":"https:\/\/www.safinel.fr\/wp-content\/uploads\/2021\/05\/boutique-cosmetique.png","width":800,"height":200,"caption":"Safinel"},"image":{"@id":"https:\/\/www.safinel.fr\/#\/schema\/logo\/image\/"}}]}},"_links":{"self":[{"href":"https:\/\/www.safinel.fr\/pt\/wp-json\/wp\/v2\/product\/7962","targetHints":{"allow":["GET"]}}],"collection":[{"href":"https:\/\/www.safinel.fr\/pt\/wp-json\/wp\/v2\/product"}],"about":[{"href":"https:\/\/www.safinel.fr\/pt\/wp-json\/wp\/v2\/types\/product"}],"wp:featuredmedia":[{"embeddable":true,"href":"https:\/\/www.safinel.fr\/pt\/wp-json\/wp\/v2\/media\/7963"}],"wp:attachment":[{"href":"https:\/\/www.safinel.fr\/pt\/wp-json\/wp\/v2\/media?parent=7962"}],"wp:term":[{"taxonomy":"product_brand","embeddable":true,"href":"https:\/\/www.safinel.fr\/pt\/wp-json\/wp\/v2\/product_brand?post=7962"},{"taxonomy":"product_cat","embeddable":true,"href":"https:\/\/www.safinel.fr\/pt\/wp-json\/wp\/v2\/product_cat?post=7962"},{"taxonomy":"product_tag","embeddable":true,"href":"https:\/\/www.safinel.fr\/pt\/wp-json\/wp\/v2\/product_tag?post=7962"}],"curies":[{"name":"wp","href":"https:\/\/api.w.org\/{rel}","templated":true}]}}