{"id":7813,"date":"2023-08-12T15:43:42","date_gmt":"2023-08-12T15:43:42","guid":{"rendered":"https:\/\/www.safinel.fr\/?post_type=product&#038;p=7813"},"modified":"2024-05-16T19:07:09","modified_gmt":"2024-05-16T19:07:09","slug":"oleo-de-laranja","status":"publish","type":"product","link":"https:\/\/www.safinel.fr\/pt\/product-2\/oleo-de-laranja\/","title":{"rendered":"\u00d3leo de laranja 30 ml"},"content":{"rendered":"<p>O\u2019<strong>\u00f3leo essencial de laranja<\/strong>, conhecida pelo seu aroma agrad\u00e1vel e estimulante, tamb\u00e9m \u00e9 famosa pelos seus in\u00fameros benef\u00edcios para a sa\u00fade e a beleza. Descubra aqui as propriedades surpreendentes deste \u00f3leo natural e como aproveitar os seus benef\u00edcios, escolhendo o produto certo em safinel.fr.<\/p>\n<h2><strong>Virtudes desconhecidas para a pele<\/strong><\/h2>\n<p>A <a href=\"https:\/\/www.safinel.fr\/pt\/product-2\/po-de-laranja\/\"><strong>p\u00f3 de laranja<\/strong><\/a> \u00e9 obtida a partir da casca seca do fruto.<\/p>\n<p>Ela possui\u00a0<strong>propriedades de limpeza e adstringentes<\/strong>\u00a0que tornam este \u00f3leo um aliado precioso para a nossa pele.<\/p>\n<ul>\n<li><strong>Limpeza profunda:<\/strong>\u00a0Gra\u00e7as \u00e0s suas subst\u00e2ncias ativas, o \u00f3leo de laranja elimina as impurezas e as c\u00e9lulas mortas da pele. Promovendo assim uma tez fresca e luminosa.<\/li>\n<li><strong>A\u00e7\u00e3o adstringente:<\/strong>\u00a0Os componentes do \u00f3leo de laranja ajudam a fechar os poros dilatados, proporcionando uma apar\u00eancia mais suave \u00e0 pele.<\/li>\n<li><strong>Hidrata\u00e7\u00e3o:<\/strong>\u00a0Rico em vitamina C, este \u00f3leo natural ajuda a manter o equil\u00edbrio h\u00eddrico da pele e previne o ressecamento cut\u00e2neo.<\/li>\n<li><strong>Regenera\u00e7\u00e3o celular:<\/strong>\u00a0Os antioxidantes presentes neste \u00f3leo natural promovem a produ\u00e7\u00e3o de colag\u00e9nio, ajudando assim a prevenir o envelhecimento precoce da pele.<\/li>\n<li><strong>Acalma as irrita\u00e7\u00f5es:<\/strong>\u00a0Gra\u00e7as \u00e0s suas propriedades anti-inflamat\u00f3rias e antibacterianas, este \u00f3leo tamb\u00e9m pode aliviar problemas de pele, como acne ou vermelhid\u00e3o.<\/li>\n<\/ul>\n<h2><strong>Um \u00f3leo com m\u00faltiplos benef\u00edcios para a sa\u00fade e o bem-estar<\/strong><\/h2>\n<p>Al\u00e9m das suas propriedades ben\u00e9ficas para a pele, o \u00f3leo essencial de laranja possui muitas outras vantagens que contribuem para a nossa sa\u00fade e bem-estar geral:<\/p>\n<ul>\n<li><strong>Vitalidade:<\/strong>\u00a0estimula a circula\u00e7\u00e3o sangu\u00ednea e proporciona um aumento de energia e vitalidade.<\/li>\n<li><strong>Sistema imunol\u00f3gico:<\/strong>\u00a0Ao refor\u00e7ar as defesas naturais do organismo, este \u00f3leo natural ajuda a combater infe\u00e7\u00f5es e doen\u00e7as.<\/li>\n<li><strong>Relaxamento:<\/strong>\u00a0Com o seu aroma agrad\u00e1vel e relaxante, este \u00f3leo ben\u00e9fico \u00e9 ideal para promover a relaxa\u00e7\u00e3o e reduzir o stress.<\/li>\n<li><strong>Digest\u00e3o:<\/strong>\u00a0tamb\u00e9m contribui para melhorar a digest\u00e3o e aliviar o incha\u00e7o, flatul\u00eancia ou pris\u00e3o de ventre.<\/li>\n<li><strong>Antidepressivo natural:<\/strong>\u00a0O \u00f3leo de laranja tem efeitos positivos no humor, ajudando a combater a depress\u00e3o e a ansiedade.<\/li>\n<\/ul>\n<h2><strong>Utiliza\u00e7\u00e3o do \u00f3leo de laranja em cosm\u00e9ticos<\/strong><\/h2>\n<p>O \u00f3leo essencial de laranja \u00e9 particularmente apreciado no campo da cosm\u00e9tica pelos seus m\u00faltiplos benef\u00edcios. \u00c9 frequentemente utilizado como ingrediente principal ou como complemento em v\u00e1rios produtos de beleza:<\/p>\n<ul>\n<li><strong>Esfoliantes:<\/strong>\u00a0misturada com outros ingredientes naturais, como a\u00e7\u00facar, sal marinho ou caro\u00e7os de alperce. Permite realizar esfolia\u00e7\u00f5es eficazes para esfoliar e purificar a pele.<\/li>\n<li><strong>S\u00e9runs:<\/strong>\u00a0Incorporada num s\u00e9rum, atua especificamente nos problemas cut\u00e2neos e oferece um tratamento intensivo para peles sem brilho e cansadas.<\/li>\n<li><strong>M\u00e1scaras:<\/strong>\u00a0em associa\u00e7\u00e3o com argila ou <a href=\"https:\/\/www.safinel.fr\/pt\/product-category-2\/apicultura\/\"><strong>mel<\/strong><\/a>. O \u00f3leo de laranja \u00e9 uma m\u00e1scara nutritiva e revitalizante para o rosto e o corpo.<\/li>\n<li><strong>\u00d3leos de massagem:<\/strong>\u00a0Tamb\u00e9m pode ser adicionada a um \u00f3leo vegetal neutro para realizar massagens relaxantes e estimulantes.<\/li>\n<\/ul>\n<h3><strong>Comprar \u00f3leo de laranja em safinel.fr<\/strong><\/h3>\n<p>Para aproveitar ao m\u00e1ximo os benef\u00edcios do \u00f3leo de laranja, \u00e9 essencial escolher um produto de qualidade. Na safinel.fr, encontrar\u00e1 uma sele\u00e7\u00e3o rigorosa de \u00f3leos essenciais de laranja, provenientes das melhores fontes e com garantia de aus\u00eancia de subst\u00e2ncias nocivas.<\/p>\n<p>De acordo com as suas necessidades e prefer\u00eancias, opte por um \u00f3leo puro ou misturado com outros \u00f3leos essenciais com propriedades complementares. Leve tamb\u00e9m em considera\u00e7\u00e3o os diferentes m\u00e9todos de extra\u00e7\u00e3o (prensagem a frio, destila\u00e7\u00e3o a vapor). Isso permite preservar melhor as propriedades naturais do \u00f3leo de laranja.<\/p>\n<p>Em resumo, o \u00f3leo essencial de laranja \u00e9 um verdadeiro tesouro de benef\u00edcios para a nossa pele, sa\u00fade e bem-estar. N\u00e3o hesite mais e descubra agora toda a gama de \u00f3leos de laranja dispon\u00edveis em safinel.fr!<\/p>","protected":false},"excerpt":{"rendered":"<p>O\u2019<strong>\u00f3leo essencial de laranja<\/strong>, conhecida pelo seu aroma agrad\u00e1vel e estimulante, tamb\u00e9m \u00e9 famosa pelos seus in\u00fameros benef\u00edcios para a sa\u00fade e a beleza.<\/p>\n<p><img decoding=\"async\" class=\"size-full wp-image-5091 aligncenter\" src=\"https:\/\/www.safinel.fr\/wp-content\/uploads\/2021\/06\/BANNIERE-ICONE-SAFINEL.webp\" alt=\"resseguro satinado\" width=\"800\" height=\"200\" srcset=\"https:\/\/www.safinel.fr\/wp-content\/uploads\/2021\/06\/BANNIERE-ICONE-SAFINEL.webp 800w, https:\/\/www.safinel.fr\/wp-content\/uploads\/2021\/06\/BANNIERE-ICONE-SAFINEL-600x150.webp 600w, https:\/\/www.safinel.fr\/wp-content\/uploads\/2021\/06\/BANNIERE-ICONE-SAFINEL-768x192.webp 768w\" sizes=\"(max-width: 800px) 100vw, 800px\" \/><\/p>","protected":false},"featured_media":7814,"template":"","meta":[],"product_brand":[],"product_cat":[122],"product_tag":[],"class_list":{"0":"post-7813","1":"product","2":"type-product","3":"status-publish","4":"has-post-thumbnail","6":"product_cat-huile-vegetale","8":"first","9":"outofstock","10":"shipping-taxable","11":"purchasable","12":"product-type-simple"},"yoast_head":"<!-- This site is optimized with the Yoast SEO plugin v26.6 - https:\/\/yoast.com\/wordpress\/plugins\/seo\/ -->\n<title>Huile d&#039;orange | Huile naturelle | Bienfaits nombreux<\/title>\n<meta name=\"description\" content=\"L&#039;huile essentielle d&#039;orange, connue pour son parfum agr\u00e9able et stimulant, est \u00e9galement r\u00e9put\u00e9e pour ses nombreux bienfaits sur la sant\u00e9 et la beaut\u00e9.\" \/>\n<meta name=\"robots\" content=\"index, follow, max-snippet:-1, max-image-preview:large, max-video-preview:-1\" \/>\n<link rel=\"canonical\" href=\"https:\/\/www.safinel.fr\/pt\/product-2\/oleo-de-laranja\/\" \/>\n<meta property=\"og:locale\" content=\"pt_PT\" \/>\n<meta property=\"og:type\" content=\"article\" \/>\n<meta property=\"og:title\" content=\"Huile d&#039;orange | Huile naturelle | Bienfaits nombreux\" \/>\n<meta property=\"og:description\" content=\"L&#039;huile essentielle d&#039;orange, connue pour son parfum agr\u00e9able et stimulant, est \u00e9galement r\u00e9put\u00e9e pour ses nombreux bienfaits sur la sant\u00e9 et la beaut\u00e9.\" \/>\n<meta property=\"og:url\" content=\"https:\/\/www.safinel.fr\/pt\/product-2\/oleo-de-laranja\/\" \/>\n<meta property=\"og:site_name\" content=\"Safinel\" \/>\n<meta property=\"article:modified_time\" content=\"2024-05-16T19:07:09+00:00\" \/>\n<meta property=\"og:image\" content=\"https:\/\/www.safinel.fr\/wp-content\/uploads\/2023\/08\/huile-dorange.jpg\" \/>\n\t<meta property=\"og:image:width\" content=\"600\" \/>\n\t<meta property=\"og:image:height\" content=\"600\" \/>\n\t<meta property=\"og:image:type\" content=\"image\/jpeg\" \/>\n<meta name=\"twitter:card\" content=\"summary_large_image\" \/>\n<meta name=\"twitter:label1\" content=\"Tempo estimado de leitura\" \/>\n\t<meta name=\"twitter:data1\" content=\"3 minutos\" \/>\n<script type=\"application\/ld+json\" class=\"yoast-schema-graph\">{\"@context\":\"https:\/\/schema.org\",\"@graph\":[{\"@type\":\"WebPage\",\"@id\":\"https:\/\/www.safinel.fr\/produit\/huile-dorange\/\",\"url\":\"https:\/\/www.safinel.fr\/produit\/huile-dorange\/\",\"name\":\"Huile d'orange | Huile naturelle | Bienfaits nombreux\",\"isPartOf\":{\"@id\":\"https:\/\/www.safinel.fr\/#website\"},\"primaryImageOfPage\":{\"@id\":\"https:\/\/www.safinel.fr\/produit\/huile-dorange\/#primaryimage\"},\"image\":{\"@id\":\"https:\/\/www.safinel.fr\/produit\/huile-dorange\/#primaryimage\"},\"thumbnailUrl\":\"https:\/\/www.safinel.fr\/wp-content\/uploads\/2023\/08\/huile-dorange.jpg\",\"datePublished\":\"2023-08-12T15:43:42+00:00\",\"dateModified\":\"2024-05-16T19:07:09+00:00\",\"description\":\"L'huile essentielle d'orange, connue pour son parfum agr\u00e9able et stimulant, est \u00e9galement r\u00e9put\u00e9e pour ses nombreux bienfaits sur la sant\u00e9 et la beaut\u00e9.\",\"breadcrumb\":{\"@id\":\"https:\/\/www.safinel.fr\/produit\/huile-dorange\/#breadcrumb\"},\"inLanguage\":\"pt-PT\",\"potentialAction\":[{\"@type\":\"ReadAction\",\"target\":[\"https:\/\/www.safinel.fr\/produit\/huile-dorange\/\"]}]},{\"@type\":\"ImageObject\",\"inLanguage\":\"pt-PT\",\"@id\":\"https:\/\/www.safinel.fr\/produit\/huile-dorange\/#primaryimage\",\"url\":\"https:\/\/www.safinel.fr\/wp-content\/uploads\/2023\/08\/huile-dorange.jpg\",\"contentUrl\":\"https:\/\/www.safinel.fr\/wp-content\/uploads\/2023\/08\/huile-dorange.jpg\",\"width\":600,\"height\":600,\"caption\":\"Huile d'orange 30ml\"},{\"@type\":\"BreadcrumbList\",\"@id\":\"https:\/\/www.safinel.fr\/produit\/huile-dorange\/#breadcrumb\",\"itemListElement\":[{\"@type\":\"ListItem\",\"position\":1,\"name\":\"Accueil\",\"item\":\"https:\/\/www.safinel.fr\/\"},{\"@type\":\"ListItem\",\"position\":2,\"name\":\"Boutique\",\"item\":\"https:\/\/www.safinel.fr\/boutique\/\"},{\"@type\":\"ListItem\",\"position\":3,\"name\":\"Huile d&#8217;orange 30ml\"}]},{\"@type\":\"WebSite\",\"@id\":\"https:\/\/www.safinel.fr\/#website\",\"url\":\"https:\/\/www.safinel.fr\/\",\"name\":\"Safinel\",\"description\":\"\",\"publisher\":{\"@id\":\"https:\/\/www.safinel.fr\/#organization\"},\"potentialAction\":[{\"@type\":\"SearchAction\",\"target\":{\"@type\":\"EntryPoint\",\"urlTemplate\":\"https:\/\/www.safinel.fr\/?s={search_term_string}\"},\"query-input\":{\"@type\":\"PropertyValueSpecification\",\"valueRequired\":true,\"valueName\":\"search_term_string\"}}],\"inLanguage\":\"pt-PT\"},{\"@type\":\"Organization\",\"@id\":\"https:\/\/www.safinel.fr\/#organization\",\"name\":\"Safinel\",\"url\":\"https:\/\/www.safinel.fr\/\",\"logo\":{\"@type\":\"ImageObject\",\"inLanguage\":\"pt-PT\",\"@id\":\"https:\/\/www.safinel.fr\/#\/schema\/logo\/image\/\",\"url\":\"https:\/\/www.safinel.fr\/wp-content\/uploads\/2021\/05\/boutique-cosmetique.png\",\"contentUrl\":\"https:\/\/www.safinel.fr\/wp-content\/uploads\/2021\/05\/boutique-cosmetique.png\",\"width\":800,\"height\":200,\"caption\":\"Safinel\"},\"image\":{\"@id\":\"https:\/\/www.safinel.fr\/#\/schema\/logo\/image\/\"}}]}<\/script>\n<!-- \/ Yoast SEO plugin. -->","yoast_head_json":{"title":"\u00d3leo de laranja | \u00d3leo natural | In\u00fameros benef\u00edcios","description":"O \u00f3leo essencial de laranja, conhecido pelo seu aroma agrad\u00e1vel e estimulante, tamb\u00e9m \u00e9 famoso pelos seus in\u00fameros benef\u00edcios para a sa\u00fade e a beleza.","robots":{"index":"index","follow":"follow","max-snippet":"max-snippet:-1","max-image-preview":"max-image-preview:large","max-video-preview":"max-video-preview:-1"},"canonical":"https:\/\/www.safinel.fr\/pt\/product-2\/oleo-de-laranja\/","og_locale":"pt_PT","og_type":"article","og_title":"Huile d'orange | Huile naturelle | Bienfaits nombreux","og_description":"L'huile essentielle d'orange, connue pour son parfum agr\u00e9able et stimulant, est \u00e9galement r\u00e9put\u00e9e pour ses nombreux bienfaits sur la sant\u00e9 et la beaut\u00e9.","og_url":"https:\/\/www.safinel.fr\/pt\/product-2\/oleo-de-laranja\/","og_site_name":"Safinel","article_modified_time":"2024-05-16T19:07:09+00:00","og_image":[{"width":600,"height":600,"url":"https:\/\/www.safinel.fr\/wp-content\/uploads\/2023\/08\/huile-dorange.jpg","type":"image\/jpeg"}],"twitter_card":"summary_large_image","twitter_misc":{"Tempo estimado de leitura":"3 minutos"},"schema":{"@context":"https:\/\/schema.org","@graph":[{"@type":"WebPage","@id":"https:\/\/www.safinel.fr\/produit\/huile-dorange\/","url":"https:\/\/www.safinel.fr\/produit\/huile-dorange\/","name":"\u00d3leo de laranja | \u00d3leo natural | In\u00fameros benef\u00edcios","isPartOf":{"@id":"https:\/\/www.safinel.fr\/#website"},"primaryImageOfPage":{"@id":"https:\/\/www.safinel.fr\/produit\/huile-dorange\/#primaryimage"},"image":{"@id":"https:\/\/www.safinel.fr\/produit\/huile-dorange\/#primaryimage"},"thumbnailUrl":"https:\/\/www.safinel.fr\/wp-content\/uploads\/2023\/08\/huile-dorange.jpg","datePublished":"2023-08-12T15:43:42+00:00","dateModified":"2024-05-16T19:07:09+00:00","description":"O \u00f3leo essencial de laranja, conhecido pelo seu aroma agrad\u00e1vel e estimulante, tamb\u00e9m \u00e9 famoso pelos seus in\u00fameros benef\u00edcios para a sa\u00fade e a beleza.","breadcrumb":{"@id":"https:\/\/www.safinel.fr\/produit\/huile-dorange\/#breadcrumb"},"inLanguage":"pt-PT","potentialAction":[{"@type":"ReadAction","target":["https:\/\/www.safinel.fr\/produit\/huile-dorange\/"]}]},{"@type":"ImageObject","inLanguage":"pt-PT","@id":"https:\/\/www.safinel.fr\/produit\/huile-dorange\/#primaryimage","url":"https:\/\/www.safinel.fr\/wp-content\/uploads\/2023\/08\/huile-dorange.jpg","contentUrl":"https:\/\/www.safinel.fr\/wp-content\/uploads\/2023\/08\/huile-dorange.jpg","width":600,"height":600,"caption":"Huile d'orange 30ml"},{"@type":"BreadcrumbList","@id":"https:\/\/www.safinel.fr\/produit\/huile-dorange\/#breadcrumb","itemListElement":[{"@type":"ListItem","position":1,"name":"Accueil","item":"https:\/\/www.safinel.fr\/"},{"@type":"ListItem","position":2,"name":"Boutique","item":"https:\/\/www.safinel.fr\/boutique\/"},{"@type":"ListItem","position":3,"name":"Huile d&#8217;orange 30ml"}]},{"@type":"WebSite","@id":"https:\/\/www.safinel.fr\/#website","url":"https:\/\/www.safinel.fr\/","name":"Safinel","description":"","publisher":{"@id":"https:\/\/www.safinel.fr\/#organization"},"potentialAction":[{"@type":"SearchAction","target":{"@type":"EntryPoint","urlTemplate":"https:\/\/www.safinel.fr\/?s={search_term_string}"},"query-input":{"@type":"PropertyValueSpecification","valueRequired":true,"valueName":"search_term_string"}}],"inLanguage":"pt-PT"},{"@type":"Organization","@id":"https:\/\/www.safinel.fr\/#organization","name":"Safinel","url":"https:\/\/www.safinel.fr\/","logo":{"@type":"ImageObject","inLanguage":"pt-PT","@id":"https:\/\/www.safinel.fr\/#\/schema\/logo\/image\/","url":"https:\/\/www.safinel.fr\/wp-content\/uploads\/2021\/05\/boutique-cosmetique.png","contentUrl":"https:\/\/www.safinel.fr\/wp-content\/uploads\/2021\/05\/boutique-cosmetique.png","width":800,"height":200,"caption":"Safinel"},"image":{"@id":"https:\/\/www.safinel.fr\/#\/schema\/logo\/image\/"}}]}},"_links":{"self":[{"href":"https:\/\/www.safinel.fr\/pt\/wp-json\/wp\/v2\/product\/7813","targetHints":{"allow":["GET"]}}],"collection":[{"href":"https:\/\/www.safinel.fr\/pt\/wp-json\/wp\/v2\/product"}],"about":[{"href":"https:\/\/www.safinel.fr\/pt\/wp-json\/wp\/v2\/types\/product"}],"wp:featuredmedia":[{"embeddable":true,"href":"https:\/\/www.safinel.fr\/pt\/wp-json\/wp\/v2\/media\/7814"}],"wp:attachment":[{"href":"https:\/\/www.safinel.fr\/pt\/wp-json\/wp\/v2\/media?parent=7813"}],"wp:term":[{"taxonomy":"product_brand","embeddable":true,"href":"https:\/\/www.safinel.fr\/pt\/wp-json\/wp\/v2\/product_brand?post=7813"},{"taxonomy":"product_cat","embeddable":true,"href":"https:\/\/www.safinel.fr\/pt\/wp-json\/wp\/v2\/product_cat?post=7813"},{"taxonomy":"product_tag","embeddable":true,"href":"https:\/\/www.safinel.fr\/pt\/wp-json\/wp\/v2\/product_tag?post=7813"}],"curies":[{"name":"wp","href":"https:\/\/api.w.org\/{rel}","templated":true}]}}