{"id":7654,"date":"2023-08-05T19:17:11","date_gmt":"2023-08-05T19:17:11","guid":{"rendered":"https:\/\/www.safinel.fr\/?post_type=product&#038;p=7654"},"modified":"2023-12-30T11:50:11","modified_gmt":"2023-12-30T11:50:11","slug":"oleo-de-melissa","status":"publish","type":"product","link":"https:\/\/www.safinel.fr\/pt\/product-2\/oleo-de-melissa\/","title":{"rendered":"\u00d3leo de melissa 30 ml"},"content":{"rendered":"<p>O \u00f3leo de melissa \u00e9 um \u00f3leo essencial muito apreciado pelas suas in\u00fameras virtudes, nomeadamente em termos de relaxamento e digest\u00e3o. \u00c9 extra\u00eddo da planta melissa officinalis, que pertence \u00e0 fam\u00edlia das Lamiaceae. \u00c9 tamb\u00e9m utilizado em cosm\u00e9ticos pelas suas propriedades tonificantes e calmantes para a pele.<\/p>\n<p>Aqui, apresentaremos os diversos benef\u00edcios que este \u00f3leo precioso proporciona, bem como a melhor maneira de o adquirir.<\/p>\n<h2><strong>Os efeitos calmantes e relaxantes do \u00f3leo de melissa<\/strong><\/h2>\n<p><strong>O \u00f3leo de melissa \u00e9 particularmente apreciado pelos seus efeitos calmantes e relaxantes. <\/strong>O que o torna um excelente rem\u00e9dio natural contra o stress, a agita\u00e7\u00e3o e a ansiedade. Gra\u00e7as \u00e0 sua concentra\u00e7\u00e3o em terpenos, este \u00f3leo essencial tamb\u00e9m possui propriedades sedativas, promovendo assim um sono melhor.<\/p>\n<p>Pode ser difundida no seu quarto antes de dormir ou adicionada ao seu banho quente para promover a relaxa\u00e7\u00e3o.<\/p>\n<h3><strong>Aromaterapia com \u00f3leo de melissa<\/strong><\/h3>\n<p>Na aromaterapia, \u00e9 frequentemente misturada com outras ess\u00eancias com propriedades complementares, como lavanda, camomila ou manjerona, para refor\u00e7ar a sua a\u00e7\u00e3o no sistema nervoso. Tamb\u00e9m \u00e9 poss\u00edvel utiliz\u00e1-la em massagens, misturando algumas gotas com um \u00f3leo vegetal neutro, como <a href=\"https:\/\/www.safinel.fr\/pt\/product-2\/oleo-de-amendoa-doce\/\"><strong>\u00f3leo de am\u00eandoa doce<\/strong><\/a> ou \u00f3leo de jojoba.<\/p>\n<h2><strong>\u00d3leo de melissa para facilitar a digest\u00e3o<\/strong><\/h2>\n<p>Al\u00e9m dos seus efeitos calmantes sobre o sistema nervoso, tamb\u00e9m possui propriedades digestivas e carminativas. Assim, promove uma melhor digest\u00e3o e ajuda a aliviar o incha\u00e7o e a flatul\u00eancia. Pode ser usada em infus\u00e3o ap\u00f3s as refei\u00e7\u00f5es. Para isso, basta adicionar uma ou duas gotas de \u00f3leo essencial a uma tisana quente ou massajar o abd\u00f3men em caso de dores e espasmos intestinais.<\/p>\n<h3><strong>As virtudes antiespasm\u00f3dicas<\/strong><\/h3>\n<p>Gra\u00e7as \u00e0 sua riqueza em princ\u00edpios ativos, como flavon\u00f3ides, \u00e1cidos fen\u00f3licos e triterpenos, este \u00f3leo natural apresenta\u00a0<strong>efeitos antiespasm\u00f3dicos<\/strong>\u00a0que podem ser \u00fateis para aliviar diferentes tipos de dores. Nomeadamente, c\u00e3ibras musculares e espasmos relacionados com menstrua\u00e7\u00f5es dolorosas. As massagens com \u00f3leo de melissa dilu\u00eddo em \u00f3leo vegetal s\u00e3o particularmente recomendadas nestas situa\u00e7\u00f5es.<\/p>\n<h2><strong>O \u00f3leo de melissa na cosm\u00e9tica: um aliado para a sua pele<\/strong><\/h2>\n<p>Al\u00e9m dos seus benef\u00edcios para o sistema nervoso e digestivo, tamb\u00e9m \u00e9 utilizada em cosm\u00e9ticos pelas suas propriedades tonificantes e calmantes. \u00c9, portanto, ideal para cuidar da sua pele e devolv\u00ea-lhe um brilho bonito.<\/p>\n<ul>\n<li><strong>Uma lo\u00e7\u00e3o t\u00f4nica \u00e0 base de \u00f3leo de melissa<\/strong><\/li>\n<\/ul>\n<p>Pode fazer uma lo\u00e7\u00e3o t\u00f4nica caseira misturando algumas gotas de \u00f3leo essencial de melissa com \u00e1gua floral de rosa ou camomila. Esta lo\u00e7\u00e3o ser\u00e1 perfeita para limpar suavemente a pele e prepar\u00e1-la para receber os seus cuidados habituais. Al\u00e9m disso, o aroma fresco e mentolado da melissa adicionar\u00e1 uma nota revigorante e agrad\u00e1vel \u00e0 sua rotina de beleza.<\/p>\n<ul>\n<li><strong>Uma m\u00e1scara calmante para peles irritadas<\/strong><\/li>\n<\/ul>\n<p>Para peles sens\u00edveis ou irritadas, o \u00f3leo de melissa pode ser misturado com argila branca ou verde para criar uma m\u00e1scara calmante e reparadora. Aplicada uma vez por semana, esta m\u00e1scara ajudar\u00e1 a acalmar vermelhid\u00f5es e inflama\u00e7\u00f5es, ao mesmo tempo que nutre e regenera a epiderme.<\/p>\n<h2><strong>Comprar na Safinel.fr<\/strong><\/h2>\n<p>Para aproveitar ao m\u00e1ximo os benef\u00edcios do \u00f3leo de melissa, \u00e9 importante escolher um \u00f3leo essencial de qualidade. Proveniente de plantas cultivadas sem pesticidas nem fertilizantes qu\u00edmicos. A loja online Safinel.fr oferece uma sele\u00e7\u00e3o rigorosa de \u00f3leos essenciais, incluindo o \u00f3leo de melissa officinalis 5%, obtido por destila\u00e7\u00e3o a vapor das folhas e das flores da planta.<\/p>\n<h3><strong>As garantias oferecidas pela Safinel.fr<\/strong><\/h3>\n<p>Ao comprar o seu \u00f3leo de melissa na Safinel.fr, beneficia n\u00e3o s\u00f3 de um produto de qualidade superior, mas tamb\u00e9m de conselhos de utiliza\u00e7\u00e3o e precau\u00e7\u00f5es de uso para aproveitar ao m\u00e1ximo as suas virtudes. Al\u00e9m disso, os produtos oferecidos s\u00e3o submetidos a controlos rigorosos para garantir a sua rastreabilidade e conformidade com as normas europeias em vigor.<\/p>\n<h3><strong>Aproveite os benef\u00edcios do \u00f3leo de melissa hoje mesmo!<\/strong><\/h3>\n<p>N\u00e3o espere mais para descobrir as virtudes insuspeitas do \u00f3leo de melissa e adquira este precioso \u00f3leo essencial no site Safinel.fr. Assim, poder\u00e1 aproveitar plenamente os seus efeitos calmantes, digestivos e tonificantes, e cuidar da sua pele de forma totalmente natural.<\/p>","protected":false},"excerpt":{"rendered":"<p>O \u00f3leo de melissa \u00e9 um \u00f3leo essencial muito apreciado pelas suas in\u00fameras virtudes, nomeadamente no que diz respeito \u00e0 relaxa\u00e7\u00e3o e \u00e0 digest\u00e3o.<img decoding=\"async\" class=\"size-full wp-image-5091 aligncenter\" src=\"https:\/\/www.safinel.fr\/wp-content\/uploads\/2021\/06\/BANNIERE-ICONE-SAFINEL.webp\" alt=\"resseguro satinado\" width=\"800\" height=\"200\" srcset=\"https:\/\/www.safinel.fr\/wp-content\/uploads\/2021\/06\/BANNIERE-ICONE-SAFINEL.webp 800w, https:\/\/www.safinel.fr\/wp-content\/uploads\/2021\/06\/BANNIERE-ICONE-SAFINEL-600x150.webp 600w, https:\/\/www.safinel.fr\/wp-content\/uploads\/2021\/06\/BANNIERE-ICONE-SAFINEL-768x192.webp 768w\" sizes=\"(max-width: 800px) 100vw, 800px\" \/><\/p>","protected":false},"featured_media":7655,"template":"","meta":[],"product_brand":[],"product_cat":[122],"product_tag":[],"class_list":{"0":"post-7654","1":"product","2":"type-product","3":"status-publish","4":"has-post-thumbnail","6":"product_cat-huile-vegetale","8":"first","9":"instock","10":"shipping-taxable","11":"purchasable","12":"product-type-simple"},"yoast_head":"<!-- This site is optimized with the Yoast SEO plugin v26.6 - https:\/\/yoast.com\/wordpress\/plugins\/seo\/ -->\n<title>Huile de m\u00e9lisse | Huile naturelle | Bienfaits nombreux<\/title>\n<meta name=\"description\" content=\"L&#039;huile de m\u00e9lisse est une huile essentielle tr\u00e8s appr\u00e9ci\u00e9e pour ses nombreuses vertus, notamment en mati\u00e8re de relaxation et de digestion.\" \/>\n<meta name=\"robots\" content=\"index, follow, max-snippet:-1, max-image-preview:large, max-video-preview:-1\" \/>\n<link rel=\"canonical\" href=\"https:\/\/www.safinel.fr\/pt\/product-2\/oleo-de-melissa\/\" \/>\n<meta property=\"og:locale\" content=\"pt_PT\" \/>\n<meta property=\"og:type\" content=\"article\" \/>\n<meta property=\"og:title\" content=\"Huile de m\u00e9lisse | Huile naturelle | Bienfaits nombreux\" \/>\n<meta property=\"og:description\" content=\"L&#039;huile de m\u00e9lisse est une huile essentielle tr\u00e8s appr\u00e9ci\u00e9e pour ses nombreuses vertus, notamment en mati\u00e8re de relaxation et de digestion.\" \/>\n<meta property=\"og:url\" content=\"https:\/\/www.safinel.fr\/pt\/product-2\/oleo-de-melissa\/\" \/>\n<meta property=\"og:site_name\" content=\"Safinel\" \/>\n<meta property=\"article:modified_time\" content=\"2023-12-30T11:50:11+00:00\" \/>\n<meta property=\"og:image\" content=\"https:\/\/www.safinel.fr\/wp-content\/uploads\/2023\/08\/huile-de-melisse.jpg\" \/>\n\t<meta property=\"og:image:width\" content=\"600\" \/>\n\t<meta property=\"og:image:height\" content=\"600\" \/>\n\t<meta property=\"og:image:type\" content=\"image\/jpeg\" \/>\n<meta name=\"twitter:card\" content=\"summary_large_image\" \/>\n<meta name=\"twitter:label1\" content=\"Tempo estimado de leitura\" \/>\n\t<meta name=\"twitter:data1\" content=\"4 minutos\" \/>\n<script type=\"application\/ld+json\" class=\"yoast-schema-graph\">{\"@context\":\"https:\/\/schema.org\",\"@graph\":[{\"@type\":\"WebPage\",\"@id\":\"https:\/\/www.safinel.fr\/produit\/huile-de-melisse\/\",\"url\":\"https:\/\/www.safinel.fr\/produit\/huile-de-melisse\/\",\"name\":\"Huile de m\u00e9lisse | Huile naturelle | Bienfaits nombreux\",\"isPartOf\":{\"@id\":\"https:\/\/www.safinel.fr\/#website\"},\"primaryImageOfPage\":{\"@id\":\"https:\/\/www.safinel.fr\/produit\/huile-de-melisse\/#primaryimage\"},\"image\":{\"@id\":\"https:\/\/www.safinel.fr\/produit\/huile-de-melisse\/#primaryimage\"},\"thumbnailUrl\":\"https:\/\/www.safinel.fr\/wp-content\/uploads\/2023\/08\/huile-de-melisse.jpg\",\"datePublished\":\"2023-08-05T19:17:11+00:00\",\"dateModified\":\"2023-12-30T11:50:11+00:00\",\"description\":\"L'huile de m\u00e9lisse est une huile essentielle tr\u00e8s appr\u00e9ci\u00e9e pour ses nombreuses vertus, notamment en mati\u00e8re de relaxation et de digestion.\",\"breadcrumb\":{\"@id\":\"https:\/\/www.safinel.fr\/produit\/huile-de-melisse\/#breadcrumb\"},\"inLanguage\":\"pt-PT\",\"potentialAction\":[{\"@type\":\"ReadAction\",\"target\":[\"https:\/\/www.safinel.fr\/produit\/huile-de-melisse\/\"]}]},{\"@type\":\"ImageObject\",\"inLanguage\":\"pt-PT\",\"@id\":\"https:\/\/www.safinel.fr\/produit\/huile-de-melisse\/#primaryimage\",\"url\":\"https:\/\/www.safinel.fr\/wp-content\/uploads\/2023\/08\/huile-de-melisse.jpg\",\"contentUrl\":\"https:\/\/www.safinel.fr\/wp-content\/uploads\/2023\/08\/huile-de-melisse.jpg\",\"width\":600,\"height\":600,\"caption\":\"Huile de m\u00e9lisse\"},{\"@type\":\"BreadcrumbList\",\"@id\":\"https:\/\/www.safinel.fr\/produit\/huile-de-melisse\/#breadcrumb\",\"itemListElement\":[{\"@type\":\"ListItem\",\"position\":1,\"name\":\"Accueil\",\"item\":\"https:\/\/www.safinel.fr\/\"},{\"@type\":\"ListItem\",\"position\":2,\"name\":\"Boutique\",\"item\":\"https:\/\/www.safinel.fr\/boutique\/\"},{\"@type\":\"ListItem\",\"position\":3,\"name\":\"Huile de m\u00e9lisse 30ml\"}]},{\"@type\":\"WebSite\",\"@id\":\"https:\/\/www.safinel.fr\/#website\",\"url\":\"https:\/\/www.safinel.fr\/\",\"name\":\"Safinel\",\"description\":\"\",\"publisher\":{\"@id\":\"https:\/\/www.safinel.fr\/#organization\"},\"potentialAction\":[{\"@type\":\"SearchAction\",\"target\":{\"@type\":\"EntryPoint\",\"urlTemplate\":\"https:\/\/www.safinel.fr\/?s={search_term_string}\"},\"query-input\":{\"@type\":\"PropertyValueSpecification\",\"valueRequired\":true,\"valueName\":\"search_term_string\"}}],\"inLanguage\":\"pt-PT\"},{\"@type\":\"Organization\",\"@id\":\"https:\/\/www.safinel.fr\/#organization\",\"name\":\"Safinel\",\"url\":\"https:\/\/www.safinel.fr\/\",\"logo\":{\"@type\":\"ImageObject\",\"inLanguage\":\"pt-PT\",\"@id\":\"https:\/\/www.safinel.fr\/#\/schema\/logo\/image\/\",\"url\":\"https:\/\/www.safinel.fr\/wp-content\/uploads\/2021\/05\/boutique-cosmetique.png\",\"contentUrl\":\"https:\/\/www.safinel.fr\/wp-content\/uploads\/2021\/05\/boutique-cosmetique.png\",\"width\":800,\"height\":200,\"caption\":\"Safinel\"},\"image\":{\"@id\":\"https:\/\/www.safinel.fr\/#\/schema\/logo\/image\/\"}}]}<\/script>\n<!-- \/ Yoast SEO plugin. -->","yoast_head_json":{"title":"\u00d3leo de melissa | \u00d3leo natural | In\u00fameros benef\u00edcios","description":"O \u00f3leo de melissa \u00e9 um \u00f3leo essencial muito apreciado pelas suas in\u00fameras propriedades, nomeadamente no que diz respeito \u00e0 relaxa\u00e7\u00e3o e \u00e0 digest\u00e3o.","robots":{"index":"index","follow":"follow","max-snippet":"max-snippet:-1","max-image-preview":"max-image-preview:large","max-video-preview":"max-video-preview:-1"},"canonical":"https:\/\/www.safinel.fr\/pt\/product-2\/oleo-de-melissa\/","og_locale":"pt_PT","og_type":"article","og_title":"Huile de m\u00e9lisse | Huile naturelle | Bienfaits nombreux","og_description":"L'huile de m\u00e9lisse est une huile essentielle tr\u00e8s appr\u00e9ci\u00e9e pour ses nombreuses vertus, notamment en mati\u00e8re de relaxation et de digestion.","og_url":"https:\/\/www.safinel.fr\/pt\/product-2\/oleo-de-melissa\/","og_site_name":"Safinel","article_modified_time":"2023-12-30T11:50:11+00:00","og_image":[{"width":600,"height":600,"url":"https:\/\/www.safinel.fr\/wp-content\/uploads\/2023\/08\/huile-de-melisse.jpg","type":"image\/jpeg"}],"twitter_card":"summary_large_image","twitter_misc":{"Tempo estimado de leitura":"4 minutos"},"schema":{"@context":"https:\/\/schema.org","@graph":[{"@type":"WebPage","@id":"https:\/\/www.safinel.fr\/produit\/huile-de-melisse\/","url":"https:\/\/www.safinel.fr\/produit\/huile-de-melisse\/","name":"\u00d3leo de melissa | \u00d3leo natural | In\u00fameros benef\u00edcios","isPartOf":{"@id":"https:\/\/www.safinel.fr\/#website"},"primaryImageOfPage":{"@id":"https:\/\/www.safinel.fr\/produit\/huile-de-melisse\/#primaryimage"},"image":{"@id":"https:\/\/www.safinel.fr\/produit\/huile-de-melisse\/#primaryimage"},"thumbnailUrl":"https:\/\/www.safinel.fr\/wp-content\/uploads\/2023\/08\/huile-de-melisse.jpg","datePublished":"2023-08-05T19:17:11+00:00","dateModified":"2023-12-30T11:50:11+00:00","description":"O \u00f3leo de melissa \u00e9 um \u00f3leo essencial muito apreciado pelas suas in\u00fameras propriedades, nomeadamente no que diz respeito \u00e0 relaxa\u00e7\u00e3o e \u00e0 digest\u00e3o.","breadcrumb":{"@id":"https:\/\/www.safinel.fr\/produit\/huile-de-melisse\/#breadcrumb"},"inLanguage":"pt-PT","potentialAction":[{"@type":"ReadAction","target":["https:\/\/www.safinel.fr\/produit\/huile-de-melisse\/"]}]},{"@type":"ImageObject","inLanguage":"pt-PT","@id":"https:\/\/www.safinel.fr\/produit\/huile-de-melisse\/#primaryimage","url":"https:\/\/www.safinel.fr\/wp-content\/uploads\/2023\/08\/huile-de-melisse.jpg","contentUrl":"https:\/\/www.safinel.fr\/wp-content\/uploads\/2023\/08\/huile-de-melisse.jpg","width":600,"height":600,"caption":"Huile de m\u00e9lisse"},{"@type":"BreadcrumbList","@id":"https:\/\/www.safinel.fr\/produit\/huile-de-melisse\/#breadcrumb","itemListElement":[{"@type":"ListItem","position":1,"name":"Accueil","item":"https:\/\/www.safinel.fr\/"},{"@type":"ListItem","position":2,"name":"Boutique","item":"https:\/\/www.safinel.fr\/boutique\/"},{"@type":"ListItem","position":3,"name":"Huile de m\u00e9lisse 30ml"}]},{"@type":"WebSite","@id":"https:\/\/www.safinel.fr\/#website","url":"https:\/\/www.safinel.fr\/","name":"Safinel","description":"","publisher":{"@id":"https:\/\/www.safinel.fr\/#organization"},"potentialAction":[{"@type":"SearchAction","target":{"@type":"EntryPoint","urlTemplate":"https:\/\/www.safinel.fr\/?s={search_term_string}"},"query-input":{"@type":"PropertyValueSpecification","valueRequired":true,"valueName":"search_term_string"}}],"inLanguage":"pt-PT"},{"@type":"Organization","@id":"https:\/\/www.safinel.fr\/#organization","name":"Safinel","url":"https:\/\/www.safinel.fr\/","logo":{"@type":"ImageObject","inLanguage":"pt-PT","@id":"https:\/\/www.safinel.fr\/#\/schema\/logo\/image\/","url":"https:\/\/www.safinel.fr\/wp-content\/uploads\/2021\/05\/boutique-cosmetique.png","contentUrl":"https:\/\/www.safinel.fr\/wp-content\/uploads\/2021\/05\/boutique-cosmetique.png","width":800,"height":200,"caption":"Safinel"},"image":{"@id":"https:\/\/www.safinel.fr\/#\/schema\/logo\/image\/"}}]}},"_links":{"self":[{"href":"https:\/\/www.safinel.fr\/pt\/wp-json\/wp\/v2\/product\/7654","targetHints":{"allow":["GET"]}}],"collection":[{"href":"https:\/\/www.safinel.fr\/pt\/wp-json\/wp\/v2\/product"}],"about":[{"href":"https:\/\/www.safinel.fr\/pt\/wp-json\/wp\/v2\/types\/product"}],"wp:featuredmedia":[{"embeddable":true,"href":"https:\/\/www.safinel.fr\/pt\/wp-json\/wp\/v2\/media\/7655"}],"wp:attachment":[{"href":"https:\/\/www.safinel.fr\/pt\/wp-json\/wp\/v2\/media?parent=7654"}],"wp:term":[{"taxonomy":"product_brand","embeddable":true,"href":"https:\/\/www.safinel.fr\/pt\/wp-json\/wp\/v2\/product_brand?post=7654"},{"taxonomy":"product_cat","embeddable":true,"href":"https:\/\/www.safinel.fr\/pt\/wp-json\/wp\/v2\/product_cat?post=7654"},{"taxonomy":"product_tag","embeddable":true,"href":"https:\/\/www.safinel.fr\/pt\/wp-json\/wp\/v2\/product_tag?post=7654"}],"curies":[{"name":"wp","href":"https:\/\/api.w.org\/{rel}","templated":true}]}}