{"id":7613,"date":"2023-08-04T19:27:47","date_gmt":"2023-08-04T19:27:47","guid":{"rendered":"https:\/\/www.safinel.fr\/?post_type=product&#038;p=7613"},"modified":"2023-12-28T17:16:10","modified_gmt":"2023-12-28T17:16:10","slug":"oleo-de-oregaos","status":"publish","type":"product","link":"https:\/\/www.safinel.fr\/pt\/product-2\/oleo-de-oregaos\/","title":{"rendered":"\u00d3leo de or\u00e9g\u00e3os 30 ml"},"content":{"rendered":"<p>O \u00f3leo de or\u00e9g\u00e3os, um \u00f3leo essencial com m\u00faltiplas virtudes. Tornou-se indispens\u00e1vel no dom\u00ednio do bem-estar e da sa\u00fade natural.<\/p>\n<p>Neste artigo, apresentaremos os benef\u00edcios deste \u00f3leo precioso, bem como as melhores formas de utiliz\u00e1-lo no dia a dia. Para comprar \u00f3leo natural de qualidade, confie na Safinel.fr, a sua loja online especializada em \u00f3leos essenciais.<\/p>\n<h2><strong>O que \u00e9 \u00f3leo de or\u00e9g\u00e3os?<\/strong><\/h2>\n<p>\u00c9 extra\u00eddo das folhas da planta Origanum vulgare, tamb\u00e9m conhecida como or\u00e9g\u00e3os comuns ou manjerona selvagem. Esta planta arom\u00e1tica \u00e9 origin\u00e1ria da regi\u00e3o mediterr\u00e2nica e possui propriedades medicinais reconhecidas desde a Antiguidade.<\/p>\n<p>Rico em\u00a0<strong>compostos ativos como carvacrol, timol e \u00e1cido rosmar\u00ednico.<\/strong>\u00a0O \u00f3leo de or\u00e9g\u00e3os tem propriedades antioxidantes, antibacterianas, antivirais e anti-inflamat\u00f3rias que o tornam um verdadeiro aliado para preservar a nossa sa\u00fade e melhorar o nosso bem-estar no dia a dia.<\/p>\n<h2><strong>Os benef\u00edcios do \u00f3leo de or\u00e9g\u00e3os para a sa\u00fade<\/strong><\/h2>\n<ul>\n<li><strong>Fortalecer o sistema imunol\u00f3gico<\/strong><\/li>\n<\/ul>\n<p>Gra\u00e7as \u00e0s suas propriedades antivirais e antibacterianas. Este \u00f3leo natural \u00e9 um excelente rem\u00e9dio natural para\u00a0<strong>combater infe\u00e7\u00f5es e fortalecer o nosso sistema imunit\u00e1rio<\/strong>. Pode ser utilizada na preven\u00e7\u00e3o para evitar adoecer ou no tratamento para ajudar o nosso corpo a combater v\u00edrus e bact\u00e9rias.<\/p>\n<ul>\n<li><strong>Aliviar problemas digestivos<\/strong><\/li>\n<\/ul>\n<p>O \u00f3leo de or\u00e9g\u00e3os tamb\u00e9m \u00e9 conhecido pelas suas propriedades ben\u00e9ficas para o sistema digestivo. Ajuda, nomeadamente, a\u00a0<strong>regular a digest\u00e3o, aliviar o incha\u00e7o e reduzir os espasmos intestinais<\/strong>. Al\u00e9m disso, gra\u00e7as \u00e0 sua a\u00e7\u00e3o antimicrobiana, contribui para eliminar as bact\u00e9rias nocivas presentes no nosso intestino, promovendo assim uma flora intestinal saud\u00e1vel.<\/p>\n<ul>\n<li><strong>Acalmar dores musculares e articulares<\/strong><\/li>\n<\/ul>\n<p>As propriedades anti-inflamat\u00f3rias do \u00f3leo de or\u00e9g\u00e3os tornam-no um aliado ideal para\u00a0<strong>aliviar dores musculares e articulares.<\/strong>\u00a0Quer sejam causadas por inflama\u00e7\u00e3o, dores musculares ou artrite. Aplicado localmente atrav\u00e9s de massagem, proporciona uma sensa\u00e7\u00e3o de calor e relaxamento que ajuda a descontrair os m\u00fasculos e a aliviar as dores.<\/p>\n<ul>\n<li><strong>Melhorar a sa\u00fade da pele<\/strong><\/li>\n<\/ul>\n<p>Utilizado em aplica\u00e7\u00e3o local. O \u00f3leo de or\u00e9g\u00e3os tamb\u00e9m pode contribuir para\u00a0<strong>tratar diversos problemas de pele<\/strong>\u00a0tais como acne, micoses, verrugas ou eczema. As suas propriedades antif\u00fangicas e antibacterianas permitem eliminar as bact\u00e9rias respons\u00e1veis por estas afe\u00e7\u00f5es cut\u00e2neas e favorecer a cicatriza\u00e7\u00e3o.<\/p>\n<h2><strong>Como usar o \u00f3leo de or\u00e9g\u00e3os?<\/strong><\/h2>\n<p>O \u00f3leo de or\u00e9g\u00e3os \u00e9 um produto muito concentrado que deve ser utilizado com precau\u00e7\u00e3o. Aqui ficam algumas dicas para tirar o m\u00e1ximo partido dos seus benef\u00edcios:<\/p>\n<ul>\n<li><strong>Dilua sempre o \u00f3leo de or\u00e9g\u00e3os<\/strong>\u00a0em \u00f3leo vegetal (como <a href=\"https:\/\/www.safinel.fr\/pt\/product-2\/oleo-de-amendoa-doce\/\"><strong>\u00f3leo de am\u00eandoa doce<\/strong><\/a>, \u00f3leo de coco ou azeite) antes de aplicar na pele ou usar em massagens. Geralmente, recomenda-se uma dilui\u00e7\u00e3o de 3 a 5 %.<\/li>\n<li><strong>Uso oral<\/strong>\u00a0: pode adicionar algumas gotas deste \u00f3leo natural dilu\u00eddas numa colher de ch\u00e1 de mel ou azeite. Isto ir\u00e1 refor\u00e7ar o seu sistema imunit\u00e1rio e facilitar a digest\u00e3o. No entanto, tenha cuidado para n\u00e3o exceder a dose recomendada. Ou seja, cerca de 4 gotas por dia para um adulto, e consulte um profissional de sa\u00fade antes de qualquer utiliza\u00e7\u00e3o interna.<\/li>\n<li><strong>Difundir este \u00f3leo<\/strong>\u00a0: para purificar o ar da sua casa e aproveitar as suas propriedades antivirais. Pode usar um difusor de \u00f3leos essenciais e adicionar algumas gotas de \u00f3leo de or\u00e9g\u00e3os. Tenha cuidado para n\u00e3o difundir o \u00f3leo continuamente e siga as recomenda\u00e7\u00f5es do fabricante do difusor.<\/li>\n<\/ul>\n<h3><strong>Comprar na Safinel.fr<\/strong><\/h3>\n<p>Para beneficiar dos in\u00fameros benef\u00edcios do \u00f3leo de or\u00e9g\u00e3os, \u00e9 essencial escolher um \u00f3leo de qualidade. Na Safinel.fr, oferecemos-lhe um\u00a0<strong>gama de \u00f3leos essenciais 100% puros e naturais<\/strong>, incluindo \u00f3leo de or\u00e9g\u00e3os. Rigorosamente selecionados pelas suas propriedades terap\u00eauticas e efic\u00e1cia.<\/p>\n<p>N\u00e3o hesite mais e descubra agora mesmo a nossa gama de \u00f3leos essenciais para melhorar o seu bem-estar e o de toda a fam\u00edlia. Confie na Safinel.fr para comprar este \u00f3leo ben\u00e9fico e viver uma experi\u00eancia arom\u00e1tica \u00fanica.<\/p>","protected":false},"excerpt":{"rendered":"<p>O \u00f3leo de or\u00e9g\u00e3os, um \u00f3leo essencial com m\u00faltiplas virtudes, tornou-se indispens\u00e1vel no dom\u00ednio do bem-estar e da sa\u00fade natural.<\/p>\n<p><img decoding=\"async\" class=\"size-full wp-image-5091 aligncenter\" src=\"https:\/\/www.safinel.fr\/wp-content\/uploads\/2021\/06\/BANNIERE-ICONE-SAFINEL.webp\" alt=\"resseguro satinado\" width=\"800\" height=\"200\" srcset=\"https:\/\/www.safinel.fr\/wp-content\/uploads\/2021\/06\/BANNIERE-ICONE-SAFINEL.webp 800w, https:\/\/www.safinel.fr\/wp-content\/uploads\/2021\/06\/BANNIERE-ICONE-SAFINEL-600x150.webp 600w, https:\/\/www.safinel.fr\/wp-content\/uploads\/2021\/06\/BANNIERE-ICONE-SAFINEL-768x192.webp 768w\" sizes=\"(max-width: 800px) 100vw, 800px\" \/><\/p>","protected":false},"featured_media":7614,"template":"","meta":[],"product_brand":[],"product_cat":[122],"product_tag":[],"class_list":{"0":"post-7613","1":"product","2":"type-product","3":"status-publish","4":"has-post-thumbnail","6":"product_cat-huile-vegetale","8":"first","9":"instock","10":"shipping-taxable","11":"purchasable","12":"product-type-simple"},"yoast_head":"<!-- This site is optimized with the Yoast SEO plugin v26.6 - https:\/\/yoast.com\/wordpress\/plugins\/seo\/ -->\n<title>Huile d&#039;origan | Bienfaits nombreux | 100% naturelle<\/title>\n<meta name=\"description\" content=\"L&#039;huile d&#039;origan, une huile essentielle aux multiples vertus, est devenue un incontournable dans le domaine du bien-\u00eatre et de la sant\u00e9 au naturel.\" \/>\n<meta name=\"robots\" content=\"index, follow, max-snippet:-1, max-image-preview:large, max-video-preview:-1\" \/>\n<link rel=\"canonical\" href=\"https:\/\/www.safinel.fr\/pt\/product-2\/oleo-de-oregaos\/\" \/>\n<meta property=\"og:locale\" content=\"pt_PT\" \/>\n<meta property=\"og:type\" content=\"article\" \/>\n<meta property=\"og:title\" content=\"Huile d&#039;origan | Bienfaits nombreux | 100% naturelle\" \/>\n<meta property=\"og:description\" content=\"L&#039;huile d&#039;origan, une huile essentielle aux multiples vertus, est devenue un incontournable dans le domaine du bien-\u00eatre et de la sant\u00e9 au naturel.\" \/>\n<meta property=\"og:url\" content=\"https:\/\/www.safinel.fr\/pt\/product-2\/oleo-de-oregaos\/\" \/>\n<meta property=\"og:site_name\" content=\"Safinel\" \/>\n<meta property=\"article:modified_time\" content=\"2023-12-28T17:16:10+00:00\" \/>\n<meta property=\"og:image\" content=\"https:\/\/www.safinel.fr\/wp-content\/uploads\/2023\/08\/Huile-dorigan.jpg\" \/>\n\t<meta property=\"og:image:width\" content=\"600\" \/>\n\t<meta property=\"og:image:height\" content=\"600\" \/>\n\t<meta property=\"og:image:type\" content=\"image\/jpeg\" \/>\n<meta name=\"twitter:card\" content=\"summary_large_image\" \/>\n<meta name=\"twitter:label1\" content=\"Tempo estimado de leitura\" \/>\n\t<meta name=\"twitter:data1\" content=\"3 minutos\" \/>\n<script type=\"application\/ld+json\" class=\"yoast-schema-graph\">{\"@context\":\"https:\/\/schema.org\",\"@graph\":[{\"@type\":\"WebPage\",\"@id\":\"https:\/\/www.safinel.fr\/produit\/huile-dorigan\/\",\"url\":\"https:\/\/www.safinel.fr\/produit\/huile-dorigan\/\",\"name\":\"Huile d'origan | Bienfaits nombreux | 100% naturelle\",\"isPartOf\":{\"@id\":\"https:\/\/www.safinel.fr\/#website\"},\"primaryImageOfPage\":{\"@id\":\"https:\/\/www.safinel.fr\/produit\/huile-dorigan\/#primaryimage\"},\"image\":{\"@id\":\"https:\/\/www.safinel.fr\/produit\/huile-dorigan\/#primaryimage\"},\"thumbnailUrl\":\"https:\/\/www.safinel.fr\/wp-content\/uploads\/2023\/08\/Huile-dorigan.jpg\",\"datePublished\":\"2023-08-04T19:27:47+00:00\",\"dateModified\":\"2023-12-28T17:16:10+00:00\",\"description\":\"L'huile d'origan, une huile essentielle aux multiples vertus, est devenue un incontournable dans le domaine du bien-\u00eatre et de la sant\u00e9 au naturel.\",\"breadcrumb\":{\"@id\":\"https:\/\/www.safinel.fr\/produit\/huile-dorigan\/#breadcrumb\"},\"inLanguage\":\"pt-PT\",\"potentialAction\":[{\"@type\":\"ReadAction\",\"target\":[\"https:\/\/www.safinel.fr\/produit\/huile-dorigan\/\"]}]},{\"@type\":\"ImageObject\",\"inLanguage\":\"pt-PT\",\"@id\":\"https:\/\/www.safinel.fr\/produit\/huile-dorigan\/#primaryimage\",\"url\":\"https:\/\/www.safinel.fr\/wp-content\/uploads\/2023\/08\/Huile-dorigan.jpg\",\"contentUrl\":\"https:\/\/www.safinel.fr\/wp-content\/uploads\/2023\/08\/Huile-dorigan.jpg\",\"width\":600,\"height\":600,\"caption\":\"Huile d'origan\"},{\"@type\":\"BreadcrumbList\",\"@id\":\"https:\/\/www.safinel.fr\/produit\/huile-dorigan\/#breadcrumb\",\"itemListElement\":[{\"@type\":\"ListItem\",\"position\":1,\"name\":\"Accueil\",\"item\":\"https:\/\/www.safinel.fr\/\"},{\"@type\":\"ListItem\",\"position\":2,\"name\":\"Boutique\",\"item\":\"https:\/\/www.safinel.fr\/boutique\/\"},{\"@type\":\"ListItem\",\"position\":3,\"name\":\"Huile d&#8217;origan 30ml\"}]},{\"@type\":\"WebSite\",\"@id\":\"https:\/\/www.safinel.fr\/#website\",\"url\":\"https:\/\/www.safinel.fr\/\",\"name\":\"Safinel\",\"description\":\"\",\"publisher\":{\"@id\":\"https:\/\/www.safinel.fr\/#organization\"},\"potentialAction\":[{\"@type\":\"SearchAction\",\"target\":{\"@type\":\"EntryPoint\",\"urlTemplate\":\"https:\/\/www.safinel.fr\/?s={search_term_string}\"},\"query-input\":{\"@type\":\"PropertyValueSpecification\",\"valueRequired\":true,\"valueName\":\"search_term_string\"}}],\"inLanguage\":\"pt-PT\"},{\"@type\":\"Organization\",\"@id\":\"https:\/\/www.safinel.fr\/#organization\",\"name\":\"Safinel\",\"url\":\"https:\/\/www.safinel.fr\/\",\"logo\":{\"@type\":\"ImageObject\",\"inLanguage\":\"pt-PT\",\"@id\":\"https:\/\/www.safinel.fr\/#\/schema\/logo\/image\/\",\"url\":\"https:\/\/www.safinel.fr\/wp-content\/uploads\/2021\/05\/boutique-cosmetique.png\",\"contentUrl\":\"https:\/\/www.safinel.fr\/wp-content\/uploads\/2021\/05\/boutique-cosmetique.png\",\"width\":800,\"height\":200,\"caption\":\"Safinel\"},\"image\":{\"@id\":\"https:\/\/www.safinel.fr\/#\/schema\/logo\/image\/\"}}]}<\/script>\n<!-- \/ Yoast SEO plugin. -->","yoast_head_json":{"title":"\u00d3leo de or\u00e9g\u00e3os | In\u00fameros benef\u00edcios | 100% natural","description":"O \u00f3leo de or\u00e9g\u00e3os, um \u00f3leo essencial com m\u00faltiplas virtudes, tornou-se indispens\u00e1vel no dom\u00ednio do bem-estar e da sa\u00fade natural.","robots":{"index":"index","follow":"follow","max-snippet":"max-snippet:-1","max-image-preview":"max-image-preview:large","max-video-preview":"max-video-preview:-1"},"canonical":"https:\/\/www.safinel.fr\/pt\/product-2\/oleo-de-oregaos\/","og_locale":"pt_PT","og_type":"article","og_title":"Huile d'origan | Bienfaits nombreux | 100% naturelle","og_description":"L'huile d'origan, une huile essentielle aux multiples vertus, est devenue un incontournable dans le domaine du bien-\u00eatre et de la sant\u00e9 au naturel.","og_url":"https:\/\/www.safinel.fr\/pt\/product-2\/oleo-de-oregaos\/","og_site_name":"Safinel","article_modified_time":"2023-12-28T17:16:10+00:00","og_image":[{"width":600,"height":600,"url":"https:\/\/www.safinel.fr\/wp-content\/uploads\/2023\/08\/Huile-dorigan.jpg","type":"image\/jpeg"}],"twitter_card":"summary_large_image","twitter_misc":{"Tempo estimado de leitura":"3 minutos"},"schema":{"@context":"https:\/\/schema.org","@graph":[{"@type":"WebPage","@id":"https:\/\/www.safinel.fr\/produit\/huile-dorigan\/","url":"https:\/\/www.safinel.fr\/produit\/huile-dorigan\/","name":"\u00d3leo de or\u00e9g\u00e3os | In\u00fameros benef\u00edcios | 100% natural","isPartOf":{"@id":"https:\/\/www.safinel.fr\/#website"},"primaryImageOfPage":{"@id":"https:\/\/www.safinel.fr\/produit\/huile-dorigan\/#primaryimage"},"image":{"@id":"https:\/\/www.safinel.fr\/produit\/huile-dorigan\/#primaryimage"},"thumbnailUrl":"https:\/\/www.safinel.fr\/wp-content\/uploads\/2023\/08\/Huile-dorigan.jpg","datePublished":"2023-08-04T19:27:47+00:00","dateModified":"2023-12-28T17:16:10+00:00","description":"O \u00f3leo de or\u00e9g\u00e3os, um \u00f3leo essencial com m\u00faltiplas virtudes, tornou-se indispens\u00e1vel no dom\u00ednio do bem-estar e da sa\u00fade natural.","breadcrumb":{"@id":"https:\/\/www.safinel.fr\/produit\/huile-dorigan\/#breadcrumb"},"inLanguage":"pt-PT","potentialAction":[{"@type":"ReadAction","target":["https:\/\/www.safinel.fr\/produit\/huile-dorigan\/"]}]},{"@type":"ImageObject","inLanguage":"pt-PT","@id":"https:\/\/www.safinel.fr\/produit\/huile-dorigan\/#primaryimage","url":"https:\/\/www.safinel.fr\/wp-content\/uploads\/2023\/08\/Huile-dorigan.jpg","contentUrl":"https:\/\/www.safinel.fr\/wp-content\/uploads\/2023\/08\/Huile-dorigan.jpg","width":600,"height":600,"caption":"Huile d'origan"},{"@type":"BreadcrumbList","@id":"https:\/\/www.safinel.fr\/produit\/huile-dorigan\/#breadcrumb","itemListElement":[{"@type":"ListItem","position":1,"name":"Accueil","item":"https:\/\/www.safinel.fr\/"},{"@type":"ListItem","position":2,"name":"Boutique","item":"https:\/\/www.safinel.fr\/boutique\/"},{"@type":"ListItem","position":3,"name":"Huile d&#8217;origan 30ml"}]},{"@type":"WebSite","@id":"https:\/\/www.safinel.fr\/#website","url":"https:\/\/www.safinel.fr\/","name":"Safinel","description":"","publisher":{"@id":"https:\/\/www.safinel.fr\/#organization"},"potentialAction":[{"@type":"SearchAction","target":{"@type":"EntryPoint","urlTemplate":"https:\/\/www.safinel.fr\/?s={search_term_string}"},"query-input":{"@type":"PropertyValueSpecification","valueRequired":true,"valueName":"search_term_string"}}],"inLanguage":"pt-PT"},{"@type":"Organization","@id":"https:\/\/www.safinel.fr\/#organization","name":"Safinel","url":"https:\/\/www.safinel.fr\/","logo":{"@type":"ImageObject","inLanguage":"pt-PT","@id":"https:\/\/www.safinel.fr\/#\/schema\/logo\/image\/","url":"https:\/\/www.safinel.fr\/wp-content\/uploads\/2021\/05\/boutique-cosmetique.png","contentUrl":"https:\/\/www.safinel.fr\/wp-content\/uploads\/2021\/05\/boutique-cosmetique.png","width":800,"height":200,"caption":"Safinel"},"image":{"@id":"https:\/\/www.safinel.fr\/#\/schema\/logo\/image\/"}}]}},"_links":{"self":[{"href":"https:\/\/www.safinel.fr\/pt\/wp-json\/wp\/v2\/product\/7613","targetHints":{"allow":["GET"]}}],"collection":[{"href":"https:\/\/www.safinel.fr\/pt\/wp-json\/wp\/v2\/product"}],"about":[{"href":"https:\/\/www.safinel.fr\/pt\/wp-json\/wp\/v2\/types\/product"}],"wp:featuredmedia":[{"embeddable":true,"href":"https:\/\/www.safinel.fr\/pt\/wp-json\/wp\/v2\/media\/7614"}],"wp:attachment":[{"href":"https:\/\/www.safinel.fr\/pt\/wp-json\/wp\/v2\/media?parent=7613"}],"wp:term":[{"taxonomy":"product_brand","embeddable":true,"href":"https:\/\/www.safinel.fr\/pt\/wp-json\/wp\/v2\/product_brand?post=7613"},{"taxonomy":"product_cat","embeddable":true,"href":"https:\/\/www.safinel.fr\/pt\/wp-json\/wp\/v2\/product_cat?post=7613"},{"taxonomy":"product_tag","embeddable":true,"href":"https:\/\/www.safinel.fr\/pt\/wp-json\/wp\/v2\/product_tag?post=7613"}],"curies":[{"name":"wp","href":"https:\/\/api.w.org\/{rel}","templated":true}]}}