{"id":7493,"date":"2023-07-31T17:27:07","date_gmt":"2023-07-31T17:27:07","guid":{"rendered":"https:\/\/www.safinel.fr\/?post_type=product&#038;p=7493"},"modified":"2023-12-28T17:16:10","modified_gmt":"2023-12-28T17:16:10","slug":"oleo-de-alface","status":"publish","type":"product","link":"https:\/\/www.safinel.fr\/pt\/product-2\/oleo-de-alface\/","title":{"rendered":"\u00d3leo de alface 30 ml"},"content":{"rendered":"<p>O\u2019<strong>\u00f3leo de alface<\/strong>\u00a0\u00e9 um produto natural obtido a partir das sementes da planta Lactuca sativa. Rico em vitaminas, minerais e \u00e1cidos gordos essenciais, este \u00f3leo representa uma alternativa interessante aos produtos cosm\u00e9ticos tradicionais. Aqui, apresentamos-lhe os\u00a0<strong>Principais benef\u00edcios do \u00f3leo de alface para a pele<\/strong>, bem como algumas dicas de utiliza\u00e7\u00e3o.<\/p>\n<h2><strong>As propriedades nutritivas e hidratantes do \u00f3leo de alface<\/strong><\/h2>\n<p>Se o\u2019<strong>\u00f3leo de alface<\/strong>\u00a0imp\u00f4s-se no dom\u00ednio dos cuidados com a pele, nomeadamente gra\u00e7as \u00e0 sua riqueza em nutrientes ben\u00e9ficos para a pele. Entre eles, podemos citar:<\/p>\n<ul>\n<li>Os\u00a0<strong>vitaminas A, C e E<\/strong>, que contribuem para a regenera\u00e7\u00e3o celular e protegem a pele contra agress\u00f5es externas (raios UV, polui\u00e7\u00e3o, etc.).<\/li>\n<li>Os\u00a0<strong>minerais<\/strong>, como ferro, cobre, zinco ou mangan\u00eas, que desempenham um papel fundamental na s\u00edntese de colag\u00e9nio e elastina. Estas duas prote\u00ednas s\u00e3o essenciais para preservar a flexibilidade e a elasticidade da pele.<\/li>\n<li>Os\u00a0<strong>\u00e1cidos gordos essenciais \u00f3mega-3 e \u00f3mega-6<\/strong>, que ajudam a manter a hidrata\u00e7\u00e3o da pele e refor\u00e7am a barreira cut\u00e2nea. Desta forma, limitam a perda de \u00e1gua e previnem o ressecamento da pele.<\/li>\n<\/ul>\n<p>Gra\u00e7as a estes numerosos nutrientes, nutre e hidrata profundamente a pele, preservando o seu equil\u00edbrio natural.<\/p>\n<h2><strong>O efeito calmante sobre as rea\u00e7\u00f5es inflamat\u00f3rias e as irrita\u00e7\u00f5es cut\u00e2neas<\/strong><\/h2>\n<p>Possui tamb\u00e9m propriedades anti-inflamat\u00f3rias e calmantes, que podem ser particularmente \u00fateis para aliviar peles sens\u00edveis ou reativas. Na verdade, ajuda a:<\/p>\n<ul>\n<li>Reduzir os\u00a0<strong>vermelhid\u00e3o<\/strong>\u00a0e os\u00a0<strong>inflama\u00e7\u00f5es<\/strong>\u00a0causadas por certas doen\u00e7as cut\u00e2neas, como eczema, psor\u00edase ou ros\u00e1cea.<\/li>\n<li>Acalmar os\u00a0<strong>irrita\u00e7\u00f5es<\/strong>\u00a0e comich\u00e3o, especialmente em caso de picadas de insetos, queimaduras leves ou assaduras em beb\u00e9s.<\/li>\n<li>Promover a cicatriza\u00e7\u00e3o das\u00a0<strong>les\u00f5es cut\u00e2neas<\/strong>\u00a0(cortes, arranh\u00f5es, etc.) estimulando a produ\u00e7\u00e3o de novas c\u00e9lulas da pele.<\/li>\n<\/ul>\n<p>Assim, o\u2019<strong>\u00f3leo de alface<\/strong>\u00a0pode ser um aliado valioso para aliviar o desconforto cut\u00e2neo e promover a repara\u00e7\u00e3o da pele.<\/p>\n<h2><strong>Preven\u00e7\u00e3o do envelhecimento da pele com \u00f3leo de alface<\/strong><\/h2>\n<p>Al\u00e9m das suas propriedades nutritivas e calmantes, o\u2019<strong>\u00f3leo de alface<\/strong>\u00a0tamb\u00e9m \u00e9 reconhecida pela sua a\u00e7\u00e3o antienvelhecimento.<\/p>\n<p><strong>Gra\u00e7as ao seu teor em antioxidantes, permite, nomeadamente:<\/strong><\/p>\n<ol>\n<li>Combater os\u00a0<strong>radicais livres<\/strong>, que s\u00e3o respons\u00e1veis pelo envelhecimento precoce das c\u00e9lulas da pele.<\/li>\n<li>Estimular a produ\u00e7\u00e3o de\u00a0<strong>colag\u00e9nio e elastina<\/strong>, para uma pele mais firme e tonificada.<\/li>\n<li>Atenuar a apar\u00eancia das\u00a0<strong>rugas e linhas finas. Isto<\/strong>\u00a0melhorando a elasticidade e a densidade da pele.<\/li>\n<li>Reduzir os\u00a0<strong>manchas pigmentares<\/strong>\u00a0e uniformizar a tez, gra\u00e7as \u00e0 a\u00e7\u00e3o clareadora de certas vitaminas presentes no \u00f3leo de alface (principalmente a vitamina C).<\/li>\n<\/ol>\n<p>Ao integrar o\u2019<strong>\u00f3leo de alface<\/strong>\u00a0no seu <a href=\"https:\/\/www.safinel.fr\/pt\/rotina-cabelos-ondulados\/\"><strong>rotina de beleza<\/strong><\/a>. Assim, poder\u00e1 prevenir e atenuar os sinais do tempo na sua pele.<\/p>\n<h2><strong>Algumas dicas de utiliza\u00e7\u00e3o<\/strong><\/h2>\n<ul>\n<li><strong>Aplica\u00e7\u00e3o no rosto e no corpo<\/strong><\/li>\n<\/ul>\n<p>Para beneficiar dos benef\u00edcios do\u2019<strong>\u00f3leo de alface<\/strong>, pode aplic\u00e1-lo diretamente na pele. Fa\u00e7a uma leve massagem para facilitar a penetra\u00e7\u00e3o. Certifique-se de usar um \u00f3leo virgem, obtido por prensagem a frio, para preservar ao m\u00e1ximo as suas propriedades.<\/p>\n<p>N\u00e3o hesite em misturar o \u00f3leo de alface com outros \u00f3leos vegetais (am\u00eandoa doce, jojoba, etc.) ou \u00f3leos essenciais adequados ao seu tipo de pele, para criar um tratamento personalizado.<\/p>\n<ul>\n<li><strong>Integra\u00e7\u00e3o nos seus produtos cosm\u00e9ticos<\/strong><\/li>\n<\/ul>\n<p>Por fim, saiba que tamb\u00e9m pode integrar o\u2019<strong>\u00f3leo de alface<\/strong>\u00a0na composi\u00e7\u00e3o dos seus produtos de beleza caseiros. Cremes hidratantes, b\u00e1lsamos labiais, m\u00e1scaras capilares, etc.<\/p>\n<p>Para isso, basta adicionar algumas gotas de \u00f3leo de alface \u00e0 sua prepara\u00e7\u00e3o, respeitando as propor\u00e7\u00f5es indicadas na receita escolhida.<\/p>\n<p>Gra\u00e7as aos seus in\u00fameros benef\u00edcios, \u00e9 um verdadeiro tesouro para a sua pele. N\u00e3o espere mais para experiment\u00e1-la e descobrir por si mesmo todas as suas vantagens!<\/p>","protected":false},"excerpt":{"rendered":"<p>O\u2019<strong>\u00f3leo de alface<\/strong>\u00a0\u00e9 um produto natural obtido a partir das sementes da planta Lactuca sativa.<\/p>\n<p>Rico em vitaminas, minerais e \u00e1cidos gordos essenciais, este \u00f3leo representa uma alternativa interessante aos produtos cosm\u00e9ticos tradicionais.<\/p>\n<p><img decoding=\"async\" class=\"size-full wp-image-5091 aligncenter\" src=\"https:\/\/www.safinel.fr\/wp-content\/uploads\/2021\/06\/BANNIERE-ICONE-SAFINEL.webp\" alt=\"resseguro satinado\" width=\"800\" height=\"200\" srcset=\"https:\/\/www.safinel.fr\/wp-content\/uploads\/2021\/06\/BANNIERE-ICONE-SAFINEL.webp 800w, https:\/\/www.safinel.fr\/wp-content\/uploads\/2021\/06\/BANNIERE-ICONE-SAFINEL-600x150.webp 600w, https:\/\/www.safinel.fr\/wp-content\/uploads\/2021\/06\/BANNIERE-ICONE-SAFINEL-768x192.webp 768w\" sizes=\"(max-width: 800px) 100vw, 800px\" \/><\/p>","protected":false},"featured_media":7494,"template":"","meta":[],"product_brand":[],"product_cat":[122],"product_tag":[],"class_list":{"0":"post-7493","1":"product","2":"type-product","3":"status-publish","4":"has-post-thumbnail","6":"product_cat-huile-vegetale","8":"first","9":"instock","10":"shipping-taxable","11":"purchasable","12":"product-type-simple"},"yoast_head":"<!-- This site is optimized with the Yoast SEO plugin v26.6 - https:\/\/yoast.com\/wordpress\/plugins\/seo\/ -->\n<title>Huile de laitue | Huile naturelle | Bienfaits nombreux<\/title>\n<meta name=\"description\" content=\"L&#039;huile de laitue\u00a0est un produit naturel obtenu \u00e0 partir des graines de la plante Lactuca sativa. Riche en vitamines, min\u00e9raux et acides gras essentiels.\" \/>\n<meta name=\"robots\" content=\"index, follow, max-snippet:-1, max-image-preview:large, max-video-preview:-1\" \/>\n<link rel=\"canonical\" href=\"https:\/\/www.safinel.fr\/pt\/product-2\/oleo-de-alface\/\" \/>\n<meta property=\"og:locale\" content=\"pt_PT\" \/>\n<meta property=\"og:type\" content=\"article\" \/>\n<meta property=\"og:title\" content=\"Huile de laitue | Huile naturelle | Bienfaits nombreux\" \/>\n<meta property=\"og:description\" content=\"L&#039;huile de laitue\u00a0est un produit naturel obtenu \u00e0 partir des graines de la plante Lactuca sativa. Riche en vitamines, min\u00e9raux et acides gras essentiels.\" \/>\n<meta property=\"og:url\" content=\"https:\/\/www.safinel.fr\/pt\/product-2\/oleo-de-alface\/\" \/>\n<meta property=\"og:site_name\" content=\"Safinel\" \/>\n<meta property=\"article:modified_time\" content=\"2023-12-28T17:16:10+00:00\" \/>\n<meta property=\"og:image\" content=\"https:\/\/www.safinel.fr\/wp-content\/uploads\/2023\/07\/huile-de-laitue.jpg\" \/>\n\t<meta property=\"og:image:width\" content=\"600\" \/>\n\t<meta property=\"og:image:height\" content=\"600\" \/>\n\t<meta property=\"og:image:type\" content=\"image\/jpeg\" \/>\n<meta name=\"twitter:card\" content=\"summary_large_image\" \/>\n<meta name=\"twitter:label1\" content=\"Tempo estimado de leitura\" \/>\n\t<meta name=\"twitter:data1\" content=\"4 minutos\" \/>\n<script type=\"application\/ld+json\" class=\"yoast-schema-graph\">{\"@context\":\"https:\/\/schema.org\",\"@graph\":[{\"@type\":\"WebPage\",\"@id\":\"https:\/\/www.safinel.fr\/produit\/huile-de-laitue\/\",\"url\":\"https:\/\/www.safinel.fr\/produit\/huile-de-laitue\/\",\"name\":\"Huile de laitue | Huile naturelle | Bienfaits nombreux\",\"isPartOf\":{\"@id\":\"https:\/\/www.safinel.fr\/#website\"},\"primaryImageOfPage\":{\"@id\":\"https:\/\/www.safinel.fr\/produit\/huile-de-laitue\/#primaryimage\"},\"image\":{\"@id\":\"https:\/\/www.safinel.fr\/produit\/huile-de-laitue\/#primaryimage\"},\"thumbnailUrl\":\"https:\/\/www.safinel.fr\/wp-content\/uploads\/2023\/07\/huile-de-laitue.jpg\",\"datePublished\":\"2023-07-31T17:27:07+00:00\",\"dateModified\":\"2023-12-28T17:16:10+00:00\",\"description\":\"L'huile de laitue\u00a0est un produit naturel obtenu \u00e0 partir des graines de la plante Lactuca sativa. Riche en vitamines, min\u00e9raux et acides gras essentiels.\",\"breadcrumb\":{\"@id\":\"https:\/\/www.safinel.fr\/produit\/huile-de-laitue\/#breadcrumb\"},\"inLanguage\":\"pt-PT\",\"potentialAction\":[{\"@type\":\"ReadAction\",\"target\":[\"https:\/\/www.safinel.fr\/produit\/huile-de-laitue\/\"]}]},{\"@type\":\"ImageObject\",\"inLanguage\":\"pt-PT\",\"@id\":\"https:\/\/www.safinel.fr\/produit\/huile-de-laitue\/#primaryimage\",\"url\":\"https:\/\/www.safinel.fr\/wp-content\/uploads\/2023\/07\/huile-de-laitue.jpg\",\"contentUrl\":\"https:\/\/www.safinel.fr\/wp-content\/uploads\/2023\/07\/huile-de-laitue.jpg\",\"width\":600,\"height\":600,\"caption\":\"Huile de laitue 30ml\"},{\"@type\":\"BreadcrumbList\",\"@id\":\"https:\/\/www.safinel.fr\/produit\/huile-de-laitue\/#breadcrumb\",\"itemListElement\":[{\"@type\":\"ListItem\",\"position\":1,\"name\":\"Accueil\",\"item\":\"https:\/\/www.safinel.fr\/\"},{\"@type\":\"ListItem\",\"position\":2,\"name\":\"Boutique\",\"item\":\"https:\/\/www.safinel.fr\/boutique\/\"},{\"@type\":\"ListItem\",\"position\":3,\"name\":\"Huile de laitue 30ml\"}]},{\"@type\":\"WebSite\",\"@id\":\"https:\/\/www.safinel.fr\/#website\",\"url\":\"https:\/\/www.safinel.fr\/\",\"name\":\"Safinel\",\"description\":\"\",\"publisher\":{\"@id\":\"https:\/\/www.safinel.fr\/#organization\"},\"potentialAction\":[{\"@type\":\"SearchAction\",\"target\":{\"@type\":\"EntryPoint\",\"urlTemplate\":\"https:\/\/www.safinel.fr\/?s={search_term_string}\"},\"query-input\":{\"@type\":\"PropertyValueSpecification\",\"valueRequired\":true,\"valueName\":\"search_term_string\"}}],\"inLanguage\":\"pt-PT\"},{\"@type\":\"Organization\",\"@id\":\"https:\/\/www.safinel.fr\/#organization\",\"name\":\"Safinel\",\"url\":\"https:\/\/www.safinel.fr\/\",\"logo\":{\"@type\":\"ImageObject\",\"inLanguage\":\"pt-PT\",\"@id\":\"https:\/\/www.safinel.fr\/#\/schema\/logo\/image\/\",\"url\":\"https:\/\/www.safinel.fr\/wp-content\/uploads\/2021\/05\/boutique-cosmetique.png\",\"contentUrl\":\"https:\/\/www.safinel.fr\/wp-content\/uploads\/2021\/05\/boutique-cosmetique.png\",\"width\":800,\"height\":200,\"caption\":\"Safinel\"},\"image\":{\"@id\":\"https:\/\/www.safinel.fr\/#\/schema\/logo\/image\/\"}}]}<\/script>\n<!-- \/ Yoast SEO plugin. -->","yoast_head_json":{"title":"\u00d3leo de alface | \u00d3leo natural | In\u00fameros benef\u00edcios","description":"O \u00f3leo de alface \u00e9 um produto natural obtido a partir das sementes da planta Lactuca sativa. Rico em vitaminas, minerais e \u00e1cidos gordos essenciais.","robots":{"index":"index","follow":"follow","max-snippet":"max-snippet:-1","max-image-preview":"max-image-preview:large","max-video-preview":"max-video-preview:-1"},"canonical":"https:\/\/www.safinel.fr\/pt\/product-2\/oleo-de-alface\/","og_locale":"pt_PT","og_type":"article","og_title":"Huile de laitue | Huile naturelle | Bienfaits nombreux","og_description":"L'huile de laitue\u00a0est un produit naturel obtenu \u00e0 partir des graines de la plante Lactuca sativa. Riche en vitamines, min\u00e9raux et acides gras essentiels.","og_url":"https:\/\/www.safinel.fr\/pt\/product-2\/oleo-de-alface\/","og_site_name":"Safinel","article_modified_time":"2023-12-28T17:16:10+00:00","og_image":[{"width":600,"height":600,"url":"https:\/\/www.safinel.fr\/wp-content\/uploads\/2023\/07\/huile-de-laitue.jpg","type":"image\/jpeg"}],"twitter_card":"summary_large_image","twitter_misc":{"Tempo estimado de leitura":"4 minutos"},"schema":{"@context":"https:\/\/schema.org","@graph":[{"@type":"WebPage","@id":"https:\/\/www.safinel.fr\/produit\/huile-de-laitue\/","url":"https:\/\/www.safinel.fr\/produit\/huile-de-laitue\/","name":"\u00d3leo de alface | \u00d3leo natural | In\u00fameros benef\u00edcios","isPartOf":{"@id":"https:\/\/www.safinel.fr\/#website"},"primaryImageOfPage":{"@id":"https:\/\/www.safinel.fr\/produit\/huile-de-laitue\/#primaryimage"},"image":{"@id":"https:\/\/www.safinel.fr\/produit\/huile-de-laitue\/#primaryimage"},"thumbnailUrl":"https:\/\/www.safinel.fr\/wp-content\/uploads\/2023\/07\/huile-de-laitue.jpg","datePublished":"2023-07-31T17:27:07+00:00","dateModified":"2023-12-28T17:16:10+00:00","description":"O \u00f3leo de alface \u00e9 um produto natural obtido a partir das sementes da planta Lactuca sativa. Rico em vitaminas, minerais e \u00e1cidos gordos essenciais.","breadcrumb":{"@id":"https:\/\/www.safinel.fr\/produit\/huile-de-laitue\/#breadcrumb"},"inLanguage":"pt-PT","potentialAction":[{"@type":"ReadAction","target":["https:\/\/www.safinel.fr\/produit\/huile-de-laitue\/"]}]},{"@type":"ImageObject","inLanguage":"pt-PT","@id":"https:\/\/www.safinel.fr\/produit\/huile-de-laitue\/#primaryimage","url":"https:\/\/www.safinel.fr\/wp-content\/uploads\/2023\/07\/huile-de-laitue.jpg","contentUrl":"https:\/\/www.safinel.fr\/wp-content\/uploads\/2023\/07\/huile-de-laitue.jpg","width":600,"height":600,"caption":"Huile de laitue 30ml"},{"@type":"BreadcrumbList","@id":"https:\/\/www.safinel.fr\/produit\/huile-de-laitue\/#breadcrumb","itemListElement":[{"@type":"ListItem","position":1,"name":"Accueil","item":"https:\/\/www.safinel.fr\/"},{"@type":"ListItem","position":2,"name":"Boutique","item":"https:\/\/www.safinel.fr\/boutique\/"},{"@type":"ListItem","position":3,"name":"Huile de laitue 30ml"}]},{"@type":"WebSite","@id":"https:\/\/www.safinel.fr\/#website","url":"https:\/\/www.safinel.fr\/","name":"Safinel","description":"","publisher":{"@id":"https:\/\/www.safinel.fr\/#organization"},"potentialAction":[{"@type":"SearchAction","target":{"@type":"EntryPoint","urlTemplate":"https:\/\/www.safinel.fr\/?s={search_term_string}"},"query-input":{"@type":"PropertyValueSpecification","valueRequired":true,"valueName":"search_term_string"}}],"inLanguage":"pt-PT"},{"@type":"Organization","@id":"https:\/\/www.safinel.fr\/#organization","name":"Safinel","url":"https:\/\/www.safinel.fr\/","logo":{"@type":"ImageObject","inLanguage":"pt-PT","@id":"https:\/\/www.safinel.fr\/#\/schema\/logo\/image\/","url":"https:\/\/www.safinel.fr\/wp-content\/uploads\/2021\/05\/boutique-cosmetique.png","contentUrl":"https:\/\/www.safinel.fr\/wp-content\/uploads\/2021\/05\/boutique-cosmetique.png","width":800,"height":200,"caption":"Safinel"},"image":{"@id":"https:\/\/www.safinel.fr\/#\/schema\/logo\/image\/"}}]}},"_links":{"self":[{"href":"https:\/\/www.safinel.fr\/pt\/wp-json\/wp\/v2\/product\/7493","targetHints":{"allow":["GET"]}}],"collection":[{"href":"https:\/\/www.safinel.fr\/pt\/wp-json\/wp\/v2\/product"}],"about":[{"href":"https:\/\/www.safinel.fr\/pt\/wp-json\/wp\/v2\/types\/product"}],"wp:featuredmedia":[{"embeddable":true,"href":"https:\/\/www.safinel.fr\/pt\/wp-json\/wp\/v2\/media\/7494"}],"wp:attachment":[{"href":"https:\/\/www.safinel.fr\/pt\/wp-json\/wp\/v2\/media?parent=7493"}],"wp:term":[{"taxonomy":"product_brand","embeddable":true,"href":"https:\/\/www.safinel.fr\/pt\/wp-json\/wp\/v2\/product_brand?post=7493"},{"taxonomy":"product_cat","embeddable":true,"href":"https:\/\/www.safinel.fr\/pt\/wp-json\/wp\/v2\/product_cat?post=7493"},{"taxonomy":"product_tag","embeddable":true,"href":"https:\/\/www.safinel.fr\/pt\/wp-json\/wp\/v2\/product_tag?post=7493"}],"curies":[{"name":"wp","href":"https:\/\/api.w.org\/{rel}","templated":true}]}}