{"id":7197,"date":"2023-07-20T10:03:32","date_gmt":"2023-07-20T10:03:32","guid":{"rendered":"https:\/\/www.safinel.fr\/?post_type=product&#038;p=7197"},"modified":"2023-12-28T17:16:07","modified_gmt":"2023-12-28T17:16:07","slug":"sabao-de-enxofre","status":"publish","type":"product","link":"https:\/\/www.safinel.fr\/pt\/product-2\/sabao-de-enxofre\/","title":{"rendered":"Sabonete com enxofre 100 g"},"content":{"rendered":"<p>O\u00a0<strong>sab\u00e3o de enxofre<\/strong>\u00a0\u00e9 um produto de\u00a0<strong>rotina de cuidados com a pele<\/strong>\u00a0que est\u00e1 a ganhar popularidade gra\u00e7as aos seus m\u00faltiplos benef\u00edcios para a pele.<\/p>\n<p>Este tipo de sabonete, muitas vezes desconhecido, \u00e9 muito apreciado por pessoas que sofrem de problemas de pele, como acne, eczema ou psor\u00edase. Aqui, vamos apresentar as principais virtudes do sabonete de enxofre. Como comprar um sabonete de enxofre em safinel.fr.<\/p>\n<h2><strong>Sabonete de enxofre: o que \u00e9 isso?<\/strong><\/h2>\n<p>O sabonete de enxofre \u00e9 um produto de higiene que cont\u00e9m\u00a0<strong>enxofre<\/strong>, um elemento natural com propriedades antibacterianas, antif\u00fangicas e anti-inflamat\u00f3rias. O enxofre \u00e9 utilizado h\u00e1 s\u00e9culos em v\u00e1rias culturas para tratar problemas de pele. Frequentemente associado a um odor desagrad\u00e1vel, o sabonete de enxofre dispon\u00edvel no mercado \u00e9 geralmente formulado com ingredientes de origem vegetal e <a href=\"https:\/\/www.safinel.fr\/pt\/product-category-2\/oleo-vegetal\/\"><strong>\u00f3leos essenciais<\/strong><\/a> para mascarar esse odor, preservando as suas qualidades terap\u00eauticas.<\/p>\n<h2><strong>Os principais benef\u00edcios do sabonete de enxofre para a pele<\/strong><\/h2>\n<ul>\n<li><strong>Combate \u00e0 acne e regula\u00e7\u00e3o do excesso de sebo<\/strong><\/li>\n<\/ul>\n<p>\u00c9 particularmente eficaz para\u00a0<strong>controlar o excesso de oleosidade<\/strong>\u00a0e prevenir o aparecimento de espinhas. Gra\u00e7as \u00e0s suas propriedades antibacterianas, ajuda a eliminar as bact\u00e9rias respons\u00e1veis pela inflama\u00e7\u00e3o e pela forma\u00e7\u00e3o de comed\u00f5es. Al\u00e9m disso, o enxofre \u00e9 um excelente regulador de sebo, contribuindo para reduzir a produ\u00e7\u00e3o desta subst\u00e2ncia gordurosa pelas gl\u00e2ndulas seb\u00e1ceas.<\/p>\n<ul>\n<li><strong>Al\u00edvio dos sintomas de eczema e psor\u00edase<\/strong><\/li>\n<\/ul>\n<p>Este tipo de sabonete tamb\u00e9m pode trazer al\u00edvio para pessoas com\u2019<strong>eczema<\/strong>\u00a0ou de\u00a0<strong>psor\u00edase<\/strong>. Na verdade, o enxofre possui propriedades calmantes e anti-inflamat\u00f3rias que ajudam a aliviar a comich\u00e3o. Ajuda a reduzir as vermelhid\u00f5es causadas por estas afe\u00e7\u00f5es cut\u00e2neas cr\u00f3nicas.<\/p>\n<p>Ele tamb\u00e9m contribui para regenerar as c\u00e9lulas da pele e promover a cicatriza\u00e7\u00e3o de placas de eczema e psor\u00edase.<\/p>\n<ul>\n<li><strong>Preven\u00e7\u00e3o de micoses e infec\u00e7\u00f5es cut\u00e2neas<\/strong><\/li>\n<\/ul>\n<p>O sabonete com enxofre tamb\u00e9m \u00e9 recomendado para prevenir e tratar infec\u00e7\u00f5es f\u00fangicas, como micoses. As suas propriedades antif\u00fangicas tornam-no um aliado valioso para\u00a0<strong>eliminar os fungos<\/strong>\u00a0respons\u00e1veis por este tipo de infe\u00e7\u00f5es e, assim, evitar a sua propaga\u00e7\u00e3o na pele.<\/p>\n<h2><strong>Dicas para usar o sabonete anti-acne<\/strong><\/h2>\n<ul>\n<li><strong>Use sabonete com enxofre diariamente<\/strong>\u00a0para limpar o rosto e o corpo. Ensaboe as m\u00e3os com o sabonete e massageie suavemente a pele, depois enxague com \u00e1gua morna.<\/li>\n<li>Para tratar as \u00e1reas mais problem\u00e1ticas, como espinhas de acne ou placas de eczema.<strong> Aplique o sabonete diretamente na \u00e1rea afetada.<\/strong>\u00a0e deixe agir por alguns minutos antes de enxaguar.<\/li>\n<li>Para otimizar os benef\u00edcios deste sabonete natural, recomenda-se\u00a0<strong>Complemente a sua rotina de cuidados com a pele com produtos adequados<\/strong>\u00a0ao seu tipo de pele. Tais como cremes hidratantes, s\u00e9runs ou lo\u00e7\u00f5es tonificantes.<\/li>\n<\/ul>\n<h3><strong>Comprar um sabonete com enxofre em safinel.fr<\/strong><\/h3>\n<p>Para aproveitar os in\u00fameros benef\u00edcios do sabonete de enxofre, pode compr\u00e1-lo em safinel.fr. Esta loja online oferece uma sele\u00e7\u00e3o de\u00a0<strong>sabonetes de enxofre de qualidade.<\/strong>\u00a0Formulado com ingredientes naturais e respeitadores da pele.<\/p>\n<p><strong>Ao escolher um sabonete anti-acne em safinel.fr, voc\u00ea se beneficia de:<\/strong><\/p>\n<ul>\n<li>Uma vasta gama de sabonetes com enxofre adequados a diferentes necessidades e tipos de pele<\/li>\n<li>Com uma composi\u00e7\u00e3o garantida sem produtos qu\u00edmicos nocivos, como parabenos, sulfatos ou silicones<\/li>\n<li>De uma embalagem ecol\u00f3gica e respons\u00e1vel<\/li>\n<li>Um servi\u00e7o de apoio ao cliente atento para o aconselhar e responder \u00e0s suas perguntas<\/li>\n<\/ul>\n<p>Em suma, o sabonete com enxofre \u00e9 um aliado valioso na luta contra v\u00e1rios problemas de pele, como acne, eczema ou psor\u00edase.<\/p>\n<p>Ele tamb\u00e9m ajuda a regular o excesso de sebo e a prevenir infec\u00e7\u00f5es f\u00fangicas. Para aproveitar esses benef\u00edcios, n\u00e3o hesite em comprar um sabonete com enxofre em safinel.fr. Incorpore este produto \u00e0 sua rotina di\u00e1ria de cuidados com a pele.<\/p>","protected":false},"excerpt":{"rendered":"<p>O\u00a0<strong>sab\u00e3o de enxofre<\/strong>\u00a0\u00e9 um produto de\u00a0<strong>rotina de cuidados com a pele<\/strong>\u00a0que est\u00e1 a ganhar popularidade gra\u00e7as aos seus m\u00faltiplos benef\u00edcios para a pele.<\/p>\n<p><img decoding=\"async\" class=\"size-full wp-image-5091 aligncenter\" src=\"https:\/\/www.safinel.fr\/wp-content\/uploads\/2021\/06\/BANNIERE-ICONE-SAFINEL.webp\" alt=\"resseguro satinado\" width=\"800\" height=\"200\" srcset=\"https:\/\/www.safinel.fr\/wp-content\/uploads\/2021\/06\/BANNIERE-ICONE-SAFINEL.webp 800w, https:\/\/www.safinel.fr\/wp-content\/uploads\/2021\/06\/BANNIERE-ICONE-SAFINEL-600x150.webp 600w, https:\/\/www.safinel.fr\/wp-content\/uploads\/2021\/06\/BANNIERE-ICONE-SAFINEL-768x192.webp 768w\" sizes=\"(max-width: 800px) 100vw, 800px\" \/><\/p>","protected":false},"featured_media":7198,"template":"","meta":[],"product_brand":[],"product_cat":[123],"product_tag":[],"class_list":{"0":"post-7197","1":"product","2":"type-product","3":"status-publish","4":"has-post-thumbnail","6":"product_cat-savon","8":"first","9":"instock","10":"shipping-taxable","11":"purchasable","12":"product-type-simple"},"yoast_head":"<!-- This site is optimized with the Yoast SEO plugin v26.6 - https:\/\/yoast.com\/wordpress\/plugins\/seo\/ -->\n<title>Savon au soufre | Bienfaits nombreux pour la peau | 100% naturel<\/title>\n<meta name=\"description\" content=\"Le\u00a0savon au soufre\u00a0est un produit de\u00a0routine skincare\u00a0qui gagne en popularit\u00e9 gr\u00e2ce \u00e0 ses multiples bienfaits pour la peau. Adoptez-le !\" \/>\n<meta name=\"robots\" content=\"index, follow, max-snippet:-1, max-image-preview:large, max-video-preview:-1\" \/>\n<link rel=\"canonical\" href=\"https:\/\/www.safinel.fr\/pt\/product-2\/sabao-de-enxofre\/\" \/>\n<meta property=\"og:locale\" content=\"pt_PT\" \/>\n<meta property=\"og:type\" content=\"article\" \/>\n<meta property=\"og:title\" content=\"Savon au soufre | Bienfaits nombreux pour la peau | 100% naturel\" \/>\n<meta property=\"og:description\" content=\"Le\u00a0savon au soufre\u00a0est un produit de\u00a0routine skincare\u00a0qui gagne en popularit\u00e9 gr\u00e2ce \u00e0 ses multiples bienfaits pour la peau. Adoptez-le !\" \/>\n<meta property=\"og:url\" content=\"https:\/\/www.safinel.fr\/pt\/product-2\/sabao-de-enxofre\/\" \/>\n<meta property=\"og:site_name\" content=\"Safinel\" \/>\n<meta property=\"article:modified_time\" content=\"2023-12-28T17:16:07+00:00\" \/>\n<meta property=\"og:image\" content=\"https:\/\/www.safinel.fr\/wp-content\/uploads\/2023\/07\/savon-au-soufre.jpg\" \/>\n\t<meta property=\"og:image:width\" content=\"600\" \/>\n\t<meta property=\"og:image:height\" content=\"600\" \/>\n\t<meta property=\"og:image:type\" content=\"image\/jpeg\" \/>\n<meta name=\"twitter:card\" content=\"summary_large_image\" \/>\n<meta name=\"twitter:label1\" content=\"Tempo estimado de leitura\" \/>\n\t<meta name=\"twitter:data1\" content=\"3 minutos\" \/>\n<script type=\"application\/ld+json\" class=\"yoast-schema-graph\">{\"@context\":\"https:\/\/schema.org\",\"@graph\":[{\"@type\":\"WebPage\",\"@id\":\"https:\/\/www.safinel.fr\/produit\/savon-au-soufre\/\",\"url\":\"https:\/\/www.safinel.fr\/produit\/savon-au-soufre\/\",\"name\":\"Savon au soufre | Bienfaits nombreux pour la peau | 100% naturel\",\"isPartOf\":{\"@id\":\"https:\/\/www.safinel.fr\/#website\"},\"primaryImageOfPage\":{\"@id\":\"https:\/\/www.safinel.fr\/produit\/savon-au-soufre\/#primaryimage\"},\"image\":{\"@id\":\"https:\/\/www.safinel.fr\/produit\/savon-au-soufre\/#primaryimage\"},\"thumbnailUrl\":\"https:\/\/www.safinel.fr\/wp-content\/uploads\/2023\/07\/savon-au-soufre.jpg\",\"datePublished\":\"2023-07-20T10:03:32+00:00\",\"dateModified\":\"2023-12-28T17:16:07+00:00\",\"description\":\"Le\u00a0savon au soufre\u00a0est un produit de\u00a0routine skincare\u00a0qui gagne en popularit\u00e9 gr\u00e2ce \u00e0 ses multiples bienfaits pour la peau. Adoptez-le !\",\"breadcrumb\":{\"@id\":\"https:\/\/www.safinel.fr\/produit\/savon-au-soufre\/#breadcrumb\"},\"inLanguage\":\"pt-PT\",\"potentialAction\":[{\"@type\":\"ReadAction\",\"target\":[\"https:\/\/www.safinel.fr\/produit\/savon-au-soufre\/\"]}]},{\"@type\":\"ImageObject\",\"inLanguage\":\"pt-PT\",\"@id\":\"https:\/\/www.safinel.fr\/produit\/savon-au-soufre\/#primaryimage\",\"url\":\"https:\/\/www.safinel.fr\/wp-content\/uploads\/2023\/07\/savon-au-soufre.jpg\",\"contentUrl\":\"https:\/\/www.safinel.fr\/wp-content\/uploads\/2023\/07\/savon-au-soufre.jpg\",\"width\":600,\"height\":600,\"caption\":\"Savon au soufre 100g\"},{\"@type\":\"BreadcrumbList\",\"@id\":\"https:\/\/www.safinel.fr\/produit\/savon-au-soufre\/#breadcrumb\",\"itemListElement\":[{\"@type\":\"ListItem\",\"position\":1,\"name\":\"Accueil\",\"item\":\"https:\/\/www.safinel.fr\/\"},{\"@type\":\"ListItem\",\"position\":2,\"name\":\"Boutique\",\"item\":\"https:\/\/www.safinel.fr\/boutique\/\"},{\"@type\":\"ListItem\",\"position\":3,\"name\":\"Savon au soufre 100g\"}]},{\"@type\":\"WebSite\",\"@id\":\"https:\/\/www.safinel.fr\/#website\",\"url\":\"https:\/\/www.safinel.fr\/\",\"name\":\"Safinel\",\"description\":\"\",\"publisher\":{\"@id\":\"https:\/\/www.safinel.fr\/#organization\"},\"potentialAction\":[{\"@type\":\"SearchAction\",\"target\":{\"@type\":\"EntryPoint\",\"urlTemplate\":\"https:\/\/www.safinel.fr\/?s={search_term_string}\"},\"query-input\":{\"@type\":\"PropertyValueSpecification\",\"valueRequired\":true,\"valueName\":\"search_term_string\"}}],\"inLanguage\":\"pt-PT\"},{\"@type\":\"Organization\",\"@id\":\"https:\/\/www.safinel.fr\/#organization\",\"name\":\"Safinel\",\"url\":\"https:\/\/www.safinel.fr\/\",\"logo\":{\"@type\":\"ImageObject\",\"inLanguage\":\"pt-PT\",\"@id\":\"https:\/\/www.safinel.fr\/#\/schema\/logo\/image\/\",\"url\":\"https:\/\/www.safinel.fr\/wp-content\/uploads\/2021\/05\/boutique-cosmetique.png\",\"contentUrl\":\"https:\/\/www.safinel.fr\/wp-content\/uploads\/2021\/05\/boutique-cosmetique.png\",\"width\":800,\"height\":200,\"caption\":\"Safinel\"},\"image\":{\"@id\":\"https:\/\/www.safinel.fr\/#\/schema\/logo\/image\/\"}}]}<\/script>\n<!-- \/ Yoast SEO plugin. -->","yoast_head_json":{"title":"Sabonete de enxofre | In\u00fameros benef\u00edcios para a pele | 100% natural","description":"O sabonete de enxofre \u00e9 um produto de rotina para cuidados com a pele que est\u00e1 a ganhar popularidade gra\u00e7as aos seus m\u00faltiplos benef\u00edcios para a pele. Adote-o!","robots":{"index":"index","follow":"follow","max-snippet":"max-snippet:-1","max-image-preview":"max-image-preview:large","max-video-preview":"max-video-preview:-1"},"canonical":"https:\/\/www.safinel.fr\/pt\/product-2\/sabao-de-enxofre\/","og_locale":"pt_PT","og_type":"article","og_title":"Savon au soufre | Bienfaits nombreux pour la peau | 100% naturel","og_description":"Le\u00a0savon au soufre\u00a0est un produit de\u00a0routine skincare\u00a0qui gagne en popularit\u00e9 gr\u00e2ce \u00e0 ses multiples bienfaits pour la peau. Adoptez-le !","og_url":"https:\/\/www.safinel.fr\/pt\/product-2\/sabao-de-enxofre\/","og_site_name":"Safinel","article_modified_time":"2023-12-28T17:16:07+00:00","og_image":[{"width":600,"height":600,"url":"https:\/\/www.safinel.fr\/wp-content\/uploads\/2023\/07\/savon-au-soufre.jpg","type":"image\/jpeg"}],"twitter_card":"summary_large_image","twitter_misc":{"Tempo estimado de leitura":"3 minutos"},"schema":{"@context":"https:\/\/schema.org","@graph":[{"@type":"WebPage","@id":"https:\/\/www.safinel.fr\/produit\/savon-au-soufre\/","url":"https:\/\/www.safinel.fr\/produit\/savon-au-soufre\/","name":"Sabonete de enxofre | In\u00fameros benef\u00edcios para a pele | 100% natural","isPartOf":{"@id":"https:\/\/www.safinel.fr\/#website"},"primaryImageOfPage":{"@id":"https:\/\/www.safinel.fr\/produit\/savon-au-soufre\/#primaryimage"},"image":{"@id":"https:\/\/www.safinel.fr\/produit\/savon-au-soufre\/#primaryimage"},"thumbnailUrl":"https:\/\/www.safinel.fr\/wp-content\/uploads\/2023\/07\/savon-au-soufre.jpg","datePublished":"2023-07-20T10:03:32+00:00","dateModified":"2023-12-28T17:16:07+00:00","description":"O sabonete de enxofre \u00e9 um produto de rotina para cuidados com a pele que est\u00e1 a ganhar popularidade gra\u00e7as aos seus m\u00faltiplos benef\u00edcios para a pele. Adote-o!","breadcrumb":{"@id":"https:\/\/www.safinel.fr\/produit\/savon-au-soufre\/#breadcrumb"},"inLanguage":"pt-PT","potentialAction":[{"@type":"ReadAction","target":["https:\/\/www.safinel.fr\/produit\/savon-au-soufre\/"]}]},{"@type":"ImageObject","inLanguage":"pt-PT","@id":"https:\/\/www.safinel.fr\/produit\/savon-au-soufre\/#primaryimage","url":"https:\/\/www.safinel.fr\/wp-content\/uploads\/2023\/07\/savon-au-soufre.jpg","contentUrl":"https:\/\/www.safinel.fr\/wp-content\/uploads\/2023\/07\/savon-au-soufre.jpg","width":600,"height":600,"caption":"Savon au soufre 100g"},{"@type":"BreadcrumbList","@id":"https:\/\/www.safinel.fr\/produit\/savon-au-soufre\/#breadcrumb","itemListElement":[{"@type":"ListItem","position":1,"name":"Accueil","item":"https:\/\/www.safinel.fr\/"},{"@type":"ListItem","position":2,"name":"Boutique","item":"https:\/\/www.safinel.fr\/boutique\/"},{"@type":"ListItem","position":3,"name":"Savon au soufre 100g"}]},{"@type":"WebSite","@id":"https:\/\/www.safinel.fr\/#website","url":"https:\/\/www.safinel.fr\/","name":"Safinel","description":"","publisher":{"@id":"https:\/\/www.safinel.fr\/#organization"},"potentialAction":[{"@type":"SearchAction","target":{"@type":"EntryPoint","urlTemplate":"https:\/\/www.safinel.fr\/?s={search_term_string}"},"query-input":{"@type":"PropertyValueSpecification","valueRequired":true,"valueName":"search_term_string"}}],"inLanguage":"pt-PT"},{"@type":"Organization","@id":"https:\/\/www.safinel.fr\/#organization","name":"Safinel","url":"https:\/\/www.safinel.fr\/","logo":{"@type":"ImageObject","inLanguage":"pt-PT","@id":"https:\/\/www.safinel.fr\/#\/schema\/logo\/image\/","url":"https:\/\/www.safinel.fr\/wp-content\/uploads\/2021\/05\/boutique-cosmetique.png","contentUrl":"https:\/\/www.safinel.fr\/wp-content\/uploads\/2021\/05\/boutique-cosmetique.png","width":800,"height":200,"caption":"Safinel"},"image":{"@id":"https:\/\/www.safinel.fr\/#\/schema\/logo\/image\/"}}]}},"_links":{"self":[{"href":"https:\/\/www.safinel.fr\/pt\/wp-json\/wp\/v2\/product\/7197","targetHints":{"allow":["GET"]}}],"collection":[{"href":"https:\/\/www.safinel.fr\/pt\/wp-json\/wp\/v2\/product"}],"about":[{"href":"https:\/\/www.safinel.fr\/pt\/wp-json\/wp\/v2\/types\/product"}],"wp:featuredmedia":[{"embeddable":true,"href":"https:\/\/www.safinel.fr\/pt\/wp-json\/wp\/v2\/media\/7198"}],"wp:attachment":[{"href":"https:\/\/www.safinel.fr\/pt\/wp-json\/wp\/v2\/media?parent=7197"}],"wp:term":[{"taxonomy":"product_brand","embeddable":true,"href":"https:\/\/www.safinel.fr\/pt\/wp-json\/wp\/v2\/product_brand?post=7197"},{"taxonomy":"product_cat","embeddable":true,"href":"https:\/\/www.safinel.fr\/pt\/wp-json\/wp\/v2\/product_cat?post=7197"},{"taxonomy":"product_tag","embeddable":true,"href":"https:\/\/www.safinel.fr\/pt\/wp-json\/wp\/v2\/product_tag?post=7197"}],"curies":[{"name":"wp","href":"https:\/\/api.w.org\/{rel}","templated":true}]}}