{"id":7038,"date":"2023-07-12T10:04:45","date_gmt":"2023-07-12T10:04:45","guid":{"rendered":"https:\/\/www.safinel.fr\/?post_type=product&#038;p=7038"},"modified":"2025-09-06T23:12:13","modified_gmt":"2025-09-06T23:12:13","slug":"pacote-com-4-plantas-adstringentes-khamare-djeka-nep-nep-frutos-4-cote","status":"publish","type":"product","link":"https:\/\/www.safinel.fr\/pt\/product-2\/pacote-com-4-plantas-adstringentes-khamare-djeka-nep-nep-frutos-4-cote\/","title":{"rendered":"Pacote com 4 plantas adstringentes (khamar\u00e9 + djeka + nep nep + frutos 4 lados)"},"content":{"rendered":"<h2><strong>Conselhos de utiliza\u00e7\u00e3o:\u00a0<\/strong><\/h2>\n<ul>\n<li>O pacote de aperto \u00e9 composto por haste de khamaret (vetiver), sementes de Nep Nep e folhas de djeka. \u00c9 um pacote de plantas naturais para apertar as partes \u00edntimas das mulheres, que podem ficar frouxas ap\u00f3s v\u00e1rias gesta\u00e7\u00f5es, mas tamb\u00e9m \u00e9 ideal para mulheres que desejam recuperar o prazer atrav\u00e9s do aperto (o que tamb\u00e9m ser\u00e1 apreciado pelo seu parceiro). Al\u00e9m disso, a combina\u00e7\u00e3o destas quatro plantas permite uma boa higiene.<\/li>\n<li>Pr\u00e1tica muito antiga e difundida em todo o mundo desde a antiguidade, mas esquecida ao longo dos s\u00e9culos passados, os vapores das partes \u00edntimas s\u00e3o um tratamento natural para a sa\u00fade feminina com in\u00fameras virtudes.<\/li>\n<li>Como usar o pacote adstringente (EXISTEM 2 MANEIRAS) Lave as plantas \u2013 Ferva parte da mistura durante 15 minutos em 2 litros de \u00e1gua (de prefer\u00eancia com \u00e1gua de nascente) \u2013 Beber uma ch\u00e1vena de manh\u00e3 em jejum e \u00e0 noite 1 hora ap\u00f3s a \u00faltima refei\u00e7\u00e3o \u2013 Conservar a mistura no frigor\u00edfico durante 1 semana e aquecer numa panela para beber (n\u00e3o no micro-ondas) \u2013 A mistura pode ser reutilizada 2-3 vezes se as folhas estiverem bem secas ap\u00f3s a utiliza\u00e7\u00e3o. .<\/li>\n<li>Lave as plantas com \u00e1gua limpa, aque\u00e7a a \u00e1gua a 90 \u00b0C antes da infus\u00e3o, corte e adicione 1\/4 do pacote, distribuindo uniformemente as tr\u00eas plantas. Deixe infundir durante 5 minutos para que a \u00e1gua arrefe\u00e7a at\u00e9 cerca de 60 graus e, em seguida, fa\u00e7a um banho de vapor com a ajuda do assento de vapor ou de uma bacia durante 10 a 15 minutos (1 saqueta para 4 utiliza\u00e7\u00f5es). Tenha cuidado para n\u00e3o se queimar com a \u00e1gua.<\/li>\n<li>cont\u00e9m cerca de 3 hastes de vetiver + 15 sementes de nep nep e uma dezena de folhas de djeka + 1 fruto de 4 lados<\/li>\n<\/ul>","protected":false},"excerpt":{"rendered":"<p><img decoding=\"async\" class=\"size-full wp-image-5091 aligncenter\" src=\"https:\/\/www.safinel.fr\/wp-content\/uploads\/2021\/06\/BANNIERE-ICONE-SAFINEL.webp\" alt=\"resseguro satinado\" width=\"800\" height=\"200\" srcset=\"https:\/\/www.safinel.fr\/wp-content\/uploads\/2021\/06\/BANNIERE-ICONE-SAFINEL.webp 800w, https:\/\/www.safinel.fr\/wp-content\/uploads\/2021\/06\/BANNIERE-ICONE-SAFINEL-600x150.webp 600w, https:\/\/www.safinel.fr\/wp-content\/uploads\/2021\/06\/BANNIERE-ICONE-SAFINEL-768x192.webp 768w\" sizes=\"(max-width: 800px) 100vw, 800px\" \/><\/p>","protected":false},"featured_media":7039,"template":"","meta":[],"product_brand":[],"product_cat":[23,90,27],"product_tag":[],"class_list":{"0":"post-7038","1":"product","2":"type-product","3":"status-publish","4":"has-post-thumbnail","6":"product_cat-hygiene-feminine","7":"product_cat-pack-fertilite","8":"product_cat-plantes-medicinales","10":"first","11":"outofstock","12":"shipping-taxable","13":"purchasable","14":"product-type-variable"},"yoast_head":"<!-- This site is optimized with the Yoast SEO plugin v26.6 - https:\/\/yoast.com\/wordpress\/plugins\/seo\/ -->\n<title>Pack 4 plantes resserrantes (khamar\u00e9 + djeka + nep nep + Fruits 4 cot\u00e9) - Safinel<\/title>\n<meta name=\"robots\" content=\"index, follow, max-snippet:-1, max-image-preview:large, max-video-preview:-1\" \/>\n<link rel=\"canonical\" href=\"https:\/\/www.safinel.fr\/pt\/product-2\/pacote-com-4-plantas-adstringentes-khamare-djeka-nep-nep-frutos-4-cote\/\" \/>\n<meta property=\"og:locale\" content=\"pt_PT\" \/>\n<meta property=\"og:type\" content=\"article\" \/>\n<meta property=\"og:title\" content=\"Pack 4 plantes resserrantes (khamar\u00e9 + djeka + nep nep + Fruits 4 cot\u00e9) - Safinel\" \/>\n<meta property=\"og:url\" content=\"https:\/\/www.safinel.fr\/pt\/product-2\/pacote-com-4-plantas-adstringentes-khamare-djeka-nep-nep-frutos-4-cote\/\" \/>\n<meta property=\"og:site_name\" content=\"Safinel\" \/>\n<meta property=\"article:modified_time\" content=\"2025-09-06T23:12:13+00:00\" \/>\n<meta property=\"og:image\" content=\"https:\/\/www.safinel.fr\/wp-content\/uploads\/2023\/07\/pack-4-plante-africine-site.jpg\" \/>\n\t<meta property=\"og:image:width\" content=\"600\" \/>\n\t<meta property=\"og:image:height\" content=\"600\" \/>\n\t<meta property=\"og:image:type\" content=\"image\/jpeg\" \/>\n<meta name=\"twitter:card\" content=\"summary_large_image\" \/>\n<meta name=\"twitter:label1\" content=\"Tempo estimado de leitura\" \/>\n\t<meta name=\"twitter:data1\" content=\"1 minuto\" \/>\n<script type=\"application\/ld+json\" class=\"yoast-schema-graph\">{\"@context\":\"https:\/\/schema.org\",\"@graph\":[{\"@type\":\"WebPage\",\"@id\":\"https:\/\/www.safinel.fr\/produit\/pack-4-plantes-resserrantes-khamare-djeka-nep-nep-fruits-4-cote\/\",\"url\":\"https:\/\/www.safinel.fr\/produit\/pack-4-plantes-resserrantes-khamare-djeka-nep-nep-fruits-4-cote\/\",\"name\":\"Pack 4 plantes resserrantes (khamar\u00e9 + djeka + nep nep + Fruits 4 cot\u00e9) - Safinel\",\"isPartOf\":{\"@id\":\"https:\/\/www.safinel.fr\/#website\"},\"primaryImageOfPage\":{\"@id\":\"https:\/\/www.safinel.fr\/produit\/pack-4-plantes-resserrantes-khamare-djeka-nep-nep-fruits-4-cote\/#primaryimage\"},\"image\":{\"@id\":\"https:\/\/www.safinel.fr\/produit\/pack-4-plantes-resserrantes-khamare-djeka-nep-nep-fruits-4-cote\/#primaryimage\"},\"thumbnailUrl\":\"https:\/\/www.safinel.fr\/wp-content\/uploads\/2023\/07\/pack-4-plante-africine-site.jpg\",\"datePublished\":\"2023-07-12T10:04:45+00:00\",\"dateModified\":\"2025-09-06T23:12:13+00:00\",\"breadcrumb\":{\"@id\":\"https:\/\/www.safinel.fr\/produit\/pack-4-plantes-resserrantes-khamare-djeka-nep-nep-fruits-4-cote\/#breadcrumb\"},\"inLanguage\":\"pt-PT\",\"potentialAction\":[{\"@type\":\"ReadAction\",\"target\":[\"https:\/\/www.safinel.fr\/produit\/pack-4-plantes-resserrantes-khamare-djeka-nep-nep-fruits-4-cote\/\"]}]},{\"@type\":\"ImageObject\",\"inLanguage\":\"pt-PT\",\"@id\":\"https:\/\/www.safinel.fr\/produit\/pack-4-plantes-resserrantes-khamare-djeka-nep-nep-fruits-4-cote\/#primaryimage\",\"url\":\"https:\/\/www.safinel.fr\/wp-content\/uploads\/2023\/07\/pack-4-plante-africine-site.jpg\",\"contentUrl\":\"https:\/\/www.safinel.fr\/wp-content\/uploads\/2023\/07\/pack-4-plante-africine-site.jpg\",\"width\":600,\"height\":600,\"caption\":\"pack 4 plante africine site\"},{\"@type\":\"BreadcrumbList\",\"@id\":\"https:\/\/www.safinel.fr\/produit\/pack-4-plantes-resserrantes-khamare-djeka-nep-nep-fruits-4-cote\/#breadcrumb\",\"itemListElement\":[{\"@type\":\"ListItem\",\"position\":1,\"name\":\"Accueil\",\"item\":\"https:\/\/www.safinel.fr\/\"},{\"@type\":\"ListItem\",\"position\":2,\"name\":\"Boutique\",\"item\":\"https:\/\/www.safinel.fr\/boutique\/\"},{\"@type\":\"ListItem\",\"position\":3,\"name\":\"Pack 4 plantes resserrantes (khamar\u00e9 + djeka + nep nep + Fruits 4 cot\u00e9)\"}]},{\"@type\":\"WebSite\",\"@id\":\"https:\/\/www.safinel.fr\/#website\",\"url\":\"https:\/\/www.safinel.fr\/\",\"name\":\"Safinel\",\"description\":\"\",\"publisher\":{\"@id\":\"https:\/\/www.safinel.fr\/#organization\"},\"potentialAction\":[{\"@type\":\"SearchAction\",\"target\":{\"@type\":\"EntryPoint\",\"urlTemplate\":\"https:\/\/www.safinel.fr\/?s={search_term_string}\"},\"query-input\":{\"@type\":\"PropertyValueSpecification\",\"valueRequired\":true,\"valueName\":\"search_term_string\"}}],\"inLanguage\":\"pt-PT\"},{\"@type\":\"Organization\",\"@id\":\"https:\/\/www.safinel.fr\/#organization\",\"name\":\"Safinel\",\"url\":\"https:\/\/www.safinel.fr\/\",\"logo\":{\"@type\":\"ImageObject\",\"inLanguage\":\"pt-PT\",\"@id\":\"https:\/\/www.safinel.fr\/#\/schema\/logo\/image\/\",\"url\":\"https:\/\/www.safinel.fr\/wp-content\/uploads\/2021\/05\/boutique-cosmetique.png\",\"contentUrl\":\"https:\/\/www.safinel.fr\/wp-content\/uploads\/2021\/05\/boutique-cosmetique.png\",\"width\":800,\"height\":200,\"caption\":\"Safinel\"},\"image\":{\"@id\":\"https:\/\/www.safinel.fr\/#\/schema\/logo\/image\/\"}}]}<\/script>\n<!-- \/ Yoast SEO plugin. -->","yoast_head_json":{"title":"Pacote com 4 plantas adstringentes (khamar\u00e9 + djeka + nep nep + frutos 4 lados) - Safinel","robots":{"index":"index","follow":"follow","max-snippet":"max-snippet:-1","max-image-preview":"max-image-preview:large","max-video-preview":"max-video-preview:-1"},"canonical":"https:\/\/www.safinel.fr\/pt\/product-2\/pacote-com-4-plantas-adstringentes-khamare-djeka-nep-nep-frutos-4-cote\/","og_locale":"pt_PT","og_type":"article","og_title":"Pack 4 plantes resserrantes (khamar\u00e9 + djeka + nep nep + Fruits 4 cot\u00e9) - Safinel","og_url":"https:\/\/www.safinel.fr\/pt\/product-2\/pacote-com-4-plantas-adstringentes-khamare-djeka-nep-nep-frutos-4-cote\/","og_site_name":"Safinel","article_modified_time":"2025-09-06T23:12:13+00:00","og_image":[{"width":600,"height":600,"url":"https:\/\/www.safinel.fr\/wp-content\/uploads\/2023\/07\/pack-4-plante-africine-site.jpg","type":"image\/jpeg"}],"twitter_card":"summary_large_image","twitter_misc":{"Tempo estimado de leitura":"1 minuto"},"schema":{"@context":"https:\/\/schema.org","@graph":[{"@type":"WebPage","@id":"https:\/\/www.safinel.fr\/produit\/pack-4-plantes-resserrantes-khamare-djeka-nep-nep-fruits-4-cote\/","url":"https:\/\/www.safinel.fr\/produit\/pack-4-plantes-resserrantes-khamare-djeka-nep-nep-fruits-4-cote\/","name":"Pacote com 4 plantas adstringentes (khamar\u00e9 + djeka + nep nep + frutos 4 lados) - Safinel","isPartOf":{"@id":"https:\/\/www.safinel.fr\/#website"},"primaryImageOfPage":{"@id":"https:\/\/www.safinel.fr\/produit\/pack-4-plantes-resserrantes-khamare-djeka-nep-nep-fruits-4-cote\/#primaryimage"},"image":{"@id":"https:\/\/www.safinel.fr\/produit\/pack-4-plantes-resserrantes-khamare-djeka-nep-nep-fruits-4-cote\/#primaryimage"},"thumbnailUrl":"https:\/\/www.safinel.fr\/wp-content\/uploads\/2023\/07\/pack-4-plante-africine-site.jpg","datePublished":"2023-07-12T10:04:45+00:00","dateModified":"2025-09-06T23:12:13+00:00","breadcrumb":{"@id":"https:\/\/www.safinel.fr\/produit\/pack-4-plantes-resserrantes-khamare-djeka-nep-nep-fruits-4-cote\/#breadcrumb"},"inLanguage":"pt-PT","potentialAction":[{"@type":"ReadAction","target":["https:\/\/www.safinel.fr\/produit\/pack-4-plantes-resserrantes-khamare-djeka-nep-nep-fruits-4-cote\/"]}]},{"@type":"ImageObject","inLanguage":"pt-PT","@id":"https:\/\/www.safinel.fr\/produit\/pack-4-plantes-resserrantes-khamare-djeka-nep-nep-fruits-4-cote\/#primaryimage","url":"https:\/\/www.safinel.fr\/wp-content\/uploads\/2023\/07\/pack-4-plante-africine-site.jpg","contentUrl":"https:\/\/www.safinel.fr\/wp-content\/uploads\/2023\/07\/pack-4-plante-africine-site.jpg","width":600,"height":600,"caption":"pack 4 plante africine site"},{"@type":"BreadcrumbList","@id":"https:\/\/www.safinel.fr\/produit\/pack-4-plantes-resserrantes-khamare-djeka-nep-nep-fruits-4-cote\/#breadcrumb","itemListElement":[{"@type":"ListItem","position":1,"name":"Accueil","item":"https:\/\/www.safinel.fr\/"},{"@type":"ListItem","position":2,"name":"Boutique","item":"https:\/\/www.safinel.fr\/boutique\/"},{"@type":"ListItem","position":3,"name":"Pack 4 plantes resserrantes (khamar\u00e9 + djeka + nep nep + Fruits 4 cot\u00e9)"}]},{"@type":"WebSite","@id":"https:\/\/www.safinel.fr\/#website","url":"https:\/\/www.safinel.fr\/","name":"Safinel","description":"","publisher":{"@id":"https:\/\/www.safinel.fr\/#organization"},"potentialAction":[{"@type":"SearchAction","target":{"@type":"EntryPoint","urlTemplate":"https:\/\/www.safinel.fr\/?s={search_term_string}"},"query-input":{"@type":"PropertyValueSpecification","valueRequired":true,"valueName":"search_term_string"}}],"inLanguage":"pt-PT"},{"@type":"Organization","@id":"https:\/\/www.safinel.fr\/#organization","name":"Safinel","url":"https:\/\/www.safinel.fr\/","logo":{"@type":"ImageObject","inLanguage":"pt-PT","@id":"https:\/\/www.safinel.fr\/#\/schema\/logo\/image\/","url":"https:\/\/www.safinel.fr\/wp-content\/uploads\/2021\/05\/boutique-cosmetique.png","contentUrl":"https:\/\/www.safinel.fr\/wp-content\/uploads\/2021\/05\/boutique-cosmetique.png","width":800,"height":200,"caption":"Safinel"},"image":{"@id":"https:\/\/www.safinel.fr\/#\/schema\/logo\/image\/"}}]}},"_links":{"self":[{"href":"https:\/\/www.safinel.fr\/pt\/wp-json\/wp\/v2\/product\/7038","targetHints":{"allow":["GET"]}}],"collection":[{"href":"https:\/\/www.safinel.fr\/pt\/wp-json\/wp\/v2\/product"}],"about":[{"href":"https:\/\/www.safinel.fr\/pt\/wp-json\/wp\/v2\/types\/product"}],"wp:featuredmedia":[{"embeddable":true,"href":"https:\/\/www.safinel.fr\/pt\/wp-json\/wp\/v2\/media\/7039"}],"wp:attachment":[{"href":"https:\/\/www.safinel.fr\/pt\/wp-json\/wp\/v2\/media?parent=7038"}],"wp:term":[{"taxonomy":"product_brand","embeddable":true,"href":"https:\/\/www.safinel.fr\/pt\/wp-json\/wp\/v2\/product_brand?post=7038"},{"taxonomy":"product_cat","embeddable":true,"href":"https:\/\/www.safinel.fr\/pt\/wp-json\/wp\/v2\/product_cat?post=7038"},{"taxonomy":"product_tag","embeddable":true,"href":"https:\/\/www.safinel.fr\/pt\/wp-json\/wp\/v2\/product_tag?post=7038"}],"curies":[{"name":"wp","href":"https:\/\/api.w.org\/{rel}","templated":true}]}}