{"id":6862,"date":"2023-07-03T14:07:40","date_gmt":"2023-07-03T14:07:40","guid":{"rendered":"https:\/\/www.safinel.fr\/?post_type=product&#038;p=6862"},"modified":"2023-12-28T17:16:06","modified_gmt":"2023-12-28T17:16:06","slug":"oleo-de-amendoa-doce","status":"publish","type":"product","link":"https:\/\/www.safinel.fr\/pt\/product-2\/oleo-de-amendoa-doce\/","title":{"rendered":"\u00d3leo de am\u00eandoa doce 30 ml"},"content":{"rendered":"<p>O\u2019<strong>\u00f3leo de am\u00eandoa doce<\/strong>, extra\u00edda das am\u00eandoas da Prunus dulcis, \u00e9 um \u00f3leo vegetal com m\u00faltiplas virtudes. Utilizado h\u00e1 s\u00e9culos nos cuidados da pele e do cabelo, \u00e9 hoje um ingrediente essencial nos produtos cosm\u00e9ticos naturais. Vamos descobrir juntos os benef\u00edcios deste \u00f3leo natural em formato de 30 ml, que pode facilmente adquirir em safinel.fr.<\/p>\n<h2><strong>Um \u00f3leo rico em nutrientes para a pele e o cabelo<\/strong><\/h2>\n<p>O \u00f3leo de am\u00eandoa doce \u00e9 especialmente apreciado pela sua riqueza em vitaminas e minerais. Cont\u00e9m\u00a0<strong>vitaminas A, B, D e E<\/strong>, bem como\u00a0<strong>minerais como pot\u00e1ssio e zinco<\/strong>. Estes elementos nutrem e protegem a pele e o cabelo, conferindo-lhes suavidade e brilho.<\/p>\n<ul>\n<li><strong>Nutrir e hidratar a pele em profundidade<\/strong><\/li>\n<\/ul>\n<p>Gra\u00e7as \u00e0 sua textura leve e n\u00e3o oleosa, o \u00f3leo de am\u00eandoa doce penetra facilmente na pele e proporciona uma hidrata\u00e7\u00e3o duradoura. A sua a\u00e7\u00e3o nutritiva ajuda a combater a secura cut\u00e2nea e a manter a elasticidade da pele. Al\u00e9m disso, as suas propriedades suavizantes e calmantes tornam-no um excelente rem\u00e9dio contra irrita\u00e7\u00f5es e vermelhid\u00f5es.<\/p>\n<ul>\n<li><strong>Reparar e fortalecer o cabelo<\/strong><\/li>\n<\/ul>\n<p>Aplicado em <a href=\"https:\/\/www.safinel.fr\/pt\/product-2\/mascara-de-chebe\/\"><strong>m\u00e1scara capilar<\/strong><\/a>, repara os cabelos danificados e devolve-lhes for\u00e7a e brilho. Tamb\u00e9m nutre o couro cabeludo, ajudando a prevenir a <a href=\"https:\/\/www.safinel.fr\/pt\/product-2\/po-de-maca-para-cabelos\/\"><strong>queda de cabelo<\/strong><\/a> e favorecendo o seu crescimento saud\u00e1vel. Al\u00e9m disso, a sua a\u00e7\u00e3o desembara\u00e7ante facilita o penteado e deixa o cabelo flex\u00edvel e leve.<\/p>\n<h2><strong>Benef\u00edcios diversificados para a beleza e a sa\u00fade<\/strong><\/h2>\n<p>Al\u00e9m das suas propriedades nutritivas e hidratantes, o \u00f3leo de am\u00eandoa doce possui muitos outros benef\u00edcios que o tornam um aliado valioso para a beleza e a sa\u00fade no dia a dia.<\/p>\n<ul>\n<li><strong>Remover a maquilhagem suavemente<\/strong><\/li>\n<\/ul>\n<p>\u00c9 uma alternativa natural e eficaz aos desmaquilhantes convencionais. Dissolve facilmente a maquilhagem, mesmo a \u00e0 prova de \u00e1gua, preservando o equil\u00edbrio da pele. Al\u00e9m disso, acalma os olhos sens\u00edveis e alivia as p\u00e1lpebras inchadas ou irritadas.<\/p>\n<ul>\n<li><strong>Prevenir as estrias<\/strong><\/li>\n<\/ul>\n<p>Gra\u00e7as \u00e0s suas propriedades emolientes e suavizantes, o \u00f3leo extra\u00eddo das am\u00eandoas da Prunus dulcis \u00e9 frequentemente recomendado durante a gravidez para prevenir o aparecimento de estrias. Ao massajar regularmente as \u00e1reas afetadas (barriga, seios, coxas), ajuda a melhorar a elasticidade da pele e a reduzir o risco de estrias.<\/p>\n<ul>\n<li><strong>Acalmar irrita\u00e7\u00f5es cut\u00e2neas<\/strong><\/li>\n<\/ul>\n<p>As propriedades anti-inflamat\u00f3rias e calmantes do \u00f3leo de am\u00eandoa doce tornam-no um tratamento eficaz para aliviar a comich\u00e3o, erup\u00e7\u00f5es cut\u00e2neas e inflama\u00e7\u00f5es. Tamb\u00e9m \u00e9 recomendado em casos de eczema, psor\u00edase ou dermatite at\u00f3pica.<\/p>\n<ul>\n<li><strong>Aliviar dores musculares e articulares<\/strong><\/li>\n<\/ul>\n<p>Ao massajar as zonas doloridas com \u00f3leo de am\u00eandoa doce, pode-se beneficiar das suas propriedades analg\u00e9sicas e anti-inflamat\u00f3rias para aliviar as tens\u00f5es musculares e as dores articulares. \u00c9 tamb\u00e9m ideal para preparar os m\u00fasculos antes do esfor\u00e7o ou para favorecer a sua recupera\u00e7\u00e3o ap\u00f3s o exerc\u00edcio.<\/p>\n<h2><strong>Comprar \u00f3leo de am\u00eandoa doce em safinel.fr: uma escolha acertada<\/strong><\/h2>\n<p>Para aproveitar ao m\u00e1ximo os benef\u00edcios do \u00f3leo de am\u00eandoa doce, \u00e9 essencial escolher um \u00f3leo de qualidade. Em\u00a0<strong>safinel.fr<\/strong>, pode comprar \u00f3leo de am\u00eandoa doce 100% natural e virgem, sem quaisquer aditivos ou conservantes. Dispon\u00edvel em formato\u00a0<strong>30 ml<\/strong>, \u00e9 pr\u00e1tica para levar para qualquer lugar e oferece v\u00e1rias semanas de uso di\u00e1rio.<\/p>\n<ul>\n<li><strong>Um produto amigo do ambiente<\/strong><\/li>\n<\/ul>\n<p>Ao comprar o seu \u00f3leo de am\u00eandoa doce em safinel.fr, tamb\u00e9m est\u00e1 a fazer um gesto pelo planeta. O site compromete-se a oferecer produtos naturais e \u00e9ticos, provenientes da agricultura biol\u00f3gica ou do com\u00e9rcio justo. Assim, pode ter a certeza de que o \u00f3leo de am\u00eandoa doce que utiliza respeita a natureza e as pessoas que o produzem.<\/p>\n<ul>\n<li><strong>Um servi\u00e7o de apoio ao cliente \u00e0 sua disposi\u00e7\u00e3o<\/strong><\/li>\n<\/ul>\n<p>A Safinel.fr faz quest\u00e3o de satisfazer os seus clientes, oferecendo um servi\u00e7o de qualidade. Assim, beneficia de uma entrega r\u00e1pida e segura e pode contar com o apoio da equipa sempre que necess\u00e1rio. N\u00e3o hesite em visitar safinel.fr para descobrir o \u00f3leo extra\u00eddo das am\u00eandoas de Prunus dulcis 30 ml, bem como muitos outros produtos naturais para o seu bem-estar.<\/p>\n<h3><strong>Usar \u00f3leo de am\u00eandoa doce: algumas dicas pr\u00e1ticas<\/strong><\/h3>\n<p>Para aproveitar ao m\u00e1ximo os benef\u00edcios do \u00f3leo de am\u00eandoa doce, aqui est\u00e3o algumas dicas simples e eficazes:<\/p>\n<ul>\n<li><strong>Aplique o \u00f3leo sobre a pele limpa e ligeiramente h\u00famida.<\/strong>\u00a0para favorecer a sua absor\u00e7\u00e3o e otimizar a sua a\u00e7\u00e3o hidratante.<\/li>\n<li><strong>Aque\u00e7a algumas gotas de \u00f3leo entre as m\u00e3os<\/strong>\u00a0antes de aplicar no rosto, corpo ou cabelo, para facilitar a penetra\u00e7\u00e3o dos ativos.<\/li>\n<li><strong>Use \u00f3leo de am\u00eandoa doce como complemento de outros \u00f3leos vegetais.<\/strong>, como \u00f3leo de jojoba ou \u00f3leo de coco, para criar sinergias ben\u00e9ficas e adaptar os seus cuidados \u00e0s suas necessidades espec\u00edficas.<\/li>\n<li><strong>Privilegiar uma aplica\u00e7\u00e3o com movimentos circulares<\/strong>\u00a0para estimular a circula\u00e7\u00e3o sangu\u00ednea e promover a regenera\u00e7\u00e3o celular.<\/li>\n<\/ul>\n<p>Em suma, este \u00f3leo natural \u00e9 um verdadeiro tesouro de benef\u00edcios para a nossa beleza e sa\u00fade. Gra\u00e7as \u00e0 sua riqueza em nutrientes e \u00e0s suas diversas propriedades, oferece uma solu\u00e7\u00e3o natural e eficaz para cuidar da nossa pele e cabelo.<\/p>\n<p>N\u00e3o hesite em adquirir este \u00f3leo natural de 30 ml em safinel.fr e integr\u00e1-lo hoje mesmo na sua rotina di\u00e1ria!<\/p>","protected":false},"excerpt":{"rendered":"<p>O\u2019<strong>\u00f3leo de am\u00eandoa doce<\/strong>, extra\u00edda das am\u00eandoas da Prunus dulcis, \u00e9 um \u00f3leo vegetal com m\u00faltiplas virtudes.<\/p>\n<p><img decoding=\"async\" class=\"size-full wp-image-5091 aligncenter\" src=\"https:\/\/www.safinel.fr\/wp-content\/uploads\/2021\/06\/BANNIERE-ICONE-SAFINEL.webp\" alt=\"resseguro satinado\" width=\"800\" height=\"200\" srcset=\"https:\/\/www.safinel.fr\/wp-content\/uploads\/2021\/06\/BANNIERE-ICONE-SAFINEL.webp 800w, https:\/\/www.safinel.fr\/wp-content\/uploads\/2021\/06\/BANNIERE-ICONE-SAFINEL-600x150.webp 600w, https:\/\/www.safinel.fr\/wp-content\/uploads\/2021\/06\/BANNIERE-ICONE-SAFINEL-768x192.webp 768w\" sizes=\"(max-width: 800px) 100vw, 800px\" \/><\/p>","protected":false},"featured_media":6863,"template":"","meta":[],"product_brand":[],"product_cat":[122],"product_tag":[],"class_list":{"0":"post-6862","1":"product","2":"type-product","3":"status-publish","4":"has-post-thumbnail","6":"product_cat-huile-vegetale","8":"first","9":"instock","10":"shipping-taxable","11":"purchasable","12":"product-type-simple"},"yoast_head":"<!-- This site is optimized with the Yoast SEO plugin v26.6 - https:\/\/yoast.com\/wordpress\/plugins\/seo\/ -->\n<title>Huile d&#039;amande douce 30ml | 100% naturelle | Bienfaits nombreux<\/title>\n<meta name=\"description\" content=\"L&#039;huile d&#039;amande douce naturelle, extraite des amandes du Prunus dulcis, est une huile v\u00e9g\u00e9tale aux multiples vertus. Adoptez-l\u00e0 !\" \/>\n<meta name=\"robots\" content=\"index, follow, max-snippet:-1, max-image-preview:large, max-video-preview:-1\" \/>\n<link rel=\"canonical\" href=\"https:\/\/www.safinel.fr\/pt\/product-2\/oleo-de-amendoa-doce\/\" \/>\n<meta property=\"og:locale\" content=\"pt_PT\" \/>\n<meta property=\"og:type\" content=\"article\" \/>\n<meta property=\"og:title\" content=\"Huile d&#039;amande douce 30ml | 100% naturelle | Bienfaits nombreux\" \/>\n<meta property=\"og:description\" content=\"L&#039;huile d&#039;amande douce naturelle, extraite des amandes du Prunus dulcis, est une huile v\u00e9g\u00e9tale aux multiples vertus. Adoptez-l\u00e0 !\" \/>\n<meta property=\"og:url\" content=\"https:\/\/www.safinel.fr\/pt\/product-2\/oleo-de-amendoa-doce\/\" \/>\n<meta property=\"og:site_name\" content=\"Safinel\" \/>\n<meta property=\"article:modified_time\" content=\"2023-12-28T17:16:06+00:00\" \/>\n<meta property=\"og:image\" content=\"https:\/\/www.safinel.fr\/wp-content\/uploads\/2023\/07\/huile-damande-douce-naturelle.jpg\" \/>\n\t<meta property=\"og:image:width\" content=\"600\" \/>\n\t<meta property=\"og:image:height\" content=\"600\" \/>\n\t<meta property=\"og:image:type\" content=\"image\/jpeg\" \/>\n<meta name=\"twitter:card\" content=\"summary_large_image\" \/>\n<meta name=\"twitter:label1\" content=\"Tempo estimado de leitura\" \/>\n\t<meta name=\"twitter:data1\" content=\"5 minutos\" \/>\n<script type=\"application\/ld+json\" class=\"yoast-schema-graph\">{\"@context\":\"https:\/\/schema.org\",\"@graph\":[{\"@type\":\"WebPage\",\"@id\":\"https:\/\/www.safinel.fr\/produit\/huile-damande-douce\/\",\"url\":\"https:\/\/www.safinel.fr\/produit\/huile-damande-douce\/\",\"name\":\"Huile d'amande douce 30ml | 100% naturelle | Bienfaits nombreux\",\"isPartOf\":{\"@id\":\"https:\/\/www.safinel.fr\/#website\"},\"primaryImageOfPage\":{\"@id\":\"https:\/\/www.safinel.fr\/produit\/huile-damande-douce\/#primaryimage\"},\"image\":{\"@id\":\"https:\/\/www.safinel.fr\/produit\/huile-damande-douce\/#primaryimage\"},\"thumbnailUrl\":\"https:\/\/www.safinel.fr\/wp-content\/uploads\/2023\/07\/huile-damande-douce-naturelle.jpg\",\"datePublished\":\"2023-07-03T14:07:40+00:00\",\"dateModified\":\"2023-12-28T17:16:06+00:00\",\"description\":\"L'huile d'amande douce naturelle, extraite des amandes du Prunus dulcis, est une huile v\u00e9g\u00e9tale aux multiples vertus. Adoptez-l\u00e0 !\",\"breadcrumb\":{\"@id\":\"https:\/\/www.safinel.fr\/produit\/huile-damande-douce\/#breadcrumb\"},\"inLanguage\":\"pt-PT\",\"potentialAction\":[{\"@type\":\"ReadAction\",\"target\":[\"https:\/\/www.safinel.fr\/produit\/huile-damande-douce\/\"]}]},{\"@type\":\"ImageObject\",\"inLanguage\":\"pt-PT\",\"@id\":\"https:\/\/www.safinel.fr\/produit\/huile-damande-douce\/#primaryimage\",\"url\":\"https:\/\/www.safinel.fr\/wp-content\/uploads\/2023\/07\/huile-damande-douce-naturelle.jpg\",\"contentUrl\":\"https:\/\/www.safinel.fr\/wp-content\/uploads\/2023\/07\/huile-damande-douce-naturelle.jpg\",\"width\":600,\"height\":600,\"caption\":\"Huile d'amande douce 30ml\"},{\"@type\":\"BreadcrumbList\",\"@id\":\"https:\/\/www.safinel.fr\/produit\/huile-damande-douce\/#breadcrumb\",\"itemListElement\":[{\"@type\":\"ListItem\",\"position\":1,\"name\":\"Accueil\",\"item\":\"https:\/\/www.safinel.fr\/\"},{\"@type\":\"ListItem\",\"position\":2,\"name\":\"Boutique\",\"item\":\"https:\/\/www.safinel.fr\/boutique\/\"},{\"@type\":\"ListItem\",\"position\":3,\"name\":\"Huile d&#8217;amande douce 30ml\"}]},{\"@type\":\"WebSite\",\"@id\":\"https:\/\/www.safinel.fr\/#website\",\"url\":\"https:\/\/www.safinel.fr\/\",\"name\":\"Safinel\",\"description\":\"\",\"publisher\":{\"@id\":\"https:\/\/www.safinel.fr\/#organization\"},\"potentialAction\":[{\"@type\":\"SearchAction\",\"target\":{\"@type\":\"EntryPoint\",\"urlTemplate\":\"https:\/\/www.safinel.fr\/?s={search_term_string}\"},\"query-input\":{\"@type\":\"PropertyValueSpecification\",\"valueRequired\":true,\"valueName\":\"search_term_string\"}}],\"inLanguage\":\"pt-PT\"},{\"@type\":\"Organization\",\"@id\":\"https:\/\/www.safinel.fr\/#organization\",\"name\":\"Safinel\",\"url\":\"https:\/\/www.safinel.fr\/\",\"logo\":{\"@type\":\"ImageObject\",\"inLanguage\":\"pt-PT\",\"@id\":\"https:\/\/www.safinel.fr\/#\/schema\/logo\/image\/\",\"url\":\"https:\/\/www.safinel.fr\/wp-content\/uploads\/2021\/05\/boutique-cosmetique.png\",\"contentUrl\":\"https:\/\/www.safinel.fr\/wp-content\/uploads\/2021\/05\/boutique-cosmetique.png\",\"width\":800,\"height\":200,\"caption\":\"Safinel\"},\"image\":{\"@id\":\"https:\/\/www.safinel.fr\/#\/schema\/logo\/image\/\"}}]}<\/script>\n<!-- \/ Yoast SEO plugin. -->","yoast_head_json":{"title":"\u00d3leo de am\u00eandoa doce 30 ml | 100% natural | In\u00fameros benef\u00edcios","description":"O \u00f3leo de am\u00eandoa doce natural, extra\u00eddo das am\u00eandoas da Prunus dulcis, \u00e9 um \u00f3leo vegetal com m\u00faltiplas virtudes. Adote-o!","robots":{"index":"index","follow":"follow","max-snippet":"max-snippet:-1","max-image-preview":"max-image-preview:large","max-video-preview":"max-video-preview:-1"},"canonical":"https:\/\/www.safinel.fr\/pt\/product-2\/oleo-de-amendoa-doce\/","og_locale":"pt_PT","og_type":"article","og_title":"Huile d'amande douce 30ml | 100% naturelle | Bienfaits nombreux","og_description":"L'huile d'amande douce naturelle, extraite des amandes du Prunus dulcis, est une huile v\u00e9g\u00e9tale aux multiples vertus. Adoptez-l\u00e0 !","og_url":"https:\/\/www.safinel.fr\/pt\/product-2\/oleo-de-amendoa-doce\/","og_site_name":"Safinel","article_modified_time":"2023-12-28T17:16:06+00:00","og_image":[{"width":600,"height":600,"url":"https:\/\/www.safinel.fr\/wp-content\/uploads\/2023\/07\/huile-damande-douce-naturelle.jpg","type":"image\/jpeg"}],"twitter_card":"summary_large_image","twitter_misc":{"Tempo estimado de leitura":"5 minutos"},"schema":{"@context":"https:\/\/schema.org","@graph":[{"@type":"WebPage","@id":"https:\/\/www.safinel.fr\/produit\/huile-damande-douce\/","url":"https:\/\/www.safinel.fr\/produit\/huile-damande-douce\/","name":"\u00d3leo de am\u00eandoa doce 30 ml | 100% natural | In\u00fameros benef\u00edcios","isPartOf":{"@id":"https:\/\/www.safinel.fr\/#website"},"primaryImageOfPage":{"@id":"https:\/\/www.safinel.fr\/produit\/huile-damande-douce\/#primaryimage"},"image":{"@id":"https:\/\/www.safinel.fr\/produit\/huile-damande-douce\/#primaryimage"},"thumbnailUrl":"https:\/\/www.safinel.fr\/wp-content\/uploads\/2023\/07\/huile-damande-douce-naturelle.jpg","datePublished":"2023-07-03T14:07:40+00:00","dateModified":"2023-12-28T17:16:06+00:00","description":"O \u00f3leo de am\u00eandoa doce natural, extra\u00eddo das am\u00eandoas da Prunus dulcis, \u00e9 um \u00f3leo vegetal com m\u00faltiplas virtudes. Adote-o!","breadcrumb":{"@id":"https:\/\/www.safinel.fr\/produit\/huile-damande-douce\/#breadcrumb"},"inLanguage":"pt-PT","potentialAction":[{"@type":"ReadAction","target":["https:\/\/www.safinel.fr\/produit\/huile-damande-douce\/"]}]},{"@type":"ImageObject","inLanguage":"pt-PT","@id":"https:\/\/www.safinel.fr\/produit\/huile-damande-douce\/#primaryimage","url":"https:\/\/www.safinel.fr\/wp-content\/uploads\/2023\/07\/huile-damande-douce-naturelle.jpg","contentUrl":"https:\/\/www.safinel.fr\/wp-content\/uploads\/2023\/07\/huile-damande-douce-naturelle.jpg","width":600,"height":600,"caption":"Huile d'amande douce 30ml"},{"@type":"BreadcrumbList","@id":"https:\/\/www.safinel.fr\/produit\/huile-damande-douce\/#breadcrumb","itemListElement":[{"@type":"ListItem","position":1,"name":"Accueil","item":"https:\/\/www.safinel.fr\/"},{"@type":"ListItem","position":2,"name":"Boutique","item":"https:\/\/www.safinel.fr\/boutique\/"},{"@type":"ListItem","position":3,"name":"Huile d&#8217;amande douce 30ml"}]},{"@type":"WebSite","@id":"https:\/\/www.safinel.fr\/#website","url":"https:\/\/www.safinel.fr\/","name":"Safinel","description":"","publisher":{"@id":"https:\/\/www.safinel.fr\/#organization"},"potentialAction":[{"@type":"SearchAction","target":{"@type":"EntryPoint","urlTemplate":"https:\/\/www.safinel.fr\/?s={search_term_string}"},"query-input":{"@type":"PropertyValueSpecification","valueRequired":true,"valueName":"search_term_string"}}],"inLanguage":"pt-PT"},{"@type":"Organization","@id":"https:\/\/www.safinel.fr\/#organization","name":"Safinel","url":"https:\/\/www.safinel.fr\/","logo":{"@type":"ImageObject","inLanguage":"pt-PT","@id":"https:\/\/www.safinel.fr\/#\/schema\/logo\/image\/","url":"https:\/\/www.safinel.fr\/wp-content\/uploads\/2021\/05\/boutique-cosmetique.png","contentUrl":"https:\/\/www.safinel.fr\/wp-content\/uploads\/2021\/05\/boutique-cosmetique.png","width":800,"height":200,"caption":"Safinel"},"image":{"@id":"https:\/\/www.safinel.fr\/#\/schema\/logo\/image\/"}}]}},"_links":{"self":[{"href":"https:\/\/www.safinel.fr\/pt\/wp-json\/wp\/v2\/product\/6862","targetHints":{"allow":["GET"]}}],"collection":[{"href":"https:\/\/www.safinel.fr\/pt\/wp-json\/wp\/v2\/product"}],"about":[{"href":"https:\/\/www.safinel.fr\/pt\/wp-json\/wp\/v2\/types\/product"}],"wp:featuredmedia":[{"embeddable":true,"href":"https:\/\/www.safinel.fr\/pt\/wp-json\/wp\/v2\/media\/6863"}],"wp:attachment":[{"href":"https:\/\/www.safinel.fr\/pt\/wp-json\/wp\/v2\/media?parent=6862"}],"wp:term":[{"taxonomy":"product_brand","embeddable":true,"href":"https:\/\/www.safinel.fr\/pt\/wp-json\/wp\/v2\/product_brand?post=6862"},{"taxonomy":"product_cat","embeddable":true,"href":"https:\/\/www.safinel.fr\/pt\/wp-json\/wp\/v2\/product_cat?post=6862"},{"taxonomy":"product_tag","embeddable":true,"href":"https:\/\/www.safinel.fr\/pt\/wp-json\/wp\/v2\/product_tag?post=6862"}],"curies":[{"name":"wp","href":"https:\/\/api.w.org\/{rel}","templated":true}]}}