{"id":6847,"date":"2023-07-02T18:11:37","date_gmt":"2023-07-02T18:11:37","guid":{"rendered":"https:\/\/www.safinel.fr\/?post_type=product&#038;p=6847"},"modified":"2023-12-30T11:52:59","modified_gmt":"2023-12-30T11:52:59","slug":"oleo-de-abacate","status":"publish","type":"product","link":"https:\/\/www.safinel.fr\/pt\/product-2\/oleo-de-abacate\/","title":{"rendered":"\u00d3leo de abacate 30 ml"},"content":{"rendered":"<p><strong>\u00d3leo de abacate<\/strong>, extra\u00edda da polpa do fruto, \u00e9 reconhecida pelas suas\u00a0<strong>benef\u00edcios para a pele e o cabelo<\/strong>\u00a0gra\u00e7as \u00e0 sua riqueza em vitaminas, \u00e1cidos gordos essenciais e antioxidantes. Descubra tudo o que precisa saber sobre este \u00f3leo natural e como utiliz\u00e1-lo no dia a dia para aproveitar os seus in\u00fameros benef\u00edcios.<\/p>\n<h2><strong>As propriedades e benef\u00edcios do \u00f3leo de abacate<\/strong><\/h2>\n<p>Rico em nutrientes essenciais, nomeadamente em\u00a0<strong>vitaminas A, B, E, K e \u00f3mega-3.<\/strong><\/p>\n<p><strong>O \u00f3leo de abacate tem propriedades hidratantes, nutritivas, regeneradoras e antienvelhecimento para a pele e o cabelo:<\/strong><\/p>\n<ul>\n<li><strong>Hidratante<\/strong>\u00a0: gra\u00e7as aos \u00e1cidos gordos essenciais que cont\u00e9m. O \u00f3leo de abacate penetra facilmente na pele e forma uma pel\u00edcula protetora que ret\u00e9m a \u00e1gua e previne a desidrata\u00e7\u00e3o cut\u00e2nea.<\/li>\n<li><strong>Nutritivo<\/strong>\u00a0: rica em vitaminas, fornece \u00e0 pele e ao cabelo os nutrientes necess\u00e1rios para se manterem saud\u00e1veis.<\/li>\n<li><strong>Regenerador<\/strong>\u00a0: este \u00f3leo natural promove a regenera\u00e7\u00e3o celular e melhora a elasticidade da pele. Isso ajuda a reduzir os sinais da idade e as estrias.<\/li>\n<li><strong>Antienvelhecimento<\/strong>\u00a0: os seus antioxidantes naturais protegem a pele contra os radicais livres respons\u00e1veis pelo envelhecimento precoce da pele.<\/li>\n<\/ul>\n<h2><strong>As utiliza\u00e7\u00f5es do \u00f3leo de abacate na cosm\u00e9tica<\/strong><\/h2>\n<p>O \u00f3leo de abacate pode ser usado sozinho ou misturado com outros \u00f3leos vegetais para criar cuidados adequados \u00e0s necessidades espec\u00edficas de cada tipo de pele:<\/p>\n<h3><strong>Receitas a conhecer<\/strong><\/h3>\n<ul>\n<li><strong>Cuidados faciais<\/strong><\/li>\n<\/ul>\n<p>O \u00f3leo de abacate \u00e9 ideal para nutrir e hidratar a pele do rosto. Especialmente em climas frios ou quando a pele est\u00e1 exposta a agress\u00f5es externas. Pode ser aplicado diariamente como s\u00e9rum ou creme de noite. Para isso, massageie algumas gotas no rosto limpo e ainda h\u00famido.<\/p>\n<p>Em combina\u00e7\u00e3o com \u00f3leo de rosa mosqueta, \u00e9 um excelente tratamento antirrugas e regenerador para peles maduras ou danificadas. Para aproveitar ao m\u00e1ximo os seus benef\u00edcios, recomenda-se usar \u00f3leo de abacate virgem, n\u00e3o refinado e org\u00e2nico.<\/p>\n<ul>\n<li><strong>Cuidados com o cabelo<\/strong><\/li>\n<\/ul>\n<p>Gra\u00e7as ao seu teor em vitaminas e \u00e1cidos gordos essenciais, o \u00f3leo de abacate \u00e9 ideal para cabelos secos, quebradi\u00e7os ou danificados. Pode ser utilizado em <a href=\"https:\/\/www.safinel.fr\/pt\/banho-de-oleo-para-cabelos-afro\/\"><strong>banho de \u00f3leo<\/strong><\/a> antes do champ\u00f4. Aplicar generosamente nos comprimentos e pontas e deixar atuar durante 30 minutos a v\u00e1rias horas sob uma toalha quente.<\/p>\n<p>Al\u00e9m da sua a\u00e7\u00e3o nutritiva, tamb\u00e9m promove o crescimento do cabelo e fortalece-o gra\u00e7as \u00e0s suas propriedades estimulantes para o couro cabeludo.<\/p>\n<p>Para otimizar esses efeitos, \u00e9 poss\u00edvel misturar algumas gotas de \u00f3leo de abacate com <a href=\"https:\/\/www.safinel.fr\/pt\/product-2\/oleo-de-carapate\/\"><strong>\u00f3leo de r\u00edcino<\/strong><\/a>, conhecida por acelerar o crescimento do cabelo e dar-lhe volume.<\/p>\n<ul>\n<li><strong>Cuidados com o corpo<\/strong><\/li>\n<\/ul>\n<p>O \u00f3leo de abacate tamb\u00e9m pode ser usado para hidratar e suavizar a pele do corpo ap\u00f3s o banho ou durante massagens. Al\u00e9m disso, ajuda a prevenir e atenuar as estrias, especialmente durante a gravidez. Isto deve-se \u00e0 sua capacidade de melhorar a elasticidade da pele. Para isso, basta aplicar diariamente \u00f3leo de abacate puro ou misturado com \u00f3leo de coco nas \u00e1reas afetadas (barriga, coxas, ancas).<\/p>\n<h3><strong>Comprar \u00f3leo de abacate em safinel.fr: qualidade e seguran\u00e7a garantidas<\/strong><\/h3>\n<p>Para aproveitar todos os benef\u00edcios do \u00f3leo de abacate, \u00e9 essencial escolher um \u00f3leo de qualidade superior, virgem, n\u00e3o refinado e proveniente da agricultura biol\u00f3gica. Na safinel.fr, oferecemos uma gama de\u2019<strong>\u00f3leos de abacate 100% puros e naturais em embalagens de 30 ml<\/strong>, ideais para todas as suas utiliza\u00e7\u00f5es cosm\u00e9ticas.<\/p>\n<p>Os nossos \u00f3leos de abacate s\u00e3o cuidadosamente selecionados para lhe oferecer o melhor da natureza para a sua beleza e bem-estar. S\u00e3o\u00a0<strong>sem conservantes, sem parabenos nem silicones.<\/strong><\/p>\n<p>A sua fabrica\u00e7\u00e3o respeita as normas europeias em vigor para garantir a sua rastreabilidade e inocuidade.<\/p>\n<p>Confie na safinel.fr para comprar este \u00f3leo natural de qualidade. Aproveite as suas in\u00fameras propriedades ben\u00e9ficas para a pele e o cabelo.<\/p>\n<p>N\u00e3o hesite em consultar o nosso cat\u00e1logo online para descobrir todos os nossos produtos naturais e biol\u00f3gicos dedicados \u00e0 beleza natural.<\/p>","protected":false},"excerpt":{"rendered":"<p><strong>\u00d3leo de abacate<\/strong>, extra\u00edda da polpa do fruto, \u00e9 reconhecida pelas suas\u00a0<strong>benef\u00edcios para a pele e o cabelo<\/strong>\u00a0gra\u00e7as \u00e0 sua riqueza em vitaminas, \u00e1cidos gordos essenciais e antioxidantes.<\/p>\n<p><img decoding=\"async\" class=\"size-full wp-image-5091 aligncenter\" src=\"https:\/\/www.safinel.fr\/wp-content\/uploads\/2021\/06\/BANNIERE-ICONE-SAFINEL.webp\" alt=\"resseguro satinado\" width=\"800\" height=\"200\" srcset=\"https:\/\/www.safinel.fr\/wp-content\/uploads\/2021\/06\/BANNIERE-ICONE-SAFINEL.webp 800w, https:\/\/www.safinel.fr\/wp-content\/uploads\/2021\/06\/BANNIERE-ICONE-SAFINEL-600x150.webp 600w, https:\/\/www.safinel.fr\/wp-content\/uploads\/2021\/06\/BANNIERE-ICONE-SAFINEL-768x192.webp 768w\" sizes=\"(max-width: 800px) 100vw, 800px\" \/><\/p>","protected":false},"featured_media":6849,"template":"","meta":[],"product_brand":[],"product_cat":[122],"product_tag":[],"class_list":{"0":"post-6847","1":"product","2":"type-product","3":"status-publish","4":"has-post-thumbnail","6":"product_cat-huile-vegetale","8":"first","9":"instock","10":"shipping-taxable","11":"purchasable","12":"product-type-simple"},"yoast_head":"<!-- This site is optimized with the Yoast SEO plugin v26.6 - https:\/\/yoast.com\/wordpress\/plugins\/seo\/ -->\n<title>Huile d&#039;avocat | Huile naturelle | Bienfaits nombreux<\/title>\n<meta name=\"description\" content=\"L&#039;huile d&#039;avocat, extraite \u00e0 partir de la pulpe du fruit, est reconnue pour ses\u00a0bienfaits sur la peau et les cheveux. Adoptez-l\u00e0 sans plus attendre !\" \/>\n<meta name=\"robots\" content=\"index, follow, max-snippet:-1, max-image-preview:large, max-video-preview:-1\" \/>\n<link rel=\"canonical\" href=\"https:\/\/www.safinel.fr\/pt\/product-2\/oleo-de-abacate\/\" \/>\n<meta property=\"og:locale\" content=\"pt_PT\" \/>\n<meta property=\"og:type\" content=\"article\" \/>\n<meta property=\"og:title\" content=\"Huile d&#039;avocat | Huile naturelle | Bienfaits nombreux\" \/>\n<meta property=\"og:description\" content=\"L&#039;huile d&#039;avocat, extraite \u00e0 partir de la pulpe du fruit, est reconnue pour ses\u00a0bienfaits sur la peau et les cheveux. Adoptez-l\u00e0 sans plus attendre !\" \/>\n<meta property=\"og:url\" content=\"https:\/\/www.safinel.fr\/pt\/product-2\/oleo-de-abacate\/\" \/>\n<meta property=\"og:site_name\" content=\"Safinel\" \/>\n<meta property=\"article:modified_time\" content=\"2023-12-30T11:52:59+00:00\" \/>\n<meta property=\"og:image\" content=\"https:\/\/www.safinel.fr\/wp-content\/uploads\/2023\/07\/huile-davocat-naturelle.jpg\" \/>\n\t<meta property=\"og:image:width\" content=\"600\" \/>\n\t<meta property=\"og:image:height\" content=\"600\" \/>\n\t<meta property=\"og:image:type\" content=\"image\/jpeg\" \/>\n<meta name=\"twitter:card\" content=\"summary_large_image\" \/>\n<meta name=\"twitter:label1\" content=\"Tempo estimado de leitura\" \/>\n\t<meta name=\"twitter:data1\" content=\"4 minutos\" \/>\n<script type=\"application\/ld+json\" class=\"yoast-schema-graph\">{\"@context\":\"https:\/\/schema.org\",\"@graph\":[{\"@type\":\"WebPage\",\"@id\":\"https:\/\/www.safinel.fr\/produit\/huile-davocat\/\",\"url\":\"https:\/\/www.safinel.fr\/produit\/huile-davocat\/\",\"name\":\"Huile d'avocat | Huile naturelle | Bienfaits nombreux\",\"isPartOf\":{\"@id\":\"https:\/\/www.safinel.fr\/#website\"},\"primaryImageOfPage\":{\"@id\":\"https:\/\/www.safinel.fr\/produit\/huile-davocat\/#primaryimage\"},\"image\":{\"@id\":\"https:\/\/www.safinel.fr\/produit\/huile-davocat\/#primaryimage\"},\"thumbnailUrl\":\"https:\/\/www.safinel.fr\/wp-content\/uploads\/2023\/07\/huile-davocat-naturelle.jpg\",\"datePublished\":\"2023-07-02T18:11:37+00:00\",\"dateModified\":\"2023-12-30T11:52:59+00:00\",\"description\":\"L'huile d'avocat, extraite \u00e0 partir de la pulpe du fruit, est reconnue pour ses\u00a0bienfaits sur la peau et les cheveux. Adoptez-l\u00e0 sans plus attendre !\",\"breadcrumb\":{\"@id\":\"https:\/\/www.safinel.fr\/produit\/huile-davocat\/#breadcrumb\"},\"inLanguage\":\"pt-PT\",\"potentialAction\":[{\"@type\":\"ReadAction\",\"target\":[\"https:\/\/www.safinel.fr\/produit\/huile-davocat\/\"]}]},{\"@type\":\"ImageObject\",\"inLanguage\":\"pt-PT\",\"@id\":\"https:\/\/www.safinel.fr\/produit\/huile-davocat\/#primaryimage\",\"url\":\"https:\/\/www.safinel.fr\/wp-content\/uploads\/2023\/07\/huile-davocat-naturelle.jpg\",\"contentUrl\":\"https:\/\/www.safinel.fr\/wp-content\/uploads\/2023\/07\/huile-davocat-naturelle.jpg\",\"width\":600,\"height\":600,\"caption\":\"Huile d\u2019avocat 30ml\"},{\"@type\":\"BreadcrumbList\",\"@id\":\"https:\/\/www.safinel.fr\/produit\/huile-davocat\/#breadcrumb\",\"itemListElement\":[{\"@type\":\"ListItem\",\"position\":1,\"name\":\"Accueil\",\"item\":\"https:\/\/www.safinel.fr\/\"},{\"@type\":\"ListItem\",\"position\":2,\"name\":\"Boutique\",\"item\":\"https:\/\/www.safinel.fr\/boutique\/\"},{\"@type\":\"ListItem\",\"position\":3,\"name\":\"Huile d&#8217;avocat 30ml\"}]},{\"@type\":\"WebSite\",\"@id\":\"https:\/\/www.safinel.fr\/#website\",\"url\":\"https:\/\/www.safinel.fr\/\",\"name\":\"Safinel\",\"description\":\"\",\"publisher\":{\"@id\":\"https:\/\/www.safinel.fr\/#organization\"},\"potentialAction\":[{\"@type\":\"SearchAction\",\"target\":{\"@type\":\"EntryPoint\",\"urlTemplate\":\"https:\/\/www.safinel.fr\/?s={search_term_string}\"},\"query-input\":{\"@type\":\"PropertyValueSpecification\",\"valueRequired\":true,\"valueName\":\"search_term_string\"}}],\"inLanguage\":\"pt-PT\"},{\"@type\":\"Organization\",\"@id\":\"https:\/\/www.safinel.fr\/#organization\",\"name\":\"Safinel\",\"url\":\"https:\/\/www.safinel.fr\/\",\"logo\":{\"@type\":\"ImageObject\",\"inLanguage\":\"pt-PT\",\"@id\":\"https:\/\/www.safinel.fr\/#\/schema\/logo\/image\/\",\"url\":\"https:\/\/www.safinel.fr\/wp-content\/uploads\/2021\/05\/boutique-cosmetique.png\",\"contentUrl\":\"https:\/\/www.safinel.fr\/wp-content\/uploads\/2021\/05\/boutique-cosmetique.png\",\"width\":800,\"height\":200,\"caption\":\"Safinel\"},\"image\":{\"@id\":\"https:\/\/www.safinel.fr\/#\/schema\/logo\/image\/\"}}]}<\/script>\n<!-- \/ Yoast SEO plugin. -->","yoast_head_json":{"title":"\u00d3leo de abacate | \u00d3leo natural | In\u00fameros benef\u00edcios","description":"O \u00f3leo de abacate, extra\u00eddo da polpa da fruta, \u00e9 conhecido pelos seus benef\u00edcios para a pele e o cabelo. Adote-o sem mais demora!","robots":{"index":"index","follow":"follow","max-snippet":"max-snippet:-1","max-image-preview":"max-image-preview:large","max-video-preview":"max-video-preview:-1"},"canonical":"https:\/\/www.safinel.fr\/pt\/product-2\/oleo-de-abacate\/","og_locale":"pt_PT","og_type":"article","og_title":"Huile d'avocat | Huile naturelle | Bienfaits nombreux","og_description":"L'huile d'avocat, extraite \u00e0 partir de la pulpe du fruit, est reconnue pour ses\u00a0bienfaits sur la peau et les cheveux. Adoptez-l\u00e0 sans plus attendre !","og_url":"https:\/\/www.safinel.fr\/pt\/product-2\/oleo-de-abacate\/","og_site_name":"Safinel","article_modified_time":"2023-12-30T11:52:59+00:00","og_image":[{"width":600,"height":600,"url":"https:\/\/www.safinel.fr\/wp-content\/uploads\/2023\/07\/huile-davocat-naturelle.jpg","type":"image\/jpeg"}],"twitter_card":"summary_large_image","twitter_misc":{"Tempo estimado de leitura":"4 minutos"},"schema":{"@context":"https:\/\/schema.org","@graph":[{"@type":"WebPage","@id":"https:\/\/www.safinel.fr\/produit\/huile-davocat\/","url":"https:\/\/www.safinel.fr\/produit\/huile-davocat\/","name":"\u00d3leo de abacate | \u00d3leo natural | In\u00fameros benef\u00edcios","isPartOf":{"@id":"https:\/\/www.safinel.fr\/#website"},"primaryImageOfPage":{"@id":"https:\/\/www.safinel.fr\/produit\/huile-davocat\/#primaryimage"},"image":{"@id":"https:\/\/www.safinel.fr\/produit\/huile-davocat\/#primaryimage"},"thumbnailUrl":"https:\/\/www.safinel.fr\/wp-content\/uploads\/2023\/07\/huile-davocat-naturelle.jpg","datePublished":"2023-07-02T18:11:37+00:00","dateModified":"2023-12-30T11:52:59+00:00","description":"O \u00f3leo de abacate, extra\u00eddo da polpa da fruta, \u00e9 conhecido pelos seus benef\u00edcios para a pele e o cabelo. Adote-o sem mais demora!","breadcrumb":{"@id":"https:\/\/www.safinel.fr\/produit\/huile-davocat\/#breadcrumb"},"inLanguage":"pt-PT","potentialAction":[{"@type":"ReadAction","target":["https:\/\/www.safinel.fr\/produit\/huile-davocat\/"]}]},{"@type":"ImageObject","inLanguage":"pt-PT","@id":"https:\/\/www.safinel.fr\/produit\/huile-davocat\/#primaryimage","url":"https:\/\/www.safinel.fr\/wp-content\/uploads\/2023\/07\/huile-davocat-naturelle.jpg","contentUrl":"https:\/\/www.safinel.fr\/wp-content\/uploads\/2023\/07\/huile-davocat-naturelle.jpg","width":600,"height":600,"caption":"Huile d\u2019avocat 30ml"},{"@type":"BreadcrumbList","@id":"https:\/\/www.safinel.fr\/produit\/huile-davocat\/#breadcrumb","itemListElement":[{"@type":"ListItem","position":1,"name":"Accueil","item":"https:\/\/www.safinel.fr\/"},{"@type":"ListItem","position":2,"name":"Boutique","item":"https:\/\/www.safinel.fr\/boutique\/"},{"@type":"ListItem","position":3,"name":"Huile d&#8217;avocat 30ml"}]},{"@type":"WebSite","@id":"https:\/\/www.safinel.fr\/#website","url":"https:\/\/www.safinel.fr\/","name":"Safinel","description":"","publisher":{"@id":"https:\/\/www.safinel.fr\/#organization"},"potentialAction":[{"@type":"SearchAction","target":{"@type":"EntryPoint","urlTemplate":"https:\/\/www.safinel.fr\/?s={search_term_string}"},"query-input":{"@type":"PropertyValueSpecification","valueRequired":true,"valueName":"search_term_string"}}],"inLanguage":"pt-PT"},{"@type":"Organization","@id":"https:\/\/www.safinel.fr\/#organization","name":"Safinel","url":"https:\/\/www.safinel.fr\/","logo":{"@type":"ImageObject","inLanguage":"pt-PT","@id":"https:\/\/www.safinel.fr\/#\/schema\/logo\/image\/","url":"https:\/\/www.safinel.fr\/wp-content\/uploads\/2021\/05\/boutique-cosmetique.png","contentUrl":"https:\/\/www.safinel.fr\/wp-content\/uploads\/2021\/05\/boutique-cosmetique.png","width":800,"height":200,"caption":"Safinel"},"image":{"@id":"https:\/\/www.safinel.fr\/#\/schema\/logo\/image\/"}}]}},"_links":{"self":[{"href":"https:\/\/www.safinel.fr\/pt\/wp-json\/wp\/v2\/product\/6847","targetHints":{"allow":["GET"]}}],"collection":[{"href":"https:\/\/www.safinel.fr\/pt\/wp-json\/wp\/v2\/product"}],"about":[{"href":"https:\/\/www.safinel.fr\/pt\/wp-json\/wp\/v2\/types\/product"}],"wp:featuredmedia":[{"embeddable":true,"href":"https:\/\/www.safinel.fr\/pt\/wp-json\/wp\/v2\/media\/6849"}],"wp:attachment":[{"href":"https:\/\/www.safinel.fr\/pt\/wp-json\/wp\/v2\/media?parent=6847"}],"wp:term":[{"taxonomy":"product_brand","embeddable":true,"href":"https:\/\/www.safinel.fr\/pt\/wp-json\/wp\/v2\/product_brand?post=6847"},{"taxonomy":"product_cat","embeddable":true,"href":"https:\/\/www.safinel.fr\/pt\/wp-json\/wp\/v2\/product_cat?post=6847"},{"taxonomy":"product_tag","embeddable":true,"href":"https:\/\/www.safinel.fr\/pt\/wp-json\/wp\/v2\/product_tag?post=6847"}],"curies":[{"name":"wp","href":"https:\/\/api.w.org\/{rel}","templated":true}]}}