{"id":6701,"date":"2023-06-25T17:53:29","date_gmt":"2023-06-25T17:53:29","guid":{"rendered":"https:\/\/www.safinel.fr\/?post_type=product&#038;p=6701"},"modified":"2023-12-30T11:55:02","modified_gmt":"2023-12-30T11:55:02","slug":"cha-para-menstruacoes-dolorosas","status":"publish","type":"product","link":"https:\/\/www.safinel.fr\/pt\/product-2\/cha-para-menstruacoes-dolorosas\/","title":{"rendered":"Ch\u00e1 para menstrua\u00e7\u00f5es dolorosas 100 g"},"content":{"rendered":"<p>As menstrua\u00e7\u00f5es dolorosas, tamb\u00e9m conhecidas como dismenorreia, s\u00e3o um problema recorrente em muitas mulheres. Se faz parte das que sofrem durante esse per\u00edodo, saiba que existe uma solu\u00e7\u00e3o natural: o ch\u00e1 para menstrua\u00e7\u00f5es dolorosas. Aqui, apresentaremos os benef\u00edcios desses ch\u00e1s e como compr\u00e1-los na loja online Safinel.fr.<\/p>\n<h2><strong>O que \u00e9 dismenorreia e quais s\u00e3o os seus sintomas?<\/strong><\/h2>\n<p>Dismenorreia \u00e9 o termo m\u00e9dico usado para descrever as dores sentidas durante a menstrua\u00e7\u00e3o. Essas dores podem ser t\u00e3o intensas que levam algumas mulheres a ficar temporariamente incapacitadas de realizar as atividades di\u00e1rias.<\/p>\n<p><strong>Os sintomas mais comuns incluem:<\/strong><\/p>\n<ul>\n<li>C\u00e3ibras na regi\u00e3o abdominal inferior e\/ou nas costas,<\/li>\n<li>N\u00e1useas,<\/li>\n<li>Cansa\u00e7o,<\/li>\n<li>Dores de cabe\u00e7a,<\/li>\n<li>Sensibilidade mam\u00e1ria aumentada,<\/li>\n<li>Irritabilidade ou altera\u00e7\u00f5es de humor.<\/li>\n<\/ul>\n<h2><strong>Ch\u00e1s de ervas para menstrua\u00e7\u00f5es dolorosas: uma alternativa natural<\/strong><\/h2>\n<p>Quando se trata de dores menstruais, pode ser tentador recorrer aos analg\u00e9sicos dispon\u00edveis nas farm\u00e1cias. No entanto, essas solu\u00e7\u00f5es podem, por vezes, causar efeitos secund\u00e1rios indesej\u00e1veis. \u00c9 por isso que vale a pena considerar alternativas naturais, como ch\u00e1s para dores menstruais.<\/p>\n<h3><strong>As plantas utilizadas nestas infus\u00f5es<\/strong><\/h3>\n<p>V\u00e1rias plantas s\u00e3o conhecidas pelas suas propriedades calmantes e anti-inflamat\u00f3rias, ideais para aliviar as dores menstruais:<\/p>\n<ul>\n<li><strong>A camomila<\/strong>\u00a0: esta planta tem propriedades antiespasm\u00f3dicas e calmantes que ajudam a diminuir as c\u00f3licas,<\/li>\n<li><a href=\"https:\/\/www.safinel.fr\/pt\/product-2\/mil-folhas\/\"><strong>A mil-folhas<\/strong><\/a>\u00a0: possui propriedades anti-inflamat\u00f3rias e analg\u00e9sicas que reduzem a dor,<\/li>\n<li><strong>O gengibre<\/strong>\u00a0: gra\u00e7as \u00e0s suas propriedades anti-inflamat\u00f3rias, ajuda a acalmar as dores e a reduzir as n\u00e1useas.,<\/li>\n<li><strong>A verbena<\/strong>\u00a0: \u00e9 conhecida por relaxar os m\u00fasculos e aliviar os espasmos.<\/li>\n<\/ul>\n<p>Ao consumir regularmente estas infus\u00f5es, poder\u00e1 notar uma melhoria significativa nas suas dores menstruais. Al\u00e9m disso, estas plantas t\u00eam outros benef\u00edcios para a sa\u00fade em geral, o que torna o seu consumo ainda mais atraente.<\/p>\n<h2><strong>Compre uma infus\u00e3o para menstrua\u00e7\u00f5es dolorosas em Safinel.fr<\/strong><\/h2>\n<p>Para aproveitar ao m\u00e1ximo os benef\u00edcios das tisanas para menstrua\u00e7\u00f5es dolorosas, \u00e9 importante escolher produtos naturais e de qualidade. A loja online Safinel.fr atende a esses crit\u00e9rios e permite que compre com confian\u00e7a a sua tisana para menstrua\u00e7\u00f5es dolorosas.<\/p>\n<ul>\n<li><strong>Uma ampla variedade de ch\u00e1s de ervas<\/strong><\/li>\n<\/ul>\n<p>A Safinel.fr oferece uma variedade de infus\u00f5es para menstrua\u00e7\u00f5es dolorosas, para que cada pessoa possa encontrar a que melhor se adapta \u00e0s suas necessidades. Poder\u00e1 descobrir diferentes composi\u00e7\u00f5es, com gengibre, camomila ou mil-folhas, por exemplo. Todas estas infus\u00f5es s\u00e3o elaboradas a partir de ingredientes naturais e cuidadosamente selecionados pelas suas propriedades calmantes.<\/p>\n<ul>\n<li><strong>Qualidade garantida<\/strong><\/li>\n<\/ul>\n<p>Ao comprar a sua tisana para c\u00f3licas menstruais dolorosas em Safinel.fr, tem a garantia de um produto de qualidade. As plantas utilizadas nas composi\u00e7\u00f5es s\u00e3o provenientes da agricultura biol\u00f3gica e cumprem as normas em vigor. Al\u00e9m disso, Safinel.fr compromete-se a n\u00e3o utilizar quaisquer subst\u00e2ncias qu\u00edmicas, conservantes ou corantes artificiais nas suas tisanas, para preservar ao m\u00e1ximo os benef\u00edcios das plantas.<\/p>\n<ul>\n<li><strong>Entrega r\u00e1pida e segura<\/strong><\/li>\n<\/ul>\n<p>Encomendar a sua tisana para c\u00f3licas menstruais no Safinel.fr tamb\u00e9m significa beneficiar de uma entrega r\u00e1pida e segura. O site oferece v\u00e1rios m\u00e9todos de entrega, de acordo com as suas necessidades e localiza\u00e7\u00e3o. Assim, poder\u00e1 receber a sua tisana diretamente em casa, com toda a tranquilidade.<\/p>\n<h2><strong>Como preparar e consumir a sua tisana para menstrua\u00e7\u00f5es dolorosas?<\/strong><\/h2>\n<p>Para aproveitar ao m\u00e1ximo os benef\u00edcios da sua infus\u00e3o para dores menstruais, \u00e9 essencial prepar\u00e1-la corretamente.<\/p>\n<p><strong>Aqui est\u00e3o algumas dicas:<\/strong><\/p>\n<ol>\n<li>Ferva uma quantidade de \u00e1gua adequada ao tamanho da sua ch\u00e1vena ou bule.,<\/li>\n<li>Em seguida, adicione as ervas secas da sua infus\u00e3o (cerca de 1 colher de sopa por ch\u00e1vena),<\/li>\n<li>Deixe em infus\u00e3o durante 5 a 10 minutos, dependendo da intensidade desejada.,<\/li>\n<li>Filtre as plantas e saboreie a sua infus\u00e3o sem adicionar a\u00e7\u00facar, para n\u00e3o alterar os benef\u00edcios das plantas.<\/li>\n<\/ol>\n<p>Recomenda-se beber 2 a 3 ch\u00e1venas por dia desde o in\u00edcio dos sintomas at\u00e9 ao fim da menstrua\u00e7\u00e3o. Tamb\u00e9m pode consumir estas infus\u00f5es como medida preventiva, alguns dias antes do in\u00edcio da menstrua\u00e7\u00e3o.<\/p>\n<h3><strong>Para concluir<\/strong><\/h3>\n<p>As tisanas para menstrua\u00e7\u00f5es dolorosas s\u00e3o uma solu\u00e7\u00e3o natural e eficaz para aliviar as dores menstruais. Gra\u00e7as ao Safinel.fr, pode comprar com toda a confian\u00e7a tisanas de qualidade e beneficiar de uma entrega r\u00e1pida e segura. N\u00e3o espere mais para descobrir os benef\u00edcios destas tisanas e melhorar o seu conforto durante este per\u00edodo muitas vezes dif\u00edcil.<\/p>","protected":false},"excerpt":{"rendered":"<p><strong>Utiliza\u00e7\u00f5es:<\/strong><\/p>\n<ol>\n<li>Ferva uma quantidade de \u00e1gua adequada ao tamanho da sua ch\u00e1vena ou bule.,<\/li>\n<li>Em seguida, adicione as ervas secas da sua infus\u00e3o (cerca de 1 colher de sopa por ch\u00e1vena),<\/li>\n<li>Deixe em infus\u00e3o durante 5 a 10 minutos, dependendo da intensidade desejada.,<\/li>\n<li>Filtre as plantas e saboreie a sua infus\u00e3o sem adicionar a\u00e7\u00facar, para n\u00e3o alterar os benef\u00edcios das plantas.<\/li>\n<\/ol>\n<p><img decoding=\"async\" class=\"size-full wp-image-5091 aligncenter\" src=\"https:\/\/www.safinel.fr\/wp-content\/uploads\/2021\/06\/BANNIERE-ICONE-SAFINEL.webp\" alt=\"resseguro satinado\" width=\"800\" height=\"200\" srcset=\"https:\/\/www.safinel.fr\/wp-content\/uploads\/2021\/06\/BANNIERE-ICONE-SAFINEL.webp 800w, https:\/\/www.safinel.fr\/wp-content\/uploads\/2021\/06\/BANNIERE-ICONE-SAFINEL-600x150.webp 600w, https:\/\/www.safinel.fr\/wp-content\/uploads\/2021\/06\/BANNIERE-ICONE-SAFINEL-768x192.webp 768w\" sizes=\"(max-width: 800px) 100vw, 800px\" \/><\/p>","protected":false},"featured_media":6702,"template":"","meta":[],"product_brand":[],"product_cat":[23,19],"product_tag":[],"class_list":{"0":"post-6701","1":"product","2":"type-product","3":"status-publish","4":"has-post-thumbnail","6":"product_cat-hygiene-feminine","7":"product_cat-thes-tisanes","9":"first","10":"instock","11":"shipping-taxable","12":"purchasable","13":"product-type-simple"},"yoast_head":"<!-- This site is optimized with the Yoast SEO plugin v26.6 - https:\/\/yoast.com\/wordpress\/plugins\/seo\/ -->\n<title>Tisane r\u00e8gles douloureuses | Infusion contre les douleurs de r\u00e8gles<\/title>\n<meta name=\"description\" content=\"Les r\u00e8gles douloureuses, \u00e9galement appel\u00e9es dysm\u00e9norrh\u00e9e, sont un probl\u00e8me r\u00e9current chez de nombreuses femmes. D\u00e9couvrez notre tisane r\u00e8gles douloureuses.\" \/>\n<meta name=\"robots\" content=\"index, follow, max-snippet:-1, max-image-preview:large, max-video-preview:-1\" \/>\n<link rel=\"canonical\" href=\"https:\/\/www.safinel.fr\/pt\/product-2\/cha-para-menstruacoes-dolorosas\/\" \/>\n<meta property=\"og:locale\" content=\"pt_PT\" \/>\n<meta property=\"og:type\" content=\"article\" \/>\n<meta property=\"og:title\" content=\"Tisane r\u00e8gles douloureuses | Infusion contre les douleurs de r\u00e8gles\" \/>\n<meta property=\"og:description\" content=\"Les r\u00e8gles douloureuses, \u00e9galement appel\u00e9es dysm\u00e9norrh\u00e9e, sont un probl\u00e8me r\u00e9current chez de nombreuses femmes. D\u00e9couvrez notre tisane r\u00e8gles douloureuses.\" \/>\n<meta property=\"og:url\" content=\"https:\/\/www.safinel.fr\/pt\/product-2\/cha-para-menstruacoes-dolorosas\/\" \/>\n<meta property=\"og:site_name\" content=\"Safinel\" \/>\n<meta property=\"article:modified_time\" content=\"2023-12-30T11:55:02+00:00\" \/>\n<meta property=\"og:image\" content=\"https:\/\/www.safinel.fr\/wp-content\/uploads\/2023\/06\/tisane-regles-douloureuses.jpg\" \/>\n\t<meta property=\"og:image:width\" content=\"600\" \/>\n\t<meta property=\"og:image:height\" content=\"600\" \/>\n\t<meta property=\"og:image:type\" content=\"image\/jpeg\" \/>\n<meta name=\"twitter:card\" content=\"summary_large_image\" \/>\n<meta name=\"twitter:label1\" content=\"Tempo estimado de leitura\" \/>\n\t<meta name=\"twitter:data1\" content=\"4 minutos\" \/>\n<script type=\"application\/ld+json\" class=\"yoast-schema-graph\">{\"@context\":\"https:\/\/schema.org\",\"@graph\":[{\"@type\":\"WebPage\",\"@id\":\"https:\/\/www.safinel.fr\/produit\/tisane-regles-douloureuses\/\",\"url\":\"https:\/\/www.safinel.fr\/produit\/tisane-regles-douloureuses\/\",\"name\":\"Tisane r\u00e8gles douloureuses | Infusion contre les douleurs de r\u00e8gles\",\"isPartOf\":{\"@id\":\"https:\/\/www.safinel.fr\/#website\"},\"primaryImageOfPage\":{\"@id\":\"https:\/\/www.safinel.fr\/produit\/tisane-regles-douloureuses\/#primaryimage\"},\"image\":{\"@id\":\"https:\/\/www.safinel.fr\/produit\/tisane-regles-douloureuses\/#primaryimage\"},\"thumbnailUrl\":\"https:\/\/www.safinel.fr\/wp-content\/uploads\/2023\/06\/tisane-regles-douloureuses.jpg\",\"datePublished\":\"2023-06-25T17:53:29+00:00\",\"dateModified\":\"2023-12-30T11:55:02+00:00\",\"description\":\"Les r\u00e8gles douloureuses, \u00e9galement appel\u00e9es dysm\u00e9norrh\u00e9e, sont un probl\u00e8me r\u00e9current chez de nombreuses femmes. D\u00e9couvrez notre tisane r\u00e8gles douloureuses.\",\"breadcrumb\":{\"@id\":\"https:\/\/www.safinel.fr\/produit\/tisane-regles-douloureuses\/#breadcrumb\"},\"inLanguage\":\"pt-PT\",\"potentialAction\":[{\"@type\":\"ReadAction\",\"target\":[\"https:\/\/www.safinel.fr\/produit\/tisane-regles-douloureuses\/\"]}]},{\"@type\":\"ImageObject\",\"inLanguage\":\"pt-PT\",\"@id\":\"https:\/\/www.safinel.fr\/produit\/tisane-regles-douloureuses\/#primaryimage\",\"url\":\"https:\/\/www.safinel.fr\/wp-content\/uploads\/2023\/06\/tisane-regles-douloureuses.jpg\",\"contentUrl\":\"https:\/\/www.safinel.fr\/wp-content\/uploads\/2023\/06\/tisane-regles-douloureuses.jpg\",\"width\":600,\"height\":600,\"caption\":\"Tisane r\u00e8gles douloureuses 100g\"},{\"@type\":\"BreadcrumbList\",\"@id\":\"https:\/\/www.safinel.fr\/produit\/tisane-regles-douloureuses\/#breadcrumb\",\"itemListElement\":[{\"@type\":\"ListItem\",\"position\":1,\"name\":\"Accueil\",\"item\":\"https:\/\/www.safinel.fr\/\"},{\"@type\":\"ListItem\",\"position\":2,\"name\":\"Boutique\",\"item\":\"https:\/\/www.safinel.fr\/boutique\/\"},{\"@type\":\"ListItem\",\"position\":3,\"name\":\"Tisane r\u00e8gles douloureuses 100g\"}]},{\"@type\":\"WebSite\",\"@id\":\"https:\/\/www.safinel.fr\/#website\",\"url\":\"https:\/\/www.safinel.fr\/\",\"name\":\"Safinel\",\"description\":\"\",\"publisher\":{\"@id\":\"https:\/\/www.safinel.fr\/#organization\"},\"potentialAction\":[{\"@type\":\"SearchAction\",\"target\":{\"@type\":\"EntryPoint\",\"urlTemplate\":\"https:\/\/www.safinel.fr\/?s={search_term_string}\"},\"query-input\":{\"@type\":\"PropertyValueSpecification\",\"valueRequired\":true,\"valueName\":\"search_term_string\"}}],\"inLanguage\":\"pt-PT\"},{\"@type\":\"Organization\",\"@id\":\"https:\/\/www.safinel.fr\/#organization\",\"name\":\"Safinel\",\"url\":\"https:\/\/www.safinel.fr\/\",\"logo\":{\"@type\":\"ImageObject\",\"inLanguage\":\"pt-PT\",\"@id\":\"https:\/\/www.safinel.fr\/#\/schema\/logo\/image\/\",\"url\":\"https:\/\/www.safinel.fr\/wp-content\/uploads\/2021\/05\/boutique-cosmetique.png\",\"contentUrl\":\"https:\/\/www.safinel.fr\/wp-content\/uploads\/2021\/05\/boutique-cosmetique.png\",\"width\":800,\"height\":200,\"caption\":\"Safinel\"},\"image\":{\"@id\":\"https:\/\/www.safinel.fr\/#\/schema\/logo\/image\/\"}}]}<\/script>\n<!-- \/ Yoast SEO plugin. -->","yoast_head_json":{"title":"Ch\u00e1 para dores menstruais | Infus\u00e3o contra as dores menstruais","description":"As menstrua\u00e7\u00f5es dolorosas, tamb\u00e9m conhecidas como dismenorreia, s\u00e3o um problema recorrente em muitas mulheres. Descubra a nossa infus\u00e3o para menstrua\u00e7\u00f5es dolorosas.","robots":{"index":"index","follow":"follow","max-snippet":"max-snippet:-1","max-image-preview":"max-image-preview:large","max-video-preview":"max-video-preview:-1"},"canonical":"https:\/\/www.safinel.fr\/pt\/product-2\/cha-para-menstruacoes-dolorosas\/","og_locale":"pt_PT","og_type":"article","og_title":"Tisane r\u00e8gles douloureuses | Infusion contre les douleurs de r\u00e8gles","og_description":"Les r\u00e8gles douloureuses, \u00e9galement appel\u00e9es dysm\u00e9norrh\u00e9e, sont un probl\u00e8me r\u00e9current chez de nombreuses femmes. D\u00e9couvrez notre tisane r\u00e8gles douloureuses.","og_url":"https:\/\/www.safinel.fr\/pt\/product-2\/cha-para-menstruacoes-dolorosas\/","og_site_name":"Safinel","article_modified_time":"2023-12-30T11:55:02+00:00","og_image":[{"width":600,"height":600,"url":"https:\/\/www.safinel.fr\/wp-content\/uploads\/2023\/06\/tisane-regles-douloureuses.jpg","type":"image\/jpeg"}],"twitter_card":"summary_large_image","twitter_misc":{"Tempo estimado de leitura":"4 minutos"},"schema":{"@context":"https:\/\/schema.org","@graph":[{"@type":"WebPage","@id":"https:\/\/www.safinel.fr\/produit\/tisane-regles-douloureuses\/","url":"https:\/\/www.safinel.fr\/produit\/tisane-regles-douloureuses\/","name":"Ch\u00e1 para dores menstruais | Infus\u00e3o contra as dores menstruais","isPartOf":{"@id":"https:\/\/www.safinel.fr\/#website"},"primaryImageOfPage":{"@id":"https:\/\/www.safinel.fr\/produit\/tisane-regles-douloureuses\/#primaryimage"},"image":{"@id":"https:\/\/www.safinel.fr\/produit\/tisane-regles-douloureuses\/#primaryimage"},"thumbnailUrl":"https:\/\/www.safinel.fr\/wp-content\/uploads\/2023\/06\/tisane-regles-douloureuses.jpg","datePublished":"2023-06-25T17:53:29+00:00","dateModified":"2023-12-30T11:55:02+00:00","description":"As menstrua\u00e7\u00f5es dolorosas, tamb\u00e9m conhecidas como dismenorreia, s\u00e3o um problema recorrente em muitas mulheres. Descubra a nossa infus\u00e3o para menstrua\u00e7\u00f5es dolorosas.","breadcrumb":{"@id":"https:\/\/www.safinel.fr\/produit\/tisane-regles-douloureuses\/#breadcrumb"},"inLanguage":"pt-PT","potentialAction":[{"@type":"ReadAction","target":["https:\/\/www.safinel.fr\/produit\/tisane-regles-douloureuses\/"]}]},{"@type":"ImageObject","inLanguage":"pt-PT","@id":"https:\/\/www.safinel.fr\/produit\/tisane-regles-douloureuses\/#primaryimage","url":"https:\/\/www.safinel.fr\/wp-content\/uploads\/2023\/06\/tisane-regles-douloureuses.jpg","contentUrl":"https:\/\/www.safinel.fr\/wp-content\/uploads\/2023\/06\/tisane-regles-douloureuses.jpg","width":600,"height":600,"caption":"Tisane r\u00e8gles douloureuses 100g"},{"@type":"BreadcrumbList","@id":"https:\/\/www.safinel.fr\/produit\/tisane-regles-douloureuses\/#breadcrumb","itemListElement":[{"@type":"ListItem","position":1,"name":"Accueil","item":"https:\/\/www.safinel.fr\/"},{"@type":"ListItem","position":2,"name":"Boutique","item":"https:\/\/www.safinel.fr\/boutique\/"},{"@type":"ListItem","position":3,"name":"Tisane r\u00e8gles douloureuses 100g"}]},{"@type":"WebSite","@id":"https:\/\/www.safinel.fr\/#website","url":"https:\/\/www.safinel.fr\/","name":"Safinel","description":"","publisher":{"@id":"https:\/\/www.safinel.fr\/#organization"},"potentialAction":[{"@type":"SearchAction","target":{"@type":"EntryPoint","urlTemplate":"https:\/\/www.safinel.fr\/?s={search_term_string}"},"query-input":{"@type":"PropertyValueSpecification","valueRequired":true,"valueName":"search_term_string"}}],"inLanguage":"pt-PT"},{"@type":"Organization","@id":"https:\/\/www.safinel.fr\/#organization","name":"Safinel","url":"https:\/\/www.safinel.fr\/","logo":{"@type":"ImageObject","inLanguage":"pt-PT","@id":"https:\/\/www.safinel.fr\/#\/schema\/logo\/image\/","url":"https:\/\/www.safinel.fr\/wp-content\/uploads\/2021\/05\/boutique-cosmetique.png","contentUrl":"https:\/\/www.safinel.fr\/wp-content\/uploads\/2021\/05\/boutique-cosmetique.png","width":800,"height":200,"caption":"Safinel"},"image":{"@id":"https:\/\/www.safinel.fr\/#\/schema\/logo\/image\/"}}]}},"_links":{"self":[{"href":"https:\/\/www.safinel.fr\/pt\/wp-json\/wp\/v2\/product\/6701","targetHints":{"allow":["GET"]}}],"collection":[{"href":"https:\/\/www.safinel.fr\/pt\/wp-json\/wp\/v2\/product"}],"about":[{"href":"https:\/\/www.safinel.fr\/pt\/wp-json\/wp\/v2\/types\/product"}],"wp:featuredmedia":[{"embeddable":true,"href":"https:\/\/www.safinel.fr\/pt\/wp-json\/wp\/v2\/media\/6702"}],"wp:attachment":[{"href":"https:\/\/www.safinel.fr\/pt\/wp-json\/wp\/v2\/media?parent=6701"}],"wp:term":[{"taxonomy":"product_brand","embeddable":true,"href":"https:\/\/www.safinel.fr\/pt\/wp-json\/wp\/v2\/product_brand?post=6701"},{"taxonomy":"product_cat","embeddable":true,"href":"https:\/\/www.safinel.fr\/pt\/wp-json\/wp\/v2\/product_cat?post=6701"},{"taxonomy":"product_tag","embeddable":true,"href":"https:\/\/www.safinel.fr\/pt\/wp-json\/wp\/v2\/product_tag?post=6701"}],"curies":[{"name":"wp","href":"https:\/\/api.w.org\/{rel}","templated":true}]}}