{"id":665,"date":"2022-01-08T20:13:23","date_gmt":"2022-01-08T20:13:23","guid":{"rendered":"https:\/\/www.safinel.fr\/?post_type=product&#038;p=665"},"modified":"2025-11-18T10:44:13","modified_gmt":"2025-11-18T10:44:13","slug":"po-de-aicha","status":"publish","type":"product","link":"https:\/\/www.safinel.fr\/pt\/product-2\/po-de-aicha\/","title":{"rendered":"P\u00f3 de Aicha 75 g"},"content":{"rendered":"<p>Todas as mulheres t\u00eam um jardim secreto, e a higiene \u00edntima faz parte dele. No entanto, cuidar dessa regi\u00e3o n\u00e3o \u00e9 algo \u00f3bvio para todas, nem mesmo um h\u00e1bito. A higiene vaginal \u00e9 fundamental para preservar a sa\u00fade, mas tamb\u00e9m para refor\u00e7ar a autoconfian\u00e7a e a feminilidade. Da\u00ed a import\u00e2ncia de saber<strong>\u00a0o P\u00f3 de Aicha.<\/strong><\/p>\n<p>Desconhecido para alguns, um verdadeiro trunfo de charme para outros, vamos descobrir este produto de<strong>\u00a0cuidados \u00edntimos para mulheres\u00a0<\/strong>com benef\u00edcios incr\u00edveis!<\/p>\n<h2><strong>O p\u00f3 de Aicha: queremos saber mais!<\/strong><\/h2>\n<p>Este p\u00f3 misterioso, particularmente conhecido na comunidade africana, \u00e9 frequentemente utilizado nos cuidados p\u00f3s-parto!<\/p>\n<p>Dispon\u00edvel em embalagens reutiliz\u00e1veis de 75 gramas, esta<strong>\u00a0p\u00f3 sem \u00e1lcool<\/strong>\u00a0\u00e9 confeccionada \u00e0 base de\u00a0<strong>alm\u00edscar e p\u00f3 de rosa<\/strong>. Uma adi\u00e7\u00e3o inteligente para dar um aroma agrad\u00e1vel \u00e0 sua flora vaginal, respeitando o seu pH.<\/p>\n<p>Voc\u00ea entendeu bem, essa maravilha \u00e9 um diferencial para limpar e perfumar, mas tamb\u00e9m \u00e9 conhecida por ajudar a cuidar do aparelho feminino.<\/p>\n<p>Muitas vezes, \u00e9 dif\u00edcil para as mulheres encontrar produtos \u00edntimos de qualidade em que possam confiar. Al\u00e9m disso, como a zona \u00edntima feminina \u00e9 muito sens\u00edvel, n\u00e3o deve ser tomada de \u00e2nimo leve, a sua higiene e manuten\u00e7\u00e3o devem ser regulares e irrepreens\u00edveis!<\/p>\n<h2><strong>Quais s\u00e3o os benef\u00edcios do p\u00f3 de Aicha?\u00a0<\/strong><\/h2>\n<p>As mulheres podem enfrentar v\u00e1rios problemas relacionados com as suas partes \u00edntimas, por isso \u00e9 importante falar sobre isso e informar sobre o assunto. Por vezes um tema tabu nas fam\u00edlias,\u00a0<strong>a intimidade feminina<\/strong>\u00a0\u00e9 um facto social real.<\/p>\n<p>Essa \u00e9 uma das raz\u00f5es pelas quais a sua loja online Safinel deseja partilhar consigo o p\u00f3 de Aicha e os seus benef\u00edcios!<\/p>\n<h2><strong>Aperte as partes \u00edntimas:<\/strong><\/h2>\n<p>\u00c9 verdade que algumas mulheres podem sentir um desconforto real na vagina, especialmente ap\u00f3s o parto. Essa sensa\u00e7\u00e3o pode, por vezes, transformar-se num verdadeiro mal-estar e ter, de facto, um impacto nas rela\u00e7\u00f5es sexuais.<\/p>\n<p>\u00c9 importante saber que as partes \u00edntimas da mulher podem apertar naturalmente, ou com exerc\u00edcios para fortalecer o per\u00edneo. Mas tamb\u00e9m gra\u00e7as a produtos que podem ajudar, como o p\u00f3 de Aicha.<\/p>\n<h2><strong>Proporcionar um aroma agrad\u00e1vel\u00a0<\/strong><\/h2>\n<p>Sabe da import\u00e2ncia de cuidar da<strong>\u00a0flora vaginal<\/strong>\u00a0?<\/p>\n<p>Cuidar das suas partes \u00edntimas n\u00e3o consiste apenas em limpar-se rapidamente depois de ir \u00e0 casa de banho. \u00c9 importante cuidar bem das suas partes \u00edntimas, seja para o seu pr\u00f3prio bem-estar ou para o do seu parceiro.<\/p>\n<p>\u00c9 agrad\u00e1vel e gratificante cuidar de si mesmo para aumentar a sua autoconfian\u00e7a.<\/p>\n<p>\u00c9 por estas raz\u00f5es que recomendamos este p\u00f3 \u00edntimo, para ajudar a perfumar e manter a sua higiene feminina.<\/p>\n<h2><strong>O uso do p\u00f3 de Aicha\u00a0<\/strong><\/h2>\n<p>Para uma boa utiliza\u00e7\u00e3o deste cosm\u00e9tico \u00edntimo, recomendamos que tenha \u00e0 m\u00e3o p\u00f3 e \u00e1gua. Isto para diluir e facilitar a aplica\u00e7\u00e3o.<\/p>\n<ol>\n<li>Primeiro, misture 2 colheres de ch\u00e1 num recipiente com 1,5 l de \u00e1gua.<\/li>\n<li>Em seguida, agite para obter uma cor uniforme e uma mistura homog\u00e9nea.<\/li>\n<li>Por fim, poder\u00e1 limpar as suas partes \u00edntimas com esta prepara\u00e7\u00e3o.<\/li>\n<\/ol>\n<p>Recomendamos que complemente esta rotina bebendo diariamente \u00e1gua com infus\u00e3o de\u00a0<a href=\"https:\/\/www.safinel.fr\/pt\/product-2\/raizes-de-vetiver\/\"><strong>khamar\u00e9<\/strong><\/a>. Tamb\u00e9m chamada de raiz de vetiver.<\/p>\n<p>Saiba, al\u00e9m disso, que temos uma ampla variedade de plantas naturais ben\u00e9ficas para a higiene \u00edntima feminina. Por exemplo:\u00a0<strong>o nep nep, o Kacip Fatimah<\/strong>\u00a0ou ainda<strong>\u00a0<a href=\"https:\/\/www.safinel.fr\/pt\/product-2\/fruta-4-costelas-3-pecas\/\">a fruta de 4 lados<\/a>.\u00a0<\/strong><\/p>\n<h3><strong>Precau\u00e7\u00f5es\u00a0<\/strong><\/h3>\n<ul>\n<li>Este produto n\u00e3o substitui a higiene \u00edntima di\u00e1ria.<\/li>\n<li>Al\u00e9m disso, recomendamos que verifique a lista de ingredientes antes da aplica\u00e7\u00e3o, para evitar qualquer risco de alergia.<\/li>\n<li>Por fim, este p\u00f3 \u00edntimo \u00e9 adequado apenas para uso externo.<\/li>\n<\/ul>","protected":false},"excerpt":{"rendered":"<p><img decoding=\"async\" class=\"size-full wp-image-5091 aligncenter\" src=\"https:\/\/www.safinel.fr\/wp-content\/uploads\/2021\/06\/BANNIERE-ICONE-SAFINEL.webp\" alt=\"resseguro satinado\" width=\"800\" height=\"200\" srcset=\"https:\/\/www.safinel.fr\/wp-content\/uploads\/2021\/06\/BANNIERE-ICONE-SAFINEL.webp 800w, https:\/\/www.safinel.fr\/wp-content\/uploads\/2021\/06\/BANNIERE-ICONE-SAFINEL-600x150.webp 600w, https:\/\/www.safinel.fr\/wp-content\/uploads\/2021\/06\/BANNIERE-ICONE-SAFINEL-768x192.webp 768w\" sizes=\"(max-width: 800px) 100vw, 800px\" \/><\/p>","protected":false},"featured_media":666,"template":"","meta":[],"product_brand":[],"product_cat":[23],"product_tag":[],"class_list":{"0":"post-665","1":"product","2":"type-product","3":"status-publish","4":"has-post-thumbnail","6":"product_cat-hygiene-feminine","8":"first","9":"outofstock","10":"sale","11":"shipping-taxable","12":"purchasable","13":"product-type-simple"},"yoast_head":"<!-- This site is optimized with the Yoast SEO plugin v26.6 - https:\/\/yoast.com\/wordpress\/plugins\/seo\/ -->\n<title>Poudre d&#039;Aicha bo\u00eete de 75g | L&#039;alli\u00e9e intime de la femme<\/title>\n<meta name=\"description\" content=\"Votre boutique en ligne Safinel souhaite vous partager la poudre d&#039;Aicha et ses bienfaits ! D\u00e9couvrez-l\u00e0 sans plus attendre !\" \/>\n<meta name=\"robots\" content=\"index, follow, max-snippet:-1, max-image-preview:large, max-video-preview:-1\" \/>\n<link rel=\"canonical\" href=\"https:\/\/www.safinel.fr\/pt\/product-2\/po-de-aicha\/\" \/>\n<meta property=\"og:locale\" content=\"pt_PT\" \/>\n<meta property=\"og:type\" content=\"article\" \/>\n<meta property=\"og:title\" content=\"Poudre d&#039;Aicha bo\u00eete de 75g | L&#039;alli\u00e9e intime de la femme\" \/>\n<meta property=\"og:description\" content=\"Votre boutique en ligne Safinel souhaite vous partager la poudre d&#039;Aicha et ses bienfaits ! D\u00e9couvrez-l\u00e0 sans plus attendre !\" \/>\n<meta property=\"og:url\" content=\"https:\/\/www.safinel.fr\/pt\/product-2\/po-de-aicha\/\" \/>\n<meta property=\"og:site_name\" content=\"Safinel\" \/>\n<meta property=\"article:modified_time\" content=\"2025-11-18T10:44:13+00:00\" \/>\n<meta property=\"og:image\" content=\"https:\/\/www.safinel.fr\/wp-content\/uploads\/2022\/01\/poudre-aicha.jpg\" \/>\n\t<meta property=\"og:image:width\" content=\"600\" \/>\n\t<meta property=\"og:image:height\" content=\"600\" \/>\n\t<meta property=\"og:image:type\" content=\"image\/jpeg\" \/>\n<meta name=\"twitter:card\" content=\"summary_large_image\" \/>\n<meta name=\"twitter:label1\" content=\"Tempo estimado de leitura\" \/>\n\t<meta name=\"twitter:data1\" content=\"4 minutos\" \/>\n<script type=\"application\/ld+json\" class=\"yoast-schema-graph\">{\"@context\":\"https:\/\/schema.org\",\"@graph\":[{\"@type\":\"WebPage\",\"@id\":\"https:\/\/www.safinel.fr\/produit\/poudre-d-aicha\/\",\"url\":\"https:\/\/www.safinel.fr\/produit\/poudre-d-aicha\/\",\"name\":\"Poudre d'Aicha bo\u00eete de 75g | L'alli\u00e9e intime de la femme\",\"isPartOf\":{\"@id\":\"https:\/\/www.safinel.fr\/#website\"},\"primaryImageOfPage\":{\"@id\":\"https:\/\/www.safinel.fr\/produit\/poudre-d-aicha\/#primaryimage\"},\"image\":{\"@id\":\"https:\/\/www.safinel.fr\/produit\/poudre-d-aicha\/#primaryimage\"},\"thumbnailUrl\":\"https:\/\/www.safinel.fr\/wp-content\/uploads\/2022\/01\/poudre-aicha.jpg\",\"datePublished\":\"2022-01-08T20:13:23+00:00\",\"dateModified\":\"2025-11-18T10:44:13+00:00\",\"description\":\"Votre boutique en ligne Safinel souhaite vous partager la poudre d'Aicha et ses bienfaits ! D\u00e9couvrez-l\u00e0 sans plus attendre !\",\"breadcrumb\":{\"@id\":\"https:\/\/www.safinel.fr\/produit\/poudre-d-aicha\/#breadcrumb\"},\"inLanguage\":\"pt-PT\",\"potentialAction\":[{\"@type\":\"ReadAction\",\"target\":[\"https:\/\/www.safinel.fr\/produit\/poudre-d-aicha\/\"]}]},{\"@type\":\"ImageObject\",\"inLanguage\":\"pt-PT\",\"@id\":\"https:\/\/www.safinel.fr\/produit\/poudre-d-aicha\/#primaryimage\",\"url\":\"https:\/\/www.safinel.fr\/wp-content\/uploads\/2022\/01\/poudre-aicha.jpg\",\"contentUrl\":\"https:\/\/www.safinel.fr\/wp-content\/uploads\/2022\/01\/poudre-aicha.jpg\",\"width\":600,\"height\":600,\"caption\":\"Poudre d'Aicha 75g\"},{\"@type\":\"BreadcrumbList\",\"@id\":\"https:\/\/www.safinel.fr\/produit\/poudre-d-aicha\/#breadcrumb\",\"itemListElement\":[{\"@type\":\"ListItem\",\"position\":1,\"name\":\"Accueil\",\"item\":\"https:\/\/www.safinel.fr\/\"},{\"@type\":\"ListItem\",\"position\":2,\"name\":\"Boutique\",\"item\":\"https:\/\/www.safinel.fr\/boutique\/\"},{\"@type\":\"ListItem\",\"position\":3,\"name\":\"Poudre d&rsquo;Aicha 75g\"}]},{\"@type\":\"WebSite\",\"@id\":\"https:\/\/www.safinel.fr\/#website\",\"url\":\"https:\/\/www.safinel.fr\/\",\"name\":\"Safinel\",\"description\":\"\",\"publisher\":{\"@id\":\"https:\/\/www.safinel.fr\/#organization\"},\"potentialAction\":[{\"@type\":\"SearchAction\",\"target\":{\"@type\":\"EntryPoint\",\"urlTemplate\":\"https:\/\/www.safinel.fr\/?s={search_term_string}\"},\"query-input\":{\"@type\":\"PropertyValueSpecification\",\"valueRequired\":true,\"valueName\":\"search_term_string\"}}],\"inLanguage\":\"pt-PT\"},{\"@type\":\"Organization\",\"@id\":\"https:\/\/www.safinel.fr\/#organization\",\"name\":\"Safinel\",\"url\":\"https:\/\/www.safinel.fr\/\",\"logo\":{\"@type\":\"ImageObject\",\"inLanguage\":\"pt-PT\",\"@id\":\"https:\/\/www.safinel.fr\/#\/schema\/logo\/image\/\",\"url\":\"https:\/\/www.safinel.fr\/wp-content\/uploads\/2021\/05\/boutique-cosmetique.png\",\"contentUrl\":\"https:\/\/www.safinel.fr\/wp-content\/uploads\/2021\/05\/boutique-cosmetique.png\",\"width\":800,\"height\":200,\"caption\":\"Safinel\"},\"image\":{\"@id\":\"https:\/\/www.safinel.fr\/#\/schema\/logo\/image\/\"}}]}<\/script>\n<!-- \/ Yoast SEO plugin. -->","yoast_head_json":{"title":"P\u00f3 de Aicha, embalagem de 75 g | A aliada \u00edntima da mulher","description":"A sua loja online Safinel deseja partilhar consigo o p\u00f3 de Aicha e os seus benef\u00edcios! Descubra-o sem mais demora!","robots":{"index":"index","follow":"follow","max-snippet":"max-snippet:-1","max-image-preview":"max-image-preview:large","max-video-preview":"max-video-preview:-1"},"canonical":"https:\/\/www.safinel.fr\/pt\/product-2\/po-de-aicha\/","og_locale":"pt_PT","og_type":"article","og_title":"Poudre d'Aicha bo\u00eete de 75g | L'alli\u00e9e intime de la femme","og_description":"Votre boutique en ligne Safinel souhaite vous partager la poudre d'Aicha et ses bienfaits ! D\u00e9couvrez-l\u00e0 sans plus attendre !","og_url":"https:\/\/www.safinel.fr\/pt\/product-2\/po-de-aicha\/","og_site_name":"Safinel","article_modified_time":"2025-11-18T10:44:13+00:00","og_image":[{"width":600,"height":600,"url":"https:\/\/www.safinel.fr\/wp-content\/uploads\/2022\/01\/poudre-aicha.jpg","type":"image\/jpeg"}],"twitter_card":"summary_large_image","twitter_misc":{"Tempo estimado de leitura":"4 minutos"},"schema":{"@context":"https:\/\/schema.org","@graph":[{"@type":"WebPage","@id":"https:\/\/www.safinel.fr\/produit\/poudre-d-aicha\/","url":"https:\/\/www.safinel.fr\/produit\/poudre-d-aicha\/","name":"P\u00f3 de Aicha, embalagem de 75 g | A aliada \u00edntima da mulher","isPartOf":{"@id":"https:\/\/www.safinel.fr\/#website"},"primaryImageOfPage":{"@id":"https:\/\/www.safinel.fr\/produit\/poudre-d-aicha\/#primaryimage"},"image":{"@id":"https:\/\/www.safinel.fr\/produit\/poudre-d-aicha\/#primaryimage"},"thumbnailUrl":"https:\/\/www.safinel.fr\/wp-content\/uploads\/2022\/01\/poudre-aicha.jpg","datePublished":"2022-01-08T20:13:23+00:00","dateModified":"2025-11-18T10:44:13+00:00","description":"A sua loja online Safinel deseja partilhar consigo o p\u00f3 de Aicha e os seus benef\u00edcios! Descubra-o sem mais demora!","breadcrumb":{"@id":"https:\/\/www.safinel.fr\/produit\/poudre-d-aicha\/#breadcrumb"},"inLanguage":"pt-PT","potentialAction":[{"@type":"ReadAction","target":["https:\/\/www.safinel.fr\/produit\/poudre-d-aicha\/"]}]},{"@type":"ImageObject","inLanguage":"pt-PT","@id":"https:\/\/www.safinel.fr\/produit\/poudre-d-aicha\/#primaryimage","url":"https:\/\/www.safinel.fr\/wp-content\/uploads\/2022\/01\/poudre-aicha.jpg","contentUrl":"https:\/\/www.safinel.fr\/wp-content\/uploads\/2022\/01\/poudre-aicha.jpg","width":600,"height":600,"caption":"Poudre d'Aicha 75g"},{"@type":"BreadcrumbList","@id":"https:\/\/www.safinel.fr\/produit\/poudre-d-aicha\/#breadcrumb","itemListElement":[{"@type":"ListItem","position":1,"name":"Accueil","item":"https:\/\/www.safinel.fr\/"},{"@type":"ListItem","position":2,"name":"Boutique","item":"https:\/\/www.safinel.fr\/boutique\/"},{"@type":"ListItem","position":3,"name":"Poudre d&rsquo;Aicha 75g"}]},{"@type":"WebSite","@id":"https:\/\/www.safinel.fr\/#website","url":"https:\/\/www.safinel.fr\/","name":"Safinel","description":"","publisher":{"@id":"https:\/\/www.safinel.fr\/#organization"},"potentialAction":[{"@type":"SearchAction","target":{"@type":"EntryPoint","urlTemplate":"https:\/\/www.safinel.fr\/?s={search_term_string}"},"query-input":{"@type":"PropertyValueSpecification","valueRequired":true,"valueName":"search_term_string"}}],"inLanguage":"pt-PT"},{"@type":"Organization","@id":"https:\/\/www.safinel.fr\/#organization","name":"Safinel","url":"https:\/\/www.safinel.fr\/","logo":{"@type":"ImageObject","inLanguage":"pt-PT","@id":"https:\/\/www.safinel.fr\/#\/schema\/logo\/image\/","url":"https:\/\/www.safinel.fr\/wp-content\/uploads\/2021\/05\/boutique-cosmetique.png","contentUrl":"https:\/\/www.safinel.fr\/wp-content\/uploads\/2021\/05\/boutique-cosmetique.png","width":800,"height":200,"caption":"Safinel"},"image":{"@id":"https:\/\/www.safinel.fr\/#\/schema\/logo\/image\/"}}]}},"_links":{"self":[{"href":"https:\/\/www.safinel.fr\/pt\/wp-json\/wp\/v2\/product\/665","targetHints":{"allow":["GET"]}}],"collection":[{"href":"https:\/\/www.safinel.fr\/pt\/wp-json\/wp\/v2\/product"}],"about":[{"href":"https:\/\/www.safinel.fr\/pt\/wp-json\/wp\/v2\/types\/product"}],"wp:featuredmedia":[{"embeddable":true,"href":"https:\/\/www.safinel.fr\/pt\/wp-json\/wp\/v2\/media\/666"}],"wp:attachment":[{"href":"https:\/\/www.safinel.fr\/pt\/wp-json\/wp\/v2\/media?parent=665"}],"wp:term":[{"taxonomy":"product_brand","embeddable":true,"href":"https:\/\/www.safinel.fr\/pt\/wp-json\/wp\/v2\/product_brand?post=665"},{"taxonomy":"product_cat","embeddable":true,"href":"https:\/\/www.safinel.fr\/pt\/wp-json\/wp\/v2\/product_cat?post=665"},{"taxonomy":"product_tag","embeddable":true,"href":"https:\/\/www.safinel.fr\/pt\/wp-json\/wp\/v2\/product_tag?post=665"}],"curies":[{"name":"wp","href":"https:\/\/api.w.org\/{rel}","templated":true}]}}