{"id":663,"date":"2022-01-08T17:48:31","date_gmt":"2022-01-08T17:48:31","guid":{"rendered":"https:\/\/www.safinel.fr\/?post_type=product&#038;p=663"},"modified":"2025-06-09T13:26:10","modified_gmt":"2025-06-09T13:26:10","slug":"diamante-kiss","status":"publish","type":"product","link":"https:\/\/www.safinel.fr\/pt\/product-2\/diamante-kiss\/","title":{"rendered":"Diamante Kiss"},"content":{"rendered":"<p>Psssst! Voc\u00ea sabe guardar um segredo? Se a resposta for n\u00e3o, ent\u00e3o, tudo bem. Porque o <strong>Diamante Kiss<\/strong> \u00e9 um segredo que se partilha discretamente. \u00c9 o tema que anima as conversas \u00edntimas entre amigas e faz parte dos pequenos conselhos bem-intencionados que podemos dar umas \u00e0s outras.<\/p>\n<p>O nome n\u00e3o lhe diz nada? No entanto, ele pode muito bem tornar-se o seu doce preferido!<\/p>\n<h2><strong>O Diamante Kiss: uma pequena joia afrodis\u00edaca\u00a0<\/strong><\/h2>\n<p>J\u00e1 recorreu aos <strong>afrodis\u00edacos<\/strong> ? Se n\u00e3o for o caso, saiba que est\u00e1 a perder algo! Na verdade, os <strong>estimulantes sexuais<\/strong> s\u00e3o uma solu\u00e7\u00e3o original e f\u00e1cil de aplicar no dia a dia, para dar um pequeno impulso \u00e0 sua <strong>vida \u00edntima.<\/strong> E a nossa pequena joia chamada Diamant Kiss faz, de facto, parte dela!<\/p>\n<p>Ele se apresenta na forma de um pequeno frasco contendo doces, geralmente de cor branca. Tamb\u00e9m chamado de \u00ab\u00a0<strong>pequeno bandido<\/strong>\u00a0\u00bb, o seu nome evocativo, at\u00e9 mesmo um pouco provocador, d\u00e1-nos algumas pistas sobre a sua utiliza\u00e7\u00e3o.<\/p>\n<p>Assim, este <strong>excitante<\/strong> \u00e9 usado especificamente pelas mulheres. Muito comum na Ar\u00e1bia, por um lado, mas tamb\u00e9m em \u00c1frica, \u00e9 um verdadeiro \u00absegredo feminino\u00bb!<\/p>\n<h2><strong>Quais s\u00e3o os efeitos do pequeno bandido?\u00a0<\/strong><\/h2>\n<p>Os <strong>comprimidos de Diamant kiss <\/strong>devem ser usados especificamente antes da rela\u00e7\u00e3o sexual. S\u00e3o atribu\u00eddos v\u00e1rios benef\u00edcios a este produto:<\/p>\n<ul>\n<li>Eles t\u00eam a reputa\u00e7\u00e3o de tornar a mulher \u00abmais doce\u00bb e muito mais agrad\u00e1vel durante a rela\u00e7\u00e3o; ;<\/li>\n<li>Al\u00e9m disso, tal como a <a href=\"https:\/\/www.safinel.fr\/pt\/product-2\/shatavari-100-g\/\"><strong>planta Shatavari<\/strong><\/a>, o pequeno bandido seria \u00fatil para combater a secura vaginal; ;<\/li>\n<li>Por fim, esse trunfo de sedu\u00e7\u00e3o permite dar um toque de tempero durante a rela\u00e7\u00e3o sexual e, assim, seduzir o seu parceiro.<\/li>\n<\/ul>\n<p>Este <strong>doce afrodis\u00edaco<\/strong> permitiria, portanto, que permanecesse nos pensamentos do seu c\u00f4njuge...<\/p>\n<h2><strong>Afrodis\u00edacos para uma vida sexual plena\u00a0<\/strong><\/h2>\n<p><strong>Excitante, afrodis\u00edaco, estimulante sexual<\/strong>... existem, de facto, muitas denomina\u00e7\u00f5es para designar os produtos \u00fateis para uma vida sexual mais plena.<\/p>\n<p>A nossa loja online Safinel oferece uma ampla variedade de <strong>produtos para a intimidade.\u00a0<\/strong><\/p>\n<p>As mulheres poder\u00e3o assim<strong> aumentar a sua libido<\/strong> e aproveitar ao m\u00e1ximo durante as rela\u00e7\u00f5es com o <a href=\"https:\/\/www.safinel.fr\/pt\/product-2\/colar-apertar\/\"><strong>Colocar<\/strong><\/a>. Da mesma forma que <a href=\"https:\/\/www.safinel.fr\/pt\/product-2\/po-de-nep-nep\/\"><strong>o p\u00f3 de Nep Nep<\/strong><\/a> ser\u00e1 uma aliada para a higiene \u00edntima di\u00e1ria.<\/p>\n<h2><strong>Como consumir o Diamant Kiss?\u00a0<\/strong><\/h2>\n<p>O pequeno bandido se consome por <strong>via oral<\/strong>, tomando 1 a 2 comprimidos 30 minutos a 1 hora antes da rela\u00e7\u00e3o sexual. Pode ser tomado com um copo de \u00e1gua. Mas tamb\u00e9m pode ser dilu\u00eddo numa bebida, como ch\u00e1 ou <strong><a href=\"https:\/\/www.safinel.fr\/pt\/product-2\/kacip-fatimah\/\">ch\u00e1 de Kacip Fatimah<\/a>.<\/strong> Esta \u00faltima \u00e9 especialmente conhecida por ser ben\u00e9fica para as mulheres e a sua intimidade.<\/p>\n<p>Por outro lado, \u00e9 poss\u00edvel utiliz\u00e1-lo por <strong>via vaginal<\/strong>, inserindo um comprimido nas suas partes \u00edntimas. No entanto, aconselhamos que consulte o seu ginecologista antes de utilizar este medicamento desta forma.<\/p>\n<h3><strong>Precau\u00e7\u00f5es e conserva\u00e7\u00e3o\u00a0<\/strong><\/h3>\n<p>Tenha o cuidado de manter este produto fora do alcance das m\u00e3os curiosas das crian\u00e7as. Na verdade, a sua apar\u00eancia de doce pode ser enganadora. Por isso, certifique-se de mant\u00ea-lo em seguran\u00e7a.<\/p>\n<p>Por fim, recomendamos que sempre consulte o seu m\u00e9dico antes de tomar qualquer suplemento alimentar, por mais natural que seja.<\/p>\n<p><strong>Este produto n\u00e3o substitui uma alimenta\u00e7\u00e3o equilibrada nem uma consulta m\u00e9dica em caso de problemas sexuais ou f\u00edsicos.\u00a0<\/strong><\/p>","protected":false},"excerpt":{"rendered":"<p>Psssst ! Savez-vous garder un secret ? Si la r\u00e9ponse est non, alors, cela tombe bien finalement. Car le Diamant Kiss est un secret qui se partage discr\u00e8tement. Il est le sujet qui anime les discussions intimes entre amies, et fait partie des petits conseils bienveillants que l\u2019on peut se donner. Son nom ne vous [&#8230;]","protected":false},"featured_media":664,"template":"","meta":[],"product_brand":[],"product_cat":[23],"product_tag":[],"class_list":{"0":"post-663","1":"product","2":"type-product","3":"status-publish","4":"has-post-thumbnail","6":"product_cat-hygiene-feminine","8":"first","9":"instock","10":"shipping-taxable","11":"purchasable","12":"product-type-simple"},"yoast_head":"<!-- This site is optimized with the Yoast SEO plugin v26.6 - https:\/\/yoast.com\/wordpress\/plugins\/seo\/ -->\n<title>Diamant kiss (petit bandit) | Id\u00e9al pour booster votre vie intime<\/title>\n<meta name=\"description\" content=\"Les comprim\u00e9s de Diamant kiss sont sp\u00e9cifiquement \u00e0 utiliser avant un rapport sexuel. On lui accorde plusieurs avantages. D\u00e9couvrez-le !\" \/>\n<meta name=\"robots\" content=\"index, follow, max-snippet:-1, max-image-preview:large, max-video-preview:-1\" \/>\n<link rel=\"canonical\" href=\"https:\/\/www.safinel.fr\/pt\/product-2\/diamante-kiss\/\" \/>\n<meta property=\"og:locale\" content=\"pt_PT\" \/>\n<meta property=\"og:type\" content=\"article\" \/>\n<meta property=\"og:title\" content=\"Diamant kiss (petit bandit) | Id\u00e9al pour booster votre vie intime\" \/>\n<meta property=\"og:description\" content=\"Les comprim\u00e9s de Diamant kiss sont sp\u00e9cifiquement \u00e0 utiliser avant un rapport sexuel. On lui accorde plusieurs avantages. D\u00e9couvrez-le !\" \/>\n<meta property=\"og:url\" content=\"https:\/\/www.safinel.fr\/pt\/product-2\/diamante-kiss\/\" \/>\n<meta property=\"og:site_name\" content=\"Safinel\" \/>\n<meta property=\"article:modified_time\" content=\"2025-06-09T13:26:10+00:00\" \/>\n<meta property=\"og:image\" content=\"https:\/\/www.safinel.fr\/wp-content\/uploads\/2022\/01\/Diamant-kiss-petit-bandit.jpg\" \/>\n\t<meta property=\"og:image:width\" content=\"600\" \/>\n\t<meta property=\"og:image:height\" content=\"600\" \/>\n\t<meta property=\"og:image:type\" content=\"image\/jpeg\" \/>\n<meta name=\"twitter:card\" content=\"summary_large_image\" \/>\n<meta name=\"twitter:label1\" content=\"Tempo estimado de leitura\" \/>\n\t<meta name=\"twitter:data1\" content=\"3 minutos\" \/>\n<script type=\"application\/ld+json\" class=\"yoast-schema-graph\">{\"@context\":\"https:\/\/schema.org\",\"@graph\":[{\"@type\":\"WebPage\",\"@id\":\"https:\/\/www.safinel.fr\/produit\/diamant-kiss\/\",\"url\":\"https:\/\/www.safinel.fr\/produit\/diamant-kiss\/\",\"name\":\"Diamant kiss (petit bandit) | Id\u00e9al pour booster votre vie intime\",\"isPartOf\":{\"@id\":\"https:\/\/www.safinel.fr\/#website\"},\"primaryImageOfPage\":{\"@id\":\"https:\/\/www.safinel.fr\/produit\/diamant-kiss\/#primaryimage\"},\"image\":{\"@id\":\"https:\/\/www.safinel.fr\/produit\/diamant-kiss\/#primaryimage\"},\"thumbnailUrl\":\"https:\/\/www.safinel.fr\/wp-content\/uploads\/2022\/01\/Diamant-kiss-petit-bandit.jpg\",\"datePublished\":\"2022-01-08T17:48:31+00:00\",\"dateModified\":\"2025-06-09T13:26:10+00:00\",\"description\":\"Les comprim\u00e9s de Diamant kiss sont sp\u00e9cifiquement \u00e0 utiliser avant un rapport sexuel. On lui accorde plusieurs avantages. D\u00e9couvrez-le !\",\"breadcrumb\":{\"@id\":\"https:\/\/www.safinel.fr\/produit\/diamant-kiss\/#breadcrumb\"},\"inLanguage\":\"pt-PT\",\"potentialAction\":[{\"@type\":\"ReadAction\",\"target\":[\"https:\/\/www.safinel.fr\/produit\/diamant-kiss\/\"]}]},{\"@type\":\"ImageObject\",\"inLanguage\":\"pt-PT\",\"@id\":\"https:\/\/www.safinel.fr\/produit\/diamant-kiss\/#primaryimage\",\"url\":\"https:\/\/www.safinel.fr\/wp-content\/uploads\/2022\/01\/Diamant-kiss-petit-bandit.jpg\",\"contentUrl\":\"https:\/\/www.safinel.fr\/wp-content\/uploads\/2022\/01\/Diamant-kiss-petit-bandit.jpg\",\"width\":600,\"height\":600,\"caption\":\"Diamant kiss (petit bandit)\"},{\"@type\":\"BreadcrumbList\",\"@id\":\"https:\/\/www.safinel.fr\/produit\/diamant-kiss\/#breadcrumb\",\"itemListElement\":[{\"@type\":\"ListItem\",\"position\":1,\"name\":\"Accueil\",\"item\":\"https:\/\/www.safinel.fr\/\"},{\"@type\":\"ListItem\",\"position\":2,\"name\":\"Boutique\",\"item\":\"https:\/\/www.safinel.fr\/boutique\/\"},{\"@type\":\"ListItem\",\"position\":3,\"name\":\"Diamant Kiss\"}]},{\"@type\":\"WebSite\",\"@id\":\"https:\/\/www.safinel.fr\/#website\",\"url\":\"https:\/\/www.safinel.fr\/\",\"name\":\"Safinel\",\"description\":\"\",\"publisher\":{\"@id\":\"https:\/\/www.safinel.fr\/#organization\"},\"potentialAction\":[{\"@type\":\"SearchAction\",\"target\":{\"@type\":\"EntryPoint\",\"urlTemplate\":\"https:\/\/www.safinel.fr\/?s={search_term_string}\"},\"query-input\":{\"@type\":\"PropertyValueSpecification\",\"valueRequired\":true,\"valueName\":\"search_term_string\"}}],\"inLanguage\":\"pt-PT\"},{\"@type\":\"Organization\",\"@id\":\"https:\/\/www.safinel.fr\/#organization\",\"name\":\"Safinel\",\"url\":\"https:\/\/www.safinel.fr\/\",\"logo\":{\"@type\":\"ImageObject\",\"inLanguage\":\"pt-PT\",\"@id\":\"https:\/\/www.safinel.fr\/#\/schema\/logo\/image\/\",\"url\":\"https:\/\/www.safinel.fr\/wp-content\/uploads\/2021\/05\/boutique-cosmetique.png\",\"contentUrl\":\"https:\/\/www.safinel.fr\/wp-content\/uploads\/2021\/05\/boutique-cosmetique.png\",\"width\":800,\"height\":200,\"caption\":\"Safinel\"},\"image\":{\"@id\":\"https:\/\/www.safinel.fr\/#\/schema\/logo\/image\/\"}}]}<\/script>\n<!-- \/ Yoast SEO plugin. -->","yoast_head_json":{"title":"Diamant kiss (pequeno bandido) | Ideal para impulsionar a sua vida \u00edntima","description":"Os comprimidos Diamant Kiss devem ser tomados especificamente antes da rela\u00e7\u00e3o sexual. S\u00e3o-lhes atribu\u00eddas v\u00e1rias vantagens. Descubra-as!","robots":{"index":"index","follow":"follow","max-snippet":"max-snippet:-1","max-image-preview":"max-image-preview:large","max-video-preview":"max-video-preview:-1"},"canonical":"https:\/\/www.safinel.fr\/pt\/product-2\/diamante-kiss\/","og_locale":"pt_PT","og_type":"article","og_title":"Diamant kiss (petit bandit) | Id\u00e9al pour booster votre vie intime","og_description":"Les comprim\u00e9s de Diamant kiss sont sp\u00e9cifiquement \u00e0 utiliser avant un rapport sexuel. On lui accorde plusieurs avantages. D\u00e9couvrez-le !","og_url":"https:\/\/www.safinel.fr\/pt\/product-2\/diamante-kiss\/","og_site_name":"Safinel","article_modified_time":"2025-06-09T13:26:10+00:00","og_image":[{"width":600,"height":600,"url":"https:\/\/www.safinel.fr\/wp-content\/uploads\/2022\/01\/Diamant-kiss-petit-bandit.jpg","type":"image\/jpeg"}],"twitter_card":"summary_large_image","twitter_misc":{"Tempo estimado de leitura":"3 minutos"},"schema":{"@context":"https:\/\/schema.org","@graph":[{"@type":"WebPage","@id":"https:\/\/www.safinel.fr\/produit\/diamant-kiss\/","url":"https:\/\/www.safinel.fr\/produit\/diamant-kiss\/","name":"Diamant kiss (pequeno bandido) | Ideal para impulsionar a sua vida \u00edntima","isPartOf":{"@id":"https:\/\/www.safinel.fr\/#website"},"primaryImageOfPage":{"@id":"https:\/\/www.safinel.fr\/produit\/diamant-kiss\/#primaryimage"},"image":{"@id":"https:\/\/www.safinel.fr\/produit\/diamant-kiss\/#primaryimage"},"thumbnailUrl":"https:\/\/www.safinel.fr\/wp-content\/uploads\/2022\/01\/Diamant-kiss-petit-bandit.jpg","datePublished":"2022-01-08T17:48:31+00:00","dateModified":"2025-06-09T13:26:10+00:00","description":"Os comprimidos Diamant Kiss devem ser tomados especificamente antes da rela\u00e7\u00e3o sexual. S\u00e3o-lhes atribu\u00eddas v\u00e1rias vantagens. Descubra-as!","breadcrumb":{"@id":"https:\/\/www.safinel.fr\/produit\/diamant-kiss\/#breadcrumb"},"inLanguage":"pt-PT","potentialAction":[{"@type":"ReadAction","target":["https:\/\/www.safinel.fr\/produit\/diamant-kiss\/"]}]},{"@type":"ImageObject","inLanguage":"pt-PT","@id":"https:\/\/www.safinel.fr\/produit\/diamant-kiss\/#primaryimage","url":"https:\/\/www.safinel.fr\/wp-content\/uploads\/2022\/01\/Diamant-kiss-petit-bandit.jpg","contentUrl":"https:\/\/www.safinel.fr\/wp-content\/uploads\/2022\/01\/Diamant-kiss-petit-bandit.jpg","width":600,"height":600,"caption":"Diamant kiss (petit bandit)"},{"@type":"BreadcrumbList","@id":"https:\/\/www.safinel.fr\/produit\/diamant-kiss\/#breadcrumb","itemListElement":[{"@type":"ListItem","position":1,"name":"Accueil","item":"https:\/\/www.safinel.fr\/"},{"@type":"ListItem","position":2,"name":"Boutique","item":"https:\/\/www.safinel.fr\/boutique\/"},{"@type":"ListItem","position":3,"name":"Diamant Kiss"}]},{"@type":"WebSite","@id":"https:\/\/www.safinel.fr\/#website","url":"https:\/\/www.safinel.fr\/","name":"Safinel","description":"","publisher":{"@id":"https:\/\/www.safinel.fr\/#organization"},"potentialAction":[{"@type":"SearchAction","target":{"@type":"EntryPoint","urlTemplate":"https:\/\/www.safinel.fr\/?s={search_term_string}"},"query-input":{"@type":"PropertyValueSpecification","valueRequired":true,"valueName":"search_term_string"}}],"inLanguage":"pt-PT"},{"@type":"Organization","@id":"https:\/\/www.safinel.fr\/#organization","name":"Safinel","url":"https:\/\/www.safinel.fr\/","logo":{"@type":"ImageObject","inLanguage":"pt-PT","@id":"https:\/\/www.safinel.fr\/#\/schema\/logo\/image\/","url":"https:\/\/www.safinel.fr\/wp-content\/uploads\/2021\/05\/boutique-cosmetique.png","contentUrl":"https:\/\/www.safinel.fr\/wp-content\/uploads\/2021\/05\/boutique-cosmetique.png","width":800,"height":200,"caption":"Safinel"},"image":{"@id":"https:\/\/www.safinel.fr\/#\/schema\/logo\/image\/"}}]}},"_links":{"self":[{"href":"https:\/\/www.safinel.fr\/pt\/wp-json\/wp\/v2\/product\/663","targetHints":{"allow":["GET"]}}],"collection":[{"href":"https:\/\/www.safinel.fr\/pt\/wp-json\/wp\/v2\/product"}],"about":[{"href":"https:\/\/www.safinel.fr\/pt\/wp-json\/wp\/v2\/types\/product"}],"wp:featuredmedia":[{"embeddable":true,"href":"https:\/\/www.safinel.fr\/pt\/wp-json\/wp\/v2\/media\/664"}],"wp:attachment":[{"href":"https:\/\/www.safinel.fr\/pt\/wp-json\/wp\/v2\/media?parent=663"}],"wp:term":[{"taxonomy":"product_brand","embeddable":true,"href":"https:\/\/www.safinel.fr\/pt\/wp-json\/wp\/v2\/product_brand?post=663"},{"taxonomy":"product_cat","embeddable":true,"href":"https:\/\/www.safinel.fr\/pt\/wp-json\/wp\/v2\/product_cat?post=663"},{"taxonomy":"product_tag","embeddable":true,"href":"https:\/\/www.safinel.fr\/pt\/wp-json\/wp\/v2\/product_tag?post=663"}],"curies":[{"name":"wp","href":"https:\/\/api.w.org\/{rel}","templated":true}]}}