{"id":6546,"date":"2023-06-16T18:49:09","date_gmt":"2023-06-16T18:49:09","guid":{"rendered":"https:\/\/www.safinel.fr\/?post_type=product&#038;p=6546"},"modified":"2024-01-04T13:38:18","modified_gmt":"2024-01-04T13:38:18","slug":"epimedium-em-po-e-capsulas","status":"publish","type":"product","link":"https:\/\/www.safinel.fr\/pt\/product-2\/epimedium-em-po-e-capsulas\/","title":{"rendered":"Epimedium (P\u00f3s e c\u00e1psulas)"},"content":{"rendered":"<p>No mundo da medicina natural, o\u2019<strong>epimedium<\/strong>, tamb\u00e9m conhecido como \u00abYin Yang Huo\u00bb na China, est\u00e1 a tornar-se cada vez mais popular devido \u00e0s suas in\u00fameras\u00a0<strong>benef\u00edcios<\/strong>. Esta planta tem sido utilizada h\u00e1 s\u00e9culos na medicina tradicional chinesa para tratar v\u00e1rias doen\u00e7as.<\/p>\n<p>Quer pretenda comprar c\u00e1psulas de epimedium em safinel.fr ou simplesmente saber mais sobre esta planta surpreendente, eis uma vis\u00e3o geral das suas propriedades e benef\u00edcios.<\/p>\n<h2><strong>O que \u00e9 o epimedium?<\/strong><\/h2>\n<p>O\u2019<strong>epimedium<\/strong>\u00a0\u00e9 um g\u00e9nero de plantas que pertence \u00e0 fam\u00edlia das Berberidaceae, compreendendo mais de 60 esp\u00e9cies diferentes. S\u00e3o origin\u00e1rias da China, Jap\u00e3o, Coreia e outras regi\u00f5es da \u00c1sia Oriental.<\/p>\n<p>Estas plantas perenes caracterizam-se pelas suas folhas em forma de cora\u00e7\u00e3o e pelas suas flores coloridas e delicadas.<\/p>\n<p>As folhas, os caules e as flores do epimedium t\u00eam propriedades medicinais e podem ser usados para preparar infus\u00f5es, tinturas e c\u00e1psulas.<\/p>\n<h2><strong>Os principais benef\u00edcios do Yin Yang Huo<\/strong><\/h2>\n<ul>\n<li><strong>Tratamento da impot\u00eancia e melhoria da libido<\/strong><\/li>\n<\/ul>\n<p>Um dos principais usos do epimedium na medicina tradicional \u00e9 o tratamento da\u2019<strong>impot\u00eancia<\/strong>, tamb\u00e9m conhecida como disfun\u00e7\u00e3o er\u00e9til. Os compostos ativos presentes na planta, nomeadamente as icariinas, atuam inibindo a enzima respons\u00e1vel pela degrada\u00e7\u00e3o do \u00f3xido n\u00edtrico, um vasodilatador natural.<\/p>\n<p>Ao aumentar os n\u00edveis de mon\u00f3xido de azoto, o epimedium promove uma melhor circula\u00e7\u00e3o sangu\u00ednea e contribui assim para melhorar o desempenho sexual.<\/p>\n<p>Al\u00e9m disso, o epimedium \u00e9 conhecido por\u00a0<strong>estimular a libido<\/strong>, tanto em homens como em mulheres. \u00c9 frequentemente utilizado como afrodis\u00edaco natural para aumentar a energia sexual e a paix\u00e3o nas rela\u00e7\u00f5es amorosas.<\/p>\n<ul>\n<li><strong>Energia e combate \u00e0 fadiga<\/strong><\/li>\n<\/ul>\n<p>Yin Yang Huo tamb\u00e9m \u00e9 usado para\u00a0<strong>combater a fadiga<\/strong>\u00a0e trazer um novo impulso de energia. Gra\u00e7as \u00e0s suas propriedades adaptog\u00e9nicas, ajuda o organismo a resistir melhor ao stress e a situa\u00e7\u00f5es dif\u00edceis. Al\u00e9m disso, pode contribuir para aumentar a produ\u00e7\u00e3o de trifosfato de adenosina (ATP), uma mol\u00e9cula que fornece energia \u00e0s c\u00e9lulas.<\/p>\n<ul>\n<li><strong>Tratamento da bronquite cr\u00f3nica<\/strong><\/li>\n<\/ul>\n<p>Na medicina tradicional chinesa, o epimedium \u00e9 comumente usado para tratar a\u00a0<strong>bronquite cr\u00f3nica<\/strong>. As suas propriedades anti-inflamat\u00f3rias e expectorantes ajudam a reduzir a inflama\u00e7\u00e3o dos br\u00f4nquios e a facilitar a expuls\u00e3o do muco. Isso ajuda a aliviar os sintomas da bronquite, como tosse, dificuldades respirat\u00f3rias e produ\u00e7\u00e3o excessiva de muco.<\/p>\n<ul>\n<li><strong>Equil\u00edbrio hormonal e regula\u00e7\u00e3o menstrual<\/strong><\/li>\n<\/ul>\n<p>Nas mulheres, o epimedium tamb\u00e9m pode ter um efeito positivo sobre os\u00a0<strong>irregularidades menstruais<\/strong>. De facto, alguns estudos sugerem que pode ajudar a equilibrar os n\u00edveis hormonais femininos. Nomeadamente os estrog\u00e9nios, promovendo assim uma melhor regula\u00e7\u00e3o do <a href=\"https:\/\/www.safinel.fr\/pt\/menstruacoes-dolorosas\/\"><strong>ciclo menstrual<\/strong><\/a>.<\/p>\n<p>\u00c9 comumente usado na medicina tradicional chinesa para tratar dist\u00farbios como menstrua\u00e7\u00e3o irregular, dores menstruais e problemas relacionados \u00e0 menopausa.<\/p>\n<h2><strong>Comprar c\u00e1psulas com p\u00f3 de epimedium em safinel.fr<\/strong><\/h2>\n<p>Se deseja aproveitar todos esses benef\u00edcios, n\u00e3o hesite em comprar\u00a0<strong>c\u00e1psulas de epimedium<\/strong>\u00a0em safinel.fr. Esta forma de suplementa\u00e7\u00e3o \u00e9 muito pr\u00e1tica e permite beneficiar das propriedades medicinais da planta sem ter de preparar infus\u00f5es ou tinturas.<\/p>\n<p>Recomenda-se consultar um profissional de sa\u00fade antes de tomar c\u00e1psulas de epimedium. Especialmente se j\u00e1 estiver a tomar medicamentos ou se sofrer de determinadas condi\u00e7\u00f5es m\u00e9dicas. As c\u00e1psulas de epimedium s\u00e3o geralmente bem toleradas, mas \u00e9 importante respeitar as dosagens indicadas e seguir as recomenda\u00e7\u00f5es de utiliza\u00e7\u00e3o.<\/p>\n<h3><strong>Utiliza\u00e7\u00e3o e dosagem das c\u00e1psulas de epimedium<\/strong><\/h3>\n<p>Os\u00a0<strong>c\u00e1psulas de epimedium<\/strong>\u00a0podem ser tomadas diariamente, com um copo de \u00e1gua, geralmente antes ou depois das refei\u00e7\u00f5es. A dosagem recomendada varia de acordo com as necessidades individuais e o estado de sa\u00fade, mas \u00e9 comum tomar entre 500 e 1000 mg por dia, divididos em duas ou tr\u00eas doses.<\/p>\n<p>\u00c9 importante lembrar que os suplementos \u00e0 base de epimedium n\u00e3o devem substituir um tratamento m\u00e9dico convencional. \u00c9 sempre prefer\u00edvel consultar um profissional de sa\u00fade para obter uma opini\u00e3o personalizada.<\/p>\n<h3><strong>Advert\u00eancia e poss\u00edveis efeitos secund\u00e1rios<\/strong><\/h3>\n<p>Como com qualquer suplemento alimentar, \u00e9 importante ter em conta algumas recomenda\u00e7\u00f5es e informar-se sobre poss\u00edveis\u00a0<strong>efeitos colaterais<\/strong>.<\/p>\n<p><strong>Embora o epimedium seja geralmente bem tolerado, foram relatados alguns casos de efeitos indesej\u00e1veis, tais como:<\/strong><\/p>\n<ul>\n<li>N\u00e1useas e dist\u00farbios digestivos<\/li>\n<li>Tonturas e dores de cabe\u00e7a<\/li>\n<li>Irritabilidade e nervosismo<\/li>\n<\/ul>\n<p>Esses efeitos secund\u00e1rios s\u00e3o raros e, muitas vezes, insignificantes. No entanto, \u00e9 importante estar atento ao tomar c\u00e1psulas de epimedium e consultar um profissional de sa\u00fade em caso de d\u00favida.<\/p>\n<p>Em resumo, o epimedium \u00e9 uma planta com m\u00faltiplas propriedades.\u00a0<strong>benef\u00edcios medicinais<\/strong>. Utilizada h\u00e1 s\u00e9culos na medicina tradicional chinesa, oferece propriedades interessantes para tratar a impot\u00eancia, combater a fadiga, aliviar a bronquite cr\u00f3nica e regular a menstrua\u00e7\u00e3o. As c\u00e1psulas de epimedium dispon\u00edveis em safinel.fr s\u00e3o uma solu\u00e7\u00e3o pr\u00e1tica para beneficiar dessas virtudes naturais.<\/p>","protected":false},"excerpt":{"rendered":"<p><strong>Utiliza\u00e7\u00e3o e dosagem das c\u00e1psulas de epimedium<\/strong><\/p>\n<ul>\n<li>Os\u00a0<strong>c\u00e1psulas de epimedium<\/strong>\u00a0podem ser tomadas diariamente, com um copo de \u00e1gua, geralmente antes ou depois das refei\u00e7\u00f5es.<\/li>\n<li>A dosagem recomendada varia de acordo com as necessidades individuais e o estado de sa\u00fade.<\/li>\n<li>\u00c9 comum tomar entre 500 e 1000 mg por dia, divididos em duas ou tr\u00eas doses.<\/li>\n<\/ul>\n<p><strong>\u00c9 importante lembrar que os suplementos \u00e0 base de epimedium n\u00e3o devem substituir um tratamento m\u00e9dico convencional. \u00c9 sempre prefer\u00edvel consultar um profissional de sa\u00fade para obter uma opini\u00e3o personalizada.<\/strong><\/p>\n<p><img decoding=\"async\" class=\"size-full wp-image-5091 aligncenter\" src=\"https:\/\/www.safinel.fr\/wp-content\/uploads\/2021\/06\/BANNIERE-ICONE-SAFINEL.webp\" alt=\"resseguro satinado\" width=\"800\" height=\"200\" srcset=\"https:\/\/www.safinel.fr\/wp-content\/uploads\/2021\/06\/BANNIERE-ICONE-SAFINEL.webp 800w, https:\/\/www.safinel.fr\/wp-content\/uploads\/2021\/06\/BANNIERE-ICONE-SAFINEL-600x150.webp 600w, https:\/\/www.safinel.fr\/wp-content\/uploads\/2021\/06\/BANNIERE-ICONE-SAFINEL-768x192.webp 768w\" sizes=\"(max-width: 800px) 100vw, 800px\" \/><\/p>","protected":false},"featured_media":6547,"template":"","meta":[],"product_brand":[],"product_cat":[20,108],"product_tag":[],"class_list":{"0":"post-6546","1":"product","2":"type-product","3":"status-publish","4":"has-post-thumbnail","6":"product_cat-gelules","7":"product_cat-plantes-asiatiques","9":"first","10":"instock","11":"shipping-taxable","12":"purchasable","13":"product-type-variable","14":"has-default-attributes"},"yoast_head":"<!-- This site is optimized with the Yoast SEO plugin v26.6 - https:\/\/yoast.com\/wordpress\/plugins\/seo\/ -->\n<title>Epimedium (Yin Yang Huo) | Achat en poudres et g\u00e9lules<\/title>\n<meta name=\"description\" content=\"Dans le monde de la m\u00e9decine naturelle, l&#039;epimedium, \u00e9galement connu sous le nom de &quot;Yin Yang Huo&quot; en Chine, est de plus en plus populaire.\" \/>\n<meta name=\"robots\" content=\"index, follow, max-snippet:-1, max-image-preview:large, max-video-preview:-1\" \/>\n<link rel=\"canonical\" href=\"https:\/\/www.safinel.fr\/pt\/product-2\/epimedium-em-po-e-capsulas\/\" \/>\n<meta property=\"og:locale\" content=\"pt_PT\" \/>\n<meta property=\"og:type\" content=\"article\" \/>\n<meta property=\"og:title\" content=\"Epimedium (Yin Yang Huo) | Achat en poudres et g\u00e9lules\" \/>\n<meta property=\"og:description\" content=\"Dans le monde de la m\u00e9decine naturelle, l&#039;epimedium, \u00e9galement connu sous le nom de &quot;Yin Yang Huo&quot; en Chine, est de plus en plus populaire.\" \/>\n<meta property=\"og:url\" content=\"https:\/\/www.safinel.fr\/pt\/product-2\/epimedium-em-po-e-capsulas\/\" \/>\n<meta property=\"og:site_name\" content=\"Safinel\" \/>\n<meta property=\"article:modified_time\" content=\"2024-01-04T13:38:18+00:00\" \/>\n<meta property=\"og:image\" content=\"https:\/\/www.safinel.fr\/wp-content\/uploads\/2023\/06\/epimedium-gelules.jpg\" \/>\n\t<meta property=\"og:image:width\" content=\"600\" \/>\n\t<meta property=\"og:image:height\" content=\"600\" \/>\n\t<meta property=\"og:image:type\" content=\"image\/jpeg\" \/>\n<meta name=\"twitter:card\" content=\"summary_large_image\" \/>\n<meta name=\"twitter:label1\" content=\"Tempo estimado de leitura\" \/>\n\t<meta name=\"twitter:data1\" content=\"4 minutos\" \/>\n<script type=\"application\/ld+json\" class=\"yoast-schema-graph\">{\"@context\":\"https:\/\/schema.org\",\"@graph\":[{\"@type\":\"WebPage\",\"@id\":\"https:\/\/www.safinel.fr\/produit\/epimedium-poudres-et-gelules\/\",\"url\":\"https:\/\/www.safinel.fr\/produit\/epimedium-poudres-et-gelules\/\",\"name\":\"Epimedium (Yin Yang Huo) | Achat en poudres et g\u00e9lules\",\"isPartOf\":{\"@id\":\"https:\/\/www.safinel.fr\/#website\"},\"primaryImageOfPage\":{\"@id\":\"https:\/\/www.safinel.fr\/produit\/epimedium-poudres-et-gelules\/#primaryimage\"},\"image\":{\"@id\":\"https:\/\/www.safinel.fr\/produit\/epimedium-poudres-et-gelules\/#primaryimage\"},\"thumbnailUrl\":\"https:\/\/www.safinel.fr\/wp-content\/uploads\/2023\/06\/epimedium-gelules.jpg\",\"datePublished\":\"2023-06-16T18:49:09+00:00\",\"dateModified\":\"2024-01-04T13:38:18+00:00\",\"description\":\"Dans le monde de la m\u00e9decine naturelle, l'epimedium, \u00e9galement connu sous le nom de \\\"Yin Yang Huo\\\" en Chine, est de plus en plus populaire.\",\"breadcrumb\":{\"@id\":\"https:\/\/www.safinel.fr\/produit\/epimedium-poudres-et-gelules\/#breadcrumb\"},\"inLanguage\":\"pt-PT\",\"potentialAction\":[{\"@type\":\"ReadAction\",\"target\":[\"https:\/\/www.safinel.fr\/produit\/epimedium-poudres-et-gelules\/\"]}]},{\"@type\":\"ImageObject\",\"inLanguage\":\"pt-PT\",\"@id\":\"https:\/\/www.safinel.fr\/produit\/epimedium-poudres-et-gelules\/#primaryimage\",\"url\":\"https:\/\/www.safinel.fr\/wp-content\/uploads\/2023\/06\/epimedium-gelules.jpg\",\"contentUrl\":\"https:\/\/www.safinel.fr\/wp-content\/uploads\/2023\/06\/epimedium-gelules.jpg\",\"width\":600,\"height\":600,\"caption\":\"epimedium g\u00e9lules\"},{\"@type\":\"BreadcrumbList\",\"@id\":\"https:\/\/www.safinel.fr\/produit\/epimedium-poudres-et-gelules\/#breadcrumb\",\"itemListElement\":[{\"@type\":\"ListItem\",\"position\":1,\"name\":\"Accueil\",\"item\":\"https:\/\/www.safinel.fr\/\"},{\"@type\":\"ListItem\",\"position\":2,\"name\":\"Boutique\",\"item\":\"https:\/\/www.safinel.fr\/boutique\/\"},{\"@type\":\"ListItem\",\"position\":3,\"name\":\"Epimedium (Poudres et g\u00e9lules)\"}]},{\"@type\":\"WebSite\",\"@id\":\"https:\/\/www.safinel.fr\/#website\",\"url\":\"https:\/\/www.safinel.fr\/\",\"name\":\"Safinel\",\"description\":\"\",\"publisher\":{\"@id\":\"https:\/\/www.safinel.fr\/#organization\"},\"potentialAction\":[{\"@type\":\"SearchAction\",\"target\":{\"@type\":\"EntryPoint\",\"urlTemplate\":\"https:\/\/www.safinel.fr\/?s={search_term_string}\"},\"query-input\":{\"@type\":\"PropertyValueSpecification\",\"valueRequired\":true,\"valueName\":\"search_term_string\"}}],\"inLanguage\":\"pt-PT\"},{\"@type\":\"Organization\",\"@id\":\"https:\/\/www.safinel.fr\/#organization\",\"name\":\"Safinel\",\"url\":\"https:\/\/www.safinel.fr\/\",\"logo\":{\"@type\":\"ImageObject\",\"inLanguage\":\"pt-PT\",\"@id\":\"https:\/\/www.safinel.fr\/#\/schema\/logo\/image\/\",\"url\":\"https:\/\/www.safinel.fr\/wp-content\/uploads\/2021\/05\/boutique-cosmetique.png\",\"contentUrl\":\"https:\/\/www.safinel.fr\/wp-content\/uploads\/2021\/05\/boutique-cosmetique.png\",\"width\":800,\"height\":200,\"caption\":\"Safinel\"},\"image\":{\"@id\":\"https:\/\/www.safinel.fr\/#\/schema\/logo\/image\/\"}}]}<\/script>\n<!-- \/ Yoast SEO plugin. -->","yoast_head_json":{"title":"Epimedium (Yin Yang Huo) | Compra em p\u00f3 e c\u00e1psulas","description":"No mundo da medicina natural, o epimedium, tamb\u00e9m conhecido como \"Yin Yang Huo\" na China, est\u00e1 a tornar-se cada vez mais popular.","robots":{"index":"index","follow":"follow","max-snippet":"max-snippet:-1","max-image-preview":"max-image-preview:large","max-video-preview":"max-video-preview:-1"},"canonical":"https:\/\/www.safinel.fr\/pt\/product-2\/epimedium-em-po-e-capsulas\/","og_locale":"pt_PT","og_type":"article","og_title":"Epimedium (Yin Yang Huo) | Achat en poudres et g\u00e9lules","og_description":"Dans le monde de la m\u00e9decine naturelle, l'epimedium, \u00e9galement connu sous le nom de \"Yin Yang Huo\" en Chine, est de plus en plus populaire.","og_url":"https:\/\/www.safinel.fr\/pt\/product-2\/epimedium-em-po-e-capsulas\/","og_site_name":"Safinel","article_modified_time":"2024-01-04T13:38:18+00:00","og_image":[{"width":600,"height":600,"url":"https:\/\/www.safinel.fr\/wp-content\/uploads\/2023\/06\/epimedium-gelules.jpg","type":"image\/jpeg"}],"twitter_card":"summary_large_image","twitter_misc":{"Tempo estimado de leitura":"4 minutos"},"schema":{"@context":"https:\/\/schema.org","@graph":[{"@type":"WebPage","@id":"https:\/\/www.safinel.fr\/produit\/epimedium-poudres-et-gelules\/","url":"https:\/\/www.safinel.fr\/produit\/epimedium-poudres-et-gelules\/","name":"Epimedium (Yin Yang Huo) | Compra em p\u00f3 e c\u00e1psulas","isPartOf":{"@id":"https:\/\/www.safinel.fr\/#website"},"primaryImageOfPage":{"@id":"https:\/\/www.safinel.fr\/produit\/epimedium-poudres-et-gelules\/#primaryimage"},"image":{"@id":"https:\/\/www.safinel.fr\/produit\/epimedium-poudres-et-gelules\/#primaryimage"},"thumbnailUrl":"https:\/\/www.safinel.fr\/wp-content\/uploads\/2023\/06\/epimedium-gelules.jpg","datePublished":"2023-06-16T18:49:09+00:00","dateModified":"2024-01-04T13:38:18+00:00","description":"No mundo da medicina natural, o epimedium, tamb\u00e9m conhecido como \"Yin Yang Huo\" na China, est\u00e1 a tornar-se cada vez mais popular.","breadcrumb":{"@id":"https:\/\/www.safinel.fr\/produit\/epimedium-poudres-et-gelules\/#breadcrumb"},"inLanguage":"pt-PT","potentialAction":[{"@type":"ReadAction","target":["https:\/\/www.safinel.fr\/produit\/epimedium-poudres-et-gelules\/"]}]},{"@type":"ImageObject","inLanguage":"pt-PT","@id":"https:\/\/www.safinel.fr\/produit\/epimedium-poudres-et-gelules\/#primaryimage","url":"https:\/\/www.safinel.fr\/wp-content\/uploads\/2023\/06\/epimedium-gelules.jpg","contentUrl":"https:\/\/www.safinel.fr\/wp-content\/uploads\/2023\/06\/epimedium-gelules.jpg","width":600,"height":600,"caption":"epimedium g\u00e9lules"},{"@type":"BreadcrumbList","@id":"https:\/\/www.safinel.fr\/produit\/epimedium-poudres-et-gelules\/#breadcrumb","itemListElement":[{"@type":"ListItem","position":1,"name":"Accueil","item":"https:\/\/www.safinel.fr\/"},{"@type":"ListItem","position":2,"name":"Boutique","item":"https:\/\/www.safinel.fr\/boutique\/"},{"@type":"ListItem","position":3,"name":"Epimedium (Poudres et g\u00e9lules)"}]},{"@type":"WebSite","@id":"https:\/\/www.safinel.fr\/#website","url":"https:\/\/www.safinel.fr\/","name":"Safinel","description":"","publisher":{"@id":"https:\/\/www.safinel.fr\/#organization"},"potentialAction":[{"@type":"SearchAction","target":{"@type":"EntryPoint","urlTemplate":"https:\/\/www.safinel.fr\/?s={search_term_string}"},"query-input":{"@type":"PropertyValueSpecification","valueRequired":true,"valueName":"search_term_string"}}],"inLanguage":"pt-PT"},{"@type":"Organization","@id":"https:\/\/www.safinel.fr\/#organization","name":"Safinel","url":"https:\/\/www.safinel.fr\/","logo":{"@type":"ImageObject","inLanguage":"pt-PT","@id":"https:\/\/www.safinel.fr\/#\/schema\/logo\/image\/","url":"https:\/\/www.safinel.fr\/wp-content\/uploads\/2021\/05\/boutique-cosmetique.png","contentUrl":"https:\/\/www.safinel.fr\/wp-content\/uploads\/2021\/05\/boutique-cosmetique.png","width":800,"height":200,"caption":"Safinel"},"image":{"@id":"https:\/\/www.safinel.fr\/#\/schema\/logo\/image\/"}}]}},"_links":{"self":[{"href":"https:\/\/www.safinel.fr\/pt\/wp-json\/wp\/v2\/product\/6546","targetHints":{"allow":["GET"]}}],"collection":[{"href":"https:\/\/www.safinel.fr\/pt\/wp-json\/wp\/v2\/product"}],"about":[{"href":"https:\/\/www.safinel.fr\/pt\/wp-json\/wp\/v2\/types\/product"}],"wp:featuredmedia":[{"embeddable":true,"href":"https:\/\/www.safinel.fr\/pt\/wp-json\/wp\/v2\/media\/6547"}],"wp:attachment":[{"href":"https:\/\/www.safinel.fr\/pt\/wp-json\/wp\/v2\/media?parent=6546"}],"wp:term":[{"taxonomy":"product_brand","embeddable":true,"href":"https:\/\/www.safinel.fr\/pt\/wp-json\/wp\/v2\/product_brand?post=6546"},{"taxonomy":"product_cat","embeddable":true,"href":"https:\/\/www.safinel.fr\/pt\/wp-json\/wp\/v2\/product_cat?post=6546"},{"taxonomy":"product_tag","embeddable":true,"href":"https:\/\/www.safinel.fr\/pt\/wp-json\/wp\/v2\/product_tag?post=6546"}],"curies":[{"name":"wp","href":"https:\/\/api.w.org\/{rel}","templated":true}]}}