{"id":6336,"date":"2023-06-02T09:53:06","date_gmt":"2023-06-02T09:53:06","guid":{"rendered":"https:\/\/www.safinel.fr\/?post_type=product&#038;p=6336"},"modified":"2024-02-28T17:06:22","modified_gmt":"2024-02-28T17:06:22","slug":"oleo-de-jujuba","status":"publish","type":"product","link":"https:\/\/www.safinel.fr\/pt\/product-2\/oleo-de-jujuba\/","title":{"rendered":"\u00d3leo de jujubier (Sidr) 30 ml"},"content":{"rendered":"<p>O\u2019<strong>\u00f3leo de jujuba<\/strong>, tamb\u00e9m conhecida como\u2019<strong>\u00f3leo de sidra.<\/strong>\u00a0\u00c9 obtido a partir das sementes da jujuba selvagem (Ziziphus jujuba). Este \u00f3leo precioso \u00e9 utilizado h\u00e1 s\u00e9culos pelos seus in\u00fameros benef\u00edcios para a sa\u00fade, beleza e bem-estar. Descubra em Safinel.fr as propriedades \u00fanicas do \u00f3leo de jujuba e como utiliz\u00e1-lo no dia a dia.<\/p>\n<h2><strong>Propriedades nutricionais do \u00f3leo de jujuba<\/strong><\/h2>\n<p>Rico em nutrientes essenciais, o \u00f3leo de sidr cont\u00e9m, nomeadamente,\u00a0<strong>vitaminas A, C e E<\/strong>, bem como minerais como pot\u00e1ssio, c\u00e1lcio e ferro. \u00c9 tamb\u00e9m uma importante fonte de\u2019<strong>antioxidantes<\/strong>, que ajudam a proteger as c\u00e9lulas contra os danos causados pelos radicais livres.<\/p>\n<h2><strong>Benef\u00edcios para a sa\u00fade do \u00f3leo de jujuba<\/strong><\/h2>\n<ul>\n<li><strong>Tratamento de problemas digestivos<\/strong><\/li>\n<\/ul>\n<p>Uma das principais utiliza\u00e7\u00f5es tradicionais do \u00f3leo de sidr \u00e9 o tratamento de dist\u00farbios digestivos, tais como\u00a0<strong>diarreia, incha\u00e7o e dores de est\u00f4mago<\/strong>. Na verdade, este \u00f3leo possui propriedades antiespasm\u00f3dicas que ajudam a aliviar as dores abdominais e estimular uma digest\u00e3o saud\u00e1vel.<\/p>\n<ul>\n<li><strong>Fortalecimento do sistema imunol\u00f3gico<\/strong><\/li>\n<\/ul>\n<p>Gra\u00e7as \u00e0 sua riqueza em antioxidantes e vitaminas, o \u00f3leo de jujuba contribui para fortalecer o sistema imunol\u00f3gico. Assim, ajuda a prevenir e combater diversas doen\u00e7as.\u00a0<strong>infec\u00e7\u00f5es e doen\u00e7as. <\/strong>Nomeadamente as causadas por bact\u00e9rias, v\u00edrus ou fungos.<\/p>\n<ul>\n<li><strong>Al\u00edvio das dores musculares e articulares<\/strong><\/li>\n<\/ul>\n<p>O \u00f3leo de jujuba tamb\u00e9m possui propriedades anti-inflamat\u00f3rias que podem ajudar a aliviar dores musculares e articulares. A aplica\u00e7\u00e3o de \u00f3leo de sidr nas \u00e1reas doloridas ajuda a reduzir a inflama\u00e7\u00e3o e melhorar a circula\u00e7\u00e3o sangu\u00ednea, promovendo uma recupera\u00e7\u00e3o r\u00e1pida.<\/p>\n<h2><strong>Benef\u00edcios do \u00f3leo para a beleza\u00a0<\/strong><b>sidr<\/b><\/h2>\n<ul>\n<li><strong>Hidrata\u00e7\u00e3o e prote\u00e7\u00e3o da pele<\/strong><\/li>\n<\/ul>\n<p>O \u00f3leo de jujuba \u00e9 um excelente hidratante natural para a pele. Os seus \u00e1cidos gordos essenciais nutrem e protegem a pele contra o ressecamento, irrita\u00e7\u00f5es e os efeitos nocivos dos raios ultravioleta. Al\u00e9m disso, as suas vitaminas e antioxidantes ajudam a prevenir o envelhecimento precoce da pele e a manter o seu brilho.<\/p>\n<ul>\n<li><strong>Melhoria da sa\u00fade capilar<\/strong><\/li>\n<\/ul>\n<p>Este \u00f3leo natural tamb\u00e9m \u00e9 ben\u00e9fico para o cabelo, pois confere brilho e for\u00e7a \u00e0s fibras capilares. Pode ser usado como tratamento para reparar cabelos danificados ou quebradi\u00e7os.<\/p>\n<p>Al\u00e9m disso, estimula o crescimento do cabelo gra\u00e7as \u00e0s suas propriedades antif\u00fangicas e antibacterianas.<\/p>\n<h2><strong>Como usar o \u00f3leo de jujuba no dia a dia?<\/strong><\/h2>\n<h3><strong>Aqui est\u00e3o algumas ideias de utiliza\u00e7\u00e3o para aproveitar ao m\u00e1ximo os seus benef\u00edcios:<\/strong><\/h3>\n<ul>\n<li><strong>Massagem corporal:<\/strong>\u00a0Misture algumas gotas de \u00f3leo de jujuba com um \u00f3leo vegetal neutro (como \u00f3leo de am\u00eandoa doce). Massageie o corpo para aliviar as tens\u00f5es musculares e articulares.<\/li>\n<li><strong>Cuidados faciais:<\/strong>\u00a0Aplique uma pequena quantidade de \u00f3leo de sidr no rosto e pesco\u00e7o ap\u00f3s limpar e tonificar a pele, para ajudar a mant\u00ea-la hidratada e protegida.<\/li>\n<li><strong>M\u00e1scara capilar:<\/strong>\u00a0Misture o \u00f3leo de jujuba com outros \u00f3leos nutritivos (como <a href=\"https:\/\/www.safinel.fr\/pt\/product-2\/oleo-vegetal-de-coco-extra-virgem-certificado-como-organico-100-ml\/\"><strong>\u00f3leo de coco<\/strong><\/a> ou <strong>\u00f3leo de arg\u00e3o<\/strong>), aplique a mistura no cabelo e deixe agir por pelo menos 30 minutos antes de enxaguar com \u00e1gua morna e lavar o cabelo como de costume.<\/li>\n<li><strong>Banho relaxante:<\/strong>\u00a0Adicione algumas gotas de \u00f3leo de jujuba \u00e0 \u00e1gua do seu <a href=\"https:\/\/www.safinel.fr\/pt\/banho-de-oleo-para-cabelos-afro\/\"><strong>banho<\/strong><\/a>. Aproveite um momento de relaxamento enquanto cuida da sua pele e dos seus m\u00fasculos.<\/li>\n<\/ul>\n<p>Em resumo, o\u2019<strong>\u00f3leo de jujuba<\/strong>\u00a0\u00e9 um aliado valioso para a sa\u00fade e a beleza. Isso gra\u00e7as \u00e0s suas propriedades nutritivas, antioxidantes e anti-inflamat\u00f3rias. Incorporar este \u00f3leo na sua rotina di\u00e1ria permitir\u00e1 que voc\u00ea aproveite seus in\u00fameros benef\u00edcios e se sinta em harmonia com o seu corpo e a sua mente.<\/p>","protected":false},"excerpt":{"rendered":"<p><strong>Alguns benef\u00edcios:<\/strong><\/p>\n<p>Rico em nutrientes essenciais, o \u00f3leo de jujuba cont\u00e9m, nomeadamente,\u00a0<strong>vitaminas A, C e E<\/strong>, bem como minerais como pot\u00e1ssio, c\u00e1lcio e ferro.<\/p>\n<p><img decoding=\"async\" class=\"size-full wp-image-5091 aligncenter\" src=\"https:\/\/www.safinel.fr\/wp-content\/uploads\/2021\/06\/BANNIERE-ICONE-SAFINEL.webp\" alt=\"resseguro satinado\" width=\"800\" height=\"200\" srcset=\"https:\/\/www.safinel.fr\/wp-content\/uploads\/2021\/06\/BANNIERE-ICONE-SAFINEL.webp 800w, https:\/\/www.safinel.fr\/wp-content\/uploads\/2021\/06\/BANNIERE-ICONE-SAFINEL-600x150.webp 600w, https:\/\/www.safinel.fr\/wp-content\/uploads\/2021\/06\/BANNIERE-ICONE-SAFINEL-768x192.webp 768w\" sizes=\"(max-width: 800px) 100vw, 800px\" \/><\/p>","protected":false},"featured_media":6337,"template":"","meta":[],"product_brand":[],"product_cat":[122],"product_tag":[],"class_list":{"0":"post-6336","1":"product","2":"type-product","3":"status-publish","4":"has-post-thumbnail","6":"product_cat-huile-vegetale","8":"first","9":"instock","10":"shipping-taxable","11":"purchasable","12":"product-type-simple"},"yoast_head":"<!-- This site is optimized with the Yoast SEO plugin v26.6 - https:\/\/yoast.com\/wordpress\/plugins\/seo\/ -->\n<title>Huile de jujubier (Sidr) I Huile naturelle I Achat &amp; bienfaits en ligne<\/title>\n<meta name=\"description\" content=\"L&#039;huile de jujubier, \u00e9galement connue sous le nom d&#039;huile de sidr, est obtenue \u00e0 partir des graines du jujubier sauvage (Ziziphus jujuba).\" \/>\n<meta name=\"robots\" content=\"index, follow, max-snippet:-1, max-image-preview:large, max-video-preview:-1\" \/>\n<link rel=\"canonical\" href=\"https:\/\/www.safinel.fr\/pt\/product-2\/oleo-de-jujuba\/\" \/>\n<meta property=\"og:locale\" content=\"pt_PT\" \/>\n<meta property=\"og:type\" content=\"article\" \/>\n<meta property=\"og:title\" content=\"Huile de jujubier (Sidr) I Huile naturelle I Achat &amp; bienfaits en ligne\" \/>\n<meta property=\"og:description\" content=\"L&#039;huile de jujubier, \u00e9galement connue sous le nom d&#039;huile de sidr, est obtenue \u00e0 partir des graines du jujubier sauvage (Ziziphus jujuba).\" \/>\n<meta property=\"og:url\" content=\"https:\/\/www.safinel.fr\/pt\/product-2\/oleo-de-jujuba\/\" \/>\n<meta property=\"og:site_name\" content=\"Safinel\" \/>\n<meta property=\"article:modified_time\" content=\"2024-02-28T17:06:22+00:00\" \/>\n<meta property=\"og:image\" content=\"https:\/\/www.safinel.fr\/wp-content\/uploads\/2023\/06\/huile-de-jujubier-sidr.jpg\" \/>\n\t<meta property=\"og:image:width\" content=\"600\" \/>\n\t<meta property=\"og:image:height\" content=\"600\" \/>\n\t<meta property=\"og:image:type\" content=\"image\/jpeg\" \/>\n<meta name=\"twitter:card\" content=\"summary_large_image\" \/>\n<meta name=\"twitter:label1\" content=\"Tempo estimado de leitura\" \/>\n\t<meta name=\"twitter:data1\" content=\"3 minutos\" \/>\n<script type=\"application\/ld+json\" class=\"yoast-schema-graph\">{\"@context\":\"https:\/\/schema.org\",\"@graph\":[{\"@type\":\"WebPage\",\"@id\":\"https:\/\/www.safinel.fr\/produit\/huile-de-jujubier\/\",\"url\":\"https:\/\/www.safinel.fr\/produit\/huile-de-jujubier\/\",\"name\":\"Huile de jujubier (Sidr) I Huile naturelle I Achat & bienfaits en ligne\",\"isPartOf\":{\"@id\":\"https:\/\/www.safinel.fr\/#website\"},\"primaryImageOfPage\":{\"@id\":\"https:\/\/www.safinel.fr\/produit\/huile-de-jujubier\/#primaryimage\"},\"image\":{\"@id\":\"https:\/\/www.safinel.fr\/produit\/huile-de-jujubier\/#primaryimage\"},\"thumbnailUrl\":\"https:\/\/www.safinel.fr\/wp-content\/uploads\/2023\/06\/huile-de-jujubier-sidr.jpg\",\"datePublished\":\"2023-06-02T09:53:06+00:00\",\"dateModified\":\"2024-02-28T17:06:22+00:00\",\"description\":\"L'huile de jujubier, \u00e9galement connue sous le nom d'huile de sidr, est obtenue \u00e0 partir des graines du jujubier sauvage (Ziziphus jujuba).\",\"breadcrumb\":{\"@id\":\"https:\/\/www.safinel.fr\/produit\/huile-de-jujubier\/#breadcrumb\"},\"inLanguage\":\"pt-PT\",\"potentialAction\":[{\"@type\":\"ReadAction\",\"target\":[\"https:\/\/www.safinel.fr\/produit\/huile-de-jujubier\/\"]}]},{\"@type\":\"ImageObject\",\"inLanguage\":\"pt-PT\",\"@id\":\"https:\/\/www.safinel.fr\/produit\/huile-de-jujubier\/#primaryimage\",\"url\":\"https:\/\/www.safinel.fr\/wp-content\/uploads\/2023\/06\/huile-de-jujubier-sidr.jpg\",\"contentUrl\":\"https:\/\/www.safinel.fr\/wp-content\/uploads\/2023\/06\/huile-de-jujubier-sidr.jpg\",\"width\":600,\"height\":600,\"caption\":\"Huile de jujubier\"},{\"@type\":\"BreadcrumbList\",\"@id\":\"https:\/\/www.safinel.fr\/produit\/huile-de-jujubier\/#breadcrumb\",\"itemListElement\":[{\"@type\":\"ListItem\",\"position\":1,\"name\":\"Accueil\",\"item\":\"https:\/\/www.safinel.fr\/\"},{\"@type\":\"ListItem\",\"position\":2,\"name\":\"Boutique\",\"item\":\"https:\/\/www.safinel.fr\/boutique\/\"},{\"@type\":\"ListItem\",\"position\":3,\"name\":\"Huile de jujubier (Sidr) 30ml\"}]},{\"@type\":\"WebSite\",\"@id\":\"https:\/\/www.safinel.fr\/#website\",\"url\":\"https:\/\/www.safinel.fr\/\",\"name\":\"Safinel\",\"description\":\"\",\"publisher\":{\"@id\":\"https:\/\/www.safinel.fr\/#organization\"},\"potentialAction\":[{\"@type\":\"SearchAction\",\"target\":{\"@type\":\"EntryPoint\",\"urlTemplate\":\"https:\/\/www.safinel.fr\/?s={search_term_string}\"},\"query-input\":{\"@type\":\"PropertyValueSpecification\",\"valueRequired\":true,\"valueName\":\"search_term_string\"}}],\"inLanguage\":\"pt-PT\"},{\"@type\":\"Organization\",\"@id\":\"https:\/\/www.safinel.fr\/#organization\",\"name\":\"Safinel\",\"url\":\"https:\/\/www.safinel.fr\/\",\"logo\":{\"@type\":\"ImageObject\",\"inLanguage\":\"pt-PT\",\"@id\":\"https:\/\/www.safinel.fr\/#\/schema\/logo\/image\/\",\"url\":\"https:\/\/www.safinel.fr\/wp-content\/uploads\/2021\/05\/boutique-cosmetique.png\",\"contentUrl\":\"https:\/\/www.safinel.fr\/wp-content\/uploads\/2021\/05\/boutique-cosmetique.png\",\"width\":800,\"height\":200,\"caption\":\"Safinel\"},\"image\":{\"@id\":\"https:\/\/www.safinel.fr\/#\/schema\/logo\/image\/\"}}]}<\/script>\n<!-- \/ Yoast SEO plugin. -->","yoast_head_json":{"title":"\u00d3leo de jujuba (Sidr) I \u00d3leo natural I Compra e benef\u00edcios online","description":"O \u00f3leo de jujuba, tamb\u00e9m conhecido como \u00f3leo de sidr, \u00e9 obtido a partir das sementes da jujuba selvagem (Ziziphus jujuba).","robots":{"index":"index","follow":"follow","max-snippet":"max-snippet:-1","max-image-preview":"max-image-preview:large","max-video-preview":"max-video-preview:-1"},"canonical":"https:\/\/www.safinel.fr\/pt\/product-2\/oleo-de-jujuba\/","og_locale":"pt_PT","og_type":"article","og_title":"Huile de jujubier (Sidr) I Huile naturelle I Achat & bienfaits en ligne","og_description":"L'huile de jujubier, \u00e9galement connue sous le nom d'huile de sidr, est obtenue \u00e0 partir des graines du jujubier sauvage (Ziziphus jujuba).","og_url":"https:\/\/www.safinel.fr\/pt\/product-2\/oleo-de-jujuba\/","og_site_name":"Safinel","article_modified_time":"2024-02-28T17:06:22+00:00","og_image":[{"width":600,"height":600,"url":"https:\/\/www.safinel.fr\/wp-content\/uploads\/2023\/06\/huile-de-jujubier-sidr.jpg","type":"image\/jpeg"}],"twitter_card":"summary_large_image","twitter_misc":{"Tempo estimado de leitura":"3 minutos"},"schema":{"@context":"https:\/\/schema.org","@graph":[{"@type":"WebPage","@id":"https:\/\/www.safinel.fr\/produit\/huile-de-jujubier\/","url":"https:\/\/www.safinel.fr\/produit\/huile-de-jujubier\/","name":"\u00d3leo de jujuba (Sidr) I \u00d3leo natural I Compra e benef\u00edcios online","isPartOf":{"@id":"https:\/\/www.safinel.fr\/#website"},"primaryImageOfPage":{"@id":"https:\/\/www.safinel.fr\/produit\/huile-de-jujubier\/#primaryimage"},"image":{"@id":"https:\/\/www.safinel.fr\/produit\/huile-de-jujubier\/#primaryimage"},"thumbnailUrl":"https:\/\/www.safinel.fr\/wp-content\/uploads\/2023\/06\/huile-de-jujubier-sidr.jpg","datePublished":"2023-06-02T09:53:06+00:00","dateModified":"2024-02-28T17:06:22+00:00","description":"O \u00f3leo de jujuba, tamb\u00e9m conhecido como \u00f3leo de sidr, \u00e9 obtido a partir das sementes da jujuba selvagem (Ziziphus jujuba).","breadcrumb":{"@id":"https:\/\/www.safinel.fr\/produit\/huile-de-jujubier\/#breadcrumb"},"inLanguage":"pt-PT","potentialAction":[{"@type":"ReadAction","target":["https:\/\/www.safinel.fr\/produit\/huile-de-jujubier\/"]}]},{"@type":"ImageObject","inLanguage":"pt-PT","@id":"https:\/\/www.safinel.fr\/produit\/huile-de-jujubier\/#primaryimage","url":"https:\/\/www.safinel.fr\/wp-content\/uploads\/2023\/06\/huile-de-jujubier-sidr.jpg","contentUrl":"https:\/\/www.safinel.fr\/wp-content\/uploads\/2023\/06\/huile-de-jujubier-sidr.jpg","width":600,"height":600,"caption":"Huile de jujubier"},{"@type":"BreadcrumbList","@id":"https:\/\/www.safinel.fr\/produit\/huile-de-jujubier\/#breadcrumb","itemListElement":[{"@type":"ListItem","position":1,"name":"Accueil","item":"https:\/\/www.safinel.fr\/"},{"@type":"ListItem","position":2,"name":"Boutique","item":"https:\/\/www.safinel.fr\/boutique\/"},{"@type":"ListItem","position":3,"name":"Huile de jujubier (Sidr) 30ml"}]},{"@type":"WebSite","@id":"https:\/\/www.safinel.fr\/#website","url":"https:\/\/www.safinel.fr\/","name":"Safinel","description":"","publisher":{"@id":"https:\/\/www.safinel.fr\/#organization"},"potentialAction":[{"@type":"SearchAction","target":{"@type":"EntryPoint","urlTemplate":"https:\/\/www.safinel.fr\/?s={search_term_string}"},"query-input":{"@type":"PropertyValueSpecification","valueRequired":true,"valueName":"search_term_string"}}],"inLanguage":"pt-PT"},{"@type":"Organization","@id":"https:\/\/www.safinel.fr\/#organization","name":"Safinel","url":"https:\/\/www.safinel.fr\/","logo":{"@type":"ImageObject","inLanguage":"pt-PT","@id":"https:\/\/www.safinel.fr\/#\/schema\/logo\/image\/","url":"https:\/\/www.safinel.fr\/wp-content\/uploads\/2021\/05\/boutique-cosmetique.png","contentUrl":"https:\/\/www.safinel.fr\/wp-content\/uploads\/2021\/05\/boutique-cosmetique.png","width":800,"height":200,"caption":"Safinel"},"image":{"@id":"https:\/\/www.safinel.fr\/#\/schema\/logo\/image\/"}}]}},"_links":{"self":[{"href":"https:\/\/www.safinel.fr\/pt\/wp-json\/wp\/v2\/product\/6336","targetHints":{"allow":["GET"]}}],"collection":[{"href":"https:\/\/www.safinel.fr\/pt\/wp-json\/wp\/v2\/product"}],"about":[{"href":"https:\/\/www.safinel.fr\/pt\/wp-json\/wp\/v2\/types\/product"}],"wp:featuredmedia":[{"embeddable":true,"href":"https:\/\/www.safinel.fr\/pt\/wp-json\/wp\/v2\/media\/6337"}],"wp:attachment":[{"href":"https:\/\/www.safinel.fr\/pt\/wp-json\/wp\/v2\/media?parent=6336"}],"wp:term":[{"taxonomy":"product_brand","embeddable":true,"href":"https:\/\/www.safinel.fr\/pt\/wp-json\/wp\/v2\/product_brand?post=6336"},{"taxonomy":"product_cat","embeddable":true,"href":"https:\/\/www.safinel.fr\/pt\/wp-json\/wp\/v2\/product_cat?post=6336"},{"taxonomy":"product_tag","embeddable":true,"href":"https:\/\/www.safinel.fr\/pt\/wp-json\/wp\/v2\/product_tag?post=6336"}],"curies":[{"name":"wp","href":"https:\/\/api.w.org\/{rel}","templated":true}]}}