{"id":631,"date":"2021-12-21T16:51:55","date_gmt":"2021-12-21T16:51:55","guid":{"rendered":"https:\/\/www.safinel.fr\/?post_type=product&#038;p=631"},"modified":"2026-01-16T15:01:20","modified_gmt":"2026-01-16T15:01:20","slug":"colar-apertar","status":"publish","type":"product","link":"https:\/\/www.safinel.fr\/pt\/product-2\/colar-apertar\/","title":{"rendered":"Colocar"},"content":{"rendered":"<p><strong>A flora vaginal<\/strong>\u00a0\u00e9 um tesouro pessoal onde a higiene \u00e9 indispens\u00e1vel. \u00c9 por isso que a sua loja online Safinel deseja partilhar consigo um produto natural:\u00a0<strong>A planta colar apertar!<\/strong><\/p>\n<p>Pouco conhecido pelos ocidentais, o seu nome bastante extravagante pode fazer sorrir. Mas acredite, depois de conhecer as suas virtudes, n\u00e3o vai conseguir passar sem ele!<\/p>\n<h2><strong>Os segredos da planta colar apertar\u00a0<\/strong><\/h2>\n<p>A planta colar apertar tamb\u00e9m \u00e9 chamada de\u00a0<strong>N\u00e3o, n\u00e3o, n\u00e3o.<\/strong>\u00a0Um termo que significa literalmente \u00abum beb\u00e9 colado \u00e0 m\u00e3e\u00bb. No entanto, esta\u00a0<strong>erva africana<\/strong>\u00a0n\u00e3o tem nada de infantil... Particularmente apreciada no Mali, esta\u00a0<strong>erva\u00a0<\/strong>as suas propriedades ben\u00e9ficas s\u00e3o essencialmente conhecidas<strong>\u00a0para cuidados \u00edntimos<\/strong>\u00a0da mulher. Mas, acima de tudo, \u00e9 apreciada por casais que procuram apimentar a sua vida sexual!<\/p>\n<p>N\u00e3o \u00e9 preciso dizer que a limpeza das partes \u00edntimas \u00e9 fundamental. Seja para a higiene e, de fato, para a sa\u00fade. Mas, al\u00e9m disso, para a autoconfian\u00e7a. No entanto, os produtos de higiene nem sempre s\u00e3o adequados e saud\u00e1veis para essa parte do corpo t\u00e3o fr\u00e1gil.<\/p>\n<p>Al\u00e9m disso, a vida sexual de um casal pode rapidamente tornar-se mon\u00f3tona ao longo dos anos...<\/p>\n<p>Por estas raz\u00f5es, a sua loja online natural Safinel disponibiliza-lhe esta\u00a0<strong>planta africana\u00a0<\/strong>que atua nestes dois pontos! Mas tamb\u00e9m encontrar\u00e1 muitos outros produtos para a\u2019<strong>intimidade das mulheres<\/strong>. E para\u00a0<strong>apimentar a sua vida sexual!\u00a0<\/strong><\/p>\n<h2><strong>A planta colar apertar e as suas in\u00fameras virtudes!<\/strong><\/h2>\n<p>Este tratamento natural \u00e9 conhecido por ajudar a\u00a0<strong>aperte a vagina,\u00a0<\/strong>ao mesmo tempo que lhe devolve<strong>\u00a0juventude e vigor.<\/strong>\u00a0Diz-se que o seu companheiro, encantado com a mudan\u00e7a, n\u00e3o vai querer mais larg\u00e1-lo! O que justifica, nomeadamente, o seu nome \u00abcoller serrer\u00bb (colar apertar)!<\/p>\n<p>Esta planta tamb\u00e9m pode ser utilizada pelos seus benef\u00edcios.\u00a0<strong>desinfetantes<\/strong>. Al\u00e9m disso, as suas propriedades\u00a0<strong>antiss\u00e9pticos<\/strong>\u00a0s\u00e3o uma mais-valia para a higiene e o bem-estar da sua flora vaginal.<\/p>\n<p>No entanto, recomendamos que consulte sempre o seu m\u00e9dico antes de utilizar um novo produto, mesmo que seja natural.<\/p>\n<h3><strong>Os diferentes usos \u00a0<\/strong><\/h3>\n<p>Voc\u00ea pode utiliz\u00e1-lo de diferentes maneiras:<\/p>\n<p><strong>Em banho de assento\u00a0<\/strong><\/p>\n<ul>\n<li>Primeiro, limpe a planta; ;<\/li>\n<li>Em seguida, ferva 1\/2 litro de \u00e1gua e deixe em infus\u00e3o.\u00a0<strong>o colado apertado\u00a0<\/strong>;<\/li>\n<li>Quando a \u00e1gua estiver morna, proceda \u00e0 higiene \u00edntima.<\/li>\n<\/ul>\n<p><strong>Na fumiga\u00e7\u00e3o\u00a0<\/strong><\/p>\n<ul>\n<li>Primeiro, coloque a planta sobre um <a href=\"https:\/\/www.encens-store.fr\/categorie-produit\/charbons-pour-encens\/\" target=\"_blank\" rel=\"noopener\"><strong>carv\u00e3o<\/strong><\/a> pr\u00e9-ligado; ;<\/li>\n<li>Deixe ent\u00e3o as fuma\u00e7as se espalharem e posicione-se acima delas, a uma dist\u00e2ncia segura para n\u00e3o se queimar. ;<\/li>\n<li>Deixe agir por cerca de dez minutos.<\/li>\n<\/ul>\n<h2><strong>Descubra os nossos diferentes produtos para a higiene \u00edntima feminina!\u00a0<\/strong><\/h2>\n<p>A sua loja online Safinel possui uma sec\u00e7\u00e3o dedicada \u00e0 \u201cintimidade\u201d. Nela encontrar\u00e1 uma vasta gama de produtos de qualidade adequados \u00e0 higiene feminina e \u00e0 intimidade.<\/p>\n<p>Descubra, por exemplo:<\/p>\n<ul>\n<li><strong><a href=\"https:\/\/www.safinel.fr\/pt\/product-2\/folhas-de-djeka\/\">As Folhas de Djeka<\/a> :<\/strong>\u00a0Esta planta \u00e9 ideal para dores intestinais. Pode mistur\u00e1-la com a planta Coller serrer para fazer uma infus\u00e3o. Ou ainda utiliz\u00e1-la como incenso.<\/li>\n<\/ul>\n<ul>\n<li><strong><a href=\"https:\/\/www.safinel.fr\/pt\/product-2\/po-de-nep-nep\/\">O Nep nep<\/a> :\u00a0<\/strong>Conhecido pelo seu efeito afrodis\u00edaco, mas n\u00e3o s\u00f3, \u00e9 por vezes utilizado ap\u00f3s o parto para aliviar dores e fortalecer o per\u00edneo. Tamb\u00e9m ajuda a combater o corrimento branco e os odores vaginais.<\/li>\n<\/ul>\n<ul>\n<li><strong>\u00a0 <a href=\"https:\/\/www.safinel.fr\/pt\/product-2\/trevo-vermelho-flores-inteiras\/\">Trevo vermelho flores inteiras<\/a> :\u00a0<\/strong>\u00c9 geralmente utilizado para regular os estrog\u00e9nios nas mulheres na menopausa. Mas tamb\u00e9m contra o eczema e a psor\u00edase.<\/li>\n<\/ul>","protected":false},"excerpt":{"rendered":"<p><strong>Caracter\u00edstica<\/strong> : 4 a 5 utiliza\u00e7\u00f5es<\/p>","protected":false},"featured_media":632,"template":"","meta":[],"product_brand":[],"product_cat":[23],"product_tag":[],"class_list":{"0":"post-631","1":"product","2":"type-product","3":"status-publish","4":"has-post-thumbnail","6":"product_cat-hygiene-feminine","8":"first","9":"instock","10":"shipping-taxable","11":"purchasable","12":"product-type-simple"},"yoast_head":"<!-- This site is optimized with the Yoast SEO plugin v26.6 - https:\/\/yoast.com\/wordpress\/plugins\/seo\/ -->\n<title>Coller Serrer | Plante naturelle Nonronnamba | 4 \u00e0 5 utilisations<\/title>\n<meta name=\"description\" content=\"Votre boutique en ligne Safinel souhaite vous partager un produit naturel :\u00a0La plante coller serrer !\u00a0Bonne d\u00e9couverte \u00e0 vous.\" \/>\n<meta name=\"robots\" content=\"index, follow, max-snippet:-1, max-image-preview:large, max-video-preview:-1\" \/>\n<link rel=\"canonical\" href=\"https:\/\/www.safinel.fr\/pt\/product-2\/colar-apertar\/\" \/>\n<meta property=\"og:locale\" content=\"pt_PT\" \/>\n<meta property=\"og:type\" content=\"article\" \/>\n<meta property=\"og:title\" content=\"Coller Serrer | Plante naturelle Nonronnamba | 4 \u00e0 5 utilisations\" \/>\n<meta property=\"og:description\" content=\"Votre boutique en ligne Safinel souhaite vous partager un produit naturel :\u00a0La plante coller serrer !\u00a0Bonne d\u00e9couverte \u00e0 vous.\" \/>\n<meta property=\"og:url\" content=\"https:\/\/www.safinel.fr\/pt\/product-2\/colar-apertar\/\" \/>\n<meta property=\"og:site_name\" content=\"Safinel\" \/>\n<meta property=\"article:modified_time\" content=\"2026-01-16T15:01:20+00:00\" \/>\n<meta property=\"og:image\" content=\"https:\/\/www.safinel.fr\/wp-content\/uploads\/2021\/12\/coller-serrer.jpg\" \/>\n\t<meta property=\"og:image:width\" content=\"600\" \/>\n\t<meta property=\"og:image:height\" content=\"600\" \/>\n\t<meta property=\"og:image:type\" content=\"image\/jpeg\" \/>\n<meta name=\"twitter:card\" content=\"summary_large_image\" \/>\n<meta name=\"twitter:label1\" content=\"Tempo estimado de leitura\" \/>\n\t<meta name=\"twitter:data1\" content=\"3 minutos\" \/>\n<script type=\"application\/ld+json\" class=\"yoast-schema-graph\">{\"@context\":\"https:\/\/schema.org\",\"@graph\":[{\"@type\":\"WebPage\",\"@id\":\"https:\/\/www.safinel.fr\/produit\/coller-serrer\/\",\"url\":\"https:\/\/www.safinel.fr\/produit\/coller-serrer\/\",\"name\":\"Coller Serrer | Plante naturelle Nonronnamba | 4 \u00e0 5 utilisations\",\"isPartOf\":{\"@id\":\"https:\/\/www.safinel.fr\/#website\"},\"primaryImageOfPage\":{\"@id\":\"https:\/\/www.safinel.fr\/produit\/coller-serrer\/#primaryimage\"},\"image\":{\"@id\":\"https:\/\/www.safinel.fr\/produit\/coller-serrer\/#primaryimage\"},\"thumbnailUrl\":\"https:\/\/www.safinel.fr\/wp-content\/uploads\/2021\/12\/coller-serrer.jpg\",\"datePublished\":\"2021-12-21T16:51:55+00:00\",\"dateModified\":\"2026-01-16T15:01:20+00:00\",\"description\":\"Votre boutique en ligne Safinel souhaite vous partager un produit naturel :\u00a0La plante coller serrer !\u00a0Bonne d\u00e9couverte \u00e0 vous.\",\"breadcrumb\":{\"@id\":\"https:\/\/www.safinel.fr\/produit\/coller-serrer\/#breadcrumb\"},\"inLanguage\":\"pt-PT\",\"potentialAction\":[{\"@type\":\"ReadAction\",\"target\":[\"https:\/\/www.safinel.fr\/produit\/coller-serrer\/\"]}]},{\"@type\":\"ImageObject\",\"inLanguage\":\"pt-PT\",\"@id\":\"https:\/\/www.safinel.fr\/produit\/coller-serrer\/#primaryimage\",\"url\":\"https:\/\/www.safinel.fr\/wp-content\/uploads\/2021\/12\/coller-serrer.jpg\",\"contentUrl\":\"https:\/\/www.safinel.fr\/wp-content\/uploads\/2021\/12\/coller-serrer.jpg\",\"width\":600,\"height\":600,\"caption\":\"Coller Serrer\"},{\"@type\":\"BreadcrumbList\",\"@id\":\"https:\/\/www.safinel.fr\/produit\/coller-serrer\/#breadcrumb\",\"itemListElement\":[{\"@type\":\"ListItem\",\"position\":1,\"name\":\"Accueil\",\"item\":\"https:\/\/www.safinel.fr\/\"},{\"@type\":\"ListItem\",\"position\":2,\"name\":\"Boutique\",\"item\":\"https:\/\/www.safinel.fr\/boutique\/\"},{\"@type\":\"ListItem\",\"position\":3,\"name\":\"Coller Serrer\"}]},{\"@type\":\"WebSite\",\"@id\":\"https:\/\/www.safinel.fr\/#website\",\"url\":\"https:\/\/www.safinel.fr\/\",\"name\":\"Safinel\",\"description\":\"\",\"publisher\":{\"@id\":\"https:\/\/www.safinel.fr\/#organization\"},\"potentialAction\":[{\"@type\":\"SearchAction\",\"target\":{\"@type\":\"EntryPoint\",\"urlTemplate\":\"https:\/\/www.safinel.fr\/?s={search_term_string}\"},\"query-input\":{\"@type\":\"PropertyValueSpecification\",\"valueRequired\":true,\"valueName\":\"search_term_string\"}}],\"inLanguage\":\"pt-PT\"},{\"@type\":\"Organization\",\"@id\":\"https:\/\/www.safinel.fr\/#organization\",\"name\":\"Safinel\",\"url\":\"https:\/\/www.safinel.fr\/\",\"logo\":{\"@type\":\"ImageObject\",\"inLanguage\":\"pt-PT\",\"@id\":\"https:\/\/www.safinel.fr\/#\/schema\/logo\/image\/\",\"url\":\"https:\/\/www.safinel.fr\/wp-content\/uploads\/2021\/05\/boutique-cosmetique.png\",\"contentUrl\":\"https:\/\/www.safinel.fr\/wp-content\/uploads\/2021\/05\/boutique-cosmetique.png\",\"width\":800,\"height\":200,\"caption\":\"Safinel\"},\"image\":{\"@id\":\"https:\/\/www.safinel.fr\/#\/schema\/logo\/image\/\"}}]}<\/script>\n<!-- \/ Yoast SEO plugin. -->","yoast_head_json":{"title":"Colagem Aperto | Planta natural Nonronnamba | 4 a 5 utiliza\u00e7\u00f5es","description":"A sua loja online Safinel deseja partilhar consigo um produto natural: a planta coller serrer! Boa descoberta.","robots":{"index":"index","follow":"follow","max-snippet":"max-snippet:-1","max-image-preview":"max-image-preview:large","max-video-preview":"max-video-preview:-1"},"canonical":"https:\/\/www.safinel.fr\/pt\/product-2\/colar-apertar\/","og_locale":"pt_PT","og_type":"article","og_title":"Coller Serrer | Plante naturelle Nonronnamba | 4 \u00e0 5 utilisations","og_description":"Votre boutique en ligne Safinel souhaite vous partager un produit naturel :\u00a0La plante coller serrer !\u00a0Bonne d\u00e9couverte \u00e0 vous.","og_url":"https:\/\/www.safinel.fr\/pt\/product-2\/colar-apertar\/","og_site_name":"Safinel","article_modified_time":"2026-01-16T15:01:20+00:00","og_image":[{"width":600,"height":600,"url":"https:\/\/www.safinel.fr\/wp-content\/uploads\/2021\/12\/coller-serrer.jpg","type":"image\/jpeg"}],"twitter_card":"summary_large_image","twitter_misc":{"Tempo estimado de leitura":"3 minutos"},"schema":{"@context":"https:\/\/schema.org","@graph":[{"@type":"WebPage","@id":"https:\/\/www.safinel.fr\/produit\/coller-serrer\/","url":"https:\/\/www.safinel.fr\/produit\/coller-serrer\/","name":"Colagem Aperto | Planta natural Nonronnamba | 4 a 5 utiliza\u00e7\u00f5es","isPartOf":{"@id":"https:\/\/www.safinel.fr\/#website"},"primaryImageOfPage":{"@id":"https:\/\/www.safinel.fr\/produit\/coller-serrer\/#primaryimage"},"image":{"@id":"https:\/\/www.safinel.fr\/produit\/coller-serrer\/#primaryimage"},"thumbnailUrl":"https:\/\/www.safinel.fr\/wp-content\/uploads\/2021\/12\/coller-serrer.jpg","datePublished":"2021-12-21T16:51:55+00:00","dateModified":"2026-01-16T15:01:20+00:00","description":"A sua loja online Safinel deseja partilhar consigo um produto natural: a planta coller serrer! Boa descoberta.","breadcrumb":{"@id":"https:\/\/www.safinel.fr\/produit\/coller-serrer\/#breadcrumb"},"inLanguage":"pt-PT","potentialAction":[{"@type":"ReadAction","target":["https:\/\/www.safinel.fr\/produit\/coller-serrer\/"]}]},{"@type":"ImageObject","inLanguage":"pt-PT","@id":"https:\/\/www.safinel.fr\/produit\/coller-serrer\/#primaryimage","url":"https:\/\/www.safinel.fr\/wp-content\/uploads\/2021\/12\/coller-serrer.jpg","contentUrl":"https:\/\/www.safinel.fr\/wp-content\/uploads\/2021\/12\/coller-serrer.jpg","width":600,"height":600,"caption":"Coller Serrer"},{"@type":"BreadcrumbList","@id":"https:\/\/www.safinel.fr\/produit\/coller-serrer\/#breadcrumb","itemListElement":[{"@type":"ListItem","position":1,"name":"Accueil","item":"https:\/\/www.safinel.fr\/"},{"@type":"ListItem","position":2,"name":"Boutique","item":"https:\/\/www.safinel.fr\/boutique\/"},{"@type":"ListItem","position":3,"name":"Coller Serrer"}]},{"@type":"WebSite","@id":"https:\/\/www.safinel.fr\/#website","url":"https:\/\/www.safinel.fr\/","name":"Safinel","description":"","publisher":{"@id":"https:\/\/www.safinel.fr\/#organization"},"potentialAction":[{"@type":"SearchAction","target":{"@type":"EntryPoint","urlTemplate":"https:\/\/www.safinel.fr\/?s={search_term_string}"},"query-input":{"@type":"PropertyValueSpecification","valueRequired":true,"valueName":"search_term_string"}}],"inLanguage":"pt-PT"},{"@type":"Organization","@id":"https:\/\/www.safinel.fr\/#organization","name":"Safinel","url":"https:\/\/www.safinel.fr\/","logo":{"@type":"ImageObject","inLanguage":"pt-PT","@id":"https:\/\/www.safinel.fr\/#\/schema\/logo\/image\/","url":"https:\/\/www.safinel.fr\/wp-content\/uploads\/2021\/05\/boutique-cosmetique.png","contentUrl":"https:\/\/www.safinel.fr\/wp-content\/uploads\/2021\/05\/boutique-cosmetique.png","width":800,"height":200,"caption":"Safinel"},"image":{"@id":"https:\/\/www.safinel.fr\/#\/schema\/logo\/image\/"}}]}},"_links":{"self":[{"href":"https:\/\/www.safinel.fr\/pt\/wp-json\/wp\/v2\/product\/631","targetHints":{"allow":["GET"]}}],"collection":[{"href":"https:\/\/www.safinel.fr\/pt\/wp-json\/wp\/v2\/product"}],"about":[{"href":"https:\/\/www.safinel.fr\/pt\/wp-json\/wp\/v2\/types\/product"}],"wp:featuredmedia":[{"embeddable":true,"href":"https:\/\/www.safinel.fr\/pt\/wp-json\/wp\/v2\/media\/632"}],"wp:attachment":[{"href":"https:\/\/www.safinel.fr\/pt\/wp-json\/wp\/v2\/media?parent=631"}],"wp:term":[{"taxonomy":"product_brand","embeddable":true,"href":"https:\/\/www.safinel.fr\/pt\/wp-json\/wp\/v2\/product_brand?post=631"},{"taxonomy":"product_cat","embeddable":true,"href":"https:\/\/www.safinel.fr\/pt\/wp-json\/wp\/v2\/product_cat?post=631"},{"taxonomy":"product_tag","embeddable":true,"href":"https:\/\/www.safinel.fr\/pt\/wp-json\/wp\/v2\/product_tag?post=631"}],"curies":[{"name":"wp","href":"https:\/\/api.w.org\/{rel}","templated":true}]}}