{"id":6279,"date":"2023-05-30T17:33:16","date_gmt":"2023-05-30T17:33:16","guid":{"rendered":"https:\/\/www.safinel.fr\/?post_type=product&#038;p=6279"},"modified":"2026-02-19T10:27:32","modified_gmt":"2026-02-19T10:27:32","slug":"oleo-de-uva-do-monte","status":"publish","type":"product","link":"https:\/\/www.safinel.fr\/pt\/product-2\/oleo-de-uva-do-monte\/","title":{"rendered":"\u00d3leo de buchu 100 ml"},"content":{"rendered":"<p>O\u2019<strong>\u00f3leo de uva-do-monte<\/strong>\u00a0\u00e9 um \u00f3leo natural proveniente de um arbusto chamado Arctostaphylos uva-ursi. Tamb\u00e9m conhecido como uva-ursina. Esta planta \u00e9 tradicionalmente utilizada na medicina e na cosm\u00e9tica pelos seus in\u00fameros benef\u00edcios, nomeadamente para tratar problemas de pele e melhorar a sua apar\u00eancia geral.<\/p>\n<p>Como de costume, a sua loja Safinel explora consigo em detalhe os\u00a0<strong>benef\u00edcios do \u00f3leo de buchu<\/strong>\u00a0para a pele e como ela pode ajudar a obter uma tez mais luminosa e sem imperfei\u00e7\u00f5es.<\/p>\n<h2><strong>Um agente clareador natural para a pele<\/strong><\/h2>\n<p>Uma das propriedades not\u00e1veis do \u00f3leo de baga de uva-do-mar \u00e9 o seu efeito clareador na pele. Na verdade, este \u00f3leo cont\u00e9m\u2019<strong>arbutina<\/strong>, um composto natural com <a href=\"https:\/\/www.safinel.fr\/pt\/hiperpigmentacao-da-pele-negra\/\"><strong>propriedades despigmentantes<\/strong><\/a>. A arbutina atua inibindo a a\u00e7\u00e3o da tirosinase, uma enzima respons\u00e1vel pela produ\u00e7\u00e3o de melanina na pele.<\/p>\n<p>Assim, o uso regular do \u00f3leo de uva-doce pode ajudar a reduzir manchas escuras e \u00e1reas sombreadas causadas por um ac\u00famulo excessivo de melanina.<\/p>\n<h3><strong>Um tratamento eficaz contra manchas pigmentares<\/strong><\/h3>\n<p>Gra\u00e7as ao seu teor em arbutina, o \u00f3leo de buchu \u00e9 um aliado de elei\u00e7\u00e3o no combate \u00e0s manchas pigmentares, tais como as\u00a0<strong>manchas da idade<\/strong>\u00a0e o\u00a0<strong>melasma<\/strong>. Essas manchas podem ser causadas por v\u00e1rios fatores, como exposi\u00e7\u00e3o ao sol, altera\u00e7\u00f5es hormonais ou envelhecimento da pele.<\/p>\n<p>Aplicando regularmente \u00f3leo de uva-ursina nessas \u00e1reas escuras. Pode reduzir gradualmente a sua apar\u00eancia e obter uma tez mais uniforme.<\/p>\n<h3><strong>\u00d3leo de uva-ursina: um rem\u00e9dio natural contra as imperfei\u00e7\u00f5es<\/strong><\/h3>\n<p>Tamb\u00e9m pode ser usada como tratamento natural para problemas de pele, como\u2019<strong>acne<\/strong>\u00a0e os\u00a0<strong>cicatrizes<\/strong>\u00a0deixadas pelos bot\u00f5es.<\/p>\n<p>As suas propriedades clareadoras ajudam a atenuar as marcas vermelhas e castanhas causadas por inflama\u00e7\u00f5es cut\u00e2neas. Enquanto as suas virtudes antibacterianas ajudam a prevenir a prolifera\u00e7\u00e3o das bact\u00e9rias respons\u00e1veis pelas borbulhas.<\/p>\n<p>Assim, o uso di\u00e1rio deste \u00f3leo pode ajudar a recuperar uma pele mais limpa e sem imperfei\u00e7\u00f5es.<\/p>\n<h3><strong>Hidrata\u00e7\u00e3o profunda para todos os tipos de pele<\/strong><\/h3>\n<p>Al\u00e9m dos seus benef\u00edcios clareadores, o \u00f3leo de uva-ursina tamb\u00e9m \u00e9 um excelente hidratante natural para a pele. Ele cont\u00e9m \u00e1cidos gordos essenciais e vitaminas que nutrem a pele em profundidade e ajudam a manter o seu equil\u00edbrio h\u00eddrico. Este \u00f3leo \u00e9 particularmente adequado para peles secas e desidratadas, mas tamb\u00e9m \u00e9 adequado para peles mistas e oleosas, ajustando a quantidade aplicada.<\/p>\n<h3><strong>Um tratamento calmante para peles sens\u00edveis com \u00f3leo de uva-ursina<\/strong><\/h3>\n<p>Saiba que este \u00f3leo possui propriedades anti-inflamat\u00f3rias que o tornam um tratamento ideal para\u00a0<strong>peles sens\u00edveis<\/strong>\u00a0e irritadas. Pode ajudar a aliviar a vermelhid\u00e3o, a comich\u00e3o e a inflama\u00e7\u00e3o causadas por v\u00e1rias doen\u00e7as de pele.<\/p>\n<p>Como eczema, psor\u00edase ou ros\u00e1cea. Aplicar regularmente este \u00f3leo nas \u00e1reas afetadas ajuda a reduzir os sintomas e melhorar o conforto da pele.<\/p>\n<h2><strong>Como usar o \u00f3leo de uva-do-monte na sua rotina de beleza<\/strong><\/h2>\n<p>Incorporar este \u00f3leo natural na sua rotina de beleza \u00e9 simples e n\u00e3o requer grandes mudan\u00e7as.<\/p>\n<h3><strong>Aqui est\u00e3o algumas dicas para aproveitar ao m\u00e1ximo os benef\u00edcios deste \u00f3leo para a pele:<\/strong><\/h3>\n<ul>\n<li><strong>Limpe<\/strong>\u00a0limpe o rosto com um produto de limpeza suave antes de aplicar o \u00f3leo de uva-ursina, para eliminar as impurezas e preparar a pele para receber os ativos.<\/li>\n<li><strong>Aplique<\/strong>\u00a0Aplique algumas gotas de \u00f3leo de uva-do-monte nas \u00e1reas afetadas (manchas, imperfei\u00e7\u00f5es, \u00e1reas secas...) e massageie delicadamente at\u00e9 a absor\u00e7\u00e3o completa. Tamb\u00e9m pode misturar o \u00f3leo com o seu creme hidratante habitual para facilitar a aplica\u00e7\u00e3o.<\/li>\n<li><strong>Use-a<\/strong>\u00a0diariamente, de manh\u00e3 e \u00e0 noite, para obter resultados vis\u00edveis e duradouros.<\/li>\n<li>N\u00e3o se esque\u00e7a de\u2019<strong>aplicar protetor solar<\/strong>\u00a0se utilizar \u00f3leo de buchu durante o dia. Na verdade, ele pode tornar a pele mais sens\u00edvel aos raios UV e favorecer o aparecimento de novas manchas pigmentares.<\/li>\n<\/ul>\n<p>Ao integrar o \u00f3leo de uva-ursina na sua rotina de beleza, poder\u00e1 rapidamente desfrutar dos seus in\u00fameros benef\u00edcios e exibir uma pele mais luminosa. Uniforme e sem imperfei\u00e7\u00f5es. N\u00e3o hesite em experimentar este \u00f3leo natural e eficaz para melhorar a apar\u00eancia da sua tez e recuperar uma pele radiante de sa\u00fade.<\/p>","protected":false},"excerpt":{"rendered":"<p><strong>Alguns benef\u00edcios:<\/strong><\/p>\n<p>Gra\u00e7as ao seu teor em arbutina, o \u00f3leo de buchu \u00e9 um aliado de elei\u00e7\u00e3o no combate \u00e0s manchas pigmentares, tais como as\u00a0<strong>manchas da idade<\/strong>\u00a0e o\u00a0<strong>melasma<\/strong>. Essas manchas podem ser causadas por v\u00e1rios fatores, como exposi\u00e7\u00e3o ao sol, altera\u00e7\u00f5es hormonais ou envelhecimento da pele.<\/p>\n<p><img decoding=\"async\" class=\"size-full wp-image-5091 aligncenter\" src=\"https:\/\/www.safinel.fr\/wp-content\/uploads\/2021\/06\/BANNIERE-ICONE-SAFINEL.webp\" alt=\"resseguro satinado\" width=\"800\" height=\"200\" srcset=\"https:\/\/www.safinel.fr\/wp-content\/uploads\/2021\/06\/BANNIERE-ICONE-SAFINEL.webp 800w, https:\/\/www.safinel.fr\/wp-content\/uploads\/2021\/06\/BANNIERE-ICONE-SAFINEL-600x150.webp 600w, https:\/\/www.safinel.fr\/wp-content\/uploads\/2021\/06\/BANNIERE-ICONE-SAFINEL-768x192.webp 768w\" sizes=\"(max-width: 800px) 100vw, 800px\" \/><\/p>","protected":false},"featured_media":6280,"template":"","meta":[],"product_brand":[],"product_cat":[122],"product_tag":[],"class_list":{"0":"post-6279","1":"product","2":"type-product","3":"status-publish","4":"has-post-thumbnail","6":"product_cat-huile-vegetale","8":"first","9":"outofstock","10":"shipping-taxable","11":"purchasable","12":"product-type-simple"},"yoast_head":"<!-- This site is optimized with the Yoast SEO plugin v26.6 - https:\/\/yoast.com\/wordpress\/plugins\/seo\/ -->\n<title>Huile de Busserole I Achat, propri\u00e9t\u00e9s et bienfaits pour la peau<\/title>\n<meta name=\"description\" content=\"D\u00e9couvrez les bienfaits et propri\u00e9t\u00e9s exceptionnels de l&#039;huile de busserole. Id\u00e9ale pour la peau, elle offre de nombreux avantages.\" \/>\n<meta name=\"robots\" content=\"index, follow, max-snippet:-1, max-image-preview:large, max-video-preview:-1\" \/>\n<link rel=\"canonical\" href=\"https:\/\/www.safinel.fr\/pt\/product-2\/oleo-de-uva-do-monte\/\" \/>\n<meta property=\"og:locale\" content=\"pt_PT\" \/>\n<meta property=\"og:type\" content=\"article\" \/>\n<meta property=\"og:title\" content=\"Huile de Busserole I Achat, propri\u00e9t\u00e9s et bienfaits pour la peau\" \/>\n<meta property=\"og:description\" content=\"D\u00e9couvrez les bienfaits et propri\u00e9t\u00e9s exceptionnels de l&#039;huile de busserole. Id\u00e9ale pour la peau, elle offre de nombreux avantages.\" \/>\n<meta property=\"og:url\" content=\"https:\/\/www.safinel.fr\/pt\/product-2\/oleo-de-uva-do-monte\/\" \/>\n<meta property=\"og:site_name\" content=\"Safinel\" \/>\n<meta property=\"article:modified_time\" content=\"2026-02-19T10:27:32+00:00\" \/>\n<meta property=\"og:image\" content=\"https:\/\/www.safinel.fr\/wp-content\/uploads\/2023\/05\/huile-de-busserole.jpg\" \/>\n\t<meta property=\"og:image:width\" content=\"600\" \/>\n\t<meta property=\"og:image:height\" content=\"600\" \/>\n\t<meta property=\"og:image:type\" content=\"image\/jpeg\" \/>\n<meta name=\"twitter:card\" content=\"summary_large_image\" \/>\n<meta name=\"twitter:label1\" content=\"Tempo estimado de leitura\" \/>\n\t<meta name=\"twitter:data1\" content=\"4 minutos\" \/>\n<script type=\"application\/ld+json\" class=\"yoast-schema-graph\">{\"@context\":\"https:\/\/schema.org\",\"@graph\":[{\"@type\":\"WebPage\",\"@id\":\"https:\/\/www.safinel.fr\/produit\/huile-de-busserole\/\",\"url\":\"https:\/\/www.safinel.fr\/produit\/huile-de-busserole\/\",\"name\":\"Huile de Busserole I Achat, propri\u00e9t\u00e9s et bienfaits pour la peau\",\"isPartOf\":{\"@id\":\"https:\/\/www.safinel.fr\/#website\"},\"primaryImageOfPage\":{\"@id\":\"https:\/\/www.safinel.fr\/produit\/huile-de-busserole\/#primaryimage\"},\"image\":{\"@id\":\"https:\/\/www.safinel.fr\/produit\/huile-de-busserole\/#primaryimage\"},\"thumbnailUrl\":\"https:\/\/www.safinel.fr\/wp-content\/uploads\/2023\/05\/huile-de-busserole.jpg\",\"datePublished\":\"2023-05-30T17:33:16+00:00\",\"dateModified\":\"2026-02-19T10:27:32+00:00\",\"description\":\"D\u00e9couvrez les bienfaits et propri\u00e9t\u00e9s exceptionnels de l'huile de busserole. Id\u00e9ale pour la peau, elle offre de nombreux avantages.\",\"breadcrumb\":{\"@id\":\"https:\/\/www.safinel.fr\/produit\/huile-de-busserole\/#breadcrumb\"},\"inLanguage\":\"pt-PT\",\"potentialAction\":[{\"@type\":\"ReadAction\",\"target\":[\"https:\/\/www.safinel.fr\/produit\/huile-de-busserole\/\"]}]},{\"@type\":\"ImageObject\",\"inLanguage\":\"pt-PT\",\"@id\":\"https:\/\/www.safinel.fr\/produit\/huile-de-busserole\/#primaryimage\",\"url\":\"https:\/\/www.safinel.fr\/wp-content\/uploads\/2023\/05\/huile-de-busserole.jpg\",\"contentUrl\":\"https:\/\/www.safinel.fr\/wp-content\/uploads\/2023\/05\/huile-de-busserole.jpg\",\"width\":600,\"height\":600},{\"@type\":\"BreadcrumbList\",\"@id\":\"https:\/\/www.safinel.fr\/produit\/huile-de-busserole\/#breadcrumb\",\"itemListElement\":[{\"@type\":\"ListItem\",\"position\":1,\"name\":\"Accueil\",\"item\":\"https:\/\/www.safinel.fr\/\"},{\"@type\":\"ListItem\",\"position\":2,\"name\":\"Boutique\",\"item\":\"https:\/\/www.safinel.fr\/boutique\/\"},{\"@type\":\"ListItem\",\"position\":3,\"name\":\"Huile de busserole 100ml\"}]},{\"@type\":\"WebSite\",\"@id\":\"https:\/\/www.safinel.fr\/#website\",\"url\":\"https:\/\/www.safinel.fr\/\",\"name\":\"Safinel\",\"description\":\"\",\"publisher\":{\"@id\":\"https:\/\/www.safinel.fr\/#organization\"},\"potentialAction\":[{\"@type\":\"SearchAction\",\"target\":{\"@type\":\"EntryPoint\",\"urlTemplate\":\"https:\/\/www.safinel.fr\/?s={search_term_string}\"},\"query-input\":{\"@type\":\"PropertyValueSpecification\",\"valueRequired\":true,\"valueName\":\"search_term_string\"}}],\"inLanguage\":\"pt-PT\"},{\"@type\":\"Organization\",\"@id\":\"https:\/\/www.safinel.fr\/#organization\",\"name\":\"Safinel\",\"url\":\"https:\/\/www.safinel.fr\/\",\"logo\":{\"@type\":\"ImageObject\",\"inLanguage\":\"pt-PT\",\"@id\":\"https:\/\/www.safinel.fr\/#\/schema\/logo\/image\/\",\"url\":\"https:\/\/www.safinel.fr\/wp-content\/uploads\/2021\/05\/boutique-cosmetique.png\",\"contentUrl\":\"https:\/\/www.safinel.fr\/wp-content\/uploads\/2021\/05\/boutique-cosmetique.png\",\"width\":800,\"height\":200,\"caption\":\"Safinel\"},\"image\":{\"@id\":\"https:\/\/www.safinel.fr\/#\/schema\/logo\/image\/\"}}]}<\/script>\n<!-- \/ Yoast SEO plugin. -->","yoast_head_json":{"title":"\u00d3leo de Busserole I Compra, propriedades e benef\u00edcios para a pele","description":"Descubra os benef\u00edcios e propriedades excepcionais do \u00f3leo de uva-doce. Ideal para a pele, oferece in\u00fameras vantagens.","robots":{"index":"index","follow":"follow","max-snippet":"max-snippet:-1","max-image-preview":"max-image-preview:large","max-video-preview":"max-video-preview:-1"},"canonical":"https:\/\/www.safinel.fr\/pt\/product-2\/oleo-de-uva-do-monte\/","og_locale":"pt_PT","og_type":"article","og_title":"Huile de Busserole I Achat, propri\u00e9t\u00e9s et bienfaits pour la peau","og_description":"D\u00e9couvrez les bienfaits et propri\u00e9t\u00e9s exceptionnels de l'huile de busserole. Id\u00e9ale pour la peau, elle offre de nombreux avantages.","og_url":"https:\/\/www.safinel.fr\/pt\/product-2\/oleo-de-uva-do-monte\/","og_site_name":"Safinel","article_modified_time":"2026-02-19T10:27:32+00:00","og_image":[{"width":600,"height":600,"url":"https:\/\/www.safinel.fr\/wp-content\/uploads\/2023\/05\/huile-de-busserole.jpg","type":"image\/jpeg"}],"twitter_card":"summary_large_image","twitter_misc":{"Tempo estimado de leitura":"4 minutos"},"schema":{"@context":"https:\/\/schema.org","@graph":[{"@type":"WebPage","@id":"https:\/\/www.safinel.fr\/produit\/huile-de-busserole\/","url":"https:\/\/www.safinel.fr\/produit\/huile-de-busserole\/","name":"\u00d3leo de Busserole I Compra, propriedades e benef\u00edcios para a pele","isPartOf":{"@id":"https:\/\/www.safinel.fr\/#website"},"primaryImageOfPage":{"@id":"https:\/\/www.safinel.fr\/produit\/huile-de-busserole\/#primaryimage"},"image":{"@id":"https:\/\/www.safinel.fr\/produit\/huile-de-busserole\/#primaryimage"},"thumbnailUrl":"https:\/\/www.safinel.fr\/wp-content\/uploads\/2023\/05\/huile-de-busserole.jpg","datePublished":"2023-05-30T17:33:16+00:00","dateModified":"2026-02-19T10:27:32+00:00","description":"Descubra os benef\u00edcios e propriedades excepcionais do \u00f3leo de uva-doce. Ideal para a pele, oferece in\u00fameras vantagens.","breadcrumb":{"@id":"https:\/\/www.safinel.fr\/produit\/huile-de-busserole\/#breadcrumb"},"inLanguage":"pt-PT","potentialAction":[{"@type":"ReadAction","target":["https:\/\/www.safinel.fr\/produit\/huile-de-busserole\/"]}]},{"@type":"ImageObject","inLanguage":"pt-PT","@id":"https:\/\/www.safinel.fr\/produit\/huile-de-busserole\/#primaryimage","url":"https:\/\/www.safinel.fr\/wp-content\/uploads\/2023\/05\/huile-de-busserole.jpg","contentUrl":"https:\/\/www.safinel.fr\/wp-content\/uploads\/2023\/05\/huile-de-busserole.jpg","width":600,"height":600},{"@type":"BreadcrumbList","@id":"https:\/\/www.safinel.fr\/produit\/huile-de-busserole\/#breadcrumb","itemListElement":[{"@type":"ListItem","position":1,"name":"Accueil","item":"https:\/\/www.safinel.fr\/"},{"@type":"ListItem","position":2,"name":"Boutique","item":"https:\/\/www.safinel.fr\/boutique\/"},{"@type":"ListItem","position":3,"name":"Huile de busserole 100ml"}]},{"@type":"WebSite","@id":"https:\/\/www.safinel.fr\/#website","url":"https:\/\/www.safinel.fr\/","name":"Safinel","description":"","publisher":{"@id":"https:\/\/www.safinel.fr\/#organization"},"potentialAction":[{"@type":"SearchAction","target":{"@type":"EntryPoint","urlTemplate":"https:\/\/www.safinel.fr\/?s={search_term_string}"},"query-input":{"@type":"PropertyValueSpecification","valueRequired":true,"valueName":"search_term_string"}}],"inLanguage":"pt-PT"},{"@type":"Organization","@id":"https:\/\/www.safinel.fr\/#organization","name":"Safinel","url":"https:\/\/www.safinel.fr\/","logo":{"@type":"ImageObject","inLanguage":"pt-PT","@id":"https:\/\/www.safinel.fr\/#\/schema\/logo\/image\/","url":"https:\/\/www.safinel.fr\/wp-content\/uploads\/2021\/05\/boutique-cosmetique.png","contentUrl":"https:\/\/www.safinel.fr\/wp-content\/uploads\/2021\/05\/boutique-cosmetique.png","width":800,"height":200,"caption":"Safinel"},"image":{"@id":"https:\/\/www.safinel.fr\/#\/schema\/logo\/image\/"}}]}},"_links":{"self":[{"href":"https:\/\/www.safinel.fr\/pt\/wp-json\/wp\/v2\/product\/6279","targetHints":{"allow":["GET"]}}],"collection":[{"href":"https:\/\/www.safinel.fr\/pt\/wp-json\/wp\/v2\/product"}],"about":[{"href":"https:\/\/www.safinel.fr\/pt\/wp-json\/wp\/v2\/types\/product"}],"wp:featuredmedia":[{"embeddable":true,"href":"https:\/\/www.safinel.fr\/pt\/wp-json\/wp\/v2\/media\/6280"}],"wp:attachment":[{"href":"https:\/\/www.safinel.fr\/pt\/wp-json\/wp\/v2\/media?parent=6279"}],"wp:term":[{"taxonomy":"product_brand","embeddable":true,"href":"https:\/\/www.safinel.fr\/pt\/wp-json\/wp\/v2\/product_brand?post=6279"},{"taxonomy":"product_cat","embeddable":true,"href":"https:\/\/www.safinel.fr\/pt\/wp-json\/wp\/v2\/product_cat?post=6279"},{"taxonomy":"product_tag","embeddable":true,"href":"https:\/\/www.safinel.fr\/pt\/wp-json\/wp\/v2\/product_tag?post=6279"}],"curies":[{"name":"wp","href":"https:\/\/api.w.org\/{rel}","templated":true}]}}