{"id":6251,"date":"2023-05-28T21:02:33","date_gmt":"2023-05-28T21:02:33","guid":{"rendered":"https:\/\/www.safinel.fr\/?post_type=product&#038;p=6251"},"modified":"2025-10-14T13:56:38","modified_gmt":"2025-10-14T13:56:38","slug":"folhas-de-batata-doce","status":"publish","type":"product","link":"https:\/\/www.safinel.fr\/pt\/product-2\/folhas-de-batata-doce\/","title":{"rendered":"Folhas de batata-doce"},"content":{"rendered":"<p>Todos conhecemos a batata-doce na culin\u00e1ria, mas sabia que as suas folhas tamb\u00e9m s\u00e3o comest\u00edveis e cheias de propriedades ben\u00e9ficas? Fique conosco! Vamos contar-lhe mais sobre as\u00a0<strong>folhas de batata-doce,<\/strong>\u00a0os seus benef\u00edcios e utiliza\u00e7\u00f5es!<\/p>\n<h2><strong>\u00c0 descoberta das folhas da batata-doce!<\/strong><\/h2>\n<p>Em primeiro lugar, \u00e9 importante saber que, ao contr\u00e1rio das folhas das batatas comuns, que s\u00e3o t\u00f3xicas para o organismo, as folhas e os caules das batatas-doces s\u00e3o totalmente comest\u00edveis!<\/p>\n<p>De facto, as folhas da batata-doce s\u00e3o consideradas como\u00a0<strong>legumes de folha<\/strong>\u00a0por direito pr\u00f3prio e s\u00e3o muito consumidos nos tr\u00f3picos.<\/p>\n<p>Encontram-se assim na cozinha na\u00a0<strong>regi\u00e3o subsaariana<\/strong>\u00a0(Guin\u00e9, Congo, Mali, Madag\u00e1scar\u2026). Mas tamb\u00e9m na\u00a0<strong>cozinha asi\u00e1tica<\/strong>\u00a0(China, Coreia, Filipinas...) em diversos pratos.<\/p>\n<p>No Congo, por exemplo, elas s\u00e3o preparadas na forma de um molho de folhas chamado \u00ab\u00a0<strong>matembel\u00e9<\/strong>\u00a0\u00bb em lingala.<\/p>\n<p>Por fim, no que diz respeito \u00e0 consist\u00eancia dessas folhas, elas s\u00e3o\u00a0<strong>ligeiramente gelatinosas<\/strong>\u00a0permanecendo\u00a0<strong>derretidas<\/strong>\u00a0e\u00a0<strong>ligeiramente crocantes<\/strong>. Saborosas, s\u00e3o muito f\u00e1ceis de cozinhar, tal como as folhas de espinafre.<\/p>\n<p>A cor varia do verde escuro ao roxo, chegando ao p\u00farpura.<\/p>\n<h2><strong>Benef\u00edcios para a sa\u00fade<\/strong><\/h2>\n<p>As folhas da batata-doce s\u00e3o ricas em nutrientes para o organismo.<\/p>\n<p>Na verdade, estas s\u00e3o mais ricas em\u00a0<strong>beta-caroteno<\/strong>,\u00a0<strong>prote\u00ednas<\/strong>,\u00a0<strong>f\u00f3sforo<\/strong>,\u00a0<strong>ferro\u00a0<\/strong>e\u00a0<strong>vitamina C<\/strong>\u00a0que as folhas de espinafre e s\u00e3o\u00a0<strong>muito poucas calorias<\/strong>.<\/p>\n<p>Elas tamb\u00e9m s\u00e3o\u00a0<strong>ricos em fibras<\/strong>\u00a0e em\u00a0<strong>compostos fen\u00f3licos<\/strong>\u00a0e tamb\u00e9m cont\u00eam\u00a0<strong>antocianinas<\/strong>.<\/p>\n<p>Al\u00e9m disso, este vegetal folhoso \u00e9 uma\u00a0<strong>enorme fonte de vitamina A.\u00a0<\/strong>\u00c9 importante saber que quanto mais escura for a cor das folhas, mais ricas em vitamina A elas s\u00e3o. A sua composi\u00e7\u00e3o torna-a, portanto, um dos vegetais mais\u00a0<strong>ricos em antioxidantes<\/strong>\u00a0presente na \u00c1sia (segundo a FAO).<\/p>\n<p>Por fim, esta planta \u00e9 uma grande fonte de\u00a0<strong>vitamina B2<\/strong>,\u00a0<strong>vitamina C\u00a0<\/strong>e\u00a0<strong>sais minerais<\/strong>.<\/p>\n<h2><strong>Entre as propriedades das folhas de batata-doce:<\/strong><\/h2>\n<ul>\n<li>Elas ajudam a\u00a0<strong>prevenir doen\u00e7as cardiovasculares<\/strong>.<\/li>\n<\/ul>\n<ul>\n<li>Mas tamb\u00e9m em\u00a0<strong>prevenir muta\u00e7\u00f5es celulares<\/strong>\u00a0e a\u00a0<strong>crescimento das c\u00e9lulas cancer\u00edgenas<\/strong>\u00a0impedindo-os.<\/li>\n<\/ul>\n<ul>\n<li>As folhas da batata-doce tamb\u00e9m s\u00e3o utilizadas em\u00a0<strong>medicina tradicional<\/strong>. Por exemplo, no Gana, as tribos Akans usavam esta planta para combater o\u00a0<strong>diabetes tipo 2<\/strong>. No Brasil, eram usados para tratar\u00a0<strong>infec\u00e7\u00f5es ou inflama\u00e7\u00f5es na boca e na garganta<\/strong>.<\/li>\n<\/ul>\n<ul>\n<li>Os\u00a0<strong>princ\u00edpios ativos<\/strong>\u00a0As folhas s\u00e3o obtidas de forma concentrada por meio de\u00a0<strong>decoc\u00e7\u00e3o<\/strong>. Assim, este processo, que permite extrair os princ\u00edpios ativos da planta, permite obter uma mistura ativa. Esta mistura revela-se, portanto,\u00a0<strong><a href=\"https:\/\/www.safinel.fr\/pt\/product-2\/creme-bazooka\/\">afrodis\u00edaco<\/a>, energizante, laxante, adstringente, suavizante, bactericida e fungicida.<\/strong><\/li>\n<\/ul>\n<h3><strong>Como usar folhas de batata-doce na cozinha?<\/strong><\/h3>\n<p>Estas folhas podem ser consumidas tanto cruas como cozidas, existindo v\u00e1rias formas de as preparar.<\/p>\n<p>Primeiro, pode\u00a0<strong>cozinh\u00e1-los como espinafres<\/strong>\u00a0acompanhando arroz e carne, peixe ou em uma omelete, quiche ou ainda adicionadas aos seus guisados e sopas. Voc\u00ea tamb\u00e9m pode cozinh\u00e1-las seguindo uma receita de\u00a0<strong>matembel\u00e9<\/strong>\u00a0ou salte\u00e1-los\/refog\u00e1-los na frigideira, incorpor\u00e1-los num recheio, etc.<\/p>\n<p>Por fim, \u00e9 poss\u00edvel adicionar as folhas aos seus\u00a0<strong>saladas\u00a0<\/strong>ou integr\u00e1-los aos seus\u00a0<strong>sumos e smoothies<\/strong>. As folhas da batata-doce constituem um\u00a0<strong>Um alimento muito bom tanto para mulheres gr\u00e1vidas e lactantes como para beb\u00e9s.<\/strong>\u00a0!<\/p>\n<p>Por fim, ricas em componentes ben\u00e9ficos e antioxidantes, as folhas revelam-se tamb\u00e9m muito interessantes para a\u00a0<strong>beleza e sa\u00fade da pele e do cabelo<\/strong>\u00a0!<\/p>","protected":false},"excerpt":{"rendered":"<p><strong>Alguns benef\u00edcios:\u00a0<\/strong><\/p>\n<ul>\n<li>Elas ajudam a\u00a0<strong>prevenir doen\u00e7as cardiovasculares<\/strong>.<\/li>\n<li>Mas tamb\u00e9m em\u00a0<strong>prevenir muta\u00e7\u00f5es celulares<\/strong>\u00a0e a\u00a0<strong>crescimento das c\u00e9lulas cancer\u00edgenas<\/strong>\u00a0impedindo-os.<\/li>\n<li>As folhas da batata-doce tamb\u00e9m s\u00e3o utilizadas em\u00a0<strong>medicina tradicional<\/strong>. Por exemplo, no Gana, as tribos Akans usavam esta planta para combater o\u00a0<strong>diabetes tipo 2<\/strong>. No Brasil, eram usados para tratar\u00a0<strong>infec\u00e7\u00f5es ou inflama\u00e7\u00f5es na boca e na garganta<\/strong>.<\/li>\n<\/ul>\n<p><img decoding=\"async\" class=\"size-full wp-image-5091 aligncenter\" src=\"https:\/\/www.safinel.fr\/wp-content\/uploads\/2021\/06\/BANNIERE-ICONE-SAFINEL.webp\" alt=\"resseguro satinado\" width=\"800\" height=\"200\" srcset=\"https:\/\/www.safinel.fr\/wp-content\/uploads\/2021\/06\/BANNIERE-ICONE-SAFINEL.webp 800w, https:\/\/www.safinel.fr\/wp-content\/uploads\/2021\/06\/BANNIERE-ICONE-SAFINEL-600x150.webp 600w, https:\/\/www.safinel.fr\/wp-content\/uploads\/2021\/06\/BANNIERE-ICONE-SAFINEL-768x192.webp 768w\" sizes=\"(max-width: 800px) 100vw, 800px\" \/><\/p>","protected":false},"featured_media":6252,"template":"","meta":[],"product_brand":[],"product_cat":[150],"product_tag":[],"class_list":{"0":"post-6251","1":"product","2":"type-product","3":"status-publish","4":"has-post-thumbnail","6":"product_cat-legume-africain","8":"first","9":"instock","10":"shipping-taxable","11":"purchasable","12":"product-type-variable"},"yoast_head":"<!-- This site is optimized with the Yoast SEO plugin v26.6 - https:\/\/yoast.com\/wordpress\/plugins\/seo\/ -->\n<title>Feuilles de patate douce I Achat, Utilisation et bienfaits<\/title>\n<meta name=\"description\" content=\"Ici, notre \u00e9quipe vous en dit tout de suite plus sur les\u00a0feuilles de patate douce,\u00a0leurs bienfaits et leurs utilisations !\" \/>\n<meta name=\"robots\" content=\"index, follow, max-snippet:-1, max-image-preview:large, max-video-preview:-1\" \/>\n<link rel=\"canonical\" href=\"https:\/\/www.safinel.fr\/pt\/product-2\/folhas-de-batata-doce\/\" \/>\n<meta property=\"og:locale\" content=\"pt_PT\" \/>\n<meta property=\"og:type\" content=\"article\" \/>\n<meta property=\"og:title\" content=\"Feuilles de patate douce I Achat, Utilisation et bienfaits\" \/>\n<meta property=\"og:description\" content=\"Ici, notre \u00e9quipe vous en dit tout de suite plus sur les\u00a0feuilles de patate douce,\u00a0leurs bienfaits et leurs utilisations !\" \/>\n<meta property=\"og:url\" content=\"https:\/\/www.safinel.fr\/pt\/product-2\/folhas-de-batata-doce\/\" \/>\n<meta property=\"og:site_name\" content=\"Safinel\" \/>\n<meta property=\"article:modified_time\" content=\"2025-10-14T13:56:38+00:00\" \/>\n<meta property=\"og:image\" content=\"https:\/\/www.safinel.fr\/wp-content\/uploads\/2023\/05\/patate-douce-site.jpg\" \/>\n\t<meta property=\"og:image:width\" content=\"600\" \/>\n\t<meta property=\"og:image:height\" content=\"600\" \/>\n\t<meta property=\"og:image:type\" content=\"image\/jpeg\" \/>\n<meta name=\"twitter:card\" content=\"summary_large_image\" \/>\n<meta name=\"twitter:label1\" content=\"Tempo estimado de leitura\" \/>\n\t<meta name=\"twitter:data1\" content=\"3 minutos\" \/>\n<script type=\"application\/ld+json\" class=\"yoast-schema-graph\">{\"@context\":\"https:\/\/schema.org\",\"@graph\":[{\"@type\":\"WebPage\",\"@id\":\"https:\/\/www.safinel.fr\/produit\/feuilles-de-patate-douce\/\",\"url\":\"https:\/\/www.safinel.fr\/produit\/feuilles-de-patate-douce\/\",\"name\":\"Feuilles de patate douce I Achat, Utilisation et bienfaits\",\"isPartOf\":{\"@id\":\"https:\/\/www.safinel.fr\/#website\"},\"primaryImageOfPage\":{\"@id\":\"https:\/\/www.safinel.fr\/produit\/feuilles-de-patate-douce\/#primaryimage\"},\"image\":{\"@id\":\"https:\/\/www.safinel.fr\/produit\/feuilles-de-patate-douce\/#primaryimage\"},\"thumbnailUrl\":\"https:\/\/www.safinel.fr\/wp-content\/uploads\/2023\/05\/patate-douce-site.jpg\",\"datePublished\":\"2023-05-28T21:02:33+00:00\",\"dateModified\":\"2025-10-14T13:56:38+00:00\",\"description\":\"Ici, notre \u00e9quipe vous en dit tout de suite plus sur les\u00a0feuilles de patate douce,\u00a0leurs bienfaits et leurs utilisations !\",\"breadcrumb\":{\"@id\":\"https:\/\/www.safinel.fr\/produit\/feuilles-de-patate-douce\/#breadcrumb\"},\"inLanguage\":\"pt-PT\",\"potentialAction\":[{\"@type\":\"ReadAction\",\"target\":[\"https:\/\/www.safinel.fr\/produit\/feuilles-de-patate-douce\/\"]}]},{\"@type\":\"ImageObject\",\"inLanguage\":\"pt-PT\",\"@id\":\"https:\/\/www.safinel.fr\/produit\/feuilles-de-patate-douce\/#primaryimage\",\"url\":\"https:\/\/www.safinel.fr\/wp-content\/uploads\/2023\/05\/patate-douce-site.jpg\",\"contentUrl\":\"https:\/\/www.safinel.fr\/wp-content\/uploads\/2023\/05\/patate-douce-site.jpg\",\"width\":600,\"height\":600,\"caption\":\"Feuilles de patate douce\"},{\"@type\":\"BreadcrumbList\",\"@id\":\"https:\/\/www.safinel.fr\/produit\/feuilles-de-patate-douce\/#breadcrumb\",\"itemListElement\":[{\"@type\":\"ListItem\",\"position\":1,\"name\":\"Accueil\",\"item\":\"https:\/\/www.safinel.fr\/\"},{\"@type\":\"ListItem\",\"position\":2,\"name\":\"Boutique\",\"item\":\"https:\/\/www.safinel.fr\/boutique\/\"},{\"@type\":\"ListItem\",\"position\":3,\"name\":\"Feuilles de patate douce\"}]},{\"@type\":\"WebSite\",\"@id\":\"https:\/\/www.safinel.fr\/#website\",\"url\":\"https:\/\/www.safinel.fr\/\",\"name\":\"Safinel\",\"description\":\"\",\"publisher\":{\"@id\":\"https:\/\/www.safinel.fr\/#organization\"},\"potentialAction\":[{\"@type\":\"SearchAction\",\"target\":{\"@type\":\"EntryPoint\",\"urlTemplate\":\"https:\/\/www.safinel.fr\/?s={search_term_string}\"},\"query-input\":{\"@type\":\"PropertyValueSpecification\",\"valueRequired\":true,\"valueName\":\"search_term_string\"}}],\"inLanguage\":\"pt-PT\"},{\"@type\":\"Organization\",\"@id\":\"https:\/\/www.safinel.fr\/#organization\",\"name\":\"Safinel\",\"url\":\"https:\/\/www.safinel.fr\/\",\"logo\":{\"@type\":\"ImageObject\",\"inLanguage\":\"pt-PT\",\"@id\":\"https:\/\/www.safinel.fr\/#\/schema\/logo\/image\/\",\"url\":\"https:\/\/www.safinel.fr\/wp-content\/uploads\/2021\/05\/boutique-cosmetique.png\",\"contentUrl\":\"https:\/\/www.safinel.fr\/wp-content\/uploads\/2021\/05\/boutique-cosmetique.png\",\"width\":800,\"height\":200,\"caption\":\"Safinel\"},\"image\":{\"@id\":\"https:\/\/www.safinel.fr\/#\/schema\/logo\/image\/\"}}]}<\/script>\n<!-- \/ Yoast SEO plugin. -->","yoast_head_json":{"title":"Folhas de batata-doce I Compra, uso e benef\u00edcios","description":"Aqui, a nossa equipa vai contar-lhe tudo sobre as folhas de batata-doce, os seus benef\u00edcios e utiliza\u00e7\u00f5es!","robots":{"index":"index","follow":"follow","max-snippet":"max-snippet:-1","max-image-preview":"max-image-preview:large","max-video-preview":"max-video-preview:-1"},"canonical":"https:\/\/www.safinel.fr\/pt\/product-2\/folhas-de-batata-doce\/","og_locale":"pt_PT","og_type":"article","og_title":"Feuilles de patate douce I Achat, Utilisation et bienfaits","og_description":"Ici, notre \u00e9quipe vous en dit tout de suite plus sur les\u00a0feuilles de patate douce,\u00a0leurs bienfaits et leurs utilisations !","og_url":"https:\/\/www.safinel.fr\/pt\/product-2\/folhas-de-batata-doce\/","og_site_name":"Safinel","article_modified_time":"2025-10-14T13:56:38+00:00","og_image":[{"width":600,"height":600,"url":"https:\/\/www.safinel.fr\/wp-content\/uploads\/2023\/05\/patate-douce-site.jpg","type":"image\/jpeg"}],"twitter_card":"summary_large_image","twitter_misc":{"Tempo estimado de leitura":"3 minutos"},"schema":{"@context":"https:\/\/schema.org","@graph":[{"@type":"WebPage","@id":"https:\/\/www.safinel.fr\/produit\/feuilles-de-patate-douce\/","url":"https:\/\/www.safinel.fr\/produit\/feuilles-de-patate-douce\/","name":"Folhas de batata-doce I Compra, uso e benef\u00edcios","isPartOf":{"@id":"https:\/\/www.safinel.fr\/#website"},"primaryImageOfPage":{"@id":"https:\/\/www.safinel.fr\/produit\/feuilles-de-patate-douce\/#primaryimage"},"image":{"@id":"https:\/\/www.safinel.fr\/produit\/feuilles-de-patate-douce\/#primaryimage"},"thumbnailUrl":"https:\/\/www.safinel.fr\/wp-content\/uploads\/2023\/05\/patate-douce-site.jpg","datePublished":"2023-05-28T21:02:33+00:00","dateModified":"2025-10-14T13:56:38+00:00","description":"Aqui, a nossa equipa vai contar-lhe tudo sobre as folhas de batata-doce, os seus benef\u00edcios e utiliza\u00e7\u00f5es!","breadcrumb":{"@id":"https:\/\/www.safinel.fr\/produit\/feuilles-de-patate-douce\/#breadcrumb"},"inLanguage":"pt-PT","potentialAction":[{"@type":"ReadAction","target":["https:\/\/www.safinel.fr\/produit\/feuilles-de-patate-douce\/"]}]},{"@type":"ImageObject","inLanguage":"pt-PT","@id":"https:\/\/www.safinel.fr\/produit\/feuilles-de-patate-douce\/#primaryimage","url":"https:\/\/www.safinel.fr\/wp-content\/uploads\/2023\/05\/patate-douce-site.jpg","contentUrl":"https:\/\/www.safinel.fr\/wp-content\/uploads\/2023\/05\/patate-douce-site.jpg","width":600,"height":600,"caption":"Feuilles de patate douce"},{"@type":"BreadcrumbList","@id":"https:\/\/www.safinel.fr\/produit\/feuilles-de-patate-douce\/#breadcrumb","itemListElement":[{"@type":"ListItem","position":1,"name":"Accueil","item":"https:\/\/www.safinel.fr\/"},{"@type":"ListItem","position":2,"name":"Boutique","item":"https:\/\/www.safinel.fr\/boutique\/"},{"@type":"ListItem","position":3,"name":"Feuilles de patate douce"}]},{"@type":"WebSite","@id":"https:\/\/www.safinel.fr\/#website","url":"https:\/\/www.safinel.fr\/","name":"Safinel","description":"","publisher":{"@id":"https:\/\/www.safinel.fr\/#organization"},"potentialAction":[{"@type":"SearchAction","target":{"@type":"EntryPoint","urlTemplate":"https:\/\/www.safinel.fr\/?s={search_term_string}"},"query-input":{"@type":"PropertyValueSpecification","valueRequired":true,"valueName":"search_term_string"}}],"inLanguage":"pt-PT"},{"@type":"Organization","@id":"https:\/\/www.safinel.fr\/#organization","name":"Safinel","url":"https:\/\/www.safinel.fr\/","logo":{"@type":"ImageObject","inLanguage":"pt-PT","@id":"https:\/\/www.safinel.fr\/#\/schema\/logo\/image\/","url":"https:\/\/www.safinel.fr\/wp-content\/uploads\/2021\/05\/boutique-cosmetique.png","contentUrl":"https:\/\/www.safinel.fr\/wp-content\/uploads\/2021\/05\/boutique-cosmetique.png","width":800,"height":200,"caption":"Safinel"},"image":{"@id":"https:\/\/www.safinel.fr\/#\/schema\/logo\/image\/"}}]}},"_links":{"self":[{"href":"https:\/\/www.safinel.fr\/pt\/wp-json\/wp\/v2\/product\/6251","targetHints":{"allow":["GET"]}}],"collection":[{"href":"https:\/\/www.safinel.fr\/pt\/wp-json\/wp\/v2\/product"}],"about":[{"href":"https:\/\/www.safinel.fr\/pt\/wp-json\/wp\/v2\/types\/product"}],"wp:featuredmedia":[{"embeddable":true,"href":"https:\/\/www.safinel.fr\/pt\/wp-json\/wp\/v2\/media\/6252"}],"wp:attachment":[{"href":"https:\/\/www.safinel.fr\/pt\/wp-json\/wp\/v2\/media?parent=6251"}],"wp:term":[{"taxonomy":"product_brand","embeddable":true,"href":"https:\/\/www.safinel.fr\/pt\/wp-json\/wp\/v2\/product_brand?post=6251"},{"taxonomy":"product_cat","embeddable":true,"href":"https:\/\/www.safinel.fr\/pt\/wp-json\/wp\/v2\/product_cat?post=6251"},{"taxonomy":"product_tag","embeddable":true,"href":"https:\/\/www.safinel.fr\/pt\/wp-json\/wp\/v2\/product_tag?post=6251"}],"curies":[{"name":"wp","href":"https:\/\/api.w.org\/{rel}","templated":true}]}}