{"id":621,"date":"2021-12-19T14:10:58","date_gmt":"2021-12-19T14:10:58","guid":{"rendered":"https:\/\/www.safinel.fr\/?post_type=product&#038;p=621"},"modified":"2024-03-30T18:16:50","modified_gmt":"2024-03-30T18:16:50","slug":"bolinhos-de-soumbala","status":"publish","type":"product","link":"https:\/\/www.safinel.fr\/pt\/product-2\/bolinhos-de-soumbala\/","title":{"rendered":"Soumbala (Soumara)"},"content":{"rendered":"<p>Os\u00a0<strong>bolinhos de soumbala<\/strong>, ou netetou  isso diz-lhe alguma coisa? Estas \u00faltimas s\u00e3o tradicionalmente fabricadas com as sementes da \u00e1rvore N\u00e9r\u00e9. Muito utilizadas na \u00c1frica Ocidental, as <strong>sementes de soumbala<\/strong>\u00a0s\u00e3o muito ricos em prote\u00ednas.<\/p>\n<p>Venha conosco, vamos descobri-los!<\/p>\n<h2><strong>As bolas de soumbala: o que s\u00e3o?\u00a0<\/strong><\/h2>\n<p>Tamb\u00e9m conhecido como<strong>\u00a0mostarda africana<\/strong>, o Soumbala goza de uma excelente reputa\u00e7\u00e3o nas comunidades tradicionais da \u00c1frica Ocidental. Na verdade, \u00e9 um ingrediente indispens\u00e1vel na\u00a0<strong>cozinha mandinga,<\/strong>\u00a0onde \u00e9 utilizado para real\u00e7ar de forma excelente o sabor das refei\u00e7\u00f5es.<\/p>\n<p>No entanto, se voc\u00ea acha que o soumbala \u00e9 apenas um\u00a0<strong>especiaria<\/strong>, n\u00e3o se engane! Ele tamb\u00e9m possui in\u00fameras propriedades e diferentes utiliza\u00e7\u00f5es. Portanto, esta erva arom\u00e1tica tem muito mais a nos revelar!<\/p>\n<p>Vendidas nos mercados locais em forma de bolas, hoje oferecemos-lhe estas bolas no nosso site Safinel. Ent\u00e3o, n\u00e3o espere mais e venha descobri-las.<\/p>\n<h3><strong>As bolas de soumbala t\u00eam um talento incr\u00edvel\u00a0<\/strong><\/h3>\n<p>Nunca \u00e9 demais repetir: a sa\u00fade est\u00e1 no natural! Os\u00a0<strong>bolinhos de soumbala\u00a0<\/strong>repletos de virtudes ben\u00e9ficas para a nossa sa\u00fade. De facto,<\/p>\n<ul>\n<li>O seu teor em iodo ajuda a combater o aparecimento do b\u00f3cio; ;<\/li>\n<li>Elas favorecem a atividade card\u00edaca e o funcionamento do c\u00e9rebro; ;<\/li>\n<li>Ajudam a combater a hipertens\u00e3o arterial; ;<\/li>\n<li>Previnem e reduzem certas formas de anemia; ;<\/li>\n<li>Refor\u00e7am as defesas imunit\u00e1rias; ;<\/li>\n<li>Aliviam picadas e queimaduras; ;<\/li>\n<li>Ajudam a combater a fadiga gra\u00e7as ao seu elevado teor de vitamina A e C; ;<\/li>\n<li>Por fim, essas bolinhas s\u00e3o uma fonte nutricional acess\u00edvel a todos.<\/li>\n<\/ul>\n<h3><strong>As bolas de soumbala na cozinha<\/strong><\/h3>\n<p>Como mencionado acima, o Soumabala, tamb\u00e9m chamado de netetou na Costa do Marfim, \u00e9 uma especiaria natural indispens\u00e1vel na culin\u00e1ria. E isso gra\u00e7as ao seu aroma pronunciado e sabor incompar\u00e1vel. H\u00e1 alguns anos, este <strong>intensificador natural do sabor\u00a0<\/strong>era frequentemente utilizado como substituto da carne, gra\u00e7as ao seu teor em prote\u00ednas.<\/p>\n<p>Para um sabor renovado, pode utiliz\u00e1-lo em grelhados, mas tamb\u00e9m em caldos! Reinvente as suas receitas e d\u00ea-lhes mais sabor!<\/p>\n<p>Por outro lado, eis o nosso segredo para \u201catenuar\u201d o forte odor que elas exalam:<\/p>\n<ol>\n<li>Torrar durante alguns minutos em lume m\u00e9dio numa panela vazia.<\/li>\n<li>Em seguida, adicione uma colher de sopa das suas prepara\u00e7\u00f5es no in\u00edcio ou a meio da cozedura!<\/li>\n<li>O extra: misture com um pouco de gengibre.<\/li>\n<\/ol>\n<h3><strong>Conserva\u00e7\u00e3o e precau\u00e7\u00f5es<\/strong><\/h3>\n<p>Para uma boa e longa conserva\u00e7\u00e3o, os<strong>\u00a0bolinhos de soumbala<\/strong>\u00a0devem ser bem embalados. Isso reduzir\u00e1 o risco de contamina\u00e7\u00e3o. Por isso, \u00e9 importante armazen\u00e1-los numa caixa hermeticamente fechada.<\/p>\n<p>N\u00e3o existem precau\u00e7\u00f5es especiais quanto ao seu consumo. No entanto, para qualquer quest\u00e3o de ordem m\u00e9dica, \u00e9 necess\u00e1rio consultar o seu m\u00e9dico.<\/p>\n<h2><strong>Conhe\u00e7a alguns produtos de higiene feminina<\/strong><\/h2>\n<ul>\n<li>Como o nosso site \u00e9 um verdadeiro tesouro no que diz respeito ao bem-estar e aos produtos naturais, descubra a nossa sec\u00e7\u00e3o sobre intimidade.<\/li>\n<li>Senhoras, n\u00e3o negligenciem mais a sua higiene \u00edntima e optem pelos nossos produtos.<\/li>\n<li>Voc\u00ea poder\u00e1 encontrar, nomeadamente,\u00a0<a href=\"https:\/\/www.safinel.fr\/pt\/product-2\/po-de-nep-nep\/\"><strong>p\u00f3 de Nep Nep<\/strong><\/a>. O\u00a0<a href=\"https:\/\/www.safinel.fr\/pt\/product-2\/fruta-4-costelas-3-pecas\/\"><strong>fruta de 4 lados<\/strong><\/a>, ou ainda os\u00a0<a href=\"https:\/\/www.safinel.fr\/pt\/product-2\/raizes-de-vetiver\/\"><strong>ra\u00edzes de vetiver<\/strong><\/a>.<\/li>\n<li>E muito mais...<\/li>\n<\/ul>","protected":false},"excerpt":{"rendered":"<p><img decoding=\"async\" class=\"size-full wp-image-5091 aligncenter\" src=\"https:\/\/www.safinel.fr\/wp-content\/uploads\/2021\/06\/BANNIERE-ICONE-SAFINEL.webp\" alt=\"resseguro satinado\" width=\"800\" height=\"200\" srcset=\"https:\/\/www.safinel.fr\/wp-content\/uploads\/2021\/06\/BANNIERE-ICONE-SAFINEL.webp 800w, https:\/\/www.safinel.fr\/wp-content\/uploads\/2021\/06\/BANNIERE-ICONE-SAFINEL-600x150.webp 600w, https:\/\/www.safinel.fr\/wp-content\/uploads\/2021\/06\/BANNIERE-ICONE-SAFINEL-768x192.webp 768w\" sizes=\"(max-width: 800px) 100vw, 800px\" \/><\/p>","protected":false},"featured_media":4196,"template":"","meta":[],"product_brand":[],"product_cat":[44],"product_tag":[],"class_list":{"0":"post-621","1":"product","2":"type-product","3":"status-publish","4":"has-post-thumbnail","6":"product_cat-epices","8":"first","9":"instock","10":"shipping-taxable","11":"purchasable","12":"product-type-variable","13":"has-default-attributes"},"yoast_head":"<!-- This site is optimized with the Yoast SEO plugin v26.6 - https:\/\/yoast.com\/wordpress\/plugins\/seo\/ -->\n<title>Boules de soumbala 200g | Achat en ligne | Condiment africain<\/title>\n<meta name=\"description\" content=\"Les\u00a0boules de soumbala, \u00e7a vous dit quelque chose ? Ces derni\u00e8res sont fabriqu\u00e9es traditionnellement avec les graines de l\u2019arbre N\u00e9r\u00e9.\" \/>\n<meta name=\"robots\" content=\"index, follow, max-snippet:-1, max-image-preview:large, max-video-preview:-1\" \/>\n<link rel=\"canonical\" href=\"https:\/\/www.safinel.fr\/pt\/product-2\/bolinhos-de-soumbala\/\" \/>\n<meta property=\"og:locale\" content=\"pt_PT\" \/>\n<meta property=\"og:type\" content=\"article\" \/>\n<meta property=\"og:title\" content=\"Boules de soumbala 200g | Achat en ligne | Condiment africain\" \/>\n<meta property=\"og:description\" content=\"Les\u00a0boules de soumbala, \u00e7a vous dit quelque chose ? Ces derni\u00e8res sont fabriqu\u00e9es traditionnellement avec les graines de l\u2019arbre N\u00e9r\u00e9.\" \/>\n<meta property=\"og:url\" content=\"https:\/\/www.safinel.fr\/pt\/product-2\/bolinhos-de-soumbala\/\" \/>\n<meta property=\"og:site_name\" content=\"Safinel\" \/>\n<meta property=\"article:modified_time\" content=\"2024-03-30T18:16:50+00:00\" \/>\n<meta property=\"og:image\" content=\"https:\/\/www.safinel.fr\/wp-content\/uploads\/2021\/12\/boules-de-soumbala-soumara.jpg\" \/>\n\t<meta property=\"og:image:width\" content=\"600\" \/>\n\t<meta property=\"og:image:height\" content=\"600\" \/>\n\t<meta property=\"og:image:type\" content=\"image\/jpeg\" \/>\n<meta name=\"twitter:card\" content=\"summary_large_image\" \/>\n<meta name=\"twitter:label1\" content=\"Tempo estimado de leitura\" \/>\n\t<meta name=\"twitter:data1\" content=\"3 minutos\" \/>\n<script type=\"application\/ld+json\" class=\"yoast-schema-graph\">{\"@context\":\"https:\/\/schema.org\",\"@graph\":[{\"@type\":\"WebPage\",\"@id\":\"https:\/\/www.safinel.fr\/produit\/boules-de-soumbala\/\",\"url\":\"https:\/\/www.safinel.fr\/produit\/boules-de-soumbala\/\",\"name\":\"Boules de soumbala 200g | Achat en ligne | Condiment africain\",\"isPartOf\":{\"@id\":\"https:\/\/www.safinel.fr\/#website\"},\"primaryImageOfPage\":{\"@id\":\"https:\/\/www.safinel.fr\/produit\/boules-de-soumbala\/#primaryimage\"},\"image\":{\"@id\":\"https:\/\/www.safinel.fr\/produit\/boules-de-soumbala\/#primaryimage\"},\"thumbnailUrl\":\"https:\/\/www.safinel.fr\/wp-content\/uploads\/2021\/12\/boules-de-soumbala-soumara.jpg\",\"datePublished\":\"2021-12-19T14:10:58+00:00\",\"dateModified\":\"2024-03-30T18:16:50+00:00\",\"description\":\"Les\u00a0boules de soumbala, \u00e7a vous dit quelque chose ? Ces derni\u00e8res sont fabriqu\u00e9es traditionnellement avec les graines de l\u2019arbre N\u00e9r\u00e9.\",\"breadcrumb\":{\"@id\":\"https:\/\/www.safinel.fr\/produit\/boules-de-soumbala\/#breadcrumb\"},\"inLanguage\":\"pt-PT\",\"potentialAction\":[{\"@type\":\"ReadAction\",\"target\":[\"https:\/\/www.safinel.fr\/produit\/boules-de-soumbala\/\"]}]},{\"@type\":\"ImageObject\",\"inLanguage\":\"pt-PT\",\"@id\":\"https:\/\/www.safinel.fr\/produit\/boules-de-soumbala\/#primaryimage\",\"url\":\"https:\/\/www.safinel.fr\/wp-content\/uploads\/2021\/12\/boules-de-soumbala-soumara.jpg\",\"contentUrl\":\"https:\/\/www.safinel.fr\/wp-content\/uploads\/2021\/12\/boules-de-soumbala-soumara.jpg\",\"width\":600,\"height\":600,\"caption\":\"boules de soumbala soumara\"},{\"@type\":\"BreadcrumbList\",\"@id\":\"https:\/\/www.safinel.fr\/produit\/boules-de-soumbala\/#breadcrumb\",\"itemListElement\":[{\"@type\":\"ListItem\",\"position\":1,\"name\":\"Accueil\",\"item\":\"https:\/\/www.safinel.fr\/\"},{\"@type\":\"ListItem\",\"position\":2,\"name\":\"Boutique\",\"item\":\"https:\/\/www.safinel.fr\/boutique\/\"},{\"@type\":\"ListItem\",\"position\":3,\"name\":\"Soumbala (Soumara)\"}]},{\"@type\":\"WebSite\",\"@id\":\"https:\/\/www.safinel.fr\/#website\",\"url\":\"https:\/\/www.safinel.fr\/\",\"name\":\"Safinel\",\"description\":\"\",\"publisher\":{\"@id\":\"https:\/\/www.safinel.fr\/#organization\"},\"potentialAction\":[{\"@type\":\"SearchAction\",\"target\":{\"@type\":\"EntryPoint\",\"urlTemplate\":\"https:\/\/www.safinel.fr\/?s={search_term_string}\"},\"query-input\":{\"@type\":\"PropertyValueSpecification\",\"valueRequired\":true,\"valueName\":\"search_term_string\"}}],\"inLanguage\":\"pt-PT\"},{\"@type\":\"Organization\",\"@id\":\"https:\/\/www.safinel.fr\/#organization\",\"name\":\"Safinel\",\"url\":\"https:\/\/www.safinel.fr\/\",\"logo\":{\"@type\":\"ImageObject\",\"inLanguage\":\"pt-PT\",\"@id\":\"https:\/\/www.safinel.fr\/#\/schema\/logo\/image\/\",\"url\":\"https:\/\/www.safinel.fr\/wp-content\/uploads\/2021\/05\/boutique-cosmetique.png\",\"contentUrl\":\"https:\/\/www.safinel.fr\/wp-content\/uploads\/2021\/05\/boutique-cosmetique.png\",\"width\":800,\"height\":200,\"caption\":\"Safinel\"},\"image\":{\"@id\":\"https:\/\/www.safinel.fr\/#\/schema\/logo\/image\/\"}}]}<\/script>\n<!-- \/ Yoast SEO plugin. -->","yoast_head_json":{"title":"Bolinhas de soumbala 200 g | Compra online | Condimento africano","description":"As bolas de soumbala, dizem-lhe alguma coisa? Estas s\u00e3o tradicionalmente fabricadas com as sementes da \u00e1rvore N\u00e9r\u00e9.","robots":{"index":"index","follow":"follow","max-snippet":"max-snippet:-1","max-image-preview":"max-image-preview:large","max-video-preview":"max-video-preview:-1"},"canonical":"https:\/\/www.safinel.fr\/pt\/product-2\/bolinhos-de-soumbala\/","og_locale":"pt_PT","og_type":"article","og_title":"Boules de soumbala 200g | Achat en ligne | Condiment africain","og_description":"Les\u00a0boules de soumbala, \u00e7a vous dit quelque chose ? Ces derni\u00e8res sont fabriqu\u00e9es traditionnellement avec les graines de l\u2019arbre N\u00e9r\u00e9.","og_url":"https:\/\/www.safinel.fr\/pt\/product-2\/bolinhos-de-soumbala\/","og_site_name":"Safinel","article_modified_time":"2024-03-30T18:16:50+00:00","og_image":[{"width":600,"height":600,"url":"https:\/\/www.safinel.fr\/wp-content\/uploads\/2021\/12\/boules-de-soumbala-soumara.jpg","type":"image\/jpeg"}],"twitter_card":"summary_large_image","twitter_misc":{"Tempo estimado de leitura":"3 minutos"},"schema":{"@context":"https:\/\/schema.org","@graph":[{"@type":"WebPage","@id":"https:\/\/www.safinel.fr\/produit\/boules-de-soumbala\/","url":"https:\/\/www.safinel.fr\/produit\/boules-de-soumbala\/","name":"Bolinhas de soumbala 200 g | Compra online | Condimento africano","isPartOf":{"@id":"https:\/\/www.safinel.fr\/#website"},"primaryImageOfPage":{"@id":"https:\/\/www.safinel.fr\/produit\/boules-de-soumbala\/#primaryimage"},"image":{"@id":"https:\/\/www.safinel.fr\/produit\/boules-de-soumbala\/#primaryimage"},"thumbnailUrl":"https:\/\/www.safinel.fr\/wp-content\/uploads\/2021\/12\/boules-de-soumbala-soumara.jpg","datePublished":"2021-12-19T14:10:58+00:00","dateModified":"2024-03-30T18:16:50+00:00","description":"As bolas de soumbala, dizem-lhe alguma coisa? Estas s\u00e3o tradicionalmente fabricadas com as sementes da \u00e1rvore N\u00e9r\u00e9.","breadcrumb":{"@id":"https:\/\/www.safinel.fr\/produit\/boules-de-soumbala\/#breadcrumb"},"inLanguage":"pt-PT","potentialAction":[{"@type":"ReadAction","target":["https:\/\/www.safinel.fr\/produit\/boules-de-soumbala\/"]}]},{"@type":"ImageObject","inLanguage":"pt-PT","@id":"https:\/\/www.safinel.fr\/produit\/boules-de-soumbala\/#primaryimage","url":"https:\/\/www.safinel.fr\/wp-content\/uploads\/2021\/12\/boules-de-soumbala-soumara.jpg","contentUrl":"https:\/\/www.safinel.fr\/wp-content\/uploads\/2021\/12\/boules-de-soumbala-soumara.jpg","width":600,"height":600,"caption":"boules de soumbala soumara"},{"@type":"BreadcrumbList","@id":"https:\/\/www.safinel.fr\/produit\/boules-de-soumbala\/#breadcrumb","itemListElement":[{"@type":"ListItem","position":1,"name":"Accueil","item":"https:\/\/www.safinel.fr\/"},{"@type":"ListItem","position":2,"name":"Boutique","item":"https:\/\/www.safinel.fr\/boutique\/"},{"@type":"ListItem","position":3,"name":"Soumbala (Soumara)"}]},{"@type":"WebSite","@id":"https:\/\/www.safinel.fr\/#website","url":"https:\/\/www.safinel.fr\/","name":"Safinel","description":"","publisher":{"@id":"https:\/\/www.safinel.fr\/#organization"},"potentialAction":[{"@type":"SearchAction","target":{"@type":"EntryPoint","urlTemplate":"https:\/\/www.safinel.fr\/?s={search_term_string}"},"query-input":{"@type":"PropertyValueSpecification","valueRequired":true,"valueName":"search_term_string"}}],"inLanguage":"pt-PT"},{"@type":"Organization","@id":"https:\/\/www.safinel.fr\/#organization","name":"Safinel","url":"https:\/\/www.safinel.fr\/","logo":{"@type":"ImageObject","inLanguage":"pt-PT","@id":"https:\/\/www.safinel.fr\/#\/schema\/logo\/image\/","url":"https:\/\/www.safinel.fr\/wp-content\/uploads\/2021\/05\/boutique-cosmetique.png","contentUrl":"https:\/\/www.safinel.fr\/wp-content\/uploads\/2021\/05\/boutique-cosmetique.png","width":800,"height":200,"caption":"Safinel"},"image":{"@id":"https:\/\/www.safinel.fr\/#\/schema\/logo\/image\/"}}]}},"_links":{"self":[{"href":"https:\/\/www.safinel.fr\/pt\/wp-json\/wp\/v2\/product\/621","targetHints":{"allow":["GET"]}}],"collection":[{"href":"https:\/\/www.safinel.fr\/pt\/wp-json\/wp\/v2\/product"}],"about":[{"href":"https:\/\/www.safinel.fr\/pt\/wp-json\/wp\/v2\/types\/product"}],"wp:featuredmedia":[{"embeddable":true,"href":"https:\/\/www.safinel.fr\/pt\/wp-json\/wp\/v2\/media\/4196"}],"wp:attachment":[{"href":"https:\/\/www.safinel.fr\/pt\/wp-json\/wp\/v2\/media?parent=621"}],"wp:term":[{"taxonomy":"product_brand","embeddable":true,"href":"https:\/\/www.safinel.fr\/pt\/wp-json\/wp\/v2\/product_brand?post=621"},{"taxonomy":"product_cat","embeddable":true,"href":"https:\/\/www.safinel.fr\/pt\/wp-json\/wp\/v2\/product_cat?post=621"},{"taxonomy":"product_tag","embeddable":true,"href":"https:\/\/www.safinel.fr\/pt\/wp-json\/wp\/v2\/product_tag?post=621"}],"curies":[{"name":"wp","href":"https:\/\/api.w.org\/{rel}","templated":true}]}}