{"id":6205,"date":"2023-05-26T14:51:58","date_gmt":"2023-05-26T14:51:58","guid":{"rendered":"https:\/\/www.safinel.fr\/?post_type=product&#038;p=6205"},"modified":"2023-12-28T17:15:59","modified_gmt":"2023-12-28T17:15:59","slug":"acafrao-de-taliouine","status":"publish","type":"product","link":"https:\/\/www.safinel.fr\/pt\/product-2\/acafrao-de-taliouine\/","title":{"rendered":"A\u00e7afr\u00e3o de Taliouine (DOP) 1 g"},"content":{"rendered":"<p>O a\u00e7afr\u00e3o, essa especiaria preciosa e misteriosa, \u00e9 conhecido pelas suas in\u00fameras propriedades ben\u00e9ficas para a sa\u00fade e o bem-estar. <strong>No Marrocos, o a\u00e7afr\u00e3o de Taliouine \u00e9 particularmente apreciado pela sua qualidade excecional.<\/strong>.<\/p>\n<p>Descubra os m\u00faltiplos benef\u00edcios deste ouro vermelho de origem natural e como ele pode contribuir para melhorar o seu dia a dia.<\/p>\n<h2><strong>O a\u00e7afr\u00e3o: uma especiaria com mil virtudes<\/strong><\/h2>\n<p>Cultivada h\u00e1 mil\u00e9nios, a planta do a\u00e7afr\u00e3o sempre foi utilizada pelas suas propriedades medicinais e culin\u00e1rias. <strong>Da melhoria da circula\u00e7\u00e3o sangu\u00ednea ao al\u00edvio das <a href=\"https:\/\/www.safinel.fr\/pt\/product-2\/po-de-perolas\/\">dores dent\u00e1rias<\/a><\/strong>, passando pelos seus efeitos afrodis\u00edacos, esta especiaria revela-se uma verdadeira aliada para a nossa sa\u00fade global.<\/p>\n<ul>\n<li><strong>Melhoria da circula\u00e7\u00e3o sangu\u00ednea<\/strong><\/li>\n<\/ul>\n<p>O a\u00e7afr\u00e3o possui propriedades vasodilatadoras que promovem uma boa circula\u00e7\u00e3o sangu\u00ednea em todo o organismo. Na verdade, ele atua sobre os vasos sangu\u00edneos dilatando-os, o que permite uma melhor oxigena\u00e7\u00e3o das c\u00e9lulas e previne o aparecimento de v\u00e1rias patologias cardiovasculares, como hipertens\u00e3o arterial ou acidentes vasculares cerebrais.<\/p>\n<ul>\n<li><strong>Al\u00edvio das dores dent\u00e1rias<\/strong><\/li>\n<\/ul>\n<p>Devido \u00e0s suas propriedades analg\u00e9sicas e anti-inflamat\u00f3rias, o a\u00e7afr\u00e3o tamb\u00e9m \u00e9 eficaz no al\u00edvio das dores dent\u00e1rias. Basta aplicar uma pasta \u00e0 base de a\u00e7afr\u00e3o e \u00e1gua na zona dolorida para sentir um al\u00edvio r\u00e1pido.<\/p>\n<ul>\n<li><strong>Um afrodis\u00edaco natural<\/strong><\/li>\n<\/ul>\n<p>O a\u00e7afr\u00e3o possui propriedades estimulantes e afrodis\u00edacas, que contribuem para melhorar a libido e o desempenho sexual. Utilizado desde a Antiguidade pelos seus efeitos sobre a vitalidade e a energia, continua a ser uma solu\u00e7\u00e3o natural para remediar os problemas de ere\u00e7\u00e3o ou de desejo, tanto nos homens como nas mulheres.<\/p>\n<h2><strong>O a\u00e7afr\u00e3o marroquino de Taliouine: uma garantia de qualidade<\/strong><\/h2>\n<p>No Marrocos, a regi\u00e3o de Taliouine \u00e9 particularmente conhecida pela qualidade excecional do seu a\u00e7afr\u00e3o. O clima e as condi\u00e7\u00f5es ideais de cultivo permitem obter um produto com aromas intensos e in\u00fameras propriedades ben\u00e9ficas para a sa\u00fade. Os produtores locais utilizam m\u00e9todos tradicionais e respeitadores do ambiente para cultivar esta especiaria rara e preciosa.<\/p>\n<h3><strong>Uma colheita meticulosa e artesanal<\/strong><\/h3>\n<p>A colheita do a\u00e7afr\u00e3o marroquino ainda hoje \u00e9 feita de forma tradicional e manual. Os produtores levantam-se muito cedo pela manh\u00e3 para colher as flores de a\u00e7afr\u00e3o \u00e0 m\u00e3o, antes do nascer do sol. Este m\u00e9todo permite preservar da melhor forma as qualidades organol\u00e9pticas e medicinais desta delicada especiaria.<\/p>\n<h3><strong>Uma produ\u00e7\u00e3o respeitosa do ambiente<\/strong><\/h3>\n<p>Os produtores de a\u00e7afr\u00e3o marroquino atribuem grande import\u00e2ncia ao respeito pelo ambiente e \u00e0 preserva\u00e7\u00e3o dos recursos naturais.<strong> Assim, eles utilizam m\u00e9todos de cultivo ecol\u00f3gicos e sustent\u00e1veis,<\/strong> tais como a irriga\u00e7\u00e3o gota a gota ou ainda o uso de fertilizantes naturais para enriquecer os solos.<\/p>\n<h2><strong>Como aproveitar os benef\u00edcios do ouro vermelho?<\/strong><\/h2>\n<p>O consumo regular de a\u00e7afr\u00e3o marroquino pode ajud\u00e1-lo a beneficiar dos seus in\u00fameros benef\u00edcios para a sa\u00fade e o bem-estar.<\/p>\n<h3><strong>Aqui est\u00e3o algumas ideias para integrar esta especiaria preciosa no seu dia a dia:<\/strong><\/h3>\n<ul>\n<li><strong>Em infus\u00e3o<\/strong> : deixe uma pitada de a\u00e7afr\u00e3o em infus\u00e3o numa ch\u00e1vena de \u00e1gua quente durante alguns minutos e, se desejar, adicione um pouco de <a href=\"https:\/\/www.safinel.fr\/pt\/product-category-2\/apicultura\/\"><strong>mel para ado\u00e7ar o sabor<\/strong><\/a>. Tamb\u00e9m pode misturar o a\u00e7afr\u00e3o com outras plantas com propriedades relaxantes, como a camomila ou a verbena.<\/li>\n<li><strong>Nos seus pratos<\/strong> : incorpore o ouro vermelho nas suas receitas salgadas ou doces para lhes dar um toque ex\u00f3tico e sabores intensos. Combina particularmente bem com peixe, legumes ou sobremesas \u00e0 base de leite, como cremes queimados ou mousses.<\/li>\n<li><strong>Como suplemento alimentar<\/strong> : c\u00e1psulas \u00e0 base desta especiaria marroquina est\u00e3o dispon\u00edveis no mercado. Permitem-lhe desfrutar facilmente das suas propriedades ben\u00e9ficas para a sa\u00fade. No entanto, certifique-se de que escolhe um produto de qualidade, proveniente de uma cadeia de produ\u00e7\u00e3o \u00e9tica e respeitadora do ambiente.<\/li>\n<\/ul>\n<p>Com o seu sabor \u00fanico e as suas in\u00fameras propriedades ben\u00e9ficas, o a\u00e7afr\u00e3o marroquino \u00e9 verdadeiramente uma especiaria excecional a integrar no seu quotidiano. N\u00e3o hesite mais e deixe-se seduzir por este ouro vermelho com mil virtudes!<\/p>","protected":false},"excerpt":{"rendered":"<p><strong>Alguns benef\u00edcios:<\/strong><\/p>\n<ul>\n<li><strong>Melhoria da circula\u00e7\u00e3o sangu\u00ednea:\u00a0<\/strong><span style=\"color: #555555;\">O a\u00e7afr\u00e3o possui propriedades vasodilatadoras que promovem uma boa circula\u00e7\u00e3o sangu\u00ednea em todo o organismo. Na verdade, ele atua sobre os vasos sangu\u00edneos dilatando-os, o que permite uma melhor oxigena\u00e7\u00e3o das c\u00e9lulas e previne o aparecimento de v\u00e1rias patologias cardiovasculares, como hipertens\u00e3o arterial ou acidentes vasculares cerebrais.<\/span><\/li>\n<\/ul>\n<ul>\n<li><strong>Al\u00edvio das dores dent\u00e1rias:\u00a0<\/strong><span style=\"color: #555555;\">Devido \u00e0s suas propriedades analg\u00e9sicas e anti-inflamat\u00f3rias, o a\u00e7afr\u00e3o tamb\u00e9m \u00e9 eficaz no al\u00edvio das dores dent\u00e1rias. Basta aplicar uma pasta \u00e0 base de a\u00e7afr\u00e3o e \u00e1gua na zona dolorida para sentir um al\u00edvio r\u00e1pido.<\/span><\/li>\n<\/ul>\n<p><img decoding=\"async\" class=\"size-full wp-image-5091 aligncenter\" src=\"https:\/\/www.safinel.fr\/wp-content\/uploads\/2021\/06\/BANNIERE-ICONE-SAFINEL.webp\" alt=\"resseguro satinado\" width=\"800\" height=\"200\" srcset=\"https:\/\/www.safinel.fr\/wp-content\/uploads\/2021\/06\/BANNIERE-ICONE-SAFINEL.webp 800w, https:\/\/www.safinel.fr\/wp-content\/uploads\/2021\/06\/BANNIERE-ICONE-SAFINEL-600x150.webp 600w, https:\/\/www.safinel.fr\/wp-content\/uploads\/2021\/06\/BANNIERE-ICONE-SAFINEL-768x192.webp 768w\" sizes=\"(max-width: 800px) 100vw, 800px\" \/><\/p>","protected":false},"featured_media":6217,"template":"","meta":[],"product_brand":[],"product_cat":[169,53],"product_tag":[],"class_list":{"0":"post-6205","1":"product","2":"type-product","3":"status-publish","4":"has-post-thumbnail","6":"product_cat-epices-du-monde","7":"product_cat-epices-marocaines","9":"first","10":"instock","11":"shipping-taxable","12":"purchasable","13":"product-type-simple"},"yoast_head":"<!-- This site is optimized with the Yoast SEO plugin v26.6 - https:\/\/yoast.com\/wordpress\/plugins\/seo\/ -->\n<title>Safran de Taliouine I Safran marocain I Bienfaits nombreux<\/title>\n<meta name=\"description\" content=\"Le Safran de Taliouine, cette \u00e9pice pr\u00e9cieuse et myst\u00e9rieuse, est r\u00e9put\u00e9 pour ses nombreuses vertus sant\u00e9 et bien-\u00eatre. Adoptez-l\u00e0 !\" \/>\n<meta name=\"robots\" content=\"index, follow, max-snippet:-1, max-image-preview:large, max-video-preview:-1\" \/>\n<link rel=\"canonical\" href=\"https:\/\/www.safinel.fr\/pt\/product-2\/acafrao-de-taliouine\/\" \/>\n<meta property=\"og:locale\" content=\"pt_PT\" \/>\n<meta property=\"og:type\" content=\"article\" \/>\n<meta property=\"og:title\" content=\"Safran de Taliouine I Safran marocain I Bienfaits nombreux\" \/>\n<meta property=\"og:description\" content=\"Le Safran de Taliouine, cette \u00e9pice pr\u00e9cieuse et myst\u00e9rieuse, est r\u00e9put\u00e9 pour ses nombreuses vertus sant\u00e9 et bien-\u00eatre. Adoptez-l\u00e0 !\" \/>\n<meta property=\"og:url\" content=\"https:\/\/www.safinel.fr\/pt\/product-2\/acafrao-de-taliouine\/\" \/>\n<meta property=\"og:site_name\" content=\"Safinel\" \/>\n<meta property=\"article:modified_time\" content=\"2023-12-28T17:15:59+00:00\" \/>\n<meta property=\"og:image\" content=\"https:\/\/www.safinel.fr\/wp-content\/uploads\/2023\/05\/safran-pur-du-maroc.jpg\" \/>\n\t<meta property=\"og:image:width\" content=\"600\" \/>\n\t<meta property=\"og:image:height\" content=\"600\" \/>\n\t<meta property=\"og:image:type\" content=\"image\/jpeg\" \/>\n<meta name=\"twitter:card\" content=\"summary_large_image\" \/>\n<meta name=\"twitter:label1\" content=\"Tempo estimado de leitura\" \/>\n\t<meta name=\"twitter:data1\" content=\"4 minutos\" \/>\n<script type=\"application\/ld+json\" class=\"yoast-schema-graph\">{\"@context\":\"https:\/\/schema.org\",\"@graph\":[{\"@type\":\"WebPage\",\"@id\":\"https:\/\/www.safinel.fr\/produit\/safran-de-taliouine\/\",\"url\":\"https:\/\/www.safinel.fr\/produit\/safran-de-taliouine\/\",\"name\":\"Safran de Taliouine I Safran marocain I Bienfaits nombreux\",\"isPartOf\":{\"@id\":\"https:\/\/www.safinel.fr\/#website\"},\"primaryImageOfPage\":{\"@id\":\"https:\/\/www.safinel.fr\/produit\/safran-de-taliouine\/#primaryimage\"},\"image\":{\"@id\":\"https:\/\/www.safinel.fr\/produit\/safran-de-taliouine\/#primaryimage\"},\"thumbnailUrl\":\"https:\/\/www.safinel.fr\/wp-content\/uploads\/2023\/05\/safran-pur-du-maroc.jpg\",\"datePublished\":\"2023-05-26T14:51:58+00:00\",\"dateModified\":\"2023-12-28T17:15:59+00:00\",\"description\":\"Le Safran de Taliouine, cette \u00e9pice pr\u00e9cieuse et myst\u00e9rieuse, est r\u00e9put\u00e9 pour ses nombreuses vertus sant\u00e9 et bien-\u00eatre. Adoptez-l\u00e0 !\",\"breadcrumb\":{\"@id\":\"https:\/\/www.safinel.fr\/produit\/safran-de-taliouine\/#breadcrumb\"},\"inLanguage\":\"pt-PT\",\"potentialAction\":[{\"@type\":\"ReadAction\",\"target\":[\"https:\/\/www.safinel.fr\/produit\/safran-de-taliouine\/\"]}]},{\"@type\":\"ImageObject\",\"inLanguage\":\"pt-PT\",\"@id\":\"https:\/\/www.safinel.fr\/produit\/safran-de-taliouine\/#primaryimage\",\"url\":\"https:\/\/www.safinel.fr\/wp-content\/uploads\/2023\/05\/safran-pur-du-maroc.jpg\",\"contentUrl\":\"https:\/\/www.safinel.fr\/wp-content\/uploads\/2023\/05\/safran-pur-du-maroc.jpg\",\"width\":600,\"height\":600,\"caption\":\"Safran de Taliouine (AOP) 1g\"},{\"@type\":\"BreadcrumbList\",\"@id\":\"https:\/\/www.safinel.fr\/produit\/safran-de-taliouine\/#breadcrumb\",\"itemListElement\":[{\"@type\":\"ListItem\",\"position\":1,\"name\":\"Accueil\",\"item\":\"https:\/\/www.safinel.fr\/\"},{\"@type\":\"ListItem\",\"position\":2,\"name\":\"Boutique\",\"item\":\"https:\/\/www.safinel.fr\/boutique\/\"},{\"@type\":\"ListItem\",\"position\":3,\"name\":\"Safran de Taliouine (AOP) 1g\"}]},{\"@type\":\"WebSite\",\"@id\":\"https:\/\/www.safinel.fr\/#website\",\"url\":\"https:\/\/www.safinel.fr\/\",\"name\":\"Safinel\",\"description\":\"\",\"publisher\":{\"@id\":\"https:\/\/www.safinel.fr\/#organization\"},\"potentialAction\":[{\"@type\":\"SearchAction\",\"target\":{\"@type\":\"EntryPoint\",\"urlTemplate\":\"https:\/\/www.safinel.fr\/?s={search_term_string}\"},\"query-input\":{\"@type\":\"PropertyValueSpecification\",\"valueRequired\":true,\"valueName\":\"search_term_string\"}}],\"inLanguage\":\"pt-PT\"},{\"@type\":\"Organization\",\"@id\":\"https:\/\/www.safinel.fr\/#organization\",\"name\":\"Safinel\",\"url\":\"https:\/\/www.safinel.fr\/\",\"logo\":{\"@type\":\"ImageObject\",\"inLanguage\":\"pt-PT\",\"@id\":\"https:\/\/www.safinel.fr\/#\/schema\/logo\/image\/\",\"url\":\"https:\/\/www.safinel.fr\/wp-content\/uploads\/2021\/05\/boutique-cosmetique.png\",\"contentUrl\":\"https:\/\/www.safinel.fr\/wp-content\/uploads\/2021\/05\/boutique-cosmetique.png\",\"width\":800,\"height\":200,\"caption\":\"Safinel\"},\"image\":{\"@id\":\"https:\/\/www.safinel.fr\/#\/schema\/logo\/image\/\"}}]}<\/script>\n<!-- \/ Yoast SEO plugin. -->","yoast_head_json":{"title":"A\u00e7afr\u00e3o de Taliouine I A\u00e7afr\u00e3o marroquino I In\u00fameros benef\u00edcios","description":"O a\u00e7afr\u00e3o de Taliouine, essa especiaria preciosa e misteriosa, \u00e9 conhecido pelas suas in\u00fameras propriedades ben\u00e9ficas para a sa\u00fade e o bem-estar. Adote-o!","robots":{"index":"index","follow":"follow","max-snippet":"max-snippet:-1","max-image-preview":"max-image-preview:large","max-video-preview":"max-video-preview:-1"},"canonical":"https:\/\/www.safinel.fr\/pt\/product-2\/acafrao-de-taliouine\/","og_locale":"pt_PT","og_type":"article","og_title":"Safran de Taliouine I Safran marocain I Bienfaits nombreux","og_description":"Le Safran de Taliouine, cette \u00e9pice pr\u00e9cieuse et myst\u00e9rieuse, est r\u00e9put\u00e9 pour ses nombreuses vertus sant\u00e9 et bien-\u00eatre. Adoptez-l\u00e0 !","og_url":"https:\/\/www.safinel.fr\/pt\/product-2\/acafrao-de-taliouine\/","og_site_name":"Safinel","article_modified_time":"2023-12-28T17:15:59+00:00","og_image":[{"width":600,"height":600,"url":"https:\/\/www.safinel.fr\/wp-content\/uploads\/2023\/05\/safran-pur-du-maroc.jpg","type":"image\/jpeg"}],"twitter_card":"summary_large_image","twitter_misc":{"Tempo estimado de leitura":"4 minutos"},"schema":{"@context":"https:\/\/schema.org","@graph":[{"@type":"WebPage","@id":"https:\/\/www.safinel.fr\/produit\/safran-de-taliouine\/","url":"https:\/\/www.safinel.fr\/produit\/safran-de-taliouine\/","name":"A\u00e7afr\u00e3o de Taliouine I A\u00e7afr\u00e3o marroquino I In\u00fameros benef\u00edcios","isPartOf":{"@id":"https:\/\/www.safinel.fr\/#website"},"primaryImageOfPage":{"@id":"https:\/\/www.safinel.fr\/produit\/safran-de-taliouine\/#primaryimage"},"image":{"@id":"https:\/\/www.safinel.fr\/produit\/safran-de-taliouine\/#primaryimage"},"thumbnailUrl":"https:\/\/www.safinel.fr\/wp-content\/uploads\/2023\/05\/safran-pur-du-maroc.jpg","datePublished":"2023-05-26T14:51:58+00:00","dateModified":"2023-12-28T17:15:59+00:00","description":"O a\u00e7afr\u00e3o de Taliouine, essa especiaria preciosa e misteriosa, \u00e9 conhecido pelas suas in\u00fameras propriedades ben\u00e9ficas para a sa\u00fade e o bem-estar. Adote-o!","breadcrumb":{"@id":"https:\/\/www.safinel.fr\/produit\/safran-de-taliouine\/#breadcrumb"},"inLanguage":"pt-PT","potentialAction":[{"@type":"ReadAction","target":["https:\/\/www.safinel.fr\/produit\/safran-de-taliouine\/"]}]},{"@type":"ImageObject","inLanguage":"pt-PT","@id":"https:\/\/www.safinel.fr\/produit\/safran-de-taliouine\/#primaryimage","url":"https:\/\/www.safinel.fr\/wp-content\/uploads\/2023\/05\/safran-pur-du-maroc.jpg","contentUrl":"https:\/\/www.safinel.fr\/wp-content\/uploads\/2023\/05\/safran-pur-du-maroc.jpg","width":600,"height":600,"caption":"Safran de Taliouine (AOP) 1g"},{"@type":"BreadcrumbList","@id":"https:\/\/www.safinel.fr\/produit\/safran-de-taliouine\/#breadcrumb","itemListElement":[{"@type":"ListItem","position":1,"name":"Accueil","item":"https:\/\/www.safinel.fr\/"},{"@type":"ListItem","position":2,"name":"Boutique","item":"https:\/\/www.safinel.fr\/boutique\/"},{"@type":"ListItem","position":3,"name":"Safran de Taliouine (AOP) 1g"}]},{"@type":"WebSite","@id":"https:\/\/www.safinel.fr\/#website","url":"https:\/\/www.safinel.fr\/","name":"Safinel","description":"","publisher":{"@id":"https:\/\/www.safinel.fr\/#organization"},"potentialAction":[{"@type":"SearchAction","target":{"@type":"EntryPoint","urlTemplate":"https:\/\/www.safinel.fr\/?s={search_term_string}"},"query-input":{"@type":"PropertyValueSpecification","valueRequired":true,"valueName":"search_term_string"}}],"inLanguage":"pt-PT"},{"@type":"Organization","@id":"https:\/\/www.safinel.fr\/#organization","name":"Safinel","url":"https:\/\/www.safinel.fr\/","logo":{"@type":"ImageObject","inLanguage":"pt-PT","@id":"https:\/\/www.safinel.fr\/#\/schema\/logo\/image\/","url":"https:\/\/www.safinel.fr\/wp-content\/uploads\/2021\/05\/boutique-cosmetique.png","contentUrl":"https:\/\/www.safinel.fr\/wp-content\/uploads\/2021\/05\/boutique-cosmetique.png","width":800,"height":200,"caption":"Safinel"},"image":{"@id":"https:\/\/www.safinel.fr\/#\/schema\/logo\/image\/"}}]}},"_links":{"self":[{"href":"https:\/\/www.safinel.fr\/pt\/wp-json\/wp\/v2\/product\/6205","targetHints":{"allow":["GET"]}}],"collection":[{"href":"https:\/\/www.safinel.fr\/pt\/wp-json\/wp\/v2\/product"}],"about":[{"href":"https:\/\/www.safinel.fr\/pt\/wp-json\/wp\/v2\/types\/product"}],"wp:featuredmedia":[{"embeddable":true,"href":"https:\/\/www.safinel.fr\/pt\/wp-json\/wp\/v2\/media\/6217"}],"wp:attachment":[{"href":"https:\/\/www.safinel.fr\/pt\/wp-json\/wp\/v2\/media?parent=6205"}],"wp:term":[{"taxonomy":"product_brand","embeddable":true,"href":"https:\/\/www.safinel.fr\/pt\/wp-json\/wp\/v2\/product_brand?post=6205"},{"taxonomy":"product_cat","embeddable":true,"href":"https:\/\/www.safinel.fr\/pt\/wp-json\/wp\/v2\/product_cat?post=6205"},{"taxonomy":"product_tag","embeddable":true,"href":"https:\/\/www.safinel.fr\/pt\/wp-json\/wp\/v2\/product_tag?post=6205"}],"curies":[{"name":"wp","href":"https:\/\/api.w.org\/{rel}","templated":true}]}}