{"id":619,"date":"2021-12-19T13:55:08","date_gmt":"2021-12-19T13:55:08","guid":{"rendered":"https:\/\/www.safinel.fr\/?post_type=product&#038;p=619"},"modified":"2023-12-28T17:15:09","modified_gmt":"2023-12-28T17:15:09","slug":"pasta-de-dentes-solida-siwak-menta","status":"publish","type":"product","link":"https:\/\/www.safinel.fr\/pt\/product-2\/pasta-de-dentes-solida-siwak-menta\/","title":{"rendered":"Pasta de dentes s\u00f3lida siwak menta 35 g"},"content":{"rendered":"<p>Descubra o\u00a0<strong>pasta de dentes s\u00f3lida com siwak \/ menta<\/strong>. Esta alternativa\u00a0<strong>natural<\/strong>\u00a0O uso de pasta de dentes industrial e qu\u00edmica constitui uma revolu\u00e7\u00e3o. Ela permitir\u00e1, nomeadamente, aperfei\u00e7oar a sua\u00a0<strong>higiene oral<\/strong>\u00a0sem comprometer a sua\u00a0<strong>sa\u00fade<\/strong>. Consuma de forma mais inteligente e adquira produtos de qualidade sem gastar muito.<\/p>\n<h2><strong>O Siwak, um pequeno pauzinho com in\u00fameras virtudes<\/strong><\/h2>\n<p>Este creme dental feito a partir de siwak e menta certamente ir\u00e1 convenc\u00ea-lo. A combina\u00e7\u00e3o do siwak com o frescor da menta torna este\u00a0<strong>pasta de dentes<\/strong>\u00a0impressionante. O siwak, tamb\u00e9m conhecido como\u00a0<strong>madeira de Araq<\/strong>, corresponde a um peda\u00e7o de pau natural usado como<strong>\u00a0escova de dentes<\/strong>. Essas vantagens s\u00e3o m\u00faltiplas. Permite, nomeadamente, limpar os dentes, preservando-os. Impede o aparecimento de\u00a0<strong>c\u00e1ries<\/strong>. A sua a\u00e7\u00e3o tamb\u00e9m ajuda a fortalecer as gengivas e as ra\u00edzes e\u00a0<strong>refresca o h\u00e1lito<\/strong>.<\/p>\n<h3><strong>Um creme dental s\u00f3lido de hortel\u00e3 siwak para maior frescura<\/strong><\/h3>\n<p>Al\u00e9m do siwak, este dent\u00edfrico cont\u00e9m tamb\u00e9m\u00a0<strong>hortel\u00e3<\/strong>. Assim, isso permite aumentar em dez vezes a a\u00e7\u00e3o refrescante deste creme dental. Na verdade, todos sabem que a menta traz frescor e uma\u00a0<strong>cheiro agrad\u00e1vel<\/strong>. Como mencionado acima, o siwak tamb\u00e9m tem uma a\u00e7\u00e3o refrescante. Portanto, ao escovar os dentes com este dent\u00edfrico, poder\u00e1 desfrutar da sua torrente de frescura. Temos uma vasta gama de\u00a0<strong>produtos cosm\u00e9ticos naturais.<\/strong>\u00a0Descubra o<a href=\"https:\/\/www.safinel.fr\/pt\/product-2\/carvao-vegetal-ativado-30-g\/\">\u00a0<strong>carv\u00e3o vegetal ativado<\/strong><\/a>\u00a0conhecido pelas suas propriedades purificantes e absorventes.<\/p>\n<h3><strong>Safinel, uma loja especializada em cosm\u00e9ticos naturais<\/strong><\/h3>\n<p>Os produtos que vendemos s\u00e3o selecionados de forma meticulosa e criteriosa. A nossa abordagem permite que todos tenham acesso a\u00a0<strong>produtos naturais<\/strong>, mesmo aqueles com or\u00e7amentos bastante modestos. A nossa capacidade de promover produtos de qualidade, produtos saud\u00e1veis a pre\u00e7os imbat\u00edveis \u00e9 a nossa grande for\u00e7a. Ent\u00e3o n\u00e3o espere mais e ofere\u00e7a ao seu\u00a0<strong>corpo<\/strong>\u00a0o que ele precisa.<\/p>","protected":false},"excerpt":{"rendered":"<p>D\u00e9couvrez le\u00a0dentifrice solide au siwak \/ menthe. Cette alternative\u00a0naturelle\u00a0\u00e0 l&rsquo;utilisation du dentifrice industriel et chimique constitue une r\u00e9volution. Elle vous permettra notamment de parfaire votre\u00a0hygi\u00e8ne bucco-dentaire\u00a0sans compromettre votre\u00a0sant\u00e9. Consommez plus malin et procurez-vous des produits de qualit\u00e9 sans vous ruiner. Le Siwak, un petit b\u00e2ton aux nombreuses vertus Ce dentifrice con\u00e7u \u00e0 partir de siwak [&#8230;]","protected":false},"featured_media":620,"template":"","meta":[],"product_brand":[],"product_cat":[34],"product_tag":[],"class_list":{"0":"post-619","1":"product","2":"type-product","3":"status-publish","4":"has-post-thumbnail","6":"product_cat-hygiene","8":"first","9":"instock","10":"shipping-taxable","11":"purchasable","12":"product-type-simple"},"yoast_head":"<!-- This site is optimized with the Yoast SEO plugin v26.6 - https:\/\/yoast.com\/wordpress\/plugins\/seo\/ -->\n<title>Dentifrice solide siwak menthe | Une hygi\u00e8ne bucco-dentaire saine<\/title>\n<meta name=\"description\" content=\"D\u00e9couvrez le\u00a0dentifrice solide siwak menthe. Cette alternative\u00a0naturelle\u00a0\u00e0 l&#039;utilisation du dentifrice industriel constitue une r\u00e9volution.\" \/>\n<meta name=\"robots\" content=\"index, follow, max-snippet:-1, max-image-preview:large, max-video-preview:-1\" \/>\n<link rel=\"canonical\" href=\"https:\/\/www.safinel.fr\/pt\/product-2\/pasta-de-dentes-solida-siwak-menta\/\" \/>\n<meta property=\"og:locale\" content=\"pt_PT\" \/>\n<meta property=\"og:type\" content=\"article\" \/>\n<meta property=\"og:title\" content=\"Dentifrice solide siwak menthe | Une hygi\u00e8ne bucco-dentaire saine\" \/>\n<meta property=\"og:description\" content=\"D\u00e9couvrez le\u00a0dentifrice solide siwak menthe. Cette alternative\u00a0naturelle\u00a0\u00e0 l&#039;utilisation du dentifrice industriel constitue une r\u00e9volution.\" \/>\n<meta property=\"og:url\" content=\"https:\/\/www.safinel.fr\/pt\/product-2\/pasta-de-dentes-solida-siwak-menta\/\" \/>\n<meta property=\"og:site_name\" content=\"Safinel\" \/>\n<meta property=\"article:modified_time\" content=\"2023-12-28T17:15:09+00:00\" \/>\n<meta property=\"og:image\" content=\"https:\/\/www.safinel.fr\/wp-content\/uploads\/2021\/12\/dentifrice-solide-siwak.jpg\" \/>\n\t<meta property=\"og:image:width\" content=\"600\" \/>\n\t<meta property=\"og:image:height\" content=\"600\" \/>\n\t<meta property=\"og:image:type\" content=\"image\/jpeg\" \/>\n<meta name=\"twitter:card\" content=\"summary_large_image\" \/>\n<meta name=\"twitter:label1\" content=\"Tempo estimado de leitura\" \/>\n\t<meta name=\"twitter:data1\" content=\"2 minutos\" \/>\n<script type=\"application\/ld+json\" class=\"yoast-schema-graph\">{\"@context\":\"https:\/\/schema.org\",\"@graph\":[{\"@type\":\"WebPage\",\"@id\":\"https:\/\/www.safinel.fr\/produit\/dentifrice-solide-siwak-menthe\/\",\"url\":\"https:\/\/www.safinel.fr\/produit\/dentifrice-solide-siwak-menthe\/\",\"name\":\"Dentifrice solide siwak menthe | Une hygi\u00e8ne bucco-dentaire saine\",\"isPartOf\":{\"@id\":\"https:\/\/www.safinel.fr\/#website\"},\"primaryImageOfPage\":{\"@id\":\"https:\/\/www.safinel.fr\/produit\/dentifrice-solide-siwak-menthe\/#primaryimage\"},\"image\":{\"@id\":\"https:\/\/www.safinel.fr\/produit\/dentifrice-solide-siwak-menthe\/#primaryimage\"},\"thumbnailUrl\":\"https:\/\/www.safinel.fr\/wp-content\/uploads\/2021\/12\/dentifrice-solide-siwak.jpg\",\"datePublished\":\"2021-12-19T13:55:08+00:00\",\"dateModified\":\"2023-12-28T17:15:09+00:00\",\"description\":\"D\u00e9couvrez le\u00a0dentifrice solide siwak menthe. Cette alternative\u00a0naturelle\u00a0\u00e0 l'utilisation du dentifrice industriel constitue une r\u00e9volution.\",\"breadcrumb\":{\"@id\":\"https:\/\/www.safinel.fr\/produit\/dentifrice-solide-siwak-menthe\/#breadcrumb\"},\"inLanguage\":\"pt-PT\",\"potentialAction\":[{\"@type\":\"ReadAction\",\"target\":[\"https:\/\/www.safinel.fr\/produit\/dentifrice-solide-siwak-menthe\/\"]}]},{\"@type\":\"ImageObject\",\"inLanguage\":\"pt-PT\",\"@id\":\"https:\/\/www.safinel.fr\/produit\/dentifrice-solide-siwak-menthe\/#primaryimage\",\"url\":\"https:\/\/www.safinel.fr\/wp-content\/uploads\/2021\/12\/dentifrice-solide-siwak.jpg\",\"contentUrl\":\"https:\/\/www.safinel.fr\/wp-content\/uploads\/2021\/12\/dentifrice-solide-siwak.jpg\",\"width\":600,\"height\":600,\"caption\":\"Dentifrice solide siwak menthe 35g\"},{\"@type\":\"BreadcrumbList\",\"@id\":\"https:\/\/www.safinel.fr\/produit\/dentifrice-solide-siwak-menthe\/#breadcrumb\",\"itemListElement\":[{\"@type\":\"ListItem\",\"position\":1,\"name\":\"Accueil\",\"item\":\"https:\/\/www.safinel.fr\/\"},{\"@type\":\"ListItem\",\"position\":2,\"name\":\"Boutique\",\"item\":\"https:\/\/www.safinel.fr\/boutique\/\"},{\"@type\":\"ListItem\",\"position\":3,\"name\":\"Dentifrice solide siwak menthe 35g\"}]},{\"@type\":\"WebSite\",\"@id\":\"https:\/\/www.safinel.fr\/#website\",\"url\":\"https:\/\/www.safinel.fr\/\",\"name\":\"Safinel\",\"description\":\"\",\"publisher\":{\"@id\":\"https:\/\/www.safinel.fr\/#organization\"},\"potentialAction\":[{\"@type\":\"SearchAction\",\"target\":{\"@type\":\"EntryPoint\",\"urlTemplate\":\"https:\/\/www.safinel.fr\/?s={search_term_string}\"},\"query-input\":{\"@type\":\"PropertyValueSpecification\",\"valueRequired\":true,\"valueName\":\"search_term_string\"}}],\"inLanguage\":\"pt-PT\"},{\"@type\":\"Organization\",\"@id\":\"https:\/\/www.safinel.fr\/#organization\",\"name\":\"Safinel\",\"url\":\"https:\/\/www.safinel.fr\/\",\"logo\":{\"@type\":\"ImageObject\",\"inLanguage\":\"pt-PT\",\"@id\":\"https:\/\/www.safinel.fr\/#\/schema\/logo\/image\/\",\"url\":\"https:\/\/www.safinel.fr\/wp-content\/uploads\/2021\/05\/boutique-cosmetique.png\",\"contentUrl\":\"https:\/\/www.safinel.fr\/wp-content\/uploads\/2021\/05\/boutique-cosmetique.png\",\"width\":800,\"height\":200,\"caption\":\"Safinel\"},\"image\":{\"@id\":\"https:\/\/www.safinel.fr\/#\/schema\/logo\/image\/\"}}]}<\/script>\n<!-- \/ Yoast SEO plugin. -->","yoast_head_json":{"title":"Pasta de dentes s\u00f3lida siwak menta | Uma higiene oral saud\u00e1vel","description":"Descubra o creme dental s\u00f3lido siwak menta. Esta alternativa natural ao uso de cremes dentais industriais \u00e9 uma revolu\u00e7\u00e3o.","robots":{"index":"index","follow":"follow","max-snippet":"max-snippet:-1","max-image-preview":"max-image-preview:large","max-video-preview":"max-video-preview:-1"},"canonical":"https:\/\/www.safinel.fr\/pt\/product-2\/pasta-de-dentes-solida-siwak-menta\/","og_locale":"pt_PT","og_type":"article","og_title":"Dentifrice solide siwak menthe | Une hygi\u00e8ne bucco-dentaire saine","og_description":"D\u00e9couvrez le\u00a0dentifrice solide siwak menthe. Cette alternative\u00a0naturelle\u00a0\u00e0 l'utilisation du dentifrice industriel constitue une r\u00e9volution.","og_url":"https:\/\/www.safinel.fr\/pt\/product-2\/pasta-de-dentes-solida-siwak-menta\/","og_site_name":"Safinel","article_modified_time":"2023-12-28T17:15:09+00:00","og_image":[{"width":600,"height":600,"url":"https:\/\/www.safinel.fr\/wp-content\/uploads\/2021\/12\/dentifrice-solide-siwak.jpg","type":"image\/jpeg"}],"twitter_card":"summary_large_image","twitter_misc":{"Tempo estimado de leitura":"2 minutos"},"schema":{"@context":"https:\/\/schema.org","@graph":[{"@type":"WebPage","@id":"https:\/\/www.safinel.fr\/produit\/dentifrice-solide-siwak-menthe\/","url":"https:\/\/www.safinel.fr\/produit\/dentifrice-solide-siwak-menthe\/","name":"Pasta de dentes s\u00f3lida siwak menta | Uma higiene oral saud\u00e1vel","isPartOf":{"@id":"https:\/\/www.safinel.fr\/#website"},"primaryImageOfPage":{"@id":"https:\/\/www.safinel.fr\/produit\/dentifrice-solide-siwak-menthe\/#primaryimage"},"image":{"@id":"https:\/\/www.safinel.fr\/produit\/dentifrice-solide-siwak-menthe\/#primaryimage"},"thumbnailUrl":"https:\/\/www.safinel.fr\/wp-content\/uploads\/2021\/12\/dentifrice-solide-siwak.jpg","datePublished":"2021-12-19T13:55:08+00:00","dateModified":"2023-12-28T17:15:09+00:00","description":"Descubra o creme dental s\u00f3lido siwak menta. Esta alternativa natural ao uso de cremes dentais industriais \u00e9 uma revolu\u00e7\u00e3o.","breadcrumb":{"@id":"https:\/\/www.safinel.fr\/produit\/dentifrice-solide-siwak-menthe\/#breadcrumb"},"inLanguage":"pt-PT","potentialAction":[{"@type":"ReadAction","target":["https:\/\/www.safinel.fr\/produit\/dentifrice-solide-siwak-menthe\/"]}]},{"@type":"ImageObject","inLanguage":"pt-PT","@id":"https:\/\/www.safinel.fr\/produit\/dentifrice-solide-siwak-menthe\/#primaryimage","url":"https:\/\/www.safinel.fr\/wp-content\/uploads\/2021\/12\/dentifrice-solide-siwak.jpg","contentUrl":"https:\/\/www.safinel.fr\/wp-content\/uploads\/2021\/12\/dentifrice-solide-siwak.jpg","width":600,"height":600,"caption":"Dentifrice solide siwak menthe 35g"},{"@type":"BreadcrumbList","@id":"https:\/\/www.safinel.fr\/produit\/dentifrice-solide-siwak-menthe\/#breadcrumb","itemListElement":[{"@type":"ListItem","position":1,"name":"Accueil","item":"https:\/\/www.safinel.fr\/"},{"@type":"ListItem","position":2,"name":"Boutique","item":"https:\/\/www.safinel.fr\/boutique\/"},{"@type":"ListItem","position":3,"name":"Dentifrice solide siwak menthe 35g"}]},{"@type":"WebSite","@id":"https:\/\/www.safinel.fr\/#website","url":"https:\/\/www.safinel.fr\/","name":"Safinel","description":"","publisher":{"@id":"https:\/\/www.safinel.fr\/#organization"},"potentialAction":[{"@type":"SearchAction","target":{"@type":"EntryPoint","urlTemplate":"https:\/\/www.safinel.fr\/?s={search_term_string}"},"query-input":{"@type":"PropertyValueSpecification","valueRequired":true,"valueName":"search_term_string"}}],"inLanguage":"pt-PT"},{"@type":"Organization","@id":"https:\/\/www.safinel.fr\/#organization","name":"Safinel","url":"https:\/\/www.safinel.fr\/","logo":{"@type":"ImageObject","inLanguage":"pt-PT","@id":"https:\/\/www.safinel.fr\/#\/schema\/logo\/image\/","url":"https:\/\/www.safinel.fr\/wp-content\/uploads\/2021\/05\/boutique-cosmetique.png","contentUrl":"https:\/\/www.safinel.fr\/wp-content\/uploads\/2021\/05\/boutique-cosmetique.png","width":800,"height":200,"caption":"Safinel"},"image":{"@id":"https:\/\/www.safinel.fr\/#\/schema\/logo\/image\/"}}]}},"_links":{"self":[{"href":"https:\/\/www.safinel.fr\/pt\/wp-json\/wp\/v2\/product\/619","targetHints":{"allow":["GET"]}}],"collection":[{"href":"https:\/\/www.safinel.fr\/pt\/wp-json\/wp\/v2\/product"}],"about":[{"href":"https:\/\/www.safinel.fr\/pt\/wp-json\/wp\/v2\/types\/product"}],"wp:featuredmedia":[{"embeddable":true,"href":"https:\/\/www.safinel.fr\/pt\/wp-json\/wp\/v2\/media\/620"}],"wp:attachment":[{"href":"https:\/\/www.safinel.fr\/pt\/wp-json\/wp\/v2\/media?parent=619"}],"wp:term":[{"taxonomy":"product_brand","embeddable":true,"href":"https:\/\/www.safinel.fr\/pt\/wp-json\/wp\/v2\/product_brand?post=619"},{"taxonomy":"product_cat","embeddable":true,"href":"https:\/\/www.safinel.fr\/pt\/wp-json\/wp\/v2\/product_cat?post=619"},{"taxonomy":"product_tag","embeddable":true,"href":"https:\/\/www.safinel.fr\/pt\/wp-json\/wp\/v2\/product_tag?post=619"}],"curies":[{"name":"wp","href":"https:\/\/api.w.org\/{rel}","templated":true}]}}