{"id":6170,"date":"2023-05-24T18:14:00","date_gmt":"2023-05-24T18:14:00","guid":{"rendered":"https:\/\/www.safinel.fr\/?post_type=product&#038;p=6170"},"modified":"2025-11-19T11:17:40","modified_gmt":"2025-11-19T11:17:40","slug":"zoomax-toque-me","status":"publish","type":"product","link":"https:\/\/www.safinel.fr\/pt\/product-2\/zoomax-toque-me\/","title":{"rendered":"Zoomax Touch Me (3 x 10 comprimidos)"},"content":{"rendered":"<p>Na nossa sociedade atual, a apar\u00eancia tornou-se um elemento essencial na vida quotidiana. Para responder a essa necessidade, surgiram muitos produtos para ajudar as mulheres a obter curvas mais generosas. Entre esses produtos, encontram-se as c\u00e1psulas Zoomax Touch Me, especialmente concebidas para\u00a0<strong>aumentar os quadris, os gl\u00fateos e o peito<\/strong>\u00a0de forma natural e sem riscos para a sa\u00fade.<\/p>\n<h2><strong>O que \u00e9 o Zoomax Touch Me?<\/strong><\/h2>\n<p>Zoomax Touch Me \u00e9 uma gama de <strong>prateleiras naturais<\/strong>\u00a0que permite \u00e0s mulheres obter resultados vis\u00edveis na sua silhueta em apenas algumas semanas. Estas c\u00e1psulas s\u00e3o compostas por ingredientes naturais cuidadosamente selecionados para promover o aumento das ancas, n\u00e1degas e seios, respeitando o equil\u00edbrio do organismo. De facto, ao contr\u00e1rio dos m\u00e9todos cir\u00fargicos ou das inje\u00e7\u00f5es hormonais, o Zoomax Touch Me oferece uma solu\u00e7\u00e3o suave e sem riscos para a sa\u00fade.<\/p>\n<h2><strong>As vantagens das c\u00e1psulas Zoomax Touch Me<\/strong><\/h2>\n<ul>\n<li><strong>Uma composi\u00e7\u00e3o 100% natural<\/strong><\/li>\n<\/ul>\n<p>A principal vantagem dos comprimidos reside na sua composi\u00e7\u00e3o totalmente natural. S\u00e3o formulados \u00e0 base de plantas e extratos vegetais, conhecidos pelas suas propriedades ben\u00e9ficas para a pele e os tecidos. Assim, ao utilizar estas c\u00e1psulas, evitar\u00e1 os riscos associados aos produtos qu\u00edmicos e \u00e0s interven\u00e7\u00f5es cir\u00fargicas.<\/p>\n<ul>\n<li><strong>Resultados vis\u00edveis rapidamente<\/strong><\/li>\n<\/ul>\n<p>Ele promete resultados r\u00e1pidos e vis\u00edveis na silhueta. De facto, as primeiras melhorias podem ser observadas ap\u00f3s algumas semanas de uso regular das c\u00e1psulas. As mulheres que utilizaram este produto geralmente relatam uma\u00a0<strong>aumento do tamanho dos quadris, n\u00e1degas e seios<\/strong>\u00a0ap\u00f3s apenas um m\u00eas de tratamento.<\/p>\n<ul>\n<li><strong>Uma solu\u00e7\u00e3o sem riscos para a sa\u00fade<\/strong><\/li>\n<\/ul>\n<p>Ao contr\u00e1rio das solu\u00e7\u00f5es cir\u00fargicas ou hormonais, as c\u00e1psulas Zoomax Touch Me n\u00e3o apresentam qualquer risco para a sa\u00fade. A sua composi\u00e7\u00e3o natural garante uma utiliza\u00e7\u00e3o sem efeitos secund\u00e1rios nem complica\u00e7\u00f5es a longo prazo. Al\u00e9m disso, o tratamento \u00e9 n\u00e3o invasivo e pode ser interrompido a qualquer momento sem consequ\u00eancias prejudiciais para o organismo.<\/p>\n<h2><strong>Como funcionam as c\u00e1psulas Zoomax Touch Me?<\/strong><\/h2>\n<p>As c\u00e1psulas Zoomax Touch Me atuam estimulando o crescimento das c\u00e9lulas nas \u00e1reas-alvo (<a href=\"https:\/\/www.safinel.fr\/pt\/product-2\/oleo-de-feno-grego\/\"><strong>quadril, n\u00e1degas e peito<\/strong><\/a>). Os seus ingredientes naturais promovem\u00a0<strong>a produ\u00e7\u00e3o de colag\u00e9nio e elastina<\/strong>, duas prote\u00ednas essenciais para manter a firmeza e a elasticidade da pele. Assim, com o passar do tempo, os tecidos tornam-se mais densos e volumosos, permitindo obter curvas mais generosas.<\/p>\n<ul>\n<li><strong>O papel do colag\u00e9nio<\/strong><\/li>\n<\/ul>\n<p>O colag\u00e9nio \u00e9 uma prote\u00edna fibrosa que representa cerca de 30% das prote\u00ednas do organismo. \u00c9 essencial para a coes\u00e3o, elasticidade e regenera\u00e7\u00e3o dos tecidos cut\u00e2neos. As c\u00e1psulas Zoomax Touch Me cont\u00eam ingredientes naturais que promovem a produ\u00e7\u00e3o de colag\u00e9nio. Permitindo assim melhorar a firmeza e o volume das ancas, n\u00e1degas e peito.<\/p>\n<ul>\n<li><strong>A a\u00e7\u00e3o da elastina<\/strong><\/li>\n<\/ul>\n<p>A elastina \u00e9 outra prote\u00edna fibrosa presente nos tecidos conjuntivos da pele. Ela confere \u00e0 pele a capacidade de se deformar e recuperar a sua forma inicial, contribuindo assim para a sua elasticidade. As c\u00e1psulas Zoomax Touch Me tamb\u00e9m estimulam a s\u00edntese de elastina, garantindo uma pele mais flex\u00edvel e curvas mais harmoniosas.<\/p>\n<h3><strong>Dicas para otimizar os resultados deste produto<\/strong><\/h3>\n<p>Para obter resultados ainda mais convincentes com as c\u00e1psulas Zoomax Touch Me, aqui est\u00e3o algumas dicas a seguir:<\/p>\n<ul>\n<li><strong>Adotar uma alimenta\u00e7\u00e3o equilibrada<\/strong>\u00a0: d\u00ea prefer\u00eancia a frutas, vegetais, prote\u00ednas e gorduras saud\u00e1veis para fornecer ao seu organismo os nutrientes necess\u00e1rios para o crescimento dos tecidos.<\/li>\n<li><strong>Pratique exerc\u00edcio f\u00edsico regularmente<\/strong>\u00a0: pratique atividades f\u00edsicas que trabalhem os m\u00fasculos dos quadris, gl\u00fateos e peito. Como a nata\u00e7\u00e3o, por exemplo, para fortalecer essas \u00e1reas e promover o seu desenvolvimento.<\/li>\n<li><strong>Massajar as \u00e1reas afetadas<\/strong>\u00a0: fa\u00e7a massagens regulares nas ancas, n\u00e1degas e peito. Isto serve para estimular a circula\u00e7\u00e3o sangu\u00ednea e facilitar a a\u00e7\u00e3o das c\u00e1psulas Zoomax Touch Me.<\/li>\n<\/ul>\n<p>Com estas dicas e o uso regular das c\u00e1psulas Zoomax Touch Me tablet, poder\u00e1 obter rapidamente resultados vis\u00edveis e naturais na sua silhueta. Ent\u00e3o, n\u00e3o hesite mais, confie no Zoomax Touch Me para\u00a0<strong>real\u00e7ar as suas curvas com toda a seguran\u00e7a<\/strong>.<\/p>","protected":false},"excerpt":{"rendered":"<p><strong>Imagem n\u00e3o contratual para n\u00e3o ferir a sensibilidade dos mais jovens.<\/strong><\/p>\n<p><img decoding=\"async\" class=\"size-full wp-image-5091 aligncenter\" src=\"https:\/\/www.safinel.fr\/wp-content\/uploads\/2021\/06\/BANNIERE-ICONE-SAFINEL.webp\" alt=\"resseguro satinado\" width=\"800\" height=\"200\" srcset=\"https:\/\/www.safinel.fr\/wp-content\/uploads\/2021\/06\/BANNIERE-ICONE-SAFINEL.webp 800w, https:\/\/www.safinel.fr\/wp-content\/uploads\/2021\/06\/BANNIERE-ICONE-SAFINEL-600x150.webp 600w, https:\/\/www.safinel.fr\/wp-content\/uploads\/2021\/06\/BANNIERE-ICONE-SAFINEL-768x192.webp 768w\" sizes=\"(max-width: 800px) 100vw, 800px\" \/><\/p>","protected":false},"featured_media":6171,"template":"","meta":[],"product_brand":[],"product_cat":[23],"product_tag":[],"class_list":{"0":"post-6170","1":"product","2":"type-product","3":"status-publish","4":"has-post-thumbnail","6":"product_cat-hygiene-feminine","8":"first","9":"outofstock","10":"shipping-taxable","11":"purchasable","12":"product-type-simple"},"yoast_head":"<!-- This site is optimized with the Yoast SEO plugin v26.6 - https:\/\/yoast.com\/wordpress\/plugins\/seo\/ -->\n<title>Zoomax Touch Me I Augmenter les hanches, fesses et la poitrine<\/title>\n<meta name=\"description\" content=\"Zoomax Touch Me est une gamme de tablettes\u00a0naturelles\u00a0qui permet aux femmes d&#039;obtenir des r\u00e9sultats visibles sur leur silhouette en quelques semaines.\" \/>\n<meta name=\"robots\" content=\"index, follow, max-snippet:-1, max-image-preview:large, max-video-preview:-1\" \/>\n<link rel=\"canonical\" href=\"https:\/\/www.safinel.fr\/pt\/product-2\/zoomax-toque-me\/\" \/>\n<meta property=\"og:locale\" content=\"pt_PT\" \/>\n<meta property=\"og:type\" content=\"article\" \/>\n<meta property=\"og:title\" content=\"Zoomax Touch Me I Augmenter les hanches, fesses et la poitrine\" \/>\n<meta property=\"og:description\" content=\"Zoomax Touch Me est une gamme de tablettes\u00a0naturelles\u00a0qui permet aux femmes d&#039;obtenir des r\u00e9sultats visibles sur leur silhouette en quelques semaines.\" \/>\n<meta property=\"og:url\" content=\"https:\/\/www.safinel.fr\/pt\/product-2\/zoomax-toque-me\/\" \/>\n<meta property=\"og:site_name\" content=\"Safinel\" \/>\n<meta property=\"article:modified_time\" content=\"2025-11-19T11:17:40+00:00\" \/>\n<meta property=\"og:image\" content=\"https:\/\/www.safinel.fr\/wp-content\/uploads\/2023\/05\/zoomax-site.jpg\" \/>\n\t<meta property=\"og:image:width\" content=\"600\" \/>\n\t<meta property=\"og:image:height\" content=\"600\" \/>\n\t<meta property=\"og:image:type\" content=\"image\/jpeg\" \/>\n<meta name=\"twitter:card\" content=\"summary_large_image\" \/>\n<meta name=\"twitter:label1\" content=\"Tempo estimado de leitura\" \/>\n\t<meta name=\"twitter:data1\" content=\"4 minutos\" \/>\n<script type=\"application\/ld+json\" class=\"yoast-schema-graph\">{\"@context\":\"https:\/\/schema.org\",\"@graph\":[{\"@type\":\"WebPage\",\"@id\":\"https:\/\/www.safinel.fr\/produit\/zoomax-touch-me\/\",\"url\":\"https:\/\/www.safinel.fr\/produit\/zoomax-touch-me\/\",\"name\":\"Zoomax Touch Me I Augmenter les hanches, fesses et la poitrine\",\"isPartOf\":{\"@id\":\"https:\/\/www.safinel.fr\/#website\"},\"primaryImageOfPage\":{\"@id\":\"https:\/\/www.safinel.fr\/produit\/zoomax-touch-me\/#primaryimage\"},\"image\":{\"@id\":\"https:\/\/www.safinel.fr\/produit\/zoomax-touch-me\/#primaryimage\"},\"thumbnailUrl\":\"https:\/\/www.safinel.fr\/wp-content\/uploads\/2023\/05\/zoomax-site.jpg\",\"datePublished\":\"2023-05-24T18:14:00+00:00\",\"dateModified\":\"2025-11-19T11:17:40+00:00\",\"description\":\"Zoomax Touch Me est une gamme de tablettes\u00a0naturelles\u00a0qui permet aux femmes d'obtenir des r\u00e9sultats visibles sur leur silhouette en quelques semaines.\",\"breadcrumb\":{\"@id\":\"https:\/\/www.safinel.fr\/produit\/zoomax-touch-me\/#breadcrumb\"},\"inLanguage\":\"pt-PT\",\"potentialAction\":[{\"@type\":\"ReadAction\",\"target\":[\"https:\/\/www.safinel.fr\/produit\/zoomax-touch-me\/\"]}]},{\"@type\":\"ImageObject\",\"inLanguage\":\"pt-PT\",\"@id\":\"https:\/\/www.safinel.fr\/produit\/zoomax-touch-me\/#primaryimage\",\"url\":\"https:\/\/www.safinel.fr\/wp-content\/uploads\/2023\/05\/zoomax-site.jpg\",\"contentUrl\":\"https:\/\/www.safinel.fr\/wp-content\/uploads\/2023\/05\/zoomax-site.jpg\",\"width\":600,\"height\":600,\"caption\":\"Zoomax Touch Me\"},{\"@type\":\"BreadcrumbList\",\"@id\":\"https:\/\/www.safinel.fr\/produit\/zoomax-touch-me\/#breadcrumb\",\"itemListElement\":[{\"@type\":\"ListItem\",\"position\":1,\"name\":\"Accueil\",\"item\":\"https:\/\/www.safinel.fr\/\"},{\"@type\":\"ListItem\",\"position\":2,\"name\":\"Boutique\",\"item\":\"https:\/\/www.safinel.fr\/boutique\/\"},{\"@type\":\"ListItem\",\"position\":3,\"name\":\"Zoomax Touch Me (3 x 10 tablettes)\"}]},{\"@type\":\"WebSite\",\"@id\":\"https:\/\/www.safinel.fr\/#website\",\"url\":\"https:\/\/www.safinel.fr\/\",\"name\":\"Safinel\",\"description\":\"\",\"publisher\":{\"@id\":\"https:\/\/www.safinel.fr\/#organization\"},\"potentialAction\":[{\"@type\":\"SearchAction\",\"target\":{\"@type\":\"EntryPoint\",\"urlTemplate\":\"https:\/\/www.safinel.fr\/?s={search_term_string}\"},\"query-input\":{\"@type\":\"PropertyValueSpecification\",\"valueRequired\":true,\"valueName\":\"search_term_string\"}}],\"inLanguage\":\"pt-PT\"},{\"@type\":\"Organization\",\"@id\":\"https:\/\/www.safinel.fr\/#organization\",\"name\":\"Safinel\",\"url\":\"https:\/\/www.safinel.fr\/\",\"logo\":{\"@type\":\"ImageObject\",\"inLanguage\":\"pt-PT\",\"@id\":\"https:\/\/www.safinel.fr\/#\/schema\/logo\/image\/\",\"url\":\"https:\/\/www.safinel.fr\/wp-content\/uploads\/2021\/05\/boutique-cosmetique.png\",\"contentUrl\":\"https:\/\/www.safinel.fr\/wp-content\/uploads\/2021\/05\/boutique-cosmetique.png\",\"width\":800,\"height\":200,\"caption\":\"Safinel\"},\"image\":{\"@id\":\"https:\/\/www.safinel.fr\/#\/schema\/logo\/image\/\"}}]}<\/script>\n<!-- \/ Yoast SEO plugin. -->","yoast_head_json":{"title":"Zoomax Touch Me I Aumentar os quadris, as n\u00e1degas e o peito","description":"Zoomax Touch Me \u00e9 uma gama de comprimidos naturais que permite \u00e0s mulheres obter resultados vis\u00edveis na sua silhueta em poucas semanas.","robots":{"index":"index","follow":"follow","max-snippet":"max-snippet:-1","max-image-preview":"max-image-preview:large","max-video-preview":"max-video-preview:-1"},"canonical":"https:\/\/www.safinel.fr\/pt\/product-2\/zoomax-toque-me\/","og_locale":"pt_PT","og_type":"article","og_title":"Zoomax Touch Me I Augmenter les hanches, fesses et la poitrine","og_description":"Zoomax Touch Me est une gamme de tablettes\u00a0naturelles\u00a0qui permet aux femmes d'obtenir des r\u00e9sultats visibles sur leur silhouette en quelques semaines.","og_url":"https:\/\/www.safinel.fr\/pt\/product-2\/zoomax-toque-me\/","og_site_name":"Safinel","article_modified_time":"2025-11-19T11:17:40+00:00","og_image":[{"width":600,"height":600,"url":"https:\/\/www.safinel.fr\/wp-content\/uploads\/2023\/05\/zoomax-site.jpg","type":"image\/jpeg"}],"twitter_card":"summary_large_image","twitter_misc":{"Tempo estimado de leitura":"4 minutos"},"schema":{"@context":"https:\/\/schema.org","@graph":[{"@type":"WebPage","@id":"https:\/\/www.safinel.fr\/produit\/zoomax-touch-me\/","url":"https:\/\/www.safinel.fr\/produit\/zoomax-touch-me\/","name":"Zoomax Touch Me I Aumentar os quadris, as n\u00e1degas e o peito","isPartOf":{"@id":"https:\/\/www.safinel.fr\/#website"},"primaryImageOfPage":{"@id":"https:\/\/www.safinel.fr\/produit\/zoomax-touch-me\/#primaryimage"},"image":{"@id":"https:\/\/www.safinel.fr\/produit\/zoomax-touch-me\/#primaryimage"},"thumbnailUrl":"https:\/\/www.safinel.fr\/wp-content\/uploads\/2023\/05\/zoomax-site.jpg","datePublished":"2023-05-24T18:14:00+00:00","dateModified":"2025-11-19T11:17:40+00:00","description":"Zoomax Touch Me \u00e9 uma gama de comprimidos naturais que permite \u00e0s mulheres obter resultados vis\u00edveis na sua silhueta em poucas semanas.","breadcrumb":{"@id":"https:\/\/www.safinel.fr\/produit\/zoomax-touch-me\/#breadcrumb"},"inLanguage":"pt-PT","potentialAction":[{"@type":"ReadAction","target":["https:\/\/www.safinel.fr\/produit\/zoomax-touch-me\/"]}]},{"@type":"ImageObject","inLanguage":"pt-PT","@id":"https:\/\/www.safinel.fr\/produit\/zoomax-touch-me\/#primaryimage","url":"https:\/\/www.safinel.fr\/wp-content\/uploads\/2023\/05\/zoomax-site.jpg","contentUrl":"https:\/\/www.safinel.fr\/wp-content\/uploads\/2023\/05\/zoomax-site.jpg","width":600,"height":600,"caption":"Zoomax Touch Me"},{"@type":"BreadcrumbList","@id":"https:\/\/www.safinel.fr\/produit\/zoomax-touch-me\/#breadcrumb","itemListElement":[{"@type":"ListItem","position":1,"name":"Accueil","item":"https:\/\/www.safinel.fr\/"},{"@type":"ListItem","position":2,"name":"Boutique","item":"https:\/\/www.safinel.fr\/boutique\/"},{"@type":"ListItem","position":3,"name":"Zoomax Touch Me (3 x 10 tablettes)"}]},{"@type":"WebSite","@id":"https:\/\/www.safinel.fr\/#website","url":"https:\/\/www.safinel.fr\/","name":"Safinel","description":"","publisher":{"@id":"https:\/\/www.safinel.fr\/#organization"},"potentialAction":[{"@type":"SearchAction","target":{"@type":"EntryPoint","urlTemplate":"https:\/\/www.safinel.fr\/?s={search_term_string}"},"query-input":{"@type":"PropertyValueSpecification","valueRequired":true,"valueName":"search_term_string"}}],"inLanguage":"pt-PT"},{"@type":"Organization","@id":"https:\/\/www.safinel.fr\/#organization","name":"Safinel","url":"https:\/\/www.safinel.fr\/","logo":{"@type":"ImageObject","inLanguage":"pt-PT","@id":"https:\/\/www.safinel.fr\/#\/schema\/logo\/image\/","url":"https:\/\/www.safinel.fr\/wp-content\/uploads\/2021\/05\/boutique-cosmetique.png","contentUrl":"https:\/\/www.safinel.fr\/wp-content\/uploads\/2021\/05\/boutique-cosmetique.png","width":800,"height":200,"caption":"Safinel"},"image":{"@id":"https:\/\/www.safinel.fr\/#\/schema\/logo\/image\/"}}]}},"_links":{"self":[{"href":"https:\/\/www.safinel.fr\/pt\/wp-json\/wp\/v2\/product\/6170","targetHints":{"allow":["GET"]}}],"collection":[{"href":"https:\/\/www.safinel.fr\/pt\/wp-json\/wp\/v2\/product"}],"about":[{"href":"https:\/\/www.safinel.fr\/pt\/wp-json\/wp\/v2\/types\/product"}],"wp:featuredmedia":[{"embeddable":true,"href":"https:\/\/www.safinel.fr\/pt\/wp-json\/wp\/v2\/media\/6171"}],"wp:attachment":[{"href":"https:\/\/www.safinel.fr\/pt\/wp-json\/wp\/v2\/media?parent=6170"}],"wp:term":[{"taxonomy":"product_brand","embeddable":true,"href":"https:\/\/www.safinel.fr\/pt\/wp-json\/wp\/v2\/product_brand?post=6170"},{"taxonomy":"product_cat","embeddable":true,"href":"https:\/\/www.safinel.fr\/pt\/wp-json\/wp\/v2\/product_cat?post=6170"},{"taxonomy":"product_tag","embeddable":true,"href":"https:\/\/www.safinel.fr\/pt\/wp-json\/wp\/v2\/product_tag?post=6170"}],"curies":[{"name":"wp","href":"https:\/\/api.w.org\/{rel}","templated":true}]}}