{"id":6115,"date":"2023-05-21T10:41:21","date_gmt":"2023-05-21T10:41:21","guid":{"rendered":"https:\/\/www.safinel.fr\/?post_type=product&#038;p=6115"},"modified":"2024-03-12T13:19:33","modified_gmt":"2024-03-12T13:19:33","slug":"batido-de-roma-e-caracois","status":"publish","type":"product","link":"https:\/\/www.safinel.fr\/pt\/product-2\/batido-de-roma-e-caracois\/","title":{"rendered":"Smoothie de rom\u00e3 e carac\u00f3is 250 ml \u2013 Tropikal Bliss"},"content":{"rendered":"<p>Mais uma vez, a sua loja favorita Safinel conseguiu encontrar uma verdadeira joia s\u00f3 para si. Trata-se do\u00a0<strong>Smoothie de rom\u00e3 e cachos<\/strong>, um\u00a0<strong>leite capilar sem enx\u00e1gue\u00a0<\/strong>que se tornar\u00e1, sem d\u00favida, o aliado dos\u00a0<strong>cabelo encaracolado!\u00a0<\/strong><\/p>\n<h2><strong>O Pomegranate Curl Smoothie: o que \u00e9 isso?\u00a0<\/strong><\/h2>\n<p>O Pomegranate Curl Smoothie \u00e9 um produto da\u00a0<strong>cuidados com os cabelos\u00a0<\/strong>da marca francesa\u00a0<strong>TropikalBliss<\/strong>. \u00c9 especialmente concebido para cabelos encaracolados, crespos e crespos.<\/p>\n<p>Al\u00e9m disso, este cosm\u00e9tico \u00e9 formulado a partir de ingredientes naturais e biol\u00f3gicos, sem parabenos, sulfatos, silicones ou \u00f3leos minerais. Este\u00a0<strong>leite para cabelos\u00a0<\/strong>\u00e9 tamb\u00e9m um produto vegan e livre de crueldade animal.<\/p>\n<p>Tamb\u00e9m a experimentar: o spray de tratamento sem enxaguamento\u00a0<strong><a href=\"https:\/\/www.safinel.fr\/pt\/product-2\/nevoa-hidratante-de-ananas\/\">Bruma Hidratante de Anan\u00e1s<\/a>. \u00a0<\/strong><\/p>\n<h2><strong>Um perfume doce e propriedades incont\u00e1veis!\u00a0<\/strong><\/h2>\n<p>Este\u00a0<strong>cuidado<\/strong>\u00a0\u00e9 um produto hidratante e nutritivo para os\u00a0<strong>cabelo texturizado.<\/strong>\u00a0Ele cont\u00e9m, portanto,\u2019<strong>\u00f3leo de rom\u00e3<\/strong>, rico em antioxidantes. Este princ\u00edpio ativo protege essencialmente o cabelo das agress\u00f5es externas e previne os danos causados pelos radicais livres.<\/p>\n<p>Este\u00a0<strong>cosm\u00e9tico<\/strong>\u00a0tamb\u00e9m cont\u00e9m<strong>\u00a0\u00f3leo de framboesa,<\/strong>\u00a0que hidrata e protege o cabelo. Assim como<strong>\u00a0\u00f3leo de hibisco<\/strong>, que revitaliza e d\u00e1 brilho.<\/p>\n<p>O nosso leite capilar ajuda a definir os carac\u00f3is e a reduzir o frizz. Ideal para obter um resultado \u00f3timo, cabelos mais macios, fortes e brilhantes.<\/p>\n<h3><strong>Como usar o Pomegranate Curl Smoothie?\u00a0<\/strong><\/h3>\n<p>O seu novo\u00a0<strong>cosm\u00e9tico<\/strong>\u00a0Utilize em cabelos limpos e molhados. Ap\u00f3s lav\u00e1-los com um champ\u00f4 suave, aplique uma pequena quantidade do produto, insistindo nas pontas e no comprimento.<\/p>\n<p>Al\u00e9m disso, evite as ra\u00edzes para n\u00e3o tornar a fibra mais pesada.<\/p>\n<p>Espalhe o produto uniformemente com um pente de dentes largos ou com os dedos. Pode deixar o cabelo secar ao ar livre ou usar um difusor para secar mais rapidamente. Por fim, esta\u00a0<strong>creme nutritivo para cachos<\/strong>\u00a0pode ser usada diariamente para hidratar e nutrir profundamente o seu cabelo.<\/p>\n<p>Em resumo, \u00e9 um produto natural e eficaz para o cuidado de cabelos encaracolados, crespos e crespos. A sua f\u00f3rmula limpa e os seus ingredientes biol\u00f3gicos tornam-no um produto amigo do ambiente e da sua sa\u00fade!<\/p>","protected":false},"excerpt":{"rendered":"<p>Mais uma vez, a sua loja favorita Safinel conseguiu encontrar uma verdadeira joia s\u00f3 para si.<\/p>\n<p>Trata-se do\u00a0<strong>Smoothie de rom\u00e3 e cachos<\/strong>, um\u00a0<strong>leite capilar sem enx\u00e1gue\u00a0<\/strong>que se tornar\u00e1, sem d\u00favida, o aliado dos\u00a0<strong>cabelo encaracolado!\u00a0<\/strong><\/p>\n<p><img decoding=\"async\" class=\"size-full wp-image-5091 aligncenter\" src=\"https:\/\/www.safinel.fr\/wp-content\/uploads\/2021\/06\/BANNIERE-ICONE-SAFINEL.webp\" alt=\"resseguro satinado\" width=\"800\" height=\"200\" srcset=\"https:\/\/www.safinel.fr\/wp-content\/uploads\/2021\/06\/BANNIERE-ICONE-SAFINEL.webp 800w, https:\/\/www.safinel.fr\/wp-content\/uploads\/2021\/06\/BANNIERE-ICONE-SAFINEL-600x150.webp 600w, https:\/\/www.safinel.fr\/wp-content\/uploads\/2021\/06\/BANNIERE-ICONE-SAFINEL-768x192.webp 768w\" sizes=\"(max-width: 800px) 100vw, 800px\" \/><\/p>","protected":false},"featured_media":6116,"template":"","meta":[],"product_brand":[],"product_cat":[146,154,153],"product_tag":[],"class_list":{"0":"post-6115","1":"product","2":"type-product","3":"status-publish","4":"has-post-thumbnail","6":"product_cat-produit-cheveux","7":"product_cat-produits-cheveux-boucles","8":"product_cat-tropikal-bliss","10":"first","11":"outofstock","12":"shipping-taxable","13":"purchasable","14":"product-type-simple"},"yoast_head":"<!-- This site is optimized with the Yoast SEO plugin v26.6 - https:\/\/yoast.com\/wordpress\/plugins\/seo\/ -->\n<title>Pomegranate Curl Smoothie I Cr\u00e8me nourrissante cheveux boucl\u00e9s<\/title>\n<meta name=\"description\" content=\"D\u00e9couvrez Pomegranate Curl Smoothie, un\u00a0lait capillaire sans rin\u00e7age\u00a0qui deviendra sans aucun doute l\u2019alli\u00e9 des\u00a0curly hair !\" \/>\n<meta name=\"robots\" content=\"index, follow, max-snippet:-1, max-image-preview:large, max-video-preview:-1\" \/>\n<link rel=\"canonical\" href=\"https:\/\/www.safinel.fr\/pt\/product-2\/batido-de-roma-e-caracois\/\" \/>\n<meta property=\"og:locale\" content=\"pt_PT\" \/>\n<meta property=\"og:type\" content=\"article\" \/>\n<meta property=\"og:title\" content=\"Pomegranate Curl Smoothie I Cr\u00e8me nourrissante cheveux boucl\u00e9s\" \/>\n<meta property=\"og:description\" content=\"D\u00e9couvrez Pomegranate Curl Smoothie, un\u00a0lait capillaire sans rin\u00e7age\u00a0qui deviendra sans aucun doute l\u2019alli\u00e9 des\u00a0curly hair !\" \/>\n<meta property=\"og:url\" content=\"https:\/\/www.safinel.fr\/pt\/product-2\/batido-de-roma-e-caracois\/\" \/>\n<meta property=\"og:site_name\" content=\"Safinel\" \/>\n<meta property=\"article:modified_time\" content=\"2024-03-12T13:19:33+00:00\" \/>\n<meta property=\"og:image\" content=\"https:\/\/www.safinel.fr\/wp-content\/uploads\/2023\/05\/Pomegranate-Curl-Smoothie.jpg\" \/>\n\t<meta property=\"og:image:width\" content=\"600\" \/>\n\t<meta property=\"og:image:height\" content=\"600\" \/>\n\t<meta property=\"og:image:type\" content=\"image\/jpeg\" \/>\n<meta name=\"twitter:card\" content=\"summary_large_image\" \/>\n<meta name=\"twitter:label1\" content=\"Tempo estimado de leitura\" \/>\n\t<meta name=\"twitter:data1\" content=\"2 minutos\" \/>\n<script type=\"application\/ld+json\" class=\"yoast-schema-graph\">{\"@context\":\"https:\/\/schema.org\",\"@graph\":[{\"@type\":\"WebPage\",\"@id\":\"https:\/\/www.safinel.fr\/produit\/pomegranate-curl-smoothie\/\",\"url\":\"https:\/\/www.safinel.fr\/produit\/pomegranate-curl-smoothie\/\",\"name\":\"Pomegranate Curl Smoothie I Cr\u00e8me nourrissante cheveux boucl\u00e9s\",\"isPartOf\":{\"@id\":\"https:\/\/www.safinel.fr\/#website\"},\"primaryImageOfPage\":{\"@id\":\"https:\/\/www.safinel.fr\/produit\/pomegranate-curl-smoothie\/#primaryimage\"},\"image\":{\"@id\":\"https:\/\/www.safinel.fr\/produit\/pomegranate-curl-smoothie\/#primaryimage\"},\"thumbnailUrl\":\"https:\/\/www.safinel.fr\/wp-content\/uploads\/2023\/05\/Pomegranate-Curl-Smoothie.jpg\",\"datePublished\":\"2023-05-21T10:41:21+00:00\",\"dateModified\":\"2024-03-12T13:19:33+00:00\",\"description\":\"D\u00e9couvrez Pomegranate Curl Smoothie, un\u00a0lait capillaire sans rin\u00e7age\u00a0qui deviendra sans aucun doute l\u2019alli\u00e9 des\u00a0curly hair !\",\"breadcrumb\":{\"@id\":\"https:\/\/www.safinel.fr\/produit\/pomegranate-curl-smoothie\/#breadcrumb\"},\"inLanguage\":\"pt-PT\",\"potentialAction\":[{\"@type\":\"ReadAction\",\"target\":[\"https:\/\/www.safinel.fr\/produit\/pomegranate-curl-smoothie\/\"]}]},{\"@type\":\"ImageObject\",\"inLanguage\":\"pt-PT\",\"@id\":\"https:\/\/www.safinel.fr\/produit\/pomegranate-curl-smoothie\/#primaryimage\",\"url\":\"https:\/\/www.safinel.fr\/wp-content\/uploads\/2023\/05\/Pomegranate-Curl-Smoothie.jpg\",\"contentUrl\":\"https:\/\/www.safinel.fr\/wp-content\/uploads\/2023\/05\/Pomegranate-Curl-Smoothie.jpg\",\"width\":600,\"height\":600,\"caption\":\"Pomegranate Curl Smoothie\"},{\"@type\":\"BreadcrumbList\",\"@id\":\"https:\/\/www.safinel.fr\/produit\/pomegranate-curl-smoothie\/#breadcrumb\",\"itemListElement\":[{\"@type\":\"ListItem\",\"position\":1,\"name\":\"Accueil\",\"item\":\"https:\/\/www.safinel.fr\/\"},{\"@type\":\"ListItem\",\"position\":2,\"name\":\"Boutique\",\"item\":\"https:\/\/www.safinel.fr\/boutique\/\"},{\"@type\":\"ListItem\",\"position\":3,\"name\":\"Pomegranate Curl Smoothie 250ml &#8211; Tropikal Bliss\"}]},{\"@type\":\"WebSite\",\"@id\":\"https:\/\/www.safinel.fr\/#website\",\"url\":\"https:\/\/www.safinel.fr\/\",\"name\":\"Safinel\",\"description\":\"\",\"publisher\":{\"@id\":\"https:\/\/www.safinel.fr\/#organization\"},\"potentialAction\":[{\"@type\":\"SearchAction\",\"target\":{\"@type\":\"EntryPoint\",\"urlTemplate\":\"https:\/\/www.safinel.fr\/?s={search_term_string}\"},\"query-input\":{\"@type\":\"PropertyValueSpecification\",\"valueRequired\":true,\"valueName\":\"search_term_string\"}}],\"inLanguage\":\"pt-PT\"},{\"@type\":\"Organization\",\"@id\":\"https:\/\/www.safinel.fr\/#organization\",\"name\":\"Safinel\",\"url\":\"https:\/\/www.safinel.fr\/\",\"logo\":{\"@type\":\"ImageObject\",\"inLanguage\":\"pt-PT\",\"@id\":\"https:\/\/www.safinel.fr\/#\/schema\/logo\/image\/\",\"url\":\"https:\/\/www.safinel.fr\/wp-content\/uploads\/2021\/05\/boutique-cosmetique.png\",\"contentUrl\":\"https:\/\/www.safinel.fr\/wp-content\/uploads\/2021\/05\/boutique-cosmetique.png\",\"width\":800,\"height\":200,\"caption\":\"Safinel\"},\"image\":{\"@id\":\"https:\/\/www.safinel.fr\/#\/schema\/logo\/image\/\"}}]}<\/script>\n<!-- \/ Yoast SEO plugin. -->","yoast_head_json":{"title":"Pomegranate Curl Smoothie I Creme nutritivo para cabelos encaracolados","description":"Descubra Pomegranate Curl Smoothie, um leite capilar sem enx\u00e1gue que sem d\u00favida se tornar\u00e1 o aliado dos cabelos cacheados!","robots":{"index":"index","follow":"follow","max-snippet":"max-snippet:-1","max-image-preview":"max-image-preview:large","max-video-preview":"max-video-preview:-1"},"canonical":"https:\/\/www.safinel.fr\/pt\/product-2\/batido-de-roma-e-caracois\/","og_locale":"pt_PT","og_type":"article","og_title":"Pomegranate Curl Smoothie I Cr\u00e8me nourrissante cheveux boucl\u00e9s","og_description":"D\u00e9couvrez Pomegranate Curl Smoothie, un\u00a0lait capillaire sans rin\u00e7age\u00a0qui deviendra sans aucun doute l\u2019alli\u00e9 des\u00a0curly hair !","og_url":"https:\/\/www.safinel.fr\/pt\/product-2\/batido-de-roma-e-caracois\/","og_site_name":"Safinel","article_modified_time":"2024-03-12T13:19:33+00:00","og_image":[{"width":600,"height":600,"url":"https:\/\/www.safinel.fr\/wp-content\/uploads\/2023\/05\/Pomegranate-Curl-Smoothie.jpg","type":"image\/jpeg"}],"twitter_card":"summary_large_image","twitter_misc":{"Tempo estimado de leitura":"2 minutos"},"schema":{"@context":"https:\/\/schema.org","@graph":[{"@type":"WebPage","@id":"https:\/\/www.safinel.fr\/produit\/pomegranate-curl-smoothie\/","url":"https:\/\/www.safinel.fr\/produit\/pomegranate-curl-smoothie\/","name":"Pomegranate Curl Smoothie I Creme nutritivo para cabelos encaracolados","isPartOf":{"@id":"https:\/\/www.safinel.fr\/#website"},"primaryImageOfPage":{"@id":"https:\/\/www.safinel.fr\/produit\/pomegranate-curl-smoothie\/#primaryimage"},"image":{"@id":"https:\/\/www.safinel.fr\/produit\/pomegranate-curl-smoothie\/#primaryimage"},"thumbnailUrl":"https:\/\/www.safinel.fr\/wp-content\/uploads\/2023\/05\/Pomegranate-Curl-Smoothie.jpg","datePublished":"2023-05-21T10:41:21+00:00","dateModified":"2024-03-12T13:19:33+00:00","description":"Descubra Pomegranate Curl Smoothie, um leite capilar sem enx\u00e1gue que sem d\u00favida se tornar\u00e1 o aliado dos cabelos cacheados!","breadcrumb":{"@id":"https:\/\/www.safinel.fr\/produit\/pomegranate-curl-smoothie\/#breadcrumb"},"inLanguage":"pt-PT","potentialAction":[{"@type":"ReadAction","target":["https:\/\/www.safinel.fr\/produit\/pomegranate-curl-smoothie\/"]}]},{"@type":"ImageObject","inLanguage":"pt-PT","@id":"https:\/\/www.safinel.fr\/produit\/pomegranate-curl-smoothie\/#primaryimage","url":"https:\/\/www.safinel.fr\/wp-content\/uploads\/2023\/05\/Pomegranate-Curl-Smoothie.jpg","contentUrl":"https:\/\/www.safinel.fr\/wp-content\/uploads\/2023\/05\/Pomegranate-Curl-Smoothie.jpg","width":600,"height":600,"caption":"Pomegranate Curl Smoothie"},{"@type":"BreadcrumbList","@id":"https:\/\/www.safinel.fr\/produit\/pomegranate-curl-smoothie\/#breadcrumb","itemListElement":[{"@type":"ListItem","position":1,"name":"Accueil","item":"https:\/\/www.safinel.fr\/"},{"@type":"ListItem","position":2,"name":"Boutique","item":"https:\/\/www.safinel.fr\/boutique\/"},{"@type":"ListItem","position":3,"name":"Pomegranate Curl Smoothie 250ml &#8211; Tropikal Bliss"}]},{"@type":"WebSite","@id":"https:\/\/www.safinel.fr\/#website","url":"https:\/\/www.safinel.fr\/","name":"Safinel","description":"","publisher":{"@id":"https:\/\/www.safinel.fr\/#organization"},"potentialAction":[{"@type":"SearchAction","target":{"@type":"EntryPoint","urlTemplate":"https:\/\/www.safinel.fr\/?s={search_term_string}"},"query-input":{"@type":"PropertyValueSpecification","valueRequired":true,"valueName":"search_term_string"}}],"inLanguage":"pt-PT"},{"@type":"Organization","@id":"https:\/\/www.safinel.fr\/#organization","name":"Safinel","url":"https:\/\/www.safinel.fr\/","logo":{"@type":"ImageObject","inLanguage":"pt-PT","@id":"https:\/\/www.safinel.fr\/#\/schema\/logo\/image\/","url":"https:\/\/www.safinel.fr\/wp-content\/uploads\/2021\/05\/boutique-cosmetique.png","contentUrl":"https:\/\/www.safinel.fr\/wp-content\/uploads\/2021\/05\/boutique-cosmetique.png","width":800,"height":200,"caption":"Safinel"},"image":{"@id":"https:\/\/www.safinel.fr\/#\/schema\/logo\/image\/"}}]}},"_links":{"self":[{"href":"https:\/\/www.safinel.fr\/pt\/wp-json\/wp\/v2\/product\/6115","targetHints":{"allow":["GET"]}}],"collection":[{"href":"https:\/\/www.safinel.fr\/pt\/wp-json\/wp\/v2\/product"}],"about":[{"href":"https:\/\/www.safinel.fr\/pt\/wp-json\/wp\/v2\/types\/product"}],"wp:featuredmedia":[{"embeddable":true,"href":"https:\/\/www.safinel.fr\/pt\/wp-json\/wp\/v2\/media\/6116"}],"wp:attachment":[{"href":"https:\/\/www.safinel.fr\/pt\/wp-json\/wp\/v2\/media?parent=6115"}],"wp:term":[{"taxonomy":"product_brand","embeddable":true,"href":"https:\/\/www.safinel.fr\/pt\/wp-json\/wp\/v2\/product_brand?post=6115"},{"taxonomy":"product_cat","embeddable":true,"href":"https:\/\/www.safinel.fr\/pt\/wp-json\/wp\/v2\/product_cat?post=6115"},{"taxonomy":"product_tag","embeddable":true,"href":"https:\/\/www.safinel.fr\/pt\/wp-json\/wp\/v2\/product_tag?post=6115"}],"curies":[{"name":"wp","href":"https:\/\/api.w.org\/{rel}","templated":true}]}}