{"id":6113,"date":"2023-05-21T10:27:49","date_gmt":"2023-05-21T10:27:49","guid":{"rendered":"https:\/\/www.safinel.fr\/?post_type=product&#038;p=6113"},"modified":"2025-03-10T10:04:25","modified_gmt":"2025-03-10T10:04:25","slug":"nevoa-hidratante-de-ananas","status":"publish","type":"product","link":"https:\/\/www.safinel.fr\/pt\/product-2\/nevoa-hidratante-de-ananas\/","title":{"rendered":"Brume Pineapple Moisture Mist 250 ml \u2013 Tropikal Bliss"},"content":{"rendered":"<p>Descubra o <b>Spray hidratante de anan\u00e1s<\/b>, uma <b>n\u00e9voa capilar <\/b>com um aroma delicioso e frutado a anan\u00e1s. Um cosm\u00e9tico concebido para cabelos encaracolados, crespos e crespos.<span class=\"Apple-converted-space\">\u00a0<\/span><\/p>\n<h2><b>D\u00ea um toque especial \u00e0 sua rotina com o Spray Hidratante Pineapple Moisture Mist<\/b><\/h2>\n<p>Este produto de <b>cuidados com os cabelos <\/b>da marca Tropikal Bliss \u00e9 um vaporizador frutado e leve, incrivelmente agrad\u00e1vel de aplicar. Este spray foi especialmente concebido para<b> cabelo texturizado, <\/b>cabelos cacheados, crespos e crespos. \u00c9 formulado com ingredientes naturais e nutritivos para hidratar e revitalizar profundamente os cabelos.<span class=\"Apple-converted-space\">\u00a0<\/span><\/p>\n<p>O aroma fresco e frutado do anan\u00e1s adiciona um toque tropical \u00e0 sua rotina capilar!<\/p>\n<h2><b>Os benef\u00edcios do Spray Hidratante de Anan\u00e1s<\/b><\/h2>\n<p>O Pineapple Moisture Mist Spray \u00e9 um produto vers\u00e1til que oferece in\u00fameros benef\u00edcios para o cabelo:<span class=\"Apple-converted-space\">\u00a0<\/span><\/p>\n<p>Primeiro, hidrata-os profundamente, fornecendo-lhes uma dose de hidrata\u00e7\u00e3o essencial para prevenir o ressecamento e o frizz.<span class=\"Apple-converted-space\">\u00a0<\/span><\/p>\n<p>Em seguida, revitaliza os cachos, dando-lhes um aspecto mais volumoso e definido. O spray tamb\u00e9m ajuda a desembara\u00e7ar o cabelo, facilitando o penteado e reduzindo os n\u00f3s.<span class=\"Apple-converted-space\">\u00a0<\/span><\/p>\n<p>Por fim, protege o cabelo contra agress\u00f5es externas, como polui\u00e7\u00e3o e raios UV, gra\u00e7as \u00e0 sua f\u00f3rmula rica em antioxidantes.<\/p>\n<h3><b>As nossas recomenda\u00e7\u00f5es de utiliza\u00e7\u00e3o<span class=\"Apple-converted-space\">\u00a0<\/span><\/b><\/h3>\n<p>Esta<b> n\u00e9voa hidratante de anan\u00e1s e \u00f3leo de marula<\/b> \u00e9 f\u00e1cil de usar. Basta vaporizar o produto no cabelo, insistindo nas \u00e1reas mais secas e danificadas. Pode ser usado em cabelos secos ou h\u00famidos, conforme a sua prefer\u00eancia.<span class=\"Apple-converted-space\">\u00a0<\/span><\/p>\n<p>Para um efeito ideal, recomenda-se, no entanto, utilizar o spray em combina\u00e7\u00e3o com outros produtos da gama Tropikal Bliss. Por exemplo, o <b><a href=\"https:\/\/www.safinel.fr\/pt\/product-2\/mascara-de-marshmallow-derretido\/\">M\u00e1scara Marshmallow Melt<\/a>\u00a0<\/b>ou o <a href=\"https:\/\/www.safinel.fr\/pt\/product-2\/batido-de-roma-e-caracois\/\"><b>Smoothie de rom\u00e3 e cachos<\/b><\/a>.<span class=\"Apple-converted-space\">\u00a0<\/span><\/p>\n<p>Este spray para cachos \u00e9 adequado para todos os tipos de cabelos texturizados, sejam eles cacheados, crespos, crespos ou ondulados. Tamb\u00e9m \u00e9 seguro para uso di\u00e1rio, pois n\u00e3o cont\u00e9m produtos qu\u00edmicos agressivos ou parabenos.<\/p>","protected":false},"excerpt":{"rendered":"<p>Descubra o <b>Spray hidratante de anan\u00e1s<\/b>, uma <b>n\u00e9voa capilar <\/b>com um aroma delicioso e frutado a anan\u00e1s. Um cosm\u00e9tico concebido para cabelos encaracolados, crespos e crespos.<\/p>\n<p><img decoding=\"async\" class=\"size-full wp-image-5091 aligncenter\" src=\"https:\/\/www.safinel.fr\/wp-content\/uploads\/2021\/06\/BANNIERE-ICONE-SAFINEL.webp\" alt=\"resseguro satinado\" width=\"800\" height=\"200\" srcset=\"https:\/\/www.safinel.fr\/wp-content\/uploads\/2021\/06\/BANNIERE-ICONE-SAFINEL.webp 800w, https:\/\/www.safinel.fr\/wp-content\/uploads\/2021\/06\/BANNIERE-ICONE-SAFINEL-600x150.webp 600w, https:\/\/www.safinel.fr\/wp-content\/uploads\/2021\/06\/BANNIERE-ICONE-SAFINEL-768x192.webp 768w\" sizes=\"(max-width: 800px) 100vw, 800px\" \/><\/p>","protected":false},"featured_media":6114,"template":"","meta":[],"product_brand":[],"product_cat":[146,154,153],"product_tag":[],"class_list":{"0":"post-6113","1":"product","2":"type-product","3":"status-publish","4":"has-post-thumbnail","6":"product_cat-produit-cheveux","7":"product_cat-produits-cheveux-boucles","8":"product_cat-tropikal-bliss","10":"first","11":"outofstock","12":"shipping-taxable","13":"purchasable","14":"product-type-simple"},"yoast_head":"<!-- This site is optimized with the Yoast SEO plugin v26.6 - https:\/\/yoast.com\/wordpress\/plugins\/seo\/ -->\n<title>Pineapple Moisture Mist I Spray au jus d&#039;ananas &amp; huile de marula<\/title>\n<meta name=\"description\" content=\"Pineapple Moisture Mist est une brume capillaire \u00e0 la d\u00e9licieuse et fruit\u00e9e senteur d\u2019ananas. Cosm\u00e9tique pens\u00e9 pour les cheveux boucl\u00e9s, cr\u00e9pus et fris\u00e9s.\" \/>\n<meta name=\"robots\" content=\"index, follow, max-snippet:-1, max-image-preview:large, max-video-preview:-1\" \/>\n<link rel=\"canonical\" href=\"https:\/\/www.safinel.fr\/pt\/product-2\/nevoa-hidratante-de-ananas\/\" \/>\n<meta property=\"og:locale\" content=\"pt_PT\" \/>\n<meta property=\"og:type\" content=\"article\" \/>\n<meta property=\"og:title\" content=\"Pineapple Moisture Mist I Spray au jus d&#039;ananas &amp; huile de marula\" \/>\n<meta property=\"og:description\" content=\"Pineapple Moisture Mist est une brume capillaire \u00e0 la d\u00e9licieuse et fruit\u00e9e senteur d\u2019ananas. Cosm\u00e9tique pens\u00e9 pour les cheveux boucl\u00e9s, cr\u00e9pus et fris\u00e9s.\" \/>\n<meta property=\"og:url\" content=\"https:\/\/www.safinel.fr\/pt\/product-2\/nevoa-hidratante-de-ananas\/\" \/>\n<meta property=\"og:site_name\" content=\"Safinel\" \/>\n<meta property=\"article:modified_time\" content=\"2025-03-10T10:04:25+00:00\" \/>\n<meta property=\"og:image\" content=\"https:\/\/www.safinel.fr\/wp-content\/uploads\/2023\/05\/Pineapple-Moisture-Mist-Spray.jpg\" \/>\n\t<meta property=\"og:image:width\" content=\"600\" \/>\n\t<meta property=\"og:image:height\" content=\"600\" \/>\n\t<meta property=\"og:image:type\" content=\"image\/jpeg\" \/>\n<meta name=\"twitter:card\" content=\"summary_large_image\" \/>\n<meta name=\"twitter:label1\" content=\"Tempo estimado de leitura\" \/>\n\t<meta name=\"twitter:data1\" content=\"2 minutos\" \/>\n<script type=\"application\/ld+json\" class=\"yoast-schema-graph\">{\"@context\":\"https:\/\/schema.org\",\"@graph\":[{\"@type\":\"WebPage\",\"@id\":\"https:\/\/www.safinel.fr\/produit\/pineapple-moisture-mist\/\",\"url\":\"https:\/\/www.safinel.fr\/produit\/pineapple-moisture-mist\/\",\"name\":\"Pineapple Moisture Mist I Spray au jus d'ananas & huile de marula\",\"isPartOf\":{\"@id\":\"https:\/\/www.safinel.fr\/#website\"},\"primaryImageOfPage\":{\"@id\":\"https:\/\/www.safinel.fr\/produit\/pineapple-moisture-mist\/#primaryimage\"},\"image\":{\"@id\":\"https:\/\/www.safinel.fr\/produit\/pineapple-moisture-mist\/#primaryimage\"},\"thumbnailUrl\":\"https:\/\/www.safinel.fr\/wp-content\/uploads\/2023\/05\/Pineapple-Moisture-Mist-Spray.jpg\",\"datePublished\":\"2023-05-21T10:27:49+00:00\",\"dateModified\":\"2025-03-10T10:04:25+00:00\",\"description\":\"Pineapple Moisture Mist est une brume capillaire \u00e0 la d\u00e9licieuse et fruit\u00e9e senteur d\u2019ananas. Cosm\u00e9tique pens\u00e9 pour les cheveux boucl\u00e9s, cr\u00e9pus et fris\u00e9s.\",\"breadcrumb\":{\"@id\":\"https:\/\/www.safinel.fr\/produit\/pineapple-moisture-mist\/#breadcrumb\"},\"inLanguage\":\"pt-PT\",\"potentialAction\":[{\"@type\":\"ReadAction\",\"target\":[\"https:\/\/www.safinel.fr\/produit\/pineapple-moisture-mist\/\"]}]},{\"@type\":\"ImageObject\",\"inLanguage\":\"pt-PT\",\"@id\":\"https:\/\/www.safinel.fr\/produit\/pineapple-moisture-mist\/#primaryimage\",\"url\":\"https:\/\/www.safinel.fr\/wp-content\/uploads\/2023\/05\/Pineapple-Moisture-Mist-Spray.jpg\",\"contentUrl\":\"https:\/\/www.safinel.fr\/wp-content\/uploads\/2023\/05\/Pineapple-Moisture-Mist-Spray.jpg\",\"width\":600,\"height\":600,\"caption\":\"Brume Pineapple Moisture Mist 250ml - Tropikal Bliss\"},{\"@type\":\"BreadcrumbList\",\"@id\":\"https:\/\/www.safinel.fr\/produit\/pineapple-moisture-mist\/#breadcrumb\",\"itemListElement\":[{\"@type\":\"ListItem\",\"position\":1,\"name\":\"Accueil\",\"item\":\"https:\/\/www.safinel.fr\/\"},{\"@type\":\"ListItem\",\"position\":2,\"name\":\"Boutique\",\"item\":\"https:\/\/www.safinel.fr\/boutique\/\"},{\"@type\":\"ListItem\",\"position\":3,\"name\":\"Brume Pineapple Moisture Mist 250ml &#8211; Tropikal Bliss\"}]},{\"@type\":\"WebSite\",\"@id\":\"https:\/\/www.safinel.fr\/#website\",\"url\":\"https:\/\/www.safinel.fr\/\",\"name\":\"Safinel\",\"description\":\"\",\"publisher\":{\"@id\":\"https:\/\/www.safinel.fr\/#organization\"},\"potentialAction\":[{\"@type\":\"SearchAction\",\"target\":{\"@type\":\"EntryPoint\",\"urlTemplate\":\"https:\/\/www.safinel.fr\/?s={search_term_string}\"},\"query-input\":{\"@type\":\"PropertyValueSpecification\",\"valueRequired\":true,\"valueName\":\"search_term_string\"}}],\"inLanguage\":\"pt-PT\"},{\"@type\":\"Organization\",\"@id\":\"https:\/\/www.safinel.fr\/#organization\",\"name\":\"Safinel\",\"url\":\"https:\/\/www.safinel.fr\/\",\"logo\":{\"@type\":\"ImageObject\",\"inLanguage\":\"pt-PT\",\"@id\":\"https:\/\/www.safinel.fr\/#\/schema\/logo\/image\/\",\"url\":\"https:\/\/www.safinel.fr\/wp-content\/uploads\/2021\/05\/boutique-cosmetique.png\",\"contentUrl\":\"https:\/\/www.safinel.fr\/wp-content\/uploads\/2021\/05\/boutique-cosmetique.png\",\"width\":800,\"height\":200,\"caption\":\"Safinel\"},\"image\":{\"@id\":\"https:\/\/www.safinel.fr\/#\/schema\/logo\/image\/\"}}]}<\/script>\n<!-- \/ Yoast SEO plugin. -->","yoast_head_json":{"title":"Pineapple Moisture Mist I Spray com sumo de anan\u00e1s e \u00f3leo de marula","description":"Pineapple Moisture Mist \u00e9 um spray capilar com um delicioso aroma frutado a anan\u00e1s. Cosm\u00e9tico concebido para cabelos encaracolados, crespos e crespos.","robots":{"index":"index","follow":"follow","max-snippet":"max-snippet:-1","max-image-preview":"max-image-preview:large","max-video-preview":"max-video-preview:-1"},"canonical":"https:\/\/www.safinel.fr\/pt\/product-2\/nevoa-hidratante-de-ananas\/","og_locale":"pt_PT","og_type":"article","og_title":"Pineapple Moisture Mist I Spray au jus d'ananas & huile de marula","og_description":"Pineapple Moisture Mist est une brume capillaire \u00e0 la d\u00e9licieuse et fruit\u00e9e senteur d\u2019ananas. Cosm\u00e9tique pens\u00e9 pour les cheveux boucl\u00e9s, cr\u00e9pus et fris\u00e9s.","og_url":"https:\/\/www.safinel.fr\/pt\/product-2\/nevoa-hidratante-de-ananas\/","og_site_name":"Safinel","article_modified_time":"2025-03-10T10:04:25+00:00","og_image":[{"width":600,"height":600,"url":"https:\/\/www.safinel.fr\/wp-content\/uploads\/2023\/05\/Pineapple-Moisture-Mist-Spray.jpg","type":"image\/jpeg"}],"twitter_card":"summary_large_image","twitter_misc":{"Tempo estimado de leitura":"2 minutos"},"schema":{"@context":"https:\/\/schema.org","@graph":[{"@type":"WebPage","@id":"https:\/\/www.safinel.fr\/produit\/pineapple-moisture-mist\/","url":"https:\/\/www.safinel.fr\/produit\/pineapple-moisture-mist\/","name":"Pineapple Moisture Mist I Spray com sumo de anan\u00e1s e \u00f3leo de marula","isPartOf":{"@id":"https:\/\/www.safinel.fr\/#website"},"primaryImageOfPage":{"@id":"https:\/\/www.safinel.fr\/produit\/pineapple-moisture-mist\/#primaryimage"},"image":{"@id":"https:\/\/www.safinel.fr\/produit\/pineapple-moisture-mist\/#primaryimage"},"thumbnailUrl":"https:\/\/www.safinel.fr\/wp-content\/uploads\/2023\/05\/Pineapple-Moisture-Mist-Spray.jpg","datePublished":"2023-05-21T10:27:49+00:00","dateModified":"2025-03-10T10:04:25+00:00","description":"Pineapple Moisture Mist \u00e9 um spray capilar com um delicioso aroma frutado a anan\u00e1s. Cosm\u00e9tico concebido para cabelos encaracolados, crespos e crespos.","breadcrumb":{"@id":"https:\/\/www.safinel.fr\/produit\/pineapple-moisture-mist\/#breadcrumb"},"inLanguage":"pt-PT","potentialAction":[{"@type":"ReadAction","target":["https:\/\/www.safinel.fr\/produit\/pineapple-moisture-mist\/"]}]},{"@type":"ImageObject","inLanguage":"pt-PT","@id":"https:\/\/www.safinel.fr\/produit\/pineapple-moisture-mist\/#primaryimage","url":"https:\/\/www.safinel.fr\/wp-content\/uploads\/2023\/05\/Pineapple-Moisture-Mist-Spray.jpg","contentUrl":"https:\/\/www.safinel.fr\/wp-content\/uploads\/2023\/05\/Pineapple-Moisture-Mist-Spray.jpg","width":600,"height":600,"caption":"Brume Pineapple Moisture Mist 250ml - Tropikal Bliss"},{"@type":"BreadcrumbList","@id":"https:\/\/www.safinel.fr\/produit\/pineapple-moisture-mist\/#breadcrumb","itemListElement":[{"@type":"ListItem","position":1,"name":"Accueil","item":"https:\/\/www.safinel.fr\/"},{"@type":"ListItem","position":2,"name":"Boutique","item":"https:\/\/www.safinel.fr\/boutique\/"},{"@type":"ListItem","position":3,"name":"Brume Pineapple Moisture Mist 250ml &#8211; Tropikal Bliss"}]},{"@type":"WebSite","@id":"https:\/\/www.safinel.fr\/#website","url":"https:\/\/www.safinel.fr\/","name":"Safinel","description":"","publisher":{"@id":"https:\/\/www.safinel.fr\/#organization"},"potentialAction":[{"@type":"SearchAction","target":{"@type":"EntryPoint","urlTemplate":"https:\/\/www.safinel.fr\/?s={search_term_string}"},"query-input":{"@type":"PropertyValueSpecification","valueRequired":true,"valueName":"search_term_string"}}],"inLanguage":"pt-PT"},{"@type":"Organization","@id":"https:\/\/www.safinel.fr\/#organization","name":"Safinel","url":"https:\/\/www.safinel.fr\/","logo":{"@type":"ImageObject","inLanguage":"pt-PT","@id":"https:\/\/www.safinel.fr\/#\/schema\/logo\/image\/","url":"https:\/\/www.safinel.fr\/wp-content\/uploads\/2021\/05\/boutique-cosmetique.png","contentUrl":"https:\/\/www.safinel.fr\/wp-content\/uploads\/2021\/05\/boutique-cosmetique.png","width":800,"height":200,"caption":"Safinel"},"image":{"@id":"https:\/\/www.safinel.fr\/#\/schema\/logo\/image\/"}}]}},"_links":{"self":[{"href":"https:\/\/www.safinel.fr\/pt\/wp-json\/wp\/v2\/product\/6113","targetHints":{"allow":["GET"]}}],"collection":[{"href":"https:\/\/www.safinel.fr\/pt\/wp-json\/wp\/v2\/product"}],"about":[{"href":"https:\/\/www.safinel.fr\/pt\/wp-json\/wp\/v2\/types\/product"}],"wp:featuredmedia":[{"embeddable":true,"href":"https:\/\/www.safinel.fr\/pt\/wp-json\/wp\/v2\/media\/6114"}],"wp:attachment":[{"href":"https:\/\/www.safinel.fr\/pt\/wp-json\/wp\/v2\/media?parent=6113"}],"wp:term":[{"taxonomy":"product_brand","embeddable":true,"href":"https:\/\/www.safinel.fr\/pt\/wp-json\/wp\/v2\/product_brand?post=6113"},{"taxonomy":"product_cat","embeddable":true,"href":"https:\/\/www.safinel.fr\/pt\/wp-json\/wp\/v2\/product_cat?post=6113"},{"taxonomy":"product_tag","embeddable":true,"href":"https:\/\/www.safinel.fr\/pt\/wp-json\/wp\/v2\/product_tag?post=6113"}],"curies":[{"name":"wp","href":"https:\/\/api.w.org\/{rel}","templated":true}]}}