{"id":6110,"date":"2023-05-21T09:55:28","date_gmt":"2023-05-21T09:55:28","guid":{"rendered":"https:\/\/www.safinel.fr\/?post_type=product&#038;p=6110"},"modified":"2024-02-02T15:58:12","modified_gmt":"2024-02-02T15:58:12","slug":"mascara-de-marshmallow-derretido","status":"publish","type":"product","link":"https:\/\/www.safinel.fr\/pt\/product-2\/mascara-de-marshmallow-derretido\/","title":{"rendered":"M\u00e1scara Marshmallow Melt 300 ml \u2013 Tropikal Bliss"},"content":{"rendered":"<p>Os <b>cabelo texturizado <\/b>pedem apenas uma coisa:<b> produtos para cabelos<\/b> adequados e respeitadores da sua natureza. Mas isso era sem contar com <i>Safinel<\/i> e o seu novo <strong>M\u00e1scara de marshmallow derretido<\/strong>. Um <b>tratamento hidratante<\/b> com um aroma irresist\u00edvel a doce que certamente o seduzir\u00e1 logo \u00e0 primeira prova...!<span class=\"Apple-converted-space\">\u00a0<\/span><\/p>\n<h2><b>A m\u00e1scara Marshmallow melt traz alegria \u00e0 sua rotina capilar!<span class=\"Apple-converted-space\">\u00a0<\/span><\/b><\/h2>\n<p>A M\u00e1scara Marshmallow Melt \u00e9 um <b>cuidado capilar ultra-nutritivo<\/b> e reparador para todos os tipos de cabelos texturizados. Assim, quer a sua bela cabeleira seja ondulada, encaracolada, crespa ou crespa, este \u00e9 o cosm\u00e9tico que lhe faltava, sem d\u00favida! <span class=\"Apple-converted-space\">\u00a0<\/span><\/p>\n<p>Esta m\u00e1scara cremosa com marshmallow \u00e9 formulada com ingredientes naturais e org\u00e2nicos. Cuidadosamente selecionados, estes ingredientes hidratam, nutrem e suavizam os cabelos mais ressecados.<\/p>\n<h2><b>Quais s\u00e3o os benef\u00edcios deste tratamento capilar para cabelos afro?<span class=\"Apple-converted-space\">\u00a0<\/span><\/b><\/h2>\n<p>Os benef\u00edcios da M\u00e1scara Marshmallow Melt s\u00e3o muitos:<span class=\"Apple-converted-space\">\u00a0<\/span><\/p>\n<ul>\n<li>Em primeiro lugar, fortalece o cabelo em profundidade gra\u00e7as \u00e0 sua f\u00f3rmula rica em prote\u00ednas e vitaminas. Estas s\u00e3o provenientes do extrato de malva org\u00e2nica.<span class=\"Apple-converted-space\">\u00a0<\/span><\/li>\n<li>Em seguida, o <a href=\"https:\/\/www.safinel.fr\/pt\/product-2\/manteiga-vegetal-de-karite-crua-certificada-como-organica-100-ml\/\"><b>manteiga de karit\u00e9 org\u00e2nica<\/b><\/a> que cont\u00e9m amacia e hidrata os cabelos secos e sem brilho, devolvendo-lhes a vitalidade.<span class=\"Apple-converted-space\">\u00a0<\/span><\/li>\n<li>Por fim, <b>\u00f3leo de s\u00e9samo biol\u00f3gico<\/b> presente na m\u00e1scara hidrata e nutre a fibra capilar. Permite, de facto, um desembara\u00e7o f\u00e1cil, torna o cabelo macio e brilhante, ao mesmo tempo que combate o frizz e previne as pontas duplas.<\/li>\n<\/ul>\n<h3><b>Como usar a m\u00e1scara Marshmallow Melt Mask?<span class=\"Apple-converted-space\">\u00a0<\/span><\/b><\/h3>\n<p>Para utilizar este <b>cuidado derretedor com aroma de doce<\/b>, basta seguir alguns passos simples:<span class=\"Apple-converted-space\">\u00a0<\/span><\/p>\n<ol>\n<li>Primeiro, aplique uma boa quantidade do produto nos cabelos limpos e secos. Dependendo da quantidade de cabelo, recomenda-se aplicar a m\u00e1scara por sec\u00e7\u00e3o.<span class=\"Apple-converted-space\">\u00a0<\/span><\/li>\n<li>Deixe agir por pelo menos 15 minutos com a cabe\u00e7a coberta para otimizar os benef\u00edcios do tratamento.<span class=\"Apple-converted-space\">\u00a0<\/span><\/li>\n<li>Em seguida, desembarace o cabelo suavemente, das pontas at\u00e9 \u00e0s ra\u00edzes.<span class=\"Apple-converted-space\">\u00a0<\/span><\/li>\n<li>Por fim, enxague abundantemente antes de aplicar os seus produtos modeladores.<\/li>\n<\/ol>\n<p>Tamb\u00e9m recomendamos o <b>Smoothie de rom\u00e3 e cachos<\/b>, um leite capilar que lhe permitir\u00e1 finalizar o seu penteado com beleza!<span class=\"Apple-converted-space\">\u00a0<\/span><\/p>","protected":false},"excerpt":{"rendered":"<p><strong>Utiliza\u00e7\u00e3o:<\/strong><\/p>\n<ol>\n<li>Primeiro, aplique uma boa quantidade do produto nos cabelos limpos e secos. Dependendo da quantidade de cabelo, recomenda-se aplicar a m\u00e1scara por sec\u00e7\u00e3o.<\/li>\n<li>Deixe agir por pelo menos 15 minutos com a cabe\u00e7a coberta para otimizar os benef\u00edcios do tratamento.<\/li>\n<li>Em seguida, desembarace o cabelo suavemente, das pontas at\u00e9 \u00e0s ra\u00edzes.<\/li>\n<li>Por fim, enxague abundantemente antes de aplicar os seus produtos modeladores.<\/li>\n<\/ol>\n<p><img decoding=\"async\" class=\"size-full wp-image-5091 aligncenter\" src=\"https:\/\/www.safinel.fr\/wp-content\/uploads\/2021\/06\/BANNIERE-ICONE-SAFINEL.webp\" alt=\"resseguro satinado\" width=\"800\" height=\"200\" srcset=\"https:\/\/www.safinel.fr\/wp-content\/uploads\/2021\/06\/BANNIERE-ICONE-SAFINEL.webp 800w, https:\/\/www.safinel.fr\/wp-content\/uploads\/2021\/06\/BANNIERE-ICONE-SAFINEL-600x150.webp 600w, https:\/\/www.safinel.fr\/wp-content\/uploads\/2021\/06\/BANNIERE-ICONE-SAFINEL-768x192.webp 768w\" sizes=\"(max-width: 800px) 100vw, 800px\" \/><\/p>","protected":false},"featured_media":6111,"template":"","meta":[],"product_brand":[],"product_cat":[146,154,153],"product_tag":[],"class_list":{"0":"post-6110","1":"product","2":"type-product","3":"status-publish","4":"has-post-thumbnail","6":"product_cat-produit-cheveux","7":"product_cat-produits-cheveux-boucles","8":"product_cat-tropikal-bliss","10":"first","11":"outofstock","12":"shipping-taxable","13":"purchasable","14":"product-type-simple"},"yoast_head":"<!-- This site is optimized with the Yoast SEO plugin v26.6 - https:\/\/yoast.com\/wordpress\/plugins\/seo\/ -->\n<title>Marshmallow melt mask I Soin senteur bonbon I Tropikal Bliss<\/title>\n<meta name=\"description\" content=\"Les cheveux textur\u00e9s ne demandent qu\u2019une chose : des produits capillaires adapt\u00e9s et respectueux de leur nature. D\u00e9couvrez Marshmallow melt mask !\" \/>\n<meta name=\"robots\" content=\"index, follow, max-snippet:-1, max-image-preview:large, max-video-preview:-1\" \/>\n<link rel=\"canonical\" href=\"https:\/\/www.safinel.fr\/pt\/product-2\/mascara-de-marshmallow-derretido\/\" \/>\n<meta property=\"og:locale\" content=\"pt_PT\" \/>\n<meta property=\"og:type\" content=\"article\" \/>\n<meta property=\"og:title\" content=\"Marshmallow melt mask I Soin senteur bonbon I Tropikal Bliss\" \/>\n<meta property=\"og:description\" content=\"Les cheveux textur\u00e9s ne demandent qu\u2019une chose : des produits capillaires adapt\u00e9s et respectueux de leur nature. D\u00e9couvrez Marshmallow melt mask !\" \/>\n<meta property=\"og:url\" content=\"https:\/\/www.safinel.fr\/pt\/product-2\/mascara-de-marshmallow-derretido\/\" \/>\n<meta property=\"og:site_name\" content=\"Safinel\" \/>\n<meta property=\"article:modified_time\" content=\"2024-02-02T15:58:12+00:00\" \/>\n<meta property=\"og:image\" content=\"https:\/\/www.safinel.fr\/wp-content\/uploads\/2023\/05\/tropikal-bliss-marshmallow-melt-mask-.jpg\" \/>\n\t<meta property=\"og:image:width\" content=\"600\" \/>\n\t<meta property=\"og:image:height\" content=\"600\" \/>\n\t<meta property=\"og:image:type\" content=\"image\/jpeg\" \/>\n<meta name=\"twitter:card\" content=\"summary_large_image\" \/>\n<meta name=\"twitter:label1\" content=\"Tempo estimado de leitura\" \/>\n\t<meta name=\"twitter:data1\" content=\"2 minutos\" \/>\n<script type=\"application\/ld+json\" class=\"yoast-schema-graph\">{\"@context\":\"https:\/\/schema.org\",\"@graph\":[{\"@type\":\"WebPage\",\"@id\":\"https:\/\/www.safinel.fr\/produit\/marshmallow-melt-mask\/\",\"url\":\"https:\/\/www.safinel.fr\/produit\/marshmallow-melt-mask\/\",\"name\":\"Marshmallow melt mask I Soin senteur bonbon I Tropikal Bliss\",\"isPartOf\":{\"@id\":\"https:\/\/www.safinel.fr\/#website\"},\"primaryImageOfPage\":{\"@id\":\"https:\/\/www.safinel.fr\/produit\/marshmallow-melt-mask\/#primaryimage\"},\"image\":{\"@id\":\"https:\/\/www.safinel.fr\/produit\/marshmallow-melt-mask\/#primaryimage\"},\"thumbnailUrl\":\"https:\/\/www.safinel.fr\/wp-content\/uploads\/2023\/05\/tropikal-bliss-marshmallow-melt-mask-.jpg\",\"datePublished\":\"2023-05-21T09:55:28+00:00\",\"dateModified\":\"2024-02-02T15:58:12+00:00\",\"description\":\"Les cheveux textur\u00e9s ne demandent qu\u2019une chose : des produits capillaires adapt\u00e9s et respectueux de leur nature. D\u00e9couvrez Marshmallow melt mask !\",\"breadcrumb\":{\"@id\":\"https:\/\/www.safinel.fr\/produit\/marshmallow-melt-mask\/#breadcrumb\"},\"inLanguage\":\"pt-PT\",\"potentialAction\":[{\"@type\":\"ReadAction\",\"target\":[\"https:\/\/www.safinel.fr\/produit\/marshmallow-melt-mask\/\"]}]},{\"@type\":\"ImageObject\",\"inLanguage\":\"pt-PT\",\"@id\":\"https:\/\/www.safinel.fr\/produit\/marshmallow-melt-mask\/#primaryimage\",\"url\":\"https:\/\/www.safinel.fr\/wp-content\/uploads\/2023\/05\/tropikal-bliss-marshmallow-melt-mask-.jpg\",\"contentUrl\":\"https:\/\/www.safinel.fr\/wp-content\/uploads\/2023\/05\/tropikal-bliss-marshmallow-melt-mask-.jpg\",\"width\":600,\"height\":600,\"caption\":\"Marshmallow melt mask - Tropikal Bliss\"},{\"@type\":\"BreadcrumbList\",\"@id\":\"https:\/\/www.safinel.fr\/produit\/marshmallow-melt-mask\/#breadcrumb\",\"itemListElement\":[{\"@type\":\"ListItem\",\"position\":1,\"name\":\"Accueil\",\"item\":\"https:\/\/www.safinel.fr\/\"},{\"@type\":\"ListItem\",\"position\":2,\"name\":\"Boutique\",\"item\":\"https:\/\/www.safinel.fr\/boutique\/\"},{\"@type\":\"ListItem\",\"position\":3,\"name\":\"Marshmallow melt mask 300ml &#8211; Tropikal Bliss\"}]},{\"@type\":\"WebSite\",\"@id\":\"https:\/\/www.safinel.fr\/#website\",\"url\":\"https:\/\/www.safinel.fr\/\",\"name\":\"Safinel\",\"description\":\"\",\"publisher\":{\"@id\":\"https:\/\/www.safinel.fr\/#organization\"},\"potentialAction\":[{\"@type\":\"SearchAction\",\"target\":{\"@type\":\"EntryPoint\",\"urlTemplate\":\"https:\/\/www.safinel.fr\/?s={search_term_string}\"},\"query-input\":{\"@type\":\"PropertyValueSpecification\",\"valueRequired\":true,\"valueName\":\"search_term_string\"}}],\"inLanguage\":\"pt-PT\"},{\"@type\":\"Organization\",\"@id\":\"https:\/\/www.safinel.fr\/#organization\",\"name\":\"Safinel\",\"url\":\"https:\/\/www.safinel.fr\/\",\"logo\":{\"@type\":\"ImageObject\",\"inLanguage\":\"pt-PT\",\"@id\":\"https:\/\/www.safinel.fr\/#\/schema\/logo\/image\/\",\"url\":\"https:\/\/www.safinel.fr\/wp-content\/uploads\/2021\/05\/boutique-cosmetique.png\",\"contentUrl\":\"https:\/\/www.safinel.fr\/wp-content\/uploads\/2021\/05\/boutique-cosmetique.png\",\"width\":800,\"height\":200,\"caption\":\"Safinel\"},\"image\":{\"@id\":\"https:\/\/www.safinel.fr\/#\/schema\/logo\/image\/\"}}]}<\/script>\n<!-- \/ Yoast SEO plugin. -->","yoast_head_json":{"title":"M\u00e1scara Marshmallow Melt I Tratamento com aroma a doce I Tropikal Bliss","description":"Os cabelos texturizados exigem apenas uma coisa: produtos capilares adequados e que respeitem a sua natureza. Descubra a m\u00e1scara Marshmallow melt!","robots":{"index":"index","follow":"follow","max-snippet":"max-snippet:-1","max-image-preview":"max-image-preview:large","max-video-preview":"max-video-preview:-1"},"canonical":"https:\/\/www.safinel.fr\/pt\/product-2\/mascara-de-marshmallow-derretido\/","og_locale":"pt_PT","og_type":"article","og_title":"Marshmallow melt mask I Soin senteur bonbon I Tropikal Bliss","og_description":"Les cheveux textur\u00e9s ne demandent qu\u2019une chose : des produits capillaires adapt\u00e9s et respectueux de leur nature. D\u00e9couvrez Marshmallow melt mask !","og_url":"https:\/\/www.safinel.fr\/pt\/product-2\/mascara-de-marshmallow-derretido\/","og_site_name":"Safinel","article_modified_time":"2024-02-02T15:58:12+00:00","og_image":[{"width":600,"height":600,"url":"https:\/\/www.safinel.fr\/wp-content\/uploads\/2023\/05\/tropikal-bliss-marshmallow-melt-mask-.jpg","type":"image\/jpeg"}],"twitter_card":"summary_large_image","twitter_misc":{"Tempo estimado de leitura":"2 minutos"},"schema":{"@context":"https:\/\/schema.org","@graph":[{"@type":"WebPage","@id":"https:\/\/www.safinel.fr\/produit\/marshmallow-melt-mask\/","url":"https:\/\/www.safinel.fr\/produit\/marshmallow-melt-mask\/","name":"M\u00e1scara Marshmallow Melt I Tratamento com aroma a doce I Tropikal Bliss","isPartOf":{"@id":"https:\/\/www.safinel.fr\/#website"},"primaryImageOfPage":{"@id":"https:\/\/www.safinel.fr\/produit\/marshmallow-melt-mask\/#primaryimage"},"image":{"@id":"https:\/\/www.safinel.fr\/produit\/marshmallow-melt-mask\/#primaryimage"},"thumbnailUrl":"https:\/\/www.safinel.fr\/wp-content\/uploads\/2023\/05\/tropikal-bliss-marshmallow-melt-mask-.jpg","datePublished":"2023-05-21T09:55:28+00:00","dateModified":"2024-02-02T15:58:12+00:00","description":"Os cabelos texturizados exigem apenas uma coisa: produtos capilares adequados e que respeitem a sua natureza. Descubra a m\u00e1scara Marshmallow melt!","breadcrumb":{"@id":"https:\/\/www.safinel.fr\/produit\/marshmallow-melt-mask\/#breadcrumb"},"inLanguage":"pt-PT","potentialAction":[{"@type":"ReadAction","target":["https:\/\/www.safinel.fr\/produit\/marshmallow-melt-mask\/"]}]},{"@type":"ImageObject","inLanguage":"pt-PT","@id":"https:\/\/www.safinel.fr\/produit\/marshmallow-melt-mask\/#primaryimage","url":"https:\/\/www.safinel.fr\/wp-content\/uploads\/2023\/05\/tropikal-bliss-marshmallow-melt-mask-.jpg","contentUrl":"https:\/\/www.safinel.fr\/wp-content\/uploads\/2023\/05\/tropikal-bliss-marshmallow-melt-mask-.jpg","width":600,"height":600,"caption":"Marshmallow melt mask - Tropikal Bliss"},{"@type":"BreadcrumbList","@id":"https:\/\/www.safinel.fr\/produit\/marshmallow-melt-mask\/#breadcrumb","itemListElement":[{"@type":"ListItem","position":1,"name":"Accueil","item":"https:\/\/www.safinel.fr\/"},{"@type":"ListItem","position":2,"name":"Boutique","item":"https:\/\/www.safinel.fr\/boutique\/"},{"@type":"ListItem","position":3,"name":"Marshmallow melt mask 300ml &#8211; Tropikal Bliss"}]},{"@type":"WebSite","@id":"https:\/\/www.safinel.fr\/#website","url":"https:\/\/www.safinel.fr\/","name":"Safinel","description":"","publisher":{"@id":"https:\/\/www.safinel.fr\/#organization"},"potentialAction":[{"@type":"SearchAction","target":{"@type":"EntryPoint","urlTemplate":"https:\/\/www.safinel.fr\/?s={search_term_string}"},"query-input":{"@type":"PropertyValueSpecification","valueRequired":true,"valueName":"search_term_string"}}],"inLanguage":"pt-PT"},{"@type":"Organization","@id":"https:\/\/www.safinel.fr\/#organization","name":"Safinel","url":"https:\/\/www.safinel.fr\/","logo":{"@type":"ImageObject","inLanguage":"pt-PT","@id":"https:\/\/www.safinel.fr\/#\/schema\/logo\/image\/","url":"https:\/\/www.safinel.fr\/wp-content\/uploads\/2021\/05\/boutique-cosmetique.png","contentUrl":"https:\/\/www.safinel.fr\/wp-content\/uploads\/2021\/05\/boutique-cosmetique.png","width":800,"height":200,"caption":"Safinel"},"image":{"@id":"https:\/\/www.safinel.fr\/#\/schema\/logo\/image\/"}}]}},"_links":{"self":[{"href":"https:\/\/www.safinel.fr\/pt\/wp-json\/wp\/v2\/product\/6110","targetHints":{"allow":["GET"]}}],"collection":[{"href":"https:\/\/www.safinel.fr\/pt\/wp-json\/wp\/v2\/product"}],"about":[{"href":"https:\/\/www.safinel.fr\/pt\/wp-json\/wp\/v2\/types\/product"}],"wp:featuredmedia":[{"embeddable":true,"href":"https:\/\/www.safinel.fr\/pt\/wp-json\/wp\/v2\/media\/6111"}],"wp:attachment":[{"href":"https:\/\/www.safinel.fr\/pt\/wp-json\/wp\/v2\/media?parent=6110"}],"wp:term":[{"taxonomy":"product_brand","embeddable":true,"href":"https:\/\/www.safinel.fr\/pt\/wp-json\/wp\/v2\/product_brand?post=6110"},{"taxonomy":"product_cat","embeddable":true,"href":"https:\/\/www.safinel.fr\/pt\/wp-json\/wp\/v2\/product_cat?post=6110"},{"taxonomy":"product_tag","embeddable":true,"href":"https:\/\/www.safinel.fr\/pt\/wp-json\/wp\/v2\/product_tag?post=6110"}],"curies":[{"name":"wp","href":"https:\/\/api.w.org\/{rel}","templated":true}]}}