{"id":5928,"date":"2023-05-11T20:44:52","date_gmt":"2023-05-11T20:44:52","guid":{"rendered":"https:\/\/www.safinel.fr\/?post_type=product&#038;p=5928"},"modified":"2023-12-28T17:15:58","modified_gmt":"2023-12-28T17:15:58","slug":"oleo-de-mostarda","status":"publish","type":"product","link":"https:\/\/www.safinel.fr\/pt\/product-2\/oleo-de-mostarda\/","title":{"rendered":"\u00d3leo de mostarda 50 ml"},"content":{"rendered":"<p>Uma salada? Um molho vinagrete? Deve estar a perguntar-se que receita da av\u00f3 prepar\u00e1mos para si? Bem, nada disso. Ou, pelo menos, n\u00e3o como est\u00e1 a pensar! Na verdade,\u00a0<strong>\u00f3leo de mostarda\u00a0<\/strong>\u00e9 super interessante... mas como\u00a0<strong>cosm\u00e9tico<\/strong>\u00a0aqui. E especialmente pela beleza dos nossos cabelos!<\/p>\n<h2><strong>\u00d3leo de mostarda cosm\u00e9tico: estamos interessados!\u00a0<\/strong><\/h2>\n<p><strong>\u00d3leo de mostarda cosm\u00e9tico\u00a0<\/strong>\u00e9 obtida a partir das sementes de mostarda da fam\u00edlia Brassicaceae. \u00c9 origin\u00e1ria principalmente da Alemanha, \u00c1ustria e Fran\u00e7a metropolitana. A destila\u00e7\u00e3o das sementes \u00e9 o processo de obten\u00e7\u00e3o mais utilizado.<\/p>\n<p>\u00c9 um rem\u00e9dio com v\u00e1rios s\u00e9culos. Este\u00a0<strong>\u00f3leo vegetal\u00a0<\/strong>\u00e9 muito popular na \u00cdndia e no Magrebe pelos seus efeitos ben\u00e9ficos no cuidado capilar. Mas tamb\u00e9m pela sua a\u00e7\u00e3o antienvelhecimento, devido aos seus componentes isotiocianatos.<\/p>\n<p>Ent\u00e3o, \u00e9 verdade que, no primeiro encontro, poder\u00e1 n\u00e3o apreciar o seu aroma um pouco... forte. Trata-se, obviamente, de mostarda, pelo que \u00e9 de esperar que o seu cheiro seja bastante particular. Mas, uma vez misturada com outros \u00f3leos, n\u00e3o se preocupe, o cheiro desaparece!<\/p>\n<h2><strong>\u00d3leo de mostarda para o cabelo: o seu novo segredo de beleza!\u00a0<\/strong><\/h2>\n<p>Rico em \u00e1cidos gordos essenciais,\u00a0<strong>\u00f3leo vegetal de mostarda<\/strong>\u00a0nutre a fibra capilar para proporcionar aos cabelos secos a hidrata\u00e7\u00e3o de que necessitam. Possui tamb\u00e9m muitas outras propriedades, das quais falaremos sem mais demora!<\/p>\n<ul>\n<li>Gra\u00e7as ao \u00e1cido er\u00facico e ao isotiocianato de alilo que cont\u00e9m, estimula a circula\u00e7\u00e3o sangu\u00ednea no couro cabeludo. Isso, consequentemente, confere-lhe o poder de acelerar o crescimento; ;<\/li>\n<li>\u00c9 especialmente recomendado para cabelos finos, fr\u00e1geis e secos, e tem uma a\u00e7\u00e3o protetora e fortalecedora nos comprimentos. .<\/li>\n<li>Ela tamb\u00e9m \u00e9\u00a0<strong>anticaspa<\/strong>\u00a0e pode ser utilizada em massagens ou fric\u00e7\u00f5es, ou ainda num regime capilar regular; ;<\/li>\n<li>No entanto, recomenda-se misturar\u00a0<strong>\u00f3leo de mostarda<\/strong>\u00a0com outros \u00f3leos antes de aplicar no couro cabeludo e use com modera\u00e7\u00e3o. Por exemplo,\u00a0<strong>\u00f3leo de br\u00f3colos<\/strong>, de\u00a0<a href=\"https:\/\/www.safinel.fr\/pt\/product-2\/oleo-de-carapate\/\"><strong>fuga<\/strong><\/a>\u00a0ou ainda de\u00a0<a href=\"https:\/\/www.safinel.fr\/pt\/product-2\/oleo-de-linhaca-para-cabelos\/\"><strong>linho<\/strong><\/a>.<\/li>\n<\/ul>\n<h3><strong>Como aproveitar as propriedades do \u00f3leo de mostarda? \u00a0<\/strong><\/h3>\n<p>Para aproveitar ao m\u00e1ximo todas as suas virtudes, nada mais simples!<\/p>\n<p>Nosso precioso\u00a0<strong>elixir<\/strong>\u00a0A mostarda cont\u00e9m beta-carotenos, zinco, \u00e1cidos gordos \u00f3mega-3, vitaminas A e E e acidez. O que a torna um produto eficaz.<strong>\u00a0para o crescimento do cabelo.\u00a0<\/strong>Os seus benef\u00edcios incluem a preven\u00e7\u00e3o da queda de cabelo e o est\u00edmulo ao crescimento capilar.<\/p>\n<p>\u00c9 importante saber que algumas sinergias incluem o uso de \u00f3leos de cedro, lavanda, toranja, palmarosa e patchouli para o crescimento do cabelo.<\/p>\n<p>De facto, para beneficiar de um tratamento para o crescimento do cabelo, \u00e9 necess\u00e1rio:<\/p>\n<h3><strong>Ingredientes:<\/strong><\/h3>\n<ul>\n<li>2 colheres de ch\u00e1 de \u00f3leo de mostarda puro,<\/li>\n<li>1 colher de ch\u00e1 de \u00f3leo de\u00a0<strong>jojoba<\/strong>,<\/li>\n<li>1 colher de ch\u00e1 de \u00f3leo de abacate,<\/li>\n<li>5 gotas de \u00f3leo essencial de toranja e a mesma quantidade de \u00f3leo essencial de cedro do L\u00edbano.<\/li>\n<\/ul>\n<p>Em seguida, aplique a mistura no cabelo e no couro cabeludo e deixe agir por vinte minutos antes de lavar com shampoo.<\/p>","protected":false},"excerpt":{"rendered":"<p><img decoding=\"async\" class=\"size-full wp-image-5091 aligncenter\" src=\"https:\/\/www.safinel.fr\/wp-content\/uploads\/2021\/06\/BANNIERE-ICONE-SAFINEL.webp\" alt=\"resseguro satinado\" width=\"800\" height=\"200\" srcset=\"https:\/\/www.safinel.fr\/wp-content\/uploads\/2021\/06\/BANNIERE-ICONE-SAFINEL.webp 800w, https:\/\/www.safinel.fr\/wp-content\/uploads\/2021\/06\/BANNIERE-ICONE-SAFINEL-600x150.webp 600w, https:\/\/www.safinel.fr\/wp-content\/uploads\/2021\/06\/BANNIERE-ICONE-SAFINEL-768x192.webp 768w\" sizes=\"(max-width: 800px) 100vw, 800px\" \/><\/p>","protected":false},"featured_media":5929,"template":"","meta":[],"product_brand":[],"product_cat":[122],"product_tag":[],"class_list":{"0":"post-5928","1":"product","2":"type-product","3":"status-publish","4":"has-post-thumbnail","6":"product_cat-huile-vegetale","8":"first","9":"instock","10":"shipping-taxable","11":"purchasable","12":"product-type-simple"},"yoast_head":"<!-- This site is optimized with the Yoast SEO plugin v26.6 - https:\/\/yoast.com\/wordpress\/plugins\/seo\/ -->\n<title>Huile de moutarde I Huile naturelle aux bienfaits nombreux<\/title>\n<meta name=\"description\" content=\"L&#039;huile de moutarde offre de nombreux avantages pour la sant\u00e9 et la beaut\u00e9. D\u00e9couvrez comment l&#039;incorporer dans votre routine quotidienne.\" \/>\n<meta name=\"robots\" content=\"index, follow, max-snippet:-1, max-image-preview:large, max-video-preview:-1\" \/>\n<link rel=\"canonical\" href=\"https:\/\/www.safinel.fr\/pt\/product-2\/oleo-de-mostarda\/\" \/>\n<meta property=\"og:locale\" content=\"pt_PT\" \/>\n<meta property=\"og:type\" content=\"article\" \/>\n<meta property=\"og:title\" content=\"Huile de moutarde I Huile naturelle aux bienfaits nombreux\" \/>\n<meta property=\"og:description\" content=\"L&#039;huile de moutarde offre de nombreux avantages pour la sant\u00e9 et la beaut\u00e9. D\u00e9couvrez comment l&#039;incorporer dans votre routine quotidienne.\" \/>\n<meta property=\"og:url\" content=\"https:\/\/www.safinel.fr\/pt\/product-2\/oleo-de-mostarda\/\" \/>\n<meta property=\"og:site_name\" content=\"Safinel\" \/>\n<meta property=\"article:modified_time\" content=\"2023-12-28T17:15:58+00:00\" \/>\n<meta property=\"og:image\" content=\"https:\/\/www.safinel.fr\/wp-content\/uploads\/2023\/05\/huile-de-moutarde-1.jpg.webp\" \/>\n\t<meta property=\"og:image:width\" content=\"600\" \/>\n\t<meta property=\"og:image:height\" content=\"600\" \/>\n\t<meta property=\"og:image:type\" content=\"image\/webp\" \/>\n<meta name=\"twitter:card\" content=\"summary_large_image\" \/>\n<meta name=\"twitter:label1\" content=\"Tempo estimado de leitura\" \/>\n\t<meta name=\"twitter:data1\" content=\"3 minutos\" \/>\n<script type=\"application\/ld+json\" class=\"yoast-schema-graph\">{\"@context\":\"https:\/\/schema.org\",\"@graph\":[{\"@type\":\"WebPage\",\"@id\":\"https:\/\/www.safinel.fr\/produit\/huile-de-moutarde\/\",\"url\":\"https:\/\/www.safinel.fr\/produit\/huile-de-moutarde\/\",\"name\":\"Huile de moutarde I Huile naturelle aux bienfaits nombreux\",\"isPartOf\":{\"@id\":\"https:\/\/www.safinel.fr\/#website\"},\"primaryImageOfPage\":{\"@id\":\"https:\/\/www.safinel.fr\/produit\/huile-de-moutarde\/#primaryimage\"},\"image\":{\"@id\":\"https:\/\/www.safinel.fr\/produit\/huile-de-moutarde\/#primaryimage\"},\"thumbnailUrl\":\"https:\/\/www.safinel.fr\/wp-content\/uploads\/2023\/05\/huile-de-moutarde-1.jpg.webp\",\"datePublished\":\"2023-05-11T20:44:52+00:00\",\"dateModified\":\"2023-12-28T17:15:58+00:00\",\"description\":\"L'huile de moutarde offre de nombreux avantages pour la sant\u00e9 et la beaut\u00e9. D\u00e9couvrez comment l'incorporer dans votre routine quotidienne.\",\"breadcrumb\":{\"@id\":\"https:\/\/www.safinel.fr\/produit\/huile-de-moutarde\/#breadcrumb\"},\"inLanguage\":\"pt-PT\",\"potentialAction\":[{\"@type\":\"ReadAction\",\"target\":[\"https:\/\/www.safinel.fr\/produit\/huile-de-moutarde\/\"]}]},{\"@type\":\"ImageObject\",\"inLanguage\":\"pt-PT\",\"@id\":\"https:\/\/www.safinel.fr\/produit\/huile-de-moutarde\/#primaryimage\",\"url\":\"https:\/\/www.safinel.fr\/wp-content\/uploads\/2023\/05\/huile-de-moutarde-1.jpg.webp\",\"contentUrl\":\"https:\/\/www.safinel.fr\/wp-content\/uploads\/2023\/05\/huile-de-moutarde-1.jpg.webp\",\"width\":600,\"height\":600,\"caption\":\"Huile de moutarde 50ml\"},{\"@type\":\"BreadcrumbList\",\"@id\":\"https:\/\/www.safinel.fr\/produit\/huile-de-moutarde\/#breadcrumb\",\"itemListElement\":[{\"@type\":\"ListItem\",\"position\":1,\"name\":\"Accueil\",\"item\":\"https:\/\/www.safinel.fr\/\"},{\"@type\":\"ListItem\",\"position\":2,\"name\":\"Boutique\",\"item\":\"https:\/\/www.safinel.fr\/boutique\/\"},{\"@type\":\"ListItem\",\"position\":3,\"name\":\"Huile de moutarde 50ml\"}]},{\"@type\":\"WebSite\",\"@id\":\"https:\/\/www.safinel.fr\/#website\",\"url\":\"https:\/\/www.safinel.fr\/\",\"name\":\"Safinel\",\"description\":\"\",\"publisher\":{\"@id\":\"https:\/\/www.safinel.fr\/#organization\"},\"potentialAction\":[{\"@type\":\"SearchAction\",\"target\":{\"@type\":\"EntryPoint\",\"urlTemplate\":\"https:\/\/www.safinel.fr\/?s={search_term_string}\"},\"query-input\":{\"@type\":\"PropertyValueSpecification\",\"valueRequired\":true,\"valueName\":\"search_term_string\"}}],\"inLanguage\":\"pt-PT\"},{\"@type\":\"Organization\",\"@id\":\"https:\/\/www.safinel.fr\/#organization\",\"name\":\"Safinel\",\"url\":\"https:\/\/www.safinel.fr\/\",\"logo\":{\"@type\":\"ImageObject\",\"inLanguage\":\"pt-PT\",\"@id\":\"https:\/\/www.safinel.fr\/#\/schema\/logo\/image\/\",\"url\":\"https:\/\/www.safinel.fr\/wp-content\/uploads\/2021\/05\/boutique-cosmetique.png\",\"contentUrl\":\"https:\/\/www.safinel.fr\/wp-content\/uploads\/2021\/05\/boutique-cosmetique.png\",\"width\":800,\"height\":200,\"caption\":\"Safinel\"},\"image\":{\"@id\":\"https:\/\/www.safinel.fr\/#\/schema\/logo\/image\/\"}}]}<\/script>\n<!-- \/ Yoast SEO plugin. -->","yoast_head_json":{"title":"\u00d3leo de mostarda I \u00d3leo natural com in\u00fameros benef\u00edcios","description":"O \u00f3leo de mostarda oferece in\u00fameros benef\u00edcios para a sa\u00fade e a beleza. Descubra como incorpor\u00e1-lo na sua rotina di\u00e1ria.","robots":{"index":"index","follow":"follow","max-snippet":"max-snippet:-1","max-image-preview":"max-image-preview:large","max-video-preview":"max-video-preview:-1"},"canonical":"https:\/\/www.safinel.fr\/pt\/product-2\/oleo-de-mostarda\/","og_locale":"pt_PT","og_type":"article","og_title":"Huile de moutarde I Huile naturelle aux bienfaits nombreux","og_description":"L'huile de moutarde offre de nombreux avantages pour la sant\u00e9 et la beaut\u00e9. D\u00e9couvrez comment l'incorporer dans votre routine quotidienne.","og_url":"https:\/\/www.safinel.fr\/pt\/product-2\/oleo-de-mostarda\/","og_site_name":"Safinel","article_modified_time":"2023-12-28T17:15:58+00:00","og_image":[{"width":600,"height":600,"url":"https:\/\/www.safinel.fr\/wp-content\/uploads\/2023\/05\/huile-de-moutarde-1.jpg.webp","type":"image\/webp"}],"twitter_card":"summary_large_image","twitter_misc":{"Tempo estimado de leitura":"3 minutos"},"schema":{"@context":"https:\/\/schema.org","@graph":[{"@type":"WebPage","@id":"https:\/\/www.safinel.fr\/produit\/huile-de-moutarde\/","url":"https:\/\/www.safinel.fr\/produit\/huile-de-moutarde\/","name":"\u00d3leo de mostarda I \u00d3leo natural com in\u00fameros benef\u00edcios","isPartOf":{"@id":"https:\/\/www.safinel.fr\/#website"},"primaryImageOfPage":{"@id":"https:\/\/www.safinel.fr\/produit\/huile-de-moutarde\/#primaryimage"},"image":{"@id":"https:\/\/www.safinel.fr\/produit\/huile-de-moutarde\/#primaryimage"},"thumbnailUrl":"https:\/\/www.safinel.fr\/wp-content\/uploads\/2023\/05\/huile-de-moutarde-1.jpg.webp","datePublished":"2023-05-11T20:44:52+00:00","dateModified":"2023-12-28T17:15:58+00:00","description":"O \u00f3leo de mostarda oferece in\u00fameros benef\u00edcios para a sa\u00fade e a beleza. Descubra como incorpor\u00e1-lo na sua rotina di\u00e1ria.","breadcrumb":{"@id":"https:\/\/www.safinel.fr\/produit\/huile-de-moutarde\/#breadcrumb"},"inLanguage":"pt-PT","potentialAction":[{"@type":"ReadAction","target":["https:\/\/www.safinel.fr\/produit\/huile-de-moutarde\/"]}]},{"@type":"ImageObject","inLanguage":"pt-PT","@id":"https:\/\/www.safinel.fr\/produit\/huile-de-moutarde\/#primaryimage","url":"https:\/\/www.safinel.fr\/wp-content\/uploads\/2023\/05\/huile-de-moutarde-1.jpg.webp","contentUrl":"https:\/\/www.safinel.fr\/wp-content\/uploads\/2023\/05\/huile-de-moutarde-1.jpg.webp","width":600,"height":600,"caption":"Huile de moutarde 50ml"},{"@type":"BreadcrumbList","@id":"https:\/\/www.safinel.fr\/produit\/huile-de-moutarde\/#breadcrumb","itemListElement":[{"@type":"ListItem","position":1,"name":"Accueil","item":"https:\/\/www.safinel.fr\/"},{"@type":"ListItem","position":2,"name":"Boutique","item":"https:\/\/www.safinel.fr\/boutique\/"},{"@type":"ListItem","position":3,"name":"Huile de moutarde 50ml"}]},{"@type":"WebSite","@id":"https:\/\/www.safinel.fr\/#website","url":"https:\/\/www.safinel.fr\/","name":"Safinel","description":"","publisher":{"@id":"https:\/\/www.safinel.fr\/#organization"},"potentialAction":[{"@type":"SearchAction","target":{"@type":"EntryPoint","urlTemplate":"https:\/\/www.safinel.fr\/?s={search_term_string}"},"query-input":{"@type":"PropertyValueSpecification","valueRequired":true,"valueName":"search_term_string"}}],"inLanguage":"pt-PT"},{"@type":"Organization","@id":"https:\/\/www.safinel.fr\/#organization","name":"Safinel","url":"https:\/\/www.safinel.fr\/","logo":{"@type":"ImageObject","inLanguage":"pt-PT","@id":"https:\/\/www.safinel.fr\/#\/schema\/logo\/image\/","url":"https:\/\/www.safinel.fr\/wp-content\/uploads\/2021\/05\/boutique-cosmetique.png","contentUrl":"https:\/\/www.safinel.fr\/wp-content\/uploads\/2021\/05\/boutique-cosmetique.png","width":800,"height":200,"caption":"Safinel"},"image":{"@id":"https:\/\/www.safinel.fr\/#\/schema\/logo\/image\/"}}]}},"_links":{"self":[{"href":"https:\/\/www.safinel.fr\/pt\/wp-json\/wp\/v2\/product\/5928","targetHints":{"allow":["GET"]}}],"collection":[{"href":"https:\/\/www.safinel.fr\/pt\/wp-json\/wp\/v2\/product"}],"about":[{"href":"https:\/\/www.safinel.fr\/pt\/wp-json\/wp\/v2\/types\/product"}],"wp:featuredmedia":[{"embeddable":true,"href":"https:\/\/www.safinel.fr\/pt\/wp-json\/wp\/v2\/media\/5929"}],"wp:attachment":[{"href":"https:\/\/www.safinel.fr\/pt\/wp-json\/wp\/v2\/media?parent=5928"}],"wp:term":[{"taxonomy":"product_brand","embeddable":true,"href":"https:\/\/www.safinel.fr\/pt\/wp-json\/wp\/v2\/product_brand?post=5928"},{"taxonomy":"product_cat","embeddable":true,"href":"https:\/\/www.safinel.fr\/pt\/wp-json\/wp\/v2\/product_cat?post=5928"},{"taxonomy":"product_tag","embeddable":true,"href":"https:\/\/www.safinel.fr\/pt\/wp-json\/wp\/v2\/product_tag?post=5928"}],"curies":[{"name":"wp","href":"https:\/\/api.w.org\/{rel}","templated":true}]}}