{"id":5880,"date":"2023-05-09T08:31:05","date_gmt":"2023-05-09T08:31:05","guid":{"rendered":"https:\/\/www.safinel.fr\/?post_type=product&#038;p=5880"},"modified":"2025-07-27T01:19:37","modified_gmt":"2025-07-27T01:19:37","slug":"oleo-de-acafrao-puro","status":"publish","type":"product","link":"https:\/\/www.safinel.fr\/pt\/product-2\/oleo-de-acafrao-puro\/","title":{"rendered":"\u00d3leo de a\u00e7afr\u00e3o puro 30 ml"},"content":{"rendered":"<p><strong>O \u00f3leo de a\u00e7afr\u00e3o<\/strong>\u00a0\u00e9 uma verdadeira novidade, ainda pouco conhecida. No entanto, esta\u00a0<strong>especiaria<\/strong>\u00a0n\u00e3o \u00e9 novidade. E isso \u00e9 pouco dizer! Descubra, na Vertus D'Orient, um produto com m\u00faltiplas utiliza\u00e7\u00f5es e benef\u00edcios surpreendentes!<\/p>\n<h2><strong>\u00d3leo de a\u00e7afr\u00e3o: o ouro vermelho em formato l\u00edquido<\/strong><\/h2>\n<p>\u00c9 apelidado de ouro vermelho devido \u00e0 sua raridade e ao seu pre\u00e7o que chega a atingir os 40 000 euros! O a\u00e7afr\u00e3o \u00e9 utilizado desde a Antiguidade. Atualmente, Marrocos \u00e9 um dos pa\u00edses que o utiliza com mais frequ\u00eancia!<\/p>\n<p>Por estas raz\u00f5es, entre outras, selecion\u00e1mos\u00a0<strong>\u00d3leo de a\u00e7afr\u00e3o org\u00e2nico do Marrocos, em embalagem de 30 ml<\/strong>. Al\u00e9m disso, \u00e9 importante saber que este \u00f3leo vegetal \u00e9 extra\u00eddo por meio de extra\u00e7\u00e3o mec\u00e2nica.\u00a0<strong>Sem utiliza\u00e7\u00e3o, de facto, de solventes, nem recurso a conservantes<\/strong>\u00a0!<\/p>\n<h2><strong>Todos os benef\u00edcios do \u00f3leo de a\u00e7afr\u00e3o puro<\/strong><\/h2>\n<p>Nesta\u00a0<strong>especiaria oriental<\/strong>, n\u00e3o \u00e9 s\u00f3 o seu pre\u00e7o que nos surpreende! Por estas raz\u00f5es, eis algumas virtudes extra\u00eddas do famoso \u00f3leo de a\u00e7afr\u00e3o biol\u00f3gico:<\/p>\n<ul>\n<li>\u00a0\u00a0\u00a0\u00a0\u00datil contra dores articulares e musculares; ;<\/li>\n<li>\u00a0\u00a0\u00a0\u00a0\u00c9 conhecido pelas suas propriedades calmantes e relaxantes; ;<\/li>\n<li>\u00a0\u00a0\u00a0\u00a0Este \u00f3leo de a\u00e7afr\u00e3o cont\u00e9m antioxidantes, \u00fateis contra o envelhecimento da pele; ;<\/li>\n<li>\u00a0\u00a0\u00a0\u00a0\u00c9 conhecido pelos seus efeitos afrodis\u00edacos e estimulantes, especialmente nos homens; ;<\/li>\n<li>\u00a0\u00a0\u00a0\u00a0Permite\u00a0<a href=\"https:\/\/www.safinel.fr\/pt\/product-2\/folhas-de-djeka\/\" rel=\"noreferrer noopener\"><strong>acalmar as dores menstruais<\/strong><\/a>\u00a0;<\/li>\n<li>\u00a0\u00a0\u00a0\u00a0Torna a pele mais flex\u00edvel e o tom mais uniforme; ;<\/li>\n<li>\u00a0\u00a0\u00a0\u00a0Por fim, ajuda o cabelo a recuperar o vigor e a vitalidade.<\/li>\n<\/ul>\n<h2><strong>As poss\u00edveis utiliza\u00e7\u00f5es do \u00f3leo de a\u00e7afr\u00e3o<\/strong><\/h2>\n<p>O seu novo cosm\u00e9tico tamb\u00e9m \u00e9 um\u00a0<strong>suplemento alimentar natural\u00a0<\/strong>de escolha!<\/p>\n<h3><strong>Por via interna<\/strong><\/h3>\n<p>Este\u00a0<strong>a\u00e7afr\u00e3o em \u00f3leo<\/strong>\u00a0pode ser usado na cozinha, para temperar os seus pratos. Para us\u00e1-lo como rem\u00e9dio terap\u00eautico, recomendamos que verifique a dosagem exata com um profissional de sa\u00fade.<\/p>\n<h3><strong>Por via externa<\/strong><\/h3>\n<p><strong>Este precioso elixir pode ser utilizado de v\u00e1rias maneiras:<\/strong><\/p>\n<ul>\n<li><strong>Para o cabelo:<\/strong>\u00a0como banho de \u00f3leo<\/li>\n<li><strong>Na pele:<\/strong>\u00a0para adicionar a outros \u00f3leos vegetais ou ainda para adicionar a prepara\u00e7\u00f5es cosm\u00e9ticas caseiras. Al\u00e9m disso, pode ser utilizada pura diretamente na \u00e1rea a tratar.<\/li>\n<li><strong>No seu banho:\u00a0<\/strong>prop\u00edcias ao relaxamento, as fragr\u00e2ncias deste ingrediente fant\u00e1stico prometem-lhe um momento relaxante. Conserva\u00e7\u00e3o Este \u00f3leo de a\u00e7afr\u00e3o \u00e9 sens\u00edvel \u00e0 oxida\u00e7\u00e3o. Por isso, deve ser mantido ao abrigo da luz e da humidade.<\/li>\n<\/ul>\n<h3><strong>Precau\u00e7\u00f5es a tomar com o seu \u00f3leo de a\u00e7afr\u00e3o puro<\/strong><\/h3>\n<p>Certifique-se de seguir as instru\u00e7\u00f5es de utiliza\u00e7\u00e3o e a dosagem indicada na embalagem. Al\u00e9m disso, n\u00e3o \u00e9 recomendado para crian\u00e7as, mulheres gr\u00e1vidas e lactantes. Consulte o seu m\u00e9dico antes de introduzir um suplemento alimentar. O mesmo se aplica a todas as quest\u00f5es m\u00e9dicas. O a\u00e7afr\u00e3o em todas as suas formas!<\/p>\n<p>Por fim, para aqueles que apreciam o a\u00e7afr\u00e3o ou desejam descobri-lo de uma forma diferente, aqui est\u00e1 algo que ir\u00e1 satisfaz\u00ea-los: \u2013<\/p>\n<ul>\n<li><strong>Sabonete natural com a\u00e7afr\u00e3o\u00a0<\/strong>: um cosm\u00e9tico multifuncional, para usar tanto no rosto como no corpo e no cabelo!<\/li>\n<li><strong>A\u00e7afr\u00e3o natural 1 g\u00a0<\/strong>: estigmas de alta qualidade para apimentar todas as suas receitas!<\/li>\n<\/ul>","protected":false},"excerpt":{"rendered":"<p><strong>*Foto n\u00e3o contratual.<\/strong><\/p>\n<p><img decoding=\"async\" class=\"size-full wp-image-5091 aligncenter\" src=\"https:\/\/www.safinel.fr\/wp-content\/uploads\/2021\/06\/BANNIERE-ICONE-SAFINEL.webp\" alt=\"resseguro satinado\" width=\"800\" height=\"200\" srcset=\"https:\/\/www.safinel.fr\/wp-content\/uploads\/2021\/06\/BANNIERE-ICONE-SAFINEL.webp 800w, https:\/\/www.safinel.fr\/wp-content\/uploads\/2021\/06\/BANNIERE-ICONE-SAFINEL-600x150.webp 600w, https:\/\/www.safinel.fr\/wp-content\/uploads\/2021\/06\/BANNIERE-ICONE-SAFINEL-768x192.webp 768w\" sizes=\"(max-width: 800px) 100vw, 800px\" \/><\/p>","protected":false},"featured_media":5881,"template":"","meta":[],"product_brand":[],"product_cat":[146,122],"product_tag":[],"class_list":{"0":"post-5880","1":"product","2":"type-product","3":"status-publish","4":"has-post-thumbnail","6":"product_cat-produit-cheveux","7":"product_cat-huile-vegetale","9":"first","10":"instock","11":"shipping-taxable","12":"purchasable","13":"product-type-simple"},"yoast_head":"<!-- This site is optimized with the Yoast SEO plugin v26.6 - https:\/\/yoast.com\/wordpress\/plugins\/seo\/ -->\n<title>Huile de Safran I Un tr\u00e9sor pur aux multiples vertus<\/title>\n<meta name=\"description\" content=\"D\u00e9couvrez les bienfaits de l&#039;huile de safran, une huile pr\u00e9cieuse riche en antioxydants. Utilis\u00e9e en cuisine et en cosm\u00e9tique. Adoptez-l\u00e0 !\" \/>\n<meta name=\"robots\" content=\"index, follow, max-snippet:-1, max-image-preview:large, max-video-preview:-1\" \/>\n<link rel=\"canonical\" href=\"https:\/\/www.safinel.fr\/pt\/product-2\/oleo-de-acafrao-puro\/\" \/>\n<meta property=\"og:locale\" content=\"pt_PT\" \/>\n<meta property=\"og:type\" content=\"article\" \/>\n<meta property=\"og:title\" content=\"Huile de Safran I Un tr\u00e9sor pur aux multiples vertus\" \/>\n<meta property=\"og:description\" content=\"D\u00e9couvrez les bienfaits de l&#039;huile de safran, une huile pr\u00e9cieuse riche en antioxydants. Utilis\u00e9e en cuisine et en cosm\u00e9tique. Adoptez-l\u00e0 !\" \/>\n<meta property=\"og:url\" content=\"https:\/\/www.safinel.fr\/pt\/product-2\/oleo-de-acafrao-puro\/\" \/>\n<meta property=\"og:site_name\" content=\"Safinel\" \/>\n<meta property=\"article:modified_time\" content=\"2025-07-27T01:19:37+00:00\" \/>\n<meta property=\"og:image\" content=\"https:\/\/www.safinel.fr\/wp-content\/uploads\/2023\/05\/huile-de-safran.jpg\" \/>\n\t<meta property=\"og:image:width\" content=\"600\" \/>\n\t<meta property=\"og:image:height\" content=\"600\" \/>\n\t<meta property=\"og:image:type\" content=\"image\/jpeg\" \/>\n<meta name=\"twitter:card\" content=\"summary_large_image\" \/>\n<meta name=\"twitter:label1\" content=\"Tempo estimado de leitura\" \/>\n\t<meta name=\"twitter:data1\" content=\"3 minutos\" \/>\n<script type=\"application\/ld+json\" class=\"yoast-schema-graph\">{\"@context\":\"https:\/\/schema.org\",\"@graph\":[{\"@type\":\"WebPage\",\"@id\":\"https:\/\/www.safinel.fr\/produit\/huile-de-safran-pur\/\",\"url\":\"https:\/\/www.safinel.fr\/produit\/huile-de-safran-pur\/\",\"name\":\"Huile de Safran I Un tr\u00e9sor pur aux multiples vertus\",\"isPartOf\":{\"@id\":\"https:\/\/www.safinel.fr\/#website\"},\"primaryImageOfPage\":{\"@id\":\"https:\/\/www.safinel.fr\/produit\/huile-de-safran-pur\/#primaryimage\"},\"image\":{\"@id\":\"https:\/\/www.safinel.fr\/produit\/huile-de-safran-pur\/#primaryimage\"},\"thumbnailUrl\":\"https:\/\/www.safinel.fr\/wp-content\/uploads\/2023\/05\/huile-de-safran.jpg\",\"datePublished\":\"2023-05-09T08:31:05+00:00\",\"dateModified\":\"2025-07-27T01:19:37+00:00\",\"description\":\"D\u00e9couvrez les bienfaits de l'huile de safran, une huile pr\u00e9cieuse riche en antioxydants. Utilis\u00e9e en cuisine et en cosm\u00e9tique. Adoptez-l\u00e0 !\",\"breadcrumb\":{\"@id\":\"https:\/\/www.safinel.fr\/produit\/huile-de-safran-pur\/#breadcrumb\"},\"inLanguage\":\"pt-PT\",\"potentialAction\":[{\"@type\":\"ReadAction\",\"target\":[\"https:\/\/www.safinel.fr\/produit\/huile-de-safran-pur\/\"]}]},{\"@type\":\"ImageObject\",\"inLanguage\":\"pt-PT\",\"@id\":\"https:\/\/www.safinel.fr\/produit\/huile-de-safran-pur\/#primaryimage\",\"url\":\"https:\/\/www.safinel.fr\/wp-content\/uploads\/2023\/05\/huile-de-safran.jpg\",\"contentUrl\":\"https:\/\/www.safinel.fr\/wp-content\/uploads\/2023\/05\/huile-de-safran.jpg\",\"width\":600,\"height\":600,\"caption\":\"Huile de safran pur 30 ml\"},{\"@type\":\"BreadcrumbList\",\"@id\":\"https:\/\/www.safinel.fr\/produit\/huile-de-safran-pur\/#breadcrumb\",\"itemListElement\":[{\"@type\":\"ListItem\",\"position\":1,\"name\":\"Accueil\",\"item\":\"https:\/\/www.safinel.fr\/\"},{\"@type\":\"ListItem\",\"position\":2,\"name\":\"Boutique\",\"item\":\"https:\/\/www.safinel.fr\/boutique\/\"},{\"@type\":\"ListItem\",\"position\":3,\"name\":\"Huile de safran pur 30 ml\"}]},{\"@type\":\"WebSite\",\"@id\":\"https:\/\/www.safinel.fr\/#website\",\"url\":\"https:\/\/www.safinel.fr\/\",\"name\":\"Safinel\",\"description\":\"\",\"publisher\":{\"@id\":\"https:\/\/www.safinel.fr\/#organization\"},\"potentialAction\":[{\"@type\":\"SearchAction\",\"target\":{\"@type\":\"EntryPoint\",\"urlTemplate\":\"https:\/\/www.safinel.fr\/?s={search_term_string}\"},\"query-input\":{\"@type\":\"PropertyValueSpecification\",\"valueRequired\":true,\"valueName\":\"search_term_string\"}}],\"inLanguage\":\"pt-PT\"},{\"@type\":\"Organization\",\"@id\":\"https:\/\/www.safinel.fr\/#organization\",\"name\":\"Safinel\",\"url\":\"https:\/\/www.safinel.fr\/\",\"logo\":{\"@type\":\"ImageObject\",\"inLanguage\":\"pt-PT\",\"@id\":\"https:\/\/www.safinel.fr\/#\/schema\/logo\/image\/\",\"url\":\"https:\/\/www.safinel.fr\/wp-content\/uploads\/2021\/05\/boutique-cosmetique.png\",\"contentUrl\":\"https:\/\/www.safinel.fr\/wp-content\/uploads\/2021\/05\/boutique-cosmetique.png\",\"width\":800,\"height\":200,\"caption\":\"Safinel\"},\"image\":{\"@id\":\"https:\/\/www.safinel.fr\/#\/schema\/logo\/image\/\"}}]}<\/script>\n<!-- \/ Yoast SEO plugin. -->","yoast_head_json":{"title":"\u00d3leo de a\u00e7afr\u00e3o I Um tesouro puro com m\u00faltiplas virtudes","description":"Descubra os benef\u00edcios do \u00f3leo de a\u00e7afr\u00e3o, um \u00f3leo precioso rico em antioxidantes. Utilizado na culin\u00e1ria e na cosm\u00e9tica. Adote-o!","robots":{"index":"index","follow":"follow","max-snippet":"max-snippet:-1","max-image-preview":"max-image-preview:large","max-video-preview":"max-video-preview:-1"},"canonical":"https:\/\/www.safinel.fr\/pt\/product-2\/oleo-de-acafrao-puro\/","og_locale":"pt_PT","og_type":"article","og_title":"Huile de Safran I Un tr\u00e9sor pur aux multiples vertus","og_description":"D\u00e9couvrez les bienfaits de l'huile de safran, une huile pr\u00e9cieuse riche en antioxydants. Utilis\u00e9e en cuisine et en cosm\u00e9tique. Adoptez-l\u00e0 !","og_url":"https:\/\/www.safinel.fr\/pt\/product-2\/oleo-de-acafrao-puro\/","og_site_name":"Safinel","article_modified_time":"2025-07-27T01:19:37+00:00","og_image":[{"width":600,"height":600,"url":"https:\/\/www.safinel.fr\/wp-content\/uploads\/2023\/05\/huile-de-safran.jpg","type":"image\/jpeg"}],"twitter_card":"summary_large_image","twitter_misc":{"Tempo estimado de leitura":"3 minutos"},"schema":{"@context":"https:\/\/schema.org","@graph":[{"@type":"WebPage","@id":"https:\/\/www.safinel.fr\/produit\/huile-de-safran-pur\/","url":"https:\/\/www.safinel.fr\/produit\/huile-de-safran-pur\/","name":"\u00d3leo de a\u00e7afr\u00e3o I Um tesouro puro com m\u00faltiplas virtudes","isPartOf":{"@id":"https:\/\/www.safinel.fr\/#website"},"primaryImageOfPage":{"@id":"https:\/\/www.safinel.fr\/produit\/huile-de-safran-pur\/#primaryimage"},"image":{"@id":"https:\/\/www.safinel.fr\/produit\/huile-de-safran-pur\/#primaryimage"},"thumbnailUrl":"https:\/\/www.safinel.fr\/wp-content\/uploads\/2023\/05\/huile-de-safran.jpg","datePublished":"2023-05-09T08:31:05+00:00","dateModified":"2025-07-27T01:19:37+00:00","description":"Descubra os benef\u00edcios do \u00f3leo de a\u00e7afr\u00e3o, um \u00f3leo precioso rico em antioxidantes. Utilizado na culin\u00e1ria e na cosm\u00e9tica. Adote-o!","breadcrumb":{"@id":"https:\/\/www.safinel.fr\/produit\/huile-de-safran-pur\/#breadcrumb"},"inLanguage":"pt-PT","potentialAction":[{"@type":"ReadAction","target":["https:\/\/www.safinel.fr\/produit\/huile-de-safran-pur\/"]}]},{"@type":"ImageObject","inLanguage":"pt-PT","@id":"https:\/\/www.safinel.fr\/produit\/huile-de-safran-pur\/#primaryimage","url":"https:\/\/www.safinel.fr\/wp-content\/uploads\/2023\/05\/huile-de-safran.jpg","contentUrl":"https:\/\/www.safinel.fr\/wp-content\/uploads\/2023\/05\/huile-de-safran.jpg","width":600,"height":600,"caption":"Huile de safran pur 30 ml"},{"@type":"BreadcrumbList","@id":"https:\/\/www.safinel.fr\/produit\/huile-de-safran-pur\/#breadcrumb","itemListElement":[{"@type":"ListItem","position":1,"name":"Accueil","item":"https:\/\/www.safinel.fr\/"},{"@type":"ListItem","position":2,"name":"Boutique","item":"https:\/\/www.safinel.fr\/boutique\/"},{"@type":"ListItem","position":3,"name":"Huile de safran pur 30 ml"}]},{"@type":"WebSite","@id":"https:\/\/www.safinel.fr\/#website","url":"https:\/\/www.safinel.fr\/","name":"Safinel","description":"","publisher":{"@id":"https:\/\/www.safinel.fr\/#organization"},"potentialAction":[{"@type":"SearchAction","target":{"@type":"EntryPoint","urlTemplate":"https:\/\/www.safinel.fr\/?s={search_term_string}"},"query-input":{"@type":"PropertyValueSpecification","valueRequired":true,"valueName":"search_term_string"}}],"inLanguage":"pt-PT"},{"@type":"Organization","@id":"https:\/\/www.safinel.fr\/#organization","name":"Safinel","url":"https:\/\/www.safinel.fr\/","logo":{"@type":"ImageObject","inLanguage":"pt-PT","@id":"https:\/\/www.safinel.fr\/#\/schema\/logo\/image\/","url":"https:\/\/www.safinel.fr\/wp-content\/uploads\/2021\/05\/boutique-cosmetique.png","contentUrl":"https:\/\/www.safinel.fr\/wp-content\/uploads\/2021\/05\/boutique-cosmetique.png","width":800,"height":200,"caption":"Safinel"},"image":{"@id":"https:\/\/www.safinel.fr\/#\/schema\/logo\/image\/"}}]}},"_links":{"self":[{"href":"https:\/\/www.safinel.fr\/pt\/wp-json\/wp\/v2\/product\/5880","targetHints":{"allow":["GET"]}}],"collection":[{"href":"https:\/\/www.safinel.fr\/pt\/wp-json\/wp\/v2\/product"}],"about":[{"href":"https:\/\/www.safinel.fr\/pt\/wp-json\/wp\/v2\/types\/product"}],"wp:featuredmedia":[{"embeddable":true,"href":"https:\/\/www.safinel.fr\/pt\/wp-json\/wp\/v2\/media\/5881"}],"wp:attachment":[{"href":"https:\/\/www.safinel.fr\/pt\/wp-json\/wp\/v2\/media?parent=5880"}],"wp:term":[{"taxonomy":"product_brand","embeddable":true,"href":"https:\/\/www.safinel.fr\/pt\/wp-json\/wp\/v2\/product_brand?post=5880"},{"taxonomy":"product_cat","embeddable":true,"href":"https:\/\/www.safinel.fr\/pt\/wp-json\/wp\/v2\/product_cat?post=5880"},{"taxonomy":"product_tag","embeddable":true,"href":"https:\/\/www.safinel.fr\/pt\/wp-json\/wp\/v2\/product_tag?post=5880"}],"curies":[{"name":"wp","href":"https:\/\/api.w.org\/{rel}","templated":true}]}}