{"id":5685,"date":"2023-04-25T15:21:45","date_gmt":"2023-04-25T15:21:45","guid":{"rendered":"https:\/\/www.safinel.fr\/?post_type=product&#038;p=5685"},"modified":"2023-12-30T12:14:28","modified_gmt":"2023-12-30T12:14:28","slug":"casca-de-cinchona-vermelha","status":"publish","type":"product","link":"https:\/\/www.safinel.fr\/pt\/product-2\/casca-de-cinchona-vermelha\/","title":{"rendered":"Casca de cinchona vermelha (Cinchona officinalis)"},"content":{"rendered":"<p>Encontre na loja Safinel, <strong>casca de Quinquina vermelha<\/strong>. Rem\u00e9dio natural excepcional para aliviar certas dores do dia a dia.<\/p>\n<p>Se n\u00e3o sabe do que se trata, vamos explicar-lhe imediatamente as virtudes deste arbusto.<\/p>\n<h2><strong>Zoom sobre a Quinquina<\/strong><\/h2>\n<p>Primeiro, vamos abordar brevemente a origem deste produto natural. Trata-se de um pequeno arbusto cultivado principalmente no Equador.<\/p>\n<p>Faz parte da fam\u00edlia das Rubi\u00e1ceas. O seu nome latino \u00e9\u00a0<strong>cinchona officinalis<\/strong>.<\/p>\n<p>Atualmente, a parte utilizada deste arbusto \u00e9 a casca. \u00c9 dela que se extrai a\u00a0<strong>Quinina<\/strong>. Trata-se de uma subst\u00e2ncia natural \u00e0 qual s\u00e3o atribu\u00eddos certos benef\u00edcios terap\u00eauticos.<\/p>\n<h2><strong>Por que ter a planta da febre nos seus arm\u00e1rios?\u00a0<\/strong><\/h2>\n<p>Em primeiro lugar, o\u00a0<strong>Quinquina<\/strong>, \u00e9 um aliado natural contra as dores de cabe\u00e7a. Pois a\u00a0<strong>Quinina\u00a0<\/strong>pode ser utilizada tanto como\u00a0<strong>antipir\u00e9tico\u00a0<\/strong>que como<strong>\u00a0antimal\u00e1rico\u00a0<\/strong>natural.<\/p>\n<p>No entanto, mesmo que a mal\u00e1ria tenha desaparecido da Europa, esta doen\u00e7a infecciosa continua a afetar muitos pa\u00edses.<\/p>\n<p>Al\u00e9m disso, \u00e9 indispens\u00e1vel que voc\u00ea disponha deste\u00a0<strong>rem\u00e9dio natural\u00a0<\/strong>em casa para combater certos dist\u00farbios. Especialmente se quiser evitar o uso de substitutos moleculares.<\/p>\n<p><strong>Agora, vamos ver mais de perto os benef\u00edcios da casca de Quinquina:<\/strong><\/p>\n<ul>\n<li><strong>Analg\u00e9sico<\/strong>\u00a0poderoso, permite diminuir a dor.<\/li>\n<li><strong>Anti-inflamat\u00f3rio<\/strong>, ser\u00e1 muito eficaz para aliviar c\u00e3ibras musculares e dores musculares.<\/li>\n<li><strong>Antigripal\u00a0<\/strong>natural. Ela atuar\u00e1 aqui como um t\u00f3nico para combater a astenia gripal (fadiga causada pela gripe).<\/li>\n<li><strong>Antimal\u00e1rico.<\/strong><\/li>\n<\/ul>\n<p>Para concluir, voc\u00ea perceber\u00e1 facilmente que o\u00a0<strong>Cinchona Officinalis\u00a0<\/strong>poder\u00e1 ser \u00fatil em muitas circunst\u00e2ncias.<\/p>\n<h3><strong>Conselhos de utiliza\u00e7\u00e3o da casca de cinchona vermelha<\/strong><\/h3>\n<p>Em primeiro lugar, note que pode utilizar o\u00a0<strong>Quinquina<\/strong>\u00a0de v\u00e1rias maneiras. Na verdade, isso depender\u00e1 do uso que voc\u00ea vai dar a ele.<\/p>\n<p>Por exemplo, ser\u00e1 \u00fatil em infus\u00e3o ou decoc\u00e7\u00e3o se desejar aliviar estados febris e c\u00f3licas. Especialmente durante uma gripe ou um resfriado forte.<\/p>\n<p>Al\u00e9m disso, este produto ser\u00e1, sem d\u00favida, um aliado formid\u00e1vel para si e para os seus entes queridos, caso sejam propensos ao stress e \u00e0 fadiga.<\/p>\n<p>Al\u00e9m disso, ser\u00e1 prefer\u00edvel utilizar o\u2019<strong>casca de Quinquina Vermelha\u00a0<\/strong>em p\u00f3. Especialmente se quiser preparar o seu\u00a0<strong>colora\u00e7\u00e3o vegetal\u00a0<\/strong>\u00e0 base de\u00a0<strong>hen\u00ea.\u00a0<\/strong>Mas tamb\u00e9m para incorporar nos seus champ\u00f4s. Estes podem ser \u00e0 base de p\u00f3 ou cl\u00e1ssicos.<\/p>\n<p>Consequentemente, o\u00a0<strong>Quinquina<\/strong>\u00a0ser\u00e1 uma mais-valia nas suas m\u00e1scaras caseiras. \u00c9 conhecido por ter efeitos fortificantes e estimulantes no couro cabeludo.<\/p>\n<p>Ou seja, ele torna o cabelo menos quebradi\u00e7o e diminui as irrita\u00e7\u00f5es relacionadas ao stress e \u00e0 fadiga.<\/p>\n<p>Por fim, como j\u00e1 deve ter percebido, independentemente da forma como o ir\u00e1 utilizar, ele ser\u00e1 \u00fatil tanto internamente como externamente para aliviar problemas frequentes nos dias de hoje.<\/p>\n<p>Para concluir, recomendamos que utilize adicionalmente a\u00a0<strong><a href=\"https:\/\/www.safinel.fr\/pt\/product-2\/bhringaraj-em-po-100-g\/\">p\u00f3 de Bhringaraj<\/a>\u00a0<\/strong>tamb\u00e9m dispon\u00edvel na loja online\u00a0<strong>Safinel<\/strong>.<\/p>","protected":false},"excerpt":{"rendered":"<p><strong>Alguns benef\u00edcios:\u00a0<\/strong><\/p>\n<ul>\n<li><strong>Analg\u00e9sico<\/strong>\u00a0poderoso, permite diminuir a dor.<\/li>\n<li><strong>Anti-inflamat\u00f3rio<\/strong>, ser\u00e1 muito eficaz para aliviar c\u00e3ibras musculares e dores musculares.<\/li>\n<li><strong>Antigripal\u00a0<\/strong>natural. Ela atuar\u00e1 aqui como um t\u00f3nico para combater a astenia gripal (fadiga causada pela gripe).<\/li>\n<\/ul>\n<p><img decoding=\"async\" class=\"size-full wp-image-5091 aligncenter\" src=\"https:\/\/www.safinel.fr\/wp-content\/uploads\/2021\/06\/BANNIERE-ICONE-SAFINEL.webp\" alt=\"resseguro satinado\" width=\"800\" height=\"200\" srcset=\"https:\/\/www.safinel.fr\/wp-content\/uploads\/2021\/06\/BANNIERE-ICONE-SAFINEL.webp 800w, https:\/\/www.safinel.fr\/wp-content\/uploads\/2021\/06\/BANNIERE-ICONE-SAFINEL-600x150.webp 600w, https:\/\/www.safinel.fr\/wp-content\/uploads\/2021\/06\/BANNIERE-ICONE-SAFINEL-768x192.webp 768w\" sizes=\"(max-width: 800px) 100vw, 800px\" \/><\/p>","protected":false},"featured_media":5686,"template":"","meta":[],"product_brand":[],"product_cat":[27],"product_tag":[],"class_list":{"0":"post-5685","1":"product","2":"type-product","3":"status-publish","4":"has-post-thumbnail","6":"product_cat-plantes-medicinales","8":"first","9":"outofstock","10":"shipping-taxable","11":"purchasable","12":"product-type-variable"},"yoast_head":"<!-- This site is optimized with the Yoast SEO plugin v26.6 - https:\/\/yoast.com\/wordpress\/plugins\/seo\/ -->\n<title>Quinquina rouge I \u00c9corce Cinchona-officinalis I Bienfaits nombreux<\/title>\n<meta name=\"description\" content=\"Retrouvez sur la boutique\u00a0Safinel, les \u00e9corces de\u00a0Quinquina rouge. Exceptionnel rem\u00e8de naturel pour soulager certains maux du quotidien.\" \/>\n<meta name=\"robots\" content=\"index, follow, max-snippet:-1, max-image-preview:large, max-video-preview:-1\" \/>\n<link rel=\"canonical\" href=\"https:\/\/www.safinel.fr\/pt\/product-2\/casca-de-cinchona-vermelha\/\" \/>\n<meta property=\"og:locale\" content=\"pt_PT\" \/>\n<meta property=\"og:type\" content=\"article\" \/>\n<meta property=\"og:title\" content=\"Quinquina rouge I \u00c9corce Cinchona-officinalis I Bienfaits nombreux\" \/>\n<meta property=\"og:description\" content=\"Retrouvez sur la boutique\u00a0Safinel, les \u00e9corces de\u00a0Quinquina rouge. Exceptionnel rem\u00e8de naturel pour soulager certains maux du quotidien.\" \/>\n<meta property=\"og:url\" content=\"https:\/\/www.safinel.fr\/pt\/product-2\/casca-de-cinchona-vermelha\/\" \/>\n<meta property=\"og:site_name\" content=\"Safinel\" \/>\n<meta property=\"article:modified_time\" content=\"2023-12-30T12:14:28+00:00\" \/>\n<meta property=\"og:image\" content=\"https:\/\/www.safinel.fr\/wp-content\/uploads\/2023\/04\/ecorce-de-quinquina-rouge-cinchona-officinalis-.jpg\" \/>\n\t<meta property=\"og:image:width\" content=\"600\" \/>\n\t<meta property=\"og:image:height\" content=\"600\" \/>\n\t<meta property=\"og:image:type\" content=\"image\/jpeg\" \/>\n<meta name=\"twitter:card\" content=\"summary_large_image\" \/>\n<meta name=\"twitter:label1\" content=\"Tempo estimado de leitura\" \/>\n\t<meta name=\"twitter:data1\" content=\"3 minutos\" \/>\n<script type=\"application\/ld+json\" class=\"yoast-schema-graph\">{\"@context\":\"https:\/\/schema.org\",\"@graph\":[{\"@type\":\"WebPage\",\"@id\":\"https:\/\/www.safinel.fr\/produit\/ecorce-de-quinquina-rouge\/\",\"url\":\"https:\/\/www.safinel.fr\/produit\/ecorce-de-quinquina-rouge\/\",\"name\":\"Quinquina rouge I \u00c9corce Cinchona-officinalis I Bienfaits nombreux\",\"isPartOf\":{\"@id\":\"https:\/\/www.safinel.fr\/#website\"},\"primaryImageOfPage\":{\"@id\":\"https:\/\/www.safinel.fr\/produit\/ecorce-de-quinquina-rouge\/#primaryimage\"},\"image\":{\"@id\":\"https:\/\/www.safinel.fr\/produit\/ecorce-de-quinquina-rouge\/#primaryimage\"},\"thumbnailUrl\":\"https:\/\/www.safinel.fr\/wp-content\/uploads\/2023\/04\/ecorce-de-quinquina-rouge-cinchona-officinalis-.jpg\",\"datePublished\":\"2023-04-25T15:21:45+00:00\",\"dateModified\":\"2023-12-30T12:14:28+00:00\",\"description\":\"Retrouvez sur la boutique\u00a0Safinel, les \u00e9corces de\u00a0Quinquina rouge. Exceptionnel rem\u00e8de naturel pour soulager certains maux du quotidien.\",\"breadcrumb\":{\"@id\":\"https:\/\/www.safinel.fr\/produit\/ecorce-de-quinquina-rouge\/#breadcrumb\"},\"inLanguage\":\"pt-PT\",\"potentialAction\":[{\"@type\":\"ReadAction\",\"target\":[\"https:\/\/www.safinel.fr\/produit\/ecorce-de-quinquina-rouge\/\"]}]},{\"@type\":\"ImageObject\",\"inLanguage\":\"pt-PT\",\"@id\":\"https:\/\/www.safinel.fr\/produit\/ecorce-de-quinquina-rouge\/#primaryimage\",\"url\":\"https:\/\/www.safinel.fr\/wp-content\/uploads\/2023\/04\/ecorce-de-quinquina-rouge-cinchona-officinalis-.jpg\",\"contentUrl\":\"https:\/\/www.safinel.fr\/wp-content\/uploads\/2023\/04\/ecorce-de-quinquina-rouge-cinchona-officinalis-.jpg\",\"width\":600,\"height\":600,\"caption\":\"ecorce de quinquina rouge - cinchona-officinalis\"},{\"@type\":\"BreadcrumbList\",\"@id\":\"https:\/\/www.safinel.fr\/produit\/ecorce-de-quinquina-rouge\/#breadcrumb\",\"itemListElement\":[{\"@type\":\"ListItem\",\"position\":1,\"name\":\"Accueil\",\"item\":\"https:\/\/www.safinel.fr\/\"},{\"@type\":\"ListItem\",\"position\":2,\"name\":\"Boutique\",\"item\":\"https:\/\/www.safinel.fr\/boutique\/\"},{\"@type\":\"ListItem\",\"position\":3,\"name\":\"\u00c9corce de quinquina rouge (Cinchona-officinalis)\"}]},{\"@type\":\"WebSite\",\"@id\":\"https:\/\/www.safinel.fr\/#website\",\"url\":\"https:\/\/www.safinel.fr\/\",\"name\":\"Safinel\",\"description\":\"\",\"publisher\":{\"@id\":\"https:\/\/www.safinel.fr\/#organization\"},\"potentialAction\":[{\"@type\":\"SearchAction\",\"target\":{\"@type\":\"EntryPoint\",\"urlTemplate\":\"https:\/\/www.safinel.fr\/?s={search_term_string}\"},\"query-input\":{\"@type\":\"PropertyValueSpecification\",\"valueRequired\":true,\"valueName\":\"search_term_string\"}}],\"inLanguage\":\"pt-PT\"},{\"@type\":\"Organization\",\"@id\":\"https:\/\/www.safinel.fr\/#organization\",\"name\":\"Safinel\",\"url\":\"https:\/\/www.safinel.fr\/\",\"logo\":{\"@type\":\"ImageObject\",\"inLanguage\":\"pt-PT\",\"@id\":\"https:\/\/www.safinel.fr\/#\/schema\/logo\/image\/\",\"url\":\"https:\/\/www.safinel.fr\/wp-content\/uploads\/2021\/05\/boutique-cosmetique.png\",\"contentUrl\":\"https:\/\/www.safinel.fr\/wp-content\/uploads\/2021\/05\/boutique-cosmetique.png\",\"width\":800,\"height\":200,\"caption\":\"Safinel\"},\"image\":{\"@id\":\"https:\/\/www.safinel.fr\/#\/schema\/logo\/image\/\"}}]}<\/script>\n<!-- \/ Yoast SEO plugin. -->","yoast_head_json":{"title":"Quinquina vermelha I Casca Cinchona-officinalis I In\u00fameros benef\u00edcios","description":"Encontre na loja Safinel as cascas de Quinquina vermelha. Um rem\u00e9dio natural excepcional para aliviar certas dores do dia a dia.","robots":{"index":"index","follow":"follow","max-snippet":"max-snippet:-1","max-image-preview":"max-image-preview:large","max-video-preview":"max-video-preview:-1"},"canonical":"https:\/\/www.safinel.fr\/pt\/product-2\/casca-de-cinchona-vermelha\/","og_locale":"pt_PT","og_type":"article","og_title":"Quinquina rouge I \u00c9corce Cinchona-officinalis I Bienfaits nombreux","og_description":"Retrouvez sur la boutique\u00a0Safinel, les \u00e9corces de\u00a0Quinquina rouge. Exceptionnel rem\u00e8de naturel pour soulager certains maux du quotidien.","og_url":"https:\/\/www.safinel.fr\/pt\/product-2\/casca-de-cinchona-vermelha\/","og_site_name":"Safinel","article_modified_time":"2023-12-30T12:14:28+00:00","og_image":[{"width":600,"height":600,"url":"https:\/\/www.safinel.fr\/wp-content\/uploads\/2023\/04\/ecorce-de-quinquina-rouge-cinchona-officinalis-.jpg","type":"image\/jpeg"}],"twitter_card":"summary_large_image","twitter_misc":{"Tempo estimado de leitura":"3 minutos"},"schema":{"@context":"https:\/\/schema.org","@graph":[{"@type":"WebPage","@id":"https:\/\/www.safinel.fr\/produit\/ecorce-de-quinquina-rouge\/","url":"https:\/\/www.safinel.fr\/produit\/ecorce-de-quinquina-rouge\/","name":"Quinquina vermelha I Casca Cinchona-officinalis I In\u00fameros benef\u00edcios","isPartOf":{"@id":"https:\/\/www.safinel.fr\/#website"},"primaryImageOfPage":{"@id":"https:\/\/www.safinel.fr\/produit\/ecorce-de-quinquina-rouge\/#primaryimage"},"image":{"@id":"https:\/\/www.safinel.fr\/produit\/ecorce-de-quinquina-rouge\/#primaryimage"},"thumbnailUrl":"https:\/\/www.safinel.fr\/wp-content\/uploads\/2023\/04\/ecorce-de-quinquina-rouge-cinchona-officinalis-.jpg","datePublished":"2023-04-25T15:21:45+00:00","dateModified":"2023-12-30T12:14:28+00:00","description":"Encontre na loja Safinel as cascas de Quinquina vermelha. Um rem\u00e9dio natural excepcional para aliviar certas dores do dia a dia.","breadcrumb":{"@id":"https:\/\/www.safinel.fr\/produit\/ecorce-de-quinquina-rouge\/#breadcrumb"},"inLanguage":"pt-PT","potentialAction":[{"@type":"ReadAction","target":["https:\/\/www.safinel.fr\/produit\/ecorce-de-quinquina-rouge\/"]}]},{"@type":"ImageObject","inLanguage":"pt-PT","@id":"https:\/\/www.safinel.fr\/produit\/ecorce-de-quinquina-rouge\/#primaryimage","url":"https:\/\/www.safinel.fr\/wp-content\/uploads\/2023\/04\/ecorce-de-quinquina-rouge-cinchona-officinalis-.jpg","contentUrl":"https:\/\/www.safinel.fr\/wp-content\/uploads\/2023\/04\/ecorce-de-quinquina-rouge-cinchona-officinalis-.jpg","width":600,"height":600,"caption":"ecorce de quinquina rouge - cinchona-officinalis"},{"@type":"BreadcrumbList","@id":"https:\/\/www.safinel.fr\/produit\/ecorce-de-quinquina-rouge\/#breadcrumb","itemListElement":[{"@type":"ListItem","position":1,"name":"Accueil","item":"https:\/\/www.safinel.fr\/"},{"@type":"ListItem","position":2,"name":"Boutique","item":"https:\/\/www.safinel.fr\/boutique\/"},{"@type":"ListItem","position":3,"name":"\u00c9corce de quinquina rouge (Cinchona-officinalis)"}]},{"@type":"WebSite","@id":"https:\/\/www.safinel.fr\/#website","url":"https:\/\/www.safinel.fr\/","name":"Safinel","description":"","publisher":{"@id":"https:\/\/www.safinel.fr\/#organization"},"potentialAction":[{"@type":"SearchAction","target":{"@type":"EntryPoint","urlTemplate":"https:\/\/www.safinel.fr\/?s={search_term_string}"},"query-input":{"@type":"PropertyValueSpecification","valueRequired":true,"valueName":"search_term_string"}}],"inLanguage":"pt-PT"},{"@type":"Organization","@id":"https:\/\/www.safinel.fr\/#organization","name":"Safinel","url":"https:\/\/www.safinel.fr\/","logo":{"@type":"ImageObject","inLanguage":"pt-PT","@id":"https:\/\/www.safinel.fr\/#\/schema\/logo\/image\/","url":"https:\/\/www.safinel.fr\/wp-content\/uploads\/2021\/05\/boutique-cosmetique.png","contentUrl":"https:\/\/www.safinel.fr\/wp-content\/uploads\/2021\/05\/boutique-cosmetique.png","width":800,"height":200,"caption":"Safinel"},"image":{"@id":"https:\/\/www.safinel.fr\/#\/schema\/logo\/image\/"}}]}},"_links":{"self":[{"href":"https:\/\/www.safinel.fr\/pt\/wp-json\/wp\/v2\/product\/5685","targetHints":{"allow":["GET"]}}],"collection":[{"href":"https:\/\/www.safinel.fr\/pt\/wp-json\/wp\/v2\/product"}],"about":[{"href":"https:\/\/www.safinel.fr\/pt\/wp-json\/wp\/v2\/types\/product"}],"wp:featuredmedia":[{"embeddable":true,"href":"https:\/\/www.safinel.fr\/pt\/wp-json\/wp\/v2\/media\/5686"}],"wp:attachment":[{"href":"https:\/\/www.safinel.fr\/pt\/wp-json\/wp\/v2\/media?parent=5685"}],"wp:term":[{"taxonomy":"product_brand","embeddable":true,"href":"https:\/\/www.safinel.fr\/pt\/wp-json\/wp\/v2\/product_brand?post=5685"},{"taxonomy":"product_cat","embeddable":true,"href":"https:\/\/www.safinel.fr\/pt\/wp-json\/wp\/v2\/product_cat?post=5685"},{"taxonomy":"product_tag","embeddable":true,"href":"https:\/\/www.safinel.fr\/pt\/wp-json\/wp\/v2\/product_tag?post=5685"}],"curies":[{"name":"wp","href":"https:\/\/api.w.org\/{rel}","templated":true}]}}