{"id":5484,"date":"2023-04-14T18:17:39","date_gmt":"2023-04-14T18:17:39","guid":{"rendered":"https:\/\/www.safinel.fr\/?post_type=product&#038;p=5484"},"modified":"2023-12-28T17:15:55","modified_gmt":"2023-12-28T17:15:55","slug":"oleo-de-macadamia","status":"publish","type":"product","link":"https:\/\/www.safinel.fr\/pt\/product-2\/oleo-de-macadamia\/","title":{"rendered":"\u00d3leo de macad\u00e2mia 100 ml"},"content":{"rendered":"<p>No campo dos cuidados naturais para a pele, cabelos e at\u00e9 mesmo gravidez, o \u00f3leo de macad\u00e2mia \u00e9 uma verdadeira estrela. Conhecido pelos seus benef\u00edcios hidratantes e reparadores, este \u00f3leo precioso tamb\u00e9m traz uma s\u00e9rie de vantagens para a sa\u00fade.<\/p>\n<p>Neste artigo, <strong>apresentamos-lhe as m\u00faltiplas facetas deste \u00f3leo maravilhoso<\/strong> e explicamos como utiliz\u00e1-lo da melhor forma para tirar o m\u00e1ximo proveito dele.<\/p>\n<h2><strong>\u00d3leo de macad\u00e2mia: origem e composi\u00e7\u00e3o \u00fanica<\/strong><\/h2>\n<p>O \u00f3leo de macad\u00e2mia \u00e9 extra\u00eddo das nozes da macadamia integrifolia, uma \u00e1rvore origin\u00e1ria da Austr\u00e1lia. Rico em \u00e1cidos gordos monoinsaturados, vitaminas, minerais e antioxidantes, possui uma composi\u00e7\u00e3o \u00fanica que lhe confere propriedades excepcionais para a beleza e a sa\u00fade. Entre os componentes mais not\u00e1veis do \u00f3leo de macad\u00e2mia, encontram-se:<\/p>\n<ul>\n<li><strong>\u00e1cido oleico<\/strong><\/li>\n<li><strong>\u00e1cido palmitoleico<\/strong><\/li>\n<li><strong>a vitamina E<\/strong><\/li>\n<li><strong>vitamina B1<\/strong><\/li>\n<li><strong>o esqualeno vegetal<\/strong><\/li>\n<\/ul>\n<h2><strong>Os benef\u00edcios do \u00f3leo de macad\u00e2mia para o cabelo<\/strong><\/h2>\n<h3><strong>\u00d3leo de noz de Queensland para cabelos: hidrata\u00e7\u00e3o e repara\u00e7\u00e3o profunda<\/strong><\/h3>\n<p>Gra\u00e7as \u00e0 sua riqueza em \u00e1cidos gordos, o \u00f3leo de macad\u00e2mia \u00e9 particularmente adequado para cabelos secos, danificados ou quebradi\u00e7os. Ele penetra facilmente na fibra capilar para proporcionar hidrata\u00e7\u00e3o intensa e repara\u00e7\u00e3o profunda. Al\u00e9m disso, o \u00f3leo de macad\u00e2mia possui um forte poder desembara\u00e7ante e amaciante que facilita o penteado e previne a quebra do cabelo.<\/p>\n<h3><strong>Um tratamento protetor e antienvelhecimento para os cabelos<\/strong><\/h3>\n<p>Al\u00e9m da sua a\u00e7\u00e3o hidratante e reparadora, o \u00f3leo de noz de Queensland tamb\u00e9m constitui um verdadeiro escudo contra as agress\u00f5es externas. Gra\u00e7as ao seu teor em vitamina E e esqualano vegetal, protege o cabelo contra os efeitos nocivos do sol, da polui\u00e7\u00e3o e dos aparelhos de calor, ao mesmo tempo que lhe proporciona uma dose de antioxidantes que ajudam a prevenir o envelhecimento prematuro da fibra capilar.<\/p>\n<h2><strong>\u00d3leo de macad\u00e2mia para o rosto: um tesouro de benef\u00edcios para a pele<\/strong><\/h2>\n<p>O \u00f3leo de macad\u00e2mia n\u00e3o faz milagres apenas no cabelo: ele tamb\u00e9m \u00e9 muito apreciado pelos seus benef\u00edcios para a pele. Na verdade, a sua composi\u00e7\u00e3o rica em \u00e1cidos gordos e vitaminas confere-lhe m\u00faltiplas propriedades que o tornam um ingrediente essencial nos cuidados faciais:<\/p>\n<ul>\n<li><strong>Nutritivo e hidratante<\/strong>\u00a0: o \u00f3leo de noz australiano proporciona \u00e0 pele uma hidrata\u00e7\u00e3o intensa e duradoura. Ao mesmo tempo, refor\u00e7a a barreira cut\u00e2nea.<\/li>\n<li><strong>Regenerador e cicatrizante<\/strong>\u00a0: gra\u00e7as \u00e0 sua riqueza em \u00e1cido palmitoleico, promove a renova\u00e7\u00e3o celular e contribui para a repara\u00e7\u00e3o de microles\u00f5es cut\u00e2neas.<\/li>\n<li><strong>Calmante e anti-inflamat\u00f3rio<\/strong>\u00a0: o \u00f3leo de noz australiano \u00e9 especialmente adequado para peles sens\u00edveis e irritadas, que acalma e alivia rapidamente.<\/li>\n<li><strong>Protetora e antioxidante<\/strong>\u00a0: preserva a juventude e a vitalidade da pele, combatendo os efeitos nocivos dos radicais livres.<\/li>\n<\/ul>\n<h2><strong>Um aliado valioso para as futuras mam\u00e3es durante a gravidez<\/strong><\/h2>\n<p>Durante a gravidez, a pele sofre muitas transforma\u00e7\u00f5es. Ela pode precisar de uma ajudinha para manter toda a sua beleza e elasticidade.<\/p>\n<p>O \u00f3leo de noz de Queensland \u00e9, portanto, um verdadeiro trunfo gra\u00e7as \u00e0s suas propriedades nutritivas, regeneradoras e protetoras, que ajudam a combater as estrias e a manter a elasticidade da pele.<\/p>\n<p>Al\u00e9m disso, gra\u00e7as \u00e0s suas propriedades calmantes e anti-inflamat\u00f3rias, este \u00f3leo natural \u00e9 particularmente adequado para mulheres gr\u00e1vidas que sofrem de comich\u00e3o ou desconforto cut\u00e2neo. Por fim, a sua textura leve e n\u00e3o oleosa permite uma aplica\u00e7\u00e3o f\u00e1cil e r\u00e1pida, evitando a sensa\u00e7\u00e3o desagrad\u00e1vel de pele oleosa.<\/p>\n<h2><strong>Utiliza\u00e7\u00e3o e conselhos pr\u00e1ticos para aproveitar os benef\u00edcios do \u00f3leo de macad\u00e2mia<\/strong><\/h2>\n<h3><strong>Como usar \u00f3leo de macad\u00e2mia no cabelo?<\/strong><\/h3>\n<p>Para aproveitar ao m\u00e1ximo os benef\u00edcios do \u00f3leo de macad\u00e2mia para o cabelo, aqui v\u00e3o algumas dicas:<\/p>\n<ol>\n<li><strong>Aplique o \u00f3leo natural australiano nos comprimentos e pontas dos seus cabelos. <a href=\"https:\/\/www.safinel.fr\/pt\/product-category-2\/produto-para-cabelos\/\">cabelo<\/a>, evitando as ra\u00edzes.<\/strong><\/li>\n<li><strong>Deixe agir por pelo menos 30 minutos ou durante toda a noite para um tratamento ainda mais intenso.<\/strong><\/li>\n<li><strong>Enxague abundantemente com \u00e1gua morna e, em seguida, lave o cabelo com o seu champ\u00f4 habitual.<\/strong><\/li>\n<\/ol>\n<h3><strong>Como incorporar o \u00f3leo de macad\u00e2mia na sua rotina de beleza facial?<\/strong><\/h3>\n<p>Para aproveitar os benef\u00edcios do \u00f3leo de noz australiano no seu rosto, siga estes passos simples:<\/p>\n<ol>\n<li><strong>Remova a maquilhagem e limpe cuidadosamente a pele.<\/strong><\/li>\n<li><strong>Aplique algumas gotas de \u00f3leo de macad\u00e2mia no rosto, massageando suavemente para facilitar a penetra\u00e7\u00e3o do produto.<\/strong><\/li>\n<li><strong>Voc\u00ea tamb\u00e9m pode adicionar algumas gotas de \u00f3leo de macad\u00e2mia ao seu hidratante habitual para um efeito ainda mais nutritivo.<\/strong><\/li>\n<\/ol>\n<p>Em resumo, o \u00f3leo de noz australiano \u00e9 um verdadeiro tesouro natural que oferece in\u00fameros benef\u00edcios para a beleza do cabelo, do rosto e at\u00e9 mesmo durante a gravidez. Basta incorpor\u00e1-lo \u00e0 sua rotina di\u00e1ria para aproveitar ao m\u00e1ximo as suas propriedades excepcionais!<\/p>","protected":false},"excerpt":{"rendered":"<p><strong>Utiliza\u00e7\u00f5es:<\/strong><\/p>\n<ol>\n<li><strong>Aplique o \u00f3leo de macad\u00e2mia no comprimento e nas pontas do cabelo, evitando as ra\u00edzes.<\/strong><\/li>\n<li><strong>Deixe agir por pelo menos 30 minutos ou durante toda a noite para um tratamento ainda mais intenso.<\/strong><\/li>\n<li><strong>Enxague abundantemente com \u00e1gua morna e, em seguida, lave o cabelo com o seu champ\u00f4 habitual.<\/strong><\/li>\n<\/ol>\n<p><img decoding=\"async\" class=\"size-full wp-image-5091 aligncenter\" src=\"https:\/\/www.safinel.fr\/wp-content\/uploads\/2021\/06\/BANNIERE-ICONE-SAFINEL.webp\" alt=\"resseguro satinado\" width=\"800\" height=\"200\" srcset=\"https:\/\/www.safinel.fr\/wp-content\/uploads\/2021\/06\/BANNIERE-ICONE-SAFINEL.webp 800w, https:\/\/www.safinel.fr\/wp-content\/uploads\/2021\/06\/BANNIERE-ICONE-SAFINEL-600x150.webp 600w, https:\/\/www.safinel.fr\/wp-content\/uploads\/2021\/06\/BANNIERE-ICONE-SAFINEL-768x192.webp 768w\" sizes=\"(max-width: 800px) 100vw, 800px\" \/><\/p>","protected":false},"featured_media":5485,"template":"","meta":[],"product_brand":[],"product_cat":[146,122],"product_tag":[],"class_list":{"0":"post-5484","1":"product","2":"type-product","3":"status-publish","4":"has-post-thumbnail","6":"product_cat-produit-cheveux","7":"product_cat-huile-vegetale","9":"first","10":"instock","11":"shipping-taxable","12":"purchasable","13":"product-type-simple"},"yoast_head":"<!-- This site is optimized with the Yoast SEO plugin v26.6 - https:\/\/yoast.com\/wordpress\/plugins\/seo\/ -->\n<title>Huile de macadamia I Bienfaits nombreux pour les cheveux<\/title>\n<meta name=\"description\" content=\"Dans le domaine des soins naturels pour la peau, les cheveux et m\u00eame la grossesse, l&#039;huile de macadamia\u00a0est une v\u00e9ritable star.\" \/>\n<meta name=\"robots\" content=\"index, follow, max-snippet:-1, max-image-preview:large, max-video-preview:-1\" \/>\n<link rel=\"canonical\" href=\"https:\/\/www.safinel.fr\/pt\/product-2\/oleo-de-macadamia\/\" \/>\n<meta property=\"og:locale\" content=\"pt_PT\" \/>\n<meta property=\"og:type\" content=\"article\" \/>\n<meta property=\"og:title\" content=\"Huile de macadamia I Bienfaits nombreux pour les cheveux\" \/>\n<meta property=\"og:description\" content=\"Dans le domaine des soins naturels pour la peau, les cheveux et m\u00eame la grossesse, l&#039;huile de macadamia\u00a0est une v\u00e9ritable star.\" \/>\n<meta property=\"og:url\" content=\"https:\/\/www.safinel.fr\/pt\/product-2\/oleo-de-macadamia\/\" \/>\n<meta property=\"og:site_name\" content=\"Safinel\" \/>\n<meta property=\"article:modified_time\" content=\"2023-12-28T17:15:55+00:00\" \/>\n<meta property=\"og:image\" content=\"https:\/\/www.safinel.fr\/wp-content\/uploads\/2023\/04\/Huile-de-macadamia.jpg\" \/>\n\t<meta property=\"og:image:width\" content=\"600\" \/>\n\t<meta property=\"og:image:height\" content=\"600\" \/>\n\t<meta property=\"og:image:type\" content=\"image\/jpeg\" \/>\n<meta name=\"twitter:card\" content=\"summary_large_image\" \/>\n<meta name=\"twitter:label1\" content=\"Tempo estimado de leitura\" \/>\n\t<meta name=\"twitter:data1\" content=\"4 minutos\" \/>\n<script type=\"application\/ld+json\" class=\"yoast-schema-graph\">{\"@context\":\"https:\/\/schema.org\",\"@graph\":[{\"@type\":\"WebPage\",\"@id\":\"https:\/\/www.safinel.fr\/produit\/huile-de-macadamia\/\",\"url\":\"https:\/\/www.safinel.fr\/produit\/huile-de-macadamia\/\",\"name\":\"Huile de macadamia I Bienfaits nombreux pour les cheveux\",\"isPartOf\":{\"@id\":\"https:\/\/www.safinel.fr\/#website\"},\"primaryImageOfPage\":{\"@id\":\"https:\/\/www.safinel.fr\/produit\/huile-de-macadamia\/#primaryimage\"},\"image\":{\"@id\":\"https:\/\/www.safinel.fr\/produit\/huile-de-macadamia\/#primaryimage\"},\"thumbnailUrl\":\"https:\/\/www.safinel.fr\/wp-content\/uploads\/2023\/04\/Huile-de-macadamia.jpg\",\"datePublished\":\"2023-04-14T18:17:39+00:00\",\"dateModified\":\"2023-12-28T17:15:55+00:00\",\"description\":\"Dans le domaine des soins naturels pour la peau, les cheveux et m\u00eame la grossesse, l'huile de macadamia\u00a0est une v\u00e9ritable star.\",\"breadcrumb\":{\"@id\":\"https:\/\/www.safinel.fr\/produit\/huile-de-macadamia\/#breadcrumb\"},\"inLanguage\":\"pt-PT\",\"potentialAction\":[{\"@type\":\"ReadAction\",\"target\":[\"https:\/\/www.safinel.fr\/produit\/huile-de-macadamia\/\"]}]},{\"@type\":\"ImageObject\",\"inLanguage\":\"pt-PT\",\"@id\":\"https:\/\/www.safinel.fr\/produit\/huile-de-macadamia\/#primaryimage\",\"url\":\"https:\/\/www.safinel.fr\/wp-content\/uploads\/2023\/04\/Huile-de-macadamia.jpg\",\"contentUrl\":\"https:\/\/www.safinel.fr\/wp-content\/uploads\/2023\/04\/Huile-de-macadamia.jpg\",\"width\":600,\"height\":600,\"caption\":\"Huile de macadamia\"},{\"@type\":\"BreadcrumbList\",\"@id\":\"https:\/\/www.safinel.fr\/produit\/huile-de-macadamia\/#breadcrumb\",\"itemListElement\":[{\"@type\":\"ListItem\",\"position\":1,\"name\":\"Accueil\",\"item\":\"https:\/\/www.safinel.fr\/\"},{\"@type\":\"ListItem\",\"position\":2,\"name\":\"Boutique\",\"item\":\"https:\/\/www.safinel.fr\/boutique\/\"},{\"@type\":\"ListItem\",\"position\":3,\"name\":\"Huile de macadamia 100ml\"}]},{\"@type\":\"WebSite\",\"@id\":\"https:\/\/www.safinel.fr\/#website\",\"url\":\"https:\/\/www.safinel.fr\/\",\"name\":\"Safinel\",\"description\":\"\",\"publisher\":{\"@id\":\"https:\/\/www.safinel.fr\/#organization\"},\"potentialAction\":[{\"@type\":\"SearchAction\",\"target\":{\"@type\":\"EntryPoint\",\"urlTemplate\":\"https:\/\/www.safinel.fr\/?s={search_term_string}\"},\"query-input\":{\"@type\":\"PropertyValueSpecification\",\"valueRequired\":true,\"valueName\":\"search_term_string\"}}],\"inLanguage\":\"pt-PT\"},{\"@type\":\"Organization\",\"@id\":\"https:\/\/www.safinel.fr\/#organization\",\"name\":\"Safinel\",\"url\":\"https:\/\/www.safinel.fr\/\",\"logo\":{\"@type\":\"ImageObject\",\"inLanguage\":\"pt-PT\",\"@id\":\"https:\/\/www.safinel.fr\/#\/schema\/logo\/image\/\",\"url\":\"https:\/\/www.safinel.fr\/wp-content\/uploads\/2021\/05\/boutique-cosmetique.png\",\"contentUrl\":\"https:\/\/www.safinel.fr\/wp-content\/uploads\/2021\/05\/boutique-cosmetique.png\",\"width\":800,\"height\":200,\"caption\":\"Safinel\"},\"image\":{\"@id\":\"https:\/\/www.safinel.fr\/#\/schema\/logo\/image\/\"}}]}<\/script>\n<!-- \/ Yoast SEO plugin. -->","yoast_head_json":{"title":"\u00d3leo de macad\u00e2mia I In\u00fameros benef\u00edcios para o cabelo","description":"No campo dos cuidados naturais para a pele, cabelo e at\u00e9 mesmo gravidez, o \u00f3leo de macad\u00e2mia \u00e9 uma verdadeira estrela.","robots":{"index":"index","follow":"follow","max-snippet":"max-snippet:-1","max-image-preview":"max-image-preview:large","max-video-preview":"max-video-preview:-1"},"canonical":"https:\/\/www.safinel.fr\/pt\/product-2\/oleo-de-macadamia\/","og_locale":"pt_PT","og_type":"article","og_title":"Huile de macadamia I Bienfaits nombreux pour les cheveux","og_description":"Dans le domaine des soins naturels pour la peau, les cheveux et m\u00eame la grossesse, l'huile de macadamia\u00a0est une v\u00e9ritable star.","og_url":"https:\/\/www.safinel.fr\/pt\/product-2\/oleo-de-macadamia\/","og_site_name":"Safinel","article_modified_time":"2023-12-28T17:15:55+00:00","og_image":[{"width":600,"height":600,"url":"https:\/\/www.safinel.fr\/wp-content\/uploads\/2023\/04\/Huile-de-macadamia.jpg","type":"image\/jpeg"}],"twitter_card":"summary_large_image","twitter_misc":{"Tempo estimado de leitura":"4 minutos"},"schema":{"@context":"https:\/\/schema.org","@graph":[{"@type":"WebPage","@id":"https:\/\/www.safinel.fr\/produit\/huile-de-macadamia\/","url":"https:\/\/www.safinel.fr\/produit\/huile-de-macadamia\/","name":"\u00d3leo de macad\u00e2mia I In\u00fameros benef\u00edcios para o cabelo","isPartOf":{"@id":"https:\/\/www.safinel.fr\/#website"},"primaryImageOfPage":{"@id":"https:\/\/www.safinel.fr\/produit\/huile-de-macadamia\/#primaryimage"},"image":{"@id":"https:\/\/www.safinel.fr\/produit\/huile-de-macadamia\/#primaryimage"},"thumbnailUrl":"https:\/\/www.safinel.fr\/wp-content\/uploads\/2023\/04\/Huile-de-macadamia.jpg","datePublished":"2023-04-14T18:17:39+00:00","dateModified":"2023-12-28T17:15:55+00:00","description":"No campo dos cuidados naturais para a pele, cabelo e at\u00e9 mesmo gravidez, o \u00f3leo de macad\u00e2mia \u00e9 uma verdadeira estrela.","breadcrumb":{"@id":"https:\/\/www.safinel.fr\/produit\/huile-de-macadamia\/#breadcrumb"},"inLanguage":"pt-PT","potentialAction":[{"@type":"ReadAction","target":["https:\/\/www.safinel.fr\/produit\/huile-de-macadamia\/"]}]},{"@type":"ImageObject","inLanguage":"pt-PT","@id":"https:\/\/www.safinel.fr\/produit\/huile-de-macadamia\/#primaryimage","url":"https:\/\/www.safinel.fr\/wp-content\/uploads\/2023\/04\/Huile-de-macadamia.jpg","contentUrl":"https:\/\/www.safinel.fr\/wp-content\/uploads\/2023\/04\/Huile-de-macadamia.jpg","width":600,"height":600,"caption":"Huile de macadamia"},{"@type":"BreadcrumbList","@id":"https:\/\/www.safinel.fr\/produit\/huile-de-macadamia\/#breadcrumb","itemListElement":[{"@type":"ListItem","position":1,"name":"Accueil","item":"https:\/\/www.safinel.fr\/"},{"@type":"ListItem","position":2,"name":"Boutique","item":"https:\/\/www.safinel.fr\/boutique\/"},{"@type":"ListItem","position":3,"name":"Huile de macadamia 100ml"}]},{"@type":"WebSite","@id":"https:\/\/www.safinel.fr\/#website","url":"https:\/\/www.safinel.fr\/","name":"Safinel","description":"","publisher":{"@id":"https:\/\/www.safinel.fr\/#organization"},"potentialAction":[{"@type":"SearchAction","target":{"@type":"EntryPoint","urlTemplate":"https:\/\/www.safinel.fr\/?s={search_term_string}"},"query-input":{"@type":"PropertyValueSpecification","valueRequired":true,"valueName":"search_term_string"}}],"inLanguage":"pt-PT"},{"@type":"Organization","@id":"https:\/\/www.safinel.fr\/#organization","name":"Safinel","url":"https:\/\/www.safinel.fr\/","logo":{"@type":"ImageObject","inLanguage":"pt-PT","@id":"https:\/\/www.safinel.fr\/#\/schema\/logo\/image\/","url":"https:\/\/www.safinel.fr\/wp-content\/uploads\/2021\/05\/boutique-cosmetique.png","contentUrl":"https:\/\/www.safinel.fr\/wp-content\/uploads\/2021\/05\/boutique-cosmetique.png","width":800,"height":200,"caption":"Safinel"},"image":{"@id":"https:\/\/www.safinel.fr\/#\/schema\/logo\/image\/"}}]}},"_links":{"self":[{"href":"https:\/\/www.safinel.fr\/pt\/wp-json\/wp\/v2\/product\/5484","targetHints":{"allow":["GET"]}}],"collection":[{"href":"https:\/\/www.safinel.fr\/pt\/wp-json\/wp\/v2\/product"}],"about":[{"href":"https:\/\/www.safinel.fr\/pt\/wp-json\/wp\/v2\/types\/product"}],"wp:featuredmedia":[{"embeddable":true,"href":"https:\/\/www.safinel.fr\/pt\/wp-json\/wp\/v2\/media\/5485"}],"wp:attachment":[{"href":"https:\/\/www.safinel.fr\/pt\/wp-json\/wp\/v2\/media?parent=5484"}],"wp:term":[{"taxonomy":"product_brand","embeddable":true,"href":"https:\/\/www.safinel.fr\/pt\/wp-json\/wp\/v2\/product_brand?post=5484"},{"taxonomy":"product_cat","embeddable":true,"href":"https:\/\/www.safinel.fr\/pt\/wp-json\/wp\/v2\/product_cat?post=5484"},{"taxonomy":"product_tag","embeddable":true,"href":"https:\/\/www.safinel.fr\/pt\/wp-json\/wp\/v2\/product_tag?post=5484"}],"curies":[{"name":"wp","href":"https:\/\/api.w.org\/{rel}","templated":true}]}}