{"id":5441,"date":"2023-04-11T16:18:35","date_gmt":"2023-04-11T16:18:35","guid":{"rendered":"https:\/\/www.safinel.fr\/?post_type=product&#038;p=5441"},"modified":"2023-12-28T17:15:54","modified_gmt":"2023-12-28T17:15:54","slug":"habbat-al-moulouk","status":"publish","type":"product","link":"https:\/\/www.safinel.fr\/pt\/product-2\/habbat-al-moulouk\/","title":{"rendered":"5 sementes de Habbat al Moulouk"},"content":{"rendered":"<p>H\u00e1 s\u00e9culos que as plantas s\u00e3o utilizadas pelos seus benef\u00edcios para a sa\u00fade e, em particular, para aliviar certas dores do dia a dia. Entre elas, destaca-se a famosa Habbat al Moulouk, uma planta conhecida pelas suas poderosas propriedades laxantes. Neste artigo, convidamo-lo a descobrir esta planta pouco conhecida e como utiliz\u00e1-la para recuperar um tr\u00e2nsito intestinal harmonioso.<\/p>\n<h2><strong>Por que escolher Habbat al Moulouk como laxante natural?<\/strong><\/h2>\n<p>As pessoas que sofrem de pris\u00e3o de ventre procuram frequentemente solu\u00e7\u00f5es para facilitar o tr\u00e2nsito intestinal. Embora existam v\u00e1rios medicamentos no mercado, optar por um tratamento natural pode revelar-se uma alternativa interessante e menos invasiva para o organismo. Trata-se de uma planta com propriedades laxantes reconhecidas h\u00e1 mil\u00e9nios.<\/p>\n<h3><strong>Subst\u00e2ncias ativas eficazes<\/strong><\/h3>\n<p>O que torna este laxante natural t\u00e3o especial \u00e9 a sua riqueza em subst\u00e2ncias ativas com efeitos laxantes.<\/p>\n<p><strong>Encontram-se, nomeadamente:<\/strong><\/p>\n<ul>\n<li><strong>\u00d3leos essenciais que promovem a contra\u00e7\u00e3o intestinal;<\/strong><\/li>\n<li><strong>Antraquinonas, compostos qu\u00edmicos que estimulam o tr\u00e2nsito intestinal;<\/strong><\/li>\n<li><strong>Fibras alimentares que facilitam a passagem das fezes.<\/strong><\/li>\n<\/ul>\n<h3><strong>Um uso tradicional para a obstipa\u00e7\u00e3o<\/strong><\/h3>\n<p>O Habbat al Moulouk \u00e9 uma planta medicinal utilizada h\u00e1 s\u00e9culos por curandeiros tradicionais e na medicina persa. A sua efic\u00e1cia como laxante natural \u00e9, portanto, comprovada por uma longa hist\u00f3ria de utiliza\u00e7\u00e3o.<\/p>\n<h2><strong>Como usar Habbat al Moulouk para aliviar a obstipa\u00e7\u00e3o?<\/strong><\/h2>\n<p>Existem v\u00e1rias maneiras de usar o Habbat al Moulouk para aproveitar os seus efeitos laxantes. Aqui est\u00e3o alguns m\u00e9todos:<\/p>\n<ul>\n<li><strong>Em infus\u00e3o\u00a0<\/strong>:\u00a0A forma mais comum de utilizar esta planta \u00e9 na forma de infus\u00e3o. Basta ferver \u00e1gua e adicionar algumas sementes de Habbat al Moulouk esmagadas. Deixe infundir durante cerca de dez minutos, depois coe e beba a infus\u00e3o morna. Certifique-se de n\u00e3o consumir mais do que uma ch\u00e1vena por dia para evitar poss\u00edveis efeitos indesej\u00e1veis.<\/li>\n<li><a href=\"https:\/\/www.safinel.fr\/pt\/product-category-2\/capsulas\/\"><strong>C\u00e1psulas<\/strong><\/a> : Para aqueles que preferem uma solu\u00e7\u00e3o mais pr\u00e1tica, \u00e9 poss\u00edvel encontrar c\u00e1psulas de Habbat al Moulouk em farm\u00e1cias ou lojas especializadas. Siga atentamente as recomenda\u00e7\u00f5es do fabricante quanto \u00e0 dosagem e dura\u00e7\u00e3o do tratamento.<\/li>\n<li><strong>Em p\u00f3<\/strong> : Tamb\u00e9m pode consumir a planta em p\u00f3, misturada com iogurte ou compota, por exemplo. No entanto, tenha cuidado para n\u00e3o exceder a quantidade recomendada.<\/li>\n<\/ul>\n<h2><strong>Precau\u00e7\u00f5es de utiliza\u00e7\u00e3o e contraindica\u00e7\u00f5es com estas sementes\u00a0<\/strong><b>naturais<\/b><\/h2>\n<p>Como em qualquer tratamento natural, \u00e9 importante tomar algumas precau\u00e7\u00f5es ao usar essas sementes como laxante:<\/p>\n<ul>\n<li>Consulte sempre o seu m\u00e9dico antes de usar esta planta, especialmente se j\u00e1 estiver a tomar medicamentos, sofrer de problemas de sa\u00fade espec\u00edficos ou estiver gr\u00e1vida.;<\/li>\n<li>N\u00e3o exceda as doses recomendadas e respeite a dura\u00e7\u00e3o do tratamento;<\/li>\n<li>N\u00e3o utilize este produto natural durante um longo per\u00edodo sem aconselhamento m\u00e9dico, pois pode causar depend\u00eancia e alterar o funcionamento normal do tr\u00e2nsito intestinal.;<\/li>\n<li>Algumas pessoas podem ser al\u00e9rgicas a esta planta. Em caso de rea\u00e7\u00e3o al\u00e9rgica, interrompa imediatamente o uso e consulte um m\u00e9dico.<\/li>\n<\/ul>\n<h2><strong>Habbat al Moulouk: Um aliado para o seu tr\u00e2nsito intestinal<\/strong><\/h2>\n<p>Em conclus\u00e3o, o Habbat al Moulouk \u00e9 uma planta com propriedades laxantes poderosas que pode aliviar de forma eficaz e natural epis\u00f3dios de pris\u00e3o de ventre passageira. No entanto, \u00e9 importante seguir cuidadosamente as recomenda\u00e7\u00f5es de utiliza\u00e7\u00e3o e consultar um m\u00e9dico em caso de d\u00favida ou sintomas persistentes.<\/p>\n<h3><strong>Em resumo, o Habbat al Moulouk:<\/strong><\/h3>\n<ol>\n<li>\u00c9 uma planta laxante poderosa usada h\u00e1 s\u00e9culos;<\/li>\n<li>Possui subst\u00e2ncias ativas ben\u00e9ficas para o tr\u00e2nsito intestinal;<\/li>\n<li>Pode ser utilizada de diferentes formas, como em infus\u00e3o ou em c\u00e1psulas;<\/li>\n<li>\u00c9 necess\u00e1rio tomar certas precau\u00e7\u00f5es de utiliza\u00e7\u00e3o e consultar um m\u00e9dico, se necess\u00e1rio.<\/li>\n<\/ol>\n<p>Ent\u00e3o n\u00e3o hesite mais em experimentar esta solu\u00e7\u00e3o natural para recuperar um tr\u00e2nsito intestinal suave e dizer adeus aos problemas de pris\u00e3o de ventre!<\/p>","protected":false},"excerpt":{"rendered":"<p><strong>Utiliza\u00e7\u00f5es:<\/strong><\/p>\n<ul>\n<li><strong>Em infus\u00e3o\u00a0<\/strong>:\u00a0A forma mais comum de utilizar esta planta \u00e9 na forma de infus\u00e3o. Basta ferver \u00e1gua e adicionar algumas sementes de Habbat al Moulouk esmagadas. Deixe infundir durante cerca de dez minutos, depois coe e beba a infus\u00e3o morna. Certifique-se de n\u00e3o consumir mais do que uma ch\u00e1vena por dia para evitar poss\u00edveis efeitos indesej\u00e1veis.<\/li>\n<li><strong>C\u00e1psulas<\/strong> : Para aqueles que preferem uma solu\u00e7\u00e3o mais pr\u00e1tica, \u00e9 poss\u00edvel encontrar c\u00e1psulas de Habbat al Moulouk em farm\u00e1cias ou lojas especializadas. Siga atentamente as recomenda\u00e7\u00f5es do fabricante quanto \u00e0 dosagem e dura\u00e7\u00e3o do tratamento.<\/li>\n<li><strong>Em p\u00f3<\/strong> : Tamb\u00e9m pode consumir a planta em p\u00f3, misturada com iogurte ou compota, por exemplo. No entanto, tenha cuidado para n\u00e3o exceder a quantidade recomendada.<\/li>\n<\/ul>\n<p><img decoding=\"async\" class=\"size-full wp-image-5091 aligncenter\" src=\"https:\/\/www.safinel.fr\/wp-content\/uploads\/2021\/06\/BANNIERE-ICONE-SAFINEL.webp\" alt=\"resseguro satinado\" width=\"800\" height=\"200\" srcset=\"https:\/\/www.safinel.fr\/wp-content\/uploads\/2021\/06\/BANNIERE-ICONE-SAFINEL.webp 800w, https:\/\/www.safinel.fr\/wp-content\/uploads\/2021\/06\/BANNIERE-ICONE-SAFINEL-600x150.webp 600w, https:\/\/www.safinel.fr\/wp-content\/uploads\/2021\/06\/BANNIERE-ICONE-SAFINEL-768x192.webp 768w\" sizes=\"(max-width: 800px) 100vw, 800px\" \/><\/p>","protected":false},"featured_media":5443,"template":"","meta":[],"product_brand":[],"product_cat":[27],"product_tag":[],"class_list":{"0":"post-5441","1":"product","2":"type-product","3":"status-publish","4":"has-post-thumbnail","6":"product_cat-plantes-medicinales","8":"first","9":"outofstock","10":"shipping-taxable","11":"purchasable","12":"product-type-simple"},"yoast_head":"<!-- This site is optimized with the Yoast SEO plugin v26.6 - https:\/\/yoast.com\/wordpress\/plugins\/seo\/ -->\n<title>Habbat Al Moulouk I Graines naturelles aux bienfaits nombreux<\/title>\n<meta name=\"description\" content=\"Dans cet article, nous vous proposons de d\u00e9couvrir Habbat Al Moulouk cette plante m\u00e9connue qui poss\u00e8des des bienfaits nombreux.\" \/>\n<meta name=\"robots\" content=\"index, follow, max-snippet:-1, max-image-preview:large, max-video-preview:-1\" \/>\n<link rel=\"canonical\" href=\"https:\/\/www.safinel.fr\/pt\/product-2\/habbat-al-moulouk\/\" \/>\n<meta property=\"og:locale\" content=\"pt_PT\" \/>\n<meta property=\"og:type\" content=\"article\" \/>\n<meta property=\"og:title\" content=\"Habbat Al Moulouk I Graines naturelles aux bienfaits nombreux\" \/>\n<meta property=\"og:description\" content=\"Dans cet article, nous vous proposons de d\u00e9couvrir Habbat Al Moulouk cette plante m\u00e9connue qui poss\u00e8des des bienfaits nombreux.\" \/>\n<meta property=\"og:url\" content=\"https:\/\/www.safinel.fr\/pt\/product-2\/habbat-al-moulouk\/\" \/>\n<meta property=\"og:site_name\" content=\"Safinel\" \/>\n<meta property=\"article:modified_time\" content=\"2023-12-28T17:15:54+00:00\" \/>\n<meta property=\"og:image\" content=\"https:\/\/www.safinel.fr\/wp-content\/uploads\/2023\/04\/graines-de-habbat-al-moulouk.jpg\" \/>\n\t<meta property=\"og:image:width\" content=\"600\" \/>\n\t<meta property=\"og:image:height\" content=\"600\" \/>\n\t<meta property=\"og:image:type\" content=\"image\/jpeg\" \/>\n<meta name=\"twitter:card\" content=\"summary_large_image\" \/>\n<meta name=\"twitter:label1\" content=\"Tempo estimado de leitura\" \/>\n\t<meta name=\"twitter:data1\" content=\"3 minutos\" \/>\n<script type=\"application\/ld+json\" class=\"yoast-schema-graph\">{\"@context\":\"https:\/\/schema.org\",\"@graph\":[{\"@type\":\"WebPage\",\"@id\":\"https:\/\/www.safinel.fr\/produit\/habbat-al-moulouk\/\",\"url\":\"https:\/\/www.safinel.fr\/produit\/habbat-al-moulouk\/\",\"name\":\"Habbat Al Moulouk I Graines naturelles aux bienfaits nombreux\",\"isPartOf\":{\"@id\":\"https:\/\/www.safinel.fr\/#website\"},\"primaryImageOfPage\":{\"@id\":\"https:\/\/www.safinel.fr\/produit\/habbat-al-moulouk\/#primaryimage\"},\"image\":{\"@id\":\"https:\/\/www.safinel.fr\/produit\/habbat-al-moulouk\/#primaryimage\"},\"thumbnailUrl\":\"https:\/\/www.safinel.fr\/wp-content\/uploads\/2023\/04\/graines-de-habbat-al-moulouk.jpg\",\"datePublished\":\"2023-04-11T16:18:35+00:00\",\"dateModified\":\"2023-12-28T17:15:54+00:00\",\"description\":\"Dans cet article, nous vous proposons de d\u00e9couvrir Habbat Al Moulouk cette plante m\u00e9connue qui poss\u00e8des des bienfaits nombreux.\",\"breadcrumb\":{\"@id\":\"https:\/\/www.safinel.fr\/produit\/habbat-al-moulouk\/#breadcrumb\"},\"inLanguage\":\"pt-PT\",\"potentialAction\":[{\"@type\":\"ReadAction\",\"target\":[\"https:\/\/www.safinel.fr\/produit\/habbat-al-moulouk\/\"]}]},{\"@type\":\"ImageObject\",\"inLanguage\":\"pt-PT\",\"@id\":\"https:\/\/www.safinel.fr\/produit\/habbat-al-moulouk\/#primaryimage\",\"url\":\"https:\/\/www.safinel.fr\/wp-content\/uploads\/2023\/04\/graines-de-habbat-al-moulouk.jpg\",\"contentUrl\":\"https:\/\/www.safinel.fr\/wp-content\/uploads\/2023\/04\/graines-de-habbat-al-moulouk.jpg\",\"width\":600,\"height\":600,\"caption\":\"5 graines de Habbat al Moulouk\"},{\"@type\":\"BreadcrumbList\",\"@id\":\"https:\/\/www.safinel.fr\/produit\/habbat-al-moulouk\/#breadcrumb\",\"itemListElement\":[{\"@type\":\"ListItem\",\"position\":1,\"name\":\"Accueil\",\"item\":\"https:\/\/www.safinel.fr\/\"},{\"@type\":\"ListItem\",\"position\":2,\"name\":\"Boutique\",\"item\":\"https:\/\/www.safinel.fr\/boutique\/\"},{\"@type\":\"ListItem\",\"position\":3,\"name\":\"5 graines de Habbat al Moulouk\"}]},{\"@type\":\"WebSite\",\"@id\":\"https:\/\/www.safinel.fr\/#website\",\"url\":\"https:\/\/www.safinel.fr\/\",\"name\":\"Safinel\",\"description\":\"\",\"publisher\":{\"@id\":\"https:\/\/www.safinel.fr\/#organization\"},\"potentialAction\":[{\"@type\":\"SearchAction\",\"target\":{\"@type\":\"EntryPoint\",\"urlTemplate\":\"https:\/\/www.safinel.fr\/?s={search_term_string}\"},\"query-input\":{\"@type\":\"PropertyValueSpecification\",\"valueRequired\":true,\"valueName\":\"search_term_string\"}}],\"inLanguage\":\"pt-PT\"},{\"@type\":\"Organization\",\"@id\":\"https:\/\/www.safinel.fr\/#organization\",\"name\":\"Safinel\",\"url\":\"https:\/\/www.safinel.fr\/\",\"logo\":{\"@type\":\"ImageObject\",\"inLanguage\":\"pt-PT\",\"@id\":\"https:\/\/www.safinel.fr\/#\/schema\/logo\/image\/\",\"url\":\"https:\/\/www.safinel.fr\/wp-content\/uploads\/2021\/05\/boutique-cosmetique.png\",\"contentUrl\":\"https:\/\/www.safinel.fr\/wp-content\/uploads\/2021\/05\/boutique-cosmetique.png\",\"width\":800,\"height\":200,\"caption\":\"Safinel\"},\"image\":{\"@id\":\"https:\/\/www.safinel.fr\/#\/schema\/logo\/image\/\"}}]}<\/script>\n<!-- \/ Yoast SEO plugin. -->","yoast_head_json":{"title":"Habbat Al Moulouk I Sementes naturais com in\u00fameros benef\u00edcios","description":"Neste artigo, convidamo-lo a descobrir a Habbat Al Moulouk, uma planta pouco conhecida que possui in\u00fameros benef\u00edcios.","robots":{"index":"index","follow":"follow","max-snippet":"max-snippet:-1","max-image-preview":"max-image-preview:large","max-video-preview":"max-video-preview:-1"},"canonical":"https:\/\/www.safinel.fr\/pt\/product-2\/habbat-al-moulouk\/","og_locale":"pt_PT","og_type":"article","og_title":"Habbat Al Moulouk I Graines naturelles aux bienfaits nombreux","og_description":"Dans cet article, nous vous proposons de d\u00e9couvrir Habbat Al Moulouk cette plante m\u00e9connue qui poss\u00e8des des bienfaits nombreux.","og_url":"https:\/\/www.safinel.fr\/pt\/product-2\/habbat-al-moulouk\/","og_site_name":"Safinel","article_modified_time":"2023-12-28T17:15:54+00:00","og_image":[{"width":600,"height":600,"url":"https:\/\/www.safinel.fr\/wp-content\/uploads\/2023\/04\/graines-de-habbat-al-moulouk.jpg","type":"image\/jpeg"}],"twitter_card":"summary_large_image","twitter_misc":{"Tempo estimado de leitura":"3 minutos"},"schema":{"@context":"https:\/\/schema.org","@graph":[{"@type":"WebPage","@id":"https:\/\/www.safinel.fr\/produit\/habbat-al-moulouk\/","url":"https:\/\/www.safinel.fr\/produit\/habbat-al-moulouk\/","name":"Habbat Al Moulouk I Sementes naturais com in\u00fameros benef\u00edcios","isPartOf":{"@id":"https:\/\/www.safinel.fr\/#website"},"primaryImageOfPage":{"@id":"https:\/\/www.safinel.fr\/produit\/habbat-al-moulouk\/#primaryimage"},"image":{"@id":"https:\/\/www.safinel.fr\/produit\/habbat-al-moulouk\/#primaryimage"},"thumbnailUrl":"https:\/\/www.safinel.fr\/wp-content\/uploads\/2023\/04\/graines-de-habbat-al-moulouk.jpg","datePublished":"2023-04-11T16:18:35+00:00","dateModified":"2023-12-28T17:15:54+00:00","description":"Neste artigo, convidamo-lo a descobrir a Habbat Al Moulouk, uma planta pouco conhecida que possui in\u00fameros benef\u00edcios.","breadcrumb":{"@id":"https:\/\/www.safinel.fr\/produit\/habbat-al-moulouk\/#breadcrumb"},"inLanguage":"pt-PT","potentialAction":[{"@type":"ReadAction","target":["https:\/\/www.safinel.fr\/produit\/habbat-al-moulouk\/"]}]},{"@type":"ImageObject","inLanguage":"pt-PT","@id":"https:\/\/www.safinel.fr\/produit\/habbat-al-moulouk\/#primaryimage","url":"https:\/\/www.safinel.fr\/wp-content\/uploads\/2023\/04\/graines-de-habbat-al-moulouk.jpg","contentUrl":"https:\/\/www.safinel.fr\/wp-content\/uploads\/2023\/04\/graines-de-habbat-al-moulouk.jpg","width":600,"height":600,"caption":"5 graines de Habbat al Moulouk"},{"@type":"BreadcrumbList","@id":"https:\/\/www.safinel.fr\/produit\/habbat-al-moulouk\/#breadcrumb","itemListElement":[{"@type":"ListItem","position":1,"name":"Accueil","item":"https:\/\/www.safinel.fr\/"},{"@type":"ListItem","position":2,"name":"Boutique","item":"https:\/\/www.safinel.fr\/boutique\/"},{"@type":"ListItem","position":3,"name":"5 graines de Habbat al Moulouk"}]},{"@type":"WebSite","@id":"https:\/\/www.safinel.fr\/#website","url":"https:\/\/www.safinel.fr\/","name":"Safinel","description":"","publisher":{"@id":"https:\/\/www.safinel.fr\/#organization"},"potentialAction":[{"@type":"SearchAction","target":{"@type":"EntryPoint","urlTemplate":"https:\/\/www.safinel.fr\/?s={search_term_string}"},"query-input":{"@type":"PropertyValueSpecification","valueRequired":true,"valueName":"search_term_string"}}],"inLanguage":"pt-PT"},{"@type":"Organization","@id":"https:\/\/www.safinel.fr\/#organization","name":"Safinel","url":"https:\/\/www.safinel.fr\/","logo":{"@type":"ImageObject","inLanguage":"pt-PT","@id":"https:\/\/www.safinel.fr\/#\/schema\/logo\/image\/","url":"https:\/\/www.safinel.fr\/wp-content\/uploads\/2021\/05\/boutique-cosmetique.png","contentUrl":"https:\/\/www.safinel.fr\/wp-content\/uploads\/2021\/05\/boutique-cosmetique.png","width":800,"height":200,"caption":"Safinel"},"image":{"@id":"https:\/\/www.safinel.fr\/#\/schema\/logo\/image\/"}}]}},"_links":{"self":[{"href":"https:\/\/www.safinel.fr\/pt\/wp-json\/wp\/v2\/product\/5441","targetHints":{"allow":["GET"]}}],"collection":[{"href":"https:\/\/www.safinel.fr\/pt\/wp-json\/wp\/v2\/product"}],"about":[{"href":"https:\/\/www.safinel.fr\/pt\/wp-json\/wp\/v2\/types\/product"}],"wp:featuredmedia":[{"embeddable":true,"href":"https:\/\/www.safinel.fr\/pt\/wp-json\/wp\/v2\/media\/5443"}],"wp:attachment":[{"href":"https:\/\/www.safinel.fr\/pt\/wp-json\/wp\/v2\/media?parent=5441"}],"wp:term":[{"taxonomy":"product_brand","embeddable":true,"href":"https:\/\/www.safinel.fr\/pt\/wp-json\/wp\/v2\/product_brand?post=5441"},{"taxonomy":"product_cat","embeddable":true,"href":"https:\/\/www.safinel.fr\/pt\/wp-json\/wp\/v2\/product_cat?post=5441"},{"taxonomy":"product_tag","embeddable":true,"href":"https:\/\/www.safinel.fr\/pt\/wp-json\/wp\/v2\/product_tag?post=5441"}],"curies":[{"name":"wp","href":"https:\/\/api.w.org\/{rel}","templated":true}]}}