{"id":5411,"date":"2023-04-09T18:41:43","date_gmt":"2023-04-09T18:41:43","guid":{"rendered":"https:\/\/www.safinel.fr\/?post_type=product&#038;p=5411"},"modified":"2023-12-28T17:15:54","modified_gmt":"2023-12-28T17:15:54","slug":"pedra-de-coracao","status":"publish","type":"product","link":"https:\/\/www.safinel.fr\/pt\/product-2\/pedra-de-coracao\/","title":{"rendered":"Chanca Piedra (Phyllantus niuri)"},"content":{"rendered":"<p>Neste artigo, vamos falar sobre uma planta com mil virtudes, a\u00a0<strong>Chanca Piedra<\/strong>. Esta planta \u00e9 conhecida pelos seus benef\u00edcios para a sa\u00fade, especialmente no tratamento de problemas relacionados com o \u00e1cido \u00farico e c\u00e1lculos renais. Tamb\u00e9m veremos como preparar uma deliciosa infus\u00e3o com esta planta para aproveitar os seus in\u00fameros benef\u00edcios.<\/p>\n<h2><strong>O que \u00e9 Chanca Piedra?<\/strong><\/h2>\n<p>A Chanca Piedra, tamb\u00e9m conhecida como \u00abrompe-pedra\u00bb ou \u00abquebra-pedra\u00bb, \u00e9 uma planta que cresce principalmente na Am\u00e9rica do Sul e na \u00c1sia. <strong>Pertence \u00e0 fam\u00edlia Phyllanthus e \u00e9 utilizada h\u00e1 s\u00e9culos pelas popula\u00e7\u00f5es locais para tratar diversas doen\u00e7as.<\/strong>.<\/p>\n<p>Esta planta \u00e9 conhecida pela sua capacidade de ajudar a dissolver e eliminar c\u00e1lculos renais, eliminar o \u00e1cido \u00farico e prevenir infec\u00e7\u00f5es urin\u00e1rias.<\/p>\n<h2><strong>Os benef\u00edcios da Chanca Piedra para a sa\u00fade<\/strong><\/h2>\n<h3><strong>A\u00e7\u00e3o sobre c\u00e1lculos renais<\/strong><\/h3>\n<p>Um dos principais benef\u00edcios da Phyllantus niuri \u00e9 a sua a\u00e7\u00e3o contra os c\u00e1lculos renais. Na verdade, esta planta cont\u00e9m subst\u00e2ncias ativas que ajudam a dissolver os c\u00e1lculos e impedem a sua forma\u00e7\u00e3o. Tamb\u00e9m facilita a sua expuls\u00e3o, aumentando a produ\u00e7\u00e3o de\u2019<a href=\"https:\/\/www.safinel.fr\/pt\/product-2\/pinca-peniana\/\"><strong>urina<\/strong><\/a> e relaxando os m\u00fasculos do ureter. <strong>Assim, a planta casse-pierre permite tratar e prevenir eficazmente os c\u00e1lculos renais.<\/strong>.<\/p>\n<h3><strong>A\u00e7\u00e3o sobre o \u00e1cido \u00farico<\/strong><\/h3>\n<p>A Chanca Piedra tamb\u00e9m \u00e9 ben\u00e9fica no combate ao excesso de \u00e1cido \u00farico no organismo. Ela favorece a elimina\u00e7\u00e3o desse \u00e1cido pelos rins e impede a sua cristaliza\u00e7\u00e3o, evitando assim a forma\u00e7\u00e3o de cristais de urato.<\/p>\n<p>Al\u00e9m disso, esta planta ajuda a diminuir a inflama\u00e7\u00e3o e a dor causadas pela gota., <strong>uma doen\u00e7a causada por um excesso de \u00e1cido \u00farico<\/strong>.<\/p>\n<h3><strong>Chanca Piedra uma p<\/strong><strong>preven\u00e7\u00e3o de infec\u00e7\u00f5es urin\u00e1rias<\/strong><\/h3>\n<p>Gra\u00e7as \u00e0s suas propriedades antibacterianas e antivirais, a Chanca Piedra pode ajudar a prevenir e tratar infec\u00e7\u00f5es urin\u00e1rias. Ela atua inibindo o crescimento das bact\u00e9rias respons\u00e1veis por essas infec\u00e7\u00f5es e fortalecendo o sistema imunol\u00f3gico. Isso faz com que a\u00a0<strong>Chanca Piedra, uma aliada valiosa para manter uma boa sa\u00fade urin\u00e1ria<\/strong>.<\/p>\n<h2><strong>Como preparar uma infus\u00e3o para combater c\u00e1lculos renais?<\/strong><\/h2>\n<p>Para aproveitar os benef\u00edcios da Chanca Piedra, \u00e9 poss\u00edvel preparar uma infus\u00e3o \u00e0 base desta planta.<\/p>\n<p><strong>Veja como proceder:<\/strong><\/p>\n<ol>\n<li>Numa panela, leve 500 ml de \u00e1gua para ferver.<\/li>\n<li>Em seguida, adicione 2 colheres de sopa de folhas secas de Chanca Piedra e deixe em infus\u00e3o durante 15 minutos em lume brando.<\/li>\n<li>Filtre a prepara\u00e7\u00e3o para remover as folhas.<\/li>\n<li>Beba esta infus\u00e3o 2 a 3 vezes por dia para beneficiar dos seus efeitos sobre o \u00e1cido \u00farico, c\u00e1lculos renais e infec\u00e7\u00f5es urin\u00e1rias.<\/li>\n<\/ol>\n<h3><strong>Contraindica\u00e7\u00f5es e precau\u00e7\u00f5es de uso<\/strong><\/h3>\n<p>A Chanca Piedra \u00e9 geralmente considerada segura quando utilizada nas doses recomendadas. No entanto, devem ser tomadas algumas precau\u00e7\u00f5es:<\/p>\n<ul>\n<li>As mulheres gr\u00e1vidas ou a amamentar devem evitar consumir Phyllantus niuri. Os seus efeitos no feto e no rec\u00e9m-nascido n\u00e3o s\u00e3o bem conhecidos.<\/li>\n<li>Pessoas que sofrem de doen\u00e7as hep\u00e1ticas ou renais devem consultar o seu m\u00e9dico antes de usar esta planta, pois ela pode influenciar o funcionamento desses \u00f3rg\u00e3os.<\/li>\n<li>Se estiver a tomar medicamentos anticoagulantes, consulte o seu m\u00e9dico antes de consumir Phyllantus niuri. Pode aumentar o risco de hemorragia.<\/li>\n<li>Em caso de d\u00favida, n\u00e3o hesite em consultar o seu m\u00e9dico ou um profissional de sa\u00fade antes de usar a Chanca Piedra.<\/li>\n<\/ul>\n<p>A Chanca Piedra \u00e9 uma planta com m\u00faltiplos benef\u00edcios para a sa\u00fade, <strong>especialmente no que diz respeito \u00e0 elimina\u00e7\u00e3o do \u00e1cido \u00farico e ao tratamento de c\u00e1lculos renais<\/strong>. Tamb\u00e9m pode ajudar a prevenir infec\u00e7\u00f5es urin\u00e1rias gra\u00e7as \u00e0s suas propriedades antibacterianas e antivirais. Para aproveitar esses benef\u00edcios, n\u00e3o hesite em incluir o ch\u00e1 de Phyllantus niuri na sua rotina di\u00e1ria.<\/p>\n<p>No entanto, certifique-se de respeitar as doses recomendadas e consulte um profissional de sa\u00fade em caso de d\u00favida.<\/p>","protected":false},"excerpt":{"rendered":"<p><strong>Prepara\u00e7\u00e3o da sua infus\u00e3o:<\/strong><\/p>\n<ol>\n<li>Numa panela, leve 500 ml de \u00e1gua para ferver.<\/li>\n<li>Em seguida, adicione 2 colheres de sopa de folhas secas de Chanca Piedra e deixe em infus\u00e3o durante 15 minutos em lume brando.<\/li>\n<li>Filtre a prepara\u00e7\u00e3o para remover as folhas.<\/li>\n<li>Beba esta infus\u00e3o 2 a 3 vezes por dia para beneficiar dos seus efeitos sobre o \u00e1cido \u00farico, c\u00e1lculos renais e infec\u00e7\u00f5es urin\u00e1rias.<\/li>\n<\/ol>\n<p><img decoding=\"async\" class=\"size-full wp-image-5091 aligncenter\" src=\"https:\/\/www.safinel.fr\/wp-content\/uploads\/2021\/06\/BANNIERE-ICONE-SAFINEL.webp\" alt=\"resseguro satinado\" width=\"800\" height=\"200\" srcset=\"https:\/\/www.safinel.fr\/wp-content\/uploads\/2021\/06\/BANNIERE-ICONE-SAFINEL.webp 800w, https:\/\/www.safinel.fr\/wp-content\/uploads\/2021\/06\/BANNIERE-ICONE-SAFINEL-600x150.webp 600w, https:\/\/www.safinel.fr\/wp-content\/uploads\/2021\/06\/BANNIERE-ICONE-SAFINEL-768x192.webp 768w\" sizes=\"(max-width: 800px) 100vw, 800px\" \/><\/p>","protected":false},"featured_media":5412,"template":"","meta":[],"product_brand":[],"product_cat":[27],"product_tag":[],"class_list":{"0":"post-5411","1":"product","2":"type-product","3":"status-publish","4":"has-post-thumbnail","6":"product_cat-plantes-medicinales","8":"first","9":"instock","10":"shipping-taxable","11":"product-type-simple"},"yoast_head":"<!-- This site is optimized with the Yoast SEO plugin v26.6 - https:\/\/yoast.com\/wordpress\/plugins\/seo\/ -->\n<title>Chanca Piedra I Id\u00e9al contre l&#039;acide urique et calculs r\u00e9naux<\/title>\n<meta name=\"description\" content=\"Chanca Piedra est connue pour ses bienfaits sur la sant\u00e9, en particulier dans le traitement des probl\u00e8mes li\u00e9s \u00e0 l&#039;acide urique et aux calculs r\u00e9naux.\" \/>\n<meta name=\"robots\" content=\"index, follow, max-snippet:-1, max-image-preview:large, max-video-preview:-1\" \/>\n<link rel=\"canonical\" href=\"https:\/\/www.safinel.fr\/pt\/product-2\/pedra-de-coracao\/\" \/>\n<meta property=\"og:locale\" content=\"pt_PT\" \/>\n<meta property=\"og:type\" content=\"article\" \/>\n<meta property=\"og:title\" content=\"Chanca Piedra I Id\u00e9al contre l&#039;acide urique et calculs r\u00e9naux\" \/>\n<meta property=\"og:description\" content=\"Chanca Piedra est connue pour ses bienfaits sur la sant\u00e9, en particulier dans le traitement des probl\u00e8mes li\u00e9s \u00e0 l&#039;acide urique et aux calculs r\u00e9naux.\" \/>\n<meta property=\"og:url\" content=\"https:\/\/www.safinel.fr\/pt\/product-2\/pedra-de-coracao\/\" \/>\n<meta property=\"og:site_name\" content=\"Safinel\" \/>\n<meta property=\"article:modified_time\" content=\"2023-12-28T17:15:54+00:00\" \/>\n<meta property=\"og:image\" content=\"https:\/\/www.safinel.fr\/wp-content\/uploads\/2023\/04\/Chanca-Piedra-Phyllantus-niuri.jpg\" \/>\n\t<meta property=\"og:image:width\" content=\"600\" \/>\n\t<meta property=\"og:image:height\" content=\"600\" \/>\n\t<meta property=\"og:image:type\" content=\"image\/jpeg\" \/>\n<meta name=\"twitter:card\" content=\"summary_large_image\" \/>\n<meta name=\"twitter:label1\" content=\"Tempo estimado de leitura\" \/>\n\t<meta name=\"twitter:data1\" content=\"3 minutos\" \/>\n<script type=\"application\/ld+json\" class=\"yoast-schema-graph\">{\"@context\":\"https:\/\/schema.org\",\"@graph\":[{\"@type\":\"WebPage\",\"@id\":\"https:\/\/www.safinel.fr\/produit\/chanca-piedra\/\",\"url\":\"https:\/\/www.safinel.fr\/produit\/chanca-piedra\/\",\"name\":\"Chanca Piedra I Id\u00e9al contre l'acide urique et calculs r\u00e9naux\",\"isPartOf\":{\"@id\":\"https:\/\/www.safinel.fr\/#website\"},\"primaryImageOfPage\":{\"@id\":\"https:\/\/www.safinel.fr\/produit\/chanca-piedra\/#primaryimage\"},\"image\":{\"@id\":\"https:\/\/www.safinel.fr\/produit\/chanca-piedra\/#primaryimage\"},\"thumbnailUrl\":\"https:\/\/www.safinel.fr\/wp-content\/uploads\/2023\/04\/Chanca-Piedra-Phyllantus-niuri.jpg\",\"datePublished\":\"2023-04-09T18:41:43+00:00\",\"dateModified\":\"2023-12-28T17:15:54+00:00\",\"description\":\"Chanca Piedra est connue pour ses bienfaits sur la sant\u00e9, en particulier dans le traitement des probl\u00e8mes li\u00e9s \u00e0 l'acide urique et aux calculs r\u00e9naux.\",\"breadcrumb\":{\"@id\":\"https:\/\/www.safinel.fr\/produit\/chanca-piedra\/#breadcrumb\"},\"inLanguage\":\"pt-PT\",\"potentialAction\":[{\"@type\":\"ReadAction\",\"target\":[\"https:\/\/www.safinel.fr\/produit\/chanca-piedra\/\"]}]},{\"@type\":\"ImageObject\",\"inLanguage\":\"pt-PT\",\"@id\":\"https:\/\/www.safinel.fr\/produit\/chanca-piedra\/#primaryimage\",\"url\":\"https:\/\/www.safinel.fr\/wp-content\/uploads\/2023\/04\/Chanca-Piedra-Phyllantus-niuri.jpg\",\"contentUrl\":\"https:\/\/www.safinel.fr\/wp-content\/uploads\/2023\/04\/Chanca-Piedra-Phyllantus-niuri.jpg\",\"width\":600,\"height\":600,\"caption\":\"Chanca Piedra (Phyllantus niuri)\"},{\"@type\":\"BreadcrumbList\",\"@id\":\"https:\/\/www.safinel.fr\/produit\/chanca-piedra\/#breadcrumb\",\"itemListElement\":[{\"@type\":\"ListItem\",\"position\":1,\"name\":\"Accueil\",\"item\":\"https:\/\/www.safinel.fr\/\"},{\"@type\":\"ListItem\",\"position\":2,\"name\":\"Boutique\",\"item\":\"https:\/\/www.safinel.fr\/boutique\/\"},{\"@type\":\"ListItem\",\"position\":3,\"name\":\"Chanca Piedra (Phyllantus niuri)\"}]},{\"@type\":\"WebSite\",\"@id\":\"https:\/\/www.safinel.fr\/#website\",\"url\":\"https:\/\/www.safinel.fr\/\",\"name\":\"Safinel\",\"description\":\"\",\"publisher\":{\"@id\":\"https:\/\/www.safinel.fr\/#organization\"},\"potentialAction\":[{\"@type\":\"SearchAction\",\"target\":{\"@type\":\"EntryPoint\",\"urlTemplate\":\"https:\/\/www.safinel.fr\/?s={search_term_string}\"},\"query-input\":{\"@type\":\"PropertyValueSpecification\",\"valueRequired\":true,\"valueName\":\"search_term_string\"}}],\"inLanguage\":\"pt-PT\"},{\"@type\":\"Organization\",\"@id\":\"https:\/\/www.safinel.fr\/#organization\",\"name\":\"Safinel\",\"url\":\"https:\/\/www.safinel.fr\/\",\"logo\":{\"@type\":\"ImageObject\",\"inLanguage\":\"pt-PT\",\"@id\":\"https:\/\/www.safinel.fr\/#\/schema\/logo\/image\/\",\"url\":\"https:\/\/www.safinel.fr\/wp-content\/uploads\/2021\/05\/boutique-cosmetique.png\",\"contentUrl\":\"https:\/\/www.safinel.fr\/wp-content\/uploads\/2021\/05\/boutique-cosmetique.png\",\"width\":800,\"height\":200,\"caption\":\"Safinel\"},\"image\":{\"@id\":\"https:\/\/www.safinel.fr\/#\/schema\/logo\/image\/\"}}]}<\/script>\n<!-- \/ Yoast SEO plugin. -->","yoast_head_json":{"title":"Chanca Piedra I Ideal contra o \u00e1cido \u00farico e c\u00e1lculos renais","description":"A Chanca Piedra \u00e9 conhecida pelos seus benef\u00edcios para a sa\u00fade, especialmente no tratamento de problemas relacionados com o \u00e1cido \u00farico e c\u00e1lculos renais.","robots":{"index":"index","follow":"follow","max-snippet":"max-snippet:-1","max-image-preview":"max-image-preview:large","max-video-preview":"max-video-preview:-1"},"canonical":"https:\/\/www.safinel.fr\/pt\/product-2\/pedra-de-coracao\/","og_locale":"pt_PT","og_type":"article","og_title":"Chanca Piedra I Id\u00e9al contre l'acide urique et calculs r\u00e9naux","og_description":"Chanca Piedra est connue pour ses bienfaits sur la sant\u00e9, en particulier dans le traitement des probl\u00e8mes li\u00e9s \u00e0 l'acide urique et aux calculs r\u00e9naux.","og_url":"https:\/\/www.safinel.fr\/pt\/product-2\/pedra-de-coracao\/","og_site_name":"Safinel","article_modified_time":"2023-12-28T17:15:54+00:00","og_image":[{"width":600,"height":600,"url":"https:\/\/www.safinel.fr\/wp-content\/uploads\/2023\/04\/Chanca-Piedra-Phyllantus-niuri.jpg","type":"image\/jpeg"}],"twitter_card":"summary_large_image","twitter_misc":{"Tempo estimado de leitura":"3 minutos"},"schema":{"@context":"https:\/\/schema.org","@graph":[{"@type":"WebPage","@id":"https:\/\/www.safinel.fr\/produit\/chanca-piedra\/","url":"https:\/\/www.safinel.fr\/produit\/chanca-piedra\/","name":"Chanca Piedra I Ideal contra o \u00e1cido \u00farico e c\u00e1lculos renais","isPartOf":{"@id":"https:\/\/www.safinel.fr\/#website"},"primaryImageOfPage":{"@id":"https:\/\/www.safinel.fr\/produit\/chanca-piedra\/#primaryimage"},"image":{"@id":"https:\/\/www.safinel.fr\/produit\/chanca-piedra\/#primaryimage"},"thumbnailUrl":"https:\/\/www.safinel.fr\/wp-content\/uploads\/2023\/04\/Chanca-Piedra-Phyllantus-niuri.jpg","datePublished":"2023-04-09T18:41:43+00:00","dateModified":"2023-12-28T17:15:54+00:00","description":"A Chanca Piedra \u00e9 conhecida pelos seus benef\u00edcios para a sa\u00fade, especialmente no tratamento de problemas relacionados com o \u00e1cido \u00farico e c\u00e1lculos renais.","breadcrumb":{"@id":"https:\/\/www.safinel.fr\/produit\/chanca-piedra\/#breadcrumb"},"inLanguage":"pt-PT","potentialAction":[{"@type":"ReadAction","target":["https:\/\/www.safinel.fr\/produit\/chanca-piedra\/"]}]},{"@type":"ImageObject","inLanguage":"pt-PT","@id":"https:\/\/www.safinel.fr\/produit\/chanca-piedra\/#primaryimage","url":"https:\/\/www.safinel.fr\/wp-content\/uploads\/2023\/04\/Chanca-Piedra-Phyllantus-niuri.jpg","contentUrl":"https:\/\/www.safinel.fr\/wp-content\/uploads\/2023\/04\/Chanca-Piedra-Phyllantus-niuri.jpg","width":600,"height":600,"caption":"Chanca Piedra (Phyllantus niuri)"},{"@type":"BreadcrumbList","@id":"https:\/\/www.safinel.fr\/produit\/chanca-piedra\/#breadcrumb","itemListElement":[{"@type":"ListItem","position":1,"name":"Accueil","item":"https:\/\/www.safinel.fr\/"},{"@type":"ListItem","position":2,"name":"Boutique","item":"https:\/\/www.safinel.fr\/boutique\/"},{"@type":"ListItem","position":3,"name":"Chanca Piedra (Phyllantus niuri)"}]},{"@type":"WebSite","@id":"https:\/\/www.safinel.fr\/#website","url":"https:\/\/www.safinel.fr\/","name":"Safinel","description":"","publisher":{"@id":"https:\/\/www.safinel.fr\/#organization"},"potentialAction":[{"@type":"SearchAction","target":{"@type":"EntryPoint","urlTemplate":"https:\/\/www.safinel.fr\/?s={search_term_string}"},"query-input":{"@type":"PropertyValueSpecification","valueRequired":true,"valueName":"search_term_string"}}],"inLanguage":"pt-PT"},{"@type":"Organization","@id":"https:\/\/www.safinel.fr\/#organization","name":"Safinel","url":"https:\/\/www.safinel.fr\/","logo":{"@type":"ImageObject","inLanguage":"pt-PT","@id":"https:\/\/www.safinel.fr\/#\/schema\/logo\/image\/","url":"https:\/\/www.safinel.fr\/wp-content\/uploads\/2021\/05\/boutique-cosmetique.png","contentUrl":"https:\/\/www.safinel.fr\/wp-content\/uploads\/2021\/05\/boutique-cosmetique.png","width":800,"height":200,"caption":"Safinel"},"image":{"@id":"https:\/\/www.safinel.fr\/#\/schema\/logo\/image\/"}}]}},"_links":{"self":[{"href":"https:\/\/www.safinel.fr\/pt\/wp-json\/wp\/v2\/product\/5411","targetHints":{"allow":["GET"]}}],"collection":[{"href":"https:\/\/www.safinel.fr\/pt\/wp-json\/wp\/v2\/product"}],"about":[{"href":"https:\/\/www.safinel.fr\/pt\/wp-json\/wp\/v2\/types\/product"}],"wp:featuredmedia":[{"embeddable":true,"href":"https:\/\/www.safinel.fr\/pt\/wp-json\/wp\/v2\/media\/5412"}],"wp:attachment":[{"href":"https:\/\/www.safinel.fr\/pt\/wp-json\/wp\/v2\/media?parent=5411"}],"wp:term":[{"taxonomy":"product_brand","embeddable":true,"href":"https:\/\/www.safinel.fr\/pt\/wp-json\/wp\/v2\/product_brand?post=5411"},{"taxonomy":"product_cat","embeddable":true,"href":"https:\/\/www.safinel.fr\/pt\/wp-json\/wp\/v2\/product_cat?post=5411"},{"taxonomy":"product_tag","embeddable":true,"href":"https:\/\/www.safinel.fr\/pt\/wp-json\/wp\/v2\/product_tag?post=5411"}],"curies":[{"name":"wp","href":"https:\/\/api.w.org\/{rel}","templated":true}]}}