{"id":5351,"date":"2023-04-08T08:23:01","date_gmt":"2023-04-08T08:23:01","guid":{"rendered":"https:\/\/www.safinel.fr\/?post_type=product&#038;p=5351"},"modified":"2023-12-30T12:01:00","modified_gmt":"2023-12-30T12:01:00","slug":"pinca-peniana","status":"publish","type":"product","link":"https:\/\/www.safinel.fr\/pt\/product-2\/pinca-peniana\/","title":{"rendered":"Pin\u00e7a peniana para incontin\u00eancia masculina"},"content":{"rendered":"<p>A incontin\u00eancia \u00e9 uma condi\u00e7\u00e3o que afeta muitos homens em todo o mundo. \u00c9 caracterizada por perdas urin\u00e1rias incontrol\u00e1veis. Isso pode causar constrangimento e desconforto em quem sofre dessa condi\u00e7\u00e3o. A perda de urina pode ser causada por v\u00e1rios fatores, incluindo a idade avan\u00e7ada, problemas de sa\u00fade subjacentes ou um esf\u00edncter defeituoso. Entre as solu\u00e7\u00f5es dispon\u00edveis para remediar esses problemas, encontra-se a pin\u00e7a peniana, um dispositivo m\u00e9dico que permite controlar a perda de urina nos homens.<\/p>\n<p>Existem tamb\u00e9m solu\u00e7\u00f5es para tratar a urina espumosa, outro problema relacionado com a bexiga que pode afetar pessoas que sofrem de incontin\u00eancia. Neste artigo, explicaremos tudo o que precisa de saber sobre estes dois problemas e como resolv\u00ea-los com um dispositivo anti-fugas urin\u00e1rias para homens.<\/p>\n<h2><strong>A pin\u00e7a peniana: uma solu\u00e7\u00e3o eficaz contra a incontin\u00eancia urin\u00e1ria<\/strong><\/h2>\n<h3><strong>O que \u00e9 uma pin\u00e7a peniana?<\/strong><\/h3>\n<p>Uma pin\u00e7a peniana \u00e9 um dispositivo m\u00e9dico especialmente concebido para ajudar os homens a controlar a incontin\u00eancia urin\u00e1ria atrav\u00e9s da compress\u00e3o. <a href=\"https:\/\/www.safinel.fr\/pt\/product-2\/creme-bazooka\/\"><strong>a uretra<\/strong><\/a>. Este dispositivo, tamb\u00e9m chamado de pin\u00e7a peniana, \u00e9 geralmente utilizado em <strong>homens<\/strong> cujo esf\u00edncter est\u00e1 com defeito ou que foram submetidos a uma prostatectomia.<\/p>\n<h2><strong>Como funciona a pin\u00e7a peniana?<\/strong><\/h2>\n<p>A pin\u00e7a peniana \u00e9 colocada ao redor do p\u00e9nis e exerce press\u00e3o sobre a uretra para bloquear temporariamente a passagem. Assim, quando o homem sente necessidade de urinar, pode retirar a pin\u00e7a para permitir que a urina seja eliminada normalmente. Depois de terminar, basta recolocar a pin\u00e7a para controlar as perdas urin\u00e1rias.<\/p>\n<h3><strong>Aqui est\u00e3o algumas vantagens da pin\u00e7a peniana:<\/strong><\/h3>\n<ul>\n<li>\u00c9 f\u00e1cil de usar e pode ser implementada rapidamente.<\/li>\n<li>\u00c9 discreto e n\u00e3o se nota sob a roupa.<\/li>\n<li>A pin\u00e7a peniana \u00e9 reutiliz\u00e1vel e pode ser facilmente limpa ap\u00f3s o uso.<\/li>\n<\/ul>\n<p>No entanto, \u00e9 importante notar que a pin\u00e7a peniana deve sempre ser removida durante a mic\u00e7\u00e3o, a fim de evitar complica\u00e7\u00f5es m\u00e9dicas, como infec\u00e7\u00f5es urin\u00e1rias ou danos aos tecidos penianos.<\/p>\n<h3><strong>Como resolver o problema da urina espumosa?<\/strong><\/h3>\n<p>Se tem urina espumosa, \u00e9 importante consultar o seu m\u00e9dico, que poder\u00e1 indicar as solu\u00e7\u00f5es adequadas \u00e0 sua situa\u00e7\u00e3o. Entre os tratamentos poss\u00edveis, encontram-se:<\/p>\n<ul>\n<li>Tomar medicamentos para reduzir a produ\u00e7\u00e3o de prote\u00ednas nos rins.<\/li>\n<li>Ajustar a dieta para diminuir a quantidade de prote\u00ednas consumidas.<\/li>\n<li>Controlo das doen\u00e7as subjacentes que podem contribuir para o problema da urina espumosa, como hipertens\u00e3o arterial ou diabetes.<\/li>\n<\/ul>\n<h3><strong>Um dispositivo anti-perda urin\u00e1ria para homens: uma solu\u00e7\u00e3o global<\/strong><\/h3>\n<p>Para homens que sofrem de incontin\u00eancia, o uso de um dispositivo anti-fuga urin\u00e1ria para homens pode ser uma solu\u00e7\u00e3o eficaz. Isto para evitar problemas relacionados com fugas urin\u00e1rias e urina espumosa. Estes dispositivos podem assumir diferentes formas, tais como pin\u00e7as penianas. As conchas para homens ou ainda as fraldas especialmente concebidas para adultos. Estes dispositivos apresentam in\u00fameras vantagens, nomeadamente:<\/p>\n<ul>\n<li>A facilidade de utiliza\u00e7\u00e3o e a rapidez de implementa\u00e7\u00e3o.<\/li>\n<li>Discri\u00e7\u00e3o sob a roupa, permitindo ao utilizador levar uma vida normal sem se preocupar com perdas de urina.<\/li>\n<li>Prote\u00e7\u00e3o contra problemas de sa\u00fade relacionados com perdas de urina e urina espumosa. Tais como infe\u00e7\u00f5es urin\u00e1rias, irrita\u00e7\u00f5es cut\u00e2neas ou ainda altera\u00e7\u00e3o da qualidade de vida.<\/li>\n<li>A possibilidade de escolher um dispositivo adequado \u00e0s suas necessidades e ao seu estilo de vida.<\/li>\n<\/ul>\n<p>Em conclus\u00e3o, se sofre de incontin\u00eancia urin\u00e1ria, n\u00e3o hesite em informar-se sobre as solu\u00e7\u00f5es existentes e consultar o seu m\u00e9dico. Um dispositivo anti-incontin\u00eancia urin\u00e1ria para homens pode melhorar significativamente a sua qualidade de vida e permitir-lhe recuperar alguma serenidade face a estes problemas.<\/p>","protected":false},"excerpt":{"rendered":"<p><strong>Caracter\u00edsticas:<\/strong><\/p>\n<ul>\n<li>A facilidade de utiliza\u00e7\u00e3o e a rapidez de implementa\u00e7\u00e3o.<\/li>\n<li>Discri\u00e7\u00e3o sob a roupa, permitindo ao utilizador levar uma vida normal sem se preocupar com perdas de urina.<\/li>\n<li>Prote\u00e7\u00e3o contra problemas de sa\u00fade relacionados com perdas de urina e urina espumosa. Tais como infe\u00e7\u00f5es urin\u00e1rias, irrita\u00e7\u00f5es cut\u00e2neas ou ainda altera\u00e7\u00e3o da qualidade de vida.<\/li>\n<li>A possibilidade de escolher um dispositivo adequado \u00e0s suas necessidades e ao seu estilo de vida.<\/li>\n<\/ul>\n<p><img decoding=\"async\" class=\"size-full wp-image-5091 aligncenter\" src=\"https:\/\/www.safinel.fr\/wp-content\/uploads\/2021\/06\/BANNIERE-ICONE-SAFINEL.webp\" alt=\"resseguro satinado\" width=\"800\" height=\"200\" srcset=\"https:\/\/www.safinel.fr\/wp-content\/uploads\/2021\/06\/BANNIERE-ICONE-SAFINEL.webp 800w, https:\/\/www.safinel.fr\/wp-content\/uploads\/2021\/06\/BANNIERE-ICONE-SAFINEL-600x150.webp 600w, https:\/\/www.safinel.fr\/wp-content\/uploads\/2021\/06\/BANNIERE-ICONE-SAFINEL-768x192.webp 768w\" sizes=\"(max-width: 800px) 100vw, 800px\" \/><\/p>","protected":false},"featured_media":5354,"template":"","meta":[],"product_brand":[],"product_cat":[131],"product_tag":[],"class_list":{"0":"post-5351","1":"product","2":"type-product","3":"status-publish","4":"has-post-thumbnail","6":"product_cat-intimite-masculine","8":"first","9":"instock","10":"shipping-taxable","11":"purchasable","12":"product-type-simple"},"yoast_head":"<!-- This site is optimized with the Yoast SEO plugin v26.6 - https:\/\/yoast.com\/wordpress\/plugins\/seo\/ -->\n<title>Pince P\u00e9nienne I Anti-fuite urinaire pour homme I Achat s\u00e9curis\u00e9<\/title>\n<meta name=\"description\" content=\"L&#039;incontinence\u00a0est une affection qui touche de nombreux hommes dans le monde entier. D\u00e9couvrez la pince p\u00e9nienne sans plus attendre !\" \/>\n<meta name=\"robots\" content=\"index, follow, max-snippet:-1, max-image-preview:large, max-video-preview:-1\" \/>\n<link rel=\"canonical\" href=\"https:\/\/www.safinel.fr\/pt\/product-2\/pinca-peniana\/\" \/>\n<meta property=\"og:locale\" content=\"pt_PT\" \/>\n<meta property=\"og:type\" content=\"article\" \/>\n<meta property=\"og:title\" content=\"Pince P\u00e9nienne I Anti-fuite urinaire pour homme I Achat s\u00e9curis\u00e9\" \/>\n<meta property=\"og:description\" content=\"L&#039;incontinence\u00a0est une affection qui touche de nombreux hommes dans le monde entier. D\u00e9couvrez la pince p\u00e9nienne sans plus attendre !\" \/>\n<meta property=\"og:url\" content=\"https:\/\/www.safinel.fr\/pt\/product-2\/pinca-peniana\/\" \/>\n<meta property=\"og:site_name\" content=\"Safinel\" \/>\n<meta property=\"article:modified_time\" content=\"2023-12-30T12:01:00+00:00\" \/>\n<meta property=\"og:image\" content=\"https:\/\/www.safinel.fr\/wp-content\/uploads\/2023\/04\/Pince-Penienne-pour-incontinence-masculine.jpg\" \/>\n\t<meta property=\"og:image:width\" content=\"600\" \/>\n\t<meta property=\"og:image:height\" content=\"600\" \/>\n\t<meta property=\"og:image:type\" content=\"image\/jpeg\" \/>\n<meta name=\"twitter:card\" content=\"summary_large_image\" \/>\n<meta name=\"twitter:label1\" content=\"Tempo estimado de leitura\" \/>\n\t<meta name=\"twitter:data1\" content=\"3 minutos\" \/>\n<script type=\"application\/ld+json\" class=\"yoast-schema-graph\">{\"@context\":\"https:\/\/schema.org\",\"@graph\":[{\"@type\":\"WebPage\",\"@id\":\"https:\/\/www.safinel.fr\/produit\/pince-penienne\/\",\"url\":\"https:\/\/www.safinel.fr\/produit\/pince-penienne\/\",\"name\":\"Pince P\u00e9nienne I Anti-fuite urinaire pour homme I Achat s\u00e9curis\u00e9\",\"isPartOf\":{\"@id\":\"https:\/\/www.safinel.fr\/#website\"},\"primaryImageOfPage\":{\"@id\":\"https:\/\/www.safinel.fr\/produit\/pince-penienne\/#primaryimage\"},\"image\":{\"@id\":\"https:\/\/www.safinel.fr\/produit\/pince-penienne\/#primaryimage\"},\"thumbnailUrl\":\"https:\/\/www.safinel.fr\/wp-content\/uploads\/2023\/04\/Pince-Penienne-pour-incontinence-masculine.jpg\",\"datePublished\":\"2023-04-08T08:23:01+00:00\",\"dateModified\":\"2023-12-30T12:01:00+00:00\",\"description\":\"L'incontinence\u00a0est une affection qui touche de nombreux hommes dans le monde entier. D\u00e9couvrez la pince p\u00e9nienne sans plus attendre !\",\"breadcrumb\":{\"@id\":\"https:\/\/www.safinel.fr\/produit\/pince-penienne\/#breadcrumb\"},\"inLanguage\":\"pt-PT\",\"potentialAction\":[{\"@type\":\"ReadAction\",\"target\":[\"https:\/\/www.safinel.fr\/produit\/pince-penienne\/\"]}]},{\"@type\":\"ImageObject\",\"inLanguage\":\"pt-PT\",\"@id\":\"https:\/\/www.safinel.fr\/produit\/pince-penienne\/#primaryimage\",\"url\":\"https:\/\/www.safinel.fr\/wp-content\/uploads\/2023\/04\/Pince-Penienne-pour-incontinence-masculine.jpg\",\"contentUrl\":\"https:\/\/www.safinel.fr\/wp-content\/uploads\/2023\/04\/Pince-Penienne-pour-incontinence-masculine.jpg\",\"width\":600,\"height\":600,\"caption\":\"Pince P\u00e9nienne pour incontinence masculine\"},{\"@type\":\"BreadcrumbList\",\"@id\":\"https:\/\/www.safinel.fr\/produit\/pince-penienne\/#breadcrumb\",\"itemListElement\":[{\"@type\":\"ListItem\",\"position\":1,\"name\":\"Accueil\",\"item\":\"https:\/\/www.safinel.fr\/\"},{\"@type\":\"ListItem\",\"position\":2,\"name\":\"Boutique\",\"item\":\"https:\/\/www.safinel.fr\/boutique\/\"},{\"@type\":\"ListItem\",\"position\":3,\"name\":\"Pince p\u00e9nienne pour incontinence masculine\"}]},{\"@type\":\"WebSite\",\"@id\":\"https:\/\/www.safinel.fr\/#website\",\"url\":\"https:\/\/www.safinel.fr\/\",\"name\":\"Safinel\",\"description\":\"\",\"publisher\":{\"@id\":\"https:\/\/www.safinel.fr\/#organization\"},\"potentialAction\":[{\"@type\":\"SearchAction\",\"target\":{\"@type\":\"EntryPoint\",\"urlTemplate\":\"https:\/\/www.safinel.fr\/?s={search_term_string}\"},\"query-input\":{\"@type\":\"PropertyValueSpecification\",\"valueRequired\":true,\"valueName\":\"search_term_string\"}}],\"inLanguage\":\"pt-PT\"},{\"@type\":\"Organization\",\"@id\":\"https:\/\/www.safinel.fr\/#organization\",\"name\":\"Safinel\",\"url\":\"https:\/\/www.safinel.fr\/\",\"logo\":{\"@type\":\"ImageObject\",\"inLanguage\":\"pt-PT\",\"@id\":\"https:\/\/www.safinel.fr\/#\/schema\/logo\/image\/\",\"url\":\"https:\/\/www.safinel.fr\/wp-content\/uploads\/2021\/05\/boutique-cosmetique.png\",\"contentUrl\":\"https:\/\/www.safinel.fr\/wp-content\/uploads\/2021\/05\/boutique-cosmetique.png\",\"width\":800,\"height\":200,\"caption\":\"Safinel\"},\"image\":{\"@id\":\"https:\/\/www.safinel.fr\/#\/schema\/logo\/image\/\"}}]}<\/script>\n<!-- \/ Yoast SEO plugin. -->","yoast_head_json":{"title":"Pin\u00e7a peniana I Anti-perda urin\u00e1ria para homens I Compra segura","description":"A incontin\u00eancia \u00e9 uma condi\u00e7\u00e3o que afeta muitos homens em todo o mundo. Descubra j\u00e1 a pin\u00e7a peniana!","robots":{"index":"index","follow":"follow","max-snippet":"max-snippet:-1","max-image-preview":"max-image-preview:large","max-video-preview":"max-video-preview:-1"},"canonical":"https:\/\/www.safinel.fr\/pt\/product-2\/pinca-peniana\/","og_locale":"pt_PT","og_type":"article","og_title":"Pince P\u00e9nienne I Anti-fuite urinaire pour homme I Achat s\u00e9curis\u00e9","og_description":"L'incontinence\u00a0est une affection qui touche de nombreux hommes dans le monde entier. D\u00e9couvrez la pince p\u00e9nienne sans plus attendre !","og_url":"https:\/\/www.safinel.fr\/pt\/product-2\/pinca-peniana\/","og_site_name":"Safinel","article_modified_time":"2023-12-30T12:01:00+00:00","og_image":[{"width":600,"height":600,"url":"https:\/\/www.safinel.fr\/wp-content\/uploads\/2023\/04\/Pince-Penienne-pour-incontinence-masculine.jpg","type":"image\/jpeg"}],"twitter_card":"summary_large_image","twitter_misc":{"Tempo estimado de leitura":"3 minutos"},"schema":{"@context":"https:\/\/schema.org","@graph":[{"@type":"WebPage","@id":"https:\/\/www.safinel.fr\/produit\/pince-penienne\/","url":"https:\/\/www.safinel.fr\/produit\/pince-penienne\/","name":"Pin\u00e7a peniana I Anti-perda urin\u00e1ria para homens I Compra segura","isPartOf":{"@id":"https:\/\/www.safinel.fr\/#website"},"primaryImageOfPage":{"@id":"https:\/\/www.safinel.fr\/produit\/pince-penienne\/#primaryimage"},"image":{"@id":"https:\/\/www.safinel.fr\/produit\/pince-penienne\/#primaryimage"},"thumbnailUrl":"https:\/\/www.safinel.fr\/wp-content\/uploads\/2023\/04\/Pince-Penienne-pour-incontinence-masculine.jpg","datePublished":"2023-04-08T08:23:01+00:00","dateModified":"2023-12-30T12:01:00+00:00","description":"A incontin\u00eancia \u00e9 uma condi\u00e7\u00e3o que afeta muitos homens em todo o mundo. Descubra j\u00e1 a pin\u00e7a peniana!","breadcrumb":{"@id":"https:\/\/www.safinel.fr\/produit\/pince-penienne\/#breadcrumb"},"inLanguage":"pt-PT","potentialAction":[{"@type":"ReadAction","target":["https:\/\/www.safinel.fr\/produit\/pince-penienne\/"]}]},{"@type":"ImageObject","inLanguage":"pt-PT","@id":"https:\/\/www.safinel.fr\/produit\/pince-penienne\/#primaryimage","url":"https:\/\/www.safinel.fr\/wp-content\/uploads\/2023\/04\/Pince-Penienne-pour-incontinence-masculine.jpg","contentUrl":"https:\/\/www.safinel.fr\/wp-content\/uploads\/2023\/04\/Pince-Penienne-pour-incontinence-masculine.jpg","width":600,"height":600,"caption":"Pince P\u00e9nienne pour incontinence masculine"},{"@type":"BreadcrumbList","@id":"https:\/\/www.safinel.fr\/produit\/pince-penienne\/#breadcrumb","itemListElement":[{"@type":"ListItem","position":1,"name":"Accueil","item":"https:\/\/www.safinel.fr\/"},{"@type":"ListItem","position":2,"name":"Boutique","item":"https:\/\/www.safinel.fr\/boutique\/"},{"@type":"ListItem","position":3,"name":"Pince p\u00e9nienne pour incontinence masculine"}]},{"@type":"WebSite","@id":"https:\/\/www.safinel.fr\/#website","url":"https:\/\/www.safinel.fr\/","name":"Safinel","description":"","publisher":{"@id":"https:\/\/www.safinel.fr\/#organization"},"potentialAction":[{"@type":"SearchAction","target":{"@type":"EntryPoint","urlTemplate":"https:\/\/www.safinel.fr\/?s={search_term_string}"},"query-input":{"@type":"PropertyValueSpecification","valueRequired":true,"valueName":"search_term_string"}}],"inLanguage":"pt-PT"},{"@type":"Organization","@id":"https:\/\/www.safinel.fr\/#organization","name":"Safinel","url":"https:\/\/www.safinel.fr\/","logo":{"@type":"ImageObject","inLanguage":"pt-PT","@id":"https:\/\/www.safinel.fr\/#\/schema\/logo\/image\/","url":"https:\/\/www.safinel.fr\/wp-content\/uploads\/2021\/05\/boutique-cosmetique.png","contentUrl":"https:\/\/www.safinel.fr\/wp-content\/uploads\/2021\/05\/boutique-cosmetique.png","width":800,"height":200,"caption":"Safinel"},"image":{"@id":"https:\/\/www.safinel.fr\/#\/schema\/logo\/image\/"}}]}},"_links":{"self":[{"href":"https:\/\/www.safinel.fr\/pt\/wp-json\/wp\/v2\/product\/5351","targetHints":{"allow":["GET"]}}],"collection":[{"href":"https:\/\/www.safinel.fr\/pt\/wp-json\/wp\/v2\/product"}],"about":[{"href":"https:\/\/www.safinel.fr\/pt\/wp-json\/wp\/v2\/types\/product"}],"wp:featuredmedia":[{"embeddable":true,"href":"https:\/\/www.safinel.fr\/pt\/wp-json\/wp\/v2\/media\/5354"}],"wp:attachment":[{"href":"https:\/\/www.safinel.fr\/pt\/wp-json\/wp\/v2\/media?parent=5351"}],"wp:term":[{"taxonomy":"product_brand","embeddable":true,"href":"https:\/\/www.safinel.fr\/pt\/wp-json\/wp\/v2\/product_brand?post=5351"},{"taxonomy":"product_cat","embeddable":true,"href":"https:\/\/www.safinel.fr\/pt\/wp-json\/wp\/v2\/product_cat?post=5351"},{"taxonomy":"product_tag","embeddable":true,"href":"https:\/\/www.safinel.fr\/pt\/wp-json\/wp\/v2\/product_tag?post=5351"}],"curies":[{"name":"wp","href":"https:\/\/api.w.org\/{rel}","templated":true}]}}