{"id":534,"date":"2021-11-13T13:47:52","date_gmt":"2021-11-13T13:47:52","guid":{"rendered":"https:\/\/www.safinel.fr\/?post_type=product&#038;p=534"},"modified":"2024-01-17T11:41:12","modified_gmt":"2024-01-17T11:41:12","slug":"folhas-de-fumbwa","status":"publish","type":"product","link":"https:\/\/www.safinel.fr\/pt\/product-2\/folhas-de-fumbwa\/","title":{"rendered":"Folhas de fumbwa"},"content":{"rendered":"<p>E se part\u00edssemos \u00e0 descoberta de uma planta que muitos adoram e que tem m\u00faltiplas utiliza\u00e7\u00f5es? Conhecida em Fran\u00e7a pelo nome de \u00ab\u00a0<strong>gnetum africanum<\/strong>\u00ab , o\u00a0<strong>fumbwa<\/strong>\u00a0\u00e9 uma liana florestal. \u00c9 facilmente encontrada na \u00c1sia (tropical e subtropical), na Am\u00e9rica do Sul, mas tamb\u00e9m na \u00c1frica Central. Mas quais s\u00e3o os seus benef\u00edcios? Por que \u00e9 utilizada? Vamos explicar!<\/p>\n<h2><strong>A incontorn\u00e1vel africana\u00a0<\/strong><\/h2>\n<p>Primeiro, \u00e9 necess\u00e1rio fazer uma pequena apresenta\u00e7\u00e3o. Dependendo do pa\u00eds, o fumbwa n\u00e3o tem a mesma denomina\u00e7\u00e3o. Sim, fala-se de\u2019<strong>Ok, ok.<\/strong>\u00a0na parte franc\u00f3fona dos Camar\u00f5es e<strong>\u00a0de Eru<\/strong>\u00a0para os falantes de ingl\u00eas. Mas tamb\u00e9m de\u00a0<strong>Koko<\/strong>\u00a0no Gab\u00e3o, Angola<strong>,\u00a0<\/strong>Congo, Rep\u00fablica Centro-Africana, d\u2019<strong>Afang<\/strong>\u00a0para certas tribos da Nig\u00e9ria ou ainda de\u2019<strong>Ukazi<\/strong>\u00a0para outros.<\/p>\n<p>No entanto, mesmo que o seu nome difira de um local para outro, esta planta verde de textura dura \u00e9 cobi\u00e7ada pelas suas diversas virtudes. De facto, quer sejam\u00a0<strong>culin\u00e1rio<\/strong>,\u00a0<strong>medicinal<\/strong>\u00a0ou\u00a0<strong>est\u00e9tica<\/strong>\u00a0O fumbwa \u00e9 unanimidade!<\/p>\n<p>Al\u00e9m disso, constitui um canal comercial muito\u00a0<strong>lucrativo<\/strong>. De facto, apreciada e consumida principalmente\u00a0<strong>localmente<\/strong>, a planta tamb\u00e9m \u00e9\u00a0<strong>exportada<\/strong>\u00a0do Camar\u00f5es, Gab\u00e3o, Congo, Rep\u00fablica Centro-Africana, nomeadamente na Nig\u00e9ria, e at\u00e9 mesmo na Fran\u00e7a, nos Estados Unidos e no Reino Unido.<\/p>\n<h2><strong>O fumbwa, um prato muito cobi\u00e7ado\u00a0<\/strong><\/h2>\n<p>Consumidas frescas, as folhas de\u00a0<strong>fumbwa<\/strong>\u00a0s\u00e3o consideradas como um verdadeiro\u00a0<strong>vegetal<\/strong>\u00a0na cozinha. Muitas vezes, s\u00e3o acompanhadas por carne ou peixe, quando n\u00e3o s\u00e3o substitutas destes, devido \u00e0 sua densidade. Caso contr\u00e1rio, o fumbwa combina bem num tipo de guisado com pasta de amendoim e \u00f3leo de palma vermelho. \u00c9 um ingrediente importante nas regi\u00f5es africanas, que existe em v\u00e1rias vers\u00f5es.\u00a0<strong>doce<\/strong>\u00a0ou\u00a0<strong>salgada<\/strong>.<\/p>\n<p>Para os mais pacientes, tamb\u00e9m \u00e9 poss\u00edvel consumir as folhas desta esp\u00e9cie \u00ab\u00a0<strong>de espinafre selvagem<\/strong>\u00a0\u00bb posteriormente. Para isso, depois de picados, basta sec\u00e1-los e conserv\u00e1-los bem. As sementes, a polpa do fruto e at\u00e9 mesmo os tub\u00e9rculos podem ser comest\u00edveis.<\/p>\n<p>Al\u00e9m disso, o\u00a0<strong>fumbwa<\/strong>\u00a0est\u00e1 repleto de\u00a0<strong>qualidades<\/strong>\u00a0<strong>nutricionais<\/strong>, pois cont\u00e9m um elevado teor de prote\u00ednas, fibras e at\u00e9 calorias.<\/p>\n<p>E como somos generosos, aqui vai uma ideia de\u00a0<strong>receita<\/strong>\u00a0!<\/p>\n<h3><strong>Para os ingredientes, voc\u00ea precisar\u00e1 de:<\/strong><\/h3>\n<p>1 saquinho de folhas de fumbwa<\/p>\n<p>1 cebola<\/p>\n<p>3 dentes de alho<\/p>\n<p>3 tomates<\/p>\n<p>Sal, pimenta, folhas de louro<\/p>\n<p>Um pouco de pimenta, a gosto<\/p>\n<p>125 gramas de pasta de amendoim<\/p>\n<p>2 a 3 colheres de\u2019<a href=\"https:\/\/fr.wikipedia.org\/wiki\/Huile_de_palme\" target=\"_blank\" rel=\"noopener\"><strong>\u00f3leo de palma<\/strong><\/a><\/p>\n<p>Carne<\/p>\n<h3><strong>Prepara\u00e7\u00e3o<\/strong>\u00a0:<\/h3>\n<p>Primeiro, lave as folhas de fumbwa.<\/p>\n<p>Em seguida, ferva-os em uma grande quantidade de \u00e1gua por pelo menos 30 minutos.<\/p>\n<p>Em seguida, refogue a cebola e o alho na \u00f3leo de palma.<\/p>\n<p>Em seguida, adicione a carne e os tomates cortados em peda\u00e7os.<\/p>\n<p>Tempere com as suas especiarias e a malagueta.<\/p>\n<p>Por fim, despeje a mistura na panela com as folhas de fumbwa e acrescente tamb\u00e9m a pasta de amendoim.<\/p>\n<p>Pode sabore\u00e1-lo acompanhado de arroz ou fufu, por exemplo.<\/p>\n<h2><strong>O fumbwa, uma planta que lhe faz bem<\/strong><\/h2>\n<p>Al\u00e9m de ser muito apreciada, esta planta com m\u00faltiplos benef\u00edcios tamb\u00e9m \u00e9 aclamada como\u00a0<strong>parceiro de sa\u00fade<\/strong>.<\/p>\n<p>\u00c9 claro que, mesmo que ela continue natural, recomendamos que solicite\u00a0<strong>consulte o seu m\u00e9dico\u00a0<\/strong>antes de utiliz\u00e1-lo. No entanto, eis alguns exemplos:<\/p>\n<p>Para come\u00e7ar, na Nig\u00e9ria, entre outros pa\u00edses, diferentes causas de dores e doen\u00e7as levam ao seu consumo:<\/p>\n<ul>\n<li>Hemorr\u00f3idas,<\/li>\n<li>Hipertens\u00e3o arterial,<\/li>\n<li>A dilata\u00e7\u00e3o do ba\u00e7o,<\/li>\n<li>Dor de garganta,<\/li>\n<li>O estre\u00f1imento.<\/li>\n<\/ul>\n<p>Na Rep\u00fablica Centro-Africana, as folhas s\u00e3o consumidas como:<\/p>\n<ul>\n<li>Tratamento contra n\u00e1useas e<\/li>\n<li>Para remover a contamina\u00e7\u00e3o de certos venenos, uma esp\u00e9cie de ant\u00eddoto.<\/li>\n<\/ul>\n<p>No Camar\u00f5es, aproveita-se os benef\u00edcios do fumbwa e mastiga-se para:<\/p>\n<ul>\n<li>Diminuir os efeitos da embriaguez,<\/li>\n<li>Combater a obstipa\u00e7\u00e3o,<\/li>\n<li>Aliviar as dores e facilitar o parto,<\/li>\n<li>Erradicar fur\u00fanculos e micoses nos dedos.<\/li>\n<\/ul>\n<p>Al\u00e9m disso, de acordo com alguns estudos, foi comprovado que a planta tem propriedades\u00a0<strong>antibacteriana<\/strong>\u00a0e\u00a0<strong>anti-inflamat\u00f3rio.<\/strong><\/p>\n<p>Por fim, o fumbwa tamb\u00e9m \u00e9 usado para a\u00a0<strong>beleza dos cabelos<\/strong>. Em massa, da mesma forma que a\u00a0<a href=\"https:\/\/www.safinel.fr\/pt\/product-2\/po-de-chebe-100-g\/\"><strong>p\u00f3 de ch\u00e9b\u00e9<\/strong><\/a>\u00a0que pode encontrar na nossa loja online!<\/p>","protected":false},"excerpt":{"rendered":"<p>E se part\u00edssemos \u00e0 descoberta de uma planta que muitos adoram e que tem m\u00faltiplas utiliza\u00e7\u00f5es? Conhecida em Fran\u00e7a pelo nome de \u00abgnetum africanum\u00ab, a fumbwa \u00e9 uma liana florestal. \u00c9 f\u00e1cil encontr\u00e1-la na \u00c1sia (tropical e subtropical), na Am\u00e9rica do Sul, mas tamb\u00e9m na \u00c1frica Central. Mas quais s\u00e3o os seus benef\u00edcios? Por que \u00e9 que ela \u00e9 [\u2026]","protected":false},"featured_media":535,"template":"","meta":[],"product_brand":[],"product_cat":[27],"product_tag":[],"class_list":{"0":"post-534","1":"product","2":"type-product","3":"status-publish","4":"has-post-thumbnail","6":"product_cat-plantes-medicinales","8":"first","9":"instock","10":"shipping-taxable","11":"purchasable","12":"product-type-variable"},"yoast_head":"<!-- This site is optimized with the Yoast SEO plugin v26.6 - https:\/\/yoast.com\/wordpress\/plugins\/seo\/ -->\n<title>Fumbwa | Okok ou Eru | Plante naturelle aux nombreux bienfaits<\/title>\n<meta name=\"description\" content=\"Connue en France sous l&#039;appellation &quot;gnetum africanum&quot;, le\u00a0fumbwa\u00a0est une liane foresti\u00e8re. Achetez vos feuilles de fumbwa en quelques clics.\" \/>\n<meta name=\"robots\" content=\"index, follow, max-snippet:-1, max-image-preview:large, max-video-preview:-1\" \/>\n<link rel=\"canonical\" href=\"https:\/\/www.safinel.fr\/pt\/product-2\/folhas-de-fumbwa\/\" \/>\n<meta property=\"og:locale\" content=\"pt_PT\" \/>\n<meta property=\"og:type\" content=\"article\" \/>\n<meta property=\"og:title\" content=\"Fumbwa | Okok ou Eru | Plante naturelle aux nombreux bienfaits\" \/>\n<meta property=\"og:description\" content=\"Connue en France sous l&#039;appellation &quot;gnetum africanum&quot;, le\u00a0fumbwa\u00a0est une liane foresti\u00e8re. Achetez vos feuilles de fumbwa en quelques clics.\" \/>\n<meta property=\"og:url\" content=\"https:\/\/www.safinel.fr\/pt\/product-2\/folhas-de-fumbwa\/\" \/>\n<meta property=\"og:site_name\" content=\"Safinel\" \/>\n<meta property=\"article:modified_time\" content=\"2024-01-17T11:41:12+00:00\" \/>\n<meta property=\"og:image\" content=\"https:\/\/www.safinel.fr\/wp-content\/uploads\/2021\/11\/Feuilles-de-Fumbwa.jpg\" \/>\n\t<meta property=\"og:image:width\" content=\"600\" \/>\n\t<meta property=\"og:image:height\" content=\"600\" \/>\n\t<meta property=\"og:image:type\" content=\"image\/jpeg\" \/>\n<meta name=\"twitter:card\" content=\"summary_large_image\" \/>\n<meta name=\"twitter:label1\" content=\"Tempo estimado de leitura\" \/>\n\t<meta name=\"twitter:data1\" content=\"3 minutos\" \/>\n<script type=\"application\/ld+json\" class=\"yoast-schema-graph\">{\"@context\":\"https:\/\/schema.org\",\"@graph\":[{\"@type\":\"WebPage\",\"@id\":\"https:\/\/www.safinel.fr\/produit\/feuilles-de-fumbwa\/\",\"url\":\"https:\/\/www.safinel.fr\/produit\/feuilles-de-fumbwa\/\",\"name\":\"Fumbwa | Okok ou Eru | Plante naturelle aux nombreux bienfaits\",\"isPartOf\":{\"@id\":\"https:\/\/www.safinel.fr\/#website\"},\"primaryImageOfPage\":{\"@id\":\"https:\/\/www.safinel.fr\/produit\/feuilles-de-fumbwa\/#primaryimage\"},\"image\":{\"@id\":\"https:\/\/www.safinel.fr\/produit\/feuilles-de-fumbwa\/#primaryimage\"},\"thumbnailUrl\":\"https:\/\/www.safinel.fr\/wp-content\/uploads\/2021\/11\/Feuilles-de-Fumbwa.jpg\",\"datePublished\":\"2021-11-13T13:47:52+00:00\",\"dateModified\":\"2024-01-17T11:41:12+00:00\",\"description\":\"Connue en France sous l'appellation \\\"gnetum africanum\\\", le\u00a0fumbwa\u00a0est une liane foresti\u00e8re. Achetez vos feuilles de fumbwa en quelques clics.\",\"breadcrumb\":{\"@id\":\"https:\/\/www.safinel.fr\/produit\/feuilles-de-fumbwa\/#breadcrumb\"},\"inLanguage\":\"pt-PT\",\"potentialAction\":[{\"@type\":\"ReadAction\",\"target\":[\"https:\/\/www.safinel.fr\/produit\/feuilles-de-fumbwa\/\"]}]},{\"@type\":\"ImageObject\",\"inLanguage\":\"pt-PT\",\"@id\":\"https:\/\/www.safinel.fr\/produit\/feuilles-de-fumbwa\/#primaryimage\",\"url\":\"https:\/\/www.safinel.fr\/wp-content\/uploads\/2021\/11\/Feuilles-de-Fumbwa.jpg\",\"contentUrl\":\"https:\/\/www.safinel.fr\/wp-content\/uploads\/2021\/11\/Feuilles-de-Fumbwa.jpg\",\"width\":600,\"height\":600,\"caption\":\"Feuilles de Fumbwa\"},{\"@type\":\"BreadcrumbList\",\"@id\":\"https:\/\/www.safinel.fr\/produit\/feuilles-de-fumbwa\/#breadcrumb\",\"itemListElement\":[{\"@type\":\"ListItem\",\"position\":1,\"name\":\"Accueil\",\"item\":\"https:\/\/www.safinel.fr\/\"},{\"@type\":\"ListItem\",\"position\":2,\"name\":\"Boutique\",\"item\":\"https:\/\/www.safinel.fr\/boutique\/\"},{\"@type\":\"ListItem\",\"position\":3,\"name\":\"Feuilles de fumbwa\"}]},{\"@type\":\"WebSite\",\"@id\":\"https:\/\/www.safinel.fr\/#website\",\"url\":\"https:\/\/www.safinel.fr\/\",\"name\":\"Safinel\",\"description\":\"\",\"publisher\":{\"@id\":\"https:\/\/www.safinel.fr\/#organization\"},\"potentialAction\":[{\"@type\":\"SearchAction\",\"target\":{\"@type\":\"EntryPoint\",\"urlTemplate\":\"https:\/\/www.safinel.fr\/?s={search_term_string}\"},\"query-input\":{\"@type\":\"PropertyValueSpecification\",\"valueRequired\":true,\"valueName\":\"search_term_string\"}}],\"inLanguage\":\"pt-PT\"},{\"@type\":\"Organization\",\"@id\":\"https:\/\/www.safinel.fr\/#organization\",\"name\":\"Safinel\",\"url\":\"https:\/\/www.safinel.fr\/\",\"logo\":{\"@type\":\"ImageObject\",\"inLanguage\":\"pt-PT\",\"@id\":\"https:\/\/www.safinel.fr\/#\/schema\/logo\/image\/\",\"url\":\"https:\/\/www.safinel.fr\/wp-content\/uploads\/2021\/05\/boutique-cosmetique.png\",\"contentUrl\":\"https:\/\/www.safinel.fr\/wp-content\/uploads\/2021\/05\/boutique-cosmetique.png\",\"width\":800,\"height\":200,\"caption\":\"Safinel\"},\"image\":{\"@id\":\"https:\/\/www.safinel.fr\/#\/schema\/logo\/image\/\"}}]}<\/script>\n<!-- \/ Yoast SEO plugin. -->","yoast_head_json":{"title":"Fumbwa | Okok ou Eru | Planta natural com in\u00fameros benef\u00edcios","description":"Conhecida em Fran\u00e7a pelo nome de \"gnetum africanum\", a fumbwa \u00e9 uma liana florestal. Compre as suas folhas de fumbwa com apenas alguns cliques.","robots":{"index":"index","follow":"follow","max-snippet":"max-snippet:-1","max-image-preview":"max-image-preview:large","max-video-preview":"max-video-preview:-1"},"canonical":"https:\/\/www.safinel.fr\/pt\/product-2\/folhas-de-fumbwa\/","og_locale":"pt_PT","og_type":"article","og_title":"Fumbwa | Okok ou Eru | Plante naturelle aux nombreux bienfaits","og_description":"Connue en France sous l'appellation \"gnetum africanum\", le\u00a0fumbwa\u00a0est une liane foresti\u00e8re. Achetez vos feuilles de fumbwa en quelques clics.","og_url":"https:\/\/www.safinel.fr\/pt\/product-2\/folhas-de-fumbwa\/","og_site_name":"Safinel","article_modified_time":"2024-01-17T11:41:12+00:00","og_image":[{"width":600,"height":600,"url":"https:\/\/www.safinel.fr\/wp-content\/uploads\/2021\/11\/Feuilles-de-Fumbwa.jpg","type":"image\/jpeg"}],"twitter_card":"summary_large_image","twitter_misc":{"Tempo estimado de leitura":"3 minutos"},"schema":{"@context":"https:\/\/schema.org","@graph":[{"@type":"WebPage","@id":"https:\/\/www.safinel.fr\/produit\/feuilles-de-fumbwa\/","url":"https:\/\/www.safinel.fr\/produit\/feuilles-de-fumbwa\/","name":"Fumbwa | Okok ou Eru | Planta natural com in\u00fameros benef\u00edcios","isPartOf":{"@id":"https:\/\/www.safinel.fr\/#website"},"primaryImageOfPage":{"@id":"https:\/\/www.safinel.fr\/produit\/feuilles-de-fumbwa\/#primaryimage"},"image":{"@id":"https:\/\/www.safinel.fr\/produit\/feuilles-de-fumbwa\/#primaryimage"},"thumbnailUrl":"https:\/\/www.safinel.fr\/wp-content\/uploads\/2021\/11\/Feuilles-de-Fumbwa.jpg","datePublished":"2021-11-13T13:47:52+00:00","dateModified":"2024-01-17T11:41:12+00:00","description":"Conhecida em Fran\u00e7a pelo nome de \"gnetum africanum\", a fumbwa \u00e9 uma liana florestal. Compre as suas folhas de fumbwa com apenas alguns cliques.","breadcrumb":{"@id":"https:\/\/www.safinel.fr\/produit\/feuilles-de-fumbwa\/#breadcrumb"},"inLanguage":"pt-PT","potentialAction":[{"@type":"ReadAction","target":["https:\/\/www.safinel.fr\/produit\/feuilles-de-fumbwa\/"]}]},{"@type":"ImageObject","inLanguage":"pt-PT","@id":"https:\/\/www.safinel.fr\/produit\/feuilles-de-fumbwa\/#primaryimage","url":"https:\/\/www.safinel.fr\/wp-content\/uploads\/2021\/11\/Feuilles-de-Fumbwa.jpg","contentUrl":"https:\/\/www.safinel.fr\/wp-content\/uploads\/2021\/11\/Feuilles-de-Fumbwa.jpg","width":600,"height":600,"caption":"Feuilles de Fumbwa"},{"@type":"BreadcrumbList","@id":"https:\/\/www.safinel.fr\/produit\/feuilles-de-fumbwa\/#breadcrumb","itemListElement":[{"@type":"ListItem","position":1,"name":"Accueil","item":"https:\/\/www.safinel.fr\/"},{"@type":"ListItem","position":2,"name":"Boutique","item":"https:\/\/www.safinel.fr\/boutique\/"},{"@type":"ListItem","position":3,"name":"Feuilles de fumbwa"}]},{"@type":"WebSite","@id":"https:\/\/www.safinel.fr\/#website","url":"https:\/\/www.safinel.fr\/","name":"Safinel","description":"","publisher":{"@id":"https:\/\/www.safinel.fr\/#organization"},"potentialAction":[{"@type":"SearchAction","target":{"@type":"EntryPoint","urlTemplate":"https:\/\/www.safinel.fr\/?s={search_term_string}"},"query-input":{"@type":"PropertyValueSpecification","valueRequired":true,"valueName":"search_term_string"}}],"inLanguage":"pt-PT"},{"@type":"Organization","@id":"https:\/\/www.safinel.fr\/#organization","name":"Safinel","url":"https:\/\/www.safinel.fr\/","logo":{"@type":"ImageObject","inLanguage":"pt-PT","@id":"https:\/\/www.safinel.fr\/#\/schema\/logo\/image\/","url":"https:\/\/www.safinel.fr\/wp-content\/uploads\/2021\/05\/boutique-cosmetique.png","contentUrl":"https:\/\/www.safinel.fr\/wp-content\/uploads\/2021\/05\/boutique-cosmetique.png","width":800,"height":200,"caption":"Safinel"},"image":{"@id":"https:\/\/www.safinel.fr\/#\/schema\/logo\/image\/"}}]}},"_links":{"self":[{"href":"https:\/\/www.safinel.fr\/pt\/wp-json\/wp\/v2\/product\/534","targetHints":{"allow":["GET"]}}],"collection":[{"href":"https:\/\/www.safinel.fr\/pt\/wp-json\/wp\/v2\/product"}],"about":[{"href":"https:\/\/www.safinel.fr\/pt\/wp-json\/wp\/v2\/types\/product"}],"wp:featuredmedia":[{"embeddable":true,"href":"https:\/\/www.safinel.fr\/pt\/wp-json\/wp\/v2\/media\/535"}],"wp:attachment":[{"href":"https:\/\/www.safinel.fr\/pt\/wp-json\/wp\/v2\/media?parent=534"}],"wp:term":[{"taxonomy":"product_brand","embeddable":true,"href":"https:\/\/www.safinel.fr\/pt\/wp-json\/wp\/v2\/product_brand?post=534"},{"taxonomy":"product_cat","embeddable":true,"href":"https:\/\/www.safinel.fr\/pt\/wp-json\/wp\/v2\/product_cat?post=534"},{"taxonomy":"product_tag","embeddable":true,"href":"https:\/\/www.safinel.fr\/pt\/wp-json\/wp\/v2\/product_tag?post=534"}],"curies":[{"name":"wp","href":"https:\/\/api.w.org\/{rel}","templated":true}]}}