{"id":5192,"date":"2023-03-30T18:06:15","date_gmt":"2023-03-30T18:06:15","guid":{"rendered":"https:\/\/www.safinel.fr\/?post_type=product&#038;p=5192"},"modified":"2026-01-13T10:21:23","modified_gmt":"2026-01-13T10:21:23","slug":"creme-bazooka","status":"publish","type":"product","link":"https:\/\/www.safinel.fr\/pt\/product-2\/creme-bazooka\/","title":{"rendered":"Creme Bazooka (Bazuka cream) 100 ml"},"content":{"rendered":"<p>Se procura um produto f\u00e1cil de usar para firmar e tonificar os gl\u00fateos, o p\u00e9nis e o peito, a\u00a0<strong>creme bazooka<\/strong>\u00a0\u00e9 uma excelente op\u00e7\u00e3o. Descubra-a na sua loja Safinel, entre muitas outras surpresas...<\/p>\n<h2><strong>O creme Bazooka: uma pomada que vai agradar-lhe!<\/strong><\/h2>\n<p>O creme Bazooka \u00e9 um produto muito original que comprovadamente firma e tonifica os gl\u00fateos, o p\u00e9nis e o peito. A sua utiliza\u00e7\u00e3o \u00e9 muito simples e oferece benef\u00edcios surpreendentes para todos.<\/p>\n<p>Cont\u00e9m ingredientes naturais como <a href=\"https:\/\/www.safinel.fr\/pt\/product-2\/oleo-dakpi\/\"><strong>\u00f3leo de akpi<\/strong><\/a>\u00a0ou ainda do\u00a0<a href=\"https:\/\/www.safinel.fr\/pt\/product-2\/kigelia-africana\/\"><strong>kig\u00e9lia<\/strong><\/a>\u00a0e do\u00a0<a href=\"https:\/\/www.safinel.fr\/pt\/product-2\/oleo-de-feno-grego\/\"><strong>feno-grego<\/strong><\/a>. Estes s\u00e3o conhecidos por tonificar os tecidos cut\u00e2neos e prevenir as estrias. Ou ainda aumentar o volume de certas zonas do corpo.<\/p>\n<p>Apresentado na forma de creme para aplica\u00e7\u00e3o local, o seu formato pr\u00e1tico permite que o leve consigo para qualquer lugar. Muito f\u00e1cil de usar, rapidamente se tornar\u00e1 indispens\u00e1vel!<\/p>\n<h2><strong>Quais s\u00e3o os benef\u00edcios do creme Bazooka?\u00a0<\/strong><\/h2>\n<p>Esta\u00a0<strong>pomada tonificante<\/strong>\u00a0possui uma f\u00f3rmula poderosa que pode ajudar a firmar e tonificar os gl\u00fateos e o peito. Mas tamb\u00e9m:<\/p>\n<ul>\n<li>Melhorar a circula\u00e7\u00e3o sangu\u00ednea e a sa\u00fade dos \u00f3rg\u00e3os reprodutivos dos homens<\/li>\n<li>Pode ajudar a revitalizar a pele,<\/li>\n<li>Ajuda a reduzir as estrias e a melhorar a elasticidade da pele<\/li>\n<li>O creme Bazooka tamb\u00e9m pode ajudar a aumentar a resist\u00eancia e o vigor sexual.<\/li>\n<li>Por fim, permite apimentar um pouco as rela\u00e7\u00f5es \u00edntimas.<\/li>\n<\/ul>\n<p>Al\u00e9m disso, se voc\u00ea deseja um produto essencialmente ben\u00e9fico para fortalecer os gl\u00fateos e tentar aumentar o seu volume, existe\u00a0<strong>Yokebe<\/strong>\u00a0Suposit\u00f3rios reservados para adultos para aumentar o volume das n\u00e1degas e ancas.<\/p>\n<h3><strong>Como usar o creme Bazooka?<\/strong><\/h3>\n<p>O creme Bazooka \u00e9 muito f\u00e1cil de usar e come\u00e7a a funcionar logo na primeira aplica\u00e7\u00e3o. Basta massajar o creme na \u00e1rea a tratar duas vezes por dia para obter bons resultados.<\/p>\n<p>Para o peito, por exemplo, pode utilizar paralelamente<strong>\u00a0\u00f3leo especial para formas voluptuosas.\u00a0<\/strong>Um formato super pr\u00e1tico para levar para qualquer lugar e que lhe proporcionar\u00e1 resultados r\u00e1pidos.<\/p>\n<h3><strong>Precau\u00e7\u00f5es\u00a0<\/strong><\/h3>\n<p>\u00c9 importante notar que o creme \u00e9 muito potente e pode causar efeitos secund\u00e1rios se n\u00e3o for utilizado corretamente. Especialmente se for aplicado com demasiada frequ\u00eancia ou em pele demasiado sens\u00edvel. Por isso, \u00e9 importante seguir as instru\u00e7\u00f5es do fabricante e n\u00e3o abusar do produto.<\/p>\n<h3><strong>Melhore a sua intimidade com Safinel<\/strong><\/h3>\n<p>A nossa loja online \u00e9 especializada em produtos naturais e de bem-estar. Tudo o que precisa para cuidar de si diariamente, em todos os momentos da sua vida! Al\u00e9m disso, fazemos quest\u00e3o de lhe oferecer op\u00e7\u00f5es para a sua vida \u00edntima. Por isso, temos tudo o que precisa para apimentar a sua vida a dois.<\/p>\n<p>Descubra, por exemplo, os nossos m\u00e9is afrodis\u00edacos, como o\u00a0<strong>libidomiel<\/strong>. Mas tamb\u00e9m a\u00a0<strong>c\u00e1lculo vaginal<\/strong>, para mulheres que desejam viver uma experi\u00eancia \u00fanica.<\/p>\n<p>Mas tamb\u00e9m muitas guloseimas, como os rebu\u00e7ados estimulantes. Um sabor muito suave e propriedades surpreendentes... e explosivas! Deixamos que descubra por si mesmo!<\/p>","protected":false},"excerpt":{"rendered":"<p><strong>Caracter\u00edsticas:\u00a0<\/strong><\/p>\n<ul>\n<li>Melhorar a circula\u00e7\u00e3o sangu\u00ednea e a sa\u00fade dos \u00f3rg\u00e3os reprodutivos dos homens<\/li>\n<li>Pode ajudar a revitalizar a pele,<\/li>\n<li>Ajuda a reduzir as estrias e a melhorar a elasticidade da pele<\/li>\n<li>O creme Bazooka tamb\u00e9m pode ajudar a aumentar a resist\u00eancia e o vigor sexual.<\/li>\n<li>Por fim, permite apimentar um pouco as rela\u00e7\u00f5es \u00edntimas.<\/li>\n<\/ul>\n<p><img decoding=\"async\" class=\"size-full wp-image-5091 aligncenter\" src=\"https:\/\/www.safinel.fr\/wp-content\/uploads\/2021\/06\/BANNIERE-ICONE-SAFINEL.webp\" alt=\"resseguro satinado\" width=\"800\" height=\"200\" srcset=\"https:\/\/www.safinel.fr\/wp-content\/uploads\/2021\/06\/BANNIERE-ICONE-SAFINEL.webp 800w, https:\/\/www.safinel.fr\/wp-content\/uploads\/2021\/06\/BANNIERE-ICONE-SAFINEL-600x150.webp 600w, https:\/\/www.safinel.fr\/wp-content\/uploads\/2021\/06\/BANNIERE-ICONE-SAFINEL-768x192.webp 768w\" sizes=\"(max-width: 800px) 100vw, 800px\" \/><\/p>","protected":false},"featured_media":5193,"template":"","meta":[],"product_brand":[],"product_cat":[149,131],"product_tag":[],"class_list":{"0":"post-5192","1":"product","2":"type-product","3":"status-publish","4":"has-post-thumbnail","6":"product_cat-creme-aphrodisiaque","7":"product_cat-intimite-masculine","9":"first","10":"instock","11":"shipping-taxable","12":"purchasable","13":"product-type-simple"},"yoast_head":"<!-- This site is optimized with the Yoast SEO plugin v26.6 - https:\/\/yoast.com\/wordpress\/plugins\/seo\/ -->\n<title>Cr\u00e8me bazooka pour homme I Achat en ligne de la bazuka cream<\/title>\n<meta name=\"description\" content=\"La\u00a0cr\u00e8me bazooka\u00a0est une excellente option pour raffermir et tonifier les fesses, le p\u00e9nis et la poitrine. Adoptez-l\u00e0 sans plus attendre !\" \/>\n<meta name=\"robots\" content=\"index, follow, max-snippet:-1, max-image-preview:large, max-video-preview:-1\" \/>\n<link rel=\"canonical\" href=\"https:\/\/www.safinel.fr\/pt\/product-2\/creme-bazooka\/\" \/>\n<meta property=\"og:locale\" content=\"pt_PT\" \/>\n<meta property=\"og:type\" content=\"article\" \/>\n<meta property=\"og:title\" content=\"Cr\u00e8me bazooka pour homme I Achat en ligne de la bazuka cream\" \/>\n<meta property=\"og:description\" content=\"La\u00a0cr\u00e8me bazooka\u00a0est une excellente option pour raffermir et tonifier les fesses, le p\u00e9nis et la poitrine. Adoptez-l\u00e0 sans plus attendre !\" \/>\n<meta property=\"og:url\" content=\"https:\/\/www.safinel.fr\/pt\/product-2\/creme-bazooka\/\" \/>\n<meta property=\"og:site_name\" content=\"Safinel\" \/>\n<meta property=\"article:modified_time\" content=\"2026-01-13T10:21:23+00:00\" \/>\n<meta property=\"og:image\" content=\"https:\/\/www.safinel.fr\/wp-content\/uploads\/2023\/03\/creme-bazouka-site.jpg\" \/>\n\t<meta property=\"og:image:width\" content=\"600\" \/>\n\t<meta property=\"og:image:height\" content=\"600\" \/>\n\t<meta property=\"og:image:type\" content=\"image\/jpeg\" \/>\n<meta name=\"twitter:card\" content=\"summary_large_image\" \/>\n<meta name=\"twitter:label1\" content=\"Tempo estimado de leitura\" \/>\n\t<meta name=\"twitter:data1\" content=\"3 minutos\" \/>\n<script type=\"application\/ld+json\" class=\"yoast-schema-graph\">{\"@context\":\"https:\/\/schema.org\",\"@graph\":[{\"@type\":\"WebPage\",\"@id\":\"https:\/\/www.safinel.fr\/produit\/creme-bazooka\/\",\"url\":\"https:\/\/www.safinel.fr\/produit\/creme-bazooka\/\",\"name\":\"Cr\u00e8me bazooka pour homme I Achat en ligne de la bazuka cream\",\"isPartOf\":{\"@id\":\"https:\/\/www.safinel.fr\/#website\"},\"primaryImageOfPage\":{\"@id\":\"https:\/\/www.safinel.fr\/produit\/creme-bazooka\/#primaryimage\"},\"image\":{\"@id\":\"https:\/\/www.safinel.fr\/produit\/creme-bazooka\/#primaryimage\"},\"thumbnailUrl\":\"https:\/\/www.safinel.fr\/wp-content\/uploads\/2023\/03\/creme-bazouka-site.jpg\",\"datePublished\":\"2023-03-30T18:06:15+00:00\",\"dateModified\":\"2026-01-13T10:21:23+00:00\",\"description\":\"La\u00a0cr\u00e8me bazooka\u00a0est une excellente option pour raffermir et tonifier les fesses, le p\u00e9nis et la poitrine. Adoptez-l\u00e0 sans plus attendre !\",\"breadcrumb\":{\"@id\":\"https:\/\/www.safinel.fr\/produit\/creme-bazooka\/#breadcrumb\"},\"inLanguage\":\"pt-PT\",\"potentialAction\":[{\"@type\":\"ReadAction\",\"target\":[\"https:\/\/www.safinel.fr\/produit\/creme-bazooka\/\"]}]},{\"@type\":\"ImageObject\",\"inLanguage\":\"pt-PT\",\"@id\":\"https:\/\/www.safinel.fr\/produit\/creme-bazooka\/#primaryimage\",\"url\":\"https:\/\/www.safinel.fr\/wp-content\/uploads\/2023\/03\/creme-bazouka-site.jpg\",\"contentUrl\":\"https:\/\/www.safinel.fr\/wp-content\/uploads\/2023\/03\/creme-bazouka-site.jpg\",\"width\":600,\"height\":600,\"caption\":\"Cr\u00e8me bazooka (Bazuka cream) 100ml\"},{\"@type\":\"BreadcrumbList\",\"@id\":\"https:\/\/www.safinel.fr\/produit\/creme-bazooka\/#breadcrumb\",\"itemListElement\":[{\"@type\":\"ListItem\",\"position\":1,\"name\":\"Accueil\",\"item\":\"https:\/\/www.safinel.fr\/\"},{\"@type\":\"ListItem\",\"position\":2,\"name\":\"Boutique\",\"item\":\"https:\/\/www.safinel.fr\/boutique\/\"},{\"@type\":\"ListItem\",\"position\":3,\"name\":\"Cr\u00e8me bazooka (Bazuka cream) 100ml\"}]},{\"@type\":\"WebSite\",\"@id\":\"https:\/\/www.safinel.fr\/#website\",\"url\":\"https:\/\/www.safinel.fr\/\",\"name\":\"Safinel\",\"description\":\"\",\"publisher\":{\"@id\":\"https:\/\/www.safinel.fr\/#organization\"},\"potentialAction\":[{\"@type\":\"SearchAction\",\"target\":{\"@type\":\"EntryPoint\",\"urlTemplate\":\"https:\/\/www.safinel.fr\/?s={search_term_string}\"},\"query-input\":{\"@type\":\"PropertyValueSpecification\",\"valueRequired\":true,\"valueName\":\"search_term_string\"}}],\"inLanguage\":\"pt-PT\"},{\"@type\":\"Organization\",\"@id\":\"https:\/\/www.safinel.fr\/#organization\",\"name\":\"Safinel\",\"url\":\"https:\/\/www.safinel.fr\/\",\"logo\":{\"@type\":\"ImageObject\",\"inLanguage\":\"pt-PT\",\"@id\":\"https:\/\/www.safinel.fr\/#\/schema\/logo\/image\/\",\"url\":\"https:\/\/www.safinel.fr\/wp-content\/uploads\/2021\/05\/boutique-cosmetique.png\",\"contentUrl\":\"https:\/\/www.safinel.fr\/wp-content\/uploads\/2021\/05\/boutique-cosmetique.png\",\"width\":800,\"height\":200,\"caption\":\"Safinel\"},\"image\":{\"@id\":\"https:\/\/www.safinel.fr\/#\/schema\/logo\/image\/\"}}]}<\/script>\n<!-- \/ Yoast SEO plugin. -->","yoast_head_json":{"title":"Bazooka Cream para homem I Compra online da Bazooka Cream","description":"O creme Bazooka \u00e9 uma excelente op\u00e7\u00e3o para firmar e tonificar os gl\u00fateos, o p\u00e9nis e o peito. Adote-o sem mais demora!","robots":{"index":"index","follow":"follow","max-snippet":"max-snippet:-1","max-image-preview":"max-image-preview:large","max-video-preview":"max-video-preview:-1"},"canonical":"https:\/\/www.safinel.fr\/pt\/product-2\/creme-bazooka\/","og_locale":"pt_PT","og_type":"article","og_title":"Cr\u00e8me bazooka pour homme I Achat en ligne de la bazuka cream","og_description":"La\u00a0cr\u00e8me bazooka\u00a0est une excellente option pour raffermir et tonifier les fesses, le p\u00e9nis et la poitrine. Adoptez-l\u00e0 sans plus attendre !","og_url":"https:\/\/www.safinel.fr\/pt\/product-2\/creme-bazooka\/","og_site_name":"Safinel","article_modified_time":"2026-01-13T10:21:23+00:00","og_image":[{"width":600,"height":600,"url":"https:\/\/www.safinel.fr\/wp-content\/uploads\/2023\/03\/creme-bazouka-site.jpg","type":"image\/jpeg"}],"twitter_card":"summary_large_image","twitter_misc":{"Tempo estimado de leitura":"3 minutos"},"schema":{"@context":"https:\/\/schema.org","@graph":[{"@type":"WebPage","@id":"https:\/\/www.safinel.fr\/produit\/creme-bazooka\/","url":"https:\/\/www.safinel.fr\/produit\/creme-bazooka\/","name":"Bazooka Cream para homem I Compra online da Bazooka Cream","isPartOf":{"@id":"https:\/\/www.safinel.fr\/#website"},"primaryImageOfPage":{"@id":"https:\/\/www.safinel.fr\/produit\/creme-bazooka\/#primaryimage"},"image":{"@id":"https:\/\/www.safinel.fr\/produit\/creme-bazooka\/#primaryimage"},"thumbnailUrl":"https:\/\/www.safinel.fr\/wp-content\/uploads\/2023\/03\/creme-bazouka-site.jpg","datePublished":"2023-03-30T18:06:15+00:00","dateModified":"2026-01-13T10:21:23+00:00","description":"O creme Bazooka \u00e9 uma excelente op\u00e7\u00e3o para firmar e tonificar os gl\u00fateos, o p\u00e9nis e o peito. Adote-o sem mais demora!","breadcrumb":{"@id":"https:\/\/www.safinel.fr\/produit\/creme-bazooka\/#breadcrumb"},"inLanguage":"pt-PT","potentialAction":[{"@type":"ReadAction","target":["https:\/\/www.safinel.fr\/produit\/creme-bazooka\/"]}]},{"@type":"ImageObject","inLanguage":"pt-PT","@id":"https:\/\/www.safinel.fr\/produit\/creme-bazooka\/#primaryimage","url":"https:\/\/www.safinel.fr\/wp-content\/uploads\/2023\/03\/creme-bazouka-site.jpg","contentUrl":"https:\/\/www.safinel.fr\/wp-content\/uploads\/2023\/03\/creme-bazouka-site.jpg","width":600,"height":600,"caption":"Cr\u00e8me bazooka (Bazuka cream) 100ml"},{"@type":"BreadcrumbList","@id":"https:\/\/www.safinel.fr\/produit\/creme-bazooka\/#breadcrumb","itemListElement":[{"@type":"ListItem","position":1,"name":"Accueil","item":"https:\/\/www.safinel.fr\/"},{"@type":"ListItem","position":2,"name":"Boutique","item":"https:\/\/www.safinel.fr\/boutique\/"},{"@type":"ListItem","position":3,"name":"Cr\u00e8me bazooka (Bazuka cream) 100ml"}]},{"@type":"WebSite","@id":"https:\/\/www.safinel.fr\/#website","url":"https:\/\/www.safinel.fr\/","name":"Safinel","description":"","publisher":{"@id":"https:\/\/www.safinel.fr\/#organization"},"potentialAction":[{"@type":"SearchAction","target":{"@type":"EntryPoint","urlTemplate":"https:\/\/www.safinel.fr\/?s={search_term_string}"},"query-input":{"@type":"PropertyValueSpecification","valueRequired":true,"valueName":"search_term_string"}}],"inLanguage":"pt-PT"},{"@type":"Organization","@id":"https:\/\/www.safinel.fr\/#organization","name":"Safinel","url":"https:\/\/www.safinel.fr\/","logo":{"@type":"ImageObject","inLanguage":"pt-PT","@id":"https:\/\/www.safinel.fr\/#\/schema\/logo\/image\/","url":"https:\/\/www.safinel.fr\/wp-content\/uploads\/2021\/05\/boutique-cosmetique.png","contentUrl":"https:\/\/www.safinel.fr\/wp-content\/uploads\/2021\/05\/boutique-cosmetique.png","width":800,"height":200,"caption":"Safinel"},"image":{"@id":"https:\/\/www.safinel.fr\/#\/schema\/logo\/image\/"}}]}},"_links":{"self":[{"href":"https:\/\/www.safinel.fr\/pt\/wp-json\/wp\/v2\/product\/5192","targetHints":{"allow":["GET"]}}],"collection":[{"href":"https:\/\/www.safinel.fr\/pt\/wp-json\/wp\/v2\/product"}],"about":[{"href":"https:\/\/www.safinel.fr\/pt\/wp-json\/wp\/v2\/types\/product"}],"wp:featuredmedia":[{"embeddable":true,"href":"https:\/\/www.safinel.fr\/pt\/wp-json\/wp\/v2\/media\/5193"}],"wp:attachment":[{"href":"https:\/\/www.safinel.fr\/pt\/wp-json\/wp\/v2\/media?parent=5192"}],"wp:term":[{"taxonomy":"product_brand","embeddable":true,"href":"https:\/\/www.safinel.fr\/pt\/wp-json\/wp\/v2\/product_brand?post=5192"},{"taxonomy":"product_cat","embeddable":true,"href":"https:\/\/www.safinel.fr\/pt\/wp-json\/wp\/v2\/product_cat?post=5192"},{"taxonomy":"product_tag","embeddable":true,"href":"https:\/\/www.safinel.fr\/pt\/wp-json\/wp\/v2\/product_tag?post=5192"}],"curies":[{"name":"wp","href":"https:\/\/api.w.org\/{rel}","templated":true}]}}