{"id":4918,"date":"2023-03-06T17:28:34","date_gmt":"2023-03-06T17:28:34","guid":{"rendered":"https:\/\/www.safinel.fr\/?post_type=product&#038;p=4918"},"modified":"2023-12-30T12:01:40","modified_gmt":"2023-12-30T12:01:40","slug":"pacote-de-3-meses-para-endometriose","status":"publish","type":"product","link":"https:\/\/www.safinel.fr\/pt\/product-2\/pacote-de-3-meses-para-endometriose\/","title":{"rendered":"Pacote de 3 meses para endometriose"},"content":{"rendered":"<p>Este tratamento de 3 meses destina-se a tratar todos os sintomas relacionados com a endometriose.<\/p>\n<p>Promove a fertilidade e diminui as dores e a inflama\u00e7\u00e3o. Este tratamento pode ser repetido. Pode ser complementado com infus\u00e3o de urtiga em caso de menstrua\u00e7\u00e3o hemorr\u00e1gica, infus\u00e3o de agnocasto e folhas de framboesa.<\/p>\n<p><strong>Aten\u00e7\u00e3o: em caso de tratamento de fertiliza\u00e7\u00e3o assistida (FIV) com terapia hormonal, o tratamento deve ser interrompido imediatamente antes da transfer\u00eancia do embri\u00e3o, continuando apenas a tomar o mel. Em caso de insemina\u00e7\u00e3o artificial, interrompa o tratamento 2\/3 dias ap\u00f3s o in\u00edcio da ovula\u00e7\u00e3o.<\/strong><\/p>","protected":false},"excerpt":{"rendered":"<p><strong>Este pacote para endometriose, com dura\u00e7\u00e3o de 3 meses, \u00e9 composto por:<\/strong><\/p>\n<ul>\n<li>3 potes de mel 250 g de euphorbia (daghmous) ou outro mel, dependendo da esta\u00e7\u00e3o e da disponibilidade (jujuba, alfarroba, ac\u00e1cia, primavera, tomilho, todas as flores, alfafa, t\u00edlia...)<\/li>\n<li>1 \u00f3leo de Nigella 60 ml (ou 3 saquinhos de sementes de Nigella)<\/li>\n<li>3 Pr\u00f3polis de 15 g<\/li>\n<li>3 Costus indiano de 15 g<\/li>\n<\/ul>\n<p>Este tratamento ajuda a diminuir a inflama\u00e7\u00e3o e as dores, ajuda a diminuir\/eliminar os quistos, ao mesmo tempo que promove a fertilidade.<\/p>\n<p><img decoding=\"async\" class=\"size-full wp-image-5091 aligncenter\" src=\"https:\/\/www.safinel.fr\/wp-content\/uploads\/2021\/06\/BANNIERE-ICONE-SAFINEL.webp\" alt=\"resseguro satinado\" width=\"800\" height=\"200\" srcset=\"https:\/\/www.safinel.fr\/wp-content\/uploads\/2021\/06\/BANNIERE-ICONE-SAFINEL.webp 800w, https:\/\/www.safinel.fr\/wp-content\/uploads\/2021\/06\/BANNIERE-ICONE-SAFINEL-600x150.webp 600w, https:\/\/www.safinel.fr\/wp-content\/uploads\/2021\/06\/BANNIERE-ICONE-SAFINEL-768x192.webp 768w\" sizes=\"(max-width: 800px) 100vw, 800px\" \/><\/p>","protected":false},"featured_media":4919,"template":"","meta":[],"product_brand":[],"product_cat":[15,90],"product_tag":[],"class_list":{"0":"post-4918","1":"product","2":"type-product","3":"status-publish","4":"has-post-thumbnail","6":"product_cat-fertilite","7":"product_cat-pack-fertilite","9":"first","10":"instock","11":"shipping-taxable","12":"purchasable","13":"product-type-simple"},"yoast_head":"<!-- This site is optimized with the Yoast SEO plugin v26.6 - https:\/\/yoast.com\/wordpress\/plugins\/seo\/ -->\n<title>Pack 3 mois Endom\u00e9triose - Safinel<\/title>\n<meta name=\"robots\" content=\"index, follow, max-snippet:-1, max-image-preview:large, max-video-preview:-1\" \/>\n<link rel=\"canonical\" href=\"https:\/\/www.safinel.fr\/pt\/product-2\/pacote-de-3-meses-para-endometriose\/\" \/>\n<meta property=\"og:locale\" content=\"pt_PT\" \/>\n<meta property=\"og:type\" content=\"article\" \/>\n<meta property=\"og:title\" content=\"Pack 3 mois Endom\u00e9triose - Safinel\" \/>\n<meta property=\"og:description\" content=\"Ce pack endom\u00e9triose d&#039;une dur\u00e9e de 3 mois est compos\u00e9 de :   3 pots de miel 250gr d&#039;euphorbe (daghmous) ou autre miel selon la saison et les stocks disponibles (jujubier, caroubier, acacia, printemps, thym, toutes fleurs, luzerne, tilleul...)  1 huile de Nigelle 60 ml (ou 3 sachet de graines de nigelle)  3 Propolis de 15gr  3 Costus indien de 15gr  Ce traitement aide a diminuer l&#039;inflammation ainsi que les douleurs, aide a diminuer\/supprim\u00e9 les kystes tout en favorisant la fertilit\u00e9.\" \/>\n<meta property=\"og:url\" content=\"https:\/\/www.safinel.fr\/pt\/product-2\/pacote-de-3-meses-para-endometriose\/\" \/>\n<meta property=\"og:site_name\" content=\"Safinel\" \/>\n<meta property=\"article:modified_time\" content=\"2023-12-30T12:01:40+00:00\" \/>\n<meta property=\"og:image\" content=\"https:\/\/www.safinel.fr\/wp-content\/uploads\/2023\/03\/pack-3-mois-endometriose-.jpg\" \/>\n\t<meta property=\"og:image:width\" content=\"600\" \/>\n\t<meta property=\"og:image:height\" content=\"600\" \/>\n\t<meta property=\"og:image:type\" content=\"image\/jpeg\" \/>\n<meta name=\"twitter:card\" content=\"summary_large_image\" \/>\n<meta name=\"twitter:label1\" content=\"Tempo estimado de leitura\" \/>\n\t<meta name=\"twitter:data1\" content=\"1 minuto\" \/>\n<script type=\"application\/ld+json\" class=\"yoast-schema-graph\">{\"@context\":\"https:\/\/schema.org\",\"@graph\":[{\"@type\":\"WebPage\",\"@id\":\"https:\/\/www.safinel.fr\/produit\/pack-3-mois-endometriose\/\",\"url\":\"https:\/\/www.safinel.fr\/produit\/pack-3-mois-endometriose\/\",\"name\":\"Pack 3 mois Endom\u00e9triose - Safinel\",\"isPartOf\":{\"@id\":\"https:\/\/www.safinel.fr\/#website\"},\"primaryImageOfPage\":{\"@id\":\"https:\/\/www.safinel.fr\/produit\/pack-3-mois-endometriose\/#primaryimage\"},\"image\":{\"@id\":\"https:\/\/www.safinel.fr\/produit\/pack-3-mois-endometriose\/#primaryimage\"},\"thumbnailUrl\":\"https:\/\/www.safinel.fr\/wp-content\/uploads\/2023\/03\/pack-3-mois-endometriose-.jpg\",\"datePublished\":\"2023-03-06T17:28:34+00:00\",\"dateModified\":\"2023-12-30T12:01:40+00:00\",\"breadcrumb\":{\"@id\":\"https:\/\/www.safinel.fr\/produit\/pack-3-mois-endometriose\/#breadcrumb\"},\"inLanguage\":\"pt-PT\",\"potentialAction\":[{\"@type\":\"ReadAction\",\"target\":[\"https:\/\/www.safinel.fr\/produit\/pack-3-mois-endometriose\/\"]}]},{\"@type\":\"ImageObject\",\"inLanguage\":\"pt-PT\",\"@id\":\"https:\/\/www.safinel.fr\/produit\/pack-3-mois-endometriose\/#primaryimage\",\"url\":\"https:\/\/www.safinel.fr\/wp-content\/uploads\/2023\/03\/pack-3-mois-endometriose-.jpg\",\"contentUrl\":\"https:\/\/www.safinel.fr\/wp-content\/uploads\/2023\/03\/pack-3-mois-endometriose-.jpg\",\"width\":600,\"height\":600,\"caption\":\"Pack 3 mois Endometriose\"},{\"@type\":\"BreadcrumbList\",\"@id\":\"https:\/\/www.safinel.fr\/produit\/pack-3-mois-endometriose\/#breadcrumb\",\"itemListElement\":[{\"@type\":\"ListItem\",\"position\":1,\"name\":\"Accueil\",\"item\":\"https:\/\/www.safinel.fr\/\"},{\"@type\":\"ListItem\",\"position\":2,\"name\":\"Boutique\",\"item\":\"https:\/\/www.safinel.fr\/boutique\/\"},{\"@type\":\"ListItem\",\"position\":3,\"name\":\"Pack 3 mois Endom\u00e9triose\"}]},{\"@type\":\"WebSite\",\"@id\":\"https:\/\/www.safinel.fr\/#website\",\"url\":\"https:\/\/www.safinel.fr\/\",\"name\":\"Safinel\",\"description\":\"\",\"publisher\":{\"@id\":\"https:\/\/www.safinel.fr\/#organization\"},\"potentialAction\":[{\"@type\":\"SearchAction\",\"target\":{\"@type\":\"EntryPoint\",\"urlTemplate\":\"https:\/\/www.safinel.fr\/?s={search_term_string}\"},\"query-input\":{\"@type\":\"PropertyValueSpecification\",\"valueRequired\":true,\"valueName\":\"search_term_string\"}}],\"inLanguage\":\"pt-PT\"},{\"@type\":\"Organization\",\"@id\":\"https:\/\/www.safinel.fr\/#organization\",\"name\":\"Safinel\",\"url\":\"https:\/\/www.safinel.fr\/\",\"logo\":{\"@type\":\"ImageObject\",\"inLanguage\":\"pt-PT\",\"@id\":\"https:\/\/www.safinel.fr\/#\/schema\/logo\/image\/\",\"url\":\"https:\/\/www.safinel.fr\/wp-content\/uploads\/2021\/05\/boutique-cosmetique.png\",\"contentUrl\":\"https:\/\/www.safinel.fr\/wp-content\/uploads\/2021\/05\/boutique-cosmetique.png\",\"width\":800,\"height\":200,\"caption\":\"Safinel\"},\"image\":{\"@id\":\"https:\/\/www.safinel.fr\/#\/schema\/logo\/image\/\"}}]}<\/script>\n<!-- \/ Yoast SEO plugin. -->","yoast_head_json":{"title":"Pacote de 3 meses para endometriose - Safinel","robots":{"index":"index","follow":"follow","max-snippet":"max-snippet:-1","max-image-preview":"max-image-preview:large","max-video-preview":"max-video-preview:-1"},"canonical":"https:\/\/www.safinel.fr\/pt\/product-2\/pacote-de-3-meses-para-endometriose\/","og_locale":"pt_PT","og_type":"article","og_title":"Pack 3 mois Endom\u00e9triose - Safinel","og_description":"Ce pack endom\u00e9triose d'une dur\u00e9e de 3 mois est compos\u00e9 de :   3 pots de miel 250gr d'euphorbe (daghmous) ou autre miel selon la saison et les stocks disponibles (jujubier, caroubier, acacia, printemps, thym, toutes fleurs, luzerne, tilleul...)  1 huile de Nigelle 60 ml (ou 3 sachet de graines de nigelle)  3 Propolis de 15gr  3 Costus indien de 15gr  Ce traitement aide a diminuer l'inflammation ainsi que les douleurs, aide a diminuer\/supprim\u00e9 les kystes tout en favorisant la fertilit\u00e9.","og_url":"https:\/\/www.safinel.fr\/pt\/product-2\/pacote-de-3-meses-para-endometriose\/","og_site_name":"Safinel","article_modified_time":"2023-12-30T12:01:40+00:00","og_image":[{"width":600,"height":600,"url":"https:\/\/www.safinel.fr\/wp-content\/uploads\/2023\/03\/pack-3-mois-endometriose-.jpg","type":"image\/jpeg"}],"twitter_card":"summary_large_image","twitter_misc":{"Tempo estimado de leitura":"1 minuto"},"schema":{"@context":"https:\/\/schema.org","@graph":[{"@type":"WebPage","@id":"https:\/\/www.safinel.fr\/produit\/pack-3-mois-endometriose\/","url":"https:\/\/www.safinel.fr\/produit\/pack-3-mois-endometriose\/","name":"Pacote de 3 meses para endometriose - Safinel","isPartOf":{"@id":"https:\/\/www.safinel.fr\/#website"},"primaryImageOfPage":{"@id":"https:\/\/www.safinel.fr\/produit\/pack-3-mois-endometriose\/#primaryimage"},"image":{"@id":"https:\/\/www.safinel.fr\/produit\/pack-3-mois-endometriose\/#primaryimage"},"thumbnailUrl":"https:\/\/www.safinel.fr\/wp-content\/uploads\/2023\/03\/pack-3-mois-endometriose-.jpg","datePublished":"2023-03-06T17:28:34+00:00","dateModified":"2023-12-30T12:01:40+00:00","breadcrumb":{"@id":"https:\/\/www.safinel.fr\/produit\/pack-3-mois-endometriose\/#breadcrumb"},"inLanguage":"pt-PT","potentialAction":[{"@type":"ReadAction","target":["https:\/\/www.safinel.fr\/produit\/pack-3-mois-endometriose\/"]}]},{"@type":"ImageObject","inLanguage":"pt-PT","@id":"https:\/\/www.safinel.fr\/produit\/pack-3-mois-endometriose\/#primaryimage","url":"https:\/\/www.safinel.fr\/wp-content\/uploads\/2023\/03\/pack-3-mois-endometriose-.jpg","contentUrl":"https:\/\/www.safinel.fr\/wp-content\/uploads\/2023\/03\/pack-3-mois-endometriose-.jpg","width":600,"height":600,"caption":"Pack 3 mois Endometriose"},{"@type":"BreadcrumbList","@id":"https:\/\/www.safinel.fr\/produit\/pack-3-mois-endometriose\/#breadcrumb","itemListElement":[{"@type":"ListItem","position":1,"name":"Accueil","item":"https:\/\/www.safinel.fr\/"},{"@type":"ListItem","position":2,"name":"Boutique","item":"https:\/\/www.safinel.fr\/boutique\/"},{"@type":"ListItem","position":3,"name":"Pack 3 mois Endom\u00e9triose"}]},{"@type":"WebSite","@id":"https:\/\/www.safinel.fr\/#website","url":"https:\/\/www.safinel.fr\/","name":"Safinel","description":"","publisher":{"@id":"https:\/\/www.safinel.fr\/#organization"},"potentialAction":[{"@type":"SearchAction","target":{"@type":"EntryPoint","urlTemplate":"https:\/\/www.safinel.fr\/?s={search_term_string}"},"query-input":{"@type":"PropertyValueSpecification","valueRequired":true,"valueName":"search_term_string"}}],"inLanguage":"pt-PT"},{"@type":"Organization","@id":"https:\/\/www.safinel.fr\/#organization","name":"Safinel","url":"https:\/\/www.safinel.fr\/","logo":{"@type":"ImageObject","inLanguage":"pt-PT","@id":"https:\/\/www.safinel.fr\/#\/schema\/logo\/image\/","url":"https:\/\/www.safinel.fr\/wp-content\/uploads\/2021\/05\/boutique-cosmetique.png","contentUrl":"https:\/\/www.safinel.fr\/wp-content\/uploads\/2021\/05\/boutique-cosmetique.png","width":800,"height":200,"caption":"Safinel"},"image":{"@id":"https:\/\/www.safinel.fr\/#\/schema\/logo\/image\/"}}]}},"_links":{"self":[{"href":"https:\/\/www.safinel.fr\/pt\/wp-json\/wp\/v2\/product\/4918","targetHints":{"allow":["GET"]}}],"collection":[{"href":"https:\/\/www.safinel.fr\/pt\/wp-json\/wp\/v2\/product"}],"about":[{"href":"https:\/\/www.safinel.fr\/pt\/wp-json\/wp\/v2\/types\/product"}],"wp:featuredmedia":[{"embeddable":true,"href":"https:\/\/www.safinel.fr\/pt\/wp-json\/wp\/v2\/media\/4919"}],"wp:attachment":[{"href":"https:\/\/www.safinel.fr\/pt\/wp-json\/wp\/v2\/media?parent=4918"}],"wp:term":[{"taxonomy":"product_brand","embeddable":true,"href":"https:\/\/www.safinel.fr\/pt\/wp-json\/wp\/v2\/product_brand?post=4918"},{"taxonomy":"product_cat","embeddable":true,"href":"https:\/\/www.safinel.fr\/pt\/wp-json\/wp\/v2\/product_cat?post=4918"},{"taxonomy":"product_tag","embeddable":true,"href":"https:\/\/www.safinel.fr\/pt\/wp-json\/wp\/v2\/product_tag?post=4918"}],"curies":[{"name":"wp","href":"https:\/\/api.w.org\/{rel}","templated":true}]}}