{"id":4914,"date":"2023-03-06T17:19:46","date_gmt":"2023-03-06T17:19:46","guid":{"rendered":"https:\/\/www.safinel.fr\/?post_type=product&#038;p=4914"},"modified":"2023-12-28T17:15:51","modified_gmt":"2023-12-28T17:15:51","slug":"pacote-sopk-1-mes","status":"publish","type":"product","link":"https:\/\/www.safinel.fr\/pt\/product-2\/pacote-sopk-1-mes\/","title":{"rendered":"Pacote SOPK 1 m\u00eas (s\u00edndrome dos ov\u00e1rios polic\u00edsticos)"},"content":{"rendered":"<p><strong>Este pacote cont\u00e9m:<\/strong><\/p>\n<ul>\n<li>1 frasco de mel 250 g de euphorbia (daghmous) ou outro mel, dependendo da esta\u00e7\u00e3o e da disponibilidade (jujuba, alfarroba, ac\u00e1cia, primavera, tomilho, todas as flores, alfafa, t\u00edlia...)<\/li>\n<li>1 saquinho de costus indiano ou marinho de 15 g - 1 saquinho de sementes de nigela de 15 g (ou 1 frasco de \u00f3leo de nigela, dependendo da \u00e9poca do ano)<\/li>\n<li>100 g de agnocasto<\/li>\n<li>100 g de feno-grego<\/li>\n<\/ul>\n<p><img decoding=\"async\" class=\"aligncenter wp-image-4915 size-full\" src=\"https:\/\/www.safinel.fr\/wp-content\/uploads\/2023\/03\/pack-opk-2.jpg\" alt=\"\" width=\"600\" height=\"600\" srcset=\"https:\/\/www.safinel.fr\/wp-content\/uploads\/2023\/03\/pack-opk-2.jpg 600w, https:\/\/www.safinel.fr\/wp-content\/uploads\/2023\/03\/pack-opk-2-100x100.jpg 100w, https:\/\/www.safinel.fr\/wp-content\/uploads\/2023\/03\/pack-opk-2-400x400.jpg 400w, https:\/\/www.safinel.fr\/wp-content\/uploads\/2023\/03\/pack-opk-2-280x280.jpg 280w, https:\/\/www.safinel.fr\/wp-content\/uploads\/2023\/03\/pack-opk-2-300x300.jpg 300w\" sizes=\"(max-width: 600px) 100vw, 600px\" \/><\/p>","protected":false},"excerpt":{"rendered":"<p><img decoding=\"async\" class=\"size-full wp-image-5091 aligncenter\" src=\"https:\/\/www.safinel.fr\/wp-content\/uploads\/2021\/06\/BANNIERE-ICONE-SAFINEL.webp\" alt=\"resseguro satinado\" width=\"800\" height=\"200\" srcset=\"https:\/\/www.safinel.fr\/wp-content\/uploads\/2021\/06\/BANNIERE-ICONE-SAFINEL.webp 800w, https:\/\/www.safinel.fr\/wp-content\/uploads\/2021\/06\/BANNIERE-ICONE-SAFINEL-600x150.webp 600w, https:\/\/www.safinel.fr\/wp-content\/uploads\/2021\/06\/BANNIERE-ICONE-SAFINEL-768x192.webp 768w\" sizes=\"(max-width: 800px) 100vw, 800px\" \/><\/p>","protected":false},"featured_media":4916,"template":"","meta":[],"product_brand":[],"product_cat":[15,90],"product_tag":[],"class_list":{"0":"post-4914","1":"product","2":"type-product","3":"status-publish","4":"has-post-thumbnail","6":"product_cat-fertilite","7":"product_cat-pack-fertilite","9":"first","10":"instock","11":"shipping-taxable","12":"purchasable","13":"product-type-simple"},"yoast_head":"<!-- This site is optimized with the Yoast SEO plugin v26.6 - https:\/\/yoast.com\/wordpress\/plugins\/seo\/ -->\n<title>Pack SOPK 1 mois (syndrome ovaires polykystiques) - Safinel<\/title>\n<meta name=\"robots\" content=\"index, follow, max-snippet:-1, max-image-preview:large, max-video-preview:-1\" \/>\n<link rel=\"canonical\" href=\"https:\/\/www.safinel.fr\/pt\/product-2\/pacote-sopk-1-mes\/\" \/>\n<meta property=\"og:locale\" content=\"pt_PT\" \/>\n<meta property=\"og:type\" content=\"article\" \/>\n<meta property=\"og:title\" content=\"Pack SOPK 1 mois (syndrome ovaires polykystiques) - Safinel\" \/>\n<meta property=\"og:url\" content=\"https:\/\/www.safinel.fr\/pt\/product-2\/pacote-sopk-1-mes\/\" \/>\n<meta property=\"og:site_name\" content=\"Safinel\" \/>\n<meta property=\"article:modified_time\" content=\"2023-12-28T17:15:51+00:00\" \/>\n<meta property=\"og:image\" content=\"https:\/\/www.safinel.fr\/wp-content\/uploads\/2023\/03\/pack-opk.jpg\" \/>\n\t<meta property=\"og:image:width\" content=\"600\" \/>\n\t<meta property=\"og:image:height\" content=\"600\" \/>\n\t<meta property=\"og:image:type\" content=\"image\/jpeg\" \/>\n<meta name=\"twitter:card\" content=\"summary_large_image\" \/>\n<script type=\"application\/ld+json\" class=\"yoast-schema-graph\">{\"@context\":\"https:\/\/schema.org\",\"@graph\":[{\"@type\":\"WebPage\",\"@id\":\"https:\/\/www.safinel.fr\/produit\/pack-sopk-1-mois\/\",\"url\":\"https:\/\/www.safinel.fr\/produit\/pack-sopk-1-mois\/\",\"name\":\"Pack SOPK 1 mois (syndrome ovaires polykystiques) - Safinel\",\"isPartOf\":{\"@id\":\"https:\/\/www.safinel.fr\/#website\"},\"primaryImageOfPage\":{\"@id\":\"https:\/\/www.safinel.fr\/produit\/pack-sopk-1-mois\/#primaryimage\"},\"image\":{\"@id\":\"https:\/\/www.safinel.fr\/produit\/pack-sopk-1-mois\/#primaryimage\"},\"thumbnailUrl\":\"https:\/\/www.safinel.fr\/wp-content\/uploads\/2023\/03\/pack-opk.jpg\",\"datePublished\":\"2023-03-06T17:19:46+00:00\",\"dateModified\":\"2023-12-28T17:15:51+00:00\",\"breadcrumb\":{\"@id\":\"https:\/\/www.safinel.fr\/produit\/pack-sopk-1-mois\/#breadcrumb\"},\"inLanguage\":\"pt-PT\",\"potentialAction\":[{\"@type\":\"ReadAction\",\"target\":[\"https:\/\/www.safinel.fr\/produit\/pack-sopk-1-mois\/\"]}]},{\"@type\":\"ImageObject\",\"inLanguage\":\"pt-PT\",\"@id\":\"https:\/\/www.safinel.fr\/produit\/pack-sopk-1-mois\/#primaryimage\",\"url\":\"https:\/\/www.safinel.fr\/wp-content\/uploads\/2023\/03\/pack-opk.jpg\",\"contentUrl\":\"https:\/\/www.safinel.fr\/wp-content\/uploads\/2023\/03\/pack-opk.jpg\",\"width\":600,\"height\":600,\"caption\":\"Pack SOPK 1 mois (syndrome ovaires polykystiques)\"},{\"@type\":\"BreadcrumbList\",\"@id\":\"https:\/\/www.safinel.fr\/produit\/pack-sopk-1-mois\/#breadcrumb\",\"itemListElement\":[{\"@type\":\"ListItem\",\"position\":1,\"name\":\"Accueil\",\"item\":\"https:\/\/www.safinel.fr\/\"},{\"@type\":\"ListItem\",\"position\":2,\"name\":\"Boutique\",\"item\":\"https:\/\/www.safinel.fr\/boutique\/\"},{\"@type\":\"ListItem\",\"position\":3,\"name\":\"Pack SOPK 1 mois (syndrome ovaires polykystiques)\"}]},{\"@type\":\"WebSite\",\"@id\":\"https:\/\/www.safinel.fr\/#website\",\"url\":\"https:\/\/www.safinel.fr\/\",\"name\":\"Safinel\",\"description\":\"\",\"publisher\":{\"@id\":\"https:\/\/www.safinel.fr\/#organization\"},\"potentialAction\":[{\"@type\":\"SearchAction\",\"target\":{\"@type\":\"EntryPoint\",\"urlTemplate\":\"https:\/\/www.safinel.fr\/?s={search_term_string}\"},\"query-input\":{\"@type\":\"PropertyValueSpecification\",\"valueRequired\":true,\"valueName\":\"search_term_string\"}}],\"inLanguage\":\"pt-PT\"},{\"@type\":\"Organization\",\"@id\":\"https:\/\/www.safinel.fr\/#organization\",\"name\":\"Safinel\",\"url\":\"https:\/\/www.safinel.fr\/\",\"logo\":{\"@type\":\"ImageObject\",\"inLanguage\":\"pt-PT\",\"@id\":\"https:\/\/www.safinel.fr\/#\/schema\/logo\/image\/\",\"url\":\"https:\/\/www.safinel.fr\/wp-content\/uploads\/2021\/05\/boutique-cosmetique.png\",\"contentUrl\":\"https:\/\/www.safinel.fr\/wp-content\/uploads\/2021\/05\/boutique-cosmetique.png\",\"width\":800,\"height\":200,\"caption\":\"Safinel\"},\"image\":{\"@id\":\"https:\/\/www.safinel.fr\/#\/schema\/logo\/image\/\"}}]}<\/script>\n<!-- \/ Yoast SEO plugin. -->","yoast_head_json":{"title":"Pacote SOPK 1 m\u00eas (s\u00edndrome dos ov\u00e1rios polic\u00edsticos) - Safinel","robots":{"index":"index","follow":"follow","max-snippet":"max-snippet:-1","max-image-preview":"max-image-preview:large","max-video-preview":"max-video-preview:-1"},"canonical":"https:\/\/www.safinel.fr\/pt\/product-2\/pacote-sopk-1-mes\/","og_locale":"pt_PT","og_type":"article","og_title":"Pack SOPK 1 mois (syndrome ovaires polykystiques) - Safinel","og_url":"https:\/\/www.safinel.fr\/pt\/product-2\/pacote-sopk-1-mes\/","og_site_name":"Safinel","article_modified_time":"2023-12-28T17:15:51+00:00","og_image":[{"width":600,"height":600,"url":"https:\/\/www.safinel.fr\/wp-content\/uploads\/2023\/03\/pack-opk.jpg","type":"image\/jpeg"}],"twitter_card":"summary_large_image","schema":{"@context":"https:\/\/schema.org","@graph":[{"@type":"WebPage","@id":"https:\/\/www.safinel.fr\/produit\/pack-sopk-1-mois\/","url":"https:\/\/www.safinel.fr\/produit\/pack-sopk-1-mois\/","name":"Pacote SOPK 1 m\u00eas (s\u00edndrome dos ov\u00e1rios polic\u00edsticos) - Safinel","isPartOf":{"@id":"https:\/\/www.safinel.fr\/#website"},"primaryImageOfPage":{"@id":"https:\/\/www.safinel.fr\/produit\/pack-sopk-1-mois\/#primaryimage"},"image":{"@id":"https:\/\/www.safinel.fr\/produit\/pack-sopk-1-mois\/#primaryimage"},"thumbnailUrl":"https:\/\/www.safinel.fr\/wp-content\/uploads\/2023\/03\/pack-opk.jpg","datePublished":"2023-03-06T17:19:46+00:00","dateModified":"2023-12-28T17:15:51+00:00","breadcrumb":{"@id":"https:\/\/www.safinel.fr\/produit\/pack-sopk-1-mois\/#breadcrumb"},"inLanguage":"pt-PT","potentialAction":[{"@type":"ReadAction","target":["https:\/\/www.safinel.fr\/produit\/pack-sopk-1-mois\/"]}]},{"@type":"ImageObject","inLanguage":"pt-PT","@id":"https:\/\/www.safinel.fr\/produit\/pack-sopk-1-mois\/#primaryimage","url":"https:\/\/www.safinel.fr\/wp-content\/uploads\/2023\/03\/pack-opk.jpg","contentUrl":"https:\/\/www.safinel.fr\/wp-content\/uploads\/2023\/03\/pack-opk.jpg","width":600,"height":600,"caption":"Pack SOPK 1 mois (syndrome ovaires polykystiques)"},{"@type":"BreadcrumbList","@id":"https:\/\/www.safinel.fr\/produit\/pack-sopk-1-mois\/#breadcrumb","itemListElement":[{"@type":"ListItem","position":1,"name":"Accueil","item":"https:\/\/www.safinel.fr\/"},{"@type":"ListItem","position":2,"name":"Boutique","item":"https:\/\/www.safinel.fr\/boutique\/"},{"@type":"ListItem","position":3,"name":"Pack SOPK 1 mois (syndrome ovaires polykystiques)"}]},{"@type":"WebSite","@id":"https:\/\/www.safinel.fr\/#website","url":"https:\/\/www.safinel.fr\/","name":"Safinel","description":"","publisher":{"@id":"https:\/\/www.safinel.fr\/#organization"},"potentialAction":[{"@type":"SearchAction","target":{"@type":"EntryPoint","urlTemplate":"https:\/\/www.safinel.fr\/?s={search_term_string}"},"query-input":{"@type":"PropertyValueSpecification","valueRequired":true,"valueName":"search_term_string"}}],"inLanguage":"pt-PT"},{"@type":"Organization","@id":"https:\/\/www.safinel.fr\/#organization","name":"Safinel","url":"https:\/\/www.safinel.fr\/","logo":{"@type":"ImageObject","inLanguage":"pt-PT","@id":"https:\/\/www.safinel.fr\/#\/schema\/logo\/image\/","url":"https:\/\/www.safinel.fr\/wp-content\/uploads\/2021\/05\/boutique-cosmetique.png","contentUrl":"https:\/\/www.safinel.fr\/wp-content\/uploads\/2021\/05\/boutique-cosmetique.png","width":800,"height":200,"caption":"Safinel"},"image":{"@id":"https:\/\/www.safinel.fr\/#\/schema\/logo\/image\/"}}]}},"_links":{"self":[{"href":"https:\/\/www.safinel.fr\/pt\/wp-json\/wp\/v2\/product\/4914","targetHints":{"allow":["GET"]}}],"collection":[{"href":"https:\/\/www.safinel.fr\/pt\/wp-json\/wp\/v2\/product"}],"about":[{"href":"https:\/\/www.safinel.fr\/pt\/wp-json\/wp\/v2\/types\/product"}],"wp:featuredmedia":[{"embeddable":true,"href":"https:\/\/www.safinel.fr\/pt\/wp-json\/wp\/v2\/media\/4916"}],"wp:attachment":[{"href":"https:\/\/www.safinel.fr\/pt\/wp-json\/wp\/v2\/media?parent=4914"}],"wp:term":[{"taxonomy":"product_brand","embeddable":true,"href":"https:\/\/www.safinel.fr\/pt\/wp-json\/wp\/v2\/product_brand?post=4914"},{"taxonomy":"product_cat","embeddable":true,"href":"https:\/\/www.safinel.fr\/pt\/wp-json\/wp\/v2\/product_cat?post=4914"},{"taxonomy":"product_tag","embeddable":true,"href":"https:\/\/www.safinel.fr\/pt\/wp-json\/wp\/v2\/product_tag?post=4914"}],"curies":[{"name":"wp","href":"https:\/\/api.w.org\/{rel}","templated":true}]}}