{"id":4698,"date":"2023-02-19T09:47:38","date_gmt":"2023-02-19T09:47:38","guid":{"rendered":"https:\/\/www.safinel.fr\/?post_type=product&#038;p=4698"},"modified":"2026-01-13T11:03:14","modified_gmt":"2026-01-13T11:03:14","slug":"batom-magico","status":"publish","type":"product","link":"https:\/\/www.safinel.fr\/pt\/product-2\/batom-magico\/","title":{"rendered":"Batom m\u00e1gico \u00e0 prova de \u00e1gua \u2013 Rosa F\u00facsia"},"content":{"rendered":"<p>Quer dar um toque de energia e cor \u00e0 sua rotina de beleza? Para isso, o\u00a0<strong>RAL<\/strong>\u00a0\u00e9 uma op\u00e7\u00e3o a n\u00e3o descurar. \u00c9 mesmo muito mais do que isso, especialmente quando conhecer o\u00a0<strong>batom m\u00e1gico de Marrocos<\/strong>.<\/p>\n<h2><strong>Tend\u00eancia e originalidade com o batom do Marrocos<\/strong><\/h2>\n<p>A embalagem verde chamativa pode n\u00e3o lhe inspirar. No entanto, seria um erro n\u00e3o experiment\u00e1-lo. Como diz o ditado, \u00abn\u00e3o se deve julgar pelas apar\u00eancias\u00bb. E este batom m\u00e1gico \u00e9 a prova disso!<\/p>\n<p>Quando retirar a tampa do\u00a0<strong>batom m\u00e1gico de Marrocos<\/strong>, Surpresa! Ou n\u00e3o. A cor tamb\u00e9m \u00e9 verde. Fal\u00e1mos sobre mudan\u00e7a e sobre colocar cor na sua vida, mas n\u00e3o a este ponto. Na verdade, assim que aplicado nos l\u00e1bios, este creme transforma-o imediatamente. E poder\u00e1 desfrutar de uma cor rosa f\u00facsia supermoderna e glamorosa.<\/p>\n<h2><strong>Como funciona?<\/strong><\/h2>\n<p>Esta f\u00f3rmula adapta-se simplesmente ao pH da sua pele. Assim, dependendo da pessoa, este bonito tom rosa pode assumir uma tonalidade mais ou menos pronunciada. M\u00e1gico, j\u00e1 lhe dissemos! Ali\u00e1s, alguns at\u00e9 lhe chamam o\u00a0<strong>batom camale\u00e3o.\u00a0<\/strong><\/p>\n<h2><strong>Algumas particularidades do batom m\u00e1gico marroquino\u00a0<\/strong><\/h2>\n<p>Este\u00a0<strong>maquiagem para os l\u00e1bios<\/strong>\u00a0oferece uma cor bonita, mas n\u00e3o s\u00f3 isso. Ser\u00e1 um item indispens\u00e1vel no seu\u00a0<strong>kit de beleza<\/strong>\u00a0no dia a dia e em todas as esta\u00e7\u00f5es. Na verdade, o seu\u00a0<strong>f\u00f3rmula \u00e0 prova de \u00e1gua<\/strong>\u00a0com aloe vera promete uma durabilidade de 48 horas! A oportunidade de ficar bonita mesmo na piscina, sem que a maquilhagem escorra.<\/p>\n<p>Al\u00e9m disso, proporciona um acabamento leve e n\u00e3o pegajoso, com um brilho suave.<\/p>\n<h3><strong>Como usar essa maquilhagem m\u00e1gica?\u00a0<\/strong><\/h3>\n<p>Para desfrutar da bela tonalidade deste RAL verde, nada mais simples. Aplique-o em l\u00e1bios limpos e secos, cobrindo toda a superf\u00edcie. Basta aguardar alguns instantes para que o seu novo\u00a0<strong>maquiagem<\/strong>\u00a0revela a sua cor definitiva!<\/p>\n<p>Por fim, n\u00e3o hesite em esfoliar os l\u00e1bios regularmente, para manter a pele macia. Para isso, basta uma colher de ch\u00e1 de\u00a0<strong><a href=\"https:\/\/www.safinel.fr\/pt\/product-2\/mel-de-alecrim\/\">mel de alecrim<\/a>\u00a0<\/strong>Misture com um pouco de a\u00e7\u00facar e o seu (delicioso) esfoliante est\u00e1 pronto!<\/p>","protected":false},"excerpt":{"rendered":"<p>Vous souhaitez mettre un peu de peps et de couleurs dans votre routine beaut\u00e9 ? Pour cela, le\u00a0RAL\u00a0est une option non-n\u00e9gligeable. C\u2019est m\u00eame bien plus que cela, surtout lorsque vous conna\u00eetrez le\u00a0rouge \u00e0 l\u00e8vres magique du Maroc. Tendance et originalit\u00e9 avec le rouge \u00e0 l\u00e8vres du Maroc Son packaging \u00e0 la couleur verte flashy ne [&#8230;]","protected":false},"featured_media":4699,"template":"","meta":[],"product_brand":[],"product_cat":[23],"product_tag":[],"class_list":{"0":"post-4698","1":"product","2":"type-product","3":"status-publish","4":"has-post-thumbnail","6":"product_cat-hygiene-feminine","8":"first","9":"outofstock","10":"shipping-taxable","11":"purchasable","12":"product-type-simple"},"yoast_head":"<!-- This site is optimized with the Yoast SEO plugin v26.6 - https:\/\/yoast.com\/wordpress\/plugins\/seo\/ -->\n<title>Rouge \u00e0 l\u00e8vres magique du Maroc I Waterproof I Rose Fushia<\/title>\n<meta name=\"description\" content=\"Lorsque vous \u00f4tez le capuchon du\u00a0rouge \u00e0 l\u00e8vres magique du Maroc, surprise ! Ou pas. Sa couleur est, en effet, \u00e9galement verte.\" \/>\n<meta name=\"robots\" content=\"index, follow, max-snippet:-1, max-image-preview:large, max-video-preview:-1\" \/>\n<link rel=\"canonical\" href=\"https:\/\/www.safinel.fr\/pt\/product-2\/batom-magico\/\" \/>\n<meta property=\"og:locale\" content=\"pt_PT\" \/>\n<meta property=\"og:type\" content=\"article\" \/>\n<meta property=\"og:title\" content=\"Rouge \u00e0 l\u00e8vres magique du Maroc I Waterproof I Rose Fushia\" \/>\n<meta property=\"og:description\" content=\"Lorsque vous \u00f4tez le capuchon du\u00a0rouge \u00e0 l\u00e8vres magique du Maroc, surprise ! Ou pas. Sa couleur est, en effet, \u00e9galement verte.\" \/>\n<meta property=\"og:url\" content=\"https:\/\/www.safinel.fr\/pt\/product-2\/batom-magico\/\" \/>\n<meta property=\"og:site_name\" content=\"Safinel\" \/>\n<meta property=\"article:modified_time\" content=\"2026-01-13T11:03:14+00:00\" \/>\n<meta property=\"og:image\" content=\"https:\/\/www.safinel.fr\/wp-content\/uploads\/2023\/02\/Rouge-a-levres-magique-du-maroc.jpg\" \/>\n\t<meta property=\"og:image:width\" content=\"600\" \/>\n\t<meta property=\"og:image:height\" content=\"600\" \/>\n\t<meta property=\"og:image:type\" content=\"image\/jpeg\" \/>\n<meta name=\"twitter:card\" content=\"summary_large_image\" \/>\n<meta name=\"twitter:label1\" content=\"Tempo estimado de leitura\" \/>\n\t<meta name=\"twitter:data1\" content=\"2 minutos\" \/>\n<script type=\"application\/ld+json\" class=\"yoast-schema-graph\">{\"@context\":\"https:\/\/schema.org\",\"@graph\":[{\"@type\":\"WebPage\",\"@id\":\"https:\/\/www.safinel.fr\/produit\/rouge-a-levres-magique\/\",\"url\":\"https:\/\/www.safinel.fr\/produit\/rouge-a-levres-magique\/\",\"name\":\"Rouge \u00e0 l\u00e8vres magique du Maroc I Waterproof I Rose Fushia\",\"isPartOf\":{\"@id\":\"https:\/\/www.safinel.fr\/#website\"},\"primaryImageOfPage\":{\"@id\":\"https:\/\/www.safinel.fr\/produit\/rouge-a-levres-magique\/#primaryimage\"},\"image\":{\"@id\":\"https:\/\/www.safinel.fr\/produit\/rouge-a-levres-magique\/#primaryimage\"},\"thumbnailUrl\":\"https:\/\/www.safinel.fr\/wp-content\/uploads\/2023\/02\/Rouge-a-levres-magique-du-maroc.jpg\",\"datePublished\":\"2023-02-19T09:47:38+00:00\",\"dateModified\":\"2026-01-13T11:03:14+00:00\",\"description\":\"Lorsque vous \u00f4tez le capuchon du\u00a0rouge \u00e0 l\u00e8vres magique du Maroc, surprise ! Ou pas. Sa couleur est, en effet, \u00e9galement verte.\",\"breadcrumb\":{\"@id\":\"https:\/\/www.safinel.fr\/produit\/rouge-a-levres-magique\/#breadcrumb\"},\"inLanguage\":\"pt-PT\",\"potentialAction\":[{\"@type\":\"ReadAction\",\"target\":[\"https:\/\/www.safinel.fr\/produit\/rouge-a-levres-magique\/\"]}]},{\"@type\":\"ImageObject\",\"inLanguage\":\"pt-PT\",\"@id\":\"https:\/\/www.safinel.fr\/produit\/rouge-a-levres-magique\/#primaryimage\",\"url\":\"https:\/\/www.safinel.fr\/wp-content\/uploads\/2023\/02\/Rouge-a-levres-magique-du-maroc.jpg\",\"contentUrl\":\"https:\/\/www.safinel.fr\/wp-content\/uploads\/2023\/02\/Rouge-a-levres-magique-du-maroc.jpg\",\"width\":600,\"height\":600,\"caption\":\"Rouge \u00e0 l\u00e8vres magique waterproof - Rose Fushia\"},{\"@type\":\"BreadcrumbList\",\"@id\":\"https:\/\/www.safinel.fr\/produit\/rouge-a-levres-magique\/#breadcrumb\",\"itemListElement\":[{\"@type\":\"ListItem\",\"position\":1,\"name\":\"Accueil\",\"item\":\"https:\/\/www.safinel.fr\/\"},{\"@type\":\"ListItem\",\"position\":2,\"name\":\"Boutique\",\"item\":\"https:\/\/www.safinel.fr\/boutique\/\"},{\"@type\":\"ListItem\",\"position\":3,\"name\":\"Rouge \u00e0 l\u00e8vres magique waterproof &#8211; Rose Fushia\"}]},{\"@type\":\"WebSite\",\"@id\":\"https:\/\/www.safinel.fr\/#website\",\"url\":\"https:\/\/www.safinel.fr\/\",\"name\":\"Safinel\",\"description\":\"\",\"publisher\":{\"@id\":\"https:\/\/www.safinel.fr\/#organization\"},\"potentialAction\":[{\"@type\":\"SearchAction\",\"target\":{\"@type\":\"EntryPoint\",\"urlTemplate\":\"https:\/\/www.safinel.fr\/?s={search_term_string}\"},\"query-input\":{\"@type\":\"PropertyValueSpecification\",\"valueRequired\":true,\"valueName\":\"search_term_string\"}}],\"inLanguage\":\"pt-PT\"},{\"@type\":\"Organization\",\"@id\":\"https:\/\/www.safinel.fr\/#organization\",\"name\":\"Safinel\",\"url\":\"https:\/\/www.safinel.fr\/\",\"logo\":{\"@type\":\"ImageObject\",\"inLanguage\":\"pt-PT\",\"@id\":\"https:\/\/www.safinel.fr\/#\/schema\/logo\/image\/\",\"url\":\"https:\/\/www.safinel.fr\/wp-content\/uploads\/2021\/05\/boutique-cosmetique.png\",\"contentUrl\":\"https:\/\/www.safinel.fr\/wp-content\/uploads\/2021\/05\/boutique-cosmetique.png\",\"width\":800,\"height\":200,\"caption\":\"Safinel\"},\"image\":{\"@id\":\"https:\/\/www.safinel.fr\/#\/schema\/logo\/image\/\"}}]}<\/script>\n<!-- \/ Yoast SEO plugin. -->","yoast_head_json":{"title":"Batom m\u00e1gico do Marrocos I \u00c0 prova de \u00e1gua I Rosa f\u00facsia","description":"Quando voc\u00ea tira a tampa do batom m\u00e1gico do Marrocos, surpresa! Ou n\u00e3o. A cor dele tamb\u00e9m \u00e9 verde.","robots":{"index":"index","follow":"follow","max-snippet":"max-snippet:-1","max-image-preview":"max-image-preview:large","max-video-preview":"max-video-preview:-1"},"canonical":"https:\/\/www.safinel.fr\/pt\/product-2\/batom-magico\/","og_locale":"pt_PT","og_type":"article","og_title":"Rouge \u00e0 l\u00e8vres magique du Maroc I Waterproof I Rose Fushia","og_description":"Lorsque vous \u00f4tez le capuchon du\u00a0rouge \u00e0 l\u00e8vres magique du Maroc, surprise ! Ou pas. Sa couleur est, en effet, \u00e9galement verte.","og_url":"https:\/\/www.safinel.fr\/pt\/product-2\/batom-magico\/","og_site_name":"Safinel","article_modified_time":"2026-01-13T11:03:14+00:00","og_image":[{"width":600,"height":600,"url":"https:\/\/www.safinel.fr\/wp-content\/uploads\/2023\/02\/Rouge-a-levres-magique-du-maroc.jpg","type":"image\/jpeg"}],"twitter_card":"summary_large_image","twitter_misc":{"Tempo estimado de leitura":"2 minutos"},"schema":{"@context":"https:\/\/schema.org","@graph":[{"@type":"WebPage","@id":"https:\/\/www.safinel.fr\/produit\/rouge-a-levres-magique\/","url":"https:\/\/www.safinel.fr\/produit\/rouge-a-levres-magique\/","name":"Batom m\u00e1gico do Marrocos I \u00c0 prova de \u00e1gua I Rosa f\u00facsia","isPartOf":{"@id":"https:\/\/www.safinel.fr\/#website"},"primaryImageOfPage":{"@id":"https:\/\/www.safinel.fr\/produit\/rouge-a-levres-magique\/#primaryimage"},"image":{"@id":"https:\/\/www.safinel.fr\/produit\/rouge-a-levres-magique\/#primaryimage"},"thumbnailUrl":"https:\/\/www.safinel.fr\/wp-content\/uploads\/2023\/02\/Rouge-a-levres-magique-du-maroc.jpg","datePublished":"2023-02-19T09:47:38+00:00","dateModified":"2026-01-13T11:03:14+00:00","description":"Quando voc\u00ea tira a tampa do batom m\u00e1gico do Marrocos, surpresa! Ou n\u00e3o. A cor dele tamb\u00e9m \u00e9 verde.","breadcrumb":{"@id":"https:\/\/www.safinel.fr\/produit\/rouge-a-levres-magique\/#breadcrumb"},"inLanguage":"pt-PT","potentialAction":[{"@type":"ReadAction","target":["https:\/\/www.safinel.fr\/produit\/rouge-a-levres-magique\/"]}]},{"@type":"ImageObject","inLanguage":"pt-PT","@id":"https:\/\/www.safinel.fr\/produit\/rouge-a-levres-magique\/#primaryimage","url":"https:\/\/www.safinel.fr\/wp-content\/uploads\/2023\/02\/Rouge-a-levres-magique-du-maroc.jpg","contentUrl":"https:\/\/www.safinel.fr\/wp-content\/uploads\/2023\/02\/Rouge-a-levres-magique-du-maroc.jpg","width":600,"height":600,"caption":"Rouge \u00e0 l\u00e8vres magique waterproof - Rose Fushia"},{"@type":"BreadcrumbList","@id":"https:\/\/www.safinel.fr\/produit\/rouge-a-levres-magique\/#breadcrumb","itemListElement":[{"@type":"ListItem","position":1,"name":"Accueil","item":"https:\/\/www.safinel.fr\/"},{"@type":"ListItem","position":2,"name":"Boutique","item":"https:\/\/www.safinel.fr\/boutique\/"},{"@type":"ListItem","position":3,"name":"Rouge \u00e0 l\u00e8vres magique waterproof &#8211; Rose Fushia"}]},{"@type":"WebSite","@id":"https:\/\/www.safinel.fr\/#website","url":"https:\/\/www.safinel.fr\/","name":"Safinel","description":"","publisher":{"@id":"https:\/\/www.safinel.fr\/#organization"},"potentialAction":[{"@type":"SearchAction","target":{"@type":"EntryPoint","urlTemplate":"https:\/\/www.safinel.fr\/?s={search_term_string}"},"query-input":{"@type":"PropertyValueSpecification","valueRequired":true,"valueName":"search_term_string"}}],"inLanguage":"pt-PT"},{"@type":"Organization","@id":"https:\/\/www.safinel.fr\/#organization","name":"Safinel","url":"https:\/\/www.safinel.fr\/","logo":{"@type":"ImageObject","inLanguage":"pt-PT","@id":"https:\/\/www.safinel.fr\/#\/schema\/logo\/image\/","url":"https:\/\/www.safinel.fr\/wp-content\/uploads\/2021\/05\/boutique-cosmetique.png","contentUrl":"https:\/\/www.safinel.fr\/wp-content\/uploads\/2021\/05\/boutique-cosmetique.png","width":800,"height":200,"caption":"Safinel"},"image":{"@id":"https:\/\/www.safinel.fr\/#\/schema\/logo\/image\/"}}]}},"_links":{"self":[{"href":"https:\/\/www.safinel.fr\/pt\/wp-json\/wp\/v2\/product\/4698","targetHints":{"allow":["GET"]}}],"collection":[{"href":"https:\/\/www.safinel.fr\/pt\/wp-json\/wp\/v2\/product"}],"about":[{"href":"https:\/\/www.safinel.fr\/pt\/wp-json\/wp\/v2\/types\/product"}],"wp:featuredmedia":[{"embeddable":true,"href":"https:\/\/www.safinel.fr\/pt\/wp-json\/wp\/v2\/media\/4699"}],"wp:attachment":[{"href":"https:\/\/www.safinel.fr\/pt\/wp-json\/wp\/v2\/media?parent=4698"}],"wp:term":[{"taxonomy":"product_brand","embeddable":true,"href":"https:\/\/www.safinel.fr\/pt\/wp-json\/wp\/v2\/product_brand?post=4698"},{"taxonomy":"product_cat","embeddable":true,"href":"https:\/\/www.safinel.fr\/pt\/wp-json\/wp\/v2\/product_cat?post=4698"},{"taxonomy":"product_tag","embeddable":true,"href":"https:\/\/www.safinel.fr\/pt\/wp-json\/wp\/v2\/product_tag?post=4698"}],"curies":[{"name":"wp","href":"https:\/\/api.w.org\/{rel}","templated":true}]}}