{"id":4659,"date":"2023-02-15T15:34:00","date_gmt":"2023-02-15T15:34:00","guid":{"rendered":"https:\/\/www.safinel.fr\/?post_type=product&#038;p=4659"},"modified":"2023-12-28T17:15:48","modified_gmt":"2023-12-28T17:15:48","slug":"almiscar-tahara-jasmim","status":"publish","type":"product","link":"https:\/\/www.safinel.fr\/pt\/product-2\/almiscar-tahara-jasmim\/","title":{"rendered":"Alm\u00edscar Tahara jasmim 3 ml"},"content":{"rendered":"<p>Na categoria de alm\u00edscar Tahara, destacamos uma pequena joia multifacetada, que \u00e9, obviamente, o<strong>\u00a0Musk Tahara Jasmin e o seu aroma excecional.<\/strong><\/p>\n<p>Estamos muito felizes por poder partilhar isto consigo, pois temos a certeza de que tamb\u00e9m ficar\u00e1 encantado. Zoom sobre o Musc Tahara Jasmin, um aroma delicado que nos transporta para pa\u00edses distantes.<\/p>\n<h2><strong>O Musc Tahara Jasmin, um aroma que esconde mais do que aparenta<\/strong><\/h2>\n<p>De facto, se o jasmim conquista sem d\u00favida, \u00e9 porque nos oferece um leque de facetas maravilhosamente loucas. Assim, este alm\u00edscar proporcionar\u00e1, al\u00e9m de uma frescura inimit\u00e1vel, uma infinidade de aromas preciosos.<\/p>\n<p>Entre as coisas maravilhosas que ele nos oferece,\u00a0<strong>O jasmim ir\u00e1 oferecer-nos facetas particularmente ensolaradas e frutadas. Mas tamb\u00e9m melosas e sensuais ao desejo.<\/strong><\/p>\n<p>Al\u00e9m disso, o jasmim traz\u00a0<strong>reflexos florais e frescos.\u00a0<\/strong>Assim, no nosso caso, aqui, ele ir\u00e1 garantir-nos\u00a0<strong>uma sensa\u00e7\u00e3o de limpeza incompar\u00e1vel.<\/strong>\u00a0De facto, a sua utiliza\u00e7\u00e3o na zona \u00edntima garante uma grande frescura duradoura \u00e0s mulheres.<\/p>\n<h2><strong>O perfume Tahara Jasmine acompanha-o desde o fim da tarde at\u00e9 ao in\u00edcio da manh\u00e3!<\/strong><\/h2>\n<p>Sim! \u00c9 sabido que o alm\u00edscar \u00e9 duradouro! De facto,\u00a0<strong>O alm\u00edscar Tahara \u00e9 reconhecido tanto pela sua textura cremosa, que facilita a sua aplica\u00e7\u00e3o, como pela sua persist\u00eancia sem sombra de d\u00favida.<\/strong><\/p>\n<p>Assim, ap\u00f3s um dia bem ocupado. E uma boa duche, ainda por cima. <strong>Algumas gotas de alm\u00edscar Tahara com jasmim garantem sensualidade e frescor at\u00e9 o dia seguinte!\u00a0<\/strong><\/p>\n<p>Agora est\u00e1 revigorada e dispon\u00edvel. Uma vantagem, se quiser passar um momento relaxante com o seu marido!<\/p>\n<h3><strong>E com isto?<\/strong><\/h3>\n<p>Com esta joia perfumada com jasmim, descubra toda uma gama de aromas deliciosos para poder\u00a0<strong>perfumar-se de acordo com o seu estado de esp\u00edrito.<\/strong>\u00a0Cereja, coco, manga, \u00e2mbar ou ainda <a href=\"https:\/\/www.safinel.fr\/pt\/product-2\/almiscar-tahara-frutos-vermelhos\/\"><strong>frutos vermelhos<\/strong><\/a>, h\u00e1 certamente algo para todos os gostos.<\/p>\n<p>Al\u00e9m disso, considerando os pre\u00e7os baixos que eles t\u00eam, voc\u00ea poderia quase lev\u00e1-los todos!<\/p>","protected":false},"excerpt":{"rendered":"<p><img decoding=\"async\" class=\"size-full wp-image-5091 aligncenter\" src=\"https:\/\/www.safinel.fr\/wp-content\/uploads\/2021\/06\/BANNIERE-ICONE-SAFINEL.webp\" alt=\"resseguro satinado\" width=\"800\" height=\"200\" srcset=\"https:\/\/www.safinel.fr\/wp-content\/uploads\/2021\/06\/BANNIERE-ICONE-SAFINEL.webp 800w, https:\/\/www.safinel.fr\/wp-content\/uploads\/2021\/06\/BANNIERE-ICONE-SAFINEL-600x150.webp 600w, https:\/\/www.safinel.fr\/wp-content\/uploads\/2021\/06\/BANNIERE-ICONE-SAFINEL-768x192.webp 768w\" sizes=\"(max-width: 800px) 100vw, 800px\" \/><\/p>","protected":false},"featured_media":4646,"template":"","meta":[],"product_brand":[],"product_cat":[127],"product_tag":[],"class_list":{"0":"post-4659","1":"product","2":"type-product","3":"status-publish","4":"has-post-thumbnail","6":"product_cat-musc-tahara-intime","8":"first","9":"instock","10":"shipping-taxable","11":"purchasable","12":"product-type-simple"},"yoast_head":"<!-- This site is optimized with the Yoast SEO plugin v26.6 - https:\/\/yoast.com\/wordpress\/plugins\/seo\/ -->\n<title>Musc Tahara Jasmin I Fiole 3ml I Parfum frais<\/title>\n<meta name=\"description\" content=\"Dans la cat\u00e9gorie musc Tahara nous appelons une petite p\u00e9pite aux multiples facettes, il s&#039;agit bien \u00e9videment du\u00a0musc Tahara Jasmin.\" \/>\n<meta name=\"robots\" content=\"index, follow, max-snippet:-1, max-image-preview:large, max-video-preview:-1\" \/>\n<link rel=\"canonical\" href=\"https:\/\/www.safinel.fr\/pt\/product-2\/almiscar-tahara-jasmim\/\" \/>\n<meta property=\"og:locale\" content=\"pt_PT\" \/>\n<meta property=\"og:type\" content=\"article\" \/>\n<meta property=\"og:title\" content=\"Musc Tahara Jasmin I Fiole 3ml I Parfum frais\" \/>\n<meta property=\"og:description\" content=\"Dans la cat\u00e9gorie musc Tahara nous appelons une petite p\u00e9pite aux multiples facettes, il s&#039;agit bien \u00e9videment du\u00a0musc Tahara Jasmin.\" \/>\n<meta property=\"og:url\" content=\"https:\/\/www.safinel.fr\/pt\/product-2\/almiscar-tahara-jasmim\/\" \/>\n<meta property=\"og:site_name\" content=\"Safinel\" \/>\n<meta property=\"article:modified_time\" content=\"2023-12-28T17:15:48+00:00\" \/>\n<meta property=\"og:image\" content=\"https:\/\/www.safinel.fr\/wp-content\/uploads\/2023\/02\/musc-tahara-jasmin.jpg\" \/>\n\t<meta property=\"og:image:width\" content=\"600\" \/>\n\t<meta property=\"og:image:height\" content=\"600\" \/>\n\t<meta property=\"og:image:type\" content=\"image\/jpeg\" \/>\n<meta name=\"twitter:card\" content=\"summary_large_image\" \/>\n<meta name=\"twitter:label1\" content=\"Tempo estimado de leitura\" \/>\n\t<meta name=\"twitter:data1\" content=\"2 minutos\" \/>\n<script type=\"application\/ld+json\" class=\"yoast-schema-graph\">{\"@context\":\"https:\/\/schema.org\",\"@graph\":[{\"@type\":\"WebPage\",\"@id\":\"https:\/\/www.safinel.fr\/produit\/musc-tahara-jasmin\/\",\"url\":\"https:\/\/www.safinel.fr\/produit\/musc-tahara-jasmin\/\",\"name\":\"Musc Tahara Jasmin I Fiole 3ml I Parfum frais\",\"isPartOf\":{\"@id\":\"https:\/\/www.safinel.fr\/#website\"},\"primaryImageOfPage\":{\"@id\":\"https:\/\/www.safinel.fr\/produit\/musc-tahara-jasmin\/#primaryimage\"},\"image\":{\"@id\":\"https:\/\/www.safinel.fr\/produit\/musc-tahara-jasmin\/#primaryimage\"},\"thumbnailUrl\":\"https:\/\/www.safinel.fr\/wp-content\/uploads\/2023\/02\/musc-tahara-jasmin.jpg\",\"datePublished\":\"2023-02-15T15:34:00+00:00\",\"dateModified\":\"2023-12-28T17:15:48+00:00\",\"description\":\"Dans la cat\u00e9gorie musc Tahara nous appelons une petite p\u00e9pite aux multiples facettes, il s'agit bien \u00e9videment du\u00a0musc Tahara Jasmin.\",\"breadcrumb\":{\"@id\":\"https:\/\/www.safinel.fr\/produit\/musc-tahara-jasmin\/#breadcrumb\"},\"inLanguage\":\"pt-PT\",\"potentialAction\":[{\"@type\":\"ReadAction\",\"target\":[\"https:\/\/www.safinel.fr\/produit\/musc-tahara-jasmin\/\"]}]},{\"@type\":\"ImageObject\",\"inLanguage\":\"pt-PT\",\"@id\":\"https:\/\/www.safinel.fr\/produit\/musc-tahara-jasmin\/#primaryimage\",\"url\":\"https:\/\/www.safinel.fr\/wp-content\/uploads\/2023\/02\/musc-tahara-jasmin.jpg\",\"contentUrl\":\"https:\/\/www.safinel.fr\/wp-content\/uploads\/2023\/02\/musc-tahara-jasmin.jpg\",\"width\":600,\"height\":600,\"caption\":\"musc tahara jasmin\"},{\"@type\":\"BreadcrumbList\",\"@id\":\"https:\/\/www.safinel.fr\/produit\/musc-tahara-jasmin\/#breadcrumb\",\"itemListElement\":[{\"@type\":\"ListItem\",\"position\":1,\"name\":\"Accueil\",\"item\":\"https:\/\/www.safinel.fr\/\"},{\"@type\":\"ListItem\",\"position\":2,\"name\":\"Boutique\",\"item\":\"https:\/\/www.safinel.fr\/boutique\/\"},{\"@type\":\"ListItem\",\"position\":3,\"name\":\"Musc Tahara jasmin 3ml\"}]},{\"@type\":\"WebSite\",\"@id\":\"https:\/\/www.safinel.fr\/#website\",\"url\":\"https:\/\/www.safinel.fr\/\",\"name\":\"Safinel\",\"description\":\"\",\"publisher\":{\"@id\":\"https:\/\/www.safinel.fr\/#organization\"},\"potentialAction\":[{\"@type\":\"SearchAction\",\"target\":{\"@type\":\"EntryPoint\",\"urlTemplate\":\"https:\/\/www.safinel.fr\/?s={search_term_string}\"},\"query-input\":{\"@type\":\"PropertyValueSpecification\",\"valueRequired\":true,\"valueName\":\"search_term_string\"}}],\"inLanguage\":\"pt-PT\"},{\"@type\":\"Organization\",\"@id\":\"https:\/\/www.safinel.fr\/#organization\",\"name\":\"Safinel\",\"url\":\"https:\/\/www.safinel.fr\/\",\"logo\":{\"@type\":\"ImageObject\",\"inLanguage\":\"pt-PT\",\"@id\":\"https:\/\/www.safinel.fr\/#\/schema\/logo\/image\/\",\"url\":\"https:\/\/www.safinel.fr\/wp-content\/uploads\/2021\/05\/boutique-cosmetique.png\",\"contentUrl\":\"https:\/\/www.safinel.fr\/wp-content\/uploads\/2021\/05\/boutique-cosmetique.png\",\"width\":800,\"height\":200,\"caption\":\"Safinel\"},\"image\":{\"@id\":\"https:\/\/www.safinel.fr\/#\/schema\/logo\/image\/\"}}]}<\/script>\n<!-- \/ Yoast SEO plugin. -->","yoast_head_json":{"title":"Alm\u00edscar Tahara Jasmim I Frasco de 3 ml I Perfume fresco","description":"Na categoria alm\u00edscar Tahara, destacamos uma pequena joia multifacetada, que \u00e9, obviamente, o alm\u00edscar Tahara Jasmin.","robots":{"index":"index","follow":"follow","max-snippet":"max-snippet:-1","max-image-preview":"max-image-preview:large","max-video-preview":"max-video-preview:-1"},"canonical":"https:\/\/www.safinel.fr\/pt\/product-2\/almiscar-tahara-jasmim\/","og_locale":"pt_PT","og_type":"article","og_title":"Musc Tahara Jasmin I Fiole 3ml I Parfum frais","og_description":"Dans la cat\u00e9gorie musc Tahara nous appelons une petite p\u00e9pite aux multiples facettes, il s'agit bien \u00e9videment du\u00a0musc Tahara Jasmin.","og_url":"https:\/\/www.safinel.fr\/pt\/product-2\/almiscar-tahara-jasmim\/","og_site_name":"Safinel","article_modified_time":"2023-12-28T17:15:48+00:00","og_image":[{"width":600,"height":600,"url":"https:\/\/www.safinel.fr\/wp-content\/uploads\/2023\/02\/musc-tahara-jasmin.jpg","type":"image\/jpeg"}],"twitter_card":"summary_large_image","twitter_misc":{"Tempo estimado de leitura":"2 minutos"},"schema":{"@context":"https:\/\/schema.org","@graph":[{"@type":"WebPage","@id":"https:\/\/www.safinel.fr\/produit\/musc-tahara-jasmin\/","url":"https:\/\/www.safinel.fr\/produit\/musc-tahara-jasmin\/","name":"Alm\u00edscar Tahara Jasmim I Frasco de 3 ml I Perfume fresco","isPartOf":{"@id":"https:\/\/www.safinel.fr\/#website"},"primaryImageOfPage":{"@id":"https:\/\/www.safinel.fr\/produit\/musc-tahara-jasmin\/#primaryimage"},"image":{"@id":"https:\/\/www.safinel.fr\/produit\/musc-tahara-jasmin\/#primaryimage"},"thumbnailUrl":"https:\/\/www.safinel.fr\/wp-content\/uploads\/2023\/02\/musc-tahara-jasmin.jpg","datePublished":"2023-02-15T15:34:00+00:00","dateModified":"2023-12-28T17:15:48+00:00","description":"Na categoria alm\u00edscar Tahara, destacamos uma pequena joia multifacetada, que \u00e9, obviamente, o alm\u00edscar Tahara Jasmin.","breadcrumb":{"@id":"https:\/\/www.safinel.fr\/produit\/musc-tahara-jasmin\/#breadcrumb"},"inLanguage":"pt-PT","potentialAction":[{"@type":"ReadAction","target":["https:\/\/www.safinel.fr\/produit\/musc-tahara-jasmin\/"]}]},{"@type":"ImageObject","inLanguage":"pt-PT","@id":"https:\/\/www.safinel.fr\/produit\/musc-tahara-jasmin\/#primaryimage","url":"https:\/\/www.safinel.fr\/wp-content\/uploads\/2023\/02\/musc-tahara-jasmin.jpg","contentUrl":"https:\/\/www.safinel.fr\/wp-content\/uploads\/2023\/02\/musc-tahara-jasmin.jpg","width":600,"height":600,"caption":"musc tahara jasmin"},{"@type":"BreadcrumbList","@id":"https:\/\/www.safinel.fr\/produit\/musc-tahara-jasmin\/#breadcrumb","itemListElement":[{"@type":"ListItem","position":1,"name":"Accueil","item":"https:\/\/www.safinel.fr\/"},{"@type":"ListItem","position":2,"name":"Boutique","item":"https:\/\/www.safinel.fr\/boutique\/"},{"@type":"ListItem","position":3,"name":"Musc Tahara jasmin 3ml"}]},{"@type":"WebSite","@id":"https:\/\/www.safinel.fr\/#website","url":"https:\/\/www.safinel.fr\/","name":"Safinel","description":"","publisher":{"@id":"https:\/\/www.safinel.fr\/#organization"},"potentialAction":[{"@type":"SearchAction","target":{"@type":"EntryPoint","urlTemplate":"https:\/\/www.safinel.fr\/?s={search_term_string}"},"query-input":{"@type":"PropertyValueSpecification","valueRequired":true,"valueName":"search_term_string"}}],"inLanguage":"pt-PT"},{"@type":"Organization","@id":"https:\/\/www.safinel.fr\/#organization","name":"Safinel","url":"https:\/\/www.safinel.fr\/","logo":{"@type":"ImageObject","inLanguage":"pt-PT","@id":"https:\/\/www.safinel.fr\/#\/schema\/logo\/image\/","url":"https:\/\/www.safinel.fr\/wp-content\/uploads\/2021\/05\/boutique-cosmetique.png","contentUrl":"https:\/\/www.safinel.fr\/wp-content\/uploads\/2021\/05\/boutique-cosmetique.png","width":800,"height":200,"caption":"Safinel"},"image":{"@id":"https:\/\/www.safinel.fr\/#\/schema\/logo\/image\/"}}]}},"_links":{"self":[{"href":"https:\/\/www.safinel.fr\/pt\/wp-json\/wp\/v2\/product\/4659","targetHints":{"allow":["GET"]}}],"collection":[{"href":"https:\/\/www.safinel.fr\/pt\/wp-json\/wp\/v2\/product"}],"about":[{"href":"https:\/\/www.safinel.fr\/pt\/wp-json\/wp\/v2\/types\/product"}],"wp:featuredmedia":[{"embeddable":true,"href":"https:\/\/www.safinel.fr\/pt\/wp-json\/wp\/v2\/media\/4646"}],"wp:attachment":[{"href":"https:\/\/www.safinel.fr\/pt\/wp-json\/wp\/v2\/media?parent=4659"}],"wp:term":[{"taxonomy":"product_brand","embeddable":true,"href":"https:\/\/www.safinel.fr\/pt\/wp-json\/wp\/v2\/product_brand?post=4659"},{"taxonomy":"product_cat","embeddable":true,"href":"https:\/\/www.safinel.fr\/pt\/wp-json\/wp\/v2\/product_cat?post=4659"},{"taxonomy":"product_tag","embeddable":true,"href":"https:\/\/www.safinel.fr\/pt\/wp-json\/wp\/v2\/product_tag?post=4659"}],"curies":[{"name":"wp","href":"https:\/\/api.w.org\/{rel}","templated":true}]}}