{"id":4658,"date":"2023-02-15T15:32:08","date_gmt":"2023-02-15T15:32:08","guid":{"rendered":"https:\/\/www.safinel.fr\/?post_type=product&#038;p=4658"},"modified":"2026-01-29T12:49:36","modified_gmt":"2026-01-29T12:49:36","slug":"almiscar-tahara-frutos-vermelhos","status":"publish","type":"product","link":"https:\/\/www.safinel.fr\/pt\/product-2\/almiscar-tahara-frutos-vermelhos\/","title":{"rendered":"Alm\u00edscar Tahara frutos vermelhos 3 ml"},"content":{"rendered":"<p><strong>Preparem-se! Um verdadeiro cocktail \u00e1cido espera por voc\u00eas neste pequeno frasco com tampa dourada!<\/strong>\u00a0Sim! \u00c9 com enorme prazer que partilhamos convosco esta descoberta excecional do\u00a0<strong>musk Tahara frutos vermelhos e as suas facetas sublimes<\/strong>\u00a0! Vamos falar sobre isso em mais detalhes agora mesmo.<\/p>\n<p><strong>Zoom sobre este alm\u00edscar com uma textura incr\u00edvel e um aroma incompar\u00e1vel.\u00a0<\/strong><\/p>\n<h2><strong>O perfume Tahara frutos vermelhos e a sua textura \u00fanica que nos seduz a todos<\/strong><\/h2>\n<p>O alm\u00edscar Tahara frutos vermelhos \u00e9, acima de tudo, um produto incontorn\u00e1vel pela sua textura \u00fanica. Na verdade, apresenta\u00a0<strong>um aspecto deliciosamente cremoso e generoso.<\/strong><\/p>\n<p>Al\u00e9m disso, o seu aroma incompar\u00e1vel faz com que sucumbamos ao seu encanto. Este alm\u00edscar \u00e9 apreciado em todo o mundo. Nomeadamente por\u00a0<strong>o seu aroma totalmente \u00e1cido.<\/strong><\/p>\n<p>Assim, as mulheres molham um algod\u00e3o com o produto para limpar as partes \u00edntimas, deixando apenas esse aroma requintado. Ent\u00e3o, o que esperar exatamente?<\/p>\n<h2><strong>Aprecie a suave frescura do pomar<\/strong><\/h2>\n<p>De facto, os frutos vermelhos marcaram a nossa inf\u00e2ncia. E continuam a fazer as del\u00edcias do nosso paladar, mesmo j\u00e1 adultos. Nas pastelarias, seduzem-nos sem d\u00favida alguma.<\/p>\n<p>E na perfumaria tamb\u00e9m as suas fragr\u00e2ncias nos encantam! Os frutos vermelhos oferecem-nos\u00a0<strong>um aroma frutado e adocicado que o alm\u00edscar Tahara sabe sublimar na perfei\u00e7\u00e3o.<\/strong><\/p>\n<p>\u00c9, portanto, um puro prazer poder aplicar este perfume delicado e sublime na zona \u00edntima. Assim como saber que vamos desfrutar dele por muito tempo. \u00c9 dif\u00edcil resistir!<\/p>\n<h3><strong>A tenacidade do alm\u00edscar Tahara, sem d\u00favida incompar\u00e1vel<\/strong><\/h3>\n<p>De facto, se h\u00e1 uma caracter\u00edstica do alm\u00edscar que seduz o mundo da perfumaria, \u00e9 sem d\u00favida o seu poder fixador. E isto sem qualquer opul\u00eancia no seu aroma.\u00a0<strong>O alm\u00edscar Tahara \u00e9 leve e suave, cheio de ternura e delicadeza.<\/strong><\/p>\n<p>Assim, combinado com frutos vermelhos \u00e1cidos, ele\u00a0<strong>nos transporta, sem d\u00favida, para uma atmosfera suave e <a href=\"https:\/\/www.safinel.fr\/pt\/product-2\/almiscar-tahara-algodao-doce\/\">doce<\/a>.<\/strong>\u00a0Deixamos voc\u00ea descobrir esta cria\u00e7\u00e3o sublime aqui mesmo.<\/p>","protected":false},"excerpt":{"rendered":"<p>Soyez pr\u00eats ! C&rsquo;est un v\u00e9ritable cocktail acidul\u00e9 qui vous attend dans ce petit flacon au bouchon dor\u00e9 !\u00a0Eh oui ! C&rsquo;est avec un immense plaisir que nous partageons avec vous cette d\u00e9couverte exceptionnelle du\u00a0musc Tahara fruits rouges et ces sublimes facettes\u00a0! On vous en parle tout de suite plus en d\u00e9tail. Zoom sur ce [&#8230;]","protected":false},"featured_media":4647,"template":"","meta":[],"product_brand":[],"product_cat":[127],"product_tag":[],"class_list":{"0":"post-4658","1":"product","2":"type-product","3":"status-publish","4":"has-post-thumbnail","6":"product_cat-musc-tahara-intime","8":"first","9":"instock","10":"shipping-taxable","11":"purchasable","12":"product-type-simple"},"yoast_head":"<!-- This site is optimized with the Yoast SEO plugin v26.6 - https:\/\/yoast.com\/wordpress\/plugins\/seo\/ -->\n<title>Musc Tahara fruits rouges I Odeur exquise I Contenance 3ml<\/title>\n<meta name=\"description\" content=\"Le musc Tahara fruits rouges c&#039;est avant tout un incontournable par sa texture unique. En effet, il arbore\u00a0un aspect d\u00e9licieusement onctueux et g\u00e9n\u00e9reux.\" \/>\n<meta name=\"robots\" content=\"index, follow, max-snippet:-1, max-image-preview:large, max-video-preview:-1\" \/>\n<link rel=\"canonical\" href=\"https:\/\/www.safinel.fr\/pt\/product-2\/almiscar-tahara-frutos-vermelhos\/\" \/>\n<meta property=\"og:locale\" content=\"pt_PT\" \/>\n<meta property=\"og:type\" content=\"article\" \/>\n<meta property=\"og:title\" content=\"Musc Tahara fruits rouges I Odeur exquise I Contenance 3ml\" \/>\n<meta property=\"og:description\" content=\"Le musc Tahara fruits rouges c&#039;est avant tout un incontournable par sa texture unique. En effet, il arbore\u00a0un aspect d\u00e9licieusement onctueux et g\u00e9n\u00e9reux.\" \/>\n<meta property=\"og:url\" content=\"https:\/\/www.safinel.fr\/pt\/product-2\/almiscar-tahara-frutos-vermelhos\/\" \/>\n<meta property=\"og:site_name\" content=\"Safinel\" \/>\n<meta property=\"article:modified_time\" content=\"2026-01-29T12:49:36+00:00\" \/>\n<meta property=\"og:image\" content=\"https:\/\/www.safinel.fr\/wp-content\/uploads\/2023\/02\/musc-tahara-fruits-rouges.jpg\" \/>\n\t<meta property=\"og:image:width\" content=\"600\" \/>\n\t<meta property=\"og:image:height\" content=\"600\" \/>\n\t<meta property=\"og:image:type\" content=\"image\/jpeg\" \/>\n<meta name=\"twitter:card\" content=\"summary_large_image\" \/>\n<meta name=\"twitter:label1\" content=\"Tempo estimado de leitura\" \/>\n\t<meta name=\"twitter:data1\" content=\"2 minutos\" \/>\n<script type=\"application\/ld+json\" class=\"yoast-schema-graph\">{\"@context\":\"https:\/\/schema.org\",\"@graph\":[{\"@type\":\"WebPage\",\"@id\":\"https:\/\/www.safinel.fr\/produit\/musc-tahara-fruits-rouges\/\",\"url\":\"https:\/\/www.safinel.fr\/produit\/musc-tahara-fruits-rouges\/\",\"name\":\"Musc Tahara fruits rouges I Odeur exquise I Contenance 3ml\",\"isPartOf\":{\"@id\":\"https:\/\/www.safinel.fr\/#website\"},\"primaryImageOfPage\":{\"@id\":\"https:\/\/www.safinel.fr\/produit\/musc-tahara-fruits-rouges\/#primaryimage\"},\"image\":{\"@id\":\"https:\/\/www.safinel.fr\/produit\/musc-tahara-fruits-rouges\/#primaryimage\"},\"thumbnailUrl\":\"https:\/\/www.safinel.fr\/wp-content\/uploads\/2023\/02\/musc-tahara-fruits-rouges.jpg\",\"datePublished\":\"2023-02-15T15:32:08+00:00\",\"dateModified\":\"2026-01-29T12:49:36+00:00\",\"description\":\"Le musc Tahara fruits rouges c'est avant tout un incontournable par sa texture unique. En effet, il arbore\u00a0un aspect d\u00e9licieusement onctueux et g\u00e9n\u00e9reux.\",\"breadcrumb\":{\"@id\":\"https:\/\/www.safinel.fr\/produit\/musc-tahara-fruits-rouges\/#breadcrumb\"},\"inLanguage\":\"pt-PT\",\"potentialAction\":[{\"@type\":\"ReadAction\",\"target\":[\"https:\/\/www.safinel.fr\/produit\/musc-tahara-fruits-rouges\/\"]}]},{\"@type\":\"ImageObject\",\"inLanguage\":\"pt-PT\",\"@id\":\"https:\/\/www.safinel.fr\/produit\/musc-tahara-fruits-rouges\/#primaryimage\",\"url\":\"https:\/\/www.safinel.fr\/wp-content\/uploads\/2023\/02\/musc-tahara-fruits-rouges.jpg\",\"contentUrl\":\"https:\/\/www.safinel.fr\/wp-content\/uploads\/2023\/02\/musc-tahara-fruits-rouges.jpg\",\"width\":600,\"height\":600,\"caption\":\"Musc Tahara fruits rouges\"},{\"@type\":\"BreadcrumbList\",\"@id\":\"https:\/\/www.safinel.fr\/produit\/musc-tahara-fruits-rouges\/#breadcrumb\",\"itemListElement\":[{\"@type\":\"ListItem\",\"position\":1,\"name\":\"Accueil\",\"item\":\"https:\/\/www.safinel.fr\/\"},{\"@type\":\"ListItem\",\"position\":2,\"name\":\"Boutique\",\"item\":\"https:\/\/www.safinel.fr\/boutique\/\"},{\"@type\":\"ListItem\",\"position\":3,\"name\":\"Musc Tahara fruits rouges 3ml\"}]},{\"@type\":\"WebSite\",\"@id\":\"https:\/\/www.safinel.fr\/#website\",\"url\":\"https:\/\/www.safinel.fr\/\",\"name\":\"Safinel\",\"description\":\"\",\"publisher\":{\"@id\":\"https:\/\/www.safinel.fr\/#organization\"},\"potentialAction\":[{\"@type\":\"SearchAction\",\"target\":{\"@type\":\"EntryPoint\",\"urlTemplate\":\"https:\/\/www.safinel.fr\/?s={search_term_string}\"},\"query-input\":{\"@type\":\"PropertyValueSpecification\",\"valueRequired\":true,\"valueName\":\"search_term_string\"}}],\"inLanguage\":\"pt-PT\"},{\"@type\":\"Organization\",\"@id\":\"https:\/\/www.safinel.fr\/#organization\",\"name\":\"Safinel\",\"url\":\"https:\/\/www.safinel.fr\/\",\"logo\":{\"@type\":\"ImageObject\",\"inLanguage\":\"pt-PT\",\"@id\":\"https:\/\/www.safinel.fr\/#\/schema\/logo\/image\/\",\"url\":\"https:\/\/www.safinel.fr\/wp-content\/uploads\/2021\/05\/boutique-cosmetique.png\",\"contentUrl\":\"https:\/\/www.safinel.fr\/wp-content\/uploads\/2021\/05\/boutique-cosmetique.png\",\"width\":800,\"height\":200,\"caption\":\"Safinel\"},\"image\":{\"@id\":\"https:\/\/www.safinel.fr\/#\/schema\/logo\/image\/\"}}]}<\/script>\n<!-- \/ Yoast SEO plugin. -->","yoast_head_json":{"title":"Musc Tahara frutos vermelhos I Aroma requintado I Capacidade 3 ml","description":"O alm\u00edscar Tahara frutos vermelhos \u00e9, acima de tudo, imprescind\u00edvel pela sua textura \u00fanica. Na verdade, apresenta um aspeto deliciosamente cremoso e generoso.","robots":{"index":"index","follow":"follow","max-snippet":"max-snippet:-1","max-image-preview":"max-image-preview:large","max-video-preview":"max-video-preview:-1"},"canonical":"https:\/\/www.safinel.fr\/pt\/product-2\/almiscar-tahara-frutos-vermelhos\/","og_locale":"pt_PT","og_type":"article","og_title":"Musc Tahara fruits rouges I Odeur exquise I Contenance 3ml","og_description":"Le musc Tahara fruits rouges c'est avant tout un incontournable par sa texture unique. En effet, il arbore\u00a0un aspect d\u00e9licieusement onctueux et g\u00e9n\u00e9reux.","og_url":"https:\/\/www.safinel.fr\/pt\/product-2\/almiscar-tahara-frutos-vermelhos\/","og_site_name":"Safinel","article_modified_time":"2026-01-29T12:49:36+00:00","og_image":[{"width":600,"height":600,"url":"https:\/\/www.safinel.fr\/wp-content\/uploads\/2023\/02\/musc-tahara-fruits-rouges.jpg","type":"image\/jpeg"}],"twitter_card":"summary_large_image","twitter_misc":{"Tempo estimado de leitura":"2 minutos"},"schema":{"@context":"https:\/\/schema.org","@graph":[{"@type":"WebPage","@id":"https:\/\/www.safinel.fr\/produit\/musc-tahara-fruits-rouges\/","url":"https:\/\/www.safinel.fr\/produit\/musc-tahara-fruits-rouges\/","name":"Musc Tahara frutos vermelhos I Aroma requintado I Capacidade 3 ml","isPartOf":{"@id":"https:\/\/www.safinel.fr\/#website"},"primaryImageOfPage":{"@id":"https:\/\/www.safinel.fr\/produit\/musc-tahara-fruits-rouges\/#primaryimage"},"image":{"@id":"https:\/\/www.safinel.fr\/produit\/musc-tahara-fruits-rouges\/#primaryimage"},"thumbnailUrl":"https:\/\/www.safinel.fr\/wp-content\/uploads\/2023\/02\/musc-tahara-fruits-rouges.jpg","datePublished":"2023-02-15T15:32:08+00:00","dateModified":"2026-01-29T12:49:36+00:00","description":"O alm\u00edscar Tahara frutos vermelhos \u00e9, acima de tudo, imprescind\u00edvel pela sua textura \u00fanica. Na verdade, apresenta um aspeto deliciosamente cremoso e generoso.","breadcrumb":{"@id":"https:\/\/www.safinel.fr\/produit\/musc-tahara-fruits-rouges\/#breadcrumb"},"inLanguage":"pt-PT","potentialAction":[{"@type":"ReadAction","target":["https:\/\/www.safinel.fr\/produit\/musc-tahara-fruits-rouges\/"]}]},{"@type":"ImageObject","inLanguage":"pt-PT","@id":"https:\/\/www.safinel.fr\/produit\/musc-tahara-fruits-rouges\/#primaryimage","url":"https:\/\/www.safinel.fr\/wp-content\/uploads\/2023\/02\/musc-tahara-fruits-rouges.jpg","contentUrl":"https:\/\/www.safinel.fr\/wp-content\/uploads\/2023\/02\/musc-tahara-fruits-rouges.jpg","width":600,"height":600,"caption":"Musc Tahara fruits rouges"},{"@type":"BreadcrumbList","@id":"https:\/\/www.safinel.fr\/produit\/musc-tahara-fruits-rouges\/#breadcrumb","itemListElement":[{"@type":"ListItem","position":1,"name":"Accueil","item":"https:\/\/www.safinel.fr\/"},{"@type":"ListItem","position":2,"name":"Boutique","item":"https:\/\/www.safinel.fr\/boutique\/"},{"@type":"ListItem","position":3,"name":"Musc Tahara fruits rouges 3ml"}]},{"@type":"WebSite","@id":"https:\/\/www.safinel.fr\/#website","url":"https:\/\/www.safinel.fr\/","name":"Safinel","description":"","publisher":{"@id":"https:\/\/www.safinel.fr\/#organization"},"potentialAction":[{"@type":"SearchAction","target":{"@type":"EntryPoint","urlTemplate":"https:\/\/www.safinel.fr\/?s={search_term_string}"},"query-input":{"@type":"PropertyValueSpecification","valueRequired":true,"valueName":"search_term_string"}}],"inLanguage":"pt-PT"},{"@type":"Organization","@id":"https:\/\/www.safinel.fr\/#organization","name":"Safinel","url":"https:\/\/www.safinel.fr\/","logo":{"@type":"ImageObject","inLanguage":"pt-PT","@id":"https:\/\/www.safinel.fr\/#\/schema\/logo\/image\/","url":"https:\/\/www.safinel.fr\/wp-content\/uploads\/2021\/05\/boutique-cosmetique.png","contentUrl":"https:\/\/www.safinel.fr\/wp-content\/uploads\/2021\/05\/boutique-cosmetique.png","width":800,"height":200,"caption":"Safinel"},"image":{"@id":"https:\/\/www.safinel.fr\/#\/schema\/logo\/image\/"}}]}},"_links":{"self":[{"href":"https:\/\/www.safinel.fr\/pt\/wp-json\/wp\/v2\/product\/4658","targetHints":{"allow":["GET"]}}],"collection":[{"href":"https:\/\/www.safinel.fr\/pt\/wp-json\/wp\/v2\/product"}],"about":[{"href":"https:\/\/www.safinel.fr\/pt\/wp-json\/wp\/v2\/types\/product"}],"wp:featuredmedia":[{"embeddable":true,"href":"https:\/\/www.safinel.fr\/pt\/wp-json\/wp\/v2\/media\/4647"}],"wp:attachment":[{"href":"https:\/\/www.safinel.fr\/pt\/wp-json\/wp\/v2\/media?parent=4658"}],"wp:term":[{"taxonomy":"product_brand","embeddable":true,"href":"https:\/\/www.safinel.fr\/pt\/wp-json\/wp\/v2\/product_brand?post=4658"},{"taxonomy":"product_cat","embeddable":true,"href":"https:\/\/www.safinel.fr\/pt\/wp-json\/wp\/v2\/product_cat?post=4658"},{"taxonomy":"product_tag","embeddable":true,"href":"https:\/\/www.safinel.fr\/pt\/wp-json\/wp\/v2\/product_tag?post=4658"}],"curies":[{"name":"wp","href":"https:\/\/api.w.org\/{rel}","templated":true}]}}