{"id":4656,"date":"2023-02-15T15:26:12","date_gmt":"2023-02-15T15:26:12","guid":{"rendered":"https:\/\/www.safinel.fr\/?post_type=product&#038;p=4656"},"modified":"2023-12-28T17:15:48","modified_gmt":"2023-12-28T17:15:48","slug":"musk-tahara-coco-5-ml","status":"publish","type":"product","link":"https:\/\/www.safinel.fr\/pt\/product-2\/musk-tahara-coco-5-ml\/","title":{"rendered":"Alm\u00edscar Tahara coco 3 ml"},"content":{"rendered":"<p>Se h\u00e1 bem\u00a0<strong>Um aroma que nos faz viajar \u00e9 o de coco, sem d\u00favida.<\/strong>\u00a0Ela proporciona-nos um prazer olfativo in\u00e9dito, que nos excita logo ao primeiro contacto. Por isso, seria impens\u00e1vel n\u00e3o lhe propor um produto incontorn\u00e1vel da categoria Tahara:\u00a0<strong>o alm\u00edscar Tahara coco com um sabor incompar\u00e1vel.<\/strong><\/p>\n<p>Apresentamos-lhe este perfume de coco sem mais delongas, prepare-se, ele vai conquist\u00e1-lo!<\/p>\n<h2><strong>A escolha do alm\u00edscar Tahara coco<\/strong><\/h2>\n<p>Elixir \u00edntimo do sexo feminino, o alm\u00edscar Tahara \u00e9 praticamente indispens\u00e1vel para a mulher. Na verdade,\u00a0<strong>O perfume Tahara \u00e9 uma fragr\u00e2ncia feminina que proporciona uma sensa\u00e7\u00e3o real de frescura e limpeza.<\/strong><\/p>\n<p>Aplicado perto das zonas \u00edntimas, proporciona-lhe uma experi\u00eancia olfativa in\u00e9dita. Al\u00e9m disso, aqui \u00e9 o alm\u00edscar Tahara Coco que lhe oferece, al\u00e9m de uma frescura incontest\u00e1vel, um aroma t\u00e3o sensual quanto ex\u00f3tico. Vamos falar-lhe sobre isso com mais detalhes.<\/p>\n<h2><strong>A sensualidade do Musc Tahara Coco<\/strong><\/h2>\n<p>\u00c9 um facto, o aroma do coco \u00e9 sem d\u00favida sensual. Ele nos<strong>\u00a0conota inevitavelmente o sol, o calor do ver\u00e3o e o cen\u00e1rio id\u00edlico dos coqueiros.<\/strong><\/p>\n<p>Assim, associado ao alm\u00edscar Tahara, \u00e9\u00a0<strong>um concentrado de sensualidade incompar\u00e1vel<\/strong>. O alm\u00edscar Tahara coco garante\u00a0<strong>um aroma solar, leitoso e apetitoso.<\/strong><\/p>\n<p>\u00c9 dif\u00edcil resistir por muito tempo. Assim, aplicado em locais espec\u00edficos, ele proporcionar\u00e1 uma sensualidade extrema, especialmente durante os seus momentos \u00edntimos.<\/p>\n<h3><strong>E se quiser variar os prazeres<\/strong><\/h3>\n<p>Com este aroma decididamente ex\u00f3tico e requintado, descubra outras maravilhas da alm\u00edscar Tahara no nosso site. Queremos satisfazer todos os seus desejos, assim<strong>\u00a0Desfrute da descoberta de aromas sublimes, como frutos vermelhos, <a href=\"https:\/\/www.safinel.fr\/pt\/product-2\/almiscar-tahara-jasmim\/\">jasmim<\/a>, <a href=\"https:\/\/www.safinel.fr\/pt\/product-2\/musgo-tahara-manga\/\">manga<\/a>, mono\u00ef, mel\u00e3o, p\u00eassego ou ainda cereja.<\/strong><\/p>\n<p>Em suma, a sele\u00e7\u00e3o que prepar\u00e1mos para si \u00e9 absolutamente magn\u00edfica. N\u00e3o perca tempo e visite j\u00e1 a categoria que lhes dedic\u00e1mos!<\/p>","protected":false},"excerpt":{"rendered":"<p>Se h\u00e1 um aroma que nos faz viajar, \u00e9 sem d\u00favida o da noz de coco. Proporciona-nos um prazer olfativo in\u00e9dito, que nos excita logo ao primeiro contacto. Por isso, seria impens\u00e1vel n\u00e3o lhe propor um produto incontorn\u00e1vel da categoria Tahara: o alm\u00edscar Tahara coco, com um aroma incompar\u00e1vel. Apresentamos-lhe [\u2026]","protected":false},"featured_media":4649,"template":"","meta":[],"product_brand":[],"product_cat":[127],"product_tag":[],"class_list":{"0":"post-4656","1":"product","2":"type-product","3":"status-publish","4":"has-post-thumbnail","6":"product_cat-musc-tahara-intime","8":"first","9":"instock","10":"shipping-taxable","11":"purchasable","12":"product-type-simple"},"yoast_head":"<!-- This site is optimized with the Yoast SEO plugin v26.6 - https:\/\/yoast.com\/wordpress\/plugins\/seo\/ -->\n<title>Musc Tahara coco I Parfum senteur coco I Contenance 3ml<\/title>\n<meta name=\"description\" content=\"Le musc Tahara coco est un parfum au service de la f\u00e9minit\u00e9 qui vous offre une r\u00e9elle sensation de fraicheur et de propret\u00e9.\" \/>\n<meta name=\"robots\" content=\"index, follow, max-snippet:-1, max-image-preview:large, max-video-preview:-1\" \/>\n<link rel=\"canonical\" href=\"https:\/\/www.safinel.fr\/pt\/product-2\/musk-tahara-coco-5-ml\/\" \/>\n<meta property=\"og:locale\" content=\"pt_PT\" \/>\n<meta property=\"og:type\" content=\"article\" \/>\n<meta property=\"og:title\" content=\"Musc Tahara coco I Parfum senteur coco I Contenance 3ml\" \/>\n<meta property=\"og:description\" content=\"Le musc Tahara coco est un parfum au service de la f\u00e9minit\u00e9 qui vous offre une r\u00e9elle sensation de fraicheur et de propret\u00e9.\" \/>\n<meta property=\"og:url\" content=\"https:\/\/www.safinel.fr\/pt\/product-2\/musk-tahara-coco-5-ml\/\" \/>\n<meta property=\"og:site_name\" content=\"Safinel\" \/>\n<meta property=\"article:modified_time\" content=\"2023-12-28T17:15:48+00:00\" \/>\n<meta property=\"og:image\" content=\"https:\/\/www.safinel.fr\/wp-content\/uploads\/2023\/02\/musc-tahara-coco.jpg\" \/>\n\t<meta property=\"og:image:width\" content=\"600\" \/>\n\t<meta property=\"og:image:height\" content=\"600\" \/>\n\t<meta property=\"og:image:type\" content=\"image\/jpeg\" \/>\n<meta name=\"twitter:card\" content=\"summary_large_image\" \/>\n<meta name=\"twitter:label1\" content=\"Tempo estimado de leitura\" \/>\n\t<meta name=\"twitter:data1\" content=\"2 minutos\" \/>\n<script type=\"application\/ld+json\" class=\"yoast-schema-graph\">{\"@context\":\"https:\/\/schema.org\",\"@graph\":[{\"@type\":\"WebPage\",\"@id\":\"https:\/\/www.safinel.fr\/produit\/musc-tahara-coco-5ml\/\",\"url\":\"https:\/\/www.safinel.fr\/produit\/musc-tahara-coco-5ml\/\",\"name\":\"Musc Tahara coco I Parfum senteur coco I Contenance 3ml\",\"isPartOf\":{\"@id\":\"https:\/\/www.safinel.fr\/#website\"},\"primaryImageOfPage\":{\"@id\":\"https:\/\/www.safinel.fr\/produit\/musc-tahara-coco-5ml\/#primaryimage\"},\"image\":{\"@id\":\"https:\/\/www.safinel.fr\/produit\/musc-tahara-coco-5ml\/#primaryimage\"},\"thumbnailUrl\":\"https:\/\/www.safinel.fr\/wp-content\/uploads\/2023\/02\/musc-tahara-coco.jpg\",\"datePublished\":\"2023-02-15T15:26:12+00:00\",\"dateModified\":\"2023-12-28T17:15:48+00:00\",\"description\":\"Le musc Tahara coco est un parfum au service de la f\u00e9minit\u00e9 qui vous offre une r\u00e9elle sensation de fraicheur et de propret\u00e9.\",\"breadcrumb\":{\"@id\":\"https:\/\/www.safinel.fr\/produit\/musc-tahara-coco-5ml\/#breadcrumb\"},\"inLanguage\":\"pt-PT\",\"potentialAction\":[{\"@type\":\"ReadAction\",\"target\":[\"https:\/\/www.safinel.fr\/produit\/musc-tahara-coco-5ml\/\"]}]},{\"@type\":\"ImageObject\",\"inLanguage\":\"pt-PT\",\"@id\":\"https:\/\/www.safinel.fr\/produit\/musc-tahara-coco-5ml\/#primaryimage\",\"url\":\"https:\/\/www.safinel.fr\/wp-content\/uploads\/2023\/02\/musc-tahara-coco.jpg\",\"contentUrl\":\"https:\/\/www.safinel.fr\/wp-content\/uploads\/2023\/02\/musc-tahara-coco.jpg\",\"width\":600,\"height\":600,\"caption\":\"musc tahara coco\"},{\"@type\":\"BreadcrumbList\",\"@id\":\"https:\/\/www.safinel.fr\/produit\/musc-tahara-coco-5ml\/#breadcrumb\",\"itemListElement\":[{\"@type\":\"ListItem\",\"position\":1,\"name\":\"Accueil\",\"item\":\"https:\/\/www.safinel.fr\/\"},{\"@type\":\"ListItem\",\"position\":2,\"name\":\"Boutique\",\"item\":\"https:\/\/www.safinel.fr\/boutique\/\"},{\"@type\":\"ListItem\",\"position\":3,\"name\":\"Musc Tahara coco 3ml\"}]},{\"@type\":\"WebSite\",\"@id\":\"https:\/\/www.safinel.fr\/#website\",\"url\":\"https:\/\/www.safinel.fr\/\",\"name\":\"Safinel\",\"description\":\"\",\"publisher\":{\"@id\":\"https:\/\/www.safinel.fr\/#organization\"},\"potentialAction\":[{\"@type\":\"SearchAction\",\"target\":{\"@type\":\"EntryPoint\",\"urlTemplate\":\"https:\/\/www.safinel.fr\/?s={search_term_string}\"},\"query-input\":{\"@type\":\"PropertyValueSpecification\",\"valueRequired\":true,\"valueName\":\"search_term_string\"}}],\"inLanguage\":\"pt-PT\"},{\"@type\":\"Organization\",\"@id\":\"https:\/\/www.safinel.fr\/#organization\",\"name\":\"Safinel\",\"url\":\"https:\/\/www.safinel.fr\/\",\"logo\":{\"@type\":\"ImageObject\",\"inLanguage\":\"pt-PT\",\"@id\":\"https:\/\/www.safinel.fr\/#\/schema\/logo\/image\/\",\"url\":\"https:\/\/www.safinel.fr\/wp-content\/uploads\/2021\/05\/boutique-cosmetique.png\",\"contentUrl\":\"https:\/\/www.safinel.fr\/wp-content\/uploads\/2021\/05\/boutique-cosmetique.png\",\"width\":800,\"height\":200,\"caption\":\"Safinel\"},\"image\":{\"@id\":\"https:\/\/www.safinel.fr\/#\/schema\/logo\/image\/\"}}]}<\/script>\n<!-- \/ Yoast SEO plugin. -->","yoast_head_json":{"title":"Alm\u00edscar Tahara coco I Perfume com aroma de coco I Capacidade 3 ml","description":"O alm\u00edscar Tahara coco \u00e9 um perfume ao servi\u00e7o da feminilidade que lhe proporciona uma verdadeira sensa\u00e7\u00e3o de frescura e limpeza.","robots":{"index":"index","follow":"follow","max-snippet":"max-snippet:-1","max-image-preview":"max-image-preview:large","max-video-preview":"max-video-preview:-1"},"canonical":"https:\/\/www.safinel.fr\/pt\/product-2\/musk-tahara-coco-5-ml\/","og_locale":"pt_PT","og_type":"article","og_title":"Musc Tahara coco I Parfum senteur coco I Contenance 3ml","og_description":"Le musc Tahara coco est un parfum au service de la f\u00e9minit\u00e9 qui vous offre une r\u00e9elle sensation de fraicheur et de propret\u00e9.","og_url":"https:\/\/www.safinel.fr\/pt\/product-2\/musk-tahara-coco-5-ml\/","og_site_name":"Safinel","article_modified_time":"2023-12-28T17:15:48+00:00","og_image":[{"width":600,"height":600,"url":"https:\/\/www.safinel.fr\/wp-content\/uploads\/2023\/02\/musc-tahara-coco.jpg","type":"image\/jpeg"}],"twitter_card":"summary_large_image","twitter_misc":{"Tempo estimado de leitura":"2 minutos"},"schema":{"@context":"https:\/\/schema.org","@graph":[{"@type":"WebPage","@id":"https:\/\/www.safinel.fr\/produit\/musc-tahara-coco-5ml\/","url":"https:\/\/www.safinel.fr\/produit\/musc-tahara-coco-5ml\/","name":"Alm\u00edscar Tahara coco I Perfume com aroma de coco I Capacidade 3 ml","isPartOf":{"@id":"https:\/\/www.safinel.fr\/#website"},"primaryImageOfPage":{"@id":"https:\/\/www.safinel.fr\/produit\/musc-tahara-coco-5ml\/#primaryimage"},"image":{"@id":"https:\/\/www.safinel.fr\/produit\/musc-tahara-coco-5ml\/#primaryimage"},"thumbnailUrl":"https:\/\/www.safinel.fr\/wp-content\/uploads\/2023\/02\/musc-tahara-coco.jpg","datePublished":"2023-02-15T15:26:12+00:00","dateModified":"2023-12-28T17:15:48+00:00","description":"O alm\u00edscar Tahara coco \u00e9 um perfume ao servi\u00e7o da feminilidade que lhe proporciona uma verdadeira sensa\u00e7\u00e3o de frescura e limpeza.","breadcrumb":{"@id":"https:\/\/www.safinel.fr\/produit\/musc-tahara-coco-5ml\/#breadcrumb"},"inLanguage":"pt-PT","potentialAction":[{"@type":"ReadAction","target":["https:\/\/www.safinel.fr\/produit\/musc-tahara-coco-5ml\/"]}]},{"@type":"ImageObject","inLanguage":"pt-PT","@id":"https:\/\/www.safinel.fr\/produit\/musc-tahara-coco-5ml\/#primaryimage","url":"https:\/\/www.safinel.fr\/wp-content\/uploads\/2023\/02\/musc-tahara-coco.jpg","contentUrl":"https:\/\/www.safinel.fr\/wp-content\/uploads\/2023\/02\/musc-tahara-coco.jpg","width":600,"height":600,"caption":"musc tahara coco"},{"@type":"BreadcrumbList","@id":"https:\/\/www.safinel.fr\/produit\/musc-tahara-coco-5ml\/#breadcrumb","itemListElement":[{"@type":"ListItem","position":1,"name":"Accueil","item":"https:\/\/www.safinel.fr\/"},{"@type":"ListItem","position":2,"name":"Boutique","item":"https:\/\/www.safinel.fr\/boutique\/"},{"@type":"ListItem","position":3,"name":"Musc Tahara coco 3ml"}]},{"@type":"WebSite","@id":"https:\/\/www.safinel.fr\/#website","url":"https:\/\/www.safinel.fr\/","name":"Safinel","description":"","publisher":{"@id":"https:\/\/www.safinel.fr\/#organization"},"potentialAction":[{"@type":"SearchAction","target":{"@type":"EntryPoint","urlTemplate":"https:\/\/www.safinel.fr\/?s={search_term_string}"},"query-input":{"@type":"PropertyValueSpecification","valueRequired":true,"valueName":"search_term_string"}}],"inLanguage":"pt-PT"},{"@type":"Organization","@id":"https:\/\/www.safinel.fr\/#organization","name":"Safinel","url":"https:\/\/www.safinel.fr\/","logo":{"@type":"ImageObject","inLanguage":"pt-PT","@id":"https:\/\/www.safinel.fr\/#\/schema\/logo\/image\/","url":"https:\/\/www.safinel.fr\/wp-content\/uploads\/2021\/05\/boutique-cosmetique.png","contentUrl":"https:\/\/www.safinel.fr\/wp-content\/uploads\/2021\/05\/boutique-cosmetique.png","width":800,"height":200,"caption":"Safinel"},"image":{"@id":"https:\/\/www.safinel.fr\/#\/schema\/logo\/image\/"}}]}},"_links":{"self":[{"href":"https:\/\/www.safinel.fr\/pt\/wp-json\/wp\/v2\/product\/4656","targetHints":{"allow":["GET"]}}],"collection":[{"href":"https:\/\/www.safinel.fr\/pt\/wp-json\/wp\/v2\/product"}],"about":[{"href":"https:\/\/www.safinel.fr\/pt\/wp-json\/wp\/v2\/types\/product"}],"wp:featuredmedia":[{"embeddable":true,"href":"https:\/\/www.safinel.fr\/pt\/wp-json\/wp\/v2\/media\/4649"}],"wp:attachment":[{"href":"https:\/\/www.safinel.fr\/pt\/wp-json\/wp\/v2\/media?parent=4656"}],"wp:term":[{"taxonomy":"product_brand","embeddable":true,"href":"https:\/\/www.safinel.fr\/pt\/wp-json\/wp\/v2\/product_brand?post=4656"},{"taxonomy":"product_cat","embeddable":true,"href":"https:\/\/www.safinel.fr\/pt\/wp-json\/wp\/v2\/product_cat?post=4656"},{"taxonomy":"product_tag","embeddable":true,"href":"https:\/\/www.safinel.fr\/pt\/wp-json\/wp\/v2\/product_tag?post=4656"}],"curies":[{"name":"wp","href":"https:\/\/api.w.org\/{rel}","templated":true}]}}