{"id":4655,"date":"2023-02-15T15:25:18","date_gmt":"2023-02-15T15:25:18","guid":{"rendered":"https:\/\/www.safinel.fr\/?post_type=product&#038;p=4655"},"modified":"2023-12-30T12:11:03","modified_gmt":"2023-12-30T12:11:03","slug":"almiscar-tahara-algodao-doce","status":"publish","type":"product","link":"https:\/\/www.safinel.fr\/pt\/product-2\/almiscar-tahara-algodao-doce\/","title":{"rendered":"Alm\u00edscar Tahara algod\u00e3o doce 3 ml"},"content":{"rendered":"<p>N\u00e3o espere mais para descobrir o\u00a0<strong>Musc Tahara algod\u00e3o doce<\/strong>. Dispon\u00edvel na loja\u00a0<strong>Safinel<\/strong>, \u00e9 sem d\u00favida a ess\u00eancia que precisa para sentir o prazer.<\/p>\n<h2><strong>O Musc tahara barba \u00e0 papa foi feito para si<\/strong><\/h2>\n<p>A loja\u00a0<strong>Safinel<\/strong>, est\u00e1 sempre empenhada em oferecer-lhe o produto que melhor corresponde \u00e0s suas expectativas. De facto, para poder satisfazer as suas necessidades, selecionou uma vasta gama de\u00a0<strong>Alm\u00edscar Tahara \u00edntimo<\/strong>.<\/p>\n<p>Isso com o objetivo de acompanh\u00e1-lo durante o seu embelezamento ap\u00f3s o banho. Por isso, estamos convencidos de que o\u00a0<strong>Musc Tahara algod\u00e3o doce<\/strong>\u00a0ir\u00e1, sem d\u00favida, satisfazer as suas expectativas.<\/p>\n<p>De facto, gra\u00e7as ao seu delicioso aroma a doce, ele permitir\u00e1 que a sua pele fique delicadamente perfumada. Assim, poder\u00e1 entrar num estado emocional de bem-estar. Essas fragr\u00e2ncias sutis e delicadas ir\u00e3o lev\u00e1-lo por alguns instantes \u00e0 despreocupa\u00e7\u00e3o da sua inf\u00e2ncia.<\/p>\n<p>No entanto, saiba que pode utiliz\u00e1-lo para perfumar v\u00e1rias partes do corpo:<\/p>\n<ul>\n<li><strong>O pesco\u00e7o,<\/strong><\/li>\n<li><strong>Sobre o<\/strong><strong>os pulsos,<\/strong><\/li>\n<li><strong>A virilha.<\/strong><\/li>\n<\/ul>\n<p>Observe que, neste \u00faltimo caso, o ideal ser\u00e1 ap\u00f3s o seu per\u00edodo menstrual.<\/p>\n<p>Ele se tornar\u00e1 o seu aliado de confian\u00e7a para eliminar qualquer odor persistente.<\/p>\n<p>N\u00e3o tenha mais medo de ousar perfumar todo o seu corpo, pois esta fragr\u00e2ncia foi feita para isso.<\/p>\n<h3><strong>Um perfume cheio de guloseimas<\/strong><\/h3>\n<p>Com o\u00a0<strong>Musc Tahara algod\u00e3o doce<\/strong>, poder\u00e1 sair da sua zona de conforto ao optar por esta iguaria perfumada. Assim, este pequeno frasco de 3 ml ir\u00e1 refresc\u00e1-lo em diversas circunst\u00e2ncias.<\/p>\n<p>Ap\u00f3s o banho, para terminar o seu dia deixando na sua pele um agrad\u00e1vel perfume de frescura. Ao mesmo tempo, elimina certos odores de polui\u00e7\u00e3o ou de comida. Al\u00e9m disso, pode us\u00e1-lo para se perfumar diariamente antes de come\u00e7ar o seu dia.<\/p>\n<p>Por fim, para aquelas que tendem a ter dias stressantes, o\u00a0<strong>Musc Tahara algod\u00e3o doce\u00a0<\/strong>ajudar\u00e1 a alegrar o seu dia, gra\u00e7as ao seu aroma delicioso. Para concluir, se gosta de perfumes com aromas mais frutados, poder\u00e1 experimentar o\u00a0<strong><a href=\"https:\/\/www.safinel.fr\/pt\/product-2\/musgo-tahara-manga\/\">Alm\u00edscar Tahara manga<\/a>\u00a0<\/strong>tamb\u00e9m dispon\u00edvel na loja\u00a0<strong>Safinel<\/strong>.<\/p>","protected":false},"excerpt":{"rendered":"<p>N\u00e3o perca tempo e descubra o Musc Tahara barbe \u00e0 papa. Dispon\u00edvel na loja Safinel, \u00e9 sem d\u00favida a ess\u00eancia que precisa para sentir o prazer. O Musc tahara barbe \u00e0 papa foi feito para si. A loja Safinel est\u00e1 sempre empenhada em oferecer-lhe o produto que melhor corresponde \u00e0s suas expectativas. De facto, para o satisfazer, [\u2026]","protected":false},"featured_media":4651,"template":"","meta":[],"product_brand":[],"product_cat":[127],"product_tag":[],"class_list":{"0":"post-4655","1":"product","2":"type-product","3":"status-publish","4":"has-post-thumbnail","6":"product_cat-musc-tahara-intime","8":"first","9":"instock","10":"shipping-taxable","11":"purchasable","12":"product-type-simple"},"yoast_head":"<!-- This site is optimized with the Yoast SEO plugin v26.6 - https:\/\/yoast.com\/wordpress\/plugins\/seo\/ -->\n<title>Musc Tahara barbe \u00e0 papa I Parfum gourmand I 3ml<\/title>\n<meta name=\"description\" content=\"Ne tardez plus \u00e0 d\u00e9couvrir le\u00a0Musc Tahara barbe \u00e0 papa. C\u2019est sans nul doute l\u2019essence qu\u2019il vous faut pour sentir la gourmandise.\" \/>\n<meta name=\"robots\" content=\"index, follow, max-snippet:-1, max-image-preview:large, max-video-preview:-1\" \/>\n<link rel=\"canonical\" href=\"https:\/\/www.safinel.fr\/pt\/product-2\/almiscar-tahara-algodao-doce\/\" \/>\n<meta property=\"og:locale\" content=\"pt_PT\" \/>\n<meta property=\"og:type\" content=\"article\" \/>\n<meta property=\"og:title\" content=\"Musc Tahara barbe \u00e0 papa I Parfum gourmand I 3ml\" \/>\n<meta property=\"og:description\" content=\"Ne tardez plus \u00e0 d\u00e9couvrir le\u00a0Musc Tahara barbe \u00e0 papa. C\u2019est sans nul doute l\u2019essence qu\u2019il vous faut pour sentir la gourmandise.\" \/>\n<meta property=\"og:url\" content=\"https:\/\/www.safinel.fr\/pt\/product-2\/almiscar-tahara-algodao-doce\/\" \/>\n<meta property=\"og:site_name\" content=\"Safinel\" \/>\n<meta property=\"article:modified_time\" content=\"2023-12-30T12:11:03+00:00\" \/>\n<meta property=\"og:image\" content=\"https:\/\/www.safinel.fr\/wp-content\/uploads\/2023\/02\/musc-tahara-barbe-a-papa.jpg\" \/>\n\t<meta property=\"og:image:width\" content=\"600\" \/>\n\t<meta property=\"og:image:height\" content=\"600\" \/>\n\t<meta property=\"og:image:type\" content=\"image\/jpeg\" \/>\n<meta name=\"twitter:card\" content=\"summary_large_image\" \/>\n<meta name=\"twitter:label1\" content=\"Tempo estimado de leitura\" \/>\n\t<meta name=\"twitter:data1\" content=\"2 minutos\" \/>\n<script type=\"application\/ld+json\" class=\"yoast-schema-graph\">{\"@context\":\"https:\/\/schema.org\",\"@graph\":[{\"@type\":\"WebPage\",\"@id\":\"https:\/\/www.safinel.fr\/produit\/musc-tahara-barbe-a-papa\/\",\"url\":\"https:\/\/www.safinel.fr\/produit\/musc-tahara-barbe-a-papa\/\",\"name\":\"Musc Tahara barbe \u00e0 papa I Parfum gourmand I 3ml\",\"isPartOf\":{\"@id\":\"https:\/\/www.safinel.fr\/#website\"},\"primaryImageOfPage\":{\"@id\":\"https:\/\/www.safinel.fr\/produit\/musc-tahara-barbe-a-papa\/#primaryimage\"},\"image\":{\"@id\":\"https:\/\/www.safinel.fr\/produit\/musc-tahara-barbe-a-papa\/#primaryimage\"},\"thumbnailUrl\":\"https:\/\/www.safinel.fr\/wp-content\/uploads\/2023\/02\/musc-tahara-barbe-a-papa.jpg\",\"datePublished\":\"2023-02-15T15:25:18+00:00\",\"dateModified\":\"2023-12-30T12:11:03+00:00\",\"description\":\"Ne tardez plus \u00e0 d\u00e9couvrir le\u00a0Musc Tahara barbe \u00e0 papa. C\u2019est sans nul doute l\u2019essence qu\u2019il vous faut pour sentir la gourmandise.\",\"breadcrumb\":{\"@id\":\"https:\/\/www.safinel.fr\/produit\/musc-tahara-barbe-a-papa\/#breadcrumb\"},\"inLanguage\":\"pt-PT\",\"potentialAction\":[{\"@type\":\"ReadAction\",\"target\":[\"https:\/\/www.safinel.fr\/produit\/musc-tahara-barbe-a-papa\/\"]}]},{\"@type\":\"ImageObject\",\"inLanguage\":\"pt-PT\",\"@id\":\"https:\/\/www.safinel.fr\/produit\/musc-tahara-barbe-a-papa\/#primaryimage\",\"url\":\"https:\/\/www.safinel.fr\/wp-content\/uploads\/2023\/02\/musc-tahara-barbe-a-papa.jpg\",\"contentUrl\":\"https:\/\/www.safinel.fr\/wp-content\/uploads\/2023\/02\/musc-tahara-barbe-a-papa.jpg\",\"width\":600,\"height\":600,\"caption\":\"musc tahara barbe a papa\"},{\"@type\":\"BreadcrumbList\",\"@id\":\"https:\/\/www.safinel.fr\/produit\/musc-tahara-barbe-a-papa\/#breadcrumb\",\"itemListElement\":[{\"@type\":\"ListItem\",\"position\":1,\"name\":\"Accueil\",\"item\":\"https:\/\/www.safinel.fr\/\"},{\"@type\":\"ListItem\",\"position\":2,\"name\":\"Boutique\",\"item\":\"https:\/\/www.safinel.fr\/boutique\/\"},{\"@type\":\"ListItem\",\"position\":3,\"name\":\"Musc Tahara barbe \u00e0 papa 3ml\"}]},{\"@type\":\"WebSite\",\"@id\":\"https:\/\/www.safinel.fr\/#website\",\"url\":\"https:\/\/www.safinel.fr\/\",\"name\":\"Safinel\",\"description\":\"\",\"publisher\":{\"@id\":\"https:\/\/www.safinel.fr\/#organization\"},\"potentialAction\":[{\"@type\":\"SearchAction\",\"target\":{\"@type\":\"EntryPoint\",\"urlTemplate\":\"https:\/\/www.safinel.fr\/?s={search_term_string}\"},\"query-input\":{\"@type\":\"PropertyValueSpecification\",\"valueRequired\":true,\"valueName\":\"search_term_string\"}}],\"inLanguage\":\"pt-PT\"},{\"@type\":\"Organization\",\"@id\":\"https:\/\/www.safinel.fr\/#organization\",\"name\":\"Safinel\",\"url\":\"https:\/\/www.safinel.fr\/\",\"logo\":{\"@type\":\"ImageObject\",\"inLanguage\":\"pt-PT\",\"@id\":\"https:\/\/www.safinel.fr\/#\/schema\/logo\/image\/\",\"url\":\"https:\/\/www.safinel.fr\/wp-content\/uploads\/2021\/05\/boutique-cosmetique.png\",\"contentUrl\":\"https:\/\/www.safinel.fr\/wp-content\/uploads\/2021\/05\/boutique-cosmetique.png\",\"width\":800,\"height\":200,\"caption\":\"Safinel\"},\"image\":{\"@id\":\"https:\/\/www.safinel.fr\/#\/schema\/logo\/image\/\"}}]}<\/script>\n<!-- \/ Yoast SEO plugin. -->","yoast_head_json":{"title":"Musc Tahara algod\u00e3o doce I Perfume gourmand I 3 ml","description":"N\u00e3o espere mais para descobrir o Musc Tahara barbe \u00e0 papa. \u00c9 sem d\u00favida a ess\u00eancia que precisa para sentir o prazer da guloseima.","robots":{"index":"index","follow":"follow","max-snippet":"max-snippet:-1","max-image-preview":"max-image-preview:large","max-video-preview":"max-video-preview:-1"},"canonical":"https:\/\/www.safinel.fr\/pt\/product-2\/almiscar-tahara-algodao-doce\/","og_locale":"pt_PT","og_type":"article","og_title":"Musc Tahara barbe \u00e0 papa I Parfum gourmand I 3ml","og_description":"Ne tardez plus \u00e0 d\u00e9couvrir le\u00a0Musc Tahara barbe \u00e0 papa. C\u2019est sans nul doute l\u2019essence qu\u2019il vous faut pour sentir la gourmandise.","og_url":"https:\/\/www.safinel.fr\/pt\/product-2\/almiscar-tahara-algodao-doce\/","og_site_name":"Safinel","article_modified_time":"2023-12-30T12:11:03+00:00","og_image":[{"width":600,"height":600,"url":"https:\/\/www.safinel.fr\/wp-content\/uploads\/2023\/02\/musc-tahara-barbe-a-papa.jpg","type":"image\/jpeg"}],"twitter_card":"summary_large_image","twitter_misc":{"Tempo estimado de leitura":"2 minutos"},"schema":{"@context":"https:\/\/schema.org","@graph":[{"@type":"WebPage","@id":"https:\/\/www.safinel.fr\/produit\/musc-tahara-barbe-a-papa\/","url":"https:\/\/www.safinel.fr\/produit\/musc-tahara-barbe-a-papa\/","name":"Musc Tahara algod\u00e3o doce I Perfume gourmand I 3 ml","isPartOf":{"@id":"https:\/\/www.safinel.fr\/#website"},"primaryImageOfPage":{"@id":"https:\/\/www.safinel.fr\/produit\/musc-tahara-barbe-a-papa\/#primaryimage"},"image":{"@id":"https:\/\/www.safinel.fr\/produit\/musc-tahara-barbe-a-papa\/#primaryimage"},"thumbnailUrl":"https:\/\/www.safinel.fr\/wp-content\/uploads\/2023\/02\/musc-tahara-barbe-a-papa.jpg","datePublished":"2023-02-15T15:25:18+00:00","dateModified":"2023-12-30T12:11:03+00:00","description":"N\u00e3o espere mais para descobrir o Musc Tahara barbe \u00e0 papa. \u00c9 sem d\u00favida a ess\u00eancia que precisa para sentir o prazer da guloseima.","breadcrumb":{"@id":"https:\/\/www.safinel.fr\/produit\/musc-tahara-barbe-a-papa\/#breadcrumb"},"inLanguage":"pt-PT","potentialAction":[{"@type":"ReadAction","target":["https:\/\/www.safinel.fr\/produit\/musc-tahara-barbe-a-papa\/"]}]},{"@type":"ImageObject","inLanguage":"pt-PT","@id":"https:\/\/www.safinel.fr\/produit\/musc-tahara-barbe-a-papa\/#primaryimage","url":"https:\/\/www.safinel.fr\/wp-content\/uploads\/2023\/02\/musc-tahara-barbe-a-papa.jpg","contentUrl":"https:\/\/www.safinel.fr\/wp-content\/uploads\/2023\/02\/musc-tahara-barbe-a-papa.jpg","width":600,"height":600,"caption":"musc tahara barbe a papa"},{"@type":"BreadcrumbList","@id":"https:\/\/www.safinel.fr\/produit\/musc-tahara-barbe-a-papa\/#breadcrumb","itemListElement":[{"@type":"ListItem","position":1,"name":"Accueil","item":"https:\/\/www.safinel.fr\/"},{"@type":"ListItem","position":2,"name":"Boutique","item":"https:\/\/www.safinel.fr\/boutique\/"},{"@type":"ListItem","position":3,"name":"Musc Tahara barbe \u00e0 papa 3ml"}]},{"@type":"WebSite","@id":"https:\/\/www.safinel.fr\/#website","url":"https:\/\/www.safinel.fr\/","name":"Safinel","description":"","publisher":{"@id":"https:\/\/www.safinel.fr\/#organization"},"potentialAction":[{"@type":"SearchAction","target":{"@type":"EntryPoint","urlTemplate":"https:\/\/www.safinel.fr\/?s={search_term_string}"},"query-input":{"@type":"PropertyValueSpecification","valueRequired":true,"valueName":"search_term_string"}}],"inLanguage":"pt-PT"},{"@type":"Organization","@id":"https:\/\/www.safinel.fr\/#organization","name":"Safinel","url":"https:\/\/www.safinel.fr\/","logo":{"@type":"ImageObject","inLanguage":"pt-PT","@id":"https:\/\/www.safinel.fr\/#\/schema\/logo\/image\/","url":"https:\/\/www.safinel.fr\/wp-content\/uploads\/2021\/05\/boutique-cosmetique.png","contentUrl":"https:\/\/www.safinel.fr\/wp-content\/uploads\/2021\/05\/boutique-cosmetique.png","width":800,"height":200,"caption":"Safinel"},"image":{"@id":"https:\/\/www.safinel.fr\/#\/schema\/logo\/image\/"}}]}},"_links":{"self":[{"href":"https:\/\/www.safinel.fr\/pt\/wp-json\/wp\/v2\/product\/4655","targetHints":{"allow":["GET"]}}],"collection":[{"href":"https:\/\/www.safinel.fr\/pt\/wp-json\/wp\/v2\/product"}],"about":[{"href":"https:\/\/www.safinel.fr\/pt\/wp-json\/wp\/v2\/types\/product"}],"wp:featuredmedia":[{"embeddable":true,"href":"https:\/\/www.safinel.fr\/pt\/wp-json\/wp\/v2\/media\/4651"}],"wp:attachment":[{"href":"https:\/\/www.safinel.fr\/pt\/wp-json\/wp\/v2\/media?parent=4655"}],"wp:term":[{"taxonomy":"product_brand","embeddable":true,"href":"https:\/\/www.safinel.fr\/pt\/wp-json\/wp\/v2\/product_brand?post=4655"},{"taxonomy":"product_cat","embeddable":true,"href":"https:\/\/www.safinel.fr\/pt\/wp-json\/wp\/v2\/product_cat?post=4655"},{"taxonomy":"product_tag","embeddable":true,"href":"https:\/\/www.safinel.fr\/pt\/wp-json\/wp\/v2\/product_tag?post=4655"}],"curies":[{"name":"wp","href":"https:\/\/api.w.org\/{rel}","templated":true}]}}